{"id":6780,"date":"2023-10-07T09:20:34","date_gmt":"2023-10-07T01:20:34","guid":{"rendered":"https:\/\/bokysee.com\/products\/4k-poe-camara-de-seguridad-al-aire-libre-de-la-camara-ip-profesional-proveedor\/"},"modified":"2023-10-07T09:20:34","modified_gmt":"2023-10-07T01:20:34","slug":"4k-poe-security-bullet-camera-outdoor-de-professional-ip-camera-supplier","status":"publish","type":"product","link":"https:\/\/bokysee.com\/ru\/products\/4k-poe-security-bullet-camera-outdoor-de-professional-ip-camera-supplier\/","title":{"rendered":"4K POE \u041a\u0430\u043c\u0435\u0440\u0430 \u0434\u043b\u044f \u043e\u0431\u0435\u0441\u043f\u0435\u0447\u0435\u043d\u0438\u044f \u0431\u0435\u0437\u043e\u043f\u0430\u0441\u043d\u043e\u0441\u0442\u0438 \u0441\u0432\u043e\u0431\u043e\u0434\u043d\u043e\u0433\u043e \u0434\u043e\u0441\u0442\u0443\u043f\u0430 \u043a \u043a\u0430\u043c\u0435\u0440\u0435 \u041f\u0440\u043e\u0444\u0435\u0441\u0441\u0438\u043e\u043d\u0430\u043b\u044c\u043d\u044b\u0439 IP-\u043f\u0440\u043e\u0432\u0430\u0439\u0434\u0435\u0440"},"content":{"rendered":"<p>4K POE \u041a\u0430\u043c\u0435\u0440\u0430 \u0434\u043b\u044f \u043e\u0431\u0435\u0441\u043f\u0435\u0447\u0435\u043d\u0438\u044f \u0431\u0435\u0437\u043e\u043f\u0430\u0441\u043d\u043e\u0441\u0442\u0438 \u0441\u0432\u043e\u0431\u043e\u0434\u043d\u043e\u0433\u043e \u0434\u043e\u0441\u0442\u0443\u043f\u0430 \u043a \u043a\u0430\u043c\u0435\u0440\u0435 \u041f\u0440\u043e\u0444\u0435\u0441\u0441\u0438\u043e\u043d\u0430\u043b\u044c\u043d\u044b\u0439 IP-\u043f\u0440\u043e\u0432\u0430\u0439\u0434\u0435\u0440<\/p>\n<p>\u042d\u043a\u0441\u043f\u0435\u0440\u0438\u043c\u0435\u043d\u0442\u0438\u0440\u0443\u0439\u0442\u0435 \u0441 \u043f\u0440\u0435\u0432\u043e\u0441\u0445\u043e\u0434\u043d\u043e\u0439 \u044d\u0444\u0444\u0435\u043a\u0442\u0438\u0432\u043d\u043e\u0441\u0442\u044c\u044e \u0438 \u0438\u0434\u0435\u0430\u043b\u044c\u043d\u044b\u043c \u043f\u043e\u0434\u043a\u043b\u044e\u0447\u0435\u043d\u0438\u0435\u043c \u0441 \u0440\u0430\u0441\u0448\u0438\u0440\u0435\u043d\u043d\u044b\u043c\u0438 \u043a\u0430\u043c\u0435\u0440\u0430\u043c\u0438 IP POE \u043e\u0442 Bokysee. \u0417\u0430\u0445\u0432\u0430\u0442\u0438\u0442\u0435 \u043a\u0430\u0436\u0434\u0443\u044e \u0434\u0435\u0442\u0430\u043b\u044c \u0441 \u0442\u043e\u0447\u043d\u043e\u0441\u0442\u044c\u044e \u0438 \u043d\u0430\u0440\u0443\u0448\u044c\u0442\u0435 \u043a\u043e\u043d\u0442\u0440\u043e\u043b\u044c, \u0435\u0441\u043b\u0438 \u043e\u043d \u043d\u0435 \u0440\u0430\u0431\u043e\u0442\u0430\u0435\u0442 \u0438\u0437-\u0437\u0430 \u043a\u0430\u043a\u043e\u0433\u043e-\u043b\u0438\u0431\u043e \u0443\u0440\u0430\u0433\u0430\u043d\u0430. \u041b\u0443\u0447\u0448\u0438\u0435 \u043e\u043f\u0435\u0440\u0430\u0446\u0438\u0438 \u0432\u0430\u0448\u0435\u0433\u043e \u043f\u0440\u0435\u0434\u043f\u0440\u0438\u044f\u0442\u0438\u044f \u0441 \u043d\u043e\u0432\u044b\u043c\u0438 \u0440\u0435\u0448\u0435\u043d\u0438\u044f\u043c\u0438 \u043f\u043e \u043e\u0431\u0435\u0441\u043f\u0435\u0447\u0435\u043d\u0438\u044e \u0431\u0435\u0437\u043e\u043f\u0430\u0441\u043d\u043e\u0441\u0442\u0438 \u0438 \u043c\u0430\u0441\u0448\u0442\u0430\u0431\u0438\u0440\u043e\u0432\u0430\u043d\u0438\u044e.<\/p>\n<table width=\"766\">\n<tbody>\n<tr>\n<td colspan=\"2\" width=\"207\">\u041c\u043e\u0434\u0435\u043b\u044c<\/td>\n<td width=\"205\">\u0411\u041a-\u0418\u041f\u041501\u04113\u041c<\/td>\n<td width=\"156\">\u0411\u041a-\u0418\u041f\u041501\u04115\u041c<\/td>\n<td width=\"197\">\u0411\u041a-\u0418\u041f\u041501\u04118\u041c<\/td>\n<\/tr>\n<tr>\n<td colspan=\"2\" width=\"207\">\u0414\u0430\u0442\u0447\u0438\u043a<\/td>\n<td width=\"205\">\u0414\u0430\u0442\u0447\u0438\u043a CMOS 1\/2,9<\/td>\n<td width=\"156\">\u0414\u0430\u0442\u0447\u0438\u043a CMOS 1\/2,8<\/td>\n<td width=\"197\">\u0414\u0430\u0442\u0447\u0438\u043a CMOS 1\/3<\/td>\n<\/tr>\n<tr>\n<td colspan=\"2\" width=\"207\">\u041b\u0435\u043d\u0442\u0435<\/td>\n<td colspan=\"3\" width=\"559\">3,6 \u043c\u043c (6\/8\/12 \u043c\u043c \u043e\u043f\u0446\u0438\u043e\u043d\u0430\u043b\u044c\u043d\u043e)<\/td>\n<\/tr>\n<tr>\n<td colspan=\"2\" width=\"207\">\u041b\u0430\u043c\u043f\u0430\u0440\u0430 \u0418\u041a<\/td>\n<td colspan=\"3\" width=\"559\">4 \u0447\u0430\u0441\u0442\u0438 L\u00e1mpara Array<\/td>\n<\/tr>\n<tr>\n<td colspan=\"2\" width=\"207\">\u041f\u0438\u043a\u0441\u0435\u043b\u044c<\/td>\n<td width=\"205\">3\u041c\u041f<\/td>\n<td width=\"156\">5\u041c\u041f<\/td>\n<td width=\"197\">8\u041c\u041f<\/td>\n<\/tr>\n<tr>\n<td rowspan=\"2\" width=\"92\">C\u00f3digo<\/td>\n<td width=\"115\">\u041a\u043e\u0440\u0440\u0438\u0435\u043d\u0442\u0435 \u0433\u043b\u0430\u0432\u043d\u044b\u0439<\/td>\n<td><a href=\"mailto:2304x1296@20fps\">2304\u00d71296@20 \u043a\u0430\u0434\u0440\u043e\u0432 \u0432 \u0441\u0435\u043a\u0443\u043d\u0434\u0443<\/a><\/td>\n<td width=\"156\">2560*1920@20 \u043a\u0430\u0434\u0440\u043e\u0432 \u0432 \u0441\u0435\u043a\u0443\u043d\u0434\u0443<\/td>\n<td width=\"197\">3840*2160@20 \u043a\u0430\u0434\u0440\u043e\u0432 \u0432 \u0441\u0435\u043a\u0443\u043d\u0434\u0443<\/td>\n<\/tr>\n<tr>\n<td width=\"115\">Subflujo<\/td>\n<td width=\"205\">640*360@25 \u043a\u0430\u0434\u0440\u043e\u0432 \u0432 \u0441\u0435\u043a\u0443\u043d\u0434\u0443<\/td>\n<td width=\"156\">640*360@25 \u043a\u0430\u0434\u0440\u043e\u0432 \u0432 \u0441\u0435\u043a\u0443\u043d\u0434\u0443<\/td>\n<td width=\"197\">640*360@25 \u043a\u0430\u0434\u0440\u043e\u0432 \u0432 \u0441\u0435\u043a\u0443\u043d\u0434\u0443<\/td>\n<\/tr>\n<tr>\n<td colspan=\"2\" width=\"207\">\u041a\u043e\u0434\u0438\u0440\u043e\u0432\u0430\u043d\u0438\u0435 \u0432\u0438\u0434\u0435\u043e<\/td>\n<td colspan=\"3\" width=\"559\">\u041a\u043e\u0434\u0438\u0444\u0438\u043a\u0430\u0446\u0438\u044f \u0432\u0438\u0434\u0435\u043e H.264\/H.265, \u0441\u043e\u0432\u043c\u0435\u0441\u0442\u0438\u043c\u0430\u044f \u0441 \u0434\u0432\u043e\u0439\u043d\u043e\u0439 \u0431\u0435\u0437\u043e\u043f\u0430\u0441\u043d\u043e\u0441\u0442\u044c\u044e<\/td>\n<\/tr>\n<tr>\n<td colspan=\"2\" width=\"207\">SNR<\/td>\n<td colspan=\"3\" width=\"559\">  2D\/3D<\/td>\n<\/tr>\n<tr>\n<td colspan=\"2\" width=\"207\">\u041f\u0435\u0440\u0441\u0438\u0430\u043d\u0430<\/td>\n<td colspan=\"3\" width=\"559\">Autom\u00e1tico<\/td>\n<\/tr>\n<tr>\n<td colspan=\"2\" width=\"207\">Visi\u00f3n nocturna<\/td>\n<td colspan=\"3\" width=\"559\">Inteligente\/Infrarrojos\/\u0426\u0432\u0435\u0442 Todo (\u043e\u043f\u0446\u0438\u043e\u043d\u0430\u043b\u044c\u043d\u043e)<\/td>\n<\/tr>\n<tr>\n<td colspan=\"2\" width=\"207\">\u0420\u0430\u0441\u0441\u0442\u043e\u044f\u043d\u0438\u0435 \u0418\u041a<\/td>\n<td colspan=\"3\" width=\"559\">30 \u043c\u0435\u0442\u0440\u043e\u0432 (\u041c\u0410\u041a\u0421.)<\/td>\n<\/tr>\n<tr>\n<td colspan=\"2\" width=\"207\">\u0412\u0414\u0420<\/td>\n<td colspan=\"3\" width=\"559\">\u041f\u043e\u0434\u0434\u0435\u0440\u0436\u043a\u0430 \u0446\u0438\u0444\u0440\u043e\u0432\u043e\u0433\u043e \u0443\u0441\u0438\u043b\u0435\u043d\u0438\u044f \u0434\u0438\u043d\u0430\u043c\u0438\u0447\u0435\u0441\u043a\u043e\u0433\u043e \u0434\u0438\u0430\u043f\u0430\u0437\u043e\u043d\u0430<\/td>\n<\/tr>\n<tr>\n<td colspan=\"2\" width=\"207\">\u0412\u0445\u043e\u0434 \u0430\u0443\u0434\u0438\u043e<\/td>\n<td colspan=\"3\" width=\"559\">\u041d\/\u0414 (\u0432\u0445\u043e\u0434 \u043c\u0438\u043a\u0440\u043e\u0444\u043e\u043d\u0430 \u043d\u0430 1 \u043a\u0430\u043d\u0430\u043b \u043e\u043f\u0446\u0438\u043e\u043d\u0430\u043b\u044c\u043d\u043e)<\/td>\n<\/tr>\n<tr>\n<td colspan=\"2\" width=\"207\">\u0412\u044b\u0445\u043e\u0434 \u0430\u0443\u0434\u0438\u043e<\/td>\n<td colspan=\"3\" width=\"559\">\u041d\/\u0414 (\u0432\u044b\u0445\u043e\u0434 \u043d\u0430 1 \u043a\u0430\u043d\u0430\u043b \u043e\u043f\u0446\u0438\u043e\u043d\u0430\u043b\u044c\u043d\u043e)<\/td>\n<\/tr>\n<tr>\n<td colspan=\"2\" width=\"207\">\u041f\u0440\u043e\u0442\u043e\u043a\u043e\u043b \u043a\u0440\u0430\u0441\u043d\u044b\u0439<\/td>\n<td colspan=\"3\" width=\"559\">HTTP, HTTPS, TCP, IPv4, IPv6, UDP, RTSP, ICMP, RTP, DHCP, ARP, DNS, QoS<\/td>\n<\/tr>\n<tr>\n<td colspan=\"2\" width=\"207\">\u0424\u0443\u043d\u043a\u0446\u0438\u044f<\/td>\n<td colspan=\"3\" width=\"559\">\u041e\u0431\u043d\u0430\u0440\u0443\u0436\u0435\u043d\u0438\u0435 \u0433\u0443\u043c\u0430\u043d\u043e\u0438\u0434\u0430, \u043e\u0431\u043d\u0430\u0440\u0443\u0436\u0435\u043d\u0438\u0435 \u0434\u0432\u0438\u0436\u0435\u043d\u0438\u044f; \u0441\u043e\u043e\u0431\u0449\u0435\u043d\u0438\u0435 \u0441 \u0438\u043d\u0444\u043e\u0440\u043c\u0430\u0446\u0438\u0435\u0439 \u043e \u0442\u0440\u0435\u0432\u043e\u0433\u0435; \u043f\u0440\u0438\u043d\u044f\u0442\u044c \u0437\u0430\u0445\u0432\u0430\u0442 MJPEG; \u0434\u043e\u0441\u0442\u0443\u043f \u043a \u043c\u043e\u0431\u0438\u043b\u044c\u043d\u043e\u043c\u0443 \u0442\u0435\u043b\u0435\u0444\u043e\u043d\u0443, \u0443\u0434\u0430\u043b\u0435\u043d\u043d\u044b\u0439 \u043c\u043e\u043d\u0438\u0442\u043e\u0440\u0438\u043d\u0433 \u043a\u043b\u0438\u0435\u043d\u0442\u043e\u0432 \u0447\u0435\u0440\u0435\u0437 WEB<\/td>\n<\/tr>\n<tr>\n<td colspan=\"2\" width=\"207\">\u0410\u043a\u0443\u044d\u0440\u0434\u043e<\/td>\n<td colspan=\"3\" width=\"559\">\u0421\u043e\u0432\u043c\u0435\u0441\u0442\u0438\u043c\u043e\u0441\u0442\u044c \u0441 ONVIF \u0438 \u0447\u0430\u0441\u0442\u043d\u044b\u043c\u0438 \u043f\u0440\u043e\u0442\u043e\u043a\u043e\u043b\u0430\u043c\u0438<\/td>\n<\/tr>\n<tr>\n<td colspan=\"2\" width=\"207\">\u041f\u0443\u044d\u0440\u0442\u043e \u0434\u0435 \u0420\u0435\u0434<\/td>\n<td colspan=\"3\" width=\"559\">RJ45(10\/100Base-T)<\/td>\n<\/tr>\n<tr>\n<td colspan=\"2\" width=\"207\">\u0418\u0441\u0442\u043e\u0447\u043d\u0438\u043a \u043f\u0438\u0442\u0430\u043d\u0438\u044f<\/td>\n<td colspan=\"3\" width=\"559\">\u041f\u0438\u0442\u0430\u043d\u0438\u0435 DC12V\/POE<\/td>\n<\/tr>\n<tr>\n<td colspan=\"2\" width=\"207\">\u041d\u0435\u043f\u0440\u043e\u043d\u0438\u0446\u0430\u0435\u043c\u044b\u0439<\/td>\n<td colspan=\"3\" width=\"559\">IP66<\/td>\n<\/tr>\n<tr>\n<td colspan=\"2\" width=\"207\">\u041c\u0430\u0442\u0435\u0440\u0438\u0430\u043b<\/td>\n<td colspan=\"3\" width=\"559\">\u041c\u0435\u0442\u0430\u043b\u043b\u0438\u0447\u0435\u0441\u043a\u0430\u044f \u0444\u0440\u043e\u043d\u0442\u0430\u043b\u044c\u043d\u0430\u044f \u0442\u0430\u043f\u043a\u0430+\u043f\u043b\u0430\u0441\u0442\u0438\u043a\u043e\u0432\u0430\u044f \u043b\u0435\u043d\u0442\u0430+\u043c\u0435\u0442\u0430\u043b\u043b\u0438\u0447\u0435\u0441\u043a\u0430\u044f \u043f\u043e\u0434\u043a\u043b\u0430\u0434\u043a\u0430<\/td>\n<\/tr>\n<tr>\n<td colspan=\"2\" width=\"207\">\u041d\u0430\u0447\u0430\u043b\u043e \u0440\u0430\u0431\u043e\u0442\u044b<\/td>\n<td colspan=\"3\" width=\"559\">\u0422\u0435\u043c\u043f\u0435\u0440\u0430\u0442\u0443\u0440\u0430: -4\u00b0F~140\u00b0F, \u0442\u0435\u043c\u043f\u0435\u0440\u0430\u0442\u0443\u0440\u0430: 10% ~ 90% (\u0431\u0435\u0437 \u043a\u043e\u043d\u0434\u0435\u043d\u0441\u0430\u0446\u0438\u0438)<\/td>\n<\/tr>\n<tr>\n<td colspan=\"2\" width=\"207\">\u041a\u043e\u043b\u0438\u0447\u0435\u0441\u0442\u0432\u043e \u043f\u0440\u043e\u0434\u0443\u043a\u0442\u0430<\/td>\n<td colspan=\"3\" width=\"559\">194*102*98\u043c\u043c<\/td>\n<\/tr>\n<tr>\n<td colspan=\"2\" width=\"207\">Embalaje Tama\u00f1o\/Peso<\/td>\n<td colspan=\"3\" width=\"559\">54*43*47\u0441\u043c \/50\u0448\u0442<\/td>\n<\/tr>\n<\/tbody>\n<\/table>\n<p>&nbsp;<\/p>\n<p>&nbsp;<\/p>\n<p>&nbsp;<\/p>\n<p>&nbsp;<\/p>\n<p>&nbsp;<\/p>\n<p>&nbsp;<\/p>","protected":false},"excerpt":{"rendered":"<p>\u041c\u0435\u0442\u0430\u043b\u043b+\u043f\u043b\u0430\u0441\u0442\u0438\u043a \u041a\u0430\u043c\u0430\u0440\u0430 IP Bullet POE<br \/>\n\u25cf \u0420\u0430\u0437\u0440\u0435\u0448\u0435\u043d\u0438\u0435: 2,0 \u041c\u041f\/3,0 \u041c\u041f\/5,0 \u041c\u041f\/8,0 \u041c\u041f.<br \/>\n\u25cf \u041b\u0438\u043d\u0437\u0430: 3,6MM<br \/>\n\u25cf 4 \u0441\u0432\u0435\u0442\u043e\u0434\u0438\u043e\u0434\u043d\u044b\u0445 \u0418\u041a-\u043c\u0430\u0442\u0440\u0438\u0446\u044b<br \/>\n\u25cf \u0423\u0441\u0442\u043e\u0439\u0447\u0438\u0432\u043e\u0441\u0442\u044c \u043a \u0432\u043e\u0434\u0435 IP66.<br \/>\n\u25cf \u0414\u0438\u0430\u043c\u0435\u0442\u0440 \u0438 \u043d\u043e\u0447\u044c: \u0426\u0432\u0435\u0442\/\u0427\u0411 (\u043e\u043f\u0446\u0438\u043e\u043d\u0430\u043b\u044c\u043d\u043e \u0438\u043d\u0442\u0435\u043b\u043b\u0435\u043a\u0442\u0443\u0430\u043b\u044c\u043d\u044b\u0439 \u0440\u0435\u0436\u0438\u043c)<br \/>\n\u25cf \u041f\u0438\u0442\u0430\u043d\u0438\u0435: POE\/DC12V-1A.<br \/>\n\u25cf \u0410\u0443\u0434\u0438\u043e: N\/A (\u043e\u043f\u0446\u0438\u043e\u043d\u0430\u043b\u044c\u043d\u043e)<br \/>\n\u25cf \u041f\u043e\u0434\u0434\u0435\u0440\u0436\u043a\u0430 Onvif<\/p>","protected":false},"featured_media":6461,"template":"","meta":[],"product_brand":[],"product_cat":[],"product_tag":[732,815,816,814],"class_list":{"0":"post-6780","1":"product","2":"type-product","3":"status-publish","4":"has-post-thumbnail","6":"product_tag-camara-de-seguridad-poe","7":"product_tag-camara-poe","8":"product_tag-camara-poe-exterior-es","9":"product_tag-proveedor-de-camaras-ip","11":"first","12":"instock","13":"shipping-taxable","14":"product-type-simple"},"acf":[],"yoast_head":"<!-- This site is optimized with the Yoast SEO Premium plugin v20.2.1 (Yoast SEO v26.1.1) - https:\/\/yoast.com\/wordpress\/plugins\/seo\/ -->\n<title>4K POE C\u00e1mara de seguridad al aire libre de la c\u00e1mara IP profesional Proveedor - Bokysee Technology Co.,LTD<\/title>\n<meta name=\"description\" content=\"Las c\u00e1maras de seguridad IP Bokysee se conectan a un grabador de v\u00eddeo en red (NVR) y ofrecen grabaci\u00f3n profesional en 4K y detecci\u00f3n inteligente de movimiento.\" \/>\n<meta name=\"robots\" content=\"index, follow, max-snippet:-1, max-image-preview:large, max-video-preview:-1\" \/>\n<link rel=\"canonical\" href=\"https:\/\/bokysee.com\/ru\/products\/4k-poe-camara-de-seguridad-al-aire-libre-de-la-camara-ip-profesional-proveedor\/\" \/>\n<meta property=\"og:locale\" content=\"ru_RU\" \/>\n<meta property=\"og:type\" content=\"article\" \/>\n<meta property=\"og:title\" content=\"4K POE C\u00e1mara de seguridad al aire libre de la c\u00e1mara IP profesional Proveedor\" \/>\n<meta property=\"og:description\" content=\"Las c\u00e1maras de seguridad IP Bokysee se conectan a un grabador de v\u00eddeo en red (NVR) y ofrecen grabaci\u00f3n profesional en 4K y detecci\u00f3n inteligente de movimiento.\" \/>\n<meta property=\"og:url\" content=\"https:\/\/bokysee.com\/ru\/products\/4k-poe-camara-de-seguridad-al-aire-libre-de-la-camara-ip-profesional-proveedor\/\" \/>\n<meta property=\"og:site_name\" content=\"Bokysee Technology Co.,LTD\" \/>\n<meta property=\"og:image\" content=\"https:\/\/bokysee.com\/wp-content\/uploads\/2023\/10\/A44.jpg\" \/>\n\t<meta property=\"og:image:width\" content=\"800\" \/>\n\t<meta property=\"og:image:height\" content=\"800\" \/>\n\t<meta property=\"og:image:type\" content=\"image\/jpeg\" \/>\n<meta name=\"twitter:card\" content=\"summary_large_image\" \/>\n<meta name=\"twitter:label1\" content=\"\u041f\u0440\u0438\u043c\u0435\u0440\u043d\u043e\u0435 \u0432\u0440\u0435\u043c\u044f \u0434\u043b\u044f \u0447\u0442\u0435\u043d\u0438\u044f\" \/>\n\t<meta name=\"twitter:data1\" content=\"1 \u043c\u0438\u043d\u0443\u0442\u0430\" \/>\n<script type=\"application\/ld+json\" class=\"yoast-schema-graph\">{\"@context\":\"https:\/\/schema.org\",\"@graph\":[{\"@type\":\"WebPage\",\"@id\":\"https:\/\/bokysee.com\/es\/products\/4k-poe-camara-de-seguridad-al-aire-libre-de-la-camara-ip-profesional-proveedor\/\",\"url\":\"https:\/\/bokysee.com\/es\/products\/4k-poe-camara-de-seguridad-al-aire-libre-de-la-camara-ip-profesional-proveedor\/\",\"name\":\"4K POE C\u00e1mara de seguridad al aire libre de la c\u00e1mara IP profesional Proveedor - Bokysee Technology Co.,LTD\",\"isPartOf\":{\"@id\":\"https:\/\/bokysee.com\/#website\"},\"primaryImageOfPage\":{\"@id\":\"https:\/\/bokysee.com\/es\/products\/4k-poe-camara-de-seguridad-al-aire-libre-de-la-camara-ip-profesional-proveedor\/#primaryimage\"},\"image\":{\"@id\":\"https:\/\/bokysee.com\/es\/products\/4k-poe-camara-de-seguridad-al-aire-libre-de-la-camara-ip-profesional-proveedor\/#primaryimage\"},\"thumbnailUrl\":\"https:\/\/bokysee.com\/wp-content\/uploads\/2023\/10\/A44.jpg\",\"datePublished\":\"2023-10-07T01:20:34+00:00\",\"description\":\"Las c\u00e1maras de seguridad IP Bokysee se conectan a un grabador de v\u00eddeo en red (NVR) y ofrecen grabaci\u00f3n profesional en 4K y detecci\u00f3n inteligente de movimiento.\",\"breadcrumb\":{\"@id\":\"https:\/\/bokysee.com\/es\/products\/4k-poe-camara-de-seguridad-al-aire-libre-de-la-camara-ip-profesional-proveedor\/#breadcrumb\"},\"inLanguage\":\"ru-RU\",\"potentialAction\":[{\"@type\":\"ReadAction\",\"target\":[\"https:\/\/bokysee.com\/es\/products\/4k-poe-camara-de-seguridad-al-aire-libre-de-la-camara-ip-profesional-proveedor\/\"]}]},{\"@type\":\"ImageObject\",\"inLanguage\":\"ru-RU\",\"@id\":\"https:\/\/bokysee.com\/es\/products\/4k-poe-camara-de-seguridad-al-aire-libre-de-la-camara-ip-profesional-proveedor\/#primaryimage\",\"url\":\"https:\/\/bokysee.com\/wp-content\/uploads\/2023\/10\/A44.jpg\",\"contentUrl\":\"https:\/\/bokysee.com\/wp-content\/uploads\/2023\/10\/A44.jpg\",\"width\":800,\"height\":800},{\"@type\":\"BreadcrumbList\",\"@id\":\"https:\/\/bokysee.com\/es\/products\/4k-poe-camara-de-seguridad-al-aire-libre-de-la-camara-ip-profesional-proveedor\/#breadcrumb\",\"itemListElement\":[{\"@type\":\"ListItem\",\"position\":1,\"name\":\"Home\",\"item\":\"https:\/\/bokysee.com\/\"},{\"@type\":\"ListItem\",\"position\":2,\"name\":\"Products\",\"item\":\"https:\/\/bokysee.com\/products\/\"},{\"@type\":\"ListItem\",\"position\":3,\"name\":\"4K POE C\u00e1mara de seguridad al aire libre de la c\u00e1mara IP profesional Proveedor\"}]},{\"@type\":\"WebSite\",\"@id\":\"https:\/\/bokysee.com\/#website\",\"url\":\"https:\/\/bokysee.com\/\",\"name\":\"Bokysee Technology Co.,LTD\",\"description\":\"Professional Smart Indoor and Outdoor Security Cameras Solution Supplier\",\"potentialAction\":[{\"@type\":\"SearchAction\",\"target\":{\"@type\":\"EntryPoint\",\"urlTemplate\":\"https:\/\/bokysee.com\/?s={search_term_string}\"},\"query-input\":{\"@type\":\"PropertyValueSpecification\",\"valueRequired\":true,\"valueName\":\"search_term_string\"}}],\"inLanguage\":\"ru-RU\"}]}<\/script>\n<!-- \/ Yoast SEO Premium plugin. -->","yoast_head_json":{"title":"4K POE C\u00e1mara de seguridad al aire libre de la c\u00e1mara IP profesional Proveedor - Bokysee Technology Co.,LTD","description":"Las c\u00e1maras de seguridad IP Bokysee se conectan a un grabador de v\u00eddeo en red (NVR) y ofrecen grabaci\u00f3n profesional en 4K y detecci\u00f3n inteligente de movimiento.","robots":{"index":"index","follow":"follow","max-snippet":"max-snippet:-1","max-image-preview":"max-image-preview:large","max-video-preview":"max-video-preview:-1"},"canonical":"https:\/\/bokysee.com\/ru\/products\/4k-poe-camara-de-seguridad-al-aire-libre-de-la-camara-ip-profesional-proveedor\/","og_locale":"ru_RU","og_type":"article","og_title":"4K POE C\u00e1mara de seguridad al aire libre de la c\u00e1mara IP profesional Proveedor","og_description":"Las c\u00e1maras de seguridad IP Bokysee se conectan a un grabador de v\u00eddeo en red (NVR) y ofrecen grabaci\u00f3n profesional en 4K y detecci\u00f3n inteligente de movimiento.","og_url":"https:\/\/bokysee.com\/ru\/products\/4k-poe-camara-de-seguridad-al-aire-libre-de-la-camara-ip-profesional-proveedor\/","og_site_name":"Bokysee Technology Co.,LTD","og_image":[{"width":800,"height":800,"url":"https:\/\/bokysee.com\/wp-content\/uploads\/2023\/10\/A44.jpg","type":"image\/jpeg"}],"twitter_card":"summary_large_image","twitter_misc":{"\u041f\u0440\u0438\u043c\u0435\u0440\u043d\u043e\u0435 \u0432\u0440\u0435\u043c\u044f \u0434\u043b\u044f \u0447\u0442\u0435\u043d\u0438\u044f":"1 \u043c\u0438\u043d\u0443\u0442\u0430"},"schema":{"@context":"https:\/\/schema.org","@graph":[{"@type":"WebPage","@id":"https:\/\/bokysee.com\/es\/products\/4k-poe-camara-de-seguridad-al-aire-libre-de-la-camara-ip-profesional-proveedor\/","url":"https:\/\/bokysee.com\/es\/products\/4k-poe-camara-de-seguridad-al-aire-libre-de-la-camara-ip-profesional-proveedor\/","name":"4K POE C\u00e1mara de seguridad al aire libre de la c\u00e1mara IP profesional Proveedor - Bokysee Technology Co.,LTD","isPartOf":{"@id":"https:\/\/bokysee.com\/#website"},"primaryImageOfPage":{"@id":"https:\/\/bokysee.com\/es\/products\/4k-poe-camara-de-seguridad-al-aire-libre-de-la-camara-ip-profesional-proveedor\/#primaryimage"},"image":{"@id":"https:\/\/bokysee.com\/es\/products\/4k-poe-camara-de-seguridad-al-aire-libre-de-la-camara-ip-profesional-proveedor\/#primaryimage"},"thumbnailUrl":"https:\/\/bokysee.com\/wp-content\/uploads\/2023\/10\/A44.jpg","datePublished":"2023-10-07T01:20:34+00:00","description":"Las c\u00e1maras de seguridad IP Bokysee se conectan a un grabador de v\u00eddeo en red (NVR) y ofrecen grabaci\u00f3n profesional en 4K y detecci\u00f3n inteligente de movimiento.","breadcrumb":{"@id":"https:\/\/bokysee.com\/es\/products\/4k-poe-camara-de-seguridad-al-aire-libre-de-la-camara-ip-profesional-proveedor\/#breadcrumb"},"inLanguage":"ru-RU","potentialAction":[{"@type":"ReadAction","target":["https:\/\/bokysee.com\/es\/products\/4k-poe-camara-de-seguridad-al-aire-libre-de-la-camara-ip-profesional-proveedor\/"]}]},{"@type":"ImageObject","inLanguage":"ru-RU","@id":"https:\/\/bokysee.com\/es\/products\/4k-poe-camara-de-seguridad-al-aire-libre-de-la-camara-ip-profesional-proveedor\/#primaryimage","url":"https:\/\/bokysee.com\/wp-content\/uploads\/2023\/10\/A44.jpg","contentUrl":"https:\/\/bokysee.com\/wp-content\/uploads\/2023\/10\/A44.jpg","width":800,"height":800},{"@type":"BreadcrumbList","@id":"https:\/\/bokysee.com\/es\/products\/4k-poe-camara-de-seguridad-al-aire-libre-de-la-camara-ip-profesional-proveedor\/#breadcrumb","itemListElement":[{"@type":"ListItem","position":1,"name":"Home","item":"https:\/\/bokysee.com\/"},{"@type":"ListItem","position":2,"name":"Products","item":"https:\/\/bokysee.com\/products\/"},{"@type":"ListItem","position":3,"name":"4K POE C\u00e1mara de seguridad al aire libre de la c\u00e1mara IP profesional Proveedor"}]},{"@type":"WebSite","@id":"https:\/\/bokysee.com\/#website","url":"https:\/\/bokysee.com\/","name":"Bokysee Technology Co.,LTD","description":"Professional Smart Indoor and Outdoor Security Cameras Solution Supplier","potentialAction":[{"@type":"SearchAction","target":{"@type":"EntryPoint","urlTemplate":"https:\/\/bokysee.com\/?s={search_term_string}"},"query-input":{"@type":"PropertyValueSpecification","valueRequired":true,"valueName":"search_term_string"}}],"inLanguage":"ru-RU"}]}},"_links":{"self":[{"href":"https:\/\/bokysee.com\/ru\/wp-json\/wp\/v2\/product\/6780","targetHints":{"allow":["GET"]}}],"collection":[{"href":"https:\/\/bokysee.com\/ru\/wp-json\/wp\/v2\/product"}],"about":[{"href":"https:\/\/bokysee.com\/ru\/wp-json\/wp\/v2\/types\/product"}],"version-history":[{"count":0,"href":"https:\/\/bokysee.com\/ru\/wp-json\/wp\/v2\/product\/6780\/revisions"}],"wp:featuredmedia":[{"embeddable":true,"href":"https:\/\/bokysee.com\/ru\/wp-json\/wp\/v2\/media\/6461"}],"wp:attachment":[{"href":"https:\/\/bokysee.com\/ru\/wp-json\/wp\/v2\/media?parent=6780"}],"wp:term":[{"taxonomy":"product_brand","embeddable":true,"href":"https:\/\/bokysee.com\/ru\/wp-json\/wp\/v2\/product_brand?post=6780"},{"taxonomy":"product_cat","embeddable":true,"href":"https:\/\/bokysee.com\/ru\/wp-json\/wp\/v2\/product_cat?post=6780"},{"taxonomy":"product_tag","embeddable":true,"href":"https:\/\/bokysee.com\/ru\/wp-json\/wp\/v2\/product_tag?post=6780"}],"curies":[{"name":"wp","href":"https:\/\/api.w.org\/{rel}","templated":true}]}}