{"id":6724,"date":"2023-10-07T11:07:47","date_gmt":"2023-10-07T03:07:47","guid":{"rendered":"https:\/\/bokysee.com\/products\/el-mejor-sistema-de-camaras-de-seguridad-poe-tipo-bala-para-exteriores-con-wdr-y-reduccion-de-ruido-digital\/"},"modified":"2023-10-07T11:07:47","modified_gmt":"2023-10-07T03:07:47","slug":"mejor-sistema-de-camara-de-seguridad-para-exterior-con-wdr-y-reduccion-digital-del-ruido","status":"publish","type":"product","link":"https:\/\/bokysee.com\/ru\/products\/mejor-sistema-de-camara-de-seguridad-para-exterior-con-wdr-y-reduccion-digital-del-ruido\/","title":{"rendered":"\u041b\u0443\u0447\u0448\u0430\u044f \u0441\u0438\u0441\u0442\u0435\u043c\u0430 \u043a\u0430\u043c\u0435\u0440 \u0431\u0435\u0437\u043e\u043f\u0430\u0441\u043d\u043e\u0441\u0442\u0438 PoE, \u0442\u0438\u043f\u043e \u0431\u0430\u043b\u0430 \u0434\u043b\u044f \u0432\u043d\u0435\u0448\u043d\u0438\u0445 \u0443\u0441\u0442\u0440\u043e\u0439\u0441\u0442\u0432 \u0441 WDR \u0438 \u0443\u043c\u0435\u043d\u044c\u0448\u0435\u043d\u0438\u0435\u043c \u0446\u0438\u0444\u0440\u043e\u0432\u043e\u0433\u043e \u0443\u043f\u0440\u0430\u0432\u043b\u0435\u043d\u0438\u044f"},"content":{"rendered":"<p>\u041b\u0443\u0447\u0448\u0430\u044f \u0441\u0438\u0441\u0442\u0435\u043c\u0430 \u043a\u0430\u043c\u0435\u0440 \u0431\u0435\u0437\u043e\u043f\u0430\u0441\u043d\u043e\u0441\u0442\u0438 PoE, \u0442\u0438\u043f\u043e \u0431\u0430\u043b\u0430 \u0434\u043b\u044f \u0432\u043d\u0435\u0448\u043d\u0438\u0445 \u0443\u0441\u0442\u0440\u043e\u0439\u0441\u0442\u0432 \u0441 WDR \u0438 \u0443\u043c\u0435\u043d\u044c\u0448\u0435\u043d\u0438\u0435\u043c \u0446\u0438\u0444\u0440\u043e\u0432\u043e\u0433\u043e \u0443\u043f\u0440\u0430\u0432\u043b\u0435\u043d\u0438\u044f<\/p>\n<p>\u0414\u043e\u043c\u0430\u0448\u043d\u044f\u044f \u0441\u0438\u0441\u0442\u0435\u043c\u0430 \u0431\u0435\u0437\u043e\u043f\u0430\u0441\u043d\u043e\u0441\u0442\u0438 Power-over-Ethernet (PoE) \u043d\u0435 \u044f\u0432\u043b\u044f\u0435\u0442\u0441\u044f \u0434\u0440\u0443\u0433\u043e\u0439 \u0441\u0438\u0441\u0442\u0435\u043c\u043e\u0439 \u0431\u0435\u0437\u043e\u043f\u0430\u0441\u043d\u043e\u0441\u0442\u0438. \u0420\u0430\u0437\u0440\u0435\u0448\u0430\u0435\u0442\u0441\u044f \u0441\u043b\u0435\u0434\u0438\u0442\u044c \u0437\u0430 \u0432\u0445\u043e\u0434\u043e\u043c \u0432 \u0441\u043e\u0435\u0434\u0438\u043d\u0435\u043d\u0438\u0435 \u0441 \u043a\u0430\u043c\u0435\u0440\u0430\u043c\u0438 \u043f\u0440\u043e\u0442\u043e\u043a\u043e\u043b\u0430 \u0418\u043d\u0442\u0435\u0440\u043d\u0435\u0442\u0430 (IP), \u0435\u0441\u043b\u0438 \u043f\u043e\u0434\u043a\u043b\u044e\u0447\u0435\u043d \u043a \u043a\u0440\u0430\u0441\u043d\u043e\u043c\u0443 \u0432\u0438\u0434\u0435\u043e\u0437\u0430\u0445\u0432\u0430\u0442\u0443 (NVR) \u0438 \u0447\u0435\u0440\u0435\u0437 \u0443\u043d\u0438\u043a\u0430\u043b\u044c\u043d\u044b\u0439 \u043a\u0430\u0431\u0435\u043b\u044c Ethernet, \u043a\u043e\u0442\u043e\u0440\u044b\u0439 \u043f\u043e\u0442\u0440\u0435\u0431\u043b\u044f\u0435\u0442 \u044d\u043b\u0435\u043a\u0442\u0440\u0438\u0447\u0435\u0441\u043a\u0443\u044e \u044d\u043d\u0435\u0440\u0433\u0438\u044e, \u043a\u0430\u043a \u043a\u0440\u0430\u0441\u043d\u044b\u0439 \u0440\u0430\u0437\u044a\u0435\u043c. \u0422\u0435\u0445\u043d\u043e\u043b\u043e\u0433\u0438\u044f PoE \u0443\u043f\u0440\u043e\u0449\u0430\u0435\u0442 \u043e\u0431\u0441\u043b\u0443\u0436\u0438\u0432\u0430\u043d\u0438\u0435 \u0438 \u0443\u0441\u0442\u0430\u043d\u043e\u0432\u043a\u0443 \u0441\u0438\u0441\u0442\u0435\u043c\u044b \u0431\u0435\u0437\u043e\u043f\u0430\u0441\u043d\u043e\u0441\u0442\u0438.<\/p>\n<table width=\"766\">\n<tbody>\n<tr>\n<td colspan=\"2\" width=\"207\">\u041c\u043e\u0434\u0435\u043b\u044c<\/td>\n<td width=\"205\">\u0411\u041a-\u0418\u041f\u041505\u04113\u041c<\/td>\n<td width=\"156\">\u0411\u041a-\u0418\u041f\u041505\u04115\u041c<\/td>\n<td width=\"197\">\u0411\u041a-\u0418\u041f\u041505\u04118\u041c<\/td>\n<\/tr>\n<tr>\n<td colspan=\"2\" width=\"207\">\u0414\u0430\u0442\u0447\u0438\u043a<\/td>\n<td width=\"205\">\u0414\u0430\u0442\u0447\u0438\u043a CMOS 1\/2,9<\/td>\n<td width=\"156\">\u0414\u0430\u0442\u0447\u0438\u043a CMOS 1\/2,8<\/td>\n<td width=\"197\">\u0414\u0430\u0442\u0447\u0438\u043a CMOS 1\/3<\/td>\n<\/tr>\n<tr>\n<td colspan=\"2\" width=\"207\">\u041b\u0435\u043d\u0442\u0435<\/td>\n<td colspan=\"3\" width=\"559\">3,6 \u043c\u043c (6\/8\/12 \u043c\u043c \u043e\u043f\u0446\u0438\u043e\u043d\u0430\u043b\u044c\u043d\u043e)<\/td>\n<\/tr>\n<tr>\n<td colspan=\"2\" width=\"207\">\u041b\u0430\u043c\u043f\u0430\u0440\u0430 \u0418\u041a<\/td>\n<td colspan=\"3\" width=\"559\">2 \u0447\u0430\u0441\u0442\u0438 L\u00e1mpara Array<\/td>\n<\/tr>\n<tr>\n<td colspan=\"2\" width=\"207\">\u041f\u0438\u043a\u0441\u0435\u043b\u044c<\/td>\n<td width=\"205\">3\u041c\u041f<\/td>\n<td width=\"156\">5\u041c\u041f<\/td>\n<td width=\"197\">8\u041c\u041f<\/td>\n<\/tr>\n<tr>\n<td rowspan=\"2\" width=\"92\">C\u00f3digo<\/td>\n<td width=\"115\">\u041a\u043e\u0440\u0440\u0438\u0435\u043d\u0442\u0435 \u0433\u043b\u0430\u0432\u043d\u044b\u0439<\/td>\n<td><a href=\"mailto:2304x1296@20fps\">2304\u00d71296@20 \u043a\u0430\u0434\u0440\u043e\u0432 \u0432 \u0441\u0435\u043a\u0443\u043d\u0434\u0443<\/a><\/td>\n<td width=\"156\">2560*1920@20 \u043a\u0430\u0434\u0440\u043e\u0432 \u0432 \u0441\u0435\u043a\u0443\u043d\u0434\u0443<\/td>\n<td width=\"197\">3840*2160@20 \u043a\u0430\u0434\u0440\u043e\u0432 \u0432 \u0441\u0435\u043a\u0443\u043d\u0434\u0443<\/td>\n<\/tr>\n<tr>\n<td width=\"115\">Subflujo<\/td>\n<td width=\"205\">640*360@25 \u043a\u0430\u0434\u0440\u043e\u0432 \u0432 \u0441\u0435\u043a\u0443\u043d\u0434\u0443<\/td>\n<td width=\"156\">640*360@25 \u043a\u0430\u0434\u0440\u043e\u0432 \u0432 \u0441\u0435\u043a\u0443\u043d\u0434\u0443<\/td>\n<td width=\"197\">640*360@25 \u043a\u0430\u0434\u0440\u043e\u0432 \u0432 \u0441\u0435\u043a\u0443\u043d\u0434\u0443<\/td>\n<\/tr>\n<tr>\n<td colspan=\"2\" width=\"207\">\u041a\u043e\u0434\u0438\u0440\u043e\u0432\u0430\u043d\u0438\u0435 \u0432\u0438\u0434\u0435\u043e<\/td>\n<td colspan=\"3\" width=\"559\">\u041a\u043e\u0434\u0438\u0444\u0438\u043a\u0430\u0446\u0438\u044f \u0432\u0438\u0434\u0435\u043e H.264\/H.265, \u0441\u043e\u0432\u043c\u0435\u0441\u0442\u0438\u043c\u0430\u044f \u0441 \u0434\u0432\u043e\u0439\u043d\u043e\u0439 \u0431\u0435\u0437\u043e\u043f\u0430\u0441\u043d\u043e\u0441\u0442\u044c\u044e<\/td>\n<\/tr>\n<tr>\n<td colspan=\"2\" width=\"207\">SNR<\/td>\n<td colspan=\"3\" width=\"559\">  2D\/3D<\/td>\n<\/tr>\n<tr>\n<td colspan=\"2\" width=\"207\">\u041f\u0435\u0440\u0441\u0438\u0430\u043d\u0430<\/td>\n<td colspan=\"3\" width=\"559\">Autom\u00e1tico<\/td>\n<\/tr>\n<tr>\n<td colspan=\"2\" width=\"207\">Visi\u00f3n nocturna<\/td>\n<td colspan=\"3\" width=\"559\">Inteligente\/Infrarrojos\/\u0426\u0432\u0435\u0442 Todo (\u043e\u043f\u0446\u0438\u043e\u043d\u0430\u043b\u044c\u043d\u043e)<\/td>\n<\/tr>\n<tr>\n<td colspan=\"2\" width=\"207\">\u0420\u0430\u0441\u0441\u0442\u043e\u044f\u043d\u0438\u0435 \u0418\u041a<\/td>\n<td colspan=\"3\" width=\"559\">20 \u043c\u0435\u0442\u0440\u043e\u0432 (\u041c\u0410\u041a\u0421.)<\/td>\n<\/tr>\n<tr>\n<td colspan=\"2\" width=\"207\">\u0412\u0414\u0420<\/td>\n<td colspan=\"3\" width=\"559\">\u041f\u043e\u0434\u0434\u0435\u0440\u0436\u043a\u0430 \u0446\u0438\u0444\u0440\u043e\u0432\u043e\u0433\u043e \u0443\u0441\u0438\u043b\u0435\u043d\u0438\u044f \u0434\u0438\u043d\u0430\u043c\u0438\u0447\u0435\u0441\u043a\u043e\u0433\u043e \u0434\u0438\u0430\u043f\u0430\u0437\u043e\u043d\u0430<\/td>\n<\/tr>\n<tr>\n<td colspan=\"2\" width=\"207\">\u0412\u0445\u043e\u0434 \u0430\u0443\u0434\u0438\u043e<\/td>\n<td colspan=\"3\" width=\"559\">\u041d\/\u0414 (\u0432\u0445\u043e\u0434 \u043c\u0438\u043a\u0440\u043e\u0444\u043e\u043d\u0430 \u043d\u0430 1 \u043a\u0430\u043d\u0430\u043b \u043e\u043f\u0446\u0438\u043e\u043d\u0430\u043b\u044c\u043d\u043e)<\/td>\n<\/tr>\n<tr>\n<td colspan=\"2\" width=\"207\">\u0412\u044b\u0445\u043e\u0434 \u0430\u0443\u0434\u0438\u043e<\/td>\n<td colspan=\"3\" width=\"559\">\u041d\/\u0414 (\u0432\u044b\u0445\u043e\u0434 \u043d\u0430 1 \u043a\u0430\u043d\u0430\u043b \u043e\u043f\u0446\u0438\u043e\u043d\u0430\u043b\u044c\u043d\u043e)<\/td>\n<\/tr>\n<tr>\n<td colspan=\"2\" width=\"207\">\u041f\u0440\u043e\u0442\u043e\u043a\u043e\u043b \u043a\u0440\u0430\u0441\u043d\u044b\u0439<\/td>\n<td colspan=\"3\" width=\"559\">HTTP, HTTPS, TCP, IPv4, IPv6, UDP, RTSP, ICMP, RTP, DHCP, ARP, DNS, QoS<\/td>\n<\/tr>\n<tr>\n<td colspan=\"2\" width=\"207\">\u0424\u0443\u043d\u043a\u0446\u0438\u044f<\/td>\n<td colspan=\"3\" width=\"559\">\u041e\u0431\u043d\u0430\u0440\u0443\u0436\u0435\u043d\u0438\u0435 \u0433\u0443\u043c\u0430\u043d\u043e\u0438\u0434\u0430, \u043e\u0431\u043d\u0430\u0440\u0443\u0436\u0435\u043d\u0438\u0435 \u0434\u0432\u0438\u0436\u0435\u043d\u0438\u044f; \u0441\u043e\u043e\u0431\u0449\u0435\u043d\u0438\u0435 \u0441 \u0438\u043d\u0444\u043e\u0440\u043c\u0430\u0446\u0438\u0435\u0439 \u043e \u0442\u0440\u0435\u0432\u043e\u0433\u0435; \u043f\u0440\u0438\u043d\u044f\u0442\u044c \u0437\u0430\u0445\u0432\u0430\u0442 MJPEG; \u0434\u043e\u0441\u0442\u0443\u043f \u043a \u043c\u043e\u0431\u0438\u043b\u044c\u043d\u043e\u043c\u0443 \u0442\u0435\u043b\u0435\u0444\u043e\u043d\u0443, \u0443\u0434\u0430\u043b\u0435\u043d\u043d\u044b\u0439 \u043c\u043e\u043d\u0438\u0442\u043e\u0440\u0438\u043d\u0433 WEBclient<\/td>\n<\/tr>\n<tr>\n<td colspan=\"2\" width=\"207\">\u0410\u043a\u0443\u044d\u0440\u0434\u043e<\/td>\n<td colspan=\"3\" width=\"559\">\u0421\u043e\u0432\u043c\u0435\u0441\u0442\u0438\u043c\u043e\u0441\u0442\u044c \u0441 ONVIF \u0438 \u0447\u0430\u0441\u0442\u043d\u044b\u043c\u0438 \u043f\u0440\u043e\u0442\u043e\u043a\u043e\u043b\u0430\u043c\u0438<\/td>\n<\/tr>\n<tr>\n<td colspan=\"2\" width=\"207\">\u041f\u0443\u044d\u0440\u0442\u043e \u0434\u0435 \u0420\u0435\u0434<\/td>\n<td colspan=\"3\" width=\"559\">RJ45(10\/100Base-T)<\/td>\n<\/tr>\n<tr>\n<td colspan=\"2\" width=\"207\">\u0418\u0441\u0442\u043e\u0447\u043d\u0438\u043a \u043f\u0438\u0442\u0430\u043d\u0438\u044f<\/td>\n<td colspan=\"3\" width=\"559\">\u041f\u0438\u0442\u0430\u043d\u0438\u0435 DC12V\/POE<\/td>\n<\/tr>\n<tr>\n<td colspan=\"2\" width=\"207\">\u041d\u0435\u043f\u0440\u043e\u043d\u0438\u0446\u0430\u0435\u043c\u044b\u0439<\/td>\n<td colspan=\"3\" width=\"559\">IP66<\/td>\n<\/tr>\n<tr>\n<td colspan=\"2\" width=\"207\">\u041c\u0430\u0442\u0435\u0440\u0438\u0430\u043b<\/td>\n<td colspan=\"3\" width=\"559\">\u041c\u0435\u0442\u0430\u043b\u043b<\/td>\n<\/tr>\n<tr>\n<td colspan=\"2\" width=\"207\">\u041d\u0430\u0447\u0430\u043b\u043e \u0440\u0430\u0431\u043e\u0442\u044b<\/td>\n<td colspan=\"3\" width=\"559\">\u0422\u0435\u043c\u043f\u0435\u0440\u0430\u0442\u0443\u0440\u0430: -4\u00b0F~140\u00b0F, \u0442\u0435\u043c\u043f\u0435\u0440\u0430\u0442\u0443\u0440\u0430: 10% ~ 90% (\u0431\u0435\u0437 \u043a\u043e\u043d\u0434\u0435\u043d\u0441\u0430\u0446\u0438\u0438)<\/td>\n<\/tr>\n<tr>\n<td colspan=\"2\" width=\"207\">\u041a\u043e\u043b\u0438\u0447\u0435\u0441\u0442\u0432\u043e \u043f\u0440\u043e\u0434\u0443\u043a\u0442\u0430<\/td>\n<td colspan=\"3\" width=\"559\">194*102*98\u043c\u043c<\/td>\n<\/tr>\n<tr>\n<td colspan=\"2\" width=\"207\">Embalaje Tama\u00f1o\/Peso<\/td>\n<td colspan=\"3\" width=\"559\">54*43*47\u0441\u043c \/50\u0448\u0442<\/td>\n<\/tr>\n<\/tbody>\n<\/table>\n<p>&nbsp;<\/p>\n<p>&nbsp;<\/p>\n<p>&nbsp;<\/p>\n<p>&nbsp;<\/p>\n<p>&nbsp;<\/p>\n<p>&nbsp;<\/p>","protected":false},"excerpt":{"rendered":"<p>\u25cf \u041c\u0435\u0442\u0430\u043b\u043b\u0438\u0447\u0435\u0441\u043a\u0438\u0435 \u043a\u0430\u043c\u0435\u0440\u044b IP POE Bullet.<br \/>\n\u25cf \u0420\u0430\u0437\u0440\u0435\u0448\u0435\u043d\u0438\u0435: 2,0 \u041c\u041f\/3,0 \u041c\u041f\/5,0 \u041c\u041f\/8,0 \u041c\u041f.<br \/>\n\u25cf \u041b\u0438\u043d\u0437\u0430: 3,6MM<br \/>\n\u25cf 2 \u0441\u0432\u0435\u0442\u043e\u0434\u0438\u043e\u0434\u043d\u044b\u0445 \u0418\u041a-\u043c\u0430\u0442\u0440\u0438\u0446\u044b<br \/>\n\u25cf \u0414\u0435\u043d\u044c \u0438 \u043d\u043e\u0447\u044c: \u0446\u0432\u0435\u0442\/\u0447\u0431<br \/>\n\u25cf \u041f\u0438\u0442\u0430\u043d\u0438\u0435: POE\/DC12V-1A.<br \/>\n\u25cf \u0410\u0443\u0434\u0438\u043e: N\/A (\u043e\u043f\u0446\u0438\u043e\u043d\u0430\u043b\u044c\u043d\u043e)<br \/>\n\u25cf \u041f\u043e\u0434\u0434\u0435\u0440\u0436\u043a\u0430 Onvif<br \/>\n\u25cf \u041f\u043e\u0434\u0434\u0435\u0440\u0436\u043a\u0430 Onvif<\/p>","protected":false},"featured_media":6477,"template":"","meta":[],"product_brand":[],"product_cat":[],"product_tag":[756,755,691],"class_list":{"0":"post-6724","1":"product","2":"type-product","3":"status-publish","4":"has-post-thumbnail","6":"product_tag-camara-poe-exterior","7":"product_tag-camara-wifi-camara-ip-inalambrica-hd","8":"product_tag-sistema-de-camaras-de-seguridad-poe","10":"first","11":"instock","12":"shipping-taxable","13":"product-type-simple"},"acf":[],"yoast_head":"<!-- This site is optimized with the Yoast SEO Premium plugin v20.2.1 (Yoast SEO v26.1.1) - https:\/\/yoast.com\/wordpress\/plugins\/seo\/ -->\n<title>El mejor sistema de c\u00e1maras de seguridad PoE tipo bala para exteriores con WDR y reducci\u00f3n de ruido digital - Bokysee Technology Co.,LTD<\/title>\n<meta name=\"description\" content=\"Best HOT Selling Estilo bala 5.0MP 8.0MP Metal PoE Sistema de c\u00e1maras IP de seguridad para exteriores con WDR y reducci\u00f3n de ruido digital\" \/>\n<meta name=\"robots\" content=\"index, follow, max-snippet:-1, max-image-preview:large, max-video-preview:-1\" \/>\n<link rel=\"canonical\" href=\"https:\/\/bokysee.com\/ru\/products\/el-mejor-sistema-de-camaras-de-seguridad-poe-tipo-bala-para-exteriores-con-wdr-y-reduccion-de-ruido-digital\/\" \/>\n<meta property=\"og:locale\" content=\"ru_RU\" \/>\n<meta property=\"og:type\" content=\"article\" \/>\n<meta property=\"og:title\" content=\"El mejor sistema de c\u00e1maras de seguridad PoE tipo bala para exteriores con WDR y reducci\u00f3n de ruido digital\" \/>\n<meta property=\"og:description\" content=\"Best HOT Selling Estilo bala 5.0MP 8.0MP Metal PoE Sistema de c\u00e1maras IP de seguridad para exteriores con WDR y reducci\u00f3n de ruido digital\" \/>\n<meta property=\"og:url\" content=\"https:\/\/bokysee.com\/ru\/products\/el-mejor-sistema-de-camaras-de-seguridad-poe-tipo-bala-para-exteriores-con-wdr-y-reduccion-de-ruido-digital\/\" \/>\n<meta property=\"og:site_name\" content=\"Bokysee Technology Co.,LTD\" \/>\n<meta property=\"og:image\" content=\"https:\/\/bokysee.com\/wp-content\/uploads\/2023\/10\/A25.jpg\" \/>\n\t<meta property=\"og:image:width\" content=\"800\" \/>\n\t<meta property=\"og:image:height\" content=\"800\" \/>\n\t<meta property=\"og:image:type\" content=\"image\/jpeg\" \/>\n<meta name=\"twitter:card\" content=\"summary_large_image\" \/>\n<meta name=\"twitter:label1\" content=\"\u041f\u0440\u0438\u043c\u0435\u0440\u043d\u043e\u0435 \u0432\u0440\u0435\u043c\u044f \u0434\u043b\u044f \u0447\u0442\u0435\u043d\u0438\u044f\" \/>\n\t<meta name=\"twitter:data1\" content=\"2 \u043c\u0438\u043d\u0443\u0442\u044b\" \/>\n<script type=\"application\/ld+json\" class=\"yoast-schema-graph\">{\"@context\":\"https:\/\/schema.org\",\"@graph\":[{\"@type\":\"WebPage\",\"@id\":\"https:\/\/bokysee.com\/es\/products\/el-mejor-sistema-de-camaras-de-seguridad-poe-tipo-bala-para-exteriores-con-wdr-y-reduccion-de-ruido-digital\/\",\"url\":\"https:\/\/bokysee.com\/es\/products\/el-mejor-sistema-de-camaras-de-seguridad-poe-tipo-bala-para-exteriores-con-wdr-y-reduccion-de-ruido-digital\/\",\"name\":\"El mejor sistema de c\u00e1maras de seguridad PoE tipo bala para exteriores con WDR y reducci\u00f3n de ruido digital - Bokysee Technology Co.,LTD\",\"isPartOf\":{\"@id\":\"https:\/\/bokysee.com\/#website\"},\"primaryImageOfPage\":{\"@id\":\"https:\/\/bokysee.com\/es\/products\/el-mejor-sistema-de-camaras-de-seguridad-poe-tipo-bala-para-exteriores-con-wdr-y-reduccion-de-ruido-digital\/#primaryimage\"},\"image\":{\"@id\":\"https:\/\/bokysee.com\/es\/products\/el-mejor-sistema-de-camaras-de-seguridad-poe-tipo-bala-para-exteriores-con-wdr-y-reduccion-de-ruido-digital\/#primaryimage\"},\"thumbnailUrl\":\"https:\/\/bokysee.com\/wp-content\/uploads\/2023\/10\/A25.jpg\",\"datePublished\":\"2023-10-07T03:07:47+00:00\",\"description\":\"Best HOT Selling Estilo bala 5.0MP 8.0MP Metal PoE Sistema de c\u00e1maras IP de seguridad para exteriores con WDR y reducci\u00f3n de ruido digital\",\"breadcrumb\":{\"@id\":\"https:\/\/bokysee.com\/es\/products\/el-mejor-sistema-de-camaras-de-seguridad-poe-tipo-bala-para-exteriores-con-wdr-y-reduccion-de-ruido-digital\/#breadcrumb\"},\"inLanguage\":\"ru-RU\",\"potentialAction\":[{\"@type\":\"ReadAction\",\"target\":[\"https:\/\/bokysee.com\/es\/products\/el-mejor-sistema-de-camaras-de-seguridad-poe-tipo-bala-para-exteriores-con-wdr-y-reduccion-de-ruido-digital\/\"]}]},{\"@type\":\"ImageObject\",\"inLanguage\":\"ru-RU\",\"@id\":\"https:\/\/bokysee.com\/es\/products\/el-mejor-sistema-de-camaras-de-seguridad-poe-tipo-bala-para-exteriores-con-wdr-y-reduccion-de-ruido-digital\/#primaryimage\",\"url\":\"https:\/\/bokysee.com\/wp-content\/uploads\/2023\/10\/A25.jpg\",\"contentUrl\":\"https:\/\/bokysee.com\/wp-content\/uploads\/2023\/10\/A25.jpg\",\"width\":800,\"height\":800},{\"@type\":\"BreadcrumbList\",\"@id\":\"https:\/\/bokysee.com\/es\/products\/el-mejor-sistema-de-camaras-de-seguridad-poe-tipo-bala-para-exteriores-con-wdr-y-reduccion-de-ruido-digital\/#breadcrumb\",\"itemListElement\":[{\"@type\":\"ListItem\",\"position\":1,\"name\":\"Home\",\"item\":\"https:\/\/bokysee.com\/\"},{\"@type\":\"ListItem\",\"position\":2,\"name\":\"Products\",\"item\":\"https:\/\/bokysee.com\/products\/\"},{\"@type\":\"ListItem\",\"position\":3,\"name\":\"El mejor sistema de c\u00e1maras de seguridad PoE tipo bala para exteriores con WDR y reducci\u00f3n de ruido digital\"}]},{\"@type\":\"WebSite\",\"@id\":\"https:\/\/bokysee.com\/#website\",\"url\":\"https:\/\/bokysee.com\/\",\"name\":\"Bokysee Technology Co.,LTD\",\"description\":\"Professional Smart Indoor and Outdoor Security Cameras Solution Supplier\",\"potentialAction\":[{\"@type\":\"SearchAction\",\"target\":{\"@type\":\"EntryPoint\",\"urlTemplate\":\"https:\/\/bokysee.com\/?s={search_term_string}\"},\"query-input\":{\"@type\":\"PropertyValueSpecification\",\"valueRequired\":true,\"valueName\":\"search_term_string\"}}],\"inLanguage\":\"ru-RU\"}]}<\/script>\n<!-- \/ Yoast SEO Premium plugin. -->","yoast_head_json":{"title":"El mejor sistema de c\u00e1maras de seguridad PoE tipo bala para exteriores con WDR y reducci\u00f3n de ruido digital - Bokysee Technology Co.,LTD","description":"Best HOT Selling Estilo bala 5.0MP 8.0MP Metal PoE Sistema de c\u00e1maras IP de seguridad para exteriores con WDR y reducci\u00f3n de ruido digital","robots":{"index":"index","follow":"follow","max-snippet":"max-snippet:-1","max-image-preview":"max-image-preview:large","max-video-preview":"max-video-preview:-1"},"canonical":"https:\/\/bokysee.com\/ru\/products\/el-mejor-sistema-de-camaras-de-seguridad-poe-tipo-bala-para-exteriores-con-wdr-y-reduccion-de-ruido-digital\/","og_locale":"ru_RU","og_type":"article","og_title":"El mejor sistema de c\u00e1maras de seguridad PoE tipo bala para exteriores con WDR y reducci\u00f3n de ruido digital","og_description":"Best HOT Selling Estilo bala 5.0MP 8.0MP Metal PoE Sistema de c\u00e1maras IP de seguridad para exteriores con WDR y reducci\u00f3n de ruido digital","og_url":"https:\/\/bokysee.com\/ru\/products\/el-mejor-sistema-de-camaras-de-seguridad-poe-tipo-bala-para-exteriores-con-wdr-y-reduccion-de-ruido-digital\/","og_site_name":"Bokysee Technology Co.,LTD","og_image":[{"width":800,"height":800,"url":"https:\/\/bokysee.com\/wp-content\/uploads\/2023\/10\/A25.jpg","type":"image\/jpeg"}],"twitter_card":"summary_large_image","twitter_misc":{"\u041f\u0440\u0438\u043c\u0435\u0440\u043d\u043e\u0435 \u0432\u0440\u0435\u043c\u044f \u0434\u043b\u044f \u0447\u0442\u0435\u043d\u0438\u044f":"2 \u043c\u0438\u043d\u0443\u0442\u044b"},"schema":{"@context":"https:\/\/schema.org","@graph":[{"@type":"WebPage","@id":"https:\/\/bokysee.com\/es\/products\/el-mejor-sistema-de-camaras-de-seguridad-poe-tipo-bala-para-exteriores-con-wdr-y-reduccion-de-ruido-digital\/","url":"https:\/\/bokysee.com\/es\/products\/el-mejor-sistema-de-camaras-de-seguridad-poe-tipo-bala-para-exteriores-con-wdr-y-reduccion-de-ruido-digital\/","name":"El mejor sistema de c\u00e1maras de seguridad PoE tipo bala para exteriores con WDR y reducci\u00f3n de ruido digital - Bokysee Technology Co.,LTD","isPartOf":{"@id":"https:\/\/bokysee.com\/#website"},"primaryImageOfPage":{"@id":"https:\/\/bokysee.com\/es\/products\/el-mejor-sistema-de-camaras-de-seguridad-poe-tipo-bala-para-exteriores-con-wdr-y-reduccion-de-ruido-digital\/#primaryimage"},"image":{"@id":"https:\/\/bokysee.com\/es\/products\/el-mejor-sistema-de-camaras-de-seguridad-poe-tipo-bala-para-exteriores-con-wdr-y-reduccion-de-ruido-digital\/#primaryimage"},"thumbnailUrl":"https:\/\/bokysee.com\/wp-content\/uploads\/2023\/10\/A25.jpg","datePublished":"2023-10-07T03:07:47+00:00","description":"Best HOT Selling Estilo bala 5.0MP 8.0MP Metal PoE Sistema de c\u00e1maras IP de seguridad para exteriores con WDR y reducci\u00f3n de ruido digital","breadcrumb":{"@id":"https:\/\/bokysee.com\/es\/products\/el-mejor-sistema-de-camaras-de-seguridad-poe-tipo-bala-para-exteriores-con-wdr-y-reduccion-de-ruido-digital\/#breadcrumb"},"inLanguage":"ru-RU","potentialAction":[{"@type":"ReadAction","target":["https:\/\/bokysee.com\/es\/products\/el-mejor-sistema-de-camaras-de-seguridad-poe-tipo-bala-para-exteriores-con-wdr-y-reduccion-de-ruido-digital\/"]}]},{"@type":"ImageObject","inLanguage":"ru-RU","@id":"https:\/\/bokysee.com\/es\/products\/el-mejor-sistema-de-camaras-de-seguridad-poe-tipo-bala-para-exteriores-con-wdr-y-reduccion-de-ruido-digital\/#primaryimage","url":"https:\/\/bokysee.com\/wp-content\/uploads\/2023\/10\/A25.jpg","contentUrl":"https:\/\/bokysee.com\/wp-content\/uploads\/2023\/10\/A25.jpg","width":800,"height":800},{"@type":"BreadcrumbList","@id":"https:\/\/bokysee.com\/es\/products\/el-mejor-sistema-de-camaras-de-seguridad-poe-tipo-bala-para-exteriores-con-wdr-y-reduccion-de-ruido-digital\/#breadcrumb","itemListElement":[{"@type":"ListItem","position":1,"name":"Home","item":"https:\/\/bokysee.com\/"},{"@type":"ListItem","position":2,"name":"Products","item":"https:\/\/bokysee.com\/products\/"},{"@type":"ListItem","position":3,"name":"El mejor sistema de c\u00e1maras de seguridad PoE tipo bala para exteriores con WDR y reducci\u00f3n de ruido digital"}]},{"@type":"WebSite","@id":"https:\/\/bokysee.com\/#website","url":"https:\/\/bokysee.com\/","name":"Bokysee Technology Co.,LTD","description":"Professional Smart Indoor and Outdoor Security Cameras Solution Supplier","potentialAction":[{"@type":"SearchAction","target":{"@type":"EntryPoint","urlTemplate":"https:\/\/bokysee.com\/?s={search_term_string}"},"query-input":{"@type":"PropertyValueSpecification","valueRequired":true,"valueName":"search_term_string"}}],"inLanguage":"ru-RU"}]}},"_links":{"self":[{"href":"https:\/\/bokysee.com\/ru\/wp-json\/wp\/v2\/product\/6724","targetHints":{"allow":["GET"]}}],"collection":[{"href":"https:\/\/bokysee.com\/ru\/wp-json\/wp\/v2\/product"}],"about":[{"href":"https:\/\/bokysee.com\/ru\/wp-json\/wp\/v2\/types\/product"}],"version-history":[{"count":0,"href":"https:\/\/bokysee.com\/ru\/wp-json\/wp\/v2\/product\/6724\/revisions"}],"wp:featuredmedia":[{"embeddable":true,"href":"https:\/\/bokysee.com\/ru\/wp-json\/wp\/v2\/media\/6477"}],"wp:attachment":[{"href":"https:\/\/bokysee.com\/ru\/wp-json\/wp\/v2\/media?parent=6724"}],"wp:term":[{"taxonomy":"product_brand","embeddable":true,"href":"https:\/\/bokysee.com\/ru\/wp-json\/wp\/v2\/product_brand?post=6724"},{"taxonomy":"product_cat","embeddable":true,"href":"https:\/\/bokysee.com\/ru\/wp-json\/wp\/v2\/product_cat?post=6724"},{"taxonomy":"product_tag","embeddable":true,"href":"https:\/\/bokysee.com\/ru\/wp-json\/wp\/v2\/product_tag?post=6724"}],"curies":[{"name":"wp","href":"https:\/\/api.w.org\/{rel}","templated":true}]}}