{"id":6693,"date":"2023-10-08T18:30:54","date_gmt":"2023-10-08T10:30:54","guid":{"rendered":"https:\/\/bokysee.com\/products\/bokysee-2k-hd-doble-lente-5x-zoom-vision-panoramica-a-todo-color-wifi-bateria-camaras\/"},"modified":"2023-10-08T18:30:54","modified_gmt":"2023-10-08T10:30:54","slug":"bokysee-2k-hd-dual-lens-5x-zoom-panoramic-viewing-full-colar-wifi-battery-cameras","status":"publish","type":"product","link":"https:\/\/bokysee.com\/ru\/products\/bokysee-2k-hd-dual-lens-5x-zoom-panoramic-viewing-full-colar-wifi-battery-cameras\/","title":{"rendered":"Bokysee 2K HD Doble Lente 5X Zoom Vision Panor\u00e1mica A Todo Color WiFi \u0411\u0430\u0442\u0430\u0440\u0435\u044f \u041a\u0430\u043c\u0430\u0440\u0430"},"content":{"rendered":"<p>Bokysee 2K HD Doble Lente 5X Zoom Vision Panor\u00e1mica A Todo Color WiFi \u0411\u0430\u0442\u0430\u0440\u0435\u044f \u041a\u0430\u043c\u0430\u0440\u0430<\/p>\n<p>\u041b\u0443\u0447\u0448\u0430\u044f \u0441\u0438\u0441\u0442\u0435\u043c\u0430 \u0431\u0435\u0437\u043e\u043f\u0430\u0441\u043d\u043e\u0441\u0442\u0438 \u0432\u0430\u0448\u0435\u0433\u043e \u043f\u0440\u0435\u0434\u043f\u0440\u0438\u044f\u0442\u0438\u044f \u0441 \u043a\u0430\u043c\u0435\u0440\u0430\u043c\u0438 \u043d\u0430\u0431\u043b\u044e\u0434\u0435\u043d\u0438\u044f \u0437\u0430 \u043f\u0438\u0442\u0430\u043d\u0438\u0435\u043c \u043e\u0442 \u0441\u043e\u043b\u043d\u0435\u0447\u043d\u043e\u0439 \u044d\u043d\u0435\u0440\u0433\u0438\u0438. \u041f\u0440\u0438 \u043d\u0430\u043b\u0438\u0447\u0438\u0438 \u0441\u043e\u043b\u043d\u0435\u0447\u043d\u043e\u0439 \u044d\u043d\u0435\u0440\u0433\u0438\u0438 \u0432 \u043a\u0430\u043c\u0435\u0440\u0430\u0445 \u0447\u0430\u0441\u0442\u043e\u0433\u043e \u043d\u0430\u0431\u043b\u044e\u0434\u0435\u043d\u0438\u044f \u0438 \u0440\u0430\u0431\u043e\u0442\u043e\u0441\u043f\u043e\u0441\u043e\u0431\u043d\u043e\u0441\u0442\u0438 \u0433\u0430\u0440\u0430\u043d\u0442\u0438\u0440\u0443\u0435\u0442\u0441\u044f \u043f\u043e\u0441\u0442\u043e\u044f\u043d\u043d\u044b\u0439 \u043a\u043e\u043d\u0442\u0440\u043e\u043b\u044c \u0437\u0430 \u0443\u0441\u0442\u0430\u043d\u043e\u0432\u043a\u043e\u0439. \u0421\u043b\u0435\u0434\u0438\u0442\u0435 \u0437\u0430 \u0443\u0440\u043e\u0432\u043d\u0435\u043c \u0431\u0435\u0437\u043e\u043f\u0430\u0441\u043d\u043e\u0441\u0442\u0438 \u0441 \u043d\u043e\u0432\u043e\u0439 \u043a\u0430\u043c\u0435\u0440\u043e\u0439 \u043d\u0430 \u0441\u043e\u043b\u043d\u0435\u0447\u043d\u043e\u0439 \u0431\u0430\u0442\u0430\u0440\u0435\u0435 PTZ Wi-Fi \u0441 \u0434\u0432\u043e\u0439\u043d\u044b\u043c \u0440\u0430\u0437\u0440\u0435\u0448\u0435\u043d\u0438\u0435\u043c 2K 5X. \u0411\u043b\u0430\u0433\u043e\u0434\u0430\u0440\u044f \u0432\u044b\u0441\u043e\u043a\u043e\u043c\u0443 \u0440\u0430\u0437\u0440\u0435\u0448\u0435\u043d\u0438\u044e \u0438\u0437\u043e\u0431\u0440\u0430\u0436\u0435\u043d\u0438\u0439, \u043f\u044f\u0442\u0438\u043a\u0440\u0430\u0442\u043d\u043e\u043c\u0443 \u0443\u0432\u0435\u043b\u0438\u0447\u0435\u043d\u0438\u044e \u0438 \u0444\u0443\u043d\u043a\u0446\u0438\u044f\u043c PTZ (\u0434\u0432\u0438\u0436\u0435\u043d\u0438\u0435 \u043f\u043e \u0433\u043e\u0440\u0438\u0437\u043e\u043d\u0442\u0430\u043b\u0438, \u0432\u0435\u0440\u0442\u0438\u043a\u0430\u043b\u0438 \u0438 \u043c\u0430\u0441\u0448\u0442\u0430\u0431\u0438\u0440\u043e\u0432\u0430\u043d\u0438\u044e), \u044d\u0442\u0430 \u043a\u0430\u043c\u0435\u0440\u0430 \u043e\u0431\u0435\u0441\u043f\u0435\u0447\u0438\u0432\u0430\u0435\u0442 \u0441\u043e\u043b\u043d\u0435\u0447\u043d\u0443\u044e \u043f\u0440\u043e\u043f\u043e\u0440\u0446\u0438\u044e \u043d\u0430\u0431\u043b\u044e\u0434\u0435\u043d\u0438\u044f \u0438 \u0438\u0441\u043a\u043b\u044e\u0447\u0438\u0442\u0435\u043b\u044c\u043d\u043e\u0433\u043e \u0443\u043f\u0440\u0430\u0432\u043b\u0435\u043d\u0438\u044f \u0434\u043b\u044f \u043f\u0440\u0435\u0434\u043f\u0440\u0438\u044f\u0442\u0438\u0439 B2B.<\/p>\n<p><img fetchpriority=\"high\" decoding=\"async\" class=\"alignnone size-full wp-image-6559\" src=\"https:\/\/bokysee.com\/wp-content\/uploads\/2023\/10\/BK-LXS13P-2-1.jpg\" alt=\"\" width=\"800\" height=\"800\" srcset=\"https:\/\/bokysee.com\/wp-content\/uploads\/2023\/10\/BK-LXS13P-2-1.jpg 800w, https:\/\/bokysee.com\/wp-content\/uploads\/2023\/10\/BK-LXS13P-2-1-768x768.jpg 768w\" sizes=\"(max-width: 800px) 100vw, 800px\" \/> <img decoding=\"async\" class=\"alignnone size-full wp-image-6562\" src=\"https:\/\/bokysee.com\/wp-content\/uploads\/2023\/10\/BK-LXS13P-3-1.jpg\" alt=\"\" width=\"800\" height=\"800\" srcset=\"https:\/\/bokysee.com\/wp-content\/uploads\/2023\/10\/BK-LXS13P-3-1.jpg 800w, https:\/\/bokysee.com\/wp-content\/uploads\/2023\/10\/BK-LXS13P-3-1-768x768.jpg 768w\" sizes=\"(max-width: 800px) 100vw, 800px\" \/> <img decoding=\"async\" class=\"alignnone size-full wp-image-6565\" src=\"https:\/\/bokysee.com\/wp-content\/uploads\/2023\/10\/BK-LXS13P-4-1.jpg\" alt=\"\" width=\"800\" height=\"800\" srcset=\"https:\/\/bokysee.com\/wp-content\/uploads\/2023\/10\/BK-LXS13P-4-1.jpg 800w, https:\/\/bokysee.com\/wp-content\/uploads\/2023\/10\/BK-LXS13P-4-1-768x768.jpg 768w\" sizes=\"(max-width: 800px) 100vw, 800px\" \/><\/p>\n<p>&nbsp;<\/p>\n<p>&nbsp;<\/p>\n<p>&nbsp;<\/p>\n<p>&nbsp;<\/p>","protected":false},"excerpt":{"rendered":"<p>\u0414\u0432\u043e\u0439\u043d\u0430\u044f \u043a\u0430\u043c\u0435\u0440\u0430 PTZ Wi-Fi \u0441 \u0441\u043e\u043b\u043d\u0435\u0447\u043d\u043e\u0439 \u0431\u0430\u0442\u0430\u0440\u0435\u0435\u0439 2K 5X:<br \/>\n* \u0420\u0430\u0437\u0440\u0435\u0448\u0435\u043d\u0438\u0435: 2K Ultra HD, 2304X1296P.<br \/>\n* \u0423\u0441\u0442\u043e\u0439\u0447\u0438\u0432\u043e\u0441\u0442\u044c \u043a \u0432\u043e\u0434\u0435 \u0441\u043d\u0430\u0440\u0443\u0436\u0438 IP65<br \/>\n* \u0414\u0432\u043e\u0439\u043d\u043e\u0439 \u043e\u0431\u044a\u0435\u043a\u0442\u0438\u0432: 4\u00a0\u041c\u041c+10\u00a0\u041c\u041c, \u0433\u0438\u0431\u0440\u0438\u0434\u043d\u044b\u0439 5-\u043a\u0440\u0430\u0442\u043d\u044b\u0439 \u0437\u0443\u043c.<br \/>\n* \u041a\u0440\u0430\u0441\u043d\u044b\u0439 \u0446\u0432\u0435\u0442 802.11b\/g\/n \u0434\u043b\u044f 2,4 \u0413\u0413\u0446<br \/>\n* \u0414\u0432\u043e\u0439\u043d\u044b\u0435 \u043b\u0443\u0447\u0438: 2 \u0431\u0435\u043b\u044b\u0445 \u0444\u043e\u043d\u0430\u0440\u044f + 2 \u0438\u043d\u0444\u0440\u0430\u043a\u0440\u0430\u0441\u043d\u044b\u0445 \u043b\u0443\u0447\u0430, \u0440\u0430\u0441\u0441\u0442\u043e\u044f\u043d\u0438\u0435 \u0418\u041a 10\u201315 \u043c.<br \/>\n* \u0414\u0432\u0443\u043d\u0430\u043f\u0440\u0430\u0432\u043b\u0435\u043d\u043d\u043e\u0435 \u0430\u0443\u0434\u0438\u043e, \u0431\u044b\u0441\u0442\u0440\u043e\u0435 \u043d\u0430\u0447\u0430\u043b\u043e, \u0432\u043e\u0441\u043f\u0440\u043e\u0438\u0437\u0432\u0435\u0434\u0435\u043d\u0438\u0435 \u0438 \u0432\u043e\u0441\u043f\u0440\u043e\u0438\u0437\u0432\u0435\u0434\u0435\u043d\u0438\u0435 \u0432 \u0442\u0435\u0447\u0435\u043d\u0438\u0435 1 \u0441\u0435\u043a\u0443\u043d\u0434\u044b.<br \/>\n* \u0412\u043a\u043b\u044e\u0447\u0435\u043d\u043d\u044b\u0439 \u0434\u0430\u0442\u0447\u0438\u043a PIR, \u043e\u043f\u043e\u0432\u0435\u0449\u0435\u043d\u0438\u0435 \u043e\u0431 \u0443\u0440\u043e\u0432\u043d\u0435 \u043f\u043e\u0442\u0440\u0435\u0431\u043b\u0435\u043d\u0438\u044f, \u0443\u0434\u0430\u043b\u0435\u043d\u043d\u044b\u0439 \u0434\u043e\u0441\u0442\u0443\u043f \u043a \u0441\u0435\u0442\u0438<br \/>\n* \u0421\u043e\u043b\u043d\u0435\u0447\u043d\u0430\u044f \u043f\u0430\u043d\u0435\u043b\u044c \u043c\u043e\u0449\u043d\u043e\u0441\u0442\u044c\u044e 5,5 \u0412\u0442, \u0430\u043a\u043a\u0443\u043c\u0443\u043b\u044f\u0442\u043e\u0440\u043d\u0430\u044f \u0431\u0430\u0442\u0430\u0440\u0435\u044f \u0435\u043c\u043a\u043e\u0441\u0442\u044c\u044e 10000 \u043c\u0410\u0447.<br \/>\n* \u0414\u043e\u0441\u0442\u0443\u043f\u043d\u0430 \u0442\u0430\u0440\u0435\u043b\u043a\u0430 SIM-\u043a\u0430\u0440\u0442\u044b 4G LTE (\u0432\u0435\u0440\u0441\u0438\u044f 4G \u0434\u043b\u044f \u0410\u0437\u0438\u0438)<br \/>\n* \u041f\u0438\u0442\u0430\u043d\u0438\u0435: DC5V\u00b15%<br \/>\n* \u041c\u0430\u043a\u0441\u0438\u043c\u0430\u043b\u044c\u043d\u0430\u044f \u043f\u043e\u0434\u0434\u0435\u0440\u0436\u043a\u0430 256G \u043a\u0430\u0440\u0442\u044b TF, \u0431\u0435\u0441\u043f\u043b\u0430\u0442\u043d\u0430\u044f \u0434\u043e\u0441\u0442\u0430\u0432\u043a\u0430 \u043d\u0430 \u043d\u0443\u0431\u0435 (3 \u0434\u043d\u044f)<br \/>\n* \u0422\u0430\u043c\u0430\u043d\u044c\u043e \u0434\u0435 \u043b\u0430 \u043a\u0430\u0445\u0430: 205x181x147 \u043c\u043c, \u043a\u0430\u0445\u0430: 56\u00d742,5x47 \u0441\u043c, 18 \u0448\u0442.\/\u043a\u043e\u0440\u043e\u0431\u043a\u0430<\/p>","protected":false},"featured_media":6546,"template":"","meta":[],"product_brand":[],"product_cat":[],"product_tag":[648,649,444],"class_list":{"0":"post-6693","1":"product","2":"type-product","3":"status-publish","4":"has-post-thumbnail","6":"product_tag-camara-solar-es","7":"product_tag-camaras-de-seguridad-inalambricas-solares","8":"product_tag-camaras-de-vigilancia-solares","10":"first","11":"instock","12":"shipping-taxable","13":"product-type-simple"},"acf":[],"yoast_head":"<!-- This site is optimized with the Yoast SEO Premium plugin v20.2.1 (Yoast SEO v26.1.1) - https:\/\/yoast.com\/wordpress\/plugins\/seo\/ -->\n<title>Bokysee 2K HD Doble Lente 5X Zoom Visi\u00f3n Panor\u00e1mica A Todo Color WiFi Bater\u00eda C\u00e1maras - Bokysee Technology Co.,LTD<\/title>\n<meta name=\"description\" content=\"Bokysee 2K HD Doble Lente 5X Zoom Doble Luz Visi\u00f3n Panor\u00e1mica Full Colar WiFi Bater\u00eda C\u00e1maras con Panel Solar\" \/>\n<meta name=\"robots\" content=\"index, follow, max-snippet:-1, max-image-preview:large, max-video-preview:-1\" \/>\n<link rel=\"canonical\" href=\"https:\/\/bokysee.com\/ru\/products\/bokysee-2k-hd-doble-lente-5x-zoom-vision-panoramica-a-todo-color-wifi-bateria-camaras\/\" \/>\n<meta property=\"og:locale\" content=\"ru_RU\" \/>\n<meta property=\"og:type\" content=\"article\" \/>\n<meta property=\"og:title\" content=\"Bokysee 2K HD Doble Lente 5X Zoom Visi\u00f3n Panor\u00e1mica A Todo Color WiFi Bater\u00eda C\u00e1maras\" \/>\n<meta property=\"og:description\" content=\"Bokysee 2K HD Doble Lente 5X Zoom Doble Luz Visi\u00f3n Panor\u00e1mica Full Colar WiFi Bater\u00eda C\u00e1maras con Panel Solar\" \/>\n<meta property=\"og:url\" content=\"https:\/\/bokysee.com\/ru\/products\/bokysee-2k-hd-doble-lente-5x-zoom-vision-panoramica-a-todo-color-wifi-bateria-camaras\/\" \/>\n<meta property=\"og:site_name\" content=\"Bokysee Technology Co.,LTD\" \/>\n<meta property=\"og:image\" content=\"https:\/\/bokysee.com\/wp-content\/uploads\/2023\/10\/BK-LD03D-Price2.jpg\" \/>\n\t<meta property=\"og:image:width\" content=\"547\" \/>\n\t<meta property=\"og:image:height\" content=\"644\" \/>\n\t<meta property=\"og:image:type\" content=\"image\/jpeg\" \/>\n<meta name=\"twitter:card\" content=\"summary_large_image\" \/>\n<meta name=\"twitter:label1\" content=\"\u041f\u0440\u0438\u043c\u0435\u0440\u043d\u043e\u0435 \u0432\u0440\u0435\u043c\u044f \u0434\u043b\u044f \u0447\u0442\u0435\u043d\u0438\u044f\" \/>\n\t<meta name=\"twitter:data1\" content=\"1 \u043c\u0438\u043d\u0443\u0442\u0430\" \/>\n<script type=\"application\/ld+json\" class=\"yoast-schema-graph\">{\"@context\":\"https:\/\/schema.org\",\"@graph\":[{\"@type\":\"WebPage\",\"@id\":\"https:\/\/bokysee.com\/es\/products\/bokysee-2k-hd-doble-lente-5x-zoom-vision-panoramica-a-todo-color-wifi-bateria-camaras\/\",\"url\":\"https:\/\/bokysee.com\/es\/products\/bokysee-2k-hd-doble-lente-5x-zoom-vision-panoramica-a-todo-color-wifi-bateria-camaras\/\",\"name\":\"Bokysee 2K HD Doble Lente 5X Zoom Visi\u00f3n Panor\u00e1mica A Todo Color WiFi Bater\u00eda C\u00e1maras - Bokysee Technology Co.,LTD\",\"isPartOf\":{\"@id\":\"https:\/\/bokysee.com\/#website\"},\"primaryImageOfPage\":{\"@id\":\"https:\/\/bokysee.com\/es\/products\/bokysee-2k-hd-doble-lente-5x-zoom-vision-panoramica-a-todo-color-wifi-bateria-camaras\/#primaryimage\"},\"image\":{\"@id\":\"https:\/\/bokysee.com\/es\/products\/bokysee-2k-hd-doble-lente-5x-zoom-vision-panoramica-a-todo-color-wifi-bateria-camaras\/#primaryimage\"},\"thumbnailUrl\":\"https:\/\/bokysee.com\/wp-content\/uploads\/2023\/10\/BK-LD03D-Price2.jpg\",\"datePublished\":\"2023-10-08T10:30:54+00:00\",\"description\":\"Bokysee 2K HD Doble Lente 5X Zoom Doble Luz Visi\u00f3n Panor\u00e1mica Full Colar WiFi Bater\u00eda C\u00e1maras con Panel Solar\",\"breadcrumb\":{\"@id\":\"https:\/\/bokysee.com\/es\/products\/bokysee-2k-hd-doble-lente-5x-zoom-vision-panoramica-a-todo-color-wifi-bateria-camaras\/#breadcrumb\"},\"inLanguage\":\"ru-RU\",\"potentialAction\":[{\"@type\":\"ReadAction\",\"target\":[\"https:\/\/bokysee.com\/es\/products\/bokysee-2k-hd-doble-lente-5x-zoom-vision-panoramica-a-todo-color-wifi-bateria-camaras\/\"]}]},{\"@type\":\"ImageObject\",\"inLanguage\":\"ru-RU\",\"@id\":\"https:\/\/bokysee.com\/es\/products\/bokysee-2k-hd-doble-lente-5x-zoom-vision-panoramica-a-todo-color-wifi-bateria-camaras\/#primaryimage\",\"url\":\"https:\/\/bokysee.com\/wp-content\/uploads\/2023\/10\/BK-LD03D-Price2.jpg\",\"contentUrl\":\"https:\/\/bokysee.com\/wp-content\/uploads\/2023\/10\/BK-LD03D-Price2.jpg\",\"width\":547,\"height\":644},{\"@type\":\"BreadcrumbList\",\"@id\":\"https:\/\/bokysee.com\/es\/products\/bokysee-2k-hd-doble-lente-5x-zoom-vision-panoramica-a-todo-color-wifi-bateria-camaras\/#breadcrumb\",\"itemListElement\":[{\"@type\":\"ListItem\",\"position\":1,\"name\":\"Home\",\"item\":\"https:\/\/bokysee.com\/\"},{\"@type\":\"ListItem\",\"position\":2,\"name\":\"Products\",\"item\":\"https:\/\/bokysee.com\/products\/\"},{\"@type\":\"ListItem\",\"position\":3,\"name\":\"Bokysee 2K HD Doble Lente 5X Zoom Visi\u00f3n Panor\u00e1mica A Todo Color WiFi Bater\u00eda C\u00e1maras\"}]},{\"@type\":\"WebSite\",\"@id\":\"https:\/\/bokysee.com\/#website\",\"url\":\"https:\/\/bokysee.com\/\",\"name\":\"Bokysee Technology Co.,LTD\",\"description\":\"Professional Smart Indoor and Outdoor Security Cameras Solution Supplier\",\"potentialAction\":[{\"@type\":\"SearchAction\",\"target\":{\"@type\":\"EntryPoint\",\"urlTemplate\":\"https:\/\/bokysee.com\/?s={search_term_string}\"},\"query-input\":{\"@type\":\"PropertyValueSpecification\",\"valueRequired\":true,\"valueName\":\"search_term_string\"}}],\"inLanguage\":\"ru-RU\"}]}<\/script>\n<!-- \/ Yoast SEO Premium plugin. -->","yoast_head_json":{"title":"Bokysee 2K HD Doble Lente 5X Zoom Visi\u00f3n Panor\u00e1mica A Todo Color WiFi Bater\u00eda C\u00e1maras - Bokysee Technology Co.,LTD","description":"Bokysee 2K HD Doble Lente 5X Zoom Doble Luz Visi\u00f3n Panor\u00e1mica Full Colar WiFi Bater\u00eda C\u00e1maras con Panel Solar","robots":{"index":"index","follow":"follow","max-snippet":"max-snippet:-1","max-image-preview":"max-image-preview:large","max-video-preview":"max-video-preview:-1"},"canonical":"https:\/\/bokysee.com\/ru\/products\/bokysee-2k-hd-doble-lente-5x-zoom-vision-panoramica-a-todo-color-wifi-bateria-camaras\/","og_locale":"ru_RU","og_type":"article","og_title":"Bokysee 2K HD Doble Lente 5X Zoom Visi\u00f3n Panor\u00e1mica A Todo Color WiFi Bater\u00eda C\u00e1maras","og_description":"Bokysee 2K HD Doble Lente 5X Zoom Doble Luz Visi\u00f3n Panor\u00e1mica Full Colar WiFi Bater\u00eda C\u00e1maras con Panel Solar","og_url":"https:\/\/bokysee.com\/ru\/products\/bokysee-2k-hd-doble-lente-5x-zoom-vision-panoramica-a-todo-color-wifi-bateria-camaras\/","og_site_name":"Bokysee Technology Co.,LTD","og_image":[{"width":547,"height":644,"url":"https:\/\/bokysee.com\/wp-content\/uploads\/2023\/10\/BK-LD03D-Price2.jpg","type":"image\/jpeg"}],"twitter_card":"summary_large_image","twitter_misc":{"\u041f\u0440\u0438\u043c\u0435\u0440\u043d\u043e\u0435 \u0432\u0440\u0435\u043c\u044f \u0434\u043b\u044f \u0447\u0442\u0435\u043d\u0438\u044f":"1 \u043c\u0438\u043d\u0443\u0442\u0430"},"schema":{"@context":"https:\/\/schema.org","@graph":[{"@type":"WebPage","@id":"https:\/\/bokysee.com\/es\/products\/bokysee-2k-hd-doble-lente-5x-zoom-vision-panoramica-a-todo-color-wifi-bateria-camaras\/","url":"https:\/\/bokysee.com\/es\/products\/bokysee-2k-hd-doble-lente-5x-zoom-vision-panoramica-a-todo-color-wifi-bateria-camaras\/","name":"Bokysee 2K HD Doble Lente 5X Zoom Visi\u00f3n Panor\u00e1mica A Todo Color WiFi Bater\u00eda C\u00e1maras - Bokysee Technology Co.,LTD","isPartOf":{"@id":"https:\/\/bokysee.com\/#website"},"primaryImageOfPage":{"@id":"https:\/\/bokysee.com\/es\/products\/bokysee-2k-hd-doble-lente-5x-zoom-vision-panoramica-a-todo-color-wifi-bateria-camaras\/#primaryimage"},"image":{"@id":"https:\/\/bokysee.com\/es\/products\/bokysee-2k-hd-doble-lente-5x-zoom-vision-panoramica-a-todo-color-wifi-bateria-camaras\/#primaryimage"},"thumbnailUrl":"https:\/\/bokysee.com\/wp-content\/uploads\/2023\/10\/BK-LD03D-Price2.jpg","datePublished":"2023-10-08T10:30:54+00:00","description":"Bokysee 2K HD Doble Lente 5X Zoom Doble Luz Visi\u00f3n Panor\u00e1mica Full Colar WiFi Bater\u00eda C\u00e1maras con Panel Solar","breadcrumb":{"@id":"https:\/\/bokysee.com\/es\/products\/bokysee-2k-hd-doble-lente-5x-zoom-vision-panoramica-a-todo-color-wifi-bateria-camaras\/#breadcrumb"},"inLanguage":"ru-RU","potentialAction":[{"@type":"ReadAction","target":["https:\/\/bokysee.com\/es\/products\/bokysee-2k-hd-doble-lente-5x-zoom-vision-panoramica-a-todo-color-wifi-bateria-camaras\/"]}]},{"@type":"ImageObject","inLanguage":"ru-RU","@id":"https:\/\/bokysee.com\/es\/products\/bokysee-2k-hd-doble-lente-5x-zoom-vision-panoramica-a-todo-color-wifi-bateria-camaras\/#primaryimage","url":"https:\/\/bokysee.com\/wp-content\/uploads\/2023\/10\/BK-LD03D-Price2.jpg","contentUrl":"https:\/\/bokysee.com\/wp-content\/uploads\/2023\/10\/BK-LD03D-Price2.jpg","width":547,"height":644},{"@type":"BreadcrumbList","@id":"https:\/\/bokysee.com\/es\/products\/bokysee-2k-hd-doble-lente-5x-zoom-vision-panoramica-a-todo-color-wifi-bateria-camaras\/#breadcrumb","itemListElement":[{"@type":"ListItem","position":1,"name":"Home","item":"https:\/\/bokysee.com\/"},{"@type":"ListItem","position":2,"name":"Products","item":"https:\/\/bokysee.com\/products\/"},{"@type":"ListItem","position":3,"name":"Bokysee 2K HD Doble Lente 5X Zoom Visi\u00f3n Panor\u00e1mica A Todo Color WiFi Bater\u00eda C\u00e1maras"}]},{"@type":"WebSite","@id":"https:\/\/bokysee.com\/#website","url":"https:\/\/bokysee.com\/","name":"Bokysee Technology Co.,LTD","description":"Professional Smart Indoor and Outdoor Security Cameras Solution Supplier","potentialAction":[{"@type":"SearchAction","target":{"@type":"EntryPoint","urlTemplate":"https:\/\/bokysee.com\/?s={search_term_string}"},"query-input":{"@type":"PropertyValueSpecification","valueRequired":true,"valueName":"search_term_string"}}],"inLanguage":"ru-RU"}]}},"_links":{"self":[{"href":"https:\/\/bokysee.com\/ru\/wp-json\/wp\/v2\/product\/6693","targetHints":{"allow":["GET"]}}],"collection":[{"href":"https:\/\/bokysee.com\/ru\/wp-json\/wp\/v2\/product"}],"about":[{"href":"https:\/\/bokysee.com\/ru\/wp-json\/wp\/v2\/types\/product"}],"version-history":[{"count":0,"href":"https:\/\/bokysee.com\/ru\/wp-json\/wp\/v2\/product\/6693\/revisions"}],"wp:featuredmedia":[{"embeddable":true,"href":"https:\/\/bokysee.com\/ru\/wp-json\/wp\/v2\/media\/6546"}],"wp:attachment":[{"href":"https:\/\/bokysee.com\/ru\/wp-json\/wp\/v2\/media?parent=6693"}],"wp:term":[{"taxonomy":"product_brand","embeddable":true,"href":"https:\/\/bokysee.com\/ru\/wp-json\/wp\/v2\/product_brand?post=6693"},{"taxonomy":"product_cat","embeddable":true,"href":"https:\/\/bokysee.com\/ru\/wp-json\/wp\/v2\/product_cat?post=6693"},{"taxonomy":"product_tag","embeddable":true,"href":"https:\/\/bokysee.com\/ru\/wp-json\/wp\/v2\/product_tag?post=6693"}],"curies":[{"name":"wp","href":"https:\/\/api.w.org\/{rel}","templated":true}]}}