{"id":3277,"date":"2023-04-11T08:59:25","date_gmt":"2023-04-11T00:59:25","guid":{"rendered":"https:\/\/bokysee.com\/products\/2023-nuevo-diseno-mejor-doble-camara-lente-interior-bebe-monitor-barato-hogar-camara-de-seguridad\/"},"modified":"2023-04-11T08:59:25","modified_gmt":"2023-04-11T00:59:25","slug":"2023-nuevo-diseno-mejor-camara-doble-lente-de-interior-monitor-bebe-barato-camara-de-seguridad-casa","status":"publish","type":"product","link":"https:\/\/bokysee.com\/ru\/products\/2023-nuevo-diseno-mejor-camara-doble-lente-de-interior-monitor-bebe-barato-camara-de-seguridad-casa\/","title":{"rendered":"2023 Nuevo dise\u00f1o mejor doble c\u00e1mara lente Interior Bebe Monitor barato hogar c\u00e1mara de seguridad"},"content":{"rendered":"<p><strong>2023 \u041d\u043e\u0432\u044b\u0439 \u0434\u0438\u0437\u0430\u0439\u043d \u043b\u0443\u0447\u0448\u0435\u0439 \u0434\u0432\u043e\u0439\u043d\u043e\u0439 \u043a\u0430\u043c\u0435\u0440\u044b \u0441 \u0432\u043d\u0443\u0442\u0440\u0435\u043d\u043d\u0438\u043c \u043c\u043e\u043d\u0438\u0442\u043e\u0440\u043e\u043c \u0434\u043b\u044f \u043c\u0430\u043b\u0435\u043d\u044c\u043a\u043e\u0433\u043e \u0434\u043e\u043c\u0430 \u0432 \u0431\u0435\u0437\u043e\u043f\u0430\u0441\u043d\u043e\u043c \u0434\u043e\u043c\u0435:<\/strong><br \/>\n* \u0423\u0441\u0442\u0430\u043d\u043e\u0432\u043a\u0430 \u0438 \u043f\u0440\u043e\u0441\u0442\u0430\u044f \u0443\u0441\u0442\u0430\u043d\u043e\u0432\u043a\u0430<br \/>\n* \u0420\u0430\u0437\u0440\u0435\u0448\u0435\u043d\u0438\u0435 \u0432\u0438\u0434\u0435\u043e 2K 4MP Ultra HD<br \/>\n* \u0414\u0432\u043e\u0439\u043d\u044b\u0435 \u043b\u0438\u043d\u0437\u044b: 3,6 \u043c\u043c + 12 \u043c\u043c, \u043e\u0431\u044a\u0435\u043a\u0442\u0438\u0432\u043d\u044b\u0439 \u0437\u0443\u043c 8X<br \/>\n* PTZ: \u043f\u0430\u043d\u043e\u0440\u0430\u043c\u0438\u0440\u043e\u0432\u0430\u043d\u0438\u0435: 355\u00b0, \u043d\u0430\u043a\u043b\u043e\u043d: 90<br \/>\n* \u0414\u0432\u043e\u0439\u043d\u044b\u0435 \u043b\u0443\u0447\u0438: 6 \u0431\u0435\u043b\u044b\u0445 + 6 \u0438\u043d\u0444\u0440\u0430\u043a\u0440\u0430\u0441\u043d\u044b\u0445 \u043b\u0443\u0447\u0435\u0439, \u0440\u0430\u0441\u0441\u0442\u043e\u044f\u043d\u0438\u0435 50 \u043c \u0418\u041a.<br \/>\n* \u041e\u0431\u043d\u0430\u0440\u0443\u0436\u0435\u043d\u0438\u0435 \u0434\u0432\u0438\u0436\u0435\u043d\u0438\u044f, \u0430\u0432\u0442\u043e\u043c\u0430\u0442\u0438\u0447\u0435\u0441\u043a\u043e\u0435 \u043e\u0442\u0441\u043b\u0435\u0436\u0438\u0432\u0430\u043d\u0438\u0435 \u0438 \u043e\u043f\u043e\u0432\u0435\u0449\u0435\u043d\u0438\u0435 \u0432 \u0440\u0435\u0430\u043b\u044c\u043d\u043e\u043c \u0432\u0440\u0435\u043c\u0435\u043d\u0438<br \/>\n* \u0417\u0432\u0443\u043a\u043e\u0432\u0430\u044f \u0438 \u0430\u043a\u0443\u0441\u0442\u0438\u0447\u0435\u0441\u043a\u0430\u044f \u0434\u0432\u0443\u043d\u0430\u043f\u0440\u0430\u0432\u043b\u0435\u043d\u043d\u0430\u044f \u0441\u0438\u0433\u043d\u0430\u043b\u0438\u0437\u0430\u0446\u0438\u044f.<br \/>\n* \u041c\u043d\u043e\u0433\u043e\u044d\u043a\u0440\u0430\u043d\u043d\u044b\u0439 \u0438 \u0434\u0432\u0443\u0445\u043c\u0435\u0441\u0442\u043d\u044b\u0439 \u043d\u043e\u043c\u0435\u0440 \u0441 \u0437\u0430\u0449\u0438\u0442\u043e\u0439 \u043a\u043e\u043d\u0444\u0438\u0434\u0435\u043d\u0446\u0438\u0430\u043b\u044c\u043d\u043e\u0441\u0442\u0438.<\/p>\n<table width=\"815\">\n<tbody>\n<tr>\n<td rowspan=\"7\" width=\"101\">\u0421\u0438\u0441\u0442\u0435\u043c\u0430<\/td>\n<td width=\"211\">\u0418\u043d\u0442\u0435\u0440\u043d\u0435\u0442-\u043f\u0440\u043e\u0432\u0430\u0439\u0434\u0435\u0440<\/td>\n<td width=\"503\">NT98566<\/td>\n<\/tr>\n<tr>\n<td width=\"211\">\u0414\u0430\u0442\u0447\u0438\u043a<\/td>\n<td width=\"503\">2 * 1\/3 &quot;SC2336<\/td>\n<\/tr>\n<tr>\n<td width=\"211\">\u0412\u044b\u0441\u043e\u043a\u043e\u0435 \u043e\u043f\u0440\u0435\u0434\u0435\u043b\u0435\u043d\u0438\u0435<\/td>\n<td width=\"503\">2\u041c\u041f+2\u041c\u041f<\/td>\n<\/tr>\n<tr>\n<td width=\"211\">\u0427\u0430\u0441\u0442\u043e\u0442\u0430 \u0438\u0437\u043e\u0431\u0440\u0430\u0436\u0435\u043d\u0438\u044f<\/td>\n<td width=\"503\">25 \u043a\u0430\u0434\u0440\u043e\u0432 \u0432 \u0441\u0435\u043a\u0443\u043d\u0434\u0443<\/td>\n<\/tr>\n<tr>\n<td width=\"211\">Resoluci\u00f3n<\/td>\n<td width=\"503\">2560*1440<\/td>\n<\/tr>\n<tr>\n<td width=\"211\">\u041b\u0435\u043d\u0442\u0435<\/td>\n<td width=\"503\">3,6 \u043c\u043c \u0438 12 \u043c\u043c<\/td>\n<\/tr>\n<tr>\n<td width=\"211\">Visi\u00f3n nocturna<\/td>\n<td width=\"503\">4\u0448\u0442 \u0418\u043d\u0444\u0440\u0430\u043a\u0440\u0430\u0441\u043d\u044b\u0435+4\u0448\u0442 \u0431\u0435\u043b\u044b\u0435 \u0441\u0432\u0435\u0442\u043e\u0434\u0438\u043e\u0434\u044b, Alcance IR: 50M<\/td>\n<\/tr>\n<tr>\n<td rowspan=\"2\" width=\"101\">\u0410\u0443\u0434\u0438\u043e<\/td>\n<td width=\"211\">\u041d\u043e\u0440\u043c\u0430 \u043a\u043e\u0434\u0438\u0444\u0438\u043a\u0430\u0446\u0438\u0438<\/td>\n<td width=\"503\">\u0413.711<\/td>\n<\/tr>\n<tr>\n<td width=\"211\">\u0410\u0443\u0434\u0438\u043e \u0434\u0432\u0443\u043d\u0430\u043f\u0440\u0430\u0432\u043b\u0435\u043d\u043d\u044b\u0439<\/td>\n<td width=\"503\">\u0421\u043e\u043f\u043e\u0440\u0442\u0435<\/td>\n<\/tr>\n<tr>\n<td rowspan=\"2\" width=\"101\">\u0410\u043b\u044c\u043c\u0430\u0441\u0435\u043d\u0430\u043c\u044c\u0435\u043d\u0442\u043e<\/td>\n<td width=\"211\">\u041d\u0443\u0431\u0435<\/td>\n<td width=\"503\">\u0423\u044e\u0442\u043d\u044b\u0439 \u0443\u0433\u043e\u043b\u043e\u043a \u0432 \u043d\u0435\u0431\u0435\u0441\u0430\u0445<\/td>\n<\/tr>\n<tr>\n<td width=\"211\">\u0422\u0430\u0440\u0436\u0435\u0442\u0430 TF<\/td>\n<td width=\"503\">\u0422\u0430\u0440\u044c\u0435\u0442\u0430 TF \u043d\u0430 128 \u0413\u0411 \u043a\u0430\u043a \u043c\u0430\u043a\u0441\u0438\u043c\u0430\u043b\u044c\u043d\u0430\u044f<\/td>\n<\/tr>\n<tr>\n<td rowspan=\"6\" width=\"101\">\u041a\u0440\u0430\u0441\u043d\u044b\u0439<\/td>\n<td width=\"211\">\u0418\u043c\u044f \u043f\u0440\u0438\u043b\u043e\u0436\u0435\u043d\u0438\u044f<\/td>\n<td width=\"503\">iCSee<\/td>\n<\/tr>\n<tr>\n<td width=\"211\">Wi-Fi (2,4 \u0413\u0413\u0446)<\/td>\n<td width=\"503\">IEEE 802.11b\/g\/n<\/td>\n<\/tr>\n<tr>\n<td width=\"211\">\u041f\u0440\u043e\u0442\u043e\u043a\u043e\u043b \u043a\u0440\u0430\u0441\u043d\u044b\u0439<\/td>\n<td width=\"503\">\u041f\u043e\u0434\u0434\u0435\u0440\u0436\u043a\u0430 TCP\/IP,RTSP,ONVIF<\/td>\n<\/tr>\n<tr>\n<td width=\"211\">\u0417\u0430\u0433\u0440\u0443\u0437\u0438\u0442\u044c<\/td>\n<td width=\"503\">iOS \u0432 App Store, Android \u0432 Google Play<\/td>\n<\/tr>\n<tr>\n<td width=\"211\">Wi-Fi \u0441\u043e\u0435\u0434\u0438\u043d\u0435\u043d\u0438\u0435<\/td>\n<td width=\"503\">\u041a\u043e\u0434 QR, \u043f\u043e\u0434\u043a\u043b\u044e\u0447\u0435\u043d\u0438\u0435 \u043a \u043a\u0440\u0430\u0441\u043d\u043e\u043c\u0443 \u043a\u0430\u0431\u0435\u043b\u044e, \u0442\u043e\u0447\u043a\u0430 \u0434\u043e\u0441\u0442\u0443\u043f\u0430 Conexi\u00f3n AP<\/td>\n<\/tr>\n<tr>\n<td width=\"211\">\u043d\u043e\u0432\u043e\u0441\u0442\u0438<\/td>\n<td width=\"503\">\u041f\u0440\u0438\u043b\u043e\u0436\u0435\u043d\u0438\u0435 Push<\/td>\n<\/tr>\n<tr>\n<td rowspan=\"3\" width=\"101\">\u041f\u0422\u0417<\/td>\n<td width=\"211\">\u041a\u0430\u0441\u0442\u0440\u044e\u043b\u044f<\/td>\n<td width=\"503\">355\u00b0<\/td>\n<\/tr>\n<tr>\n<td width=\"211\">\u041d\u0430\u043a\u043b\u043e\u043d<\/td>\n<td width=\"503\">90\u00b0<\/td>\n<\/tr>\n<tr>\n<td width=\"211\">\u0423\u0432\u0435\u043b\u0438\u0447\u0438\u0442\u044c<\/td>\n<td width=\"503\">8X<\/td>\n<\/tr>\n<tr>\n<td rowspan=\"6\" width=\"101\">\u0414\u0440\u0443\u0433\u0438\u0435<\/td>\n<td width=\"211\">Tension Apex<\/td>\n<td width=\"503\">\u0421\u0421 12\u0412 2\u0410<\/td>\n<\/tr>\n<tr>\n<td width=\"211\">Resistente a la intemperie<\/td>\n<td width=\"503\">IP66<\/td>\n<\/tr>\n<tr>\n<td width=\"211\">\u041f\u0440\u0430\u0432\u0438\u043b\u044c\u043d\u043e\u0435 \u043f\u043e\u043b\u043e\u0436\u0435\u043d\u0438\u0435<\/td>\n<td width=\"503\">\u0425\u043e\u0433\u0430\u0440, \u0442\u0438\u0435\u043d\u0434\u0430, \u0448\u043a\u043e\u043b\u0430, \u0444\u0430\u0431\u0440\u0438\u043a\u0430<\/td>\n<\/tr>\n<tr>\n<td width=\"211\">\u0422\u0435\u043c\u043f\u0435\u0440\u0430\u0442\u0443\u0440\u0430 \u0442\u0440\u0443\u0434\u0430<\/td>\n<td>-20\u2103-\uff0b55\u2103<\/td>\n<\/tr>\n<tr>\n<td width=\"211\">Humedad de trabajo<\/td>\n<td>10%-90%<\/td>\n<\/tr>\n<tr>\n<td>\u0422\u0430\u043c\u0430\u043d\u044c\u043e<\/td>\n<td>156*105*170 \u043c\u043c (\u0414\u00d7\u0428\u00d7\u0412)<\/td>\n<\/tr>\n<\/tbody>\n<\/table>","protected":false},"excerpt":{"rendered":"<p>PTZ-\u043a\u0430\u043c\u0435\u0440\u0430 \u0441 \u0434\u0432\u043e\u0439\u043d\u044b\u043c \u0443\u0432\u0435\u043b\u0438\u0447\u0435\u043d\u0438\u0435\u043c \u0438 8-\u043a\u0440\u0430\u0442\u043d\u044b\u043c \u0443\u0432\u0435\u043b\u0438\u0447\u0435\u043d\u0438\u0435\u043c \u0434\u043b\u044f \u0432\u043d\u0443\u0442\u0440\u0435\u043d\u043d\u0438\u0445 \u043f\u043e\u043c\u0435\u0449\u0435\u043d\u0438\u0439:<br \/>\n1. \u0420\u0430\u0437\u0440\u0435\u0448\u0435\u043d\u0438\u0435: 2MP+2MP<br \/>\n2. 32-\u0431\u0438\u0442\u043d\u043e\u0435 \u0438 \u0434\u0432\u043e\u0439\u043d\u043e\u0435 \u044f\u0434\u0440\u043e DSP (NT98566), \u0447\u0438\u0441\u0442\u043e\u0435 \u0438 \u0442\u0432\u0435\u0440\u0434\u043e\u0435 \u0441\u0436\u0430\u0442\u0438\u0435<br \/>\n3. \u0414\u0432\u043e\u0439\u043d\u043e\u0439 \u043e\u0431\u044a\u0435\u043a\u0442\u0438\u0432: 3,6 \u043c\u043c + 12 \u043c\u043c, \u043e\u0431\u044a\u0435\u043a\u0442\u0438\u0432\u043d\u044b\u0439 \u0437\u0443\u043c 8X<br \/>\n4. PTZ: \u043f\u0430\u043d\u043e\u0440\u0430\u043c\u0438\u0440\u043e\u0432\u0430\u043d\u0438\u0435: 355\u00b0, \u043d\u0430\u043a\u043b\u043e\u043d: 90<br \/>\n5. \u0414\u0432\u043e\u0439\u043d\u044b\u0435 \u043b\u0443\u0447\u0438: 6 \u0431\u0435\u043b\u044b\u0445 + 6 \u0438\u043d\u0444\u0440\u0430\u043a\u0440\u0430\u0441\u043d\u044b\u0445 \u043b\u0443\u0447\u0435\u0439, \u0440\u0430\u0441\u0441\u0442\u043e\u044f\u043d\u0438\u0435 50 \u043c \u0418\u041a.<br \/>\n6. \u041f\u0440\u0435\u0434\u0432\u0430\u0440\u0438\u0442\u0435\u043b\u044c\u043d\u0430\u044f \u0432\u0438\u0437\u0443\u0430\u043b\u0438\u0437\u0430\u0446\u0438\u044f \u0432 \u0434\u0432\u0443\u0445 \u043f\u0430\u043d\u0442\u0430\u043b\u043b\u0430\u0445, \u043f\u0440\u0435\u0434\u0432\u0430\u0440\u0438\u0442\u0435\u043b\u044c\u043d\u0430\u044f \u0432\u0438\u0437\u0443\u0430\u043b\u0438\u0437\u0430\u0446\u0438\u044f \u0438\u0437\u043e\u0431\u0440\u0430\u0436\u0435\u043d\u0438\u044f \u0441 \u043f\u043e\u043c\u043e\u0449\u044c\u044e \u0438\u0437\u043e\u0431\u0440\u0430\u0436\u0435\u043d\u0438\u044f<br \/>\n7. Seguimiento humano Zoom 8X; \u0414\u0432\u0443\u043d\u0430\u043f\u0440\u0430\u0432\u043b\u0435\u043d\u043d\u044b\u0439 \u0437\u0432\u0443\u043a, \u043e\u0431\u043d\u0430\u0440\u0443\u0436\u0435\u043d\u0438\u0435 \u0447\u0435\u043b\u043e\u0432\u0435\u043a\u0430<br \/>\n8. \u041a\u043e\u0434 QR, \u043a\u0440\u0430\u0441\u043d\u044b\u0439 \u043a\u0430\u0431\u0435\u043b\u044c \u0438 \u043f\u043e\u0434\u043a\u043b\u044e\u0447\u0435\u043d\u0438\u0435 \u043a \u0442\u043e\u0447\u043a\u0435 \u0434\u043e\u0441\u0442\u0443\u043f\u0430 AP.<br \/>\n9. \u041a\u0430\u0440\u0442\u0430 \u043f\u0430\u043c\u044f\u0442\u0438 128G, \u043f\u043e\u0434\u0434\u0435\u0440\u0436\u043a\u0430 almacenamiento en la nube<\/p>","protected":false},"featured_media":2722,"template":"","meta":[],"product_brand":[],"product_cat":[405],"product_tag":[434,437,432],"class_list":{"0":"post-3277","1":"product","2":"type-product","3":"status-publish","4":"has-post-thumbnail","6":"product_cat-camara-wifi-de-doble-lente","7":"product_tag-camara-inteligente","8":"product_tag-camaras-de-seguridad-baratas","9":"product_tag-mejor-camara-de-seguridad-domestica","11":"first","12":"instock","13":"shipping-taxable","14":"product-type-simple"},"acf":[],"yoast_head":"<!-- This site is optimized with the Yoast SEO Premium plugin v20.2.1 (Yoast SEO v26.1.1) - https:\/\/yoast.com\/wordpress\/plugins\/seo\/ -->\n<title>2023 Nuevo dise\u00f1o mejor doble c\u00e1mara lente interior beb\u00e9 monitor barato hogar c\u00e1mara de seguridad - Bokysee Technology Co.,LTD<\/title>\n<meta name=\"description\" content=\"2023 Bokysee nuevo dise\u00f1o mejor doble lente de la c\u00e1mara de vigilancia del beb\u00e9 de interior barato inteligente c\u00e1mara de seguridad para el hogar para la seguridad del hogar de interior\" \/>\n<meta name=\"robots\" content=\"index, follow, max-snippet:-1, max-image-preview:large, max-video-preview:-1\" \/>\n<link rel=\"canonical\" href=\"https:\/\/bokysee.com\/ru\/products\/2023-nuevo-diseno-mejor-doble-camara-lente-interior-bebe-monitor-barato-hogar-camara-de-seguridad\/\" \/>\n<meta property=\"og:locale\" content=\"ru_RU\" \/>\n<meta property=\"og:type\" content=\"article\" \/>\n<meta property=\"og:title\" content=\"2023 Nuevo dise\u00f1o mejor doble c\u00e1mara lente interior beb\u00e9 monitor barato hogar c\u00e1mara de seguridad\" \/>\n<meta property=\"og:description\" content=\"2023 Bokysee nuevo dise\u00f1o mejor doble lente de la c\u00e1mara de vigilancia del beb\u00e9 de interior barato inteligente c\u00e1mara de seguridad para el hogar para la seguridad del hogar de interior\" \/>\n<meta property=\"og:url\" content=\"https:\/\/bokysee.com\/ru\/products\/2023-nuevo-diseno-mejor-doble-camara-lente-interior-bebe-monitor-barato-hogar-camara-de-seguridad\/\" \/>\n<meta property=\"og:site_name\" content=\"Bokysee Technology Co.,LTD\" \/>\n<meta property=\"og:image\" content=\"https:\/\/bokysee.com\/wp-content\/uploads\/2023\/04\/BK-DL10D-1.jpg\" \/>\n\t<meta property=\"og:image:width\" content=\"800\" \/>\n\t<meta property=\"og:image:height\" content=\"800\" \/>\n\t<meta property=\"og:image:type\" content=\"image\/jpeg\" \/>\n<meta name=\"twitter:card\" content=\"summary_large_image\" \/>\n<meta name=\"twitter:label1\" content=\"\u041f\u0440\u0438\u043c\u0435\u0440\u043d\u043e\u0435 \u0432\u0440\u0435\u043c\u044f \u0434\u043b\u044f \u0447\u0442\u0435\u043d\u0438\u044f\" \/>\n\t<meta name=\"twitter:data1\" content=\"1 \u043c\u0438\u043d\u0443\u0442\u0430\" \/>\n<script type=\"application\/ld+json\" class=\"yoast-schema-graph\">{\"@context\":\"https:\/\/schema.org\",\"@graph\":[{\"@type\":\"WebPage\",\"@id\":\"https:\/\/bokysee.com\/es\/products\/2023-nuevo-diseno-mejor-doble-camara-lente-interior-bebe-monitor-barato-hogar-camara-de-seguridad\/\",\"url\":\"https:\/\/bokysee.com\/es\/products\/2023-nuevo-diseno-mejor-doble-camara-lente-interior-bebe-monitor-barato-hogar-camara-de-seguridad\/\",\"name\":\"2023 Nuevo dise\u00f1o mejor doble c\u00e1mara lente interior beb\u00e9 monitor barato hogar c\u00e1mara de seguridad - Bokysee Technology Co.,LTD\",\"isPartOf\":{\"@id\":\"https:\/\/bokysee.com\/#website\"},\"primaryImageOfPage\":{\"@id\":\"https:\/\/bokysee.com\/es\/products\/2023-nuevo-diseno-mejor-doble-camara-lente-interior-bebe-monitor-barato-hogar-camara-de-seguridad\/#primaryimage\"},\"image\":{\"@id\":\"https:\/\/bokysee.com\/es\/products\/2023-nuevo-diseno-mejor-doble-camara-lente-interior-bebe-monitor-barato-hogar-camara-de-seguridad\/#primaryimage\"},\"thumbnailUrl\":\"https:\/\/bokysee.com\/wp-content\/uploads\/2023\/04\/BK-DL10D-1.jpg\",\"datePublished\":\"2023-04-11T00:59:25+00:00\",\"description\":\"2023 Bokysee nuevo dise\u00f1o mejor doble lente de la c\u00e1mara de vigilancia del beb\u00e9 de interior barato inteligente c\u00e1mara de seguridad para el hogar para la seguridad del hogar de interior\",\"breadcrumb\":{\"@id\":\"https:\/\/bokysee.com\/es\/products\/2023-nuevo-diseno-mejor-doble-camara-lente-interior-bebe-monitor-barato-hogar-camara-de-seguridad\/#breadcrumb\"},\"inLanguage\":\"ru-RU\",\"potentialAction\":[{\"@type\":\"ReadAction\",\"target\":[\"https:\/\/bokysee.com\/es\/products\/2023-nuevo-diseno-mejor-doble-camara-lente-interior-bebe-monitor-barato-hogar-camara-de-seguridad\/\"]}]},{\"@type\":\"ImageObject\",\"inLanguage\":\"ru-RU\",\"@id\":\"https:\/\/bokysee.com\/es\/products\/2023-nuevo-diseno-mejor-doble-camara-lente-interior-bebe-monitor-barato-hogar-camara-de-seguridad\/#primaryimage\",\"url\":\"https:\/\/bokysee.com\/wp-content\/uploads\/2023\/04\/BK-DL10D-1.jpg\",\"contentUrl\":\"https:\/\/bokysee.com\/wp-content\/uploads\/2023\/04\/BK-DL10D-1.jpg\",\"width\":800,\"height\":800,\"caption\":\"security bulb camera\"},{\"@type\":\"BreadcrumbList\",\"@id\":\"https:\/\/bokysee.com\/es\/products\/2023-nuevo-diseno-mejor-doble-camara-lente-interior-bebe-monitor-barato-hogar-camara-de-seguridad\/#breadcrumb\",\"itemListElement\":[{\"@type\":\"ListItem\",\"position\":1,\"name\":\"Home\",\"item\":\"https:\/\/bokysee.com\/\"},{\"@type\":\"ListItem\",\"position\":2,\"name\":\"Products\",\"item\":\"https:\/\/bokysee.com\/products\/\"},{\"@type\":\"ListItem\",\"position\":3,\"name\":\"2023 Nuevo dise\u00f1o mejor doble c\u00e1mara lente interior beb\u00e9 monitor barato hogar c\u00e1mara de seguridad\"}]},{\"@type\":\"WebSite\",\"@id\":\"https:\/\/bokysee.com\/#website\",\"url\":\"https:\/\/bokysee.com\/\",\"name\":\"Bokysee Technology Co.,LTD\",\"description\":\"Professional Smart Indoor and Outdoor Security Cameras Solution Supplier\",\"potentialAction\":[{\"@type\":\"SearchAction\",\"target\":{\"@type\":\"EntryPoint\",\"urlTemplate\":\"https:\/\/bokysee.com\/?s={search_term_string}\"},\"query-input\":{\"@type\":\"PropertyValueSpecification\",\"valueRequired\":true,\"valueName\":\"search_term_string\"}}],\"inLanguage\":\"ru-RU\"}]}<\/script>\n<!-- \/ Yoast SEO Premium plugin. -->","yoast_head_json":{"title":"2023 Nuevo dise\u00f1o mejor doble c\u00e1mara lente interior beb\u00e9 monitor barato hogar c\u00e1mara de seguridad - Bokysee Technology Co.,LTD","description":"2023 Bokysee nuevo dise\u00f1o mejor doble lente de la c\u00e1mara de vigilancia del beb\u00e9 de interior barato inteligente c\u00e1mara de seguridad para el hogar para la seguridad del hogar de interior","robots":{"index":"index","follow":"follow","max-snippet":"max-snippet:-1","max-image-preview":"max-image-preview:large","max-video-preview":"max-video-preview:-1"},"canonical":"https:\/\/bokysee.com\/ru\/products\/2023-nuevo-diseno-mejor-doble-camara-lente-interior-bebe-monitor-barato-hogar-camara-de-seguridad\/","og_locale":"ru_RU","og_type":"article","og_title":"2023 Nuevo dise\u00f1o mejor doble c\u00e1mara lente interior beb\u00e9 monitor barato hogar c\u00e1mara de seguridad","og_description":"2023 Bokysee nuevo dise\u00f1o mejor doble lente de la c\u00e1mara de vigilancia del beb\u00e9 de interior barato inteligente c\u00e1mara de seguridad para el hogar para la seguridad del hogar de interior","og_url":"https:\/\/bokysee.com\/ru\/products\/2023-nuevo-diseno-mejor-doble-camara-lente-interior-bebe-monitor-barato-hogar-camara-de-seguridad\/","og_site_name":"Bokysee Technology Co.,LTD","og_image":[{"width":800,"height":800,"url":"https:\/\/bokysee.com\/wp-content\/uploads\/2023\/04\/BK-DL10D-1.jpg","type":"image\/jpeg"}],"twitter_card":"summary_large_image","twitter_misc":{"\u041f\u0440\u0438\u043c\u0435\u0440\u043d\u043e\u0435 \u0432\u0440\u0435\u043c\u044f \u0434\u043b\u044f \u0447\u0442\u0435\u043d\u0438\u044f":"1 \u043c\u0438\u043d\u0443\u0442\u0430"},"schema":{"@context":"https:\/\/schema.org","@graph":[{"@type":"WebPage","@id":"https:\/\/bokysee.com\/es\/products\/2023-nuevo-diseno-mejor-doble-camara-lente-interior-bebe-monitor-barato-hogar-camara-de-seguridad\/","url":"https:\/\/bokysee.com\/es\/products\/2023-nuevo-diseno-mejor-doble-camara-lente-interior-bebe-monitor-barato-hogar-camara-de-seguridad\/","name":"2023 Nuevo dise\u00f1o mejor doble c\u00e1mara lente interior beb\u00e9 monitor barato hogar c\u00e1mara de seguridad - Bokysee Technology Co.,LTD","isPartOf":{"@id":"https:\/\/bokysee.com\/#website"},"primaryImageOfPage":{"@id":"https:\/\/bokysee.com\/es\/products\/2023-nuevo-diseno-mejor-doble-camara-lente-interior-bebe-monitor-barato-hogar-camara-de-seguridad\/#primaryimage"},"image":{"@id":"https:\/\/bokysee.com\/es\/products\/2023-nuevo-diseno-mejor-doble-camara-lente-interior-bebe-monitor-barato-hogar-camara-de-seguridad\/#primaryimage"},"thumbnailUrl":"https:\/\/bokysee.com\/wp-content\/uploads\/2023\/04\/BK-DL10D-1.jpg","datePublished":"2023-04-11T00:59:25+00:00","description":"2023 Bokysee nuevo dise\u00f1o mejor doble lente de la c\u00e1mara de vigilancia del beb\u00e9 de interior barato inteligente c\u00e1mara de seguridad para el hogar para la seguridad del hogar de interior","breadcrumb":{"@id":"https:\/\/bokysee.com\/es\/products\/2023-nuevo-diseno-mejor-doble-camara-lente-interior-bebe-monitor-barato-hogar-camara-de-seguridad\/#breadcrumb"},"inLanguage":"ru-RU","potentialAction":[{"@type":"ReadAction","target":["https:\/\/bokysee.com\/es\/products\/2023-nuevo-diseno-mejor-doble-camara-lente-interior-bebe-monitor-barato-hogar-camara-de-seguridad\/"]}]},{"@type":"ImageObject","inLanguage":"ru-RU","@id":"https:\/\/bokysee.com\/es\/products\/2023-nuevo-diseno-mejor-doble-camara-lente-interior-bebe-monitor-barato-hogar-camara-de-seguridad\/#primaryimage","url":"https:\/\/bokysee.com\/wp-content\/uploads\/2023\/04\/BK-DL10D-1.jpg","contentUrl":"https:\/\/bokysee.com\/wp-content\/uploads\/2023\/04\/BK-DL10D-1.jpg","width":800,"height":800,"caption":"security bulb camera"},{"@type":"BreadcrumbList","@id":"https:\/\/bokysee.com\/es\/products\/2023-nuevo-diseno-mejor-doble-camara-lente-interior-bebe-monitor-barato-hogar-camara-de-seguridad\/#breadcrumb","itemListElement":[{"@type":"ListItem","position":1,"name":"Home","item":"https:\/\/bokysee.com\/"},{"@type":"ListItem","position":2,"name":"Products","item":"https:\/\/bokysee.com\/products\/"},{"@type":"ListItem","position":3,"name":"2023 Nuevo dise\u00f1o mejor doble c\u00e1mara lente interior beb\u00e9 monitor barato hogar c\u00e1mara de seguridad"}]},{"@type":"WebSite","@id":"https:\/\/bokysee.com\/#website","url":"https:\/\/bokysee.com\/","name":"Bokysee Technology Co.,LTD","description":"Professional Smart Indoor and Outdoor Security Cameras Solution Supplier","potentialAction":[{"@type":"SearchAction","target":{"@type":"EntryPoint","urlTemplate":"https:\/\/bokysee.com\/?s={search_term_string}"},"query-input":{"@type":"PropertyValueSpecification","valueRequired":true,"valueName":"search_term_string"}}],"inLanguage":"ru-RU"}]}},"_links":{"self":[{"href":"https:\/\/bokysee.com\/ru\/wp-json\/wp\/v2\/product\/3277","targetHints":{"allow":["GET"]}}],"collection":[{"href":"https:\/\/bokysee.com\/ru\/wp-json\/wp\/v2\/product"}],"about":[{"href":"https:\/\/bokysee.com\/ru\/wp-json\/wp\/v2\/types\/product"}],"version-history":[{"count":0,"href":"https:\/\/bokysee.com\/ru\/wp-json\/wp\/v2\/product\/3277\/revisions"}],"wp:featuredmedia":[{"embeddable":true,"href":"https:\/\/bokysee.com\/ru\/wp-json\/wp\/v2\/media\/2722"}],"wp:attachment":[{"href":"https:\/\/bokysee.com\/ru\/wp-json\/wp\/v2\/media?parent=3277"}],"wp:term":[{"taxonomy":"product_brand","embeddable":true,"href":"https:\/\/bokysee.com\/ru\/wp-json\/wp\/v2\/product_brand?post=3277"},{"taxonomy":"product_cat","embeddable":true,"href":"https:\/\/bokysee.com\/ru\/wp-json\/wp\/v2\/product_cat?post=3277"},{"taxonomy":"product_tag","embeddable":true,"href":"https:\/\/bokysee.com\/ru\/wp-json\/wp\/v2\/product_tag?post=3277"}],"curies":[{"name":"wp","href":"https:\/\/api.w.org\/{rel}","templated":true}]}}