{"id":3243,"date":"2023-05-10T04:04:57","date_gmt":"2023-05-09T20:04:57","guid":{"rendered":"https:\/\/bokysee.com\/products\/mayorista-wifi-smart-5x-zoom-digital-cctv-sistema-de-vigilancia-de-la-camara-proveedor\/"},"modified":"2023-05-10T04:04:57","modified_gmt":"2023-05-09T20:04:57","slug":"mayorista-wifi-smart-5x-digital-zoom-cctv-surveillance-system-camera-supplier","status":"publish","type":"product","link":"https:\/\/bokysee.com\/ru\/products\/mayorista-wifi-smart-5x-digital-zoom-cctv-surveillance-system-camera-supplier\/","title":{"rendered":"Mayorista Wi-Fi Smart 5X Zoom \u0426\u0438\u0444\u0440\u043e\u0432\u0430\u044f \u0441\u0438\u0441\u0442\u0435\u043c\u0430 \u0432\u0438\u0434\u0435\u043e\u043d\u0430\u0431\u043b\u044e\u0434\u0435\u043d\u0438\u044f Sistema de Vigilancia de la C\u00e1mara Proveedor"},"content":{"rendered":"<p>Mayorista Wi-Fi Smart 5X Zoom \u0426\u0438\u0444\u0440\u043e\u0432\u0430\u044f \u0441\u0438\u0441\u0442\u0435\u043c\u0430 \u0432\u0438\u0434\u0435\u043e\u043d\u0430\u0431\u043b\u044e\u0434\u0435\u043d\u0438\u044f Sistema de Vigilancia de la C\u00e1mara Proveedor<\/p>\n<table width=\"815\">\n<tbody>\n<tr>\n<td width=\"101\">\u041c\u043e\u0434\u0435\u043b\u044c<\/td>\n<td width=\"211\">\u0411\u041a-\u041f\u042204\u04142\u041c<\/td>\n<td width=\"503\">\u0411\u041a-\u041f\u042204\u04142\u041a<\/td>\n<\/tr>\n<tr>\n<td width=\"101\">\u043a\u043e\u043d\u0442\u0440\u043e\u043b\u044c \u043f\u0440\u0438\u043d\u0446\u0438\u043f\u0430\u043b\u0430<\/td>\n<td width=\"211\">\u0414\u0432\u043e\u0439\u043d\u043e\u0435 \u044f\u0434\u0440\u043e DSP, 32 \u0431\u0438\u0442\u0430 (XM530V200)<\/td>\n<td>32-\u0431\u0438\u0442\u043d\u044b\u0439 DSP \u0438 \u0434\u0432\u043e\u0439\u043d\u043e\u0435 \u044f\u0434\u0440\u043e (GK7205V210)<\/td>\n<\/tr>\n<tr>\n<td width=\"101\">\u0434\u0430\u0442\u0447\u0438\u043a<\/td>\n<td>\u0414\u0430\u0442\u0447\u0438\u043a CMOS \u0432\u044b\u0441\u043e\u043a\u043e\u0433\u043e \u0440\u0430\u0437\u0440\u0435\u0448\u0435\u043d\u0438\u044f \u0432 2 \u043c\u0438\u043b\u043b\u0438\u043e\u043d\u0430 1\/2,8 \u0434\u044e\u0439\u043c\u0430<\/td>\n<td>\u0414\u0430\u0442\u0447\u0438\u043a CMOS \u0432 \u0432\u044b\u0441\u043e\u043a\u043e\u043c \u0438\u0441\u043f\u043e\u043b\u043d\u0435\u043d\u0438\u0438<\/td>\n<\/tr>\n<tr>\n<td width=\"101\">\u041c\u0438\u043d\u0438\u043c\u0430\u043b\u044c\u043d\u0430\u044f \u043e\u0441\u0432\u0435\u0449\u0435\u043d\u043d\u043e\u0441\u0442\u044c<\/td>\n<td colspan=\"2\" width=\"714\">\u0426\u0432\u0435\u0442: 0,01 \u043b\u044e\u043a\u0441 @(F1.2,AGC \u0412\u041a\u041b); 0 \u043b\u044e\u043a\u0441 \u0441 \u0418\u041a;<br \/>\n\u0431\u0435\u043b\u044b\u0439 \u0438 \u0447\u0435\u0440\u043d\u044b\u0439: 0,001 \u043b\u044e\u043a\u0441 @ (F1.2,AGC \u0412\u041a\u041b), 0 \u043b\u044e\u043a\u0441 \u0441 \u0418\u041a<\/td>\n<\/tr>\n<tr>\n<td width=\"101\">\u043e\u0431\u0442\u0443\u0440\u0430\u0434\u043e\u0440<\/td>\n<td colspan=\"2\">1\/50 (1\/60) \u0441\u0435\u043a\u0443\u043d\u0434\u044b \u0434\u043e 1\/10000 \u0441\u0435\u043a\u0443\u043d\u0434\u044b<\/td>\n<\/tr>\n<tr>\n<td width=\"101\">\u0440\u0430\u0441\u0441\u0442\u043e\u044f\u043d\u0438\u0435 \u0444\u043e\u043a\u0443\u0441\u043d\u043e\u0435<\/td>\n<td>F2.0*3.6MM<\/td>\n<td>F2.0*3.6MM<\/td>\n<\/tr>\n<tr>\n<td width=\"101\">\u0441\u043e\u043a\u0440\u0430\u0449\u0435\u043d\u0438\u0435 \u0448\u0443\u043c\u0430<\/td>\n<td colspan=\"2\">\u0421\u043e\u043f\u043e\u0440\u0442\u0430 2D\/3D<\/td>\n<\/tr>\n<tr>\n<td width=\"101\">\u0424\u043e\u0440\u043c\u0430\u0442 \u0432\u0438\u0434\u0435\u043e<\/td>\n<td colspan=\"2\">H.265AI<\/td>\n<\/tr>\n<tr>\n<td width=\"101\">\u0441\u0438\u043b\u0430 \u0440\u0435\u0448\u0438\u043c\u043e\u0441\u0442\u0438<\/td>\n<td>\u041e\u0441\u043d\u043e\u0432\u043d\u043e\u0439 \u043a\u043e\u0434: 1920 * 1080; \u0412\u0442\u043e\u0440\u043e\u0435 \u043f\u043b\u0430\u0432\u0430\u043d\u0438\u0435: 800 * 448<\/td>\n<td>\u041e\u0441\u043d\u043e\u0432\u043d\u043e\u0435 \u0440\u0430\u0437\u0440\u0435\u0448\u0435\u043d\u0438\u0435 \u043a\u043e\u0434\u0430: 2560 * 1440; \u0412\u0442\u043e\u0440\u043e\u0435 \u043f\u043b\u0430\u0432\u0430\u043d\u0438\u0435: 800 * 448<\/td>\n<\/tr>\n<tr>\n<td width=\"101\">\u0427\u0430\u0441\u0442\u043e\u0442\u0430 \u0438\u0437\u043e\u0431\u0440\u0430\u0436\u0435\u043d\u0438\u044f<\/td>\n<td colspan=\"2\" width=\"714\">12 \u043a\u0430\u0434\u0440\u043e\u0432 \u0432 \u0441\u0435\u043a\u0443\u043d\u0434\u0443<\/td>\n<\/tr>\n<tr>\n<td width=\"101\">\u0423\u043c\u043d\u044b\u0439 \u0430\u043d\u0430\u043b\u0438\u0437<\/td>\n<td colspan=\"2\" width=\"714\">Detection de la forma humana<\/td>\n<\/tr>\n<tr>\n<td width=\"101\">\u0424\u0443\u043d\u043a\u0446\u0438\u044f \u043f\u0440\u043e\u0434\u043e\u043b\u0436\u0435\u043d\u0438\u044f<\/td>\n<td colspan=\"2\" width=\"714\">Seguimiento con Zoom de la forma humana<\/td>\n<\/tr>\n<tr>\n<td width=\"101\">\u0441\u0432\u0435\u0442\u044f\u0449\u0438\u0439\u0441\u044f \u0438\u0441\u0442\u043e\u0447\u043d\u0438\u043a<\/td>\n<td colspan=\"2\" width=\"714\">6 \u0431\u0435\u043b\u044b\u0445 \u043b\u0430\u043c\u043f+2 \u0441\u0432\u0435\u0442\u043e\u0434\u0438\u043e\u0434\u043d\u044b\u0445 \u043c\u0430\u0441\u0441\u0438\u0432\u0430<\/td>\n<\/tr>\n<tr>\n<td width=\"101\">\u041c\u043e\u0434\u043e \u043b\u0443\u0437<\/td>\n<td colspan=\"2\" width=\"714\">Starlight a todo color\/vision nocturna por infrarrojos\/aviso de doble luz<\/td>\n<\/tr>\n<tr>\n<td width=\"101\">\u0413\u043e\u043b\u043e\u0441 \u0434\u0432\u0443\u043d\u0430\u043f\u0440\u0430\u0432\u043b\u0435\u043d\u043d\u044b\u0439<\/td>\n<td colspan=\"2\">\u0421\u043e\u0441\u0442\u0435\u043d\u0433\u0430<\/td>\n<\/tr>\n<tr>\n<td width=\"101\">\u0423\u044e\u0442\u043d\u044b\u0439 \u0443\u0433\u043e\u043b\u043e\u043a \u0432 \u043d\u0435\u0431\u0435\u0441\u0430\u0445<\/td>\n<td colspan=\"2\">\u0421\u043e\u0441\u0442\u0435\u043d\u0433\u0430<\/td>\n<\/tr>\n<tr>\n<td width=\"101\">Acuerdo de apoyo<\/td>\n<td colspan=\"2\" width=\"714\">\u041f\u043e\u0434\u0434\u0435\u0440\u0436\u043a\u0430 \u043f\u0440\u043e\u0442\u043e\u043a\u043e\u043b\u043e\u0432 NETIP \u0438 onvif<\/td>\n<\/tr>\n<tr>\n<td width=\"101\">\u0438\u043d\u0442\u0435\u0440\u0444\u0430\u0437\u0430 \u043a\u0440\u0430\u0441\u043d\u043e\u0433\u043e \u0446\u0432\u0435\u0442\u0430<\/td>\n<td colspan=\"2\">\u041f\u0443\u044d\u0440\u0442\u043e Ethernet \u0430\u0434\u0430\u043f\u0442\u0438\u0440\u0443\u0435\u043c\u044b\u0439 10M\/100M<\/td>\n<\/tr>\n<tr>\n<td width=\"101\">Interfaz de almacenamiento<\/td>\n<td colspan=\"2\">Tarjeta TF \u043c\u0435\u0441\u0442\u043d\u044b\u0439 (\u0445\u0430\u0441\u0442\u0430 256 G)<\/td>\n<\/tr>\n<tr>\n<td width=\"101\">\u0421\u0431\u0440\u043e\u0441 \u0438\u043d\u0442\u0435\u0440\u0444\u0435\u0439\u0441\u0430<\/td>\n<td colspan=\"2\">\u0420\u0435\u043a\u0443\u043f\u0435\u0440\u0430\u0446\u0438\u044f \u0441 \u043e\u0434\u0438\u043d\u043e\u0447\u043d\u044b\u043c \u043a\u043b\u0438\u043a\u043e\u043c<\/td>\n<\/tr>\n<tr>\n<td width=\"101\">\u041d\u043e\u0440\u043c\u0430 \u043d\u0435\u0430\u043c\u0431\u0440\u0438\u043a\u0430<\/td>\n<td colspan=\"2\">IEEE802.11b, 802.11g, 802.11n<\/td>\n<\/tr>\n<tr>\n<td width=\"101\">\u0433\u0430\u043c\u043c\u0430 \u0447\u0430\u0441\u0442\u043e\u0442<\/td>\n<td colspan=\"2\">2,4 \u0413\u0413\u0446 ~ 2,4835 \u0413\u0413\u0446<\/td>\n<\/tr>\n<tr>\n<td width=\"101\">\u0443\u0442\u0435\u0447\u043a\u0430 \u044d\u043d\u0435\u0440\u0433\u0438\u0438<\/td>\n<td colspan=\"2\">9 \u0412\u0442<\/td>\n<\/tr>\n<tr>\n<td width=\"101\">\u041a\u043e\u043b\u0438\u0447\u0435\u0441\u0442\u0432\u043e \u043f\u0440\u043e\u0434\u0443\u043a\u0442\u0430<\/td>\n<td colspan=\"2\">168*118*205\u043c\u043c<\/td>\n<\/tr>\n<tr>\n<td width=\"101\">\u0422\u0430\u043c\u0430\u043d\u044c\u043e \u0434\u0435 \u043b\u0430 \u043a\u0430\u0445\u0430 \u0434\u0435 \u043a\u043e\u043b\u043e\u0440<\/td>\n<td colspan=\"2\">223*220*130\u043c\u043c<\/td>\n<\/tr>\n<tr>\n<td width=\"101\">\u0442\u0435\u043c\u043f\u0435\u0440\u0430\u0442\u0443\u0440\u0430<\/td>\n<td colspan=\"2\">Cero 10\u00b0C -60\u00b0C, \u0433\u0443\u043c\u0435\u0434\u0430\u0434 \u043d\u0438\u0436\u0435 al 90% [\u0431\u0435\u0437 \u043a\u043e\u043d\u0434\u0435\u043d\u0441\u0430\u0446\u0438\u0438]<\/td>\n<\/tr>\n<tr>\n<td width=\"101\">\u0418\u0441\u0442\u043e\u0447\u043d\u0438\u043a \u043f\u0438\u0442\u0430\u043d\u0438\u044f<\/td>\n<td colspan=\"2\">\u0421\u0421 12 \u0412 \u00b1 10%<\/td>\n<\/tr>\n<tr>\n<td width=\"101\">\u043f\u0435\u0441\u043e<\/td>\n<td colspan=\"2\">\u041f\u0435\u0441\u043e \u043d\u0435\u0442\u0442\u043e: 0,524 \u043a\u0433 \u041f\u0435\u0441\u043e \u0431\u0440\u0443\u0442\u043e: 0,777 \u043a\u0433 (\u041f\u0440\u0438\u043c\u0435\u0447\u0430\u043d\u0438\u0435: \u043d\u0430\u0441\u0442\u043e\u044f\u0449\u0438\u0439 \u043f\u0440\u043e\u0434\u0443\u043a\u0442)<\/td>\n<\/tr>\n<\/tbody>\n<\/table>","protected":false},"excerpt":{"rendered":"<p>* \u0420\u0430\u0437\u0440\u0435\u0448\u0435\u043d\u0438\u0435: 2MP\/2,5K<br \/>\n* Caja: \u0421\u043f\u0435\u0446\u0438\u0430\u043b\u044c\u043d\u044b\u0439 \u043f\u043b\u0430\u0441\u0442\u0438\u043a\u043e\u0432\u044b\u0439 \u043a\u043e\u0440\u043f\u0443\u0441 \u0434\u043b\u044f \u041f\u041a<br \/>\n* \u0414\u0432\u043e\u0439\u043d\u044b\u0435 \u043b\u044e\u043c\u0438\u043d\u0435\u0441\u0446\u0435\u043d\u0442\u043d\u044b\u0435 \u043b\u0430\u043c\u043f\u044b: 6 \u0431\u0435\u043b\u044b\u0445 \u043b\u0430\u043c\u043f + 2 \u043c\u0430\u0441\u0441\u0438\u0432\u0430 \u0441\u0432\u0435\u0442\u043e\u0434\u0438\u043e\u0434\u043e\u0432.<br \/>\n* PTZ: 270\u00b0 \u043f\u043e \u0433\u043e\u0440\u0438\u0437\u043e\u043d\u0442\u0430\u043b\u0438 \u0438 90\u00b0 \u043f\u043e \u0432\u0435\u0440\u0442\u0438\u043a\u0430\u043b\u0438<br \/>\n* \u0418\u043d\u0442\u0435\u043b\u043b\u0435\u043a\u0442\u0443\u0430\u043b\u044c\u043d\u043e\u0435 \u043e\u0431\u043d\u0430\u0440\u0443\u0436\u0435\u043d\u0438\u0435 \u0433\u0443\u043c\u0430\u043d\u043e\u0438\u0434\u043e\u0432 Ai<br \/>\n* \u041f\u043e\u0434\u0434\u0435\u0440\u0436\u043a\u0430 \u0433\u043e\u043b\u043e\u0441\u043e\u0432\u044b\u0445 \u0441\u0438\u0433\u043d\u0430\u043b\u043e\u0432 \u00ab\u0421\u0434\u0435\u043b\u0430\u0439 \u0441\u0430\u043c\u00bb \u0438 \u0441\u0438\u0433\u043d\u0430\u043b\u0438\u0437\u0430\u0446\u0438\u044f \u00ab\u0421\u0434\u0435\u043b\u0430\u0439 \u0441\u0430\u043c\u00bb<br \/>\n* \u0410\u0432\u0442\u043e\u043c\u0430\u0442\u0438\u0447\u0435\u0441\u043a\u0430\u044f \u0440\u0435\u0433\u0443\u043b\u0438\u0440\u043e\u0432\u043a\u0430 \u0433\u043e\u0440\u0438\u0437\u043e\u043d\u0442\u0430\u043b\u044c\u043d\u043e\u0433\u043e \u043d\u0430\u043f\u0440\u0430\u0432\u043b\u0435\u043d\u0438\u044f;<br \/>\n* Tres modos nocturnos Ajuste:Luz Negra \u0438 \u0432\u0435\u0441\u044c \u0446\u0432\u0435\u0442,<br \/>\n\u041d\u043e\u0447\u043d\u043e\u0435 \u0432\u0438\u0434\u0435\u043d\u0438\u0435 \u0434\u043b\u044f \u0438\u043d\u0444\u0440\u0430\u043a\u0440\u0430\u0441\u043d\u043e\u0433\u043e \u0441\u0432\u0435\u0442\u0430, \u043f\u0440\u0435\u0434\u0443\u043f\u0440\u0435\u0436\u0434\u0430\u044e \u043e \u0434\u0432\u043e\u0439\u043d\u043e\u043c \u0441\u0432\u0435\u0442\u0435<br \/>\n* \u041f\u043e\u0434\u0434\u0435\u0440\u0436\u043a\u0430 Wi-Fi 2,4 \u0413\u0413\u0446, \u0442\u043e\u0447\u043a\u0430 \u0434\u043e\u0441\u0442\u0443\u043f\u0430 Conexi\u00f3n Directa,<br \/>\n\u0412\u043d\u0443\u0442\u0440\u0435\u043d\u043d\u0435\u0435 \u0441\u043e\u0435\u0434\u0438\u043d\u0435\u043d\u0438\u0435, \u043f\u043e\u0434\u043a\u043b\u044e\u0447\u0435\u043d\u0438\u0435 \u043a\u0430\u0431\u0435\u043b\u044f<br \/>\n* Apoya Amazon Alex\/Echo Show<br \/>\n* \u0421\u043f\u0435\u0446\u0438\u0430\u043b\u044c\u043d\u0430\u044f \u043f\u0435\u0440\u0441\u043e\u043d\u0430\u043b\u0438\u0437\u0438\u0440\u043e\u0432\u0430\u043d\u043d\u0430\u044f \u0430\u043d\u0442\u0435\u043d\u043d\u0430 5DB UANT<br \/>\n* \u041f\u043e\u0434\u0434\u0435\u0440\u0436\u043a\u0430 5 \u0434\u043e\u043f\u043e\u043b\u043d\u0438\u0442\u0435\u043b\u044c\u043d\u044b\u0445 \u0443\u0441\u0442\u0440\u043e\u0439\u0441\u0442\u0432, \u043e\u0434\u0438\u043d\u043e\u0447\u043d\u044b\u0439 5-\u043a\u0440\u0430\u0442\u043d\u044b\u0439 \u0446\u0438\u0444\u0440\u043e\u0432\u043e\u0439 \u0437\u0443\u043c<br \/>\n* \u041f\u043e\u0434\u0434\u0435\u0440\u0436\u043a\u0430 \u043a\u0430\u0440\u0442\u044b \u043f\u0430\u043c\u044f\u0442\u0438 128G, \u043f\u043e\u0434\u0434\u0435\u0440\u0436\u043a\u0430 \u043f\u0430\u043c\u044f\u0442\u0438 \u043d\u0430 \u043d\u0443\u0431\u0435<\/p>","protected":false},"featured_media":2984,"template":"","meta":[],"product_brand":[],"product_cat":[15],"product_tag":[313,317,314,316,315],"class_list":{"0":"post-3243","1":"product","2":"type-product","3":"status-publish","4":"has-post-thumbnail","6":"product_cat-uncategorized","7":"product_tag-camara-con-zoom-digital-5x","8":"product_tag-fabrica-de-camaras-ip-inalambricas","9":"product_tag-proveedor-de-camaras-inteligentes","10":"product_tag-sistema-inteligente-de-vigilancia-por-cctv","11":"product_tag-venta-al-por-mayor-camara-wifi-inteligente","13":"first","14":"instock","15":"shipping-taxable","16":"product-type-simple"},"acf":[],"yoast_head":"<!-- This site is optimized with the Yoast SEO Premium plugin v20.2.1 (Yoast SEO v26.1.1) - https:\/\/yoast.com\/wordpress\/plugins\/seo\/ -->\n<title>Mayorista Wifi Smart 5X Zoom Digital CCTV Sistema de Vigilancia de la C\u00e1mara Proveedor - Bokysee Technology Co.,LTD<\/title>\n<meta name=\"description\" content=\"C\u00e1mara IP Inal\u00e1mbrica F\u00e1brica Mayorista Inteligente Wifi 5X Zoom Digital Sistema de Vigilancia Inteligente Detecci\u00f3n Humana Seguridad Cctv C\u00e1mara IP Proveedor\" \/>\n<meta name=\"robots\" content=\"index, follow, max-snippet:-1, max-image-preview:large, max-video-preview:-1\" \/>\n<link rel=\"canonical\" href=\"https:\/\/bokysee.com\/ru\/products\/mayorista-wifi-smart-5x-zoom-digital-cctv-sistema-de-vigilancia-de-la-camara-proveedor\/\" \/>\n<meta property=\"og:locale\" content=\"ru_RU\" \/>\n<meta property=\"og:type\" content=\"article\" \/>\n<meta property=\"og:title\" content=\"Mayorista Wifi Smart 5X Zoom Digital CCTV Sistema de Vigilancia de la C\u00e1mara Proveedor\" \/>\n<meta property=\"og:description\" content=\"C\u00e1mara IP Inal\u00e1mbrica F\u00e1brica Mayorista Inteligente Wifi 5X Zoom Digital Sistema de Vigilancia Inteligente Detecci\u00f3n Humana Seguridad Cctv C\u00e1mara IP Proveedor\" \/>\n<meta property=\"og:url\" content=\"https:\/\/bokysee.com\/ru\/products\/mayorista-wifi-smart-5x-zoom-digital-cctv-sistema-de-vigilancia-de-la-camara-proveedor\/\" \/>\n<meta property=\"og:site_name\" content=\"Bokysee Technology Co.,LTD\" \/>\n<meta property=\"og:image\" content=\"https:\/\/bokysee.com\/wp-content\/uploads\/2023\/05\/BK-PT05D2M-3-1.jpg\" \/>\n\t<meta property=\"og:image:width\" content=\"800\" \/>\n\t<meta property=\"og:image:height\" content=\"800\" \/>\n\t<meta property=\"og:image:type\" content=\"image\/jpeg\" \/>\n<meta name=\"twitter:card\" content=\"summary_large_image\" \/>\n<meta name=\"twitter:label1\" content=\"\u041f\u0440\u0438\u043c\u0435\u0440\u043d\u043e\u0435 \u0432\u0440\u0435\u043c\u044f \u0434\u043b\u044f \u0447\u0442\u0435\u043d\u0438\u044f\" \/>\n\t<meta name=\"twitter:data1\" content=\"1 \u043c\u0438\u043d\u0443\u0442\u0430\" \/>\n<script type=\"application\/ld+json\" class=\"yoast-schema-graph\">{\"@context\":\"https:\/\/schema.org\",\"@graph\":[{\"@type\":\"WebPage\",\"@id\":\"https:\/\/bokysee.com\/es\/products\/mayorista-wifi-smart-5x-zoom-digital-cctv-sistema-de-vigilancia-de-la-camara-proveedor\/\",\"url\":\"https:\/\/bokysee.com\/es\/products\/mayorista-wifi-smart-5x-zoom-digital-cctv-sistema-de-vigilancia-de-la-camara-proveedor\/\",\"name\":\"Mayorista Wifi Smart 5X Zoom Digital CCTV Sistema de Vigilancia de la C\u00e1mara Proveedor - Bokysee Technology Co.,LTD\",\"isPartOf\":{\"@id\":\"https:\/\/bokysee.com\/#website\"},\"primaryImageOfPage\":{\"@id\":\"https:\/\/bokysee.com\/es\/products\/mayorista-wifi-smart-5x-zoom-digital-cctv-sistema-de-vigilancia-de-la-camara-proveedor\/#primaryimage\"},\"image\":{\"@id\":\"https:\/\/bokysee.com\/es\/products\/mayorista-wifi-smart-5x-zoom-digital-cctv-sistema-de-vigilancia-de-la-camara-proveedor\/#primaryimage\"},\"thumbnailUrl\":\"https:\/\/bokysee.com\/wp-content\/uploads\/2023\/05\/BK-PT05D2M-3-1.jpg\",\"datePublished\":\"2023-05-09T20:04:57+00:00\",\"description\":\"C\u00e1mara IP Inal\u00e1mbrica F\u00e1brica Mayorista Inteligente Wifi 5X Zoom Digital Sistema de Vigilancia Inteligente Detecci\u00f3n Humana Seguridad Cctv C\u00e1mara IP Proveedor\",\"breadcrumb\":{\"@id\":\"https:\/\/bokysee.com\/es\/products\/mayorista-wifi-smart-5x-zoom-digital-cctv-sistema-de-vigilancia-de-la-camara-proveedor\/#breadcrumb\"},\"inLanguage\":\"ru-RU\",\"potentialAction\":[{\"@type\":\"ReadAction\",\"target\":[\"https:\/\/bokysee.com\/es\/products\/mayorista-wifi-smart-5x-zoom-digital-cctv-sistema-de-vigilancia-de-la-camara-proveedor\/\"]}]},{\"@type\":\"ImageObject\",\"inLanguage\":\"ru-RU\",\"@id\":\"https:\/\/bokysee.com\/es\/products\/mayorista-wifi-smart-5x-zoom-digital-cctv-sistema-de-vigilancia-de-la-camara-proveedor\/#primaryimage\",\"url\":\"https:\/\/bokysee.com\/wp-content\/uploads\/2023\/05\/BK-PT05D2M-3-1.jpg\",\"contentUrl\":\"https:\/\/bokysee.com\/wp-content\/uploads\/2023\/05\/BK-PT05D2M-3-1.jpg\",\"width\":800,\"height\":800,\"caption\":\"best wireless security camera system\"},{\"@type\":\"BreadcrumbList\",\"@id\":\"https:\/\/bokysee.com\/es\/products\/mayorista-wifi-smart-5x-zoom-digital-cctv-sistema-de-vigilancia-de-la-camara-proveedor\/#breadcrumb\",\"itemListElement\":[{\"@type\":\"ListItem\",\"position\":1,\"name\":\"Home\",\"item\":\"https:\/\/bokysee.com\/\"},{\"@type\":\"ListItem\",\"position\":2,\"name\":\"Products\",\"item\":\"https:\/\/bokysee.com\/products\/\"},{\"@type\":\"ListItem\",\"position\":3,\"name\":\"Mayorista Wifi Smart 5X Zoom Digital CCTV Sistema de Vigilancia de la C\u00e1mara Proveedor\"}]},{\"@type\":\"WebSite\",\"@id\":\"https:\/\/bokysee.com\/#website\",\"url\":\"https:\/\/bokysee.com\/\",\"name\":\"Bokysee Technology Co.,LTD\",\"description\":\"Professional Smart Indoor and Outdoor Security Cameras Solution Supplier\",\"potentialAction\":[{\"@type\":\"SearchAction\",\"target\":{\"@type\":\"EntryPoint\",\"urlTemplate\":\"https:\/\/bokysee.com\/?s={search_term_string}\"},\"query-input\":{\"@type\":\"PropertyValueSpecification\",\"valueRequired\":true,\"valueName\":\"search_term_string\"}}],\"inLanguage\":\"ru-RU\"}]}<\/script>\n<!-- \/ Yoast SEO Premium plugin. -->","yoast_head_json":{"title":"Mayorista Wifi Smart 5X Zoom Digital CCTV Sistema de Vigilancia de la C\u00e1mara Proveedor - Bokysee Technology Co.,LTD","description":"C\u00e1mara IP Inal\u00e1mbrica F\u00e1brica Mayorista Inteligente Wifi 5X Zoom Digital Sistema de Vigilancia Inteligente Detecci\u00f3n Humana Seguridad Cctv C\u00e1mara IP Proveedor","robots":{"index":"index","follow":"follow","max-snippet":"max-snippet:-1","max-image-preview":"max-image-preview:large","max-video-preview":"max-video-preview:-1"},"canonical":"https:\/\/bokysee.com\/ru\/products\/mayorista-wifi-smart-5x-zoom-digital-cctv-sistema-de-vigilancia-de-la-camara-proveedor\/","og_locale":"ru_RU","og_type":"article","og_title":"Mayorista Wifi Smart 5X Zoom Digital CCTV Sistema de Vigilancia de la C\u00e1mara Proveedor","og_description":"C\u00e1mara IP Inal\u00e1mbrica F\u00e1brica Mayorista Inteligente Wifi 5X Zoom Digital Sistema de Vigilancia Inteligente Detecci\u00f3n Humana Seguridad Cctv C\u00e1mara IP Proveedor","og_url":"https:\/\/bokysee.com\/ru\/products\/mayorista-wifi-smart-5x-zoom-digital-cctv-sistema-de-vigilancia-de-la-camara-proveedor\/","og_site_name":"Bokysee Technology Co.,LTD","og_image":[{"width":800,"height":800,"url":"https:\/\/bokysee.com\/wp-content\/uploads\/2023\/05\/BK-PT05D2M-3-1.jpg","type":"image\/jpeg"}],"twitter_card":"summary_large_image","twitter_misc":{"\u041f\u0440\u0438\u043c\u0435\u0440\u043d\u043e\u0435 \u0432\u0440\u0435\u043c\u044f \u0434\u043b\u044f \u0447\u0442\u0435\u043d\u0438\u044f":"1 \u043c\u0438\u043d\u0443\u0442\u0430"},"schema":{"@context":"https:\/\/schema.org","@graph":[{"@type":"WebPage","@id":"https:\/\/bokysee.com\/es\/products\/mayorista-wifi-smart-5x-zoom-digital-cctv-sistema-de-vigilancia-de-la-camara-proveedor\/","url":"https:\/\/bokysee.com\/es\/products\/mayorista-wifi-smart-5x-zoom-digital-cctv-sistema-de-vigilancia-de-la-camara-proveedor\/","name":"Mayorista Wifi Smart 5X Zoom Digital CCTV Sistema de Vigilancia de la C\u00e1mara Proveedor - Bokysee Technology Co.,LTD","isPartOf":{"@id":"https:\/\/bokysee.com\/#website"},"primaryImageOfPage":{"@id":"https:\/\/bokysee.com\/es\/products\/mayorista-wifi-smart-5x-zoom-digital-cctv-sistema-de-vigilancia-de-la-camara-proveedor\/#primaryimage"},"image":{"@id":"https:\/\/bokysee.com\/es\/products\/mayorista-wifi-smart-5x-zoom-digital-cctv-sistema-de-vigilancia-de-la-camara-proveedor\/#primaryimage"},"thumbnailUrl":"https:\/\/bokysee.com\/wp-content\/uploads\/2023\/05\/BK-PT05D2M-3-1.jpg","datePublished":"2023-05-09T20:04:57+00:00","description":"C\u00e1mara IP Inal\u00e1mbrica F\u00e1brica Mayorista Inteligente Wifi 5X Zoom Digital Sistema de Vigilancia Inteligente Detecci\u00f3n Humana Seguridad Cctv C\u00e1mara IP Proveedor","breadcrumb":{"@id":"https:\/\/bokysee.com\/es\/products\/mayorista-wifi-smart-5x-zoom-digital-cctv-sistema-de-vigilancia-de-la-camara-proveedor\/#breadcrumb"},"inLanguage":"ru-RU","potentialAction":[{"@type":"ReadAction","target":["https:\/\/bokysee.com\/es\/products\/mayorista-wifi-smart-5x-zoom-digital-cctv-sistema-de-vigilancia-de-la-camara-proveedor\/"]}]},{"@type":"ImageObject","inLanguage":"ru-RU","@id":"https:\/\/bokysee.com\/es\/products\/mayorista-wifi-smart-5x-zoom-digital-cctv-sistema-de-vigilancia-de-la-camara-proveedor\/#primaryimage","url":"https:\/\/bokysee.com\/wp-content\/uploads\/2023\/05\/BK-PT05D2M-3-1.jpg","contentUrl":"https:\/\/bokysee.com\/wp-content\/uploads\/2023\/05\/BK-PT05D2M-3-1.jpg","width":800,"height":800,"caption":"best wireless security camera system"},{"@type":"BreadcrumbList","@id":"https:\/\/bokysee.com\/es\/products\/mayorista-wifi-smart-5x-zoom-digital-cctv-sistema-de-vigilancia-de-la-camara-proveedor\/#breadcrumb","itemListElement":[{"@type":"ListItem","position":1,"name":"Home","item":"https:\/\/bokysee.com\/"},{"@type":"ListItem","position":2,"name":"Products","item":"https:\/\/bokysee.com\/products\/"},{"@type":"ListItem","position":3,"name":"Mayorista Wifi Smart 5X Zoom Digital CCTV Sistema de Vigilancia de la C\u00e1mara Proveedor"}]},{"@type":"WebSite","@id":"https:\/\/bokysee.com\/#website","url":"https:\/\/bokysee.com\/","name":"Bokysee Technology Co.,LTD","description":"Professional Smart Indoor and Outdoor Security Cameras Solution Supplier","potentialAction":[{"@type":"SearchAction","target":{"@type":"EntryPoint","urlTemplate":"https:\/\/bokysee.com\/?s={search_term_string}"},"query-input":{"@type":"PropertyValueSpecification","valueRequired":true,"valueName":"search_term_string"}}],"inLanguage":"ru-RU"}]}},"_links":{"self":[{"href":"https:\/\/bokysee.com\/ru\/wp-json\/wp\/v2\/product\/3243","targetHints":{"allow":["GET"]}}],"collection":[{"href":"https:\/\/bokysee.com\/ru\/wp-json\/wp\/v2\/product"}],"about":[{"href":"https:\/\/bokysee.com\/ru\/wp-json\/wp\/v2\/types\/product"}],"version-history":[{"count":0,"href":"https:\/\/bokysee.com\/ru\/wp-json\/wp\/v2\/product\/3243\/revisions"}],"wp:featuredmedia":[{"embeddable":true,"href":"https:\/\/bokysee.com\/ru\/wp-json\/wp\/v2\/media\/2984"}],"wp:attachment":[{"href":"https:\/\/bokysee.com\/ru\/wp-json\/wp\/v2\/media?parent=3243"}],"wp:term":[{"taxonomy":"product_brand","embeddable":true,"href":"https:\/\/bokysee.com\/ru\/wp-json\/wp\/v2\/product_brand?post=3243"},{"taxonomy":"product_cat","embeddable":true,"href":"https:\/\/bokysee.com\/ru\/wp-json\/wp\/v2\/product_cat?post=3243"},{"taxonomy":"product_tag","embeddable":true,"href":"https:\/\/bokysee.com\/ru\/wp-json\/wp\/v2\/product_tag?post=3243"}],"curies":[{"name":"wp","href":"https:\/\/api.w.org\/{rel}","templated":true}]}}