{"id":946,"date":"2023-03-21T09:42:19","date_gmt":"2023-03-21T09:42:19","guid":{"rendered":"https:\/\/bokysee.com\/?post_type=product&#038;p=946"},"modified":"2024-09-09T15:43:48","modified_gmt":"2024-09-09T07:43:48","slug":"4k-8mp-dual-lens-180-super-wide-angle-panoramic-humanoid-detection-auto-tracking-4g-wifi-cctv-solar-ip-camera-bk-ld02b","status":"publish","type":"product","link":"https:\/\/bokysee.com\/es\/products\/4k-8mp-dual-lens-180-super-wide-angle-panoramic-humanoid-detection-auto-tracking-4g-wifi-cctv-solar-ip-camera-bk-ld02b\/","title":{"rendered":"C\u00e1mara IP solar CCTV BK-LD02B con lente dual 4K de 8 MP, gran angular de 180\u00b0, panor\u00e1mica, detecci\u00f3n de humanos, seguimiento autom\u00e1tico, 4G\/WiFi"},"content":{"rendered":"<p>Esta es la primera c\u00e1mara de seguridad solar de doble enlace lanzada al mercado. Una c\u00e1mara binocular reemplaza dos c\u00e1maras tipo bala. \u00c1ngulo de visi\u00f3n s\u00faper amplio.<\/p>\n<p><img fetchpriority=\"high\" decoding=\"async\" class=\"alignnone size-full wp-image-1565\" src=\"https:\/\/bokysee.com\/wp-content\/uploads\/2023\/03\/BK-LD02B-Detail-1.jpg\" alt=\"\" width=\"1000\" height=\"893\" srcset=\"https:\/\/bokysee.com\/wp-content\/uploads\/2023\/03\/BK-LD02B-Detail-1.jpg 1000w, https:\/\/bokysee.com\/wp-content\/uploads\/2023\/03\/BK-LD02B-Detail-1-768x686.jpg 768w\" sizes=\"(max-width: 1000px) 100vw, 1000px\" \/> <img decoding=\"async\" class=\"alignnone size-full wp-image-1566\" src=\"https:\/\/bokysee.com\/wp-content\/uploads\/2023\/03\/BK-LD02B-Detail-2.jpg\" alt=\"\" width=\"1000\" height=\"1280\" srcset=\"https:\/\/bokysee.com\/wp-content\/uploads\/2023\/03\/BK-LD02B-Detail-2.jpg 1000w, https:\/\/bokysee.com\/wp-content\/uploads\/2023\/03\/BK-LD02B-Detail-2-768x983.jpg 768w\" sizes=\"(max-width: 1000px) 100vw, 1000px\" \/> <img decoding=\"async\" class=\"alignnone size-full wp-image-1567\" src=\"https:\/\/bokysee.com\/wp-content\/uploads\/2023\/03\/BK-LD02B-Detail-3.jpg\" alt=\"\" width=\"1000\" height=\"1042\" srcset=\"https:\/\/bokysee.com\/wp-content\/uploads\/2023\/03\/BK-LD02B-Detail-3.jpg 1000w, https:\/\/bokysee.com\/wp-content\/uploads\/2023\/03\/BK-LD02B-Detail-3-768x800.jpg 768w\" sizes=\"(max-width: 1000px) 100vw, 1000px\" \/> <img loading=\"lazy\" decoding=\"async\" class=\"alignnone size-full wp-image-1568\" src=\"https:\/\/bokysee.com\/wp-content\/uploads\/2023\/03\/BK-LD02B-Detail-4.jpg\" alt=\"\" width=\"1000\" height=\"996\" srcset=\"https:\/\/bokysee.com\/wp-content\/uploads\/2023\/03\/BK-LD02B-Detail-4.jpg 1000w, https:\/\/bokysee.com\/wp-content\/uploads\/2023\/03\/BK-LD02B-Detail-4-768x765.jpg 768w\" sizes=\"(max-width: 1000px) 100vw, 1000px\" \/> <img loading=\"lazy\" decoding=\"async\" class=\"alignnone size-full wp-image-1569\" src=\"https:\/\/bokysee.com\/wp-content\/uploads\/2023\/03\/BK-LD02B-Detail-5.jpg\" alt=\"\" width=\"1000\" height=\"1944\" srcset=\"https:\/\/bokysee.com\/wp-content\/uploads\/2023\/03\/BK-LD02B-Detail-5.jpg 1000w, https:\/\/bokysee.com\/wp-content\/uploads\/2023\/03\/BK-LD02B-Detail-5-527x1024.jpg 527w\" sizes=\"(max-width: 1000px) 100vw, 1000px\" \/> <img loading=\"lazy\" decoding=\"async\" class=\"alignnone size-full wp-image-1570\" src=\"https:\/\/bokysee.com\/wp-content\/uploads\/2023\/03\/BK-LD02B-Detail-6.jpg\" alt=\"\" width=\"1000\" height=\"1225\" srcset=\"https:\/\/bokysee.com\/wp-content\/uploads\/2023\/03\/BK-LD02B-Detail-6.jpg 1000w, https:\/\/bokysee.com\/wp-content\/uploads\/2023\/03\/BK-LD02B-Detail-6-768x941.jpg 768w\" sizes=\"(max-width: 1000px) 100vw, 1000px\" \/> <img loading=\"lazy\" decoding=\"async\" class=\"alignnone size-full wp-image-1571\" src=\"https:\/\/bokysee.com\/wp-content\/uploads\/2023\/03\/BK-LD02B-Detail-7.jpg\" alt=\"\" width=\"1000\" height=\"952\" srcset=\"https:\/\/bokysee.com\/wp-content\/uploads\/2023\/03\/BK-LD02B-Detail-7.jpg 1000w, https:\/\/bokysee.com\/wp-content\/uploads\/2023\/03\/BK-LD02B-Detail-7-768x731.jpg 768w\" sizes=\"(max-width: 1000px) 100vw, 1000px\" \/> <img loading=\"lazy\" decoding=\"async\" class=\"alignnone size-full wp-image-1572\" src=\"https:\/\/bokysee.com\/wp-content\/uploads\/2023\/03\/BK-LD02B-Detail-8.jpg\" alt=\"\" width=\"1000\" height=\"1456\" srcset=\"https:\/\/bokysee.com\/wp-content\/uploads\/2023\/03\/BK-LD02B-Detail-8.jpg 1000w, https:\/\/bokysee.com\/wp-content\/uploads\/2023\/03\/BK-LD02B-Detail-8-703x1024.jpg 703w\" sizes=\"(max-width: 1000px) 100vw, 1000px\" \/> <img loading=\"lazy\" decoding=\"async\" class=\"alignnone size-full wp-image-1573\" src=\"https:\/\/bokysee.com\/wp-content\/uploads\/2023\/03\/BK-LD02B-Detail-9.jpg\" alt=\"\" width=\"1000\" height=\"1246\" srcset=\"https:\/\/bokysee.com\/wp-content\/uploads\/2023\/03\/BK-LD02B-Detail-9.jpg 1000w, https:\/\/bokysee.com\/wp-content\/uploads\/2023\/03\/BK-LD02B-Detail-9-768x957.jpg 768w\" sizes=\"(max-width: 1000px) 100vw, 1000px\" \/> <img loading=\"lazy\" decoding=\"async\" class=\"alignnone size-full wp-image-1574\" src=\"https:\/\/bokysee.com\/wp-content\/uploads\/2023\/03\/BK-LD02B-Detail-10.jpg\" alt=\"\" width=\"1000\" height=\"1038\" srcset=\"https:\/\/bokysee.com\/wp-content\/uploads\/2023\/03\/BK-LD02B-Detail-10.jpg 1000w, https:\/\/bokysee.com\/wp-content\/uploads\/2023\/03\/BK-LD02B-Detail-10-768x797.jpg 768w\" sizes=\"(max-width: 1000px) 100vw, 1000px\" \/> <img loading=\"lazy\" decoding=\"async\" class=\"alignnone size-full wp-image-1575\" src=\"https:\/\/bokysee.com\/wp-content\/uploads\/2023\/03\/BK-LD02B-Detail-11.jpg\" alt=\"\" width=\"1000\" height=\"1274\" srcset=\"https:\/\/bokysee.com\/wp-content\/uploads\/2023\/03\/BK-LD02B-Detail-11.jpg 1000w, https:\/\/bokysee.com\/wp-content\/uploads\/2023\/03\/BK-LD02B-Detail-11-768x978.jpg 768w\" sizes=\"(max-width: 1000px) 100vw, 1000px\" \/> <img loading=\"lazy\" decoding=\"async\" class=\"alignnone size-full wp-image-1576\" src=\"https:\/\/bokysee.com\/wp-content\/uploads\/2023\/03\/BK-LD02B-Detail-12.jpg\" alt=\"\" width=\"1000\" height=\"1134\" srcset=\"https:\/\/bokysee.com\/wp-content\/uploads\/2023\/03\/BK-LD02B-Detail-12.jpg 1000w, https:\/\/bokysee.com\/wp-content\/uploads\/2023\/03\/BK-LD02B-Detail-12-768x871.jpg 768w\" sizes=\"(max-width: 1000px) 100vw, 1000px\" \/><\/p>\n<p><img loading=\"lazy\" decoding=\"async\" class=\"alignnone size-full wp-image-1577\" src=\"https:\/\/bokysee.com\/wp-content\/uploads\/2023\/03\/BK-LD02B-Detail-13-scaled.jpg\" alt=\"\" width=\"976\" height=\"2560\" \/><\/p>","protected":false},"excerpt":{"rendered":"<p>C\u00e1mara IP solar s\u00faper gran angular de 180\u00b0 con lente dual 4K:<br \/>\n* Resoluci\u00f3n: 4K\/8MP, 5120*1440<br \/>\n* Sensor CMOS HD de 8 MP (c\u00e1mara con sensor dual)<br \/>\n* DSP + Sensor: T40 + GC4653. * Resistente al agua IP66 para exteriores.<br \/>\n* Lente dual: 3,6 mm + 3,6 mm, s\u00faper gran angular de 180\u00b0<br \/>\n* Red inal\u00e1mbrica 802.11b\/g\/n de 2,4 GHz<br \/>\n* LED IR: Matriz de IR de 8 piezas, luz blanca: 4 LED de alta potencia<br \/>\n* Vista previa de dos im\u00e1genes, enlace inteligente, audio bidireccional<br \/>\n* Detecci\u00f3n de movimiento PIR, red inal\u00e1mbrica 802.11b\/g\/n de 2,4 GHz<br \/>\n* Panel de energ\u00eda solar de 6 W, bater\u00edas recargables de 18000 MAH,<br \/>\nmodo de espera sostenible durante 8 meses.<br \/>\n* Fuente de alimentaci\u00f3n: carga USB de 5 V 2 A<br \/>\n* Admite almacenamiento en la nube y tarjeta TF externa de hasta 128 GB.<\/p>","protected":false},"featured_media":948,"template":"","meta":[],"product_brand":[],"product_cat":[1111],"product_tag":[38,90,39,162,40],"class_list":{"0":"post-946","1":"product","2":"type-product","3":"status-publish","4":"has-post-thumbnail","6":"product_cat-4g-solar-camera","7":"product_tag-180-viewing-super-wide-angle","8":"product_tag-4g-solar-camera","9":"product_tag-dual-lens-solar-camera","10":"product_tag-smart-ip-solar-battery-camera","11":"product_tag-wifi4g","13":"first","14":"instock","15":"shipping-taxable","16":"product-type-simple"},"acf":[],"yoast_head":"<!-- This site is optimized with the Yoast SEO Premium plugin v20.2.1 (Yoast SEO v26.1.1) - https:\/\/yoast.com\/wordpress\/plugins\/seo\/ -->\n<title>4K 8MP Dual Lens 180\u00b0 Super Wide-Angle Panoramic Humanoid Detection Auto Tracking 4G\/WiFi CCTV Solar IP Camera BK-LD02B - Bokysee Technology Co.,LTD<\/title>\n<meta name=\"description\" content=\"4K 8MP Solar Powered Battery Dual Lens 180\u00b0 Super Wide-Angle Panoramic Humanoid Detection Auto Tracking 4G\/WiFi CCTV IP Camera\" \/>\n<meta name=\"robots\" content=\"index, follow, max-snippet:-1, max-image-preview:large, max-video-preview:-1\" \/>\n<link rel=\"canonical\" href=\"https:\/\/bokysee.com\/es\/products\/4k-8mp-dual-lens-180-super-wide-angle-panoramic-humanoid-detection-auto-tracking-4g-wifi-cctv-solar-ip-camera-bk-ld02b\/\" \/>\n<meta property=\"og:locale\" content=\"es_ES\" \/>\n<meta property=\"og:type\" content=\"article\" \/>\n<meta property=\"og:title\" content=\"4K 8MP Dual Lens 180\u00b0 Super Wide-Angle Panoramic Humanoid Detection Auto Tracking 4G\/WiFi CCTV Solar IP Camera BK-LD02B\" \/>\n<meta property=\"og:description\" content=\"4K 8MP Solar Powered Battery Dual Lens 180\u00b0 Super Wide-Angle Panoramic Humanoid Detection Auto Tracking 4G\/WiFi CCTV IP Camera\" \/>\n<meta property=\"og:url\" content=\"https:\/\/bokysee.com\/es\/products\/4k-8mp-dual-lens-180-super-wide-angle-panoramic-humanoid-detection-auto-tracking-4g-wifi-cctv-solar-ip-camera-bk-ld02b\/\" \/>\n<meta property=\"og:site_name\" content=\"Bokysee Technology Co.,LTD\" \/>\n<meta property=\"article:modified_time\" content=\"2024-09-09T07:43:48+00:00\" \/>\n<meta property=\"og:image\" content=\"https:\/\/bokysee.com\/wp-content\/uploads\/2023\/03\/BK-LD02B-800.800-2.webp\" \/>\n\t<meta property=\"og:image:width\" content=\"800\" \/>\n\t<meta property=\"og:image:height\" content=\"800\" \/>\n\t<meta property=\"og:image:type\" content=\"image\/webp\" \/>\n<meta name=\"twitter:card\" content=\"summary_large_image\" \/>\n<meta name=\"twitter:label1\" content=\"Tiempo de lectura\" \/>\n\t<meta name=\"twitter:data1\" content=\"3 minutos\" \/>\n<script type=\"application\/ld+json\" class=\"yoast-schema-graph\">{\"@context\":\"https:\/\/schema.org\",\"@graph\":[{\"@type\":\"WebPage\",\"@id\":\"https:\/\/bokysee.com\/products\/4k-8mp-dual-lens-180-super-wide-angle-panoramic-humanoid-detection-auto-tracking-4g-wifi-cctv-solar-ip-camera-bk-ld02b\/\",\"url\":\"https:\/\/bokysee.com\/products\/4k-8mp-dual-lens-180-super-wide-angle-panoramic-humanoid-detection-auto-tracking-4g-wifi-cctv-solar-ip-camera-bk-ld02b\/\",\"name\":\"4K 8MP Dual Lens 180\u00b0 Super Wide-Angle Panoramic Humanoid Detection Auto Tracking 4G\/WiFi CCTV Solar IP Camera BK-LD02B - Bokysee Technology Co.,LTD\",\"isPartOf\":{\"@id\":\"https:\/\/bokysee.com\/#website\"},\"primaryImageOfPage\":{\"@id\":\"https:\/\/bokysee.com\/products\/4k-8mp-dual-lens-180-super-wide-angle-panoramic-humanoid-detection-auto-tracking-4g-wifi-cctv-solar-ip-camera-bk-ld02b\/#primaryimage\"},\"image\":{\"@id\":\"https:\/\/bokysee.com\/products\/4k-8mp-dual-lens-180-super-wide-angle-panoramic-humanoid-detection-auto-tracking-4g-wifi-cctv-solar-ip-camera-bk-ld02b\/#primaryimage\"},\"thumbnailUrl\":\"https:\/\/bokysee.com\/wp-content\/uploads\/2023\/03\/BK-LD02B-800.800-2.webp\",\"datePublished\":\"2023-03-21T09:42:19+00:00\",\"dateModified\":\"2024-09-09T07:43:48+00:00\",\"description\":\"4K 8MP Solar Powered Battery Dual Lens 180\u00b0 Super Wide-Angle Panoramic Humanoid Detection Auto Tracking 4G\/WiFi CCTV IP Camera\",\"breadcrumb\":{\"@id\":\"https:\/\/bokysee.com\/products\/4k-8mp-dual-lens-180-super-wide-angle-panoramic-humanoid-detection-auto-tracking-4g-wifi-cctv-solar-ip-camera-bk-ld02b\/#breadcrumb\"},\"inLanguage\":\"es\",\"potentialAction\":[{\"@type\":\"ReadAction\",\"target\":[\"https:\/\/bokysee.com\/products\/4k-8mp-dual-lens-180-super-wide-angle-panoramic-humanoid-detection-auto-tracking-4g-wifi-cctv-solar-ip-camera-bk-ld02b\/\"]}]},{\"@type\":\"ImageObject\",\"inLanguage\":\"es\",\"@id\":\"https:\/\/bokysee.com\/products\/4k-8mp-dual-lens-180-super-wide-angle-panoramic-humanoid-detection-auto-tracking-4g-wifi-cctv-solar-ip-camera-bk-ld02b\/#primaryimage\",\"url\":\"https:\/\/bokysee.com\/wp-content\/uploads\/2023\/03\/BK-LD02B-800.800-2.webp\",\"contentUrl\":\"https:\/\/bokysee.com\/wp-content\/uploads\/2023\/03\/BK-LD02B-800.800-2.webp\",\"width\":800,\"height\":800},{\"@type\":\"BreadcrumbList\",\"@id\":\"https:\/\/bokysee.com\/products\/4k-8mp-dual-lens-180-super-wide-angle-panoramic-humanoid-detection-auto-tracking-4g-wifi-cctv-solar-ip-camera-bk-ld02b\/#breadcrumb\",\"itemListElement\":[{\"@type\":\"ListItem\",\"position\":1,\"name\":\"Home\",\"item\":\"https:\/\/bokysee.com\/\"},{\"@type\":\"ListItem\",\"position\":2,\"name\":\"Products\",\"item\":\"https:\/\/bokysee.com\/products\/\"},{\"@type\":\"ListItem\",\"position\":3,\"name\":\"4K 8MP Dual Lens 180\u00b0 Super Wide-Angle Panoramic Humanoid Detection Auto Tracking 4G\/WiFi CCTV Solar IP Camera BK-LD02B\"}]},{\"@type\":\"WebSite\",\"@id\":\"https:\/\/bokysee.com\/#website\",\"url\":\"https:\/\/bokysee.com\/\",\"name\":\"Bokysee Technology Co.,LTD\",\"description\":\"Professional Smart Indoor and Outdoor Security Cameras Solution Supplier\",\"potentialAction\":[{\"@type\":\"SearchAction\",\"target\":{\"@type\":\"EntryPoint\",\"urlTemplate\":\"https:\/\/bokysee.com\/?s={search_term_string}\"},\"query-input\":{\"@type\":\"PropertyValueSpecification\",\"valueRequired\":true,\"valueName\":\"search_term_string\"}}],\"inLanguage\":\"es\"}]}<\/script>\n<!-- \/ Yoast SEO Premium plugin. -->","yoast_head_json":{"title":"4K 8MP Dual Lens 180\u00b0 Super Wide-Angle Panoramic Humanoid Detection Auto Tracking 4G\/WiFi CCTV Solar IP Camera BK-LD02B - Bokysee Technology Co.,LTD","description":"4K 8MP Solar Powered Battery Dual Lens 180\u00b0 Super Wide-Angle Panoramic Humanoid Detection Auto Tracking 4G\/WiFi CCTV IP Camera","robots":{"index":"index","follow":"follow","max-snippet":"max-snippet:-1","max-image-preview":"max-image-preview:large","max-video-preview":"max-video-preview:-1"},"canonical":"https:\/\/bokysee.com\/es\/products\/4k-8mp-dual-lens-180-super-wide-angle-panoramic-humanoid-detection-auto-tracking-4g-wifi-cctv-solar-ip-camera-bk-ld02b\/","og_locale":"es_ES","og_type":"article","og_title":"4K 8MP Dual Lens 180\u00b0 Super Wide-Angle Panoramic Humanoid Detection Auto Tracking 4G\/WiFi CCTV Solar IP Camera BK-LD02B","og_description":"4K 8MP Solar Powered Battery Dual Lens 180\u00b0 Super Wide-Angle Panoramic Humanoid Detection Auto Tracking 4G\/WiFi CCTV IP Camera","og_url":"https:\/\/bokysee.com\/es\/products\/4k-8mp-dual-lens-180-super-wide-angle-panoramic-humanoid-detection-auto-tracking-4g-wifi-cctv-solar-ip-camera-bk-ld02b\/","og_site_name":"Bokysee Technology Co.,LTD","article_modified_time":"2024-09-09T07:43:48+00:00","og_image":[{"width":800,"height":800,"url":"https:\/\/bokysee.com\/wp-content\/uploads\/2023\/03\/BK-LD02B-800.800-2.webp","type":"image\/webp"}],"twitter_card":"summary_large_image","twitter_misc":{"Tiempo de lectura":"3 minutos"},"schema":{"@context":"https:\/\/schema.org","@graph":[{"@type":"WebPage","@id":"https:\/\/bokysee.com\/products\/4k-8mp-dual-lens-180-super-wide-angle-panoramic-humanoid-detection-auto-tracking-4g-wifi-cctv-solar-ip-camera-bk-ld02b\/","url":"https:\/\/bokysee.com\/products\/4k-8mp-dual-lens-180-super-wide-angle-panoramic-humanoid-detection-auto-tracking-4g-wifi-cctv-solar-ip-camera-bk-ld02b\/","name":"4K 8MP Dual Lens 180\u00b0 Super Wide-Angle Panoramic Humanoid Detection Auto Tracking 4G\/WiFi CCTV Solar IP Camera BK-LD02B - Bokysee Technology Co.,LTD","isPartOf":{"@id":"https:\/\/bokysee.com\/#website"},"primaryImageOfPage":{"@id":"https:\/\/bokysee.com\/products\/4k-8mp-dual-lens-180-super-wide-angle-panoramic-humanoid-detection-auto-tracking-4g-wifi-cctv-solar-ip-camera-bk-ld02b\/#primaryimage"},"image":{"@id":"https:\/\/bokysee.com\/products\/4k-8mp-dual-lens-180-super-wide-angle-panoramic-humanoid-detection-auto-tracking-4g-wifi-cctv-solar-ip-camera-bk-ld02b\/#primaryimage"},"thumbnailUrl":"https:\/\/bokysee.com\/wp-content\/uploads\/2023\/03\/BK-LD02B-800.800-2.webp","datePublished":"2023-03-21T09:42:19+00:00","dateModified":"2024-09-09T07:43:48+00:00","description":"4K 8MP Solar Powered Battery Dual Lens 180\u00b0 Super Wide-Angle Panoramic Humanoid Detection Auto Tracking 4G\/WiFi CCTV IP Camera","breadcrumb":{"@id":"https:\/\/bokysee.com\/products\/4k-8mp-dual-lens-180-super-wide-angle-panoramic-humanoid-detection-auto-tracking-4g-wifi-cctv-solar-ip-camera-bk-ld02b\/#breadcrumb"},"inLanguage":"es","potentialAction":[{"@type":"ReadAction","target":["https:\/\/bokysee.com\/products\/4k-8mp-dual-lens-180-super-wide-angle-panoramic-humanoid-detection-auto-tracking-4g-wifi-cctv-solar-ip-camera-bk-ld02b\/"]}]},{"@type":"ImageObject","inLanguage":"es","@id":"https:\/\/bokysee.com\/products\/4k-8mp-dual-lens-180-super-wide-angle-panoramic-humanoid-detection-auto-tracking-4g-wifi-cctv-solar-ip-camera-bk-ld02b\/#primaryimage","url":"https:\/\/bokysee.com\/wp-content\/uploads\/2023\/03\/BK-LD02B-800.800-2.webp","contentUrl":"https:\/\/bokysee.com\/wp-content\/uploads\/2023\/03\/BK-LD02B-800.800-2.webp","width":800,"height":800},{"@type":"BreadcrumbList","@id":"https:\/\/bokysee.com\/products\/4k-8mp-dual-lens-180-super-wide-angle-panoramic-humanoid-detection-auto-tracking-4g-wifi-cctv-solar-ip-camera-bk-ld02b\/#breadcrumb","itemListElement":[{"@type":"ListItem","position":1,"name":"Home","item":"https:\/\/bokysee.com\/"},{"@type":"ListItem","position":2,"name":"Products","item":"https:\/\/bokysee.com\/products\/"},{"@type":"ListItem","position":3,"name":"4K 8MP Dual Lens 180\u00b0 Super Wide-Angle Panoramic Humanoid Detection Auto Tracking 4G\/WiFi CCTV Solar IP Camera BK-LD02B"}]},{"@type":"WebSite","@id":"https:\/\/bokysee.com\/#website","url":"https:\/\/bokysee.com\/","name":"Bokysee Technology Co.,LTD","description":"Professional Smart Indoor and Outdoor Security Cameras Solution Supplier","potentialAction":[{"@type":"SearchAction","target":{"@type":"EntryPoint","urlTemplate":"https:\/\/bokysee.com\/?s={search_term_string}"},"query-input":{"@type":"PropertyValueSpecification","valueRequired":true,"valueName":"search_term_string"}}],"inLanguage":"es"}]}},"_links":{"self":[{"href":"https:\/\/bokysee.com\/es\/wp-json\/wp\/v2\/product\/946","targetHints":{"allow":["GET"]}}],"collection":[{"href":"https:\/\/bokysee.com\/es\/wp-json\/wp\/v2\/product"}],"about":[{"href":"https:\/\/bokysee.com\/es\/wp-json\/wp\/v2\/types\/product"}],"version-history":[{"count":0,"href":"https:\/\/bokysee.com\/es\/wp-json\/wp\/v2\/product\/946\/revisions"}],"wp:featuredmedia":[{"embeddable":true,"href":"https:\/\/bokysee.com\/es\/wp-json\/wp\/v2\/media\/948"}],"wp:attachment":[{"href":"https:\/\/bokysee.com\/es\/wp-json\/wp\/v2\/media?parent=946"}],"wp:term":[{"taxonomy":"product_brand","embeddable":true,"href":"https:\/\/bokysee.com\/es\/wp-json\/wp\/v2\/product_brand?post=946"},{"taxonomy":"product_cat","embeddable":true,"href":"https:\/\/bokysee.com\/es\/wp-json\/wp\/v2\/product_cat?post=946"},{"taxonomy":"product_tag","embeddable":true,"href":"https:\/\/bokysee.com\/es\/wp-json\/wp\/v2\/product_tag?post=946"}],"curies":[{"name":"wp","href":"https:\/\/api.w.org\/{rel}","templated":true}]}}