{"id":930,"date":"2023-03-21T08:24:04","date_gmt":"2023-03-21T08:24:04","guid":{"rendered":"https:\/\/bokysee.com\/?post_type=product&#038;p=930"},"modified":"2024-09-09T15:44:02","modified_gmt":"2024-09-09T07:44:02","slug":"4k-solar-powered-dual-lens-4gwifi-human-tracking-outdoor-dual-linkage-battery-floodllight-ptz-camera-bk-ld01d","status":"publish","type":"product","link":"https:\/\/bokysee.com\/es\/products\/4k-solar-powered-dual-lens-4gwifi-human-tracking-outdoor-dual-linkage-battery-floodllight-ptz-camera-bk-ld01d\/","title":{"rendered":"C\u00e1mara PTZ BK-LD01D con doble lente solar, 4K, 4G y WiFi, seguimiento humano, exterior, doble enlace, bater\u00eda, reflector"},"content":{"rendered":"<p>C\u00e1maras PTZ Bokysee para exteriores con seguimiento autom\u00e1tico de personas, 4K, zoom 10X, doble lente, 4G, energ\u00eda solar, bater\u00eda y reflector. Disponibles con zoom \u00f3ptico 4X y 10X. Ideales para granjas, reemplazan las c\u00e1maras PTZ convencionales del mercado con una excelente relaci\u00f3n calidad-precio. Principales ventajas de esta c\u00e1mara:<\/p>\n<p>(1) C\u00e1mara inal\u00e1mbrica para exteriores con energ\u00eda solar 4K;<\/p>\n<p>(2) Enfoque de ultra larga distancia 10X;<\/p>\n<p>(3) IP66 a prueba de agua y polvo;<\/p>\n<p>(4) Conexi\u00f3n WiFi 2.4G o 4G;<\/p>\n<p><img fetchpriority=\"high\" decoding=\"async\" class=\"aligncenter wp-image-933 size-full\" src=\"https:\/\/bokysee.com\/wp-content\/uploads\/2023\/03\/BK-LD01D-800.870-1.webp\" alt=\"\" width=\"800\" height=\"870\" srcset=\"https:\/\/bokysee.com\/wp-content\/uploads\/2023\/03\/BK-LD01D-800.870-1.webp 800w, https:\/\/bokysee.com\/wp-content\/uploads\/2023\/03\/BK-LD01D-800.870-1-768x835.webp 768w\" sizes=\"(max-width: 800px) 100vw, 800px\" \/><img decoding=\"async\" class=\"size-full wp-image-935 aligncenter\" src=\"https:\/\/bokysee.com\/wp-content\/uploads\/2023\/03\/BK-LD01D-800.870-3.webp\" alt=\"\" width=\"800\" height=\"500\" srcset=\"https:\/\/bokysee.com\/wp-content\/uploads\/2023\/03\/BK-LD01D-800.870-3.webp 800w, https:\/\/bokysee.com\/wp-content\/uploads\/2023\/03\/BK-LD01D-800.870-3-768x480.webp 768w\" sizes=\"(max-width: 800px) 100vw, 800px\" \/> <img decoding=\"async\" class=\"size-full wp-image-934 aligncenter\" src=\"https:\/\/bokysee.com\/wp-content\/uploads\/2023\/03\/BK-LD01D-800.870-2.webp\" alt=\"\" width=\"800\" height=\"870\" srcset=\"https:\/\/bokysee.com\/wp-content\/uploads\/2023\/03\/BK-LD01D-800.870-2.webp 800w, https:\/\/bokysee.com\/wp-content\/uploads\/2023\/03\/BK-LD01D-800.870-2-768x835.webp 768w\" sizes=\"(max-width: 800px) 100vw, 800px\" \/><\/p>","protected":false},"excerpt":{"rendered":"<p>C\u00e1mara PTZ solar de doble lente 4K - M\u00f3dulo Wifi\/4G: * C\u00e1mara PTZ solar de doble lente 4K UHD<br \/>\n* DSP + Sensor: T40 + GC4653.<br \/>\n* Lente dual: video dual de 4MP + 4MP<br \/>\n* Vista previa de dos im\u00e1genes, almacenamiento en la nube bidireccional, luz de relleno lateral doble, enlace inteligente, audio bidireccional<br \/>\n* PIR, detecci\u00f3n de movimiento, detecci\u00f3n y seguimiento de peatones<br \/>\n* Panel de energ\u00eda solar de 6 W, 4 bater\u00edas recargables 21700 integradas, 20000 mAh en total, mayor tiempo de espera<br \/>\n* Lente superior\/\u00e1ngulo visual: 2,5 mm, panor\u00e1mica: 180\u00b0, inclinaci\u00f3n: 15\u00b0<br \/>\n* Lente inferior\/\u00e1ngulo visual: zoom \u00f3ptico de 5-50 mm 10X, panor\u00e1mica: 355\u00b0, inclinaci\u00f3n: 90\u00b0 * Almacenamiento en la nube y almacenamiento en tarjeta TF<\/p>","protected":false},"featured_media":932,"template":"","meta":[],"product_brand":[],"product_cat":[1111],"product_tag":[35,34,36],"class_list":{"0":"post-930","1":"product","2":"type-product","3":"status-publish","4":"has-post-thumbnail","6":"product_cat-4g-solar-camera","7":"product_tag-10x-zoom-ptz","8":"product_tag-dual-lens-secuirty-camera","9":"product_tag-solar-ptz-camera","11":"first","12":"instock","13":"shipping-taxable","14":"product-type-simple"},"acf":[],"yoast_head":"<!-- This site is optimized with the Yoast SEO Premium plugin v20.2.1 (Yoast SEO v26.1.1) - https:\/\/yoast.com\/wordpress\/plugins\/seo\/ -->\n<title>4K Solar Powered Dual Lens 4G&amp;WiFi Human Tracking Outdoor Dual Linkage Battery Floodllight PTZ Camera BK-LD01D - Bokysee Technology Co.,LTD<\/title>\n<meta name=\"robots\" content=\"index, follow, max-snippet:-1, max-image-preview:large, max-video-preview:-1\" \/>\n<link rel=\"canonical\" href=\"https:\/\/bokysee.com\/es\/products\/4k-solar-powered-dual-lens-4gwifi-human-tracking-outdoor-dual-linkage-battery-floodllight-ptz-camera-bk-ld01d\/\" \/>\n<meta property=\"og:locale\" content=\"es_ES\" \/>\n<meta property=\"og:type\" content=\"article\" \/>\n<meta property=\"og:title\" content=\"4K Solar Powered Dual Lens 4G&amp;WiFi Human Tracking Outdoor Dual Linkage Battery Floodllight PTZ Camera BK-LD01D\" \/>\n<meta property=\"og:description\" content=\"4K Dual Lens Solar PTZ Camera--Wifi\/4G module: * 4K UHD Dual lens Solar PTZ Camera * DSP+Sensor: T40+GC4653. * Dual Lens: 4MP+4MP dual video * Two picture preview, two way cloud storage, two side fill light, Smart Linkage, Two Way Audio * PIR, Motion Detection, Ppedestrian Detect and Tracking * 6W Solar Power Panel, Built-in 4 x 21700 rechargable batteries, total 20000mAh,longer standby time * Upper Lens\/Visual angle: 2.5mm, Pan:180\u00b0 Tilt:15\u00b0 * Lower Lens\/Visual angle: 5-50MM 10X optical zoom, Pan:355\u00b0 Tilt:90\u00b0 * Cloud Storage and TF card storage\" \/>\n<meta property=\"og:url\" content=\"https:\/\/bokysee.com\/es\/products\/4k-solar-powered-dual-lens-4gwifi-human-tracking-outdoor-dual-linkage-battery-floodllight-ptz-camera-bk-ld01d\/\" \/>\n<meta property=\"og:site_name\" content=\"Bokysee Technology Co.,LTD\" \/>\n<meta property=\"article:modified_time\" content=\"2024-09-09T07:44:02+00:00\" \/>\n<meta property=\"og:image\" content=\"https:\/\/bokysee.com\/wp-content\/uploads\/2023\/03\/BK-LD01D-800.800-6.webp\" \/>\n\t<meta property=\"og:image:width\" content=\"800\" \/>\n\t<meta property=\"og:image:height\" content=\"800\" \/>\n\t<meta property=\"og:image:type\" content=\"image\/webp\" \/>\n<meta name=\"twitter:card\" content=\"summary_large_image\" \/>\n<script type=\"application\/ld+json\" class=\"yoast-schema-graph\">{\"@context\":\"https:\/\/schema.org\",\"@graph\":[{\"@type\":\"WebPage\",\"@id\":\"https:\/\/bokysee.com\/products\/4k-solar-powered-dual-lens-4gwifi-human-tracking-outdoor-dual-linkage-battery-floodllight-ptz-camera-bk-ld01d\/\",\"url\":\"https:\/\/bokysee.com\/products\/4k-solar-powered-dual-lens-4gwifi-human-tracking-outdoor-dual-linkage-battery-floodllight-ptz-camera-bk-ld01d\/\",\"name\":\"4K Solar Powered Dual Lens 4G&WiFi Human Tracking Outdoor Dual Linkage Battery Floodllight PTZ Camera BK-LD01D - Bokysee Technology Co.,LTD\",\"isPartOf\":{\"@id\":\"https:\/\/bokysee.com\/#website\"},\"primaryImageOfPage\":{\"@id\":\"https:\/\/bokysee.com\/products\/4k-solar-powered-dual-lens-4gwifi-human-tracking-outdoor-dual-linkage-battery-floodllight-ptz-camera-bk-ld01d\/#primaryimage\"},\"image\":{\"@id\":\"https:\/\/bokysee.com\/products\/4k-solar-powered-dual-lens-4gwifi-human-tracking-outdoor-dual-linkage-battery-floodllight-ptz-camera-bk-ld01d\/#primaryimage\"},\"thumbnailUrl\":\"https:\/\/bokysee.com\/wp-content\/uploads\/2023\/03\/BK-LD01D-800.800-6.webp\",\"datePublished\":\"2023-03-21T08:24:04+00:00\",\"dateModified\":\"2024-09-09T07:44:02+00:00\",\"breadcrumb\":{\"@id\":\"https:\/\/bokysee.com\/products\/4k-solar-powered-dual-lens-4gwifi-human-tracking-outdoor-dual-linkage-battery-floodllight-ptz-camera-bk-ld01d\/#breadcrumb\"},\"inLanguage\":\"es\",\"potentialAction\":[{\"@type\":\"ReadAction\",\"target\":[\"https:\/\/bokysee.com\/products\/4k-solar-powered-dual-lens-4gwifi-human-tracking-outdoor-dual-linkage-battery-floodllight-ptz-camera-bk-ld01d\/\"]}]},{\"@type\":\"ImageObject\",\"inLanguage\":\"es\",\"@id\":\"https:\/\/bokysee.com\/products\/4k-solar-powered-dual-lens-4gwifi-human-tracking-outdoor-dual-linkage-battery-floodllight-ptz-camera-bk-ld01d\/#primaryimage\",\"url\":\"https:\/\/bokysee.com\/wp-content\/uploads\/2023\/03\/BK-LD01D-800.800-6.webp\",\"contentUrl\":\"https:\/\/bokysee.com\/wp-content\/uploads\/2023\/03\/BK-LD01D-800.800-6.webp\",\"width\":800,\"height\":800,\"caption\":\"wifi solar ip camera\"},{\"@type\":\"BreadcrumbList\",\"@id\":\"https:\/\/bokysee.com\/products\/4k-solar-powered-dual-lens-4gwifi-human-tracking-outdoor-dual-linkage-battery-floodllight-ptz-camera-bk-ld01d\/#breadcrumb\",\"itemListElement\":[{\"@type\":\"ListItem\",\"position\":1,\"name\":\"Home\",\"item\":\"https:\/\/bokysee.com\/\"},{\"@type\":\"ListItem\",\"position\":2,\"name\":\"Products\",\"item\":\"https:\/\/bokysee.com\/products\/\"},{\"@type\":\"ListItem\",\"position\":3,\"name\":\"4K Solar Powered Dual Lens 4G&#038;WiFi Human Tracking Outdoor Dual Linkage Battery Floodllight PTZ Camera BK-LD01D\"}]},{\"@type\":\"WebSite\",\"@id\":\"https:\/\/bokysee.com\/#website\",\"url\":\"https:\/\/bokysee.com\/\",\"name\":\"Bokysee Technology Co.,LTD\",\"description\":\"Professional Smart Indoor and Outdoor Security Cameras Solution Supplier\",\"potentialAction\":[{\"@type\":\"SearchAction\",\"target\":{\"@type\":\"EntryPoint\",\"urlTemplate\":\"https:\/\/bokysee.com\/?s={search_term_string}\"},\"query-input\":{\"@type\":\"PropertyValueSpecification\",\"valueRequired\":true,\"valueName\":\"search_term_string\"}}],\"inLanguage\":\"es\"}]}<\/script>\n<!-- \/ Yoast SEO Premium plugin. -->","yoast_head_json":{"title":"4K Solar Powered Dual Lens 4G&WiFi Human Tracking Outdoor Dual Linkage Battery Floodllight PTZ Camera BK-LD01D - Bokysee Technology Co.,LTD","robots":{"index":"index","follow":"follow","max-snippet":"max-snippet:-1","max-image-preview":"max-image-preview:large","max-video-preview":"max-video-preview:-1"},"canonical":"https:\/\/bokysee.com\/es\/products\/4k-solar-powered-dual-lens-4gwifi-human-tracking-outdoor-dual-linkage-battery-floodllight-ptz-camera-bk-ld01d\/","og_locale":"es_ES","og_type":"article","og_title":"4K Solar Powered Dual Lens 4G&WiFi Human Tracking Outdoor Dual Linkage Battery Floodllight PTZ Camera BK-LD01D","og_description":"4K Dual Lens Solar PTZ Camera--Wifi\/4G module: * 4K UHD Dual lens Solar PTZ Camera * DSP+Sensor: T40+GC4653. * Dual Lens: 4MP+4MP dual video * Two picture preview, two way cloud storage, two side fill light, Smart Linkage, Two Way Audio * PIR, Motion Detection, Ppedestrian Detect and Tracking * 6W Solar Power Panel, Built-in 4 x 21700 rechargable batteries, total 20000mAh,longer standby time * Upper Lens\/Visual angle: 2.5mm, Pan:180\u00b0 Tilt:15\u00b0 * Lower Lens\/Visual angle: 5-50MM 10X optical zoom, Pan:355\u00b0 Tilt:90\u00b0 * Cloud Storage and TF card storage","og_url":"https:\/\/bokysee.com\/es\/products\/4k-solar-powered-dual-lens-4gwifi-human-tracking-outdoor-dual-linkage-battery-floodllight-ptz-camera-bk-ld01d\/","og_site_name":"Bokysee Technology Co.,LTD","article_modified_time":"2024-09-09T07:44:02+00:00","og_image":[{"width":800,"height":800,"url":"https:\/\/bokysee.com\/wp-content\/uploads\/2023\/03\/BK-LD01D-800.800-6.webp","type":"image\/webp"}],"twitter_card":"summary_large_image","schema":{"@context":"https:\/\/schema.org","@graph":[{"@type":"WebPage","@id":"https:\/\/bokysee.com\/products\/4k-solar-powered-dual-lens-4gwifi-human-tracking-outdoor-dual-linkage-battery-floodllight-ptz-camera-bk-ld01d\/","url":"https:\/\/bokysee.com\/products\/4k-solar-powered-dual-lens-4gwifi-human-tracking-outdoor-dual-linkage-battery-floodllight-ptz-camera-bk-ld01d\/","name":"4K Solar Powered Dual Lens 4G&WiFi Human Tracking Outdoor Dual Linkage Battery Floodllight PTZ Camera BK-LD01D - Bokysee Technology Co.,LTD","isPartOf":{"@id":"https:\/\/bokysee.com\/#website"},"primaryImageOfPage":{"@id":"https:\/\/bokysee.com\/products\/4k-solar-powered-dual-lens-4gwifi-human-tracking-outdoor-dual-linkage-battery-floodllight-ptz-camera-bk-ld01d\/#primaryimage"},"image":{"@id":"https:\/\/bokysee.com\/products\/4k-solar-powered-dual-lens-4gwifi-human-tracking-outdoor-dual-linkage-battery-floodllight-ptz-camera-bk-ld01d\/#primaryimage"},"thumbnailUrl":"https:\/\/bokysee.com\/wp-content\/uploads\/2023\/03\/BK-LD01D-800.800-6.webp","datePublished":"2023-03-21T08:24:04+00:00","dateModified":"2024-09-09T07:44:02+00:00","breadcrumb":{"@id":"https:\/\/bokysee.com\/products\/4k-solar-powered-dual-lens-4gwifi-human-tracking-outdoor-dual-linkage-battery-floodllight-ptz-camera-bk-ld01d\/#breadcrumb"},"inLanguage":"es","potentialAction":[{"@type":"ReadAction","target":["https:\/\/bokysee.com\/products\/4k-solar-powered-dual-lens-4gwifi-human-tracking-outdoor-dual-linkage-battery-floodllight-ptz-camera-bk-ld01d\/"]}]},{"@type":"ImageObject","inLanguage":"es","@id":"https:\/\/bokysee.com\/products\/4k-solar-powered-dual-lens-4gwifi-human-tracking-outdoor-dual-linkage-battery-floodllight-ptz-camera-bk-ld01d\/#primaryimage","url":"https:\/\/bokysee.com\/wp-content\/uploads\/2023\/03\/BK-LD01D-800.800-6.webp","contentUrl":"https:\/\/bokysee.com\/wp-content\/uploads\/2023\/03\/BK-LD01D-800.800-6.webp","width":800,"height":800,"caption":"wifi solar ip camera"},{"@type":"BreadcrumbList","@id":"https:\/\/bokysee.com\/products\/4k-solar-powered-dual-lens-4gwifi-human-tracking-outdoor-dual-linkage-battery-floodllight-ptz-camera-bk-ld01d\/#breadcrumb","itemListElement":[{"@type":"ListItem","position":1,"name":"Home","item":"https:\/\/bokysee.com\/"},{"@type":"ListItem","position":2,"name":"Products","item":"https:\/\/bokysee.com\/products\/"},{"@type":"ListItem","position":3,"name":"4K Solar Powered Dual Lens 4G&#038;WiFi Human Tracking Outdoor Dual Linkage Battery Floodllight PTZ Camera BK-LD01D"}]},{"@type":"WebSite","@id":"https:\/\/bokysee.com\/#website","url":"https:\/\/bokysee.com\/","name":"Bokysee Technology Co.,LTD","description":"Professional Smart Indoor and Outdoor Security Cameras Solution Supplier","potentialAction":[{"@type":"SearchAction","target":{"@type":"EntryPoint","urlTemplate":"https:\/\/bokysee.com\/?s={search_term_string}"},"query-input":{"@type":"PropertyValueSpecification","valueRequired":true,"valueName":"search_term_string"}}],"inLanguage":"es"}]}},"_links":{"self":[{"href":"https:\/\/bokysee.com\/es\/wp-json\/wp\/v2\/product\/930","targetHints":{"allow":["GET"]}}],"collection":[{"href":"https:\/\/bokysee.com\/es\/wp-json\/wp\/v2\/product"}],"about":[{"href":"https:\/\/bokysee.com\/es\/wp-json\/wp\/v2\/types\/product"}],"version-history":[{"count":0,"href":"https:\/\/bokysee.com\/es\/wp-json\/wp\/v2\/product\/930\/revisions"}],"wp:featuredmedia":[{"embeddable":true,"href":"https:\/\/bokysee.com\/es\/wp-json\/wp\/v2\/media\/932"}],"wp:attachment":[{"href":"https:\/\/bokysee.com\/es\/wp-json\/wp\/v2\/media?parent=930"}],"wp:term":[{"taxonomy":"product_brand","embeddable":true,"href":"https:\/\/bokysee.com\/es\/wp-json\/wp\/v2\/product_brand?post=930"},{"taxonomy":"product_cat","embeddable":true,"href":"https:\/\/bokysee.com\/es\/wp-json\/wp\/v2\/product_cat?post=930"},{"taxonomy":"product_tag","embeddable":true,"href":"https:\/\/bokysee.com\/es\/wp-json\/wp\/v2\/product_tag?post=930"}],"curies":[{"name":"wp","href":"https:\/\/api.w.org\/{rel}","templated":true}]}}