{"id":8030,"date":"2024-02-28T13:50:45","date_gmt":"2024-02-28T05:50:45","guid":{"rendered":"https:\/\/bokysee.com\/products\/camaras-de-seguridad-ip-alimentadas-por-ethernet-inalambrico-para-exteriores-con-vision-nocturna\/"},"modified":"2024-03-27T17:56:53","modified_gmt":"2024-03-27T09:56:53","slug":"camaras-de-seguridad-ip-alimentadas-por-ethernet-inalambrico-para-exteriores-con-vision-nocturna","status":"publish","type":"product","link":"https:\/\/bokysee.com\/es\/products\/camaras-de-seguridad-ip-alimentadas-por-ethernet-inalambrico-para-exteriores-con-vision-nocturna\/","title":{"rendered":"C\u00e1maras de seguridad IP alimentadas por Ethernet inal\u00e1mbrico para exteriores con visi\u00f3n nocturna"},"content":{"rendered":"<p>C\u00e1maras de seguridad IP alimentadas por Ethernet inal\u00e1mbrico para exteriores con visi\u00f3n nocturna<\/p>\n<p>C\u00e1maras de seguridad IP inal\u00e1mbricas para exteriores alimentadas por Ethernet. Equipadas con funciones de visi\u00f3n nocturna, estas c\u00e1maras garantizan una vigilancia n\u00edtida incluso en condiciones de poca luz. Con tecnolog\u00eda S.265 de bajo consumo, funciones Smart IR, 3D DNR y DWDR, ofrecen una supervisi\u00f3n de seguridad avanzada. La capacidad de alimentaci\u00f3n a trav\u00e9s de Ethernet (POE) garantiza una instalaci\u00f3n sencilla y un funcionamiento fiable.<\/p>\n<table width=\"838\">\n<tbody>\n<tr>\n<td colspan=\"4\" width=\"838\">C\u00e1mara:<\/td>\n<\/tr>\n<tr>\n<td width=\"225\">Modelo<\/td>\n<td width=\"204\">BK-POE22B4M<\/td>\n<td width=\"204\">BK-POE22B5M<\/td>\n<td width=\"204\">BK-POE22B8M<\/td>\n<\/tr>\n<tr>\n<td width=\"225\">Conjunto de chips<\/td>\n<td width=\"204\">T31X<\/td>\n<td width=\"204\">T41LQ<\/td>\n<td width=\"204\">T41NQ<\/td>\n<\/tr>\n<tr>\n<td width=\"225\">Sensor<\/td>\n<td width=\"204\">Sensor CMOS de 1\/2,7\u2033 y 4 MP de baja iluminaci\u00f3n<\/td>\n<td width=\"204\">Sensor CMOS de 1\/2,7\u2033 y 5 MP con baja iluminaci\u00f3n<\/td>\n<td width=\"204\">Sensor CMOS de 1\/2,7\u2033 y 8 MP con baja iluminaci\u00f3n<\/td>\n<\/tr>\n<tr>\n<td width=\"225\">Lente<\/td>\n<td colspan=\"3\" width=\"613\">Objetivo est\u00e1ndar de 3,6 mm, objetivo opcional de 2,8\/6 mm<\/td>\n<\/tr>\n<tr>\n<td width=\"225\">P\u00edxel<\/td>\n<td width=\"204\">  2304*1296<\/td>\n<td width=\"204\">2592*1904<\/td>\n<td width=\"204\">3840*2160<\/td>\n<\/tr>\n<tr>\n<td width=\"225\">D-WDR<\/td>\n<td colspan=\"3\" width=\"613\">D-WDR (Apagado\/Bajo\/Medio\/Alto)<\/td>\n<\/tr>\n<tr>\n<td width=\"225\">D\/N<\/td>\n<td colspan=\"3\" width=\"613\">Infrarrojos<\/td>\n<\/tr>\n<tr>\n<td width=\"225\">DNR 3D<\/td>\n<td colspan=\"3\" width=\"613\">Apagado\/Bajo\/Medio\/Alto\/Alto<\/td>\n<\/tr>\n<tr>\n<td width=\"225\">Distancia IR<\/td>\n<td colspan=\"3\" width=\"613\">50 metros<\/td>\n<\/tr>\n<tr>\n<td width=\"225\">Desempa\u00f1ar<\/td>\n<td colspan=\"3\" width=\"613\">Apagado\/Bajo\/Medio\/Alto<\/td>\n<\/tr>\n<tr>\n<td width=\"225\">Led IR<\/td>\n<td colspan=\"3\" width=\"613\">8 unidades ArrayIR<\/td>\n<\/tr>\n<tr>\n<td width=\"225\">Espejo<\/td>\n<td colspan=\"3\" width=\"613\">Apagado\/espejo horizontal\/espejo vertical\/180\u00b0 de giro<\/td>\n<\/tr>\n<tr>\n<td width=\"225\">Ajuste de imagen<\/td>\n<td colspan=\"3\" width=\"613\">Brillo,contraste,nitidez,saturaci\u00f3n,croma<\/td>\n<\/tr>\n<tr>\n<td colspan=\"4\" width=\"838\">Detecci\u00f3n de humanoides:<\/td>\n<\/tr>\n<tr>\n<td width=\"225\">Cantidad de detecci\u00f3n<\/td>\n<td colspan=\"3\" width=\"613\">5-10 personas<\/td>\n<\/tr>\n<tr>\n<td width=\"225\">Tama\u00f1o humanoide<\/td>\n<td colspan=\"3\" width=\"613\">P\u00edxel humanoide \u226540X40<\/td>\n<\/tr>\n<tr>\n<td width=\"225\">Marco de detecci\u00f3n m\u00e1ximo.<\/td>\n<td colspan=\"3\" width=\"613\">5 fps\/s<\/td>\n<\/tr>\n<tr>\n<td width=\"225\">Seguimiento de personas<\/td>\n<td colspan=\"3\" width=\"613\">Soporte<\/td>\n<\/tr>\n<tr>\n<td width=\"225\">Modo de detecci\u00f3n<\/td>\n<td colspan=\"3\" width=\"613\">Detecci\u00f3n est\u00e1tica y din\u00e1mica de humanoides<\/td>\n<\/tr>\n<tr>\n<td width=\"225\">M\u00e9todo de detecci\u00f3n<\/td>\n<td colspan=\"3\" width=\"613\">Detecci\u00f3n de im\u00e1genes de d\u00eda o de noche con luces o leds IR<\/td>\n<\/tr>\n<tr>\n<td width=\"225\">\u00c1rea de detecci\u00f3n<\/td>\n<td colspan=\"3\" width=\"613\">\u00c1rea designada, pantalla completa por defecto<\/td>\n<\/tr>\n<tr>\n<td width=\"225\">M\u00e9todo de carga<\/td>\n<td colspan=\"3\" width=\"613\">Cargalo bajo protocolo privado<\/td>\n<\/tr>\n<tr>\n<td width=\"225\">M\u00e9todo de activaci\u00f3n<\/td>\n<td colspan=\"3\" width=\"613\">Activador de v\u00eddeo<\/td>\n<\/tr>\n<tr>\n<td colspan=\"4\" width=\"838\">Codificaci\u00f3n de audio y v\u00eddeo:<\/td>\n<\/tr>\n<tr>\n<td width=\"225\">Est\u00e1ndar<\/td>\n<td colspan=\"3\" width=\"613\">S.265\/H.265\/H.264<\/td>\n<\/tr>\n<tr>\n<td width=\"225\">Funci\u00f3n de codificaci\u00f3n<\/td>\n<td width=\"204\">Flujo principal: 4MP(2560*1440)3MP(2304*1296)<\/p>\n<p>2 MP (1920 x 1080) 25 fps<br \/>\nSubtransmisi\u00f3n: D1 (720*576)<\/p>\n<p>VGA (640*480) Q720P (640*360)<\/td>\n<td width=\"204\">Flujo principal: 5MP(2592*1904)4MP(2560*1440)<\/p>\n<p>3 MP (2304 x 1296) 2 MP (1920 x 1080) 25 fps<br \/>\nSubflujo: D1(720*576)<\/p>\n<p>VGA (640*480) Q720P (640*360)<\/td>\n<td width=\"204\">Corriente principal: 8MP(3840*2160)<\/p>\n<p>5 MP (2592 x 1904) 4 MP (2560 x 1440)<\/p>\n<p>3 MP (2304 x 1296) 2 MP (1920 x 1080) 25 fps<br \/>\nSubtransmisi\u00f3n: D1 (720*576)<\/p>\n<p>VGA (640*480) Q720P (640*360)<\/td>\n<\/tr>\n<tr>\n<td width=\"225\">Resoluci\u00f3n m\u00e1xima<\/td>\n<td width=\"204\">4MP (2560*1440)<\/td>\n<td width=\"204\">5 MP 2592*1904<\/td>\n<td width=\"204\">8MP (3840*2160)<\/td>\n<\/tr>\n<tr>\n<td width=\"225\">C\u00f3digo de v\u00eddeo Tasa<\/td>\n<td colspan=\"3\" width=\"613\">Tasa de codificaci\u00f3n fija,tasa de codificaci\u00f3n variable(flujo principal:1024Kbps-8000kbps)<\/td>\n<\/tr>\n<tr>\n<td width=\"225\">Tipo de v\u00eddeo<\/td>\n<td colspan=\"3\" width=\"613\">Flujo compuesto\/flujo de v\u00eddeo<\/td>\n<\/tr>\n<tr>\n<td width=\"225\">Est\u00e1ndar de audio<\/td>\n<td colspan=\"3\" width=\"613\">G.711u\/G.711A 64 Kbps<\/td>\n<\/tr>\n<tr>\n<td colspan=\"4\" width=\"838\">Funci\u00f3n de red:<\/td>\n<\/tr>\n<tr>\n<td width=\"225\">Protocolo de rojo<\/td>\n<td colspan=\"3\" width=\"613\">TCP\/IP, UDP, HTTP, HTTPS, DHCP, PPPoE, HTTP, HTTPS, RTSP, RTMP, DDNS, UPNP, FTP<\/td>\n<\/tr>\n<tr>\n<td width=\"225\">Protocolo de conexi\u00f3n<\/td>\n<td colspan=\"3\" width=\"613\">  Onvif, GB28181 (opcional)<\/td>\n<\/tr>\n<tr>\n<td width=\"225\">Previsualizar n\u00fameros simult\u00e1neamente<\/td>\n<td colspan=\"3\" width=\"613\">4 personas<\/td>\n<\/tr>\n<tr>\n<td width=\"225\">Modo Seguridad<\/td>\n<td colspan=\"3\" width=\"613\">Nombre de usuario y contrase\u00f1a autorizados, cifrado HTTPS, cifrado de conexi\u00f3n AES, verificaci\u00f3n RTSP<\/td>\n<\/tr>\n<tr>\n<td width=\"225\">Detecci\u00f3n de movimiento<\/td>\n<td colspan=\"3\" width=\"613\">Establece el \u00e1rea de detecci\u00f3n, puede establecer la sensibilidad multinivel<\/td>\n<\/tr>\n<tr>\n<td width=\"225\">Alarma de oclusi\u00f3n<\/td>\n<td colspan=\"3\" width=\"613\">Soporte 1 \u00e1rea<\/td>\n<\/tr>\n<tr>\n<td width=\"225\">M\u00e1scara de privacidad<\/td>\n<td colspan=\"3\" width=\"613\">Apoyo a 4 \u00e1reas<\/td>\n<\/tr>\n<tr>\n<td width=\"225\">Vinculaci\u00f3n de horarios<\/td>\n<td colspan=\"3\" width=\"613\">Instant\u00e1nea, correo electr\u00f3nico, salida de alarma<\/td>\n<\/tr>\n<tr>\n<td width=\"225\">Enlace de eventos<\/td>\n<td colspan=\"3\" width=\"613\">Captura, env\u00edo de correo electr\u00f3nico, salida de alarma<\/td>\n<\/tr>\n<tr>\n<td width=\"225\">Inspecci\u00f3n anormal del dispositivo<\/td>\n<td colspan=\"3\" width=\"613\">Soporta alarma de red rota, alarma de conflicto IP, alarma de visita ilegal<\/td>\n<\/tr>\n<tr>\n<td width=\"225\">Superposici\u00f3n de caracteres (OSD)<\/td>\n<td colspan=\"3\" width=\"613\">T\u00edtulo, superposici\u00f3n de fecha y hora, multil\u00ednea y color de caracteres opcionales<\/td>\n<\/tr>\n<tr>\n<td colspan=\"4\" width=\"838\">Puerto:<\/td>\n<\/tr>\n<tr>\n<td width=\"225\">Puerto de rojo<\/td>\n<td colspan=\"3\" width=\"613\">Autoadaptaci\u00f3n de red RJ45 10M\/100M<\/td>\n<\/tr>\n<tr>\n<td width=\"225\">Audio<\/td>\n<td colspan=\"3\" width=\"613\">Entrada MIC<\/td>\n<\/tr>\n<tr>\n<td width=\"225\">Amplificador<\/td>\n<td colspan=\"3\" width=\"613\">Tarjeta amplificadora integrada<\/td>\n<\/tr>\n<tr>\n<td colspan=\"4\" width=\"838\">General:<\/td>\n<\/tr>\n<tr>\n<td width=\"225\">Fuente de alimentaci\u00f3n<\/td>\n<td colspan=\"3\" width=\"613\">DC12V \/PoE (opcional)<\/td>\n<\/tr>\n<tr>\n<td width=\"225\">Una prueba de agua<\/td>\n<td colspan=\"3\" width=\"613\">N \/ A<\/td>\n<\/tr>\n<tr>\n<td width=\"225\">Temperatura de trabajo<\/td>\n<td colspan=\"3\" width=\"613\">-10\u00b0C ~ 50\u00b0C<\/td>\n<\/tr>\n<tr>\n<td width=\"225\">Humedad de trabajo<\/td>\n<td colspan=\"3\" width=\"613\">0\ufe6a~90\ufe6a<\/td>\n<\/tr>\n<\/tbody>\n<\/table>","protected":false},"excerpt":{"rendered":"<p>C\u00e1maras IP POE Bullet Fijas para Proyecto:<br \/>\n\u25cf Lente: 3,6MM (2,8\/6mm opcional)<br \/>\n\u25cf Resoluci\u00f3n: 2MP 1920\u00d71080\/5MP 2560*1920\/8MP 3840*2160<br \/>\n\u25cf Bala met\u00e1lica resistente al agua IP66<br \/>\n\u25cf 8 piezas ArrayIR<br \/>\n\u25cf Distancia IR: 50M<br \/>\n\u25cf D\u00eda y noche: Infrarrojos<br \/>\n\u25cf Audio: Micr\u00f3fono 1 canal<br \/>\n\u25cf Soporta protocolos WDR, Onvif y HK.<br \/>\n\u25cf Alimentaci\u00f3n: POE\/ DC12V-1A<\/p>","protected":false},"featured_media":7660,"template":"","meta":[],"product_brand":[],"product_cat":[],"product_tag":[1038,1040,1037],"class_list":{"0":"post-8030","1":"product","2":"type-product","3":"status-publish","4":"has-post-thumbnail","6":"product_tag-camaras-de-seguridad-alimentadas-por-ethernet","7":"product_tag-camaras-de-seguridad-para-exteriores-con-vision-nocturna","8":"product_tag-empresa-de-camaras-ip-inalambricas","10":"first","11":"instock","12":"shipping-taxable","13":"product-type-simple"},"acf":[],"yoast_head":"<!-- This site is optimized with the Yoast SEO Premium plugin v20.2.1 (Yoast SEO v26.1.1) - https:\/\/yoast.com\/wordpress\/plugins\/seo\/ -->\n<title>C\u00e1maras de seguridad IP alimentadas por Ethernet inal\u00e1mbrico para exteriores con visi\u00f3n nocturna - Bokysee Technology Co.,LTD<\/title>\n<meta name=\"description\" content=\"C\u00e1maras de seguridad IP inal\u00e1mbricas para exteriores alimentadas por Ethernet con visi\u00f3n nocturna, bajo consumo S.265 C\u00e1mara POE IR 3D DNR y DWDR inteligente\" \/>\n<meta name=\"robots\" content=\"index, follow, max-snippet:-1, max-image-preview:large, max-video-preview:-1\" \/>\n<link rel=\"canonical\" href=\"https:\/\/bokysee.com\/es\/products\/camaras-de-seguridad-ip-alimentadas-por-ethernet-inalambrico-para-exteriores-con-vision-nocturna\/\" \/>\n<meta property=\"og:locale\" content=\"es_ES\" \/>\n<meta property=\"og:type\" content=\"article\" \/>\n<meta property=\"og:title\" content=\"C\u00e1maras de seguridad IP alimentadas por Ethernet inal\u00e1mbrico para exteriores con visi\u00f3n nocturna\" \/>\n<meta property=\"og:description\" content=\"C\u00e1maras de seguridad IP inal\u00e1mbricas para exteriores alimentadas por Ethernet con visi\u00f3n nocturna, bajo consumo S.265 C\u00e1mara POE IR 3D DNR y DWDR inteligente\" \/>\n<meta property=\"og:url\" content=\"https:\/\/bokysee.com\/es\/products\/camaras-de-seguridad-ip-alimentadas-por-ethernet-inalambrico-para-exteriores-con-vision-nocturna\/\" \/>\n<meta property=\"og:site_name\" content=\"Bokysee Technology Co.,LTD\" \/>\n<meta property=\"article:modified_time\" content=\"2024-03-27T09:56:53+00:00\" \/>\n<meta property=\"og:image\" content=\"https:\/\/bokysee.com\/wp-content\/uploads\/2024\/02\/BK-POE15BBK-POE22B-1.jpg\" \/>\n\t<meta property=\"og:image:width\" content=\"800\" \/>\n\t<meta property=\"og:image:height\" content=\"800\" \/>\n\t<meta property=\"og:image:type\" content=\"image\/jpeg\" \/>\n<meta name=\"twitter:card\" content=\"summary_large_image\" \/>\n<meta name=\"twitter:label1\" content=\"Tiempo de lectura\" \/>\n\t<meta name=\"twitter:data1\" content=\"3 minutos\" \/>\n<script type=\"application\/ld+json\" class=\"yoast-schema-graph\">{\"@context\":\"https:\/\/schema.org\",\"@graph\":[{\"@type\":\"WebPage\",\"@id\":\"https:\/\/bokysee.com\/es\/products\/camaras-de-seguridad-ip-alimentadas-por-ethernet-inalambrico-para-exteriores-con-vision-nocturna\/\",\"url\":\"https:\/\/bokysee.com\/es\/products\/camaras-de-seguridad-ip-alimentadas-por-ethernet-inalambrico-para-exteriores-con-vision-nocturna\/\",\"name\":\"C\u00e1maras de seguridad IP alimentadas por Ethernet inal\u00e1mbrico para exteriores con visi\u00f3n nocturna - Bokysee Technology Co.,LTD\",\"isPartOf\":{\"@id\":\"https:\/\/bokysee.com\/#website\"},\"primaryImageOfPage\":{\"@id\":\"https:\/\/bokysee.com\/es\/products\/camaras-de-seguridad-ip-alimentadas-por-ethernet-inalambrico-para-exteriores-con-vision-nocturna\/#primaryimage\"},\"image\":{\"@id\":\"https:\/\/bokysee.com\/es\/products\/camaras-de-seguridad-ip-alimentadas-por-ethernet-inalambrico-para-exteriores-con-vision-nocturna\/#primaryimage\"},\"thumbnailUrl\":\"https:\/\/bokysee.com\/wp-content\/uploads\/2024\/02\/BK-POE15BBK-POE22B-1.jpg\",\"datePublished\":\"2024-02-28T05:50:45+00:00\",\"dateModified\":\"2024-03-27T09:56:53+00:00\",\"description\":\"C\u00e1maras de seguridad IP inal\u00e1mbricas para exteriores alimentadas por Ethernet con visi\u00f3n nocturna, bajo consumo S.265 C\u00e1mara POE IR 3D DNR y DWDR inteligente\",\"breadcrumb\":{\"@id\":\"https:\/\/bokysee.com\/es\/products\/camaras-de-seguridad-ip-alimentadas-por-ethernet-inalambrico-para-exteriores-con-vision-nocturna\/#breadcrumb\"},\"inLanguage\":\"es\",\"potentialAction\":[{\"@type\":\"ReadAction\",\"target\":[\"https:\/\/bokysee.com\/es\/products\/camaras-de-seguridad-ip-alimentadas-por-ethernet-inalambrico-para-exteriores-con-vision-nocturna\/\"]}]},{\"@type\":\"ImageObject\",\"inLanguage\":\"es\",\"@id\":\"https:\/\/bokysee.com\/es\/products\/camaras-de-seguridad-ip-alimentadas-por-ethernet-inalambrico-para-exteriores-con-vision-nocturna\/#primaryimage\",\"url\":\"https:\/\/bokysee.com\/wp-content\/uploads\/2024\/02\/BK-POE15BBK-POE22B-1.jpg\",\"contentUrl\":\"https:\/\/bokysee.com\/wp-content\/uploads\/2024\/02\/BK-POE15BBK-POE22B-1.jpg\",\"width\":800,\"height\":800,\"caption\":\"empresa de c\u00e1maras ip inal\u00e1mbricas\"},{\"@type\":\"BreadcrumbList\",\"@id\":\"https:\/\/bokysee.com\/es\/products\/camaras-de-seguridad-ip-alimentadas-por-ethernet-inalambrico-para-exteriores-con-vision-nocturna\/#breadcrumb\",\"itemListElement\":[{\"@type\":\"ListItem\",\"position\":1,\"name\":\"Home\",\"item\":\"https:\/\/bokysee.com\/\"},{\"@type\":\"ListItem\",\"position\":2,\"name\":\"Products\",\"item\":\"https:\/\/bokysee.com\/products\/\"},{\"@type\":\"ListItem\",\"position\":3,\"name\":\"C\u00e1maras de seguridad IP alimentadas por Ethernet inal\u00e1mbrico para exteriores con visi\u00f3n nocturna\"}]},{\"@type\":\"WebSite\",\"@id\":\"https:\/\/bokysee.com\/#website\",\"url\":\"https:\/\/bokysee.com\/\",\"name\":\"Bokysee Technology Co.,LTD\",\"description\":\"Professional Smart Indoor and Outdoor Security Cameras Solution Supplier\",\"potentialAction\":[{\"@type\":\"SearchAction\",\"target\":{\"@type\":\"EntryPoint\",\"urlTemplate\":\"https:\/\/bokysee.com\/?s={search_term_string}\"},\"query-input\":{\"@type\":\"PropertyValueSpecification\",\"valueRequired\":true,\"valueName\":\"search_term_string\"}}],\"inLanguage\":\"es\"}]}<\/script>\n<!-- \/ Yoast SEO Premium plugin. -->","yoast_head_json":{"title":"C\u00e1maras de seguridad IP alimentadas por Ethernet inal\u00e1mbrico para exteriores con visi\u00f3n nocturna - Bokysee Technology Co.,LTD","description":"C\u00e1maras de seguridad IP inal\u00e1mbricas para exteriores alimentadas por Ethernet con visi\u00f3n nocturna, bajo consumo S.265 C\u00e1mara POE IR 3D DNR y DWDR inteligente","robots":{"index":"index","follow":"follow","max-snippet":"max-snippet:-1","max-image-preview":"max-image-preview:large","max-video-preview":"max-video-preview:-1"},"canonical":"https:\/\/bokysee.com\/es\/products\/camaras-de-seguridad-ip-alimentadas-por-ethernet-inalambrico-para-exteriores-con-vision-nocturna\/","og_locale":"es_ES","og_type":"article","og_title":"C\u00e1maras de seguridad IP alimentadas por Ethernet inal\u00e1mbrico para exteriores con visi\u00f3n nocturna","og_description":"C\u00e1maras de seguridad IP inal\u00e1mbricas para exteriores alimentadas por Ethernet con visi\u00f3n nocturna, bajo consumo S.265 C\u00e1mara POE IR 3D DNR y DWDR inteligente","og_url":"https:\/\/bokysee.com\/es\/products\/camaras-de-seguridad-ip-alimentadas-por-ethernet-inalambrico-para-exteriores-con-vision-nocturna\/","og_site_name":"Bokysee Technology Co.,LTD","article_modified_time":"2024-03-27T09:56:53+00:00","og_image":[{"width":800,"height":800,"url":"https:\/\/bokysee.com\/wp-content\/uploads\/2024\/02\/BK-POE15BBK-POE22B-1.jpg","type":"image\/jpeg"}],"twitter_card":"summary_large_image","twitter_misc":{"Tiempo de lectura":"3 minutos"},"schema":{"@context":"https:\/\/schema.org","@graph":[{"@type":"WebPage","@id":"https:\/\/bokysee.com\/es\/products\/camaras-de-seguridad-ip-alimentadas-por-ethernet-inalambrico-para-exteriores-con-vision-nocturna\/","url":"https:\/\/bokysee.com\/es\/products\/camaras-de-seguridad-ip-alimentadas-por-ethernet-inalambrico-para-exteriores-con-vision-nocturna\/","name":"C\u00e1maras de seguridad IP alimentadas por Ethernet inal\u00e1mbrico para exteriores con visi\u00f3n nocturna - Bokysee Technology Co.,LTD","isPartOf":{"@id":"https:\/\/bokysee.com\/#website"},"primaryImageOfPage":{"@id":"https:\/\/bokysee.com\/es\/products\/camaras-de-seguridad-ip-alimentadas-por-ethernet-inalambrico-para-exteriores-con-vision-nocturna\/#primaryimage"},"image":{"@id":"https:\/\/bokysee.com\/es\/products\/camaras-de-seguridad-ip-alimentadas-por-ethernet-inalambrico-para-exteriores-con-vision-nocturna\/#primaryimage"},"thumbnailUrl":"https:\/\/bokysee.com\/wp-content\/uploads\/2024\/02\/BK-POE15BBK-POE22B-1.jpg","datePublished":"2024-02-28T05:50:45+00:00","dateModified":"2024-03-27T09:56:53+00:00","description":"C\u00e1maras de seguridad IP inal\u00e1mbricas para exteriores alimentadas por Ethernet con visi\u00f3n nocturna, bajo consumo S.265 C\u00e1mara POE IR 3D DNR y DWDR inteligente","breadcrumb":{"@id":"https:\/\/bokysee.com\/es\/products\/camaras-de-seguridad-ip-alimentadas-por-ethernet-inalambrico-para-exteriores-con-vision-nocturna\/#breadcrumb"},"inLanguage":"es","potentialAction":[{"@type":"ReadAction","target":["https:\/\/bokysee.com\/es\/products\/camaras-de-seguridad-ip-alimentadas-por-ethernet-inalambrico-para-exteriores-con-vision-nocturna\/"]}]},{"@type":"ImageObject","inLanguage":"es","@id":"https:\/\/bokysee.com\/es\/products\/camaras-de-seguridad-ip-alimentadas-por-ethernet-inalambrico-para-exteriores-con-vision-nocturna\/#primaryimage","url":"https:\/\/bokysee.com\/wp-content\/uploads\/2024\/02\/BK-POE15BBK-POE22B-1.jpg","contentUrl":"https:\/\/bokysee.com\/wp-content\/uploads\/2024\/02\/BK-POE15BBK-POE22B-1.jpg","width":800,"height":800,"caption":"empresa de c\u00e1maras ip inal\u00e1mbricas"},{"@type":"BreadcrumbList","@id":"https:\/\/bokysee.com\/es\/products\/camaras-de-seguridad-ip-alimentadas-por-ethernet-inalambrico-para-exteriores-con-vision-nocturna\/#breadcrumb","itemListElement":[{"@type":"ListItem","position":1,"name":"Home","item":"https:\/\/bokysee.com\/"},{"@type":"ListItem","position":2,"name":"Products","item":"https:\/\/bokysee.com\/products\/"},{"@type":"ListItem","position":3,"name":"C\u00e1maras de seguridad IP alimentadas por Ethernet inal\u00e1mbrico para exteriores con visi\u00f3n nocturna"}]},{"@type":"WebSite","@id":"https:\/\/bokysee.com\/#website","url":"https:\/\/bokysee.com\/","name":"Bokysee Technology Co.,LTD","description":"Professional Smart Indoor and Outdoor Security Cameras Solution Supplier","potentialAction":[{"@type":"SearchAction","target":{"@type":"EntryPoint","urlTemplate":"https:\/\/bokysee.com\/?s={search_term_string}"},"query-input":{"@type":"PropertyValueSpecification","valueRequired":true,"valueName":"search_term_string"}}],"inLanguage":"es"}]}},"_links":{"self":[{"href":"https:\/\/bokysee.com\/es\/wp-json\/wp\/v2\/product\/8030","targetHints":{"allow":["GET"]}}],"collection":[{"href":"https:\/\/bokysee.com\/es\/wp-json\/wp\/v2\/product"}],"about":[{"href":"https:\/\/bokysee.com\/es\/wp-json\/wp\/v2\/types\/product"}],"version-history":[{"count":0,"href":"https:\/\/bokysee.com\/es\/wp-json\/wp\/v2\/product\/8030\/revisions"}],"wp:featuredmedia":[{"embeddable":true,"href":"https:\/\/bokysee.com\/es\/wp-json\/wp\/v2\/media\/7660"}],"wp:attachment":[{"href":"https:\/\/bokysee.com\/es\/wp-json\/wp\/v2\/media?parent=8030"}],"wp:term":[{"taxonomy":"product_brand","embeddable":true,"href":"https:\/\/bokysee.com\/es\/wp-json\/wp\/v2\/product_brand?post=8030"},{"taxonomy":"product_cat","embeddable":true,"href":"https:\/\/bokysee.com\/es\/wp-json\/wp\/v2\/product_cat?post=8030"},{"taxonomy":"product_tag","embeddable":true,"href":"https:\/\/bokysee.com\/es\/wp-json\/wp\/v2\/product_tag?post=8030"}],"curies":[{"name":"wp","href":"https:\/\/api.w.org\/{rel}","templated":true}]}}