{"id":7533,"date":"2024-02-26T15:47:16","date_gmt":"2024-02-26T07:47:16","guid":{"rendered":"https:\/\/bokysee.com\/?post_type=product&#038;p=7533"},"modified":"2024-09-09T15:54:07","modified_gmt":"2024-09-09T07:54:07","slug":"fixed-lens-wireless-ip66-poe-ip-camera-from-cctv-supplier-bokysee","status":"publish","type":"product","link":"https:\/\/bokysee.com\/es\/products\/fixed-lens-wireless-ip66-poe-ip-camera-from-cctv-supplier-bokysee\/","title":{"rendered":"C\u00e1mara IP inal\u00e1mbrica con lente fija IP66 POE del proveedor de CCTV Bokysee"},"content":{"rendered":"<div data-elementor-type=\"product-post\" data-elementor-id=\"7533\" class=\"elementor elementor-7533\" data-elementor-post-type=\"product\">\n\t\t\t\t\t\t<section class=\"elementor-section elementor-top-section elementor-element elementor-element-7ef8129b elementor-section-boxed elementor-section-height-default elementor-section-height-default\" data-id=\"7ef8129b\" data-element_type=\"section\">\n\t\t\t\t\t\t<div class=\"elementor-container elementor-column-gap-default\">\n\t\t\t\t\t<div class=\"elementor-column elementor-col-100 elementor-top-column elementor-element elementor-element-1210cb54\" data-id=\"1210cb54\" data-element_type=\"column\">\n\t\t\t<div class=\"elementor-widget-wrap elementor-element-populated\">\n\t\t\t\t\t\t<div class=\"elementor-element elementor-element-737e0de elementor-widget elementor-widget-text-editor\" data-id=\"737e0de\" data-element_type=\"widget\" data-widget_type=\"text-editor.default\">\n\t\t\t\t<div class=\"elementor-widget-container\">\n\t\t\t\t\t\t\t\t\t<p>C\u00e1mara domo Eyeball AHD de 5 MP, CCTV completo, con lente de 2,8-12 mm<\/p>\n<p>Presentamos la c\u00e1mara CCTV AHD de 5 MP con lente de 2,8-12 mm. Vigilancia de alta definici\u00f3n con 5 millones de p\u00edxeles para im\u00e1genes n\u00edtidas de d\u00eda y de noche. Resistente al agua y al polvo, con detecci\u00f3n de movimiento y acceso remoto. Ideal para uso dom\u00e9stico, comercial o p\u00fablico. Soluci\u00f3n de seguridad avanzada.<\/p>\n<table width=\"978\">\n<tbody>\n<tr>\n<td colspan=\"4\">C\u00e1mara:<\/td>\n<\/tr>\n<tr>\n<td width=\"268\">N.\u00ba de modelo<\/td>\n<td width=\"257\">BK-POE22B<\/td>\n<td width=\"257\"><br><\/td>\n<td width=\"196\"><br><\/td>\n<\/tr>\n<tr>\n<td width=\"268\">Conjunto de chips<\/td>\n<td width=\"257\">T31X<\/td>\n<td style=\"text-align: center;\"  >T41LQ<\/td>\n<td style=\"text-align: center;\"  >T41NQ<\/td>\n<\/tr>\n<tr>\n<td width=\"268\">Sensor<\/td>\n<td width=\"257\">Sensor CMOS de baja iluminaci\u00f3n de 1\/2,7\u2033 y 4 MP<\/td>\n<td style=\"text-align: center;\" >Sensor CMOS de baja iluminaci\u00f3n de 1\/2,7\u2033 y 5 MP<\/td>\n<td style=\"text-align: center;\" >Sensor CMOS de baja iluminaci\u00f3n de 1\/2,7\u2033 y 8 MP<\/td>\n<\/tr>\n<tr>\n<td width=\"268\">Lente<\/td>\n<td colspan=\"3\">Lente est\u00e1ndar de 3,6 mm, lente de 2,8\/6 mm opcional<\/td>\n<\/tr>\n<tr>\n<td width=\"268\">P\u00edxel<\/td>\n<td width=\"257\">2304*1296<\/td>\n<td width=\"257\">2592*1904<\/td>\n<td width=\"196\">3840*2160<\/td>\n<\/tr>\n<tr>\n<td width=\"268\">D-WDR<\/td>\n<td width=\"257\" colspan=\"3\">D-WDR (Apagado\/Bajo\/Medio\/Alto)<\/td>\n<\/tr>\n<tr>\n<td width=\"268\">D\/N<\/td>\n<td colspan=\"3\">Infrarrojo<\/td>\n<\/tr>\n<tr>\n<td width=\"268\">DNR 3D<\/td>\n<td colspan=\"3\">Apagado\/Bajo\/Medio\/Alto\/M\u00e1s alto<\/td>\n<\/tr>\n<tr>\n<td width=\"268\">Distancia IR<\/td>\n<td colspan=\"3\">25 metros<\/td>\n<\/tr>\n<tr>\n<td width=\"268\">Desempa\u00f1ar<\/td>\n<td colspan=\"3\">Apagado\/Bajo\/Medio\/Alto<\/td>\n<\/tr>\n<tr>\n<td width=\"268\">LED infrarrojo<\/td>\n<td colspan=\"3\">15 piezas de LED<\/td>\n<\/tr>\n<tr>\n<td width=\"268\">Espejo<\/td>\n<td colspan=\"3\">Espejo horizontal\/espejo vertical\/giro de 180\u00b0<\/td>\n<\/tr>\n<tr>\n<td width=\"268\">Configuraci\u00f3n de imagen<\/td>\n<td colspan=\"3\">Brillo, contraste, nitidez, saturaci\u00f3n, croma<\/td>\n<\/tr>\n<tr>\n<td colspan=\"4\">Detecci\u00f3n de humanoides:<\/td>\n<\/tr>\n<tr>\n<td width=\"268\">Cantidad de detecci\u00f3n<\/td>\n<td colspan=\"3\"\">5-10 personas<\/td>\n<\/tr>\n<tr>\n<td width=\"268\">Tama\u00f1o humanoide<\/td>\n<td colspan=\"3\">P\u00edxel humanoide \u226540X40<\/td>\n<\/tr>\n<tr>\n<td width=\"268\">Cuadro de detecci\u00f3n m\u00e1xima<\/td>\n<td colspan=\"3\">5 fps<\/td>\n<\/tr>\n<tr>\n<td width=\"268\">Rastrear personas<\/td>\n<td colspan=\"3\">Apoyo<\/td>\n<\/tr>\n<tr>\n<td width=\"268\">Modo de detecci\u00f3n<\/td>\n<td colspan=\"3\">Detecci\u00f3n de im\u00e1genes durante el d\u00eda o la noche con luces o LED IR<\/td>\n<\/tr>\n<tr>\n<td width=\"268\">\u00c1rea de detecci\u00f3n<\/td>\n<td colspan=\"3\">\u00c1rea designada, pantalla completa predeterminada<\/td>\n<\/tr>\n<tr>\n<td width=\"268\">M\u00e9todo de carga<\/td>\n<td colspan=\"3\">Subirlo bajo protocolo privado<\/td>\n<\/tr>\n<tr>\n<td width=\"268\">M\u00e9todo de activaci\u00f3n<\/td>\n<td colspan=\"3\">Disparador de v\u00eddeo<\/td>\n<\/tr>\n<tr>\n<td colspan=\"4\">Codificaci\u00f3n de audio y v\u00eddeo:<\/td>\n<\/tr>\n<tr>\n<td width=\"268\">Est\u00e1ndar<\/td>\n<td colspan=\"3\">S.265\/H.265\/H.264<\/td>\n<\/tr>\n<tr>\n<td width=\"268\">Modo de detecci\u00f3n<\/td>\n<td>Transmisi\u00f3n principal: 4MP (2560*1440)\\ 3MP (2304*1296)\\ 2MP (1920*1080) 25 fps Transmisi\u00f3n secundaria: D1 (720*576)\\ VGA (640*480)\\ Q720P (640*360)<\/td>\n<td>Transmisi\u00f3n principal: 5 MP (2592 x 1904)\\ 4 MP (2560 x 1440)\\ 3 MP (2304 x 1296)\\ 2 MP (1920 x 1080) 25 fps Transmisi\u00f3n secundaria: D1 (720 x 576)\\ VGA (640 x 480)\\ Q720P (640 x 360)<\/td>\n<td>Transmisi\u00f3n principal: 8MP (3840*2160)\\ 5MP (2592*1904)\\ 4MP (2560*1440)\\ 3MP (2304*1296)\\ 2MP (1920*1080) 25 fps Transmisi\u00f3n secundaria: D1 (720*576)\\ VGA (640*480)\\ Q720P (640*360)<\/td>\n<\/tr>\n<tr>\n<td>Resoluci\u00f3n m\u00e1xima<\/td>\n<td>4MP (2560*1440)<\/td>\n<td>5 MP 2592*1904<\/td>\n<td>8MP (3840*2160)<\/td>\n<\/tr>\n<tr>\n<td>Velocidad del c\u00f3digo de v\u00eddeo<\/td>\n<td colspan=\"3\">Tasa de c\u00f3digo fija, tasa de c\u00f3digo variable (transmisi\u00f3n principal: 1024 kbps-8000 kbps)<\/td>\n<\/tr>\n<tr>\n<td>Est\u00e1ndar de audio<\/td>\n<td colspan=\"3\">G.711u\/G.711A 64 Kbps<\/td>\n<\/tr>\n<tr>\n<td colspan=\"4\">Funci\u00f3n de red:<\/td>\n<\/tr>\n<tr>\n<td>Protocolo de red<\/td>\n<td colspan=\"3\" >TCP\/IP, UDP, HTTP, HTTPS, DHCP, PPPoE, HTTP, HTTPS, RTSP, RTMP, DDNS, UPNP, FTP<\/td>\n<\/tr>\n<tr>\n<td>Protocolo de conexi\u00f3n<\/td>\n<td colspan=\"3\"> Onvif, GB28181 (opcional)<\/td>\n<\/tr><tr>\n<td>Vista previa de n\u00fameros simult\u00e1neamente<\/td>\n<td colspan=\"3\">4 personas<\/td>\n<\/tr><tr>\n<td>Modo de seguridad<\/td>\n<td colspan=\"3\">Nombre de usuario y contrase\u00f1a autorizados, cifrado HTTPS, cifrado de conexi\u00f3n AES, verificaci\u00f3n RTSP<\/td>\n<\/tr><tr>\n<td>Detecci\u00f3n de movimiento<\/td>\n<td colspan=\"3\">Establezca el \u00e1rea de detecci\u00f3n, puede establecer una sensibilidad de varios niveles<\/td>\n<\/tr><tr>\n<td>Alarma de oclusi\u00f3n\t<\/td>\n<td colspan=\"3\">Soporte 1 \u00e1rea<\/td>\n<\/tr><tr>\n<td>M\u00e1scara de privacidad<\/td>\n<td colspan=\"3\">Apoyar 4 \u00e1reas<\/td>\n<\/tr><tr>\n<td>Vinculaci\u00f3n de horarios<\/td>\n<td colspan=\"3\">Instant\u00e1nea, correo electr\u00f3nico, salida de alarma<\/td>\n<\/tr><tr>\n<td>Vinculaci\u00f3n de eventos<\/td>\n<td colspan=\"3\">Captura, env\u00edo de correo electr\u00f3nico, salida de alarma<\/td>\n<\/tr>\n<tr>\n<td>Inspecci\u00f3n anormal del dispositivo<\/td>\n<td colspan=\"3\">Alarma de red rota, alarma de conflicto de IP, alarma de visitas ilegales<\/td>\n<\/tr><tr>\n<td>Superposici\u00f3n de caracteres (OSD)<\/td>\n<td colspan=\"3\">Superposici\u00f3n de t\u00edtulo, hora y fecha, varias l\u00edneas y color de caracteres opcional.<\/td>\n<\/tr>\n<tr>\n<td colspan=\"4\">\nPuerto:\n<\/td>\n<\/tr>\n<tr>\n<td>Puerto de red<\/td>\n<td colspan=\"3\" >Autoadaptaci\u00f3n de red RJ45 10M\/100M<\/td>\n<\/tr><tr>\n<td>Audio<\/td>\n<td colspan=\"3\" width=\"710\">Entrada de micr\u00f3fono<\/td>\n<\/tr><tr>\n<td>Amplificador<\/td>\n<td colspan=\"3\" >Placa amplificadora incorporada<\/td>\n<\/tr>\n<tr>\n<td colspan=\"4\">\nGeneral:\n<\/td>\n<\/tr>\n<tr>\n<td>Fuente de alimentaci\u00f3n<\/td>\n<td colspan=\"3\" >DC12V \/PoE (opcional)<\/td>\n<\/tr><tr>\n<td>Impermeable<\/td>\n<td colspan=\"3\" >N \/ A<\/td>\n<\/tr><tr>\n<td>Temperatura de trabajo<\/td>\n<td colspan=\"3\">-10\u00b0C ~ 50\u00b0C<\/td>\n<\/tr><tr>\n<td>Humedad de trabajo<\/td>\n<td colspan=\"3\" >0\ufe6a~90\ufe6a<\/td>\n<\/tr>\n\n<\/tbody>\n<\/table>\t\t\t\t\t\t\t\t<\/div>\n\t\t\t\t<\/div>\n\t\t\t\t\t<\/div>\n\t\t<\/div>\n\t\t\t\t\t<\/div>\n\t\t<\/section>\n\t\t\t\t<\/div>","protected":false},"excerpt":{"rendered":"<p>C\u00e1maras IP Bullet POE fijas:<br \/>\n\u25cf Lente: 3,6 mm (2,8\/6 mm opcional)<br \/>\n\u25cf Resoluci\u00f3n: 4MP 2304\u00d71296\/5MP 2560*1920\/8MP 3840*2160<br \/>\n\u25cf Bala impermeable IP66<br \/>\n\u25cf 4 piezas de matriz IR<br \/>\n\u25cf Distancia IR: 30M<br \/>\n\u25cf D\u00eda y noche: infrarrojos<br \/>\n\u25cf Audio: Micr\u00f3fono de 1 canal (voz bidireccional opcional)<br \/>\n\u25cf Admite protocolos Onvif y HK<br \/>\n\u25cf Alimentaci\u00f3n: POE\/DC12V-1A<\/p>","protected":false},"featured_media":7534,"template":"","meta":[],"product_brand":[],"product_cat":[1107],"product_tag":[915,913,914],"class_list":{"0":"post-7533","1":"product","2":"type-product","3":"status-publish","4":"has-post-thumbnail","6":"product_cat-bullet-poe-ip-camera","7":"product_tag-ip66-camera","8":"product_tag-poe-camera-cctv","9":"product_tag-wireless-ip-camera-supplier","11":"first","12":"instock","13":"shipping-taxable","14":"product-type-simple"},"acf":[],"yoast_head":"<!-- This site is optimized with the Yoast SEO Premium plugin v20.2.1 (Yoast SEO v26.1.1) - https:\/\/yoast.com\/wordpress\/plugins\/seo\/ -->\n<title>Fixed Lens Wireless IP66 POE IP Camera from CCTV Supplier Bokysee - Bokysee Technology Co.,LTD<\/title>\n<meta name=\"description\" content=\"Hik Compatible Fixed Lens Wireless IP66 POE IP Camera from CCTV Supplier Bokysee Support Human\u00a0Detection 3D DNR DWDR S.265\" \/>\n<meta name=\"robots\" content=\"index, follow, max-snippet:-1, max-image-preview:large, max-video-preview:-1\" \/>\n<link rel=\"canonical\" href=\"https:\/\/bokysee.com\/es\/products\/fixed-lens-wireless-ip66-poe-ip-camera-from-cctv-supplier-bokysee\/\" \/>\n<meta property=\"og:locale\" content=\"es_ES\" \/>\n<meta property=\"og:type\" content=\"article\" \/>\n<meta property=\"og:title\" content=\"Fixed Lens Wireless IP66 POE IP Camera from CCTV Supplier Bokysee\" \/>\n<meta property=\"og:description\" content=\"Hik Compatible Fixed Lens Wireless IP66 POE IP Camera from CCTV Supplier Bokysee Support Human\u00a0Detection 3D DNR DWDR S.265\" \/>\n<meta property=\"og:url\" content=\"https:\/\/bokysee.com\/es\/products\/fixed-lens-wireless-ip66-poe-ip-camera-from-cctv-supplier-bokysee\/\" \/>\n<meta property=\"og:site_name\" content=\"Bokysee Technology Co.,LTD\" \/>\n<meta property=\"article:modified_time\" content=\"2024-09-09T07:54:07+00:00\" \/>\n<meta property=\"og:image\" content=\"https:\/\/bokysee.com\/wp-content\/uploads\/2024\/02\/BK-POE12B.jpg\" \/>\n\t<meta property=\"og:image:width\" content=\"800\" \/>\n\t<meta property=\"og:image:height\" content=\"800\" \/>\n\t<meta property=\"og:image:type\" content=\"image\/jpeg\" \/>\n<meta name=\"twitter:card\" content=\"summary_large_image\" \/>\n<meta name=\"twitter:label1\" content=\"Tiempo de lectura\" \/>\n\t<meta name=\"twitter:data1\" content=\"1 minuto\" \/>\n<script type=\"application\/ld+json\" class=\"yoast-schema-graph\">{\"@context\":\"https:\/\/schema.org\",\"@graph\":[{\"@type\":\"WebPage\",\"@id\":\"https:\/\/bokysee.com\/products\/fixed-lens-wireless-ip66-poe-ip-camera-from-cctv-supplier-bokysee\/\",\"url\":\"https:\/\/bokysee.com\/products\/fixed-lens-wireless-ip66-poe-ip-camera-from-cctv-supplier-bokysee\/\",\"name\":\"Fixed Lens Wireless IP66 POE IP Camera from CCTV Supplier Bokysee - Bokysee Technology Co.,LTD\",\"isPartOf\":{\"@id\":\"https:\/\/bokysee.com\/#website\"},\"primaryImageOfPage\":{\"@id\":\"https:\/\/bokysee.com\/products\/fixed-lens-wireless-ip66-poe-ip-camera-from-cctv-supplier-bokysee\/#primaryimage\"},\"image\":{\"@id\":\"https:\/\/bokysee.com\/products\/fixed-lens-wireless-ip66-poe-ip-camera-from-cctv-supplier-bokysee\/#primaryimage\"},\"thumbnailUrl\":\"https:\/\/bokysee.com\/wp-content\/uploads\/2024\/02\/BK-POE12B.jpg\",\"datePublished\":\"2024-02-26T07:47:16+00:00\",\"dateModified\":\"2024-09-09T07:54:07+00:00\",\"description\":\"Hik Compatible Fixed Lens Wireless IP66 POE IP Camera from CCTV Supplier Bokysee Support Human\u00a0Detection 3D DNR DWDR S.265\",\"breadcrumb\":{\"@id\":\"https:\/\/bokysee.com\/products\/fixed-lens-wireless-ip66-poe-ip-camera-from-cctv-supplier-bokysee\/#breadcrumb\"},\"inLanguage\":\"es\",\"potentialAction\":[{\"@type\":\"ReadAction\",\"target\":[\"https:\/\/bokysee.com\/products\/fixed-lens-wireless-ip66-poe-ip-camera-from-cctv-supplier-bokysee\/\"]}]},{\"@type\":\"ImageObject\",\"inLanguage\":\"es\",\"@id\":\"https:\/\/bokysee.com\/products\/fixed-lens-wireless-ip66-poe-ip-camera-from-cctv-supplier-bokysee\/#primaryimage\",\"url\":\"https:\/\/bokysee.com\/wp-content\/uploads\/2024\/02\/BK-POE12B.jpg\",\"contentUrl\":\"https:\/\/bokysee.com\/wp-content\/uploads\/2024\/02\/BK-POE12B.jpg\",\"width\":800,\"height\":800,\"caption\":\"poe camera cctv\"},{\"@type\":\"BreadcrumbList\",\"@id\":\"https:\/\/bokysee.com\/products\/fixed-lens-wireless-ip66-poe-ip-camera-from-cctv-supplier-bokysee\/#breadcrumb\",\"itemListElement\":[{\"@type\":\"ListItem\",\"position\":1,\"name\":\"Home\",\"item\":\"https:\/\/bokysee.com\/\"},{\"@type\":\"ListItem\",\"position\":2,\"name\":\"Products\",\"item\":\"https:\/\/bokysee.com\/products\/\"},{\"@type\":\"ListItem\",\"position\":3,\"name\":\"Fixed Lens Wireless IP66 POE IP Camera from CCTV Supplier Bokysee\"}]},{\"@type\":\"WebSite\",\"@id\":\"https:\/\/bokysee.com\/#website\",\"url\":\"https:\/\/bokysee.com\/\",\"name\":\"Bokysee Technology Co.,LTD\",\"description\":\"Professional Smart Indoor and Outdoor Security Cameras Solution Supplier\",\"potentialAction\":[{\"@type\":\"SearchAction\",\"target\":{\"@type\":\"EntryPoint\",\"urlTemplate\":\"https:\/\/bokysee.com\/?s={search_term_string}\"},\"query-input\":{\"@type\":\"PropertyValueSpecification\",\"valueRequired\":true,\"valueName\":\"search_term_string\"}}],\"inLanguage\":\"es\"}]}<\/script>\n<!-- \/ Yoast SEO Premium plugin. -->","yoast_head_json":{"title":"Fixed Lens Wireless IP66 POE IP Camera from CCTV Supplier Bokysee - Bokysee Technology Co.,LTD","description":"Hik Compatible Fixed Lens Wireless IP66 POE IP Camera from CCTV Supplier Bokysee Support Human\u00a0Detection 3D DNR DWDR S.265","robots":{"index":"index","follow":"follow","max-snippet":"max-snippet:-1","max-image-preview":"max-image-preview:large","max-video-preview":"max-video-preview:-1"},"canonical":"https:\/\/bokysee.com\/es\/products\/fixed-lens-wireless-ip66-poe-ip-camera-from-cctv-supplier-bokysee\/","og_locale":"es_ES","og_type":"article","og_title":"Fixed Lens Wireless IP66 POE IP Camera from CCTV Supplier Bokysee","og_description":"Hik Compatible Fixed Lens Wireless IP66 POE IP Camera from CCTV Supplier Bokysee Support Human\u00a0Detection 3D DNR DWDR S.265","og_url":"https:\/\/bokysee.com\/es\/products\/fixed-lens-wireless-ip66-poe-ip-camera-from-cctv-supplier-bokysee\/","og_site_name":"Bokysee Technology Co.,LTD","article_modified_time":"2024-09-09T07:54:07+00:00","og_image":[{"width":800,"height":800,"url":"https:\/\/bokysee.com\/wp-content\/uploads\/2024\/02\/BK-POE12B.jpg","type":"image\/jpeg"}],"twitter_card":"summary_large_image","twitter_misc":{"Tiempo de lectura":"1 minuto"},"schema":{"@context":"https:\/\/schema.org","@graph":[{"@type":"WebPage","@id":"https:\/\/bokysee.com\/products\/fixed-lens-wireless-ip66-poe-ip-camera-from-cctv-supplier-bokysee\/","url":"https:\/\/bokysee.com\/products\/fixed-lens-wireless-ip66-poe-ip-camera-from-cctv-supplier-bokysee\/","name":"Fixed Lens Wireless IP66 POE IP Camera from CCTV Supplier Bokysee - Bokysee Technology Co.,LTD","isPartOf":{"@id":"https:\/\/bokysee.com\/#website"},"primaryImageOfPage":{"@id":"https:\/\/bokysee.com\/products\/fixed-lens-wireless-ip66-poe-ip-camera-from-cctv-supplier-bokysee\/#primaryimage"},"image":{"@id":"https:\/\/bokysee.com\/products\/fixed-lens-wireless-ip66-poe-ip-camera-from-cctv-supplier-bokysee\/#primaryimage"},"thumbnailUrl":"https:\/\/bokysee.com\/wp-content\/uploads\/2024\/02\/BK-POE12B.jpg","datePublished":"2024-02-26T07:47:16+00:00","dateModified":"2024-09-09T07:54:07+00:00","description":"Hik Compatible Fixed Lens Wireless IP66 POE IP Camera from CCTV Supplier Bokysee Support Human\u00a0Detection 3D DNR DWDR S.265","breadcrumb":{"@id":"https:\/\/bokysee.com\/products\/fixed-lens-wireless-ip66-poe-ip-camera-from-cctv-supplier-bokysee\/#breadcrumb"},"inLanguage":"es","potentialAction":[{"@type":"ReadAction","target":["https:\/\/bokysee.com\/products\/fixed-lens-wireless-ip66-poe-ip-camera-from-cctv-supplier-bokysee\/"]}]},{"@type":"ImageObject","inLanguage":"es","@id":"https:\/\/bokysee.com\/products\/fixed-lens-wireless-ip66-poe-ip-camera-from-cctv-supplier-bokysee\/#primaryimage","url":"https:\/\/bokysee.com\/wp-content\/uploads\/2024\/02\/BK-POE12B.jpg","contentUrl":"https:\/\/bokysee.com\/wp-content\/uploads\/2024\/02\/BK-POE12B.jpg","width":800,"height":800,"caption":"poe camera cctv"},{"@type":"BreadcrumbList","@id":"https:\/\/bokysee.com\/products\/fixed-lens-wireless-ip66-poe-ip-camera-from-cctv-supplier-bokysee\/#breadcrumb","itemListElement":[{"@type":"ListItem","position":1,"name":"Home","item":"https:\/\/bokysee.com\/"},{"@type":"ListItem","position":2,"name":"Products","item":"https:\/\/bokysee.com\/products\/"},{"@type":"ListItem","position":3,"name":"Fixed Lens Wireless IP66 POE IP Camera from CCTV Supplier Bokysee"}]},{"@type":"WebSite","@id":"https:\/\/bokysee.com\/#website","url":"https:\/\/bokysee.com\/","name":"Bokysee Technology Co.,LTD","description":"Professional Smart Indoor and Outdoor Security Cameras Solution Supplier","potentialAction":[{"@type":"SearchAction","target":{"@type":"EntryPoint","urlTemplate":"https:\/\/bokysee.com\/?s={search_term_string}"},"query-input":{"@type":"PropertyValueSpecification","valueRequired":true,"valueName":"search_term_string"}}],"inLanguage":"es"}]}},"_links":{"self":[{"href":"https:\/\/bokysee.com\/es\/wp-json\/wp\/v2\/product\/7533","targetHints":{"allow":["GET"]}}],"collection":[{"href":"https:\/\/bokysee.com\/es\/wp-json\/wp\/v2\/product"}],"about":[{"href":"https:\/\/bokysee.com\/es\/wp-json\/wp\/v2\/types\/product"}],"version-history":[{"count":0,"href":"https:\/\/bokysee.com\/es\/wp-json\/wp\/v2\/product\/7533\/revisions"}],"wp:featuredmedia":[{"embeddable":true,"href":"https:\/\/bokysee.com\/es\/wp-json\/wp\/v2\/media\/7534"}],"wp:attachment":[{"href":"https:\/\/bokysee.com\/es\/wp-json\/wp\/v2\/media?parent=7533"}],"wp:term":[{"taxonomy":"product_brand","embeddable":true,"href":"https:\/\/bokysee.com\/es\/wp-json\/wp\/v2\/product_brand?post=7533"},{"taxonomy":"product_cat","embeddable":true,"href":"https:\/\/bokysee.com\/es\/wp-json\/wp\/v2\/product_cat?post=7533"},{"taxonomy":"product_tag","embeddable":true,"href":"https:\/\/bokysee.com\/es\/wp-json\/wp\/v2\/product_tag?post=7533"}],"curies":[{"name":"wp","href":"https:\/\/api.w.org\/{rel}","templated":true}]}}