{"id":7513,"date":"2024-02-21T11:53:10","date_gmt":"2024-02-21T03:53:10","guid":{"rendered":"https:\/\/bokysee.com\/?post_type=product&#038;p=7513"},"modified":"2024-02-21T13:46:18","modified_gmt":"2024-02-21T05:46:18","slug":"full-cctv-5mp-varifocal-ahd-security-recording-analog-system","status":"publish","type":"product","link":"https:\/\/bokysee.com\/es\/products\/full-cctv-5mp-varifocal-ahd-security-recording-analog-system\/","title":{"rendered":"Sistema de seguridad CCTV anal\u00f3gico con grabaci\u00f3n AHD varifocal de 5 MP"},"content":{"rendered":"<p>Sistema de seguridad CCTV anal\u00f3gico con grabaci\u00f3n AHD varifocal de 5 MP<\/p>\n<p>La c\u00e1mara de seguridad de 5 MP de Bokysee es una soluci\u00f3n CCTV vers\u00e1til para exteriores, con compatibilidad 4 en 1 (AHD\/TVI\/CVI\/anal\u00f3gica). Con un alcance de visi\u00f3n nocturna de 40 m (130 pies), una lente varifocal de 2,8-12 mm, men\u00fa OSD UTC y una robusta construcci\u00f3n met\u00e1lica resistente a la intemperie con certificaci\u00f3n IP66, garantiza una vigilancia integral.<\/p>\n<table width=\"978\">\n<tbody>\n<tr>\n<td width=\"268\">N.\u00ba de modelo<\/td>\n<td width=\"257\">BK-AHD21B2M5X<\/td>\n<td width=\"257\">BK-AHD21B5MN5X<\/td>\n<td width=\"196\">BK-AHD21B8MN5X<\/td>\n<\/tr>\n<tr>\n<td width=\"268\">Sensor<\/td>\n<td width=\"257\">Sensor CMOS de 1\/2,9\u201d<\/td>\n<td colspan=\"2\" width=\"453\">Sensor CMOS de 1\/3\u201d<\/td>\n<\/tr>\n<tr>\n<td width=\"268\">Lente<\/td>\n<td colspan=\"3\" width=\"710\">\u00a0Zoom manual de 2,8-12 mm<\/td>\n<\/tr>\n<tr>\n<td width=\"268\">L\u00e1mpara de infrarrojos<\/td>\n<td colspan=\"3\" width=\"710\">42 LED IR<\/td>\n<\/tr>\n<tr>\n<td width=\"268\">P\u00edxel<\/td>\n<td width=\"257\">2MP<\/td>\n<td width=\"257\">5MP<\/td>\n<td width=\"196\">8MP<\/td>\n<\/tr>\n<tr>\n<td width=\"268\">Resoluci\u00f3n<\/td>\n<td width=\"257\">1920x1080P<\/td>\n<td>2560*1920<\/td>\n<td width=\"196\">3840*2160<\/td>\n<\/tr>\n<tr>\n<td width=\"268\">Modo de se\u00f1al<\/td>\n<td colspan=\"3\" width=\"710\">AHD\/TVI\/CVI\/CVBS<\/td>\n<\/tr>\n<tr>\n<td width=\"268\">Est\u00e1ndar<\/td>\n<td colspan=\"3\" width=\"710\">PAL\/NTSC<\/td>\n<\/tr>\n<tr>\n<td width=\"268\">Comunicaci\u00f3n UTC<\/td>\n<td colspan=\"3\" width=\"710\">apoyo<\/td>\n<\/tr>\n<tr>\n<td width=\"268\">Conmutaci\u00f3n de alta definici\u00f3n<\/td>\n<td colspan=\"3\" width=\"710\">Admite cambio de OSD\/TECLA\/c\u00f3digo de tecla\/tecla \u00fanica\/cambio de modo UTC<\/td>\n<\/tr>\n<tr>\n<td width=\"268\">Funci\u00f3n de men\u00fa<\/td>\n<td colspan=\"3\" width=\"710\">OSD\/Botones<\/td>\n<\/tr>\n<tr>\n<td width=\"268\">Idioma<\/td>\n<td colspan=\"3\" width=\"710\">Ingl\u00e9s\/chino\/coreano\/etc.<\/td>\n<\/tr>\n<tr>\n<td width=\"268\">N\u00famero de serie<\/td>\n<td colspan=\"3\" width=\"710\">2D<\/td>\n<\/tr>\n<tr>\n<td width=\"268\">Amplio rango din\u00e1mico (WDR)<\/td>\n<td colspan=\"3\" width=\"710\">adaptado<\/td>\n<\/tr>\n<tr>\n<td width=\"268\">Salida de v\u00eddeo<\/td>\n<td colspan=\"3\" width=\"710\">AHD\/TVI\/CVI\/CVBS<\/td>\n<\/tr>\n<tr>\n<td width=\"268\">Fuente de alimentaci\u00f3n<\/td>\n<td colspan=\"3\" width=\"710\">CC 12 V-1 A<\/td>\n<\/tr>\n<tr>\n<td width=\"268\">Impermeable<\/td>\n<td colspan=\"3\" width=\"710\">IP66<\/td>\n<\/tr>\n<tr>\n<td width=\"268\">Material<\/td>\n<td colspan=\"3\" width=\"710\">carcasa de metal<\/td>\n<\/tr>\n<tr>\n<td width=\"268\">Entorno de trabajo<\/td>\n<td colspan=\"3\" width=\"710\">Temperatura: -20\u00b0C ~ 60\u00b0C, humedad: 10% ~ 90% (sin condensaci\u00f3n)<\/td>\n<\/tr>\n<\/tbody>\n<\/table>\n<p>&nbsp;<\/p>","protected":false},"excerpt":{"rendered":"<p>Sistema de seguridad CCTV anal\u00f3gico con grabaci\u00f3n AHD varifocal de 5 MP<\/p>\n<p>\u25cf C\u00e1maras Bullet AHD 4 en 1<br \/>\n\u25cf Lente: Lente con zoom manual de 2,8-12 mm<br \/>\n\u25cf Resoluci\u00f3n: 2.0MP, 5.0MP, 8.0MP<br \/>\n\u25cf Bala impermeable IP66, Matel<br \/>\n\u25cf 42 LED IR<br \/>\n\u25cf D\u00eda y noche: Color\/B\/N (Opci\u00f3n inteligente)<br \/>\n\u25cf Alimentaci\u00f3n: CC 12 V-1 A<br \/>\n\u25cf Audio: N\/A (opcional)<br \/>\n\u25cf Salida: AHD\/CVI\/TVI\/CVBS<\/p>","protected":false},"featured_media":7514,"template":"","meta":[],"product_brand":[],"product_cat":[539],"product_tag":[899,901,900],"class_list":{"0":"post-7513","1":"product","2":"type-product","3":"status-publish","4":"has-post-thumbnail","6":"product_cat-bullet-ahd-cameras","7":"product_tag-ahd-5mp-camera","8":"product_tag-ahd-analog","9":"product_tag-full-cctv-ahd-security-recording-system","11":"first","12":"instock","13":"shipping-taxable","14":"product-type-simple"},"acf":[],"yoast_head":"<!-- This site is optimized with the Yoast SEO Premium plugin v20.2.1 (Yoast SEO v26.1.1) - https:\/\/yoast.com\/wordpress\/plugins\/seo\/ -->\n<title>Full CCTV 5MP Varifocal AHD Security Recording Analog System - Bokysee Technology Co.,LTD<\/title>\n<meta name=\"description\" content=\"OEM 4 IN 1 AHD Hot 8MP HD Analog Camera Outdoor Full CCTV 5MP Varifocal AHD Security Recording Analog System Support OEM&amp;ODM\" \/>\n<meta name=\"robots\" content=\"index, follow, max-snippet:-1, max-image-preview:large, max-video-preview:-1\" \/>\n<link rel=\"canonical\" href=\"https:\/\/bokysee.com\/es\/products\/full-cctv-5mp-varifocal-ahd-security-recording-analog-system\/\" \/>\n<meta property=\"og:locale\" content=\"es_ES\" \/>\n<meta property=\"og:type\" content=\"article\" \/>\n<meta property=\"og:title\" content=\"Full CCTV 5MP Varifocal AHD Security Recording Analog System\" \/>\n<meta property=\"og:description\" content=\"OEM 4 IN 1 AHD Hot 8MP HD Analog Camera Outdoor Full CCTV 5MP Varifocal AHD Security Recording Analog System Support OEM&amp;ODM\" \/>\n<meta property=\"og:url\" content=\"https:\/\/bokysee.com\/es\/products\/full-cctv-5mp-varifocal-ahd-security-recording-analog-system\/\" \/>\n<meta property=\"og:site_name\" content=\"Bokysee Technology Co.,LTD\" \/>\n<meta property=\"article:modified_time\" content=\"2024-02-21T05:46:18+00:00\" \/>\n<meta property=\"og:image\" content=\"https:\/\/bokysee.com\/wp-content\/uploads\/2024\/02\/BK-AHD21B.jpg\" \/>\n\t<meta property=\"og:image:width\" content=\"800\" \/>\n\t<meta property=\"og:image:height\" content=\"800\" \/>\n\t<meta property=\"og:image:type\" content=\"image\/jpeg\" \/>\n<meta name=\"twitter:card\" content=\"summary_large_image\" \/>\n<meta name=\"twitter:label1\" content=\"Tiempo de lectura\" \/>\n\t<meta name=\"twitter:data1\" content=\"1 minuto\" \/>\n<script type=\"application\/ld+json\" class=\"yoast-schema-graph\">{\"@context\":\"https:\/\/schema.org\",\"@graph\":[{\"@type\":\"WebPage\",\"@id\":\"https:\/\/bokysee.com\/products\/full-cctv-5mp-varifocal-ahd-security-recording-analog-system\/\",\"url\":\"https:\/\/bokysee.com\/products\/full-cctv-5mp-varifocal-ahd-security-recording-analog-system\/\",\"name\":\"Full CCTV 5MP Varifocal AHD Security Recording Analog System - Bokysee Technology Co.,LTD\",\"isPartOf\":{\"@id\":\"https:\/\/bokysee.com\/#website\"},\"primaryImageOfPage\":{\"@id\":\"https:\/\/bokysee.com\/products\/full-cctv-5mp-varifocal-ahd-security-recording-analog-system\/#primaryimage\"},\"image\":{\"@id\":\"https:\/\/bokysee.com\/products\/full-cctv-5mp-varifocal-ahd-security-recording-analog-system\/#primaryimage\"},\"thumbnailUrl\":\"https:\/\/bokysee.com\/wp-content\/uploads\/2024\/02\/BK-AHD21B.jpg\",\"datePublished\":\"2024-02-21T03:53:10+00:00\",\"dateModified\":\"2024-02-21T05:46:18+00:00\",\"description\":\"OEM 4 IN 1 AHD Hot 8MP HD Analog Camera Outdoor Full CCTV 5MP Varifocal AHD Security Recording Analog System Support OEM&ODM\",\"breadcrumb\":{\"@id\":\"https:\/\/bokysee.com\/products\/full-cctv-5mp-varifocal-ahd-security-recording-analog-system\/#breadcrumb\"},\"inLanguage\":\"es\",\"potentialAction\":[{\"@type\":\"ReadAction\",\"target\":[\"https:\/\/bokysee.com\/products\/full-cctv-5mp-varifocal-ahd-security-recording-analog-system\/\"]}]},{\"@type\":\"ImageObject\",\"inLanguage\":\"es\",\"@id\":\"https:\/\/bokysee.com\/products\/full-cctv-5mp-varifocal-ahd-security-recording-analog-system\/#primaryimage\",\"url\":\"https:\/\/bokysee.com\/wp-content\/uploads\/2024\/02\/BK-AHD21B.jpg\",\"contentUrl\":\"https:\/\/bokysee.com\/wp-content\/uploads\/2024\/02\/BK-AHD21B.jpg\",\"width\":800,\"height\":800,\"caption\":\"ahd 5mp camera\"},{\"@type\":\"BreadcrumbList\",\"@id\":\"https:\/\/bokysee.com\/products\/full-cctv-5mp-varifocal-ahd-security-recording-analog-system\/#breadcrumb\",\"itemListElement\":[{\"@type\":\"ListItem\",\"position\":1,\"name\":\"Home\",\"item\":\"https:\/\/bokysee.com\/\"},{\"@type\":\"ListItem\",\"position\":2,\"name\":\"Products\",\"item\":\"https:\/\/bokysee.com\/products\/\"},{\"@type\":\"ListItem\",\"position\":3,\"name\":\"Full CCTV 5MP Varifocal AHD Security Recording Analog System\"}]},{\"@type\":\"WebSite\",\"@id\":\"https:\/\/bokysee.com\/#website\",\"url\":\"https:\/\/bokysee.com\/\",\"name\":\"Bokysee Technology Co.,LTD\",\"description\":\"Professional Smart Indoor and Outdoor Security Cameras Solution Supplier\",\"potentialAction\":[{\"@type\":\"SearchAction\",\"target\":{\"@type\":\"EntryPoint\",\"urlTemplate\":\"https:\/\/bokysee.com\/?s={search_term_string}\"},\"query-input\":{\"@type\":\"PropertyValueSpecification\",\"valueRequired\":true,\"valueName\":\"search_term_string\"}}],\"inLanguage\":\"es\"}]}<\/script>\n<!-- \/ Yoast SEO Premium plugin. -->","yoast_head_json":{"title":"Full CCTV 5MP Varifocal AHD Security Recording Analog System - Bokysee Technology Co.,LTD","description":"OEM 4 IN 1 AHD Hot 8MP HD Analog Camera Outdoor Full CCTV 5MP Varifocal AHD Security Recording Analog System Support OEM&ODM","robots":{"index":"index","follow":"follow","max-snippet":"max-snippet:-1","max-image-preview":"max-image-preview:large","max-video-preview":"max-video-preview:-1"},"canonical":"https:\/\/bokysee.com\/es\/products\/full-cctv-5mp-varifocal-ahd-security-recording-analog-system\/","og_locale":"es_ES","og_type":"article","og_title":"Full CCTV 5MP Varifocal AHD Security Recording Analog System","og_description":"OEM 4 IN 1 AHD Hot 8MP HD Analog Camera Outdoor Full CCTV 5MP Varifocal AHD Security Recording Analog System Support OEM&ODM","og_url":"https:\/\/bokysee.com\/es\/products\/full-cctv-5mp-varifocal-ahd-security-recording-analog-system\/","og_site_name":"Bokysee Technology Co.,LTD","article_modified_time":"2024-02-21T05:46:18+00:00","og_image":[{"width":800,"height":800,"url":"https:\/\/bokysee.com\/wp-content\/uploads\/2024\/02\/BK-AHD21B.jpg","type":"image\/jpeg"}],"twitter_card":"summary_large_image","twitter_misc":{"Tiempo de lectura":"1 minuto"},"schema":{"@context":"https:\/\/schema.org","@graph":[{"@type":"WebPage","@id":"https:\/\/bokysee.com\/products\/full-cctv-5mp-varifocal-ahd-security-recording-analog-system\/","url":"https:\/\/bokysee.com\/products\/full-cctv-5mp-varifocal-ahd-security-recording-analog-system\/","name":"Full CCTV 5MP Varifocal AHD Security Recording Analog System - Bokysee Technology Co.,LTD","isPartOf":{"@id":"https:\/\/bokysee.com\/#website"},"primaryImageOfPage":{"@id":"https:\/\/bokysee.com\/products\/full-cctv-5mp-varifocal-ahd-security-recording-analog-system\/#primaryimage"},"image":{"@id":"https:\/\/bokysee.com\/products\/full-cctv-5mp-varifocal-ahd-security-recording-analog-system\/#primaryimage"},"thumbnailUrl":"https:\/\/bokysee.com\/wp-content\/uploads\/2024\/02\/BK-AHD21B.jpg","datePublished":"2024-02-21T03:53:10+00:00","dateModified":"2024-02-21T05:46:18+00:00","description":"OEM 4 IN 1 AHD Hot 8MP HD Analog Camera Outdoor Full CCTV 5MP Varifocal AHD Security Recording Analog System Support OEM&ODM","breadcrumb":{"@id":"https:\/\/bokysee.com\/products\/full-cctv-5mp-varifocal-ahd-security-recording-analog-system\/#breadcrumb"},"inLanguage":"es","potentialAction":[{"@type":"ReadAction","target":["https:\/\/bokysee.com\/products\/full-cctv-5mp-varifocal-ahd-security-recording-analog-system\/"]}]},{"@type":"ImageObject","inLanguage":"es","@id":"https:\/\/bokysee.com\/products\/full-cctv-5mp-varifocal-ahd-security-recording-analog-system\/#primaryimage","url":"https:\/\/bokysee.com\/wp-content\/uploads\/2024\/02\/BK-AHD21B.jpg","contentUrl":"https:\/\/bokysee.com\/wp-content\/uploads\/2024\/02\/BK-AHD21B.jpg","width":800,"height":800,"caption":"ahd 5mp camera"},{"@type":"BreadcrumbList","@id":"https:\/\/bokysee.com\/products\/full-cctv-5mp-varifocal-ahd-security-recording-analog-system\/#breadcrumb","itemListElement":[{"@type":"ListItem","position":1,"name":"Home","item":"https:\/\/bokysee.com\/"},{"@type":"ListItem","position":2,"name":"Products","item":"https:\/\/bokysee.com\/products\/"},{"@type":"ListItem","position":3,"name":"Full CCTV 5MP Varifocal AHD Security Recording Analog System"}]},{"@type":"WebSite","@id":"https:\/\/bokysee.com\/#website","url":"https:\/\/bokysee.com\/","name":"Bokysee Technology Co.,LTD","description":"Professional Smart Indoor and Outdoor Security Cameras Solution Supplier","potentialAction":[{"@type":"SearchAction","target":{"@type":"EntryPoint","urlTemplate":"https:\/\/bokysee.com\/?s={search_term_string}"},"query-input":{"@type":"PropertyValueSpecification","valueRequired":true,"valueName":"search_term_string"}}],"inLanguage":"es"}]}},"_links":{"self":[{"href":"https:\/\/bokysee.com\/es\/wp-json\/wp\/v2\/product\/7513","targetHints":{"allow":["GET"]}}],"collection":[{"href":"https:\/\/bokysee.com\/es\/wp-json\/wp\/v2\/product"}],"about":[{"href":"https:\/\/bokysee.com\/es\/wp-json\/wp\/v2\/types\/product"}],"version-history":[{"count":0,"href":"https:\/\/bokysee.com\/es\/wp-json\/wp\/v2\/product\/7513\/revisions"}],"wp:featuredmedia":[{"embeddable":true,"href":"https:\/\/bokysee.com\/es\/wp-json\/wp\/v2\/media\/7514"}],"wp:attachment":[{"href":"https:\/\/bokysee.com\/es\/wp-json\/wp\/v2\/media?parent=7513"}],"wp:term":[{"taxonomy":"product_brand","embeddable":true,"href":"https:\/\/bokysee.com\/es\/wp-json\/wp\/v2\/product_brand?post=7513"},{"taxonomy":"product_cat","embeddable":true,"href":"https:\/\/bokysee.com\/es\/wp-json\/wp\/v2\/product_cat?post=7513"},{"taxonomy":"product_tag","embeddable":true,"href":"https:\/\/bokysee.com\/es\/wp-json\/wp\/v2\/product_tag?post=7513"}],"curies":[{"name":"wp","href":"https:\/\/api.w.org\/{rel}","templated":true}]}}