{"id":6780,"date":"2023-10-07T09:20:34","date_gmt":"2023-10-07T01:20:34","guid":{"rendered":"https:\/\/bokysee.com\/products\/4k-poe-camara-de-seguridad-al-aire-libre-de-la-camara-ip-profesional-proveedor\/"},"modified":"2023-10-07T09:20:34","modified_gmt":"2023-10-07T01:20:34","slug":"4k-poe-security-bullet-camera-outdoor-de-professional-ip-camera-supplier","status":"publish","type":"product","link":"https:\/\/bokysee.com\/es\/products\/4k-poe-security-bullet-camera-outdoor-de-professional-ip-camera-supplier\/","title":{"rendered":"4K POE C\u00e1mara de seguridad al aire libre de la c\u00e1mara IP profesional Proveedor"},"content":{"rendered":"<p>4K POE C\u00e1mara de seguridad al aire libre de la c\u00e1mara IP profesional Proveedor<\/p>\n<p>Experimente una eficiencia superior y una conectividad perfecta con las c\u00e1maras avanzadas IP POE de Bokysee. Capture cada detalle con precisi\u00f3n y disfrute de una supervisi\u00f3n sin esfuerzo desde cualquier lugar. Mejore las operaciones de su empresa con nuestras soluciones de seguridad confiables y escalables.<\/p>\n<table width=\"766\">\n<tbody>\n<tr>\n<td colspan=\"2\" width=\"207\">Modelo<\/td>\n<td width=\"205\">BK-IPE01B3M<\/td>\n<td width=\"156\">BK-IPE01B5M<\/td>\n<td width=\"197\">BK-IPE01B8M<\/td>\n<\/tr>\n<tr>\n<td colspan=\"2\" width=\"207\">Sensor<\/td>\n<td width=\"205\">Sensor CMOS de 1\/2,9<\/td>\n<td width=\"156\">Sensor CMOS de 1\/2,8<\/td>\n<td width=\"197\">Sensor CMOS de 1\/3<\/td>\n<\/tr>\n<tr>\n<td colspan=\"2\" width=\"207\">Lente<\/td>\n<td colspan=\"3\" width=\"559\">3,6 mm (6\/8\/12 mm opcional)<\/td>\n<\/tr>\n<tr>\n<td colspan=\"2\" width=\"207\">L\u00e1mpara IR<\/td>\n<td colspan=\"3\" width=\"559\">L\u00e1mpara Array de 4 piezas<\/td>\n<\/tr>\n<tr>\n<td colspan=\"2\" width=\"207\">P\u00edxel<\/td>\n<td width=\"205\">3MP<\/td>\n<td width=\"156\">5MP<\/td>\n<td width=\"197\">8MP<\/td>\n<\/tr>\n<tr>\n<td rowspan=\"2\" width=\"92\">C\u00f3digo<\/td>\n<td width=\"115\">Corriente principal<\/td>\n<td><a href=\"mailto:2304x1296@20fps\">2304\u00d71296 a 20 fps<\/a><\/td>\n<td width=\"156\">2560*1920 a 20 fps<\/td>\n<td width=\"197\">3840*2160 a 20 fps<\/td>\n<\/tr>\n<tr>\n<td width=\"115\">Subflujo<\/td>\n<td width=\"205\">640*360 a 25 fps<\/td>\n<td width=\"156\">640*360 a 25 fps<\/td>\n<td width=\"197\">640*360 a 25 fps<\/td>\n<\/tr>\n<tr>\n<td colspan=\"2\" width=\"207\">Codificaci\u00f3n de v\u00eddeo<\/td>\n<td colspan=\"3\" width=\"559\">Codificaci\u00f3n de v\u00eddeo H.264\/H.265, compatible con secuencias duales<\/td>\n<\/tr>\n<tr>\n<td colspan=\"2\" width=\"207\">Relaci\u00f3n se\u00f1al-ruido<\/td>\n<td colspan=\"3\" width=\"559\">  2D\/3D<\/td>\n<\/tr>\n<tr>\n<td colspan=\"2\" width=\"207\">Persiana<\/td>\n<td colspan=\"3\" width=\"559\">Autom\u00e1tico<\/td>\n<\/tr>\n<tr>\n<td colspan=\"2\" width=\"207\">Visi\u00f3n nocturna<\/td>\n<td colspan=\"3\" width=\"559\">Inteligente\/Infrarrojos\/Todo color (Opcional)<\/td>\n<\/tr>\n<tr>\n<td colspan=\"2\" width=\"207\">Distancia IR<\/td>\n<td colspan=\"3\" width=\"559\">30 metros (M\u00c1XIMO)<\/td>\n<\/tr>\n<tr>\n<td colspan=\"2\" width=\"207\">Amplio rango din\u00e1mico (WDR)<\/td>\n<td colspan=\"3\" width=\"559\">Soporte digital de amplio rango din\u00e1mico<\/td>\n<\/tr>\n<tr>\n<td colspan=\"2\" width=\"207\">Entrada de audio<\/td>\n<td colspan=\"3\" width=\"559\">N\/A (entrada de micr\u00f3fono de 1 canal opcional)<\/td>\n<\/tr>\n<tr>\n<td colspan=\"2\" width=\"207\">Salida de audio<\/td>\n<td colspan=\"3\" width=\"559\">N\/A (salida de altavoz de 1 canal opcional)<\/td>\n<\/tr>\n<tr>\n<td colspan=\"2\" width=\"207\">Protocolo de rojo<\/td>\n<td colspan=\"3\" width=\"559\">HTTP, HTTPS, TCP, IPV4, IPV6, UDP, RTSP, ICMP, RTP, DHCP, ARP, DNS, QoS<\/td>\n<\/tr>\n<tr>\n<td colspan=\"2\" width=\"207\">Funci\u00f3n<\/td>\n<td colspan=\"3\" width=\"559\">Detecci\u00f3n humanoide, detecci\u00f3n de movimiento; env\u00edo de informaci\u00f3n de alarma; admite captura MJPEG; admite tel\u00e9fono m\u00f3vil, monitorizaci\u00f3n remota de cliente WEB<\/td>\n<\/tr>\n<tr>\n<td colspan=\"2\" width=\"207\">Acuerdo<\/td>\n<td colspan=\"3\" width=\"559\">Compatible con ONVIF, protocolos privados<\/td>\n<\/tr>\n<tr>\n<td colspan=\"2\" width=\"207\">Puerto de rojo<\/td>\n<td colspan=\"3\" width=\"559\">RJ45 (10\/100Base-T)<\/td>\n<\/tr>\n<tr>\n<td colspan=\"2\" width=\"207\">Fuente de alimentaci\u00f3n<\/td>\n<td colspan=\"3\" width=\"559\">Fuente de alimentaci\u00f3n DC12V\/POE<\/td>\n<\/tr>\n<tr>\n<td colspan=\"2\" width=\"207\">Impermeable<\/td>\n<td colspan=\"3\" width=\"559\">IP66<\/td>\n<\/tr>\n<tr>\n<td colspan=\"2\" width=\"207\">Material<\/td>\n<td colspan=\"3\" width=\"559\">Tapa frontal met\u00e1lica+tapa trasera de pl\u00e1stico+soporte met\u00e1lico<\/td>\n<\/tr>\n<tr>\n<td colspan=\"2\" width=\"207\">Entorno de trabajo<\/td>\n<td colspan=\"3\" width=\"559\">Temperatura: -4\u00b0F~140\u00b0F, Humedad: 10% ~ 90% (sin condensaci\u00f3n)<\/td>\n<\/tr>\n<tr>\n<td colspan=\"2\" width=\"207\">Tama\u00f1o del producto<\/td>\n<td colspan=\"3\" width=\"559\">194*102*98 mm<\/td>\n<\/tr>\n<tr>\n<td colspan=\"2\" width=\"207\">Embalaje Tama\u00f1o\/Peso<\/td>\n<td colspan=\"3\" width=\"559\">54*43*47cm \/ 50 piezas<\/td>\n<\/tr>\n<\/tbody>\n<\/table>\n<p>&nbsp;<\/p>\n<p>&nbsp;<\/p>\n<p>&nbsp;<\/p>\n<p>&nbsp;<\/p>\n<p>&nbsp;<\/p>\n<p>&nbsp;<\/p>","protected":false},"excerpt":{"rendered":"<p>Metal+pl\u00e1stico C\u00e1maras IP Bullet POE<br \/>\n\u25cf Resoluci\u00f3n: 2,0MP\/3,0MP\/5,0MP\/8,0MP<br \/>\n\u25cf Lente: 3,6MM<br \/>\n\u25cf Matriz de infrarrojos de 4 LED<br \/>\n\u25cf Bala resistente al agua IP66<br \/>\n\u25cf D\u00eda&amp;Noche: Color\/B\/N(Inteligente Opcional)<br \/>\n\u25cf Alimentaci\u00f3n:POE\/ DC12V-1A<br \/>\n\u25cf Audio: N\/A (opcional)<br \/>\n\u25cf Soporte Onvif<\/p>","protected":false},"featured_media":6461,"template":"","meta":[],"product_brand":[],"product_cat":[],"product_tag":[732,815,816,814],"class_list":{"0":"post-6780","1":"product","2":"type-product","3":"status-publish","4":"has-post-thumbnail","6":"product_tag-camara-de-seguridad-poe","7":"product_tag-camara-poe","8":"product_tag-camara-poe-exterior-es","9":"product_tag-proveedor-de-camaras-ip","11":"first","12":"instock","13":"shipping-taxable","14":"product-type-simple"},"acf":[],"yoast_head":"<!-- This site is optimized with the Yoast SEO Premium plugin v20.2.1 (Yoast SEO v26.1.1) - https:\/\/yoast.com\/wordpress\/plugins\/seo\/ -->\n<title>4K POE C\u00e1mara de seguridad al aire libre de la c\u00e1mara IP profesional Proveedor - Bokysee Technology Co.,LTD<\/title>\n<meta name=\"description\" content=\"Las c\u00e1maras de seguridad IP Bokysee se conectan a un grabador de v\u00eddeo en red (NVR) y ofrecen grabaci\u00f3n profesional en 4K y detecci\u00f3n inteligente de movimiento.\" \/>\n<meta name=\"robots\" content=\"index, follow, max-snippet:-1, max-image-preview:large, max-video-preview:-1\" \/>\n<link rel=\"canonical\" href=\"https:\/\/bokysee.com\/es\/products\/4k-poe-camara-de-seguridad-al-aire-libre-de-la-camara-ip-profesional-proveedor\/\" \/>\n<meta property=\"og:locale\" content=\"es_ES\" \/>\n<meta property=\"og:type\" content=\"article\" \/>\n<meta property=\"og:title\" content=\"4K POE C\u00e1mara de seguridad al aire libre de la c\u00e1mara IP profesional Proveedor\" \/>\n<meta property=\"og:description\" content=\"Las c\u00e1maras de seguridad IP Bokysee se conectan a un grabador de v\u00eddeo en red (NVR) y ofrecen grabaci\u00f3n profesional en 4K y detecci\u00f3n inteligente de movimiento.\" \/>\n<meta property=\"og:url\" content=\"https:\/\/bokysee.com\/es\/products\/4k-poe-camara-de-seguridad-al-aire-libre-de-la-camara-ip-profesional-proveedor\/\" \/>\n<meta property=\"og:site_name\" content=\"Bokysee Technology Co.,LTD\" \/>\n<meta property=\"og:image\" content=\"https:\/\/bokysee.com\/wp-content\/uploads\/2023\/10\/A44.jpg\" \/>\n\t<meta property=\"og:image:width\" content=\"800\" \/>\n\t<meta property=\"og:image:height\" content=\"800\" \/>\n\t<meta property=\"og:image:type\" content=\"image\/jpeg\" \/>\n<meta name=\"twitter:card\" content=\"summary_large_image\" \/>\n<meta name=\"twitter:label1\" content=\"Tiempo de lectura\" \/>\n\t<meta name=\"twitter:data1\" content=\"1 minuto\" \/>\n<script type=\"application\/ld+json\" class=\"yoast-schema-graph\">{\"@context\":\"https:\/\/schema.org\",\"@graph\":[{\"@type\":\"WebPage\",\"@id\":\"https:\/\/bokysee.com\/es\/products\/4k-poe-camara-de-seguridad-al-aire-libre-de-la-camara-ip-profesional-proveedor\/\",\"url\":\"https:\/\/bokysee.com\/es\/products\/4k-poe-camara-de-seguridad-al-aire-libre-de-la-camara-ip-profesional-proveedor\/\",\"name\":\"4K POE C\u00e1mara de seguridad al aire libre de la c\u00e1mara IP profesional Proveedor - Bokysee Technology Co.,LTD\",\"isPartOf\":{\"@id\":\"https:\/\/bokysee.com\/#website\"},\"primaryImageOfPage\":{\"@id\":\"https:\/\/bokysee.com\/es\/products\/4k-poe-camara-de-seguridad-al-aire-libre-de-la-camara-ip-profesional-proveedor\/#primaryimage\"},\"image\":{\"@id\":\"https:\/\/bokysee.com\/es\/products\/4k-poe-camara-de-seguridad-al-aire-libre-de-la-camara-ip-profesional-proveedor\/#primaryimage\"},\"thumbnailUrl\":\"https:\/\/bokysee.com\/wp-content\/uploads\/2023\/10\/A44.jpg\",\"datePublished\":\"2023-10-07T01:20:34+00:00\",\"description\":\"Las c\u00e1maras de seguridad IP Bokysee se conectan a un grabador de v\u00eddeo en red (NVR) y ofrecen grabaci\u00f3n profesional en 4K y detecci\u00f3n inteligente de movimiento.\",\"breadcrumb\":{\"@id\":\"https:\/\/bokysee.com\/es\/products\/4k-poe-camara-de-seguridad-al-aire-libre-de-la-camara-ip-profesional-proveedor\/#breadcrumb\"},\"inLanguage\":\"es\",\"potentialAction\":[{\"@type\":\"ReadAction\",\"target\":[\"https:\/\/bokysee.com\/es\/products\/4k-poe-camara-de-seguridad-al-aire-libre-de-la-camara-ip-profesional-proveedor\/\"]}]},{\"@type\":\"ImageObject\",\"inLanguage\":\"es\",\"@id\":\"https:\/\/bokysee.com\/es\/products\/4k-poe-camara-de-seguridad-al-aire-libre-de-la-camara-ip-profesional-proveedor\/#primaryimage\",\"url\":\"https:\/\/bokysee.com\/wp-content\/uploads\/2023\/10\/A44.jpg\",\"contentUrl\":\"https:\/\/bokysee.com\/wp-content\/uploads\/2023\/10\/A44.jpg\",\"width\":800,\"height\":800},{\"@type\":\"BreadcrumbList\",\"@id\":\"https:\/\/bokysee.com\/es\/products\/4k-poe-camara-de-seguridad-al-aire-libre-de-la-camara-ip-profesional-proveedor\/#breadcrumb\",\"itemListElement\":[{\"@type\":\"ListItem\",\"position\":1,\"name\":\"Home\",\"item\":\"https:\/\/bokysee.com\/\"},{\"@type\":\"ListItem\",\"position\":2,\"name\":\"Products\",\"item\":\"https:\/\/bokysee.com\/products\/\"},{\"@type\":\"ListItem\",\"position\":3,\"name\":\"4K POE C\u00e1mara de seguridad al aire libre de la c\u00e1mara IP profesional Proveedor\"}]},{\"@type\":\"WebSite\",\"@id\":\"https:\/\/bokysee.com\/#website\",\"url\":\"https:\/\/bokysee.com\/\",\"name\":\"Bokysee Technology Co.,LTD\",\"description\":\"Professional Smart Indoor and Outdoor Security Cameras Solution Supplier\",\"potentialAction\":[{\"@type\":\"SearchAction\",\"target\":{\"@type\":\"EntryPoint\",\"urlTemplate\":\"https:\/\/bokysee.com\/?s={search_term_string}\"},\"query-input\":{\"@type\":\"PropertyValueSpecification\",\"valueRequired\":true,\"valueName\":\"search_term_string\"}}],\"inLanguage\":\"es\"}]}<\/script>\n<!-- \/ Yoast SEO Premium plugin. -->","yoast_head_json":{"title":"4K POE C\u00e1mara de seguridad al aire libre de la c\u00e1mara IP profesional Proveedor - Bokysee Technology Co.,LTD","description":"Las c\u00e1maras de seguridad IP Bokysee se conectan a un grabador de v\u00eddeo en red (NVR) y ofrecen grabaci\u00f3n profesional en 4K y detecci\u00f3n inteligente de movimiento.","robots":{"index":"index","follow":"follow","max-snippet":"max-snippet:-1","max-image-preview":"max-image-preview:large","max-video-preview":"max-video-preview:-1"},"canonical":"https:\/\/bokysee.com\/es\/products\/4k-poe-camara-de-seguridad-al-aire-libre-de-la-camara-ip-profesional-proveedor\/","og_locale":"es_ES","og_type":"article","og_title":"4K POE C\u00e1mara de seguridad al aire libre de la c\u00e1mara IP profesional Proveedor","og_description":"Las c\u00e1maras de seguridad IP Bokysee se conectan a un grabador de v\u00eddeo en red (NVR) y ofrecen grabaci\u00f3n profesional en 4K y detecci\u00f3n inteligente de movimiento.","og_url":"https:\/\/bokysee.com\/es\/products\/4k-poe-camara-de-seguridad-al-aire-libre-de-la-camara-ip-profesional-proveedor\/","og_site_name":"Bokysee Technology Co.,LTD","og_image":[{"width":800,"height":800,"url":"https:\/\/bokysee.com\/wp-content\/uploads\/2023\/10\/A44.jpg","type":"image\/jpeg"}],"twitter_card":"summary_large_image","twitter_misc":{"Tiempo de lectura":"1 minuto"},"schema":{"@context":"https:\/\/schema.org","@graph":[{"@type":"WebPage","@id":"https:\/\/bokysee.com\/es\/products\/4k-poe-camara-de-seguridad-al-aire-libre-de-la-camara-ip-profesional-proveedor\/","url":"https:\/\/bokysee.com\/es\/products\/4k-poe-camara-de-seguridad-al-aire-libre-de-la-camara-ip-profesional-proveedor\/","name":"4K POE C\u00e1mara de seguridad al aire libre de la c\u00e1mara IP profesional Proveedor - Bokysee Technology Co.,LTD","isPartOf":{"@id":"https:\/\/bokysee.com\/#website"},"primaryImageOfPage":{"@id":"https:\/\/bokysee.com\/es\/products\/4k-poe-camara-de-seguridad-al-aire-libre-de-la-camara-ip-profesional-proveedor\/#primaryimage"},"image":{"@id":"https:\/\/bokysee.com\/es\/products\/4k-poe-camara-de-seguridad-al-aire-libre-de-la-camara-ip-profesional-proveedor\/#primaryimage"},"thumbnailUrl":"https:\/\/bokysee.com\/wp-content\/uploads\/2023\/10\/A44.jpg","datePublished":"2023-10-07T01:20:34+00:00","description":"Las c\u00e1maras de seguridad IP Bokysee se conectan a un grabador de v\u00eddeo en red (NVR) y ofrecen grabaci\u00f3n profesional en 4K y detecci\u00f3n inteligente de movimiento.","breadcrumb":{"@id":"https:\/\/bokysee.com\/es\/products\/4k-poe-camara-de-seguridad-al-aire-libre-de-la-camara-ip-profesional-proveedor\/#breadcrumb"},"inLanguage":"es","potentialAction":[{"@type":"ReadAction","target":["https:\/\/bokysee.com\/es\/products\/4k-poe-camara-de-seguridad-al-aire-libre-de-la-camara-ip-profesional-proveedor\/"]}]},{"@type":"ImageObject","inLanguage":"es","@id":"https:\/\/bokysee.com\/es\/products\/4k-poe-camara-de-seguridad-al-aire-libre-de-la-camara-ip-profesional-proveedor\/#primaryimage","url":"https:\/\/bokysee.com\/wp-content\/uploads\/2023\/10\/A44.jpg","contentUrl":"https:\/\/bokysee.com\/wp-content\/uploads\/2023\/10\/A44.jpg","width":800,"height":800},{"@type":"BreadcrumbList","@id":"https:\/\/bokysee.com\/es\/products\/4k-poe-camara-de-seguridad-al-aire-libre-de-la-camara-ip-profesional-proveedor\/#breadcrumb","itemListElement":[{"@type":"ListItem","position":1,"name":"Home","item":"https:\/\/bokysee.com\/"},{"@type":"ListItem","position":2,"name":"Products","item":"https:\/\/bokysee.com\/products\/"},{"@type":"ListItem","position":3,"name":"4K POE C\u00e1mara de seguridad al aire libre de la c\u00e1mara IP profesional Proveedor"}]},{"@type":"WebSite","@id":"https:\/\/bokysee.com\/#website","url":"https:\/\/bokysee.com\/","name":"Bokysee Technology Co.,LTD","description":"Professional Smart Indoor and Outdoor Security Cameras Solution Supplier","potentialAction":[{"@type":"SearchAction","target":{"@type":"EntryPoint","urlTemplate":"https:\/\/bokysee.com\/?s={search_term_string}"},"query-input":{"@type":"PropertyValueSpecification","valueRequired":true,"valueName":"search_term_string"}}],"inLanguage":"es"}]}},"_links":{"self":[{"href":"https:\/\/bokysee.com\/es\/wp-json\/wp\/v2\/product\/6780","targetHints":{"allow":["GET"]}}],"collection":[{"href":"https:\/\/bokysee.com\/es\/wp-json\/wp\/v2\/product"}],"about":[{"href":"https:\/\/bokysee.com\/es\/wp-json\/wp\/v2\/types\/product"}],"version-history":[{"count":0,"href":"https:\/\/bokysee.com\/es\/wp-json\/wp\/v2\/product\/6780\/revisions"}],"wp:featuredmedia":[{"embeddable":true,"href":"https:\/\/bokysee.com\/es\/wp-json\/wp\/v2\/media\/6461"}],"wp:attachment":[{"href":"https:\/\/bokysee.com\/es\/wp-json\/wp\/v2\/media?parent=6780"}],"wp:term":[{"taxonomy":"product_brand","embeddable":true,"href":"https:\/\/bokysee.com\/es\/wp-json\/wp\/v2\/product_brand?post=6780"},{"taxonomy":"product_cat","embeddable":true,"href":"https:\/\/bokysee.com\/es\/wp-json\/wp\/v2\/product_cat?post=6780"},{"taxonomy":"product_tag","embeddable":true,"href":"https:\/\/bokysee.com\/es\/wp-json\/wp\/v2\/product_tag?post=6780"}],"curies":[{"name":"wp","href":"https:\/\/api.w.org\/{rel}","templated":true}]}}