{"id":6763,"date":"2023-10-07T09:20:34","date_gmt":"2023-10-07T01:20:34","guid":{"rendered":"https:\/\/bokysee.com\/products\/4k-poe-%d0%b1%d0%b5%d0%b7%d0%be%d0%bf%d0%b0%d1%81%d0%bd%d0%be%d1%81%d1%82%d0%b8-bullet-camera-%d0%be%d1%82%d0%ba%d1%80%d1%8b%d1%82%d1%8b%d0%b9-%d0%be%d1%82-%d0%bf%d1%80%d0%be%d1%84%d0%b5%d1%81%d1%81\/"},"modified":"2023-10-07T09:20:34","modified_gmt":"2023-10-07T01:20:34","slug":"4k-poe-security-bullet-camera-outdoor-from-professional-ip-camera-supplier","status":"publish","type":"product","link":"https:\/\/bokysee.com\/es\/products\/4k-poe-security-bullet-camera-outdoor-from-professional-ip-camera-supplier\/","title":{"rendered":"C\u00e1mara Bullet inal\u00e1mbrica 4K POE Grabadora de c\u00e1mara IP profesional"},"content":{"rendered":"<p>C\u00e1mara Bullet inal\u00e1mbrica 4K POE Grabadora de c\u00e1mara IP profesional<\/p>\n<p>Utilice una c\u00e1mara IP POE Bokysee para proporcionar una conexi\u00f3n eficaz y segura con la c\u00e1mara IP POE Bokysee. Haga clic en los detalles de su dispositivo de monitoreo y conecte el monitor con su dispositivo. Las sustancias nocivas y las mascarillas que se pueden aplicar en el interior del aparato pueden proporcionar un efecto efecto de limpieza en el interior del hogar.<\/p>\n<table width=\"766\">\n<tbody>\n<tr>\n<td colspan=\"2\" width=\"207\">Modelo<\/td>\n<td width=\"205\">BK-IPE01B3M<\/td>\n<td width=\"156\">BK-IPE01B5M<\/td>\n<td width=\"197\">BK-IPE01B8M<\/td>\n<\/tr>\n<tr>\n<td colspan=\"2\" width=\"207\">Datchik<\/td>\n<td width=\"205\">Sensor CMOS de 1\/2,9\u2033<\/td>\n<td width=\"156\">Sensor CMOS de 1\/2,8\u2033<\/td>\n<td width=\"197\">Sensor CMOS de 1\/3\u2033<\/td>\n<\/tr>\n<tr>\n<td colspan=\"2\" width=\"207\">Objektiev<\/td>\n<td colspan=\"3\" width=\"559\">3,6 mm (6\/8\/12 mm doble)<\/td>\n<\/tr>\n<tr>\n<td colspan=\"2\" width=\"207\">Ik-lampa<\/td>\n<td colspan=\"3\" width=\"559\">4 \u0448\u0442. L\u00e1mparas masivas<\/td>\n<\/tr>\n<tr>\n<td colspan=\"2\" width=\"207\">P\u00edxel<\/td>\n<td width=\"205\">3MP<\/td>\n<td width=\"156\">5 MP<\/td>\n<td width=\"197\">8 MP<\/td>\n<\/tr>\n<tr>\n<td rowspan=\"2\" width=\"92\">Puerta de c\u00f3digo<\/td>\n<td width=\"115\">Punto original<\/td>\n<td><a href=\"mailto:2304x1296@20fps\">2304\u00d71296 a 20 fps<\/a><\/td>\n<td width=\"156\">2560*1920 a 20 fps<\/td>\n<td width=\"197\">3840*2160 a 20 fps<\/td>\n<\/tr>\n<tr>\n<td width=\"115\">Fotos<\/td>\n<td width=\"205\">640*360 a 25 fps<\/td>\n<td width=\"156\">640*360 a 25 fps<\/td>\n<td width=\"197\">640*360 a 25 fps<\/td>\n<\/tr>\n<tr>\n<td colspan=\"2\" width=\"207\">V\u00eddeo de codificaci\u00f3n<\/td>\n<td colspan=\"3\" width=\"559\">Grabaci\u00f3n de v\u00eddeo H.264\/H.265, grabaci\u00f3n de dos fotograf\u00edas<\/td>\n<\/tr>\n<tr>\n<td colspan=\"2\" width=\"207\">Relaci\u00f3n se\u00f1al-ruido<\/td>\n<td colspan=\"3\" width=\"559\">  2D\/3D<\/td>\n<\/tr>\n<tr>\n<td colspan=\"2\" width=\"207\">Zatvor<\/td>\n<td colspan=\"3\" width=\"559\">Autom\u00e1tico<\/td>\n<\/tr>\n<tr>\n<td colspan=\"2\" width=\"207\">Nueva pel\u00edcula<\/td>\n<td colspan=\"3\" width=\"559\">\u0418\u043d\u0442\u0435\u043b\u043b\u0435\u043a\u0442\u0443\u0430\u043b\u044c\u043d\u044b\u0439\/\u0438\u043d\u0444\u0440\u0430\u043a\u0440\u0430\u0441\u043d\u044b\u0439\/\u043f\u043e\u043b\u043d\u043e\u0446\u0432\u0435\u0442\u043d\u044b\u0439 (\u043e\u043f\u0446\u0438\u044f)<\/td>\n<\/tr>\n<tr>\n<td colspan=\"2\" width=\"207\">\u0420\u0430\u0441\u0441\u0442\u043e\u044f\u043d\u0438\u0435 \u0418\u041a-\u0434\u0438\u0430\u043f\u0430\u0437\u043e\u043d\u0430<\/td>\n<td colspan=\"3\" width=\"559\">30 metros (M\u00c1X.)<\/td>\n<\/tr>\n<tr>\n<td colspan=\"2\" width=\"207\">Amplio rango din\u00e1mico (WDR)<\/td>\n<td colspan=\"3\" width=\"559\">\u041f\u043e\u0434\u0434\u0435\u0440\u0436\u043a\u0430 \u0446\u0438\u0444\u0440\u043e\u0432\u043e\u0433\u043e \u0448\u0438\u0440\u043e\u043a\u043e\u0433\u043e \u0434\u0438\u043d\u0430\u043c\u0438\u0447\u0435\u0441\u043a\u043e\u0433\u043e \u0434\u0438\u0430\u043f\u0430\u0437\u043e\u043d\u0430<\/td>\n<\/tr>\n<tr>\n<td colspan=\"2\" width=\"207\">Audyovod<\/td>\n<td colspan=\"3\" width=\"559\">N\/A (1 canal de micr\u00f3fono de voz opcional)<\/td>\n<\/tr>\n<tr>\n<td colspan=\"2\" width=\"207\">Audidiovyhod<\/td>\n<td colspan=\"3\" width=\"559\">N\/A (1 canal de voz para din\u00e1micos \u2013 opci\u00f3n)<\/td>\n<\/tr>\n<tr>\n<td colspan=\"2\" width=\"207\">\u0421\u0435\u0442\u0435\u0432\u043e\u0439 \u043f\u0440\u043e\u0442\u043e\u043a\u043e\u043b<\/td>\n<td colspan=\"3\" width=\"559\">HTTP, HTPPS, TCP, IPV4, IPV6, UDP, RTSP, ICMP, RTP, DHCP, ARP, DNS, QoS<\/td>\n<\/tr>\n<tr>\n<td colspan=\"2\" width=\"207\">Funci\u00f3n<\/td>\n<td colspan=\"3\" width=\"559\">\u041e\u0431\u043d\u0430\u0440\u0443\u0436\u0435\u043d\u0438\u0435 \u0433\u0443\u043c\u0430\u043d\u043e\u0438\u0434\u043e\u0432, \u043e\u0431\u043d\u0430\u0440\u0443\u0436\u0435\u043d\u0438\u0435 \u0434\u0432\u0438\u0436\u0435\u043d\u0438\u044f; \u043f\u0435\u0440\u0435\u0434\u0430\u0447\u0430 \u0438\u043d\u0444\u043e\u0440\u043c\u0430\u0446\u0438\u0438 \u043e \u0442\u0440\u0435\u0432\u043e\u0433\u0435; \u043f\u043e\u0434\u0434\u0435\u0440\u0436\u043a\u0430 \u0437\u0430\u0445\u0432\u0430\u0442\u0430 MJPEG; Soporte de monitorizaci\u00f3n autom\u00e1tica con tel\u00e9fono m\u00f3vil, WEB\\cliente<\/td>\n<\/tr>\n<tr>\n<td colspan=\"2\" width=\"207\">\u0421\u043e\u0433\u043b\u0430\u0448\u0435\u043d\u0438\u0435<\/td>\n<td colspan=\"3\" width=\"559\">Soporte ONVIF, protocolos completos<\/td>\n<\/tr>\n<tr>\n<td colspan=\"2\" width=\"207\">Puerta setevoi<\/td>\n<td colspan=\"3\" width=\"559\">RJ45 (10\/100Base-T)<\/td>\n<\/tr>\n<tr>\n<td colspan=\"2\" width=\"207\">\u0418\u0441\u0442\u043e\u0447\u043d\u0438\u043a \u043f\u0438\u0442\u0430\u043d\u0438\u044f<\/td>\n<td colspan=\"3\" width=\"559\">Fuente de alimentaci\u00f3n DC12V\/POE<\/td>\n<\/tr>\n<tr>\n<td colspan=\"2\" width=\"207\">\u0412\u043e\u0434\u043e\u043d\u0435\u043f\u0440\u043e\u043d\u0438\u0446\u0430\u0435\u043c\u044b\u0439<\/td>\n<td colspan=\"3\" width=\"559\">IP66<\/td>\n<\/tr>\n<tr>\n<td colspan=\"2\" width=\"207\">Material<\/td>\n<td colspan=\"3\" width=\"559\">\u041c\u0435\u0442\u0430\u043b\u043b\u0438\u0447\u0435\u0441\u043a\u0430\u044f \u043f\u0435\u0440\u0435\u0434\u043d\u044f\u044f \u043a\u0440\u044b\u0448\u043a\u0430+PL\u0430\u0441\u0442\u0438\u043a\u043e\u0432\u0430\u044f \u0437\u0430\u0434\u043d\u044f\u044f \u043a\u0440\u044b\u0448\u043a\u0430+\u043c\u0435\u0442\u0430\u043b\u043b\u0438\u0447\u0435\u0441\u043a\u0438\u0439 \u043a\u0440\u043e\u043d\u0448\u0442\u0435\u0439\u043d<\/td>\n<\/tr>\n<tr>\n<td colspan=\"2\" width=\"207\">Rabochaya sred\u0101<\/td>\n<td colspan=\"3\" width=\"559\">Temperatura: -4\u00b0F~140\u00b0F, temperatura: 10% ~ 90% (sin condensadores)<\/td>\n<\/tr>\n<tr>\n<td colspan=\"2\" width=\"207\">Razmer Izdeliya<\/td>\n<td colspan=\"3\" width=\"559\">194*102*98 mm<\/td>\n<\/tr>\n<tr>\n<td colspan=\"2\" width=\"207\">\u0420\u0430\u0437\u043c\u0435\u0440\/\u0432\u0435\u0441 \u0443\u043f\u0430\u043a\u043e\u0432\u043a\u0438<\/td>\n<td colspan=\"3\" width=\"559\">54*43*47 cm \/ 50 cm<\/td>\n<\/tr>\n<\/tbody>\n<\/table>\n<p>&nbsp;<\/p>\n<p>&nbsp;<\/p>\n<p>&nbsp;<\/p>\n<p>&nbsp;<\/p>\n<p>&nbsp;<\/p>\n<p>&nbsp;<\/p>","protected":false},"excerpt":{"rendered":"<p>C\u00e1maras IP Bullet POE de metal y pl\u00e1stico<br \/>\n\u25cf Resoluci\u00f3n: 2,0MP\/3,0MP\/5,0MP\/8,0MP<br \/>\n\u25cf Tama\u00f1o: 3,6 mm<br \/>\n\u25cf 4 \u043c\u0430\u0441\u0441\u0438\u0432\u0430 \u0418\u041a-\u0441\u0432\u0435\u0442\u043e\u0434\u0438\u043e\u0434\u043e\u0432<br \/>\n\u25cf Pulverizador de agua IP66<br \/>\n\u25cf D\u00eda y noche: \u0426\u0432\u0435\u0442\/\u0411\u0435\u043b\u044b\u0439 (variante intelectual)<br \/>\n\u25cf Pitana: POE\/ DC12V-1A<br \/>\n\u25cf Audio: N\/A (opcional)<br \/>\n\u25cf Soporte Onvif<\/p>","protected":false},"featured_media":6460,"template":"","meta":[],"product_brand":[],"product_cat":[],"product_tag":[806,713,807,805],"class_list":{"0":"post-6763","1":"product","2":"type-product","3":"status-publish","4":"has-post-thumbnail","6":"product_tag--poe","7":"product_tag---poe","8":"product_tag---poe-ru","9":"product_tag--ip-","11":"first","12":"instock","13":"shipping-taxable","14":"product-type-simple"},"acf":[],"yoast_head":"<!-- This site is optimized with the Yoast SEO Premium plugin v20.2.1 (Yoast SEO v26.1.1) - https:\/\/yoast.com\/wordpress\/plugins\/seo\/ -->\n<title>4K POE \u0431\u0435\u0437\u043e\u043f\u0430\u0441\u043d\u043e\u0441\u0442\u0438 Bullet Camera \u041e\u0442\u043a\u0440\u044b\u0442\u044b\u0439 \u043e\u0442 \u043f\u0440\u043e\u0444\u0435\u0441\u0441\u0438\u043e\u043d\u0430\u043b\u044c\u043d\u043e\u0433\u043e \u043f\u043e\u0441\u0442\u0430\u0432\u0449\u0438\u043a\u0430 IP-\u043a\u0430\u043c\u0435\u0440 - Bokysee Technology Co.,LTD<\/title>\n<meta name=\"description\" content=\"IP-\u043a\u0430\u043c\u0435\u0440\u044b \u0431\u0435\u0437\u043e\u043f\u0430\u0441\u043d\u043e\u0441\u0442\u0438 Bokysee \u043f\u043e\u0434\u043a\u043b\u044e\u0447\u0430\u044e\u0442\u0441\u044f \u043a \u0441\u0435\u0442\u0435\u0432\u043e\u043c\u0443 \u0432\u0438\u0434\u0435\u043e\u0440\u0435\u0433\u0438\u0441\u0442\u0440\u0430\u0442\u043e\u0440\u0443 (NVR) \u0438 \u043e\u0431\u0435\u0441\u043f\u0435\u0447\u0438\u0432\u0430\u044e\u0442 \u043f\u0440\u043e\u0444\u0435\u0441\u0441\u0438\u043e\u043d\u0430\u043b\u044c\u043d\u0443\u044e \u0437\u0430\u043f\u0438\u0441\u044c \u0432 \u0444\u043e\u0440\u043c\u0430\u0442\u0435 4K \u0438 \u0438\u043d\u0442\u0435\u043b\u043b\u0435\u043a\u0442\u0443\u0430\u043b\u044c\u043d\u043e\u0435 \u043e\u0431\u043d\u0430\u0440\u0443\u0436\u0435\u043d\u0438\u0435 \u0434\u0432\u0438\u0436\u0435\u043d\u0438\u044f\" \/>\n<meta name=\"robots\" content=\"index, follow, max-snippet:-1, max-image-preview:large, max-video-preview:-1\" \/>\n<link rel=\"canonical\" href=\"https:\/\/bokysee.com\/es\/products\/4k-poe-\u0431\u0435\u0437\u043e\u043f\u0430\u0441\u043d\u043e\u0441\u0442\u0438-bullet-camera-\u043e\u0442\u043a\u0440\u044b\u0442\u044b\u0439-\u043e\u0442-\u043f\u0440\u043e\u0444\u0435\u0441\u0441\/\" \/>\n<meta property=\"og:locale\" content=\"es_ES\" \/>\n<meta property=\"og:type\" content=\"article\" \/>\n<meta property=\"og:title\" content=\"4K POE \u0431\u0435\u0437\u043e\u043f\u0430\u0441\u043d\u043e\u0441\u0442\u0438 Bullet Camera \u041e\u0442\u043a\u0440\u044b\u0442\u044b\u0439 \u043e\u0442 \u043f\u0440\u043e\u0444\u0435\u0441\u0441\u0438\u043e\u043d\u0430\u043b\u044c\u043d\u043e\u0433\u043e \u043f\u043e\u0441\u0442\u0430\u0432\u0449\u0438\u043a\u0430 IP-\u043a\u0430\u043c\u0435\u0440\" \/>\n<meta property=\"og:description\" content=\"IP-\u043a\u0430\u043c\u0435\u0440\u044b \u0431\u0435\u0437\u043e\u043f\u0430\u0441\u043d\u043e\u0441\u0442\u0438 Bokysee \u043f\u043e\u0434\u043a\u043b\u044e\u0447\u0430\u044e\u0442\u0441\u044f \u043a \u0441\u0435\u0442\u0435\u0432\u043e\u043c\u0443 \u0432\u0438\u0434\u0435\u043e\u0440\u0435\u0433\u0438\u0441\u0442\u0440\u0430\u0442\u043e\u0440\u0443 (NVR) \u0438 \u043e\u0431\u0435\u0441\u043f\u0435\u0447\u0438\u0432\u0430\u044e\u0442 \u043f\u0440\u043e\u0444\u0435\u0441\u0441\u0438\u043e\u043d\u0430\u043b\u044c\u043d\u0443\u044e \u0437\u0430\u043f\u0438\u0441\u044c \u0432 \u0444\u043e\u0440\u043c\u0430\u0442\u0435 4K \u0438 \u0438\u043d\u0442\u0435\u043b\u043b\u0435\u043a\u0442\u0443\u0430\u043b\u044c\u043d\u043e\u0435 \u043e\u0431\u043d\u0430\u0440\u0443\u0436\u0435\u043d\u0438\u0435 \u0434\u0432\u0438\u0436\u0435\u043d\u0438\u044f\" \/>\n<meta property=\"og:url\" content=\"https:\/\/bokysee.com\/es\/products\/4k-poe-\u0431\u0435\u0437\u043e\u043f\u0430\u0441\u043d\u043e\u0441\u0442\u0438-bullet-camera-\u043e\u0442\u043a\u0440\u044b\u0442\u044b\u0439-\u043e\u0442-\u043f\u0440\u043e\u0444\u0435\u0441\u0441\/\" \/>\n<meta property=\"og:site_name\" content=\"Bokysee Technology Co.,LTD\" \/>\n<meta property=\"og:image\" content=\"https:\/\/bokysee.com\/wp-content\/uploads\/2023\/10\/A44.jpg\" \/>\n\t<meta property=\"og:image:width\" content=\"800\" \/>\n\t<meta property=\"og:image:height\" content=\"800\" \/>\n\t<meta property=\"og:image:type\" content=\"image\/jpeg\" \/>\n<meta name=\"twitter:card\" content=\"summary_large_image\" \/>\n<script type=\"application\/ld+json\" class=\"yoast-schema-graph\">{\"@context\":\"https:\/\/schema.org\",\"@graph\":[{\"@type\":\"WebPage\",\"@id\":\"https:\/\/bokysee.com\/ru\/products\/4k-poe-%d0%b1%d0%b5%d0%b7%d0%be%d0%bf%d0%b0%d1%81%d0%bd%d0%be%d1%81%d1%82%d0%b8-bullet-camera-%d0%be%d1%82%d0%ba%d1%80%d1%8b%d1%82%d1%8b%d0%b9-%d0%be%d1%82-%d0%bf%d1%80%d0%be%d1%84%d0%b5%d1%81%d1%81\/\",\"url\":\"https:\/\/bokysee.com\/ru\/products\/4k-poe-%d0%b1%d0%b5%d0%b7%d0%be%d0%bf%d0%b0%d1%81%d0%bd%d0%be%d1%81%d1%82%d0%b8-bullet-camera-%d0%be%d1%82%d0%ba%d1%80%d1%8b%d1%82%d1%8b%d0%b9-%d0%be%d1%82-%d0%bf%d1%80%d0%be%d1%84%d0%b5%d1%81%d1%81\/\",\"name\":\"4K POE \u0431\u0435\u0437\u043e\u043f\u0430\u0441\u043d\u043e\u0441\u0442\u0438 Bullet Camera \u041e\u0442\u043a\u0440\u044b\u0442\u044b\u0439 \u043e\u0442 \u043f\u0440\u043e\u0444\u0435\u0441\u0441\u0438\u043e\u043d\u0430\u043b\u044c\u043d\u043e\u0433\u043e \u043f\u043e\u0441\u0442\u0430\u0432\u0449\u0438\u043a\u0430 IP-\u043a\u0430\u043c\u0435\u0440 - Bokysee Technology Co.,LTD\",\"isPartOf\":{\"@id\":\"https:\/\/bokysee.com\/#website\"},\"primaryImageOfPage\":{\"@id\":\"https:\/\/bokysee.com\/ru\/products\/4k-poe-%d0%b1%d0%b5%d0%b7%d0%be%d0%bf%d0%b0%d1%81%d0%bd%d0%be%d1%81%d1%82%d0%b8-bullet-camera-%d0%be%d1%82%d0%ba%d1%80%d1%8b%d1%82%d1%8b%d0%b9-%d0%be%d1%82-%d0%bf%d1%80%d0%be%d1%84%d0%b5%d1%81%d1%81\/#primaryimage\"},\"image\":{\"@id\":\"https:\/\/bokysee.com\/ru\/products\/4k-poe-%d0%b1%d0%b5%d0%b7%d0%be%d0%bf%d0%b0%d1%81%d0%bd%d0%be%d1%81%d1%82%d0%b8-bullet-camera-%d0%be%d1%82%d0%ba%d1%80%d1%8b%d1%82%d1%8b%d0%b9-%d0%be%d1%82-%d0%bf%d1%80%d0%be%d1%84%d0%b5%d1%81%d1%81\/#primaryimage\"},\"thumbnailUrl\":\"https:\/\/bokysee.com\/wp-content\/uploads\/2023\/10\/A44.jpg\",\"datePublished\":\"2023-10-07T01:20:34+00:00\",\"description\":\"IP-\u043a\u0430\u043c\u0435\u0440\u044b \u0431\u0435\u0437\u043e\u043f\u0430\u0441\u043d\u043e\u0441\u0442\u0438 Bokysee \u043f\u043e\u0434\u043a\u043b\u044e\u0447\u0430\u044e\u0442\u0441\u044f \u043a \u0441\u0435\u0442\u0435\u0432\u043e\u043c\u0443 \u0432\u0438\u0434\u0435\u043e\u0440\u0435\u0433\u0438\u0441\u0442\u0440\u0430\u0442\u043e\u0440\u0443 (NVR) \u0438 \u043e\u0431\u0435\u0441\u043f\u0435\u0447\u0438\u0432\u0430\u044e\u0442 \u043f\u0440\u043e\u0444\u0435\u0441\u0441\u0438\u043e\u043d\u0430\u043b\u044c\u043d\u0443\u044e \u0437\u0430\u043f\u0438\u0441\u044c \u0432 \u0444\u043e\u0440\u043c\u0430\u0442\u0435 4K \u0438 \u0438\u043d\u0442\u0435\u043b\u043b\u0435\u043a\u0442\u0443\u0430\u043b\u044c\u043d\u043e\u0435 \u043e\u0431\u043d\u0430\u0440\u0443\u0436\u0435\u043d\u0438\u0435 \u0434\u0432\u0438\u0436\u0435\u043d\u0438\u044f\",\"breadcrumb\":{\"@id\":\"https:\/\/bokysee.com\/ru\/products\/4k-poe-%d0%b1%d0%b5%d0%b7%d0%be%d0%bf%d0%b0%d1%81%d0%bd%d0%be%d1%81%d1%82%d0%b8-bullet-camera-%d0%be%d1%82%d0%ba%d1%80%d1%8b%d1%82%d1%8b%d0%b9-%d0%be%d1%82-%d0%bf%d1%80%d0%be%d1%84%d0%b5%d1%81%d1%81\/#breadcrumb\"},\"inLanguage\":\"es\",\"potentialAction\":[{\"@type\":\"ReadAction\",\"target\":[\"https:\/\/bokysee.com\/ru\/products\/4k-poe-%d0%b1%d0%b5%d0%b7%d0%be%d0%bf%d0%b0%d1%81%d0%bd%d0%be%d1%81%d1%82%d0%b8-bullet-camera-%d0%be%d1%82%d0%ba%d1%80%d1%8b%d1%82%d1%8b%d0%b9-%d0%be%d1%82-%d0%bf%d1%80%d0%be%d1%84%d0%b5%d1%81%d1%81\/\"]}]},{\"@type\":\"ImageObject\",\"inLanguage\":\"es\",\"@id\":\"https:\/\/bokysee.com\/ru\/products\/4k-poe-%d0%b1%d0%b5%d0%b7%d0%be%d0%bf%d0%b0%d1%81%d0%bd%d0%be%d1%81%d1%82%d0%b8-bullet-camera-%d0%be%d1%82%d0%ba%d1%80%d1%8b%d1%82%d1%8b%d0%b9-%d0%be%d1%82-%d0%bf%d1%80%d0%be%d1%84%d0%b5%d1%81%d1%81\/#primaryimage\",\"url\":\"https:\/\/bokysee.com\/wp-content\/uploads\/2023\/10\/A44.jpg\",\"contentUrl\":\"https:\/\/bokysee.com\/wp-content\/uploads\/2023\/10\/A44.jpg\",\"width\":800,\"height\":800},{\"@type\":\"BreadcrumbList\",\"@id\":\"https:\/\/bokysee.com\/ru\/products\/4k-poe-%d0%b1%d0%b5%d0%b7%d0%be%d0%bf%d0%b0%d1%81%d0%bd%d0%be%d1%81%d1%82%d0%b8-bullet-camera-%d0%be%d1%82%d0%ba%d1%80%d1%8b%d1%82%d1%8b%d0%b9-%d0%be%d1%82-%d0%bf%d1%80%d0%be%d1%84%d0%b5%d1%81%d1%81\/#breadcrumb\",\"itemListElement\":[{\"@type\":\"ListItem\",\"position\":1,\"name\":\"Home\",\"item\":\"https:\/\/bokysee.com\/\"},{\"@type\":\"ListItem\",\"position\":2,\"name\":\"Products\",\"item\":\"https:\/\/bokysee.com\/products\/\"},{\"@type\":\"ListItem\",\"position\":3,\"name\":\"4K POE \u0431\u0435\u0437\u043e\u043f\u0430\u0441\u043d\u043e\u0441\u0442\u0438 Bullet Camera \u041e\u0442\u043a\u0440\u044b\u0442\u044b\u0439 \u043e\u0442 \u043f\u0440\u043e\u0444\u0435\u0441\u0441\u0438\u043e\u043d\u0430\u043b\u044c\u043d\u043e\u0433\u043e \u043f\u043e\u0441\u0442\u0430\u0432\u0449\u0438\u043a\u0430 IP-\u043a\u0430\u043c\u0435\u0440\"}]},{\"@type\":\"WebSite\",\"@id\":\"https:\/\/bokysee.com\/#website\",\"url\":\"https:\/\/bokysee.com\/\",\"name\":\"Bokysee Technology Co.,LTD\",\"description\":\"Professional Smart Indoor and Outdoor Security Cameras Solution Supplier\",\"potentialAction\":[{\"@type\":\"SearchAction\",\"target\":{\"@type\":\"EntryPoint\",\"urlTemplate\":\"https:\/\/bokysee.com\/?s={search_term_string}\"},\"query-input\":{\"@type\":\"PropertyValueSpecification\",\"valueRequired\":true,\"valueName\":\"search_term_string\"}}],\"inLanguage\":\"es\"}]}<\/script>\n<!-- \/ Yoast SEO Premium plugin. -->","yoast_head_json":{"title":"4K POE \u0431\u0435\u0437\u043e\u043f\u0430\u0441\u043d\u043e\u0441\u0442\u0438 Bullet Camera \u041e\u0442\u043a\u0440\u044b\u0442\u044b\u0439 \u043e\u0442 \u043f\u0440\u043e\u0444\u0435\u0441\u0441\u0438\u043e\u043d\u0430\u043b\u044c\u043d\u043e\u0433\u043e \u043f\u043e\u0441\u0442\u0430\u0432\u0449\u0438\u043a\u0430 IP-\u043a\u0430\u043c\u0435\u0440 - Bokysee Technology Co.,LTD","description":"IP-\u043a\u0430\u043c\u0435\u0440\u044b \u0431\u0435\u0437\u043e\u043f\u0430\u0441\u043d\u043e\u0441\u0442\u0438 Bokysee \u043f\u043e\u0434\u043a\u043b\u044e\u0447\u0430\u044e\u0442\u0441\u044f \u043a \u0441\u0435\u0442\u0435\u0432\u043e\u043c\u0443 \u0432\u0438\u0434\u0435\u043e\u0440\u0435\u0433\u0438\u0441\u0442\u0440\u0430\u0442\u043e\u0440\u0443 (NVR) \u0438 \u043e\u0431\u0435\u0441\u043f\u0435\u0447\u0438\u0432\u0430\u044e\u0442 \u043f\u0440\u043e\u0444\u0435\u0441\u0441\u0438\u043e\u043d\u0430\u043b\u044c\u043d\u0443\u044e \u0437\u0430\u043f\u0438\u0441\u044c \u0432 \u0444\u043e\u0440\u043c\u0430\u0442\u0435 4K \u0438 \u0438\u043d\u0442\u0435\u043b\u043b\u0435\u043a\u0442\u0443\u0430\u043b\u044c\u043d\u043e\u0435 \u043e\u0431\u043d\u0430\u0440\u0443\u0436\u0435\u043d\u0438\u0435 \u0434\u0432\u0438\u0436\u0435\u043d\u0438\u044f","robots":{"index":"index","follow":"follow","max-snippet":"max-snippet:-1","max-image-preview":"max-image-preview:large","max-video-preview":"max-video-preview:-1"},"canonical":"https:\/\/bokysee.com\/es\/products\/4k-poe-\u0431\u0435\u0437\u043e\u043f\u0430\u0441\u043d\u043e\u0441\u0442\u0438-bullet-camera-\u043e\u0442\u043a\u0440\u044b\u0442\u044b\u0439-\u043e\u0442-\u043f\u0440\u043e\u0444\u0435\u0441\u0441\/","og_locale":"es_ES","og_type":"article","og_title":"4K POE \u0431\u0435\u0437\u043e\u043f\u0430\u0441\u043d\u043e\u0441\u0442\u0438 Bullet Camera \u041e\u0442\u043a\u0440\u044b\u0442\u044b\u0439 \u043e\u0442 \u043f\u0440\u043e\u0444\u0435\u0441\u0441\u0438\u043e\u043d\u0430\u043b\u044c\u043d\u043e\u0433\u043e \u043f\u043e\u0441\u0442\u0430\u0432\u0449\u0438\u043a\u0430 IP-\u043a\u0430\u043c\u0435\u0440","og_description":"IP-\u043a\u0430\u043c\u0435\u0440\u044b \u0431\u0435\u0437\u043e\u043f\u0430\u0441\u043d\u043e\u0441\u0442\u0438 Bokysee \u043f\u043e\u0434\u043a\u043b\u044e\u0447\u0430\u044e\u0442\u0441\u044f \u043a \u0441\u0435\u0442\u0435\u0432\u043e\u043c\u0443 \u0432\u0438\u0434\u0435\u043e\u0440\u0435\u0433\u0438\u0441\u0442\u0440\u0430\u0442\u043e\u0440\u0443 (NVR) \u0438 \u043e\u0431\u0435\u0441\u043f\u0435\u0447\u0438\u0432\u0430\u044e\u0442 \u043f\u0440\u043e\u0444\u0435\u0441\u0441\u0438\u043e\u043d\u0430\u043b\u044c\u043d\u0443\u044e \u0437\u0430\u043f\u0438\u0441\u044c \u0432 \u0444\u043e\u0440\u043c\u0430\u0442\u0435 4K \u0438 \u0438\u043d\u0442\u0435\u043b\u043b\u0435\u043a\u0442\u0443\u0430\u043b\u044c\u043d\u043e\u0435 \u043e\u0431\u043d\u0430\u0440\u0443\u0436\u0435\u043d\u0438\u0435 \u0434\u0432\u0438\u0436\u0435\u043d\u0438\u044f","og_url":"https:\/\/bokysee.com\/es\/products\/4k-poe-\u0431\u0435\u0437\u043e\u043f\u0430\u0441\u043d\u043e\u0441\u0442\u0438-bullet-camera-\u043e\u0442\u043a\u0440\u044b\u0442\u044b\u0439-\u043e\u0442-\u043f\u0440\u043e\u0444\u0435\u0441\u0441\/","og_site_name":"Bokysee Technology Co.,LTD","og_image":[{"width":800,"height":800,"url":"https:\/\/bokysee.com\/wp-content\/uploads\/2023\/10\/A44.jpg","type":"image\/jpeg"}],"twitter_card":"summary_large_image","schema":{"@context":"https:\/\/schema.org","@graph":[{"@type":"WebPage","@id":"https:\/\/bokysee.com\/ru\/products\/4k-poe-%d0%b1%d0%b5%d0%b7%d0%be%d0%bf%d0%b0%d1%81%d0%bd%d0%be%d1%81%d1%82%d0%b8-bullet-camera-%d0%be%d1%82%d0%ba%d1%80%d1%8b%d1%82%d1%8b%d0%b9-%d0%be%d1%82-%d0%bf%d1%80%d0%be%d1%84%d0%b5%d1%81%d1%81\/","url":"https:\/\/bokysee.com\/ru\/products\/4k-poe-%d0%b1%d0%b5%d0%b7%d0%be%d0%bf%d0%b0%d1%81%d0%bd%d0%be%d1%81%d1%82%d0%b8-bullet-camera-%d0%be%d1%82%d0%ba%d1%80%d1%8b%d1%82%d1%8b%d0%b9-%d0%be%d1%82-%d0%bf%d1%80%d0%be%d1%84%d0%b5%d1%81%d1%81\/","name":"4K POE \u0431\u0435\u0437\u043e\u043f\u0430\u0441\u043d\u043e\u0441\u0442\u0438 Bullet Camera \u041e\u0442\u043a\u0440\u044b\u0442\u044b\u0439 \u043e\u0442 \u043f\u0440\u043e\u0444\u0435\u0441\u0441\u0438\u043e\u043d\u0430\u043b\u044c\u043d\u043e\u0433\u043e \u043f\u043e\u0441\u0442\u0430\u0432\u0449\u0438\u043a\u0430 IP-\u043a\u0430\u043c\u0435\u0440 - Bokysee Technology Co.,LTD","isPartOf":{"@id":"https:\/\/bokysee.com\/#website"},"primaryImageOfPage":{"@id":"https:\/\/bokysee.com\/ru\/products\/4k-poe-%d0%b1%d0%b5%d0%b7%d0%be%d0%bf%d0%b0%d1%81%d0%bd%d0%be%d1%81%d1%82%d0%b8-bullet-camera-%d0%be%d1%82%d0%ba%d1%80%d1%8b%d1%82%d1%8b%d0%b9-%d0%be%d1%82-%d0%bf%d1%80%d0%be%d1%84%d0%b5%d1%81%d1%81\/#primaryimage"},"image":{"@id":"https:\/\/bokysee.com\/ru\/products\/4k-poe-%d0%b1%d0%b5%d0%b7%d0%be%d0%bf%d0%b0%d1%81%d0%bd%d0%be%d1%81%d1%82%d0%b8-bullet-camera-%d0%be%d1%82%d0%ba%d1%80%d1%8b%d1%82%d1%8b%d0%b9-%d0%be%d1%82-%d0%bf%d1%80%d0%be%d1%84%d0%b5%d1%81%d1%81\/#primaryimage"},"thumbnailUrl":"https:\/\/bokysee.com\/wp-content\/uploads\/2023\/10\/A44.jpg","datePublished":"2023-10-07T01:20:34+00:00","description":"IP-\u043a\u0430\u043c\u0435\u0440\u044b \u0431\u0435\u0437\u043e\u043f\u0430\u0441\u043d\u043e\u0441\u0442\u0438 Bokysee \u043f\u043e\u0434\u043a\u043b\u044e\u0447\u0430\u044e\u0442\u0441\u044f \u043a \u0441\u0435\u0442\u0435\u0432\u043e\u043c\u0443 \u0432\u0438\u0434\u0435\u043e\u0440\u0435\u0433\u0438\u0441\u0442\u0440\u0430\u0442\u043e\u0440\u0443 (NVR) \u0438 \u043e\u0431\u0435\u0441\u043f\u0435\u0447\u0438\u0432\u0430\u044e\u0442 \u043f\u0440\u043e\u0444\u0435\u0441\u0441\u0438\u043e\u043d\u0430\u043b\u044c\u043d\u0443\u044e \u0437\u0430\u043f\u0438\u0441\u044c \u0432 \u0444\u043e\u0440\u043c\u0430\u0442\u0435 4K \u0438 \u0438\u043d\u0442\u0435\u043b\u043b\u0435\u043a\u0442\u0443\u0430\u043b\u044c\u043d\u043e\u0435 \u043e\u0431\u043d\u0430\u0440\u0443\u0436\u0435\u043d\u0438\u0435 \u0434\u0432\u0438\u0436\u0435\u043d\u0438\u044f","breadcrumb":{"@id":"https:\/\/bokysee.com\/ru\/products\/4k-poe-%d0%b1%d0%b5%d0%b7%d0%be%d0%bf%d0%b0%d1%81%d0%bd%d0%be%d1%81%d1%82%d0%b8-bullet-camera-%d0%be%d1%82%d0%ba%d1%80%d1%8b%d1%82%d1%8b%d0%b9-%d0%be%d1%82-%d0%bf%d1%80%d0%be%d1%84%d0%b5%d1%81%d1%81\/#breadcrumb"},"inLanguage":"es","potentialAction":[{"@type":"ReadAction","target":["https:\/\/bokysee.com\/ru\/products\/4k-poe-%d0%b1%d0%b5%d0%b7%d0%be%d0%bf%d0%b0%d1%81%d0%bd%d0%be%d1%81%d1%82%d0%b8-bullet-camera-%d0%be%d1%82%d0%ba%d1%80%d1%8b%d1%82%d1%8b%d0%b9-%d0%be%d1%82-%d0%bf%d1%80%d0%be%d1%84%d0%b5%d1%81%d1%81\/"]}]},{"@type":"ImageObject","inLanguage":"es","@id":"https:\/\/bokysee.com\/ru\/products\/4k-poe-%d0%b1%d0%b5%d0%b7%d0%be%d0%bf%d0%b0%d1%81%d0%bd%d0%be%d1%81%d1%82%d0%b8-bullet-camera-%d0%be%d1%82%d0%ba%d1%80%d1%8b%d1%82%d1%8b%d0%b9-%d0%be%d1%82-%d0%bf%d1%80%d0%be%d1%84%d0%b5%d1%81%d1%81\/#primaryimage","url":"https:\/\/bokysee.com\/wp-content\/uploads\/2023\/10\/A44.jpg","contentUrl":"https:\/\/bokysee.com\/wp-content\/uploads\/2023\/10\/A44.jpg","width":800,"height":800},{"@type":"BreadcrumbList","@id":"https:\/\/bokysee.com\/ru\/products\/4k-poe-%d0%b1%d0%b5%d0%b7%d0%be%d0%bf%d0%b0%d1%81%d0%bd%d0%be%d1%81%d1%82%d0%b8-bullet-camera-%d0%be%d1%82%d0%ba%d1%80%d1%8b%d1%82%d1%8b%d0%b9-%d0%be%d1%82-%d0%bf%d1%80%d0%be%d1%84%d0%b5%d1%81%d1%81\/#breadcrumb","itemListElement":[{"@type":"ListItem","position":1,"name":"Home","item":"https:\/\/bokysee.com\/"},{"@type":"ListItem","position":2,"name":"Products","item":"https:\/\/bokysee.com\/products\/"},{"@type":"ListItem","position":3,"name":"4K POE \u0431\u0435\u0437\u043e\u043f\u0430\u0441\u043d\u043e\u0441\u0442\u0438 Bullet Camera \u041e\u0442\u043a\u0440\u044b\u0442\u044b\u0439 \u043e\u0442 \u043f\u0440\u043e\u0444\u0435\u0441\u0441\u0438\u043e\u043d\u0430\u043b\u044c\u043d\u043e\u0433\u043e \u043f\u043e\u0441\u0442\u0430\u0432\u0449\u0438\u043a\u0430 IP-\u043a\u0430\u043c\u0435\u0440"}]},{"@type":"WebSite","@id":"https:\/\/bokysee.com\/#website","url":"https:\/\/bokysee.com\/","name":"Bokysee Technology Co.,LTD","description":"Professional Smart Indoor and Outdoor Security Cameras Solution Supplier","potentialAction":[{"@type":"SearchAction","target":{"@type":"EntryPoint","urlTemplate":"https:\/\/bokysee.com\/?s={search_term_string}"},"query-input":{"@type":"PropertyValueSpecification","valueRequired":true,"valueName":"search_term_string"}}],"inLanguage":"es"}]}},"_links":{"self":[{"href":"https:\/\/bokysee.com\/es\/wp-json\/wp\/v2\/product\/6763","targetHints":{"allow":["GET"]}}],"collection":[{"href":"https:\/\/bokysee.com\/es\/wp-json\/wp\/v2\/product"}],"about":[{"href":"https:\/\/bokysee.com\/es\/wp-json\/wp\/v2\/types\/product"}],"version-history":[{"count":0,"href":"https:\/\/bokysee.com\/es\/wp-json\/wp\/v2\/product\/6763\/revisions"}],"wp:featuredmedia":[{"embeddable":true,"href":"https:\/\/bokysee.com\/es\/wp-json\/wp\/v2\/media\/6460"}],"wp:attachment":[{"href":"https:\/\/bokysee.com\/es\/wp-json\/wp\/v2\/media?parent=6763"}],"wp:term":[{"taxonomy":"product_brand","embeddable":true,"href":"https:\/\/bokysee.com\/es\/wp-json\/wp\/v2\/product_brand?post=6763"},{"taxonomy":"product_cat","embeddable":true,"href":"https:\/\/bokysee.com\/es\/wp-json\/wp\/v2\/product_cat?post=6763"},{"taxonomy":"product_tag","embeddable":true,"href":"https:\/\/bokysee.com\/es\/wp-json\/wp\/v2\/product_tag?post=6763"}],"curies":[{"name":"wp","href":"https:\/\/api.w.org\/{rel}","templated":true}]}}