{"id":6732,"date":"2023-10-07T11:29:43","date_gmt":"2023-10-07T03:29:43","guid":{"rendered":"https:\/\/bokysee.com\/products\/videovigilancia-ahd-seguridad-cctv-camaras-5mp-ahd-kamera\/"},"modified":"2023-10-07T11:29:43","modified_gmt":"2023-10-07T03:29:43","slug":"videovigilancia-ahd-seguridad-cctv-camaras-5mp-ahd-kamera","status":"publish","type":"product","link":"https:\/\/bokysee.com\/es\/products\/videovigilancia-ahd-seguridad-cctv-camaras-5mp-ahd-kamera\/","title":{"rendered":"Videovigilancia AHD Seguridad CCTV C\u00e1maras 5mp AHD Kamera"},"content":{"rendered":"<p>Videovigilancia AHD Seguridad CCTV C\u00e1maras 5mp AHD Kamera<\/p>\n<p>C\u00e1mara AHD: captura todos los detalles con un v\u00eddeo de alta definici\u00f3n de 5,0 MP. Con nuestra avanzada tecnolog\u00eda, esta c\u00e1mara le permite enviar f\u00e1cilmente una se\u00f1al HD a trav\u00e9s de un cable coaxial o RCA est\u00e1ndar. Maximice su seguridad y obtenga una claridad inigualable. Perfecta para clientes B2B como distribuidores y propietarios de marcas, proporcion\u00e1ndoles el valor de una tecnolog\u00eda de vigilancia de primera categor\u00eda.<\/p>\n<table width=\"978\">\n<tbody>\n<tr>\n<td width=\"268\">N\u00famero de modelo<\/td>\n<td width=\"257\">BK-AHD06B2MP<\/td>\n<td width=\"257\">BK-AHD06B5MP<\/td>\n<td width=\"196\">BK-AHD06B8MP<\/td>\n<\/tr>\n<tr>\n<td width=\"268\">Sensor<\/td>\n<td width=\"257\">Sensor CMOS de 1\/2,9<\/td>\n<td colspan=\"2\" width=\"453\">Sensor CMOS de 1\/3<\/td>\n<\/tr>\n<tr>\n<td width=\"268\">Lente<\/td>\n<td colspan=\"3\" width=\"710\">3,6 mm (2,8 mm\/6 mm opcional)<\/td>\n<\/tr>\n<tr>\n<td width=\"268\">L\u00e1mpara IR<\/td>\n<td colspan=\"3\" width=\"710\">4 Matrices IR<\/td>\n<\/tr>\n<tr>\n<td width=\"268\">P\u00edxel<\/td>\n<td width=\"257\">2MP<\/td>\n<td width=\"257\">5MP<\/td>\n<td width=\"196\">8MP<\/td>\n<\/tr>\n<tr>\n<td width=\"268\">Disrupci\u00f3n<\/td>\n<td width=\"257\">1920x1080P<\/td>\n<td>2560*1920<\/td>\n<td width=\"196\">3840*2160<\/td>\n<\/tr>\n<tr>\n<td width=\"268\">Modo de se\u00f1al<\/td>\n<td colspan=\"3\" width=\"710\">AHD\/TVI\/CVI\/CVBS<\/td>\n<\/tr>\n<tr>\n<td width=\"268\">Est\u00e1ndar<\/td>\n<td colspan=\"3\" width=\"710\">PAL\/NTSC<\/td>\n<\/tr>\n<tr>\n<td width=\"268\">Comunicaci\u00f3n UTC<\/td>\n<td colspan=\"3\" width=\"710\">soporte<\/td>\n<\/tr>\n<tr>\n<td width=\"268\">Conmutaci\u00f3n HD<\/td>\n<td colspan=\"3\" width=\"710\">Compatible con OSD\/KEY\/cambio de c\u00f3digo de teclas\/conmutaci\u00f3n de una tecla\/modo UTC<\/td>\n<\/tr>\n<tr>\n<td width=\"268\">Funci\u00f3n de men\u00fa<\/td>\n<td colspan=\"3\" width=\"710\">OSD\/Botones<\/td>\n<\/tr>\n<tr>\n<td width=\"268\">Idioma<\/td>\n<td colspan=\"3\" width=\"710\">Ingl\u00e9s\/Chino\/Coreano\/etc.<\/td>\n<\/tr>\n<tr>\n<td width=\"268\">N\u00famero de serie<\/td>\n<td colspan=\"3\" width=\"710\">2D<\/td>\n<\/tr>\n<tr>\n<td width=\"268\">Amplio rango din\u00e1mico (WDR)<\/td>\n<td colspan=\"3\" width=\"710\">adaptable<\/td>\n<\/tr>\n<tr>\n<td width=\"268\">Salida de v\u00eddeo<\/td>\n<td colspan=\"3\" width=\"710\">AHD\/TVI\/CVI\/CVBS<\/td>\n<\/tr>\n<tr>\n<td width=\"268\">Fuente de alimentaci\u00f3n<\/td>\n<td colspan=\"3\" width=\"710\">CC 12 V-1 A<\/td>\n<\/tr>\n<tr>\n<td width=\"268\">Impermeable<\/td>\n<td colspan=\"3\" width=\"710\">IP66<\/td>\n<\/tr>\n<tr>\n<td width=\"268\">Material<\/td>\n<td colspan=\"3\" width=\"710\">C\u00e1scara de Metel<\/td>\n<\/tr>\n<tr>\n<td width=\"268\">Entorno de trabajo<\/td>\n<td colspan=\"3\" width=\"710\">Temperatura: &#039;-20\u00b0C ~ 60\u00b0C, humedad: 10% ~ 90% (sin condensaci\u00f3n)<\/td>\n<\/tr>\n<\/tbody>\n<\/table>\n<p>&nbsp;<\/p>\n<p>&nbsp;<\/p>\n<p>&nbsp;<\/p>\n<p>&nbsp;<\/p>\n<p>&nbsp;<\/p>\n<p>&nbsp;<\/p>\n<p>&nbsp;<\/p>","protected":false},"excerpt":{"rendered":"<p>\u25cf C\u00e1mara AHD de infrarrojos tipo bala de metal<br \/>\n\u25cf Resoluci\u00f3n: 1.0MP\/2.0MP\/5.0MP\/8.0MP<br \/>\n\u25cf Lente: 3,6MM<br \/>\n\u25cf 4 IR de matriz<br \/>\n\u25cf Bala resistente al agua IP66<br \/>\n\u25cf D\u00eda&amp;Noche:Color\/B\/N(Inteligente Opcional)<br \/>\n\u25cf Alimentaci\u00f3n: DC12V-1A<br \/>\n\u25cf Audio: N\/A (opcional)<\/p>","protected":false},"featured_media":6481,"template":"","meta":[],"product_brand":[],"product_cat":[736],"product_tag":[778,779,777,776],"class_list":{"0":"post-6732","1":"product","2":"type-product","3":"status-publish","4":"has-post-thumbnail","6":"product_cat-camaras-ahd-tipo-bala","7":"product_tag-camara-ahd-cctv","8":"product_tag-camara-ahd-de-5-mp","9":"product_tag-camara-cctv-ahd","10":"product_tag-camara-de-seguridad-ahd","12":"first","13":"instock","14":"shipping-taxable","15":"product-type-simple"},"acf":[],"yoast_head":"<!-- This site is optimized with the Yoast SEO Premium plugin v20.2.1 (Yoast SEO v26.1.1) - https:\/\/yoast.com\/wordpress\/plugins\/seo\/ -->\n<title>Videovigilancia AHD Seguridad CCTV C\u00e1maras 5mp AHD Kamera - Bokysee Technology Co.,LTD<\/title>\n<meta name=\"description\" content=\"Videovigilancia 4 en 1 AHD Seguridad CCTV C\u00e1maras 5mp Ahd Kamera Env\u00ede f\u00e1cilmente una se\u00f1al HD a trav\u00e9s de un cable coaxial o Rca est\u00e1ndar\" \/>\n<meta name=\"robots\" content=\"index, follow, max-snippet:-1, max-image-preview:large, max-video-preview:-1\" \/>\n<link rel=\"canonical\" href=\"https:\/\/bokysee.com\/es\/products\/videovigilancia-ahd-seguridad-cctv-camaras-5mp-ahd-kamera\/\" \/>\n<meta property=\"og:locale\" content=\"es_ES\" \/>\n<meta property=\"og:type\" content=\"article\" \/>\n<meta property=\"og:title\" content=\"Videovigilancia AHD Seguridad CCTV C\u00e1maras 5mp AHD Kamera\" \/>\n<meta property=\"og:description\" content=\"Videovigilancia 4 en 1 AHD Seguridad CCTV C\u00e1maras 5mp Ahd Kamera Env\u00ede f\u00e1cilmente una se\u00f1al HD a trav\u00e9s de un cable coaxial o Rca est\u00e1ndar\" \/>\n<meta property=\"og:url\" content=\"https:\/\/bokysee.com\/es\/products\/videovigilancia-ahd-seguridad-cctv-camaras-5mp-ahd-kamera\/\" \/>\n<meta property=\"og:site_name\" content=\"Bokysee Technology Co.,LTD\" \/>\n<meta property=\"og:image\" content=\"https:\/\/bokysee.com\/wp-content\/uploads\/2023\/10\/A34.jpg\" \/>\n\t<meta property=\"og:image:width\" content=\"800\" \/>\n\t<meta property=\"og:image:height\" content=\"800\" \/>\n\t<meta property=\"og:image:type\" content=\"image\/jpeg\" \/>\n<meta name=\"twitter:card\" content=\"summary_large_image\" \/>\n<meta name=\"twitter:label1\" content=\"Tiempo de lectura\" \/>\n\t<meta name=\"twitter:data1\" content=\"1 minuto\" \/>\n<script type=\"application\/ld+json\" class=\"yoast-schema-graph\">{\"@context\":\"https:\/\/schema.org\",\"@graph\":[{\"@type\":\"WebPage\",\"@id\":\"https:\/\/bokysee.com\/es\/products\/videovigilancia-ahd-seguridad-cctv-camaras-5mp-ahd-kamera\/\",\"url\":\"https:\/\/bokysee.com\/es\/products\/videovigilancia-ahd-seguridad-cctv-camaras-5mp-ahd-kamera\/\",\"name\":\"Videovigilancia AHD Seguridad CCTV C\u00e1maras 5mp AHD Kamera - Bokysee Technology Co.,LTD\",\"isPartOf\":{\"@id\":\"https:\/\/bokysee.com\/#website\"},\"primaryImageOfPage\":{\"@id\":\"https:\/\/bokysee.com\/es\/products\/videovigilancia-ahd-seguridad-cctv-camaras-5mp-ahd-kamera\/#primaryimage\"},\"image\":{\"@id\":\"https:\/\/bokysee.com\/es\/products\/videovigilancia-ahd-seguridad-cctv-camaras-5mp-ahd-kamera\/#primaryimage\"},\"thumbnailUrl\":\"https:\/\/bokysee.com\/wp-content\/uploads\/2023\/10\/A34.jpg\",\"datePublished\":\"2023-10-07T03:29:43+00:00\",\"description\":\"Videovigilancia 4 en 1 AHD Seguridad CCTV C\u00e1maras 5mp Ahd Kamera Env\u00ede f\u00e1cilmente una se\u00f1al HD a trav\u00e9s de un cable coaxial o Rca est\u00e1ndar\",\"breadcrumb\":{\"@id\":\"https:\/\/bokysee.com\/es\/products\/videovigilancia-ahd-seguridad-cctv-camaras-5mp-ahd-kamera\/#breadcrumb\"},\"inLanguage\":\"es\",\"potentialAction\":[{\"@type\":\"ReadAction\",\"target\":[\"https:\/\/bokysee.com\/es\/products\/videovigilancia-ahd-seguridad-cctv-camaras-5mp-ahd-kamera\/\"]}]},{\"@type\":\"ImageObject\",\"inLanguage\":\"es\",\"@id\":\"https:\/\/bokysee.com\/es\/products\/videovigilancia-ahd-seguridad-cctv-camaras-5mp-ahd-kamera\/#primaryimage\",\"url\":\"https:\/\/bokysee.com\/wp-content\/uploads\/2023\/10\/A34.jpg\",\"contentUrl\":\"https:\/\/bokysee.com\/wp-content\/uploads\/2023\/10\/A34.jpg\",\"width\":800,\"height\":800},{\"@type\":\"BreadcrumbList\",\"@id\":\"https:\/\/bokysee.com\/es\/products\/videovigilancia-ahd-seguridad-cctv-camaras-5mp-ahd-kamera\/#breadcrumb\",\"itemListElement\":[{\"@type\":\"ListItem\",\"position\":1,\"name\":\"Home\",\"item\":\"https:\/\/bokysee.com\/\"},{\"@type\":\"ListItem\",\"position\":2,\"name\":\"Products\",\"item\":\"https:\/\/bokysee.com\/products\/\"},{\"@type\":\"ListItem\",\"position\":3,\"name\":\"Videovigilancia AHD Seguridad CCTV C\u00e1maras 5mp AHD Kamera\"}]},{\"@type\":\"WebSite\",\"@id\":\"https:\/\/bokysee.com\/#website\",\"url\":\"https:\/\/bokysee.com\/\",\"name\":\"Bokysee Technology Co.,LTD\",\"description\":\"Professional Smart Indoor and Outdoor Security Cameras Solution Supplier\",\"potentialAction\":[{\"@type\":\"SearchAction\",\"target\":{\"@type\":\"EntryPoint\",\"urlTemplate\":\"https:\/\/bokysee.com\/?s={search_term_string}\"},\"query-input\":{\"@type\":\"PropertyValueSpecification\",\"valueRequired\":true,\"valueName\":\"search_term_string\"}}],\"inLanguage\":\"es\"}]}<\/script>\n<!-- \/ Yoast SEO Premium plugin. -->","yoast_head_json":{"title":"Videovigilancia AHD Seguridad CCTV C\u00e1maras 5mp AHD Kamera - Bokysee Technology Co.,LTD","description":"Videovigilancia 4 en 1 AHD Seguridad CCTV C\u00e1maras 5mp Ahd Kamera Env\u00ede f\u00e1cilmente una se\u00f1al HD a trav\u00e9s de un cable coaxial o Rca est\u00e1ndar","robots":{"index":"index","follow":"follow","max-snippet":"max-snippet:-1","max-image-preview":"max-image-preview:large","max-video-preview":"max-video-preview:-1"},"canonical":"https:\/\/bokysee.com\/es\/products\/videovigilancia-ahd-seguridad-cctv-camaras-5mp-ahd-kamera\/","og_locale":"es_ES","og_type":"article","og_title":"Videovigilancia AHD Seguridad CCTV C\u00e1maras 5mp AHD Kamera","og_description":"Videovigilancia 4 en 1 AHD Seguridad CCTV C\u00e1maras 5mp Ahd Kamera Env\u00ede f\u00e1cilmente una se\u00f1al HD a trav\u00e9s de un cable coaxial o Rca est\u00e1ndar","og_url":"https:\/\/bokysee.com\/es\/products\/videovigilancia-ahd-seguridad-cctv-camaras-5mp-ahd-kamera\/","og_site_name":"Bokysee Technology Co.,LTD","og_image":[{"width":800,"height":800,"url":"https:\/\/bokysee.com\/wp-content\/uploads\/2023\/10\/A34.jpg","type":"image\/jpeg"}],"twitter_card":"summary_large_image","twitter_misc":{"Tiempo de lectura":"1 minuto"},"schema":{"@context":"https:\/\/schema.org","@graph":[{"@type":"WebPage","@id":"https:\/\/bokysee.com\/es\/products\/videovigilancia-ahd-seguridad-cctv-camaras-5mp-ahd-kamera\/","url":"https:\/\/bokysee.com\/es\/products\/videovigilancia-ahd-seguridad-cctv-camaras-5mp-ahd-kamera\/","name":"Videovigilancia AHD Seguridad CCTV C\u00e1maras 5mp AHD Kamera - Bokysee Technology Co.,LTD","isPartOf":{"@id":"https:\/\/bokysee.com\/#website"},"primaryImageOfPage":{"@id":"https:\/\/bokysee.com\/es\/products\/videovigilancia-ahd-seguridad-cctv-camaras-5mp-ahd-kamera\/#primaryimage"},"image":{"@id":"https:\/\/bokysee.com\/es\/products\/videovigilancia-ahd-seguridad-cctv-camaras-5mp-ahd-kamera\/#primaryimage"},"thumbnailUrl":"https:\/\/bokysee.com\/wp-content\/uploads\/2023\/10\/A34.jpg","datePublished":"2023-10-07T03:29:43+00:00","description":"Videovigilancia 4 en 1 AHD Seguridad CCTV C\u00e1maras 5mp Ahd Kamera Env\u00ede f\u00e1cilmente una se\u00f1al HD a trav\u00e9s de un cable coaxial o Rca est\u00e1ndar","breadcrumb":{"@id":"https:\/\/bokysee.com\/es\/products\/videovigilancia-ahd-seguridad-cctv-camaras-5mp-ahd-kamera\/#breadcrumb"},"inLanguage":"es","potentialAction":[{"@type":"ReadAction","target":["https:\/\/bokysee.com\/es\/products\/videovigilancia-ahd-seguridad-cctv-camaras-5mp-ahd-kamera\/"]}]},{"@type":"ImageObject","inLanguage":"es","@id":"https:\/\/bokysee.com\/es\/products\/videovigilancia-ahd-seguridad-cctv-camaras-5mp-ahd-kamera\/#primaryimage","url":"https:\/\/bokysee.com\/wp-content\/uploads\/2023\/10\/A34.jpg","contentUrl":"https:\/\/bokysee.com\/wp-content\/uploads\/2023\/10\/A34.jpg","width":800,"height":800},{"@type":"BreadcrumbList","@id":"https:\/\/bokysee.com\/es\/products\/videovigilancia-ahd-seguridad-cctv-camaras-5mp-ahd-kamera\/#breadcrumb","itemListElement":[{"@type":"ListItem","position":1,"name":"Home","item":"https:\/\/bokysee.com\/"},{"@type":"ListItem","position":2,"name":"Products","item":"https:\/\/bokysee.com\/products\/"},{"@type":"ListItem","position":3,"name":"Videovigilancia AHD Seguridad CCTV C\u00e1maras 5mp AHD Kamera"}]},{"@type":"WebSite","@id":"https:\/\/bokysee.com\/#website","url":"https:\/\/bokysee.com\/","name":"Bokysee Technology Co.,LTD","description":"Professional Smart Indoor and Outdoor Security Cameras Solution Supplier","potentialAction":[{"@type":"SearchAction","target":{"@type":"EntryPoint","urlTemplate":"https:\/\/bokysee.com\/?s={search_term_string}"},"query-input":{"@type":"PropertyValueSpecification","valueRequired":true,"valueName":"search_term_string"}}],"inLanguage":"es"}]}},"_links":{"self":[{"href":"https:\/\/bokysee.com\/es\/wp-json\/wp\/v2\/product\/6732","targetHints":{"allow":["GET"]}}],"collection":[{"href":"https:\/\/bokysee.com\/es\/wp-json\/wp\/v2\/product"}],"about":[{"href":"https:\/\/bokysee.com\/es\/wp-json\/wp\/v2\/types\/product"}],"version-history":[{"count":0,"href":"https:\/\/bokysee.com\/es\/wp-json\/wp\/v2\/product\/6732\/revisions"}],"wp:featuredmedia":[{"embeddable":true,"href":"https:\/\/bokysee.com\/es\/wp-json\/wp\/v2\/media\/6481"}],"wp:attachment":[{"href":"https:\/\/bokysee.com\/es\/wp-json\/wp\/v2\/media?parent=6732"}],"wp:term":[{"taxonomy":"product_brand","embeddable":true,"href":"https:\/\/bokysee.com\/es\/wp-json\/wp\/v2\/product_brand?post=6732"},{"taxonomy":"product_cat","embeddable":true,"href":"https:\/\/bokysee.com\/es\/wp-json\/wp\/v2\/product_cat?post=6732"},{"taxonomy":"product_tag","embeddable":true,"href":"https:\/\/bokysee.com\/es\/wp-json\/wp\/v2\/product_tag?post=6732"}],"curies":[{"name":"wp","href":"https:\/\/api.w.org\/{rel}","templated":true}]}}