{"id":6725,"date":"2023-10-07T12:08:27","date_gmt":"2023-10-07T04:08:27","guid":{"rendered":"https:\/\/bokysee.com\/products\/camaras-bullet-de-videovigilancia-de-ultima-generacion-alimentadas-por-paneles-solares-y-baterias\/"},"modified":"2023-10-07T12:08:27","modified_gmt":"2023-10-07T04:08:27","slug":"camaras-de-videovigilancia-de-ultima-generacion-con-bateria-solar","status":"publish","type":"product","link":"https:\/\/bokysee.com\/es\/products\/camaras-de-videovigilancia-de-ultima-generacion-con-bateria-solar\/","title":{"rendered":"C\u00e1maras Bullet de Videovigilancia de \u00faltima generaci\u00f3n alimentadas por paneles solares y bater\u00edas"},"content":{"rendered":"<p>C\u00e1maras Bullet de Videovigilancia de \u00faltima generaci\u00f3n alimentadas por paneles solares y bater\u00edas<\/p>\n<p>C\u00e1maras con panel solar y bater\u00eda: Revolucione su sistema de seguridad con nuestras avanzadas c\u00e1maras CCTV. No vuelva a preocuparse por fuentes de alimentaci\u00f3n o bater\u00edas, ya que estas c\u00e1maras funcionan con paneles solares. Capture im\u00e1genes claras y n\u00edtidas de d\u00eda y de noche, garantizando la seguridad y protecci\u00f3n de su negocio. Maximice su eficiencia y reduzca costos con estas c\u00e1maras ecol\u00f3gicas y confiables. Consiga una ventaja competitiva con las c\u00e1maras alimentadas por paneles solares y bater\u00edas de Bokysee.<\/p>\n<table width=\"876\">\n<tbody>\n<tr>\n<td width=\"162\">Modelo NO.<\/td>\n<td colspan=\"2\" width=\"714\">BK-LXS12P<\/td>\n<\/tr>\n<tr>\n<td width=\"162\">Categor\u00eda<\/td>\n<td width=\"211\">Tipo<\/td>\n<td width=\"503\">Par\u00e1metros<\/td>\n<\/tr>\n<tr>\n<td rowspan=\"3\" width=\"162\">Sistema<\/td>\n<td width=\"211\">Sistema operativo<\/td>\n<td width=\"503\">Linux<\/td>\n<\/tr>\n<tr>\n<td width=\"211\">Visitantes en l\u00ednea<\/td>\n<td width=\"503\">Soporte para 4 visitantes en l\u00ednea al mismo tiempo<\/td>\n<\/tr>\n<tr>\n<td width=\"211\">Aplicaci\u00f3n<\/td>\n<td width=\"503\">O-KAM \u2013 en el extranjero<\/td>\n<\/tr>\n<tr>\n<td rowspan=\"7\" width=\"162\">Colecci\u00f3n<\/td>\n<td width=\"211\">Procesador<\/td>\n<td width=\"503\">T31ZL<\/td>\n<\/tr>\n<tr>\n<td width=\"211\">Memoria<\/td>\n<td width=\"503\">512 Mb<\/td>\n<\/tr>\n<tr>\n<td width=\"211\">Sensor de imagen<\/td>\n<td width=\"503\">GC2063, 2 MP, CMOS de 1\/2,9<\/td>\n<\/tr>\n<tr>\n<td width=\"211\">Iluminaci\u00f3n m\u00ednima<\/td>\n<td width=\"503\">0,8Lux\/F1,\uff14 (modo Color), 0,3Lux\/F1,4 (modo ByN)<\/td>\n<\/tr>\n<tr>\n<td width=\"211\">Lente<\/td>\n<td width=\"503\">Lente est\u00e1ndar de 4 mm, 1G3P, IR-CUT integrado.<\/td>\n<\/tr>\n<tr>\n<td width=\"211\">Rendimiento de los sensores<\/td>\n<td width=\"503\">Soporta Balance de blancos autom\u00e1tico, Control autom\u00e1tico de ganancia, Compensaci\u00f3n autom\u00e1tica de contraluz<\/td>\n<\/tr>\n<tr>\n<td width=\"211\">\u00c1ngulo de visi\u00f3n<\/td>\n<td width=\"503\">D110\u00b0 diagonal<\/td>\n<\/tr>\n<tr>\n<td rowspan=\"6\" width=\"162\">Video<\/td>\n<td width=\"211\">Visi\u00f3n nocturna<\/td>\n<td width=\"503\">Visi\u00f3n nocturna en blanco y negro, Conmutaci\u00f3n autom\u00e1tica de IR-CUT, 6 piezas de luces LED IR de 850 nm, Distancia de irradiaci\u00f3n: 5 ~ 10 m<\/td>\n<\/tr>\n<tr>\n<td width=\"211\">Norma de compresi\u00f3n<\/td>\n<td width=\"503\">H.265 \/H.264 \/MJPEF\/JPEG<\/td>\n<\/tr>\n<tr>\n<td width=\"211\">Flujo multic\u00f3digo<\/td>\n<td width=\"503\"><a href=\"mailto:1080P@15fpsJPEG%E6%8A%93%E6%8B%8D\">1080p \/ 15 fps, 360p, captura JPEG<\/a><\/td>\n<\/tr>\n<tr>\n<td width=\"211\">Control IR<\/td>\n<td width=\"503\">IR encendido\u2013 la visi\u00f3n nocturna ON; Detecci\u00f3n autom\u00e1tica IR, ICR; IR apagado\u2013 la funci\u00f3n de visi\u00f3n nocturna desactivada\/ IR siempre OFF, ICR se fija en el modo de visi\u00f3n diurna.<\/td>\n<\/tr>\n<tr>\n<td width=\"211\">Tasa de bits<\/td>\n<td width=\"503\">CBR \/ VBR dos modos de control de velocidad, y el rango de velocidad de salida es de 128 ~ 4096kbps<\/td>\n<\/tr>\n<tr>\n<td width=\"211\">Ajuste de la imagen<\/td>\n<td width=\"503\">Brillo, contraste, vertical, horizontal ajustable, pantalla OSD<\/td>\n<\/tr>\n<tr>\n<td rowspan=\"4\" width=\"162\">Audio<\/td>\n<td width=\"211\">Entrada<\/td>\n<td width=\"503\">Micr\u00f3fono integrado de 38 dB<\/td>\n<\/tr>\n<tr>\n<td width=\"211\">Salida<\/td>\n<td width=\"503\">Altavoz incorporado de 8 \u03a9 y 1 W<\/td>\n<\/tr>\n<tr>\n<td width=\"211\">Frecuencia de muestreo \/ Anchura de bits<\/td>\n<td width=\"503\">8 kHz\/16 bits<\/td>\n<\/tr>\n<tr>\n<td width=\"211\">Norma de compresi\u00f3n \/ Tasa de bits<\/td>\n<td width=\"503\">G711A<\/td>\n<\/tr>\n<tr>\n<td rowspan=\"5\" width=\"162\">Rojo<\/td>\n<td width=\"211\">Protocolo de rojo<\/td>\n<td width=\"503\">Protocolos de transmisi\u00f3n: TCP\/IP, HTTP, TCP\/IP, UDP, DHCP, DNS, NTP, P2P, IPV4, etc.<\/td>\n<\/tr>\n<tr>\n<td width=\"211\">Red inal\u00e1mbrica<\/td>\n<td width=\"503\">IEEE802.11b\/g\/n<\/td>\n<\/tr>\n<tr>\n<td width=\"211\">Frecuencia inal\u00e1mbrica<\/td>\n<td width=\"503\">2,4~2,4835 GHz<\/td>\n<\/tr>\n<tr>\n<td width=\"211\">Cifrado de seguridad inal\u00e1mbrica<\/td>\n<td width=\"503\">Cifrado de datos WEP\/WPA-PSK\/WPA2-PSK de 64\/128 bits<\/td>\n<\/tr>\n<tr>\n<td width=\"211\">Conexi\u00f3n inal\u00e1mbrica<\/td>\n<td width=\"503\">Configuraci\u00f3n de la red de puntos de acceso AP, configuraci\u00f3n de la red de c\u00f3digos QR<\/td>\n<\/tr>\n<tr>\n<td rowspan=\"2\" width=\"162\">Clave<\/td>\n<td width=\"211\">Clave 1<\/td>\n<td width=\"503\">Encendido\/Apagado<\/td>\n<\/tr>\n<tr>\n<td width=\"211\">Tecla Reset<\/td>\n<td width=\"503\">Pulsaci\u00f3n larga para restaurar la configuraci\u00f3n de f\u00e1brica<\/td>\n<\/tr>\n<tr>\n<td width=\"162\">Almacenamiento<\/td>\n<td width=\"211\">Funci\u00f3n de almacenamiento<\/td>\n<td width=\"503\">Admite tarjeta T-Flash (hasta 256 GB)<\/td>\n<\/tr>\n<tr>\n<td width=\"162\">Alarma<\/td>\n<td width=\"211\">Detecci\u00f3n de alarma<\/td>\n<td width=\"503\">Soporta detecci\u00f3n humana PIR; Distancia de detecci\u00f3n: 6m<\/td>\n<\/tr>\n<tr>\n<td rowspan=\"6\" width=\"162\">Indicadores f\u00edsicos<\/td>\n<td width=\"211\">Tensi\u00f3n nominal<\/td>\n<td width=\"503\">DC5V\u00b15%.<\/td>\n<\/tr>\n<tr>\n<td width=\"211\">Alimentaci\u00f3n<\/td>\n<td width=\"503\">Viene con fuente de alimentaci\u00f3n de bater\u00eda de 15000mAh, bater\u00eda 3*21700, admite paneles solares externos de 5V<\/td>\n<\/tr>\n<tr>\n<td width=\"211\">Consumo de energ\u00eda<\/td>\n<td width=\"503\">Corriente de reposo 500uA, Corriente de trabajo: 390mA<\/td>\n<\/tr>\n<tr>\n<td width=\"211\">Entorno de trabajo<\/td>\n<td width=\"503\">Temperatura de trabajo: \u2013 10 ~ 55 \u2103, Humedad de trabajo &lt; 90%<\/td>\n<\/tr>\n<tr>\n<td width=\"211\">Peso<\/td>\n<td width=\"503\">Peso bruto: TBD (Nota: en especie prevalecer\u00e1)<\/td>\n<\/tr>\n<tr>\n<td width=\"211\">Lista de embalaje<\/td>\n<td width=\"503\">C\u00e1mara * 1, Soporte * 1, MICRO USB* 1, Manual * 1,(Panel solar*1, Soporte para panel solar*1 opcional)<\/td>\n<\/tr>\n<\/tbody>\n<\/table>\n<p>&nbsp;<\/p>\n<p>&nbsp;<\/p>\n<p>&nbsp;<\/p>\n<p>&nbsp;<\/p>\n<p>&nbsp;<\/p>","protected":false},"excerpt":{"rendered":"<p>* C\u00e1mara Bala con Panel Solar y Bater\u00eda de Baja Potencia<br \/>\n* Resoluci\u00f3n: 1080P (1920\u00d71080)<br \/>\n* Lente: 4 mm, IR-CUT integrado<br \/>\n* Red inal\u00e1mbrica 802.11b\/g\/n de 2,4 GHz<br \/>\n* Luces: 2 piezas LED IR + 2 piezas LED, 5-10 m de distancia IR<br \/>\n* Audio bidireccional, inicio r\u00e1pido, empieza a grabar en 1 segundo<br \/>\n* Sensor PIR incorporado, alerta de bajo consumo, despertador remoto<br \/>\n* Panel solar de 3,3 W<br \/>\n* 3 bater\u00edas recargables 21700, total 15000 mAh.<br \/>\n* Fuente de alimentaci\u00f3n: DC5V\u00b15%<br \/>\n* Soporta un m\u00e1ximo de 256G de tarjeta TF, almacenamiento gratuito en la nube (3 d\u00edas)<br \/>\n* Tama\u00f1o de la caja: 183x173x107mm Cart\u00f3n: 56x38x36.6cm 20pcs\/Cart\u00f3n<\/p>","protected":false},"featured_media":6521,"template":"","meta":[],"product_brand":[],"product_cat":[],"product_tag":[759,758,757],"class_list":{"0":"post-6725","1":"product","2":"type-product","3":"status-publish","4":"has-post-thumbnail","6":"product_tag-camara-de-seguridad-con-energia-solar","7":"product_tag-camara-de-seguridad-solar","8":"product_tag-camara-de-videovigilancia-solar","10":"first","11":"instock","12":"shipping-taxable","13":"product-type-simple"},"acf":[],"yoast_head":"<!-- This site is optimized with the Yoast SEO Premium plugin v20.2.1 (Yoast SEO v26.1.1) - https:\/\/yoast.com\/wordpress\/plugins\/seo\/ -->\n<title>C\u00e1maras Bullet de Videovigilancia de \u00faltima generaci\u00f3n alimentadas por paneles solares y bater\u00edas - Bokysee Technology Co.,LTD<\/title>\n<meta name=\"description\" content=\"Bokysee Solar Powered Built-In PIR Sensor de Video Vigilancia de Seguridad de Metal Bullet Bater\u00eda C\u00e1mara Con 3.3W Panel Solar\" \/>\n<meta name=\"robots\" content=\"index, follow, max-snippet:-1, max-image-preview:large, max-video-preview:-1\" \/>\n<link rel=\"canonical\" href=\"https:\/\/bokysee.com\/es\/products\/camaras-bullet-de-videovigilancia-de-ultima-generacion-alimentadas-por-paneles-solares-y-baterias\/\" \/>\n<meta property=\"og:locale\" content=\"es_ES\" \/>\n<meta property=\"og:type\" content=\"article\" \/>\n<meta property=\"og:title\" content=\"C\u00e1maras Bullet de Videovigilancia de \u00faltima generaci\u00f3n alimentadas por paneles solares y bater\u00edas\" \/>\n<meta property=\"og:description\" content=\"Bokysee Solar Powered Built-In PIR Sensor de Video Vigilancia de Seguridad de Metal Bullet Bater\u00eda C\u00e1mara Con 3.3W Panel Solar\" \/>\n<meta property=\"og:url\" content=\"https:\/\/bokysee.com\/es\/products\/camaras-bullet-de-videovigilancia-de-ultima-generacion-alimentadas-por-paneles-solares-y-baterias\/\" \/>\n<meta property=\"og:site_name\" content=\"Bokysee Technology Co.,LTD\" \/>\n<meta property=\"og:image\" content=\"https:\/\/bokysee.com\/wp-content\/uploads\/2023\/10\/BK-LXS12P-3.jpg\" \/>\n\t<meta property=\"og:image:width\" content=\"800\" \/>\n\t<meta property=\"og:image:height\" content=\"800\" \/>\n\t<meta property=\"og:image:type\" content=\"image\/jpeg\" \/>\n<meta name=\"twitter:card\" content=\"summary_large_image\" \/>\n<meta name=\"twitter:label1\" content=\"Tiempo de lectura\" \/>\n\t<meta name=\"twitter:data1\" content=\"3 minutos\" \/>\n<script type=\"application\/ld+json\" class=\"yoast-schema-graph\">{\"@context\":\"https:\/\/schema.org\",\"@graph\":[{\"@type\":\"WebPage\",\"@id\":\"https:\/\/bokysee.com\/es\/products\/camaras-bullet-de-videovigilancia-de-ultima-generacion-alimentadas-por-paneles-solares-y-baterias\/\",\"url\":\"https:\/\/bokysee.com\/es\/products\/camaras-bullet-de-videovigilancia-de-ultima-generacion-alimentadas-por-paneles-solares-y-baterias\/\",\"name\":\"C\u00e1maras Bullet de Videovigilancia de \u00faltima generaci\u00f3n alimentadas por paneles solares y bater\u00edas - Bokysee Technology Co.,LTD\",\"isPartOf\":{\"@id\":\"https:\/\/bokysee.com\/#website\"},\"primaryImageOfPage\":{\"@id\":\"https:\/\/bokysee.com\/es\/products\/camaras-bullet-de-videovigilancia-de-ultima-generacion-alimentadas-por-paneles-solares-y-baterias\/#primaryimage\"},\"image\":{\"@id\":\"https:\/\/bokysee.com\/es\/products\/camaras-bullet-de-videovigilancia-de-ultima-generacion-alimentadas-por-paneles-solares-y-baterias\/#primaryimage\"},\"thumbnailUrl\":\"https:\/\/bokysee.com\/wp-content\/uploads\/2023\/10\/BK-LXS12P-3.jpg\",\"datePublished\":\"2023-10-07T04:08:27+00:00\",\"description\":\"Bokysee Solar Powered Built-In PIR Sensor de Video Vigilancia de Seguridad de Metal Bullet Bater\u00eda C\u00e1mara Con 3.3W Panel Solar\",\"breadcrumb\":{\"@id\":\"https:\/\/bokysee.com\/es\/products\/camaras-bullet-de-videovigilancia-de-ultima-generacion-alimentadas-por-paneles-solares-y-baterias\/#breadcrumb\"},\"inLanguage\":\"es\",\"potentialAction\":[{\"@type\":\"ReadAction\",\"target\":[\"https:\/\/bokysee.com\/es\/products\/camaras-bullet-de-videovigilancia-de-ultima-generacion-alimentadas-por-paneles-solares-y-baterias\/\"]}]},{\"@type\":\"ImageObject\",\"inLanguage\":\"es\",\"@id\":\"https:\/\/bokysee.com\/es\/products\/camaras-bullet-de-videovigilancia-de-ultima-generacion-alimentadas-por-paneles-solares-y-baterias\/#primaryimage\",\"url\":\"https:\/\/bokysee.com\/wp-content\/uploads\/2023\/10\/BK-LXS12P-3.jpg\",\"contentUrl\":\"https:\/\/bokysee.com\/wp-content\/uploads\/2023\/10\/BK-LXS12P-3.jpg\",\"width\":800,\"height\":800},{\"@type\":\"BreadcrumbList\",\"@id\":\"https:\/\/bokysee.com\/es\/products\/camaras-bullet-de-videovigilancia-de-ultima-generacion-alimentadas-por-paneles-solares-y-baterias\/#breadcrumb\",\"itemListElement\":[{\"@type\":\"ListItem\",\"position\":1,\"name\":\"Home\",\"item\":\"https:\/\/bokysee.com\/\"},{\"@type\":\"ListItem\",\"position\":2,\"name\":\"Products\",\"item\":\"https:\/\/bokysee.com\/products\/\"},{\"@type\":\"ListItem\",\"position\":3,\"name\":\"C\u00e1maras Bullet de Videovigilancia de \u00faltima generaci\u00f3n alimentadas por paneles solares y bater\u00edas\"}]},{\"@type\":\"WebSite\",\"@id\":\"https:\/\/bokysee.com\/#website\",\"url\":\"https:\/\/bokysee.com\/\",\"name\":\"Bokysee Technology Co.,LTD\",\"description\":\"Professional Smart Indoor and Outdoor Security Cameras Solution Supplier\",\"potentialAction\":[{\"@type\":\"SearchAction\",\"target\":{\"@type\":\"EntryPoint\",\"urlTemplate\":\"https:\/\/bokysee.com\/?s={search_term_string}\"},\"query-input\":{\"@type\":\"PropertyValueSpecification\",\"valueRequired\":true,\"valueName\":\"search_term_string\"}}],\"inLanguage\":\"es\"}]}<\/script>\n<!-- \/ Yoast SEO Premium plugin. -->","yoast_head_json":{"title":"C\u00e1maras Bullet de Videovigilancia de \u00faltima generaci\u00f3n alimentadas por paneles solares y bater\u00edas - Bokysee Technology Co.,LTD","description":"Bokysee Solar Powered Built-In PIR Sensor de Video Vigilancia de Seguridad de Metal Bullet Bater\u00eda C\u00e1mara Con 3.3W Panel Solar","robots":{"index":"index","follow":"follow","max-snippet":"max-snippet:-1","max-image-preview":"max-image-preview:large","max-video-preview":"max-video-preview:-1"},"canonical":"https:\/\/bokysee.com\/es\/products\/camaras-bullet-de-videovigilancia-de-ultima-generacion-alimentadas-por-paneles-solares-y-baterias\/","og_locale":"es_ES","og_type":"article","og_title":"C\u00e1maras Bullet de Videovigilancia de \u00faltima generaci\u00f3n alimentadas por paneles solares y bater\u00edas","og_description":"Bokysee Solar Powered Built-In PIR Sensor de Video Vigilancia de Seguridad de Metal Bullet Bater\u00eda C\u00e1mara Con 3.3W Panel Solar","og_url":"https:\/\/bokysee.com\/es\/products\/camaras-bullet-de-videovigilancia-de-ultima-generacion-alimentadas-por-paneles-solares-y-baterias\/","og_site_name":"Bokysee Technology Co.,LTD","og_image":[{"width":800,"height":800,"url":"https:\/\/bokysee.com\/wp-content\/uploads\/2023\/10\/BK-LXS12P-3.jpg","type":"image\/jpeg"}],"twitter_card":"summary_large_image","twitter_misc":{"Tiempo de lectura":"3 minutos"},"schema":{"@context":"https:\/\/schema.org","@graph":[{"@type":"WebPage","@id":"https:\/\/bokysee.com\/es\/products\/camaras-bullet-de-videovigilancia-de-ultima-generacion-alimentadas-por-paneles-solares-y-baterias\/","url":"https:\/\/bokysee.com\/es\/products\/camaras-bullet-de-videovigilancia-de-ultima-generacion-alimentadas-por-paneles-solares-y-baterias\/","name":"C\u00e1maras Bullet de Videovigilancia de \u00faltima generaci\u00f3n alimentadas por paneles solares y bater\u00edas - Bokysee Technology Co.,LTD","isPartOf":{"@id":"https:\/\/bokysee.com\/#website"},"primaryImageOfPage":{"@id":"https:\/\/bokysee.com\/es\/products\/camaras-bullet-de-videovigilancia-de-ultima-generacion-alimentadas-por-paneles-solares-y-baterias\/#primaryimage"},"image":{"@id":"https:\/\/bokysee.com\/es\/products\/camaras-bullet-de-videovigilancia-de-ultima-generacion-alimentadas-por-paneles-solares-y-baterias\/#primaryimage"},"thumbnailUrl":"https:\/\/bokysee.com\/wp-content\/uploads\/2023\/10\/BK-LXS12P-3.jpg","datePublished":"2023-10-07T04:08:27+00:00","description":"Bokysee Solar Powered Built-In PIR Sensor de Video Vigilancia de Seguridad de Metal Bullet Bater\u00eda C\u00e1mara Con 3.3W Panel Solar","breadcrumb":{"@id":"https:\/\/bokysee.com\/es\/products\/camaras-bullet-de-videovigilancia-de-ultima-generacion-alimentadas-por-paneles-solares-y-baterias\/#breadcrumb"},"inLanguage":"es","potentialAction":[{"@type":"ReadAction","target":["https:\/\/bokysee.com\/es\/products\/camaras-bullet-de-videovigilancia-de-ultima-generacion-alimentadas-por-paneles-solares-y-baterias\/"]}]},{"@type":"ImageObject","inLanguage":"es","@id":"https:\/\/bokysee.com\/es\/products\/camaras-bullet-de-videovigilancia-de-ultima-generacion-alimentadas-por-paneles-solares-y-baterias\/#primaryimage","url":"https:\/\/bokysee.com\/wp-content\/uploads\/2023\/10\/BK-LXS12P-3.jpg","contentUrl":"https:\/\/bokysee.com\/wp-content\/uploads\/2023\/10\/BK-LXS12P-3.jpg","width":800,"height":800},{"@type":"BreadcrumbList","@id":"https:\/\/bokysee.com\/es\/products\/camaras-bullet-de-videovigilancia-de-ultima-generacion-alimentadas-por-paneles-solares-y-baterias\/#breadcrumb","itemListElement":[{"@type":"ListItem","position":1,"name":"Home","item":"https:\/\/bokysee.com\/"},{"@type":"ListItem","position":2,"name":"Products","item":"https:\/\/bokysee.com\/products\/"},{"@type":"ListItem","position":3,"name":"C\u00e1maras Bullet de Videovigilancia de \u00faltima generaci\u00f3n alimentadas por paneles solares y bater\u00edas"}]},{"@type":"WebSite","@id":"https:\/\/bokysee.com\/#website","url":"https:\/\/bokysee.com\/","name":"Bokysee Technology Co.,LTD","description":"Professional Smart Indoor and Outdoor Security Cameras Solution Supplier","potentialAction":[{"@type":"SearchAction","target":{"@type":"EntryPoint","urlTemplate":"https:\/\/bokysee.com\/?s={search_term_string}"},"query-input":{"@type":"PropertyValueSpecification","valueRequired":true,"valueName":"search_term_string"}}],"inLanguage":"es"}]}},"_links":{"self":[{"href":"https:\/\/bokysee.com\/es\/wp-json\/wp\/v2\/product\/6725","targetHints":{"allow":["GET"]}}],"collection":[{"href":"https:\/\/bokysee.com\/es\/wp-json\/wp\/v2\/product"}],"about":[{"href":"https:\/\/bokysee.com\/es\/wp-json\/wp\/v2\/types\/product"}],"version-history":[{"count":0,"href":"https:\/\/bokysee.com\/es\/wp-json\/wp\/v2\/product\/6725\/revisions"}],"wp:featuredmedia":[{"embeddable":true,"href":"https:\/\/bokysee.com\/es\/wp-json\/wp\/v2\/media\/6521"}],"wp:attachment":[{"href":"https:\/\/bokysee.com\/es\/wp-json\/wp\/v2\/media?parent=6725"}],"wp:term":[{"taxonomy":"product_brand","embeddable":true,"href":"https:\/\/bokysee.com\/es\/wp-json\/wp\/v2\/product_brand?post=6725"},{"taxonomy":"product_cat","embeddable":true,"href":"https:\/\/bokysee.com\/es\/wp-json\/wp\/v2\/product_cat?post=6725"},{"taxonomy":"product_tag","embeddable":true,"href":"https:\/\/bokysee.com\/es\/wp-json\/wp\/v2\/product_tag?post=6725"}],"curies":[{"name":"wp","href":"https:\/\/api.w.org\/{rel}","templated":true}]}}