{"id":6724,"date":"2023-10-07T11:07:47","date_gmt":"2023-10-07T03:07:47","guid":{"rendered":"https:\/\/bokysee.com\/products\/el-mejor-sistema-de-camaras-de-seguridad-poe-tipo-bala-para-exteriores-con-wdr-y-reduccion-de-ruido-digital\/"},"modified":"2023-10-07T11:07:47","modified_gmt":"2023-10-07T03:07:47","slug":"mejor-sistema-de-camara-de-seguridad-para-exterior-con-wdr-y-reduccion-digital-del-ruido","status":"publish","type":"product","link":"https:\/\/bokysee.com\/es\/products\/mejor-sistema-de-camara-de-seguridad-para-exterior-con-wdr-y-reduccion-digital-del-ruido\/","title":{"rendered":"El mejor sistema de c\u00e1maras de seguridad PoE tipo bala para exteriores con WDR y reducci\u00f3n de ruido digital."},"content":{"rendered":"<p>El mejor sistema de c\u00e1maras de seguridad PoE tipo bala para exteriores con WDR y reducci\u00f3n de ruido digital.<\/p>\n<p>Un sistema de seguridad dom\u00e9stico Power-over-Ethernet (PoE) no es como cualquier otro sistema de seguridad. Le permite vigilar su entorno con un conjunto de c\u00e1maras de Protocolo de Internet (IP), cada una conectada a una grabadora de v\u00eddeo en red (NVR) a trav\u00e9s de un \u00fanico cable Ethernet que suministra tanto energ\u00eda el\u00e9ctrica como conectividad de red. La tecnolog\u00eda PoE simplifica el mantenimiento y la instalaci\u00f3n del sistema de seguridad.<\/p>\n<table width=\"766\">\n<tbody>\n<tr>\n<td colspan=\"2\" width=\"207\">Modelo<\/td>\n<td width=\"205\">BK-IPE05B3M<\/td>\n<td width=\"156\">BK-IPE05B5M<\/td>\n<td width=\"197\">BK-IPE05B8M<\/td>\n<\/tr>\n<tr>\n<td colspan=\"2\" width=\"207\">Sensor<\/td>\n<td width=\"205\">Sensor CMOS de 1\/2,9<\/td>\n<td width=\"156\">Sensor CMOS de 1\/2,8<\/td>\n<td width=\"197\">Sensor CMOS de 1\/3<\/td>\n<\/tr>\n<tr>\n<td colspan=\"2\" width=\"207\">Lente<\/td>\n<td colspan=\"3\" width=\"559\">3,6 mm (6\/8\/12 mm opcional)<\/td>\n<\/tr>\n<tr>\n<td colspan=\"2\" width=\"207\">L\u00e1mpara IR<\/td>\n<td colspan=\"3\" width=\"559\">L\u00e1mpara Array de 2 piezas<\/td>\n<\/tr>\n<tr>\n<td colspan=\"2\" width=\"207\">P\u00edxel<\/td>\n<td width=\"205\">3MP<\/td>\n<td width=\"156\">5MP<\/td>\n<td width=\"197\">8MP<\/td>\n<\/tr>\n<tr>\n<td rowspan=\"2\" width=\"92\">C\u00f3digo<\/td>\n<td width=\"115\">Corriente principal<\/td>\n<td><a href=\"mailto:2304x1296@20fps\">2304\u00d71296 a 20 fps<\/a><\/td>\n<td width=\"156\">2560*1920 a 20 fps<\/td>\n<td width=\"197\">3840*2160 a 20 fps<\/td>\n<\/tr>\n<tr>\n<td width=\"115\">Subflujo<\/td>\n<td width=\"205\">640*360 a 25 fps<\/td>\n<td width=\"156\">640*360 a 25 fps<\/td>\n<td width=\"197\">640*360 a 25 fps<\/td>\n<\/tr>\n<tr>\n<td colspan=\"2\" width=\"207\">Codificaci\u00f3n de v\u00eddeo<\/td>\n<td colspan=\"3\" width=\"559\">Codificaci\u00f3n de v\u00eddeo H.264\/H.265, compatible con secuencias duales<\/td>\n<\/tr>\n<tr>\n<td colspan=\"2\" width=\"207\">Relaci\u00f3n se\u00f1al-ruido<\/td>\n<td colspan=\"3\" width=\"559\">  2D\/3D<\/td>\n<\/tr>\n<tr>\n<td colspan=\"2\" width=\"207\">Persiana<\/td>\n<td colspan=\"3\" width=\"559\">Autom\u00e1tico<\/td>\n<\/tr>\n<tr>\n<td colspan=\"2\" width=\"207\">Visi\u00f3n nocturna<\/td>\n<td colspan=\"3\" width=\"559\">Inteligente\/Infrarrojos\/Todo color (Opcional)<\/td>\n<\/tr>\n<tr>\n<td colspan=\"2\" width=\"207\">Distancia IR<\/td>\n<td colspan=\"3\" width=\"559\">20 metros (M\u00c1XIMO)<\/td>\n<\/tr>\n<tr>\n<td colspan=\"2\" width=\"207\">Amplio rango din\u00e1mico (WDR)<\/td>\n<td colspan=\"3\" width=\"559\">Soporte digital de amplio rango din\u00e1mico<\/td>\n<\/tr>\n<tr>\n<td colspan=\"2\" width=\"207\">Entrada de audio<\/td>\n<td colspan=\"3\" width=\"559\">N\/A (entrada de micr\u00f3fono de 1 canal opcional)<\/td>\n<\/tr>\n<tr>\n<td colspan=\"2\" width=\"207\">Salida de audio<\/td>\n<td colspan=\"3\" width=\"559\">N\/A (salida de altavoz de 1 canal opcional)<\/td>\n<\/tr>\n<tr>\n<td colspan=\"2\" width=\"207\">Protocolo de rojo<\/td>\n<td colspan=\"3\" width=\"559\">HTTP, HTTPS, TCP, IPV4, IPV6, UDP, RTSP, ICMP, RTP, DHCP, ARP, DNS, QoS<\/td>\n<\/tr>\n<tr>\n<td colspan=\"2\" width=\"207\">Funci\u00f3n<\/td>\n<td colspan=\"3\" width=\"559\">Detecci\u00f3n humanoide, detecci\u00f3n de movimiento; env\u00edo de informaci\u00f3n de alarma; admite captura MJPEG; admite tel\u00e9fono m\u00f3vil, monitorizaci\u00f3n remota WEBclient<\/td>\n<\/tr>\n<tr>\n<td colspan=\"2\" width=\"207\">Acuerdo<\/td>\n<td colspan=\"3\" width=\"559\">Compatible con ONVIF, protocolos privados<\/td>\n<\/tr>\n<tr>\n<td colspan=\"2\" width=\"207\">Puerto de rojo<\/td>\n<td colspan=\"3\" width=\"559\">RJ45 (10\/100Base-T)<\/td>\n<\/tr>\n<tr>\n<td colspan=\"2\" width=\"207\">Fuente de alimentaci\u00f3n<\/td>\n<td colspan=\"3\" width=\"559\">Fuente de alimentaci\u00f3n DC12V\/POE<\/td>\n<\/tr>\n<tr>\n<td colspan=\"2\" width=\"207\">Impermeable<\/td>\n<td colspan=\"3\" width=\"559\">IP66<\/td>\n<\/tr>\n<tr>\n<td colspan=\"2\" width=\"207\">Material<\/td>\n<td colspan=\"3\" width=\"559\">Metal<\/td>\n<\/tr>\n<tr>\n<td colspan=\"2\" width=\"207\">Entorno de trabajo<\/td>\n<td colspan=\"3\" width=\"559\">Temperatura: -4\u00b0F~140\u00b0F, Humedad: 10% ~ 90% (sin condensaci\u00f3n)<\/td>\n<\/tr>\n<tr>\n<td colspan=\"2\" width=\"207\">Tama\u00f1o del producto<\/td>\n<td colspan=\"3\" width=\"559\">194*102*98 mm<\/td>\n<\/tr>\n<tr>\n<td colspan=\"2\" width=\"207\">Embalaje Tama\u00f1o\/Peso<\/td>\n<td colspan=\"3\" width=\"559\">54*43*47cm \/ 50 piezas<\/td>\n<\/tr>\n<\/tbody>\n<\/table>\n<p>&nbsp;<\/p>\n<p>&nbsp;<\/p>\n<p>&nbsp;<\/p>\n<p>&nbsp;<\/p>\n<p>&nbsp;<\/p>\n<p>&nbsp;<\/p>","protected":false},"excerpt":{"rendered":"<p>\u25cf C\u00e1maras IP POE Bullet met\u00e1licas<br \/>\n\u25cf Resoluci\u00f3n: 2,0MP\/3,0MP\/5,0MP\/8,0MP<br \/>\n\u25cf Lente: 3,6MM<br \/>\n\u25cf Matriz de infrarrojos de 2 LED<br \/>\n\u25cf D\u00eda y Noche: Color\/B\/N<br \/>\n\u25cf Alimentaci\u00f3n:POE\/ DC12V-1A<br \/>\n\u25cf Audio: N\/A (opcional)<br \/>\n\u25cf Soporte Onvif<br \/>\n\u25cf Soporte Onvif<\/p>","protected":false},"featured_media":6477,"template":"","meta":[],"product_brand":[],"product_cat":[],"product_tag":[756,755,691],"class_list":{"0":"post-6724","1":"product","2":"type-product","3":"status-publish","4":"has-post-thumbnail","6":"product_tag-camara-poe-exterior","7":"product_tag-camara-wifi-camara-ip-inalambrica-hd","8":"product_tag-sistema-de-camaras-de-seguridad-poe","10":"first","11":"instock","12":"shipping-taxable","13":"product-type-simple"},"acf":[],"yoast_head":"<!-- This site is optimized with the Yoast SEO Premium plugin v20.2.1 (Yoast SEO v26.1.1) - https:\/\/yoast.com\/wordpress\/plugins\/seo\/ -->\n<title>El mejor sistema de c\u00e1maras de seguridad PoE tipo bala para exteriores con WDR y reducci\u00f3n de ruido digital - Bokysee Technology Co.,LTD<\/title>\n<meta name=\"description\" content=\"Best HOT Selling Estilo bala 5.0MP 8.0MP Metal PoE Sistema de c\u00e1maras IP de seguridad para exteriores con WDR y reducci\u00f3n de ruido digital\" \/>\n<meta name=\"robots\" content=\"index, follow, max-snippet:-1, max-image-preview:large, max-video-preview:-1\" \/>\n<link rel=\"canonical\" href=\"https:\/\/bokysee.com\/es\/products\/el-mejor-sistema-de-camaras-de-seguridad-poe-tipo-bala-para-exteriores-con-wdr-y-reduccion-de-ruido-digital\/\" \/>\n<meta property=\"og:locale\" content=\"es_ES\" \/>\n<meta property=\"og:type\" content=\"article\" \/>\n<meta property=\"og:title\" content=\"El mejor sistema de c\u00e1maras de seguridad PoE tipo bala para exteriores con WDR y reducci\u00f3n de ruido digital\" \/>\n<meta property=\"og:description\" content=\"Best HOT Selling Estilo bala 5.0MP 8.0MP Metal PoE Sistema de c\u00e1maras IP de seguridad para exteriores con WDR y reducci\u00f3n de ruido digital\" \/>\n<meta property=\"og:url\" content=\"https:\/\/bokysee.com\/es\/products\/el-mejor-sistema-de-camaras-de-seguridad-poe-tipo-bala-para-exteriores-con-wdr-y-reduccion-de-ruido-digital\/\" \/>\n<meta property=\"og:site_name\" content=\"Bokysee Technology Co.,LTD\" \/>\n<meta property=\"og:image\" content=\"https:\/\/bokysee.com\/wp-content\/uploads\/2023\/10\/A25.jpg\" \/>\n\t<meta property=\"og:image:width\" content=\"800\" \/>\n\t<meta property=\"og:image:height\" content=\"800\" \/>\n\t<meta property=\"og:image:type\" content=\"image\/jpeg\" \/>\n<meta name=\"twitter:card\" content=\"summary_large_image\" \/>\n<meta name=\"twitter:label1\" content=\"Tiempo de lectura\" \/>\n\t<meta name=\"twitter:data1\" content=\"2 minutos\" \/>\n<script type=\"application\/ld+json\" class=\"yoast-schema-graph\">{\"@context\":\"https:\/\/schema.org\",\"@graph\":[{\"@type\":\"WebPage\",\"@id\":\"https:\/\/bokysee.com\/es\/products\/el-mejor-sistema-de-camaras-de-seguridad-poe-tipo-bala-para-exteriores-con-wdr-y-reduccion-de-ruido-digital\/\",\"url\":\"https:\/\/bokysee.com\/es\/products\/el-mejor-sistema-de-camaras-de-seguridad-poe-tipo-bala-para-exteriores-con-wdr-y-reduccion-de-ruido-digital\/\",\"name\":\"El mejor sistema de c\u00e1maras de seguridad PoE tipo bala para exteriores con WDR y reducci\u00f3n de ruido digital - Bokysee Technology Co.,LTD\",\"isPartOf\":{\"@id\":\"https:\/\/bokysee.com\/#website\"},\"primaryImageOfPage\":{\"@id\":\"https:\/\/bokysee.com\/es\/products\/el-mejor-sistema-de-camaras-de-seguridad-poe-tipo-bala-para-exteriores-con-wdr-y-reduccion-de-ruido-digital\/#primaryimage\"},\"image\":{\"@id\":\"https:\/\/bokysee.com\/es\/products\/el-mejor-sistema-de-camaras-de-seguridad-poe-tipo-bala-para-exteriores-con-wdr-y-reduccion-de-ruido-digital\/#primaryimage\"},\"thumbnailUrl\":\"https:\/\/bokysee.com\/wp-content\/uploads\/2023\/10\/A25.jpg\",\"datePublished\":\"2023-10-07T03:07:47+00:00\",\"description\":\"Best HOT Selling Estilo bala 5.0MP 8.0MP Metal PoE Sistema de c\u00e1maras IP de seguridad para exteriores con WDR y reducci\u00f3n de ruido digital\",\"breadcrumb\":{\"@id\":\"https:\/\/bokysee.com\/es\/products\/el-mejor-sistema-de-camaras-de-seguridad-poe-tipo-bala-para-exteriores-con-wdr-y-reduccion-de-ruido-digital\/#breadcrumb\"},\"inLanguage\":\"es\",\"potentialAction\":[{\"@type\":\"ReadAction\",\"target\":[\"https:\/\/bokysee.com\/es\/products\/el-mejor-sistema-de-camaras-de-seguridad-poe-tipo-bala-para-exteriores-con-wdr-y-reduccion-de-ruido-digital\/\"]}]},{\"@type\":\"ImageObject\",\"inLanguage\":\"es\",\"@id\":\"https:\/\/bokysee.com\/es\/products\/el-mejor-sistema-de-camaras-de-seguridad-poe-tipo-bala-para-exteriores-con-wdr-y-reduccion-de-ruido-digital\/#primaryimage\",\"url\":\"https:\/\/bokysee.com\/wp-content\/uploads\/2023\/10\/A25.jpg\",\"contentUrl\":\"https:\/\/bokysee.com\/wp-content\/uploads\/2023\/10\/A25.jpg\",\"width\":800,\"height\":800},{\"@type\":\"BreadcrumbList\",\"@id\":\"https:\/\/bokysee.com\/es\/products\/el-mejor-sistema-de-camaras-de-seguridad-poe-tipo-bala-para-exteriores-con-wdr-y-reduccion-de-ruido-digital\/#breadcrumb\",\"itemListElement\":[{\"@type\":\"ListItem\",\"position\":1,\"name\":\"Home\",\"item\":\"https:\/\/bokysee.com\/\"},{\"@type\":\"ListItem\",\"position\":2,\"name\":\"Products\",\"item\":\"https:\/\/bokysee.com\/products\/\"},{\"@type\":\"ListItem\",\"position\":3,\"name\":\"El mejor sistema de c\u00e1maras de seguridad PoE tipo bala para exteriores con WDR y reducci\u00f3n de ruido digital\"}]},{\"@type\":\"WebSite\",\"@id\":\"https:\/\/bokysee.com\/#website\",\"url\":\"https:\/\/bokysee.com\/\",\"name\":\"Bokysee Technology Co.,LTD\",\"description\":\"Professional Smart Indoor and Outdoor Security Cameras Solution Supplier\",\"potentialAction\":[{\"@type\":\"SearchAction\",\"target\":{\"@type\":\"EntryPoint\",\"urlTemplate\":\"https:\/\/bokysee.com\/?s={search_term_string}\"},\"query-input\":{\"@type\":\"PropertyValueSpecification\",\"valueRequired\":true,\"valueName\":\"search_term_string\"}}],\"inLanguage\":\"es\"}]}<\/script>\n<!-- \/ Yoast SEO Premium plugin. -->","yoast_head_json":{"title":"El mejor sistema de c\u00e1maras de seguridad PoE tipo bala para exteriores con WDR y reducci\u00f3n de ruido digital - Bokysee Technology Co.,LTD","description":"Best HOT Selling Estilo bala 5.0MP 8.0MP Metal PoE Sistema de c\u00e1maras IP de seguridad para exteriores con WDR y reducci\u00f3n de ruido digital","robots":{"index":"index","follow":"follow","max-snippet":"max-snippet:-1","max-image-preview":"max-image-preview:large","max-video-preview":"max-video-preview:-1"},"canonical":"https:\/\/bokysee.com\/es\/products\/el-mejor-sistema-de-camaras-de-seguridad-poe-tipo-bala-para-exteriores-con-wdr-y-reduccion-de-ruido-digital\/","og_locale":"es_ES","og_type":"article","og_title":"El mejor sistema de c\u00e1maras de seguridad PoE tipo bala para exteriores con WDR y reducci\u00f3n de ruido digital","og_description":"Best HOT Selling Estilo bala 5.0MP 8.0MP Metal PoE Sistema de c\u00e1maras IP de seguridad para exteriores con WDR y reducci\u00f3n de ruido digital","og_url":"https:\/\/bokysee.com\/es\/products\/el-mejor-sistema-de-camaras-de-seguridad-poe-tipo-bala-para-exteriores-con-wdr-y-reduccion-de-ruido-digital\/","og_site_name":"Bokysee Technology Co.,LTD","og_image":[{"width":800,"height":800,"url":"https:\/\/bokysee.com\/wp-content\/uploads\/2023\/10\/A25.jpg","type":"image\/jpeg"}],"twitter_card":"summary_large_image","twitter_misc":{"Tiempo de lectura":"2 minutos"},"schema":{"@context":"https:\/\/schema.org","@graph":[{"@type":"WebPage","@id":"https:\/\/bokysee.com\/es\/products\/el-mejor-sistema-de-camaras-de-seguridad-poe-tipo-bala-para-exteriores-con-wdr-y-reduccion-de-ruido-digital\/","url":"https:\/\/bokysee.com\/es\/products\/el-mejor-sistema-de-camaras-de-seguridad-poe-tipo-bala-para-exteriores-con-wdr-y-reduccion-de-ruido-digital\/","name":"El mejor sistema de c\u00e1maras de seguridad PoE tipo bala para exteriores con WDR y reducci\u00f3n de ruido digital - Bokysee Technology Co.,LTD","isPartOf":{"@id":"https:\/\/bokysee.com\/#website"},"primaryImageOfPage":{"@id":"https:\/\/bokysee.com\/es\/products\/el-mejor-sistema-de-camaras-de-seguridad-poe-tipo-bala-para-exteriores-con-wdr-y-reduccion-de-ruido-digital\/#primaryimage"},"image":{"@id":"https:\/\/bokysee.com\/es\/products\/el-mejor-sistema-de-camaras-de-seguridad-poe-tipo-bala-para-exteriores-con-wdr-y-reduccion-de-ruido-digital\/#primaryimage"},"thumbnailUrl":"https:\/\/bokysee.com\/wp-content\/uploads\/2023\/10\/A25.jpg","datePublished":"2023-10-07T03:07:47+00:00","description":"Best HOT Selling Estilo bala 5.0MP 8.0MP Metal PoE Sistema de c\u00e1maras IP de seguridad para exteriores con WDR y reducci\u00f3n de ruido digital","breadcrumb":{"@id":"https:\/\/bokysee.com\/es\/products\/el-mejor-sistema-de-camaras-de-seguridad-poe-tipo-bala-para-exteriores-con-wdr-y-reduccion-de-ruido-digital\/#breadcrumb"},"inLanguage":"es","potentialAction":[{"@type":"ReadAction","target":["https:\/\/bokysee.com\/es\/products\/el-mejor-sistema-de-camaras-de-seguridad-poe-tipo-bala-para-exteriores-con-wdr-y-reduccion-de-ruido-digital\/"]}]},{"@type":"ImageObject","inLanguage":"es","@id":"https:\/\/bokysee.com\/es\/products\/el-mejor-sistema-de-camaras-de-seguridad-poe-tipo-bala-para-exteriores-con-wdr-y-reduccion-de-ruido-digital\/#primaryimage","url":"https:\/\/bokysee.com\/wp-content\/uploads\/2023\/10\/A25.jpg","contentUrl":"https:\/\/bokysee.com\/wp-content\/uploads\/2023\/10\/A25.jpg","width":800,"height":800},{"@type":"BreadcrumbList","@id":"https:\/\/bokysee.com\/es\/products\/el-mejor-sistema-de-camaras-de-seguridad-poe-tipo-bala-para-exteriores-con-wdr-y-reduccion-de-ruido-digital\/#breadcrumb","itemListElement":[{"@type":"ListItem","position":1,"name":"Home","item":"https:\/\/bokysee.com\/"},{"@type":"ListItem","position":2,"name":"Products","item":"https:\/\/bokysee.com\/products\/"},{"@type":"ListItem","position":3,"name":"El mejor sistema de c\u00e1maras de seguridad PoE tipo bala para exteriores con WDR y reducci\u00f3n de ruido digital"}]},{"@type":"WebSite","@id":"https:\/\/bokysee.com\/#website","url":"https:\/\/bokysee.com\/","name":"Bokysee Technology Co.,LTD","description":"Professional Smart Indoor and Outdoor Security Cameras Solution Supplier","potentialAction":[{"@type":"SearchAction","target":{"@type":"EntryPoint","urlTemplate":"https:\/\/bokysee.com\/?s={search_term_string}"},"query-input":{"@type":"PropertyValueSpecification","valueRequired":true,"valueName":"search_term_string"}}],"inLanguage":"es"}]}},"_links":{"self":[{"href":"https:\/\/bokysee.com\/es\/wp-json\/wp\/v2\/product\/6724","targetHints":{"allow":["GET"]}}],"collection":[{"href":"https:\/\/bokysee.com\/es\/wp-json\/wp\/v2\/product"}],"about":[{"href":"https:\/\/bokysee.com\/es\/wp-json\/wp\/v2\/types\/product"}],"version-history":[{"count":0,"href":"https:\/\/bokysee.com\/es\/wp-json\/wp\/v2\/product\/6724\/revisions"}],"wp:featuredmedia":[{"embeddable":true,"href":"https:\/\/bokysee.com\/es\/wp-json\/wp\/v2\/media\/6477"}],"wp:attachment":[{"href":"https:\/\/bokysee.com\/es\/wp-json\/wp\/v2\/media?parent=6724"}],"wp:term":[{"taxonomy":"product_brand","embeddable":true,"href":"https:\/\/bokysee.com\/es\/wp-json\/wp\/v2\/product_brand?post=6724"},{"taxonomy":"product_cat","embeddable":true,"href":"https:\/\/bokysee.com\/es\/wp-json\/wp\/v2\/product_cat?post=6724"},{"taxonomy":"product_tag","embeddable":true,"href":"https:\/\/bokysee.com\/es\/wp-json\/wp\/v2\/product_tag?post=6724"}],"curies":[{"name":"wp","href":"https:\/\/api.w.org\/{rel}","templated":true}]}}