{"id":6712,"date":"2023-10-07T11:46:58","date_gmt":"2023-10-07T03:46:58","guid":{"rendered":"https:\/\/bokysee.com\/products\/cupula-de-plastico-ir-ahd-camara-de-video-digital-con-audio-para-sistema-de-grabacion-de-seguridad\/"},"modified":"2023-10-07T11:46:58","modified_gmt":"2023-10-07T03:46:58","slug":"camara-de-video-digital-con-audio-para-sistema-de-grabacion-de-seguridad","status":"publish","type":"product","link":"https:\/\/bokysee.com\/es\/products\/camara-de-video-digital-con-audio-para-sistema-de-grabacion-de-seguridad\/","title":{"rendered":"C\u00fapula de pl\u00e1stico IR AHD C\u00e1mara de v\u00eddeo digital con audio para sistema de grabaci\u00f3n de seguridad"},"content":{"rendered":"<p>C\u00fapula de pl\u00e1stico IR AHD C\u00e1mara de v\u00eddeo digital con audio para sistema de grabaci\u00f3n de seguridad<\/p>\n<p>Nuestras c\u00e1maras AHD admiten 4 formatos de se\u00f1al de v\u00eddeo: AHD, CVI, TVI y CVBS. AHD es el est\u00e1ndar popular en todo el mundo, compatible con cualquier DVR AHD. CVI y TVI son formatos similares utilizados por otras marcas, mientras que CVBS es el antiguo v\u00eddeo anal\u00f3gico. Conmute las se\u00f1ales mediante el pulsador o un DVR con protocolo UTC. En algunas c\u00e1maras puede ser necesario ajustar el men\u00fa OSD. Aseg\u00farese de que su DVR admita la resoluci\u00f3n est\u00e1ndar antes de comprarlo.<\/p>\n<table width=\"978\">\n<tbody>\n<tr>\n<td width=\"268\">N\u00famero de modelo<\/td>\n<td width=\"257\">BK-AHD08D2MP<\/td>\n<td width=\"257\">BK-AHD08D5MP<\/td>\n<td width=\"196\">BK-AHD08D8MP<\/td>\n<\/tr>\n<tr>\n<td width=\"268\">Sensor<\/td>\n<td width=\"257\">Sensor CMOS de 1\/2,9<\/td>\n<td colspan=\"2\" width=\"453\">Sensor CMOS de 1\/3<\/td>\n<\/tr>\n<tr>\n<td width=\"268\">Lente<\/td>\n<td colspan=\"3\" width=\"710\">3,6 mm (2,8 mm\/6 mm opcional)<\/td>\n<\/tr>\n<tr>\n<td width=\"268\">L\u00e1mpara IR<\/td>\n<td colspan=\"3\" width=\"710\">2 Matrices IR<\/td>\n<\/tr>\n<tr>\n<td width=\"268\">P\u00edxel<\/td>\n<td width=\"257\">2MP<\/td>\n<td width=\"257\">5MP<\/td>\n<td width=\"196\">8MP<\/td>\n<\/tr>\n<tr>\n<td width=\"268\">Disrupci\u00f3n<\/td>\n<td width=\"257\">1920x1080P<\/td>\n<td>2560*1920<\/td>\n<td width=\"196\">3840*2160<\/td>\n<\/tr>\n<tr>\n<td width=\"268\">Modo de se\u00f1al<\/td>\n<td colspan=\"3\" width=\"710\">AHD\/TVI\/CVI\/CVBS<\/td>\n<\/tr>\n<tr>\n<td width=\"268\">Est\u00e1ndar<\/td>\n<td colspan=\"3\" width=\"710\">PAL\/NTSC<\/td>\n<\/tr>\n<tr>\n<td width=\"268\">Comunicaci\u00f3n UTC<\/td>\n<td colspan=\"3\" width=\"710\">soporte<\/td>\n<\/tr>\n<tr>\n<td width=\"268\">Conmutaci\u00f3n HD<\/td>\n<td colspan=\"3\" width=\"710\">Compatible con OSD\/KEY\/cambio de c\u00f3digo de teclas\/conmutaci\u00f3n de una tecla\/modo UTC<\/td>\n<\/tr>\n<tr>\n<td width=\"268\">Funci\u00f3n de men\u00fa<\/td>\n<td colspan=\"3\" width=\"710\">OSD\/Botones<\/td>\n<\/tr>\n<tr>\n<td width=\"268\">Idioma<\/td>\n<td colspan=\"3\" width=\"710\">Ingl\u00e9s\/Chino\/Coreano\/etc.<\/td>\n<\/tr>\n<tr>\n<td width=\"268\">N\u00famero de serie<\/td>\n<td colspan=\"3\" width=\"710\">2D<\/td>\n<\/tr>\n<tr>\n<td width=\"268\">Amplio rango din\u00e1mico (WDR)<\/td>\n<td colspan=\"3\" width=\"710\">adaptable<\/td>\n<\/tr>\n<tr>\n<td width=\"268\">Salida de v\u00eddeo<\/td>\n<td colspan=\"3\" width=\"710\">AHD\/TVI\/CVI\/CVBS<\/td>\n<\/tr>\n<tr>\n<td width=\"268\">Fuente de alimentaci\u00f3n<\/td>\n<td colspan=\"3\" width=\"710\">CC 12 V-1 A<\/td>\n<\/tr>\n<tr>\n<td width=\"268\">Impermeable<\/td>\n<td colspan=\"3\" width=\"710\">IP66<\/td>\n<\/tr>\n<tr>\n<td width=\"268\">Material<\/td>\n<td colspan=\"3\" width=\"710\">C\u00e1scara de Metel<\/td>\n<\/tr>\n<tr>\n<td width=\"268\">Entorno de trabajo<\/td>\n<td colspan=\"3\" width=\"710\">Temperatura: &#039;-20\u00b0C ~ 60\u00b0C, humedad: 10% ~ 90% (sin condensaci\u00f3n)<\/td>\n<\/tr>\n<\/tbody>\n<\/table>\n<p>&nbsp;<\/p>\n<p>&nbsp;<\/p>\n<p>&nbsp;<\/p>\n<p>&nbsp;<\/p>\n<p>&nbsp;<\/p>\n<p>&nbsp;<\/p>\n<p>&nbsp;<\/p>","protected":false},"excerpt":{"rendered":"<p>\u25cf C\u00e1mara AHD domo IR de pl\u00e1stico<br \/>\n\u25cf Resoluci\u00f3n: 1.0MP\/2.0MP\/5.0MP\/8.0MP<br \/>\n\u25cf Lente: 3,6MM<br \/>\n\u25cf 2 IR de matriz<br \/>\n\u25cf Bala resistente al agua IP66<br \/>\n\u25cf D\u00eda&amp;Noche:Color\/B\/N(Inteligente Opcional)<br \/>\n\u25cf Alimentaci\u00f3n: DC12V-1A<br \/>\n\u25cf Audio: N\/A (opcional)<\/p>","protected":false},"featured_media":6492,"template":"","meta":[],"product_brand":[],"product_cat":[705],"product_tag":[706,708],"class_list":{"0":"post-6712","1":"product","2":"type-product","3":"status-publish","4":"has-post-thumbnail","6":"product_cat-camaras-domo-ahd","7":"product_tag-camara-de-video-digital-ahd","8":"product_tag-sistema-de-grabacion-de-seguridad-ahd","10":"first","11":"instock","12":"shipping-taxable","13":"product-type-simple"},"acf":[],"yoast_head":"<!-- This site is optimized with the Yoast SEO Premium plugin v20.2.1 (Yoast SEO v26.1.1) - https:\/\/yoast.com\/wordpress\/plugins\/seo\/ -->\n<title>C\u00fapula de pl\u00e1stico IR AHD C\u00e1mara de v\u00eddeo digital con audio para sistema de grabaci\u00f3n de seguridad - Bokysee Technology Co.,LTD<\/title>\n<meta name=\"description\" content=\"2MP 5MP Domo C\u00e1maras de Seguridad H\u00edbrido 4 en 1 HD-CVI\/TVI\/AHD\/960H Anal\u00f3gico CVBS D\u00eda Noche Vigilancia CCTV C\u00e1mara\" \/>\n<meta name=\"robots\" content=\"index, follow, max-snippet:-1, max-image-preview:large, max-video-preview:-1\" \/>\n<link rel=\"canonical\" href=\"https:\/\/bokysee.com\/es\/products\/cupula-de-plastico-ir-ahd-camara-de-video-digital-con-audio-para-sistema-de-grabacion-de-seguridad\/\" \/>\n<meta property=\"og:locale\" content=\"es_ES\" \/>\n<meta property=\"og:type\" content=\"article\" \/>\n<meta property=\"og:title\" content=\"C\u00fapula de pl\u00e1stico IR AHD C\u00e1mara de v\u00eddeo digital con audio para sistema de grabaci\u00f3n de seguridad\" \/>\n<meta property=\"og:description\" content=\"2MP 5MP Domo C\u00e1maras de Seguridad H\u00edbrido 4 en 1 HD-CVI\/TVI\/AHD\/960H Anal\u00f3gico CVBS D\u00eda Noche Vigilancia CCTV C\u00e1mara\" \/>\n<meta property=\"og:url\" content=\"https:\/\/bokysee.com\/es\/products\/cupula-de-plastico-ir-ahd-camara-de-video-digital-con-audio-para-sistema-de-grabacion-de-seguridad\/\" \/>\n<meta property=\"og:site_name\" content=\"Bokysee Technology Co.,LTD\" \/>\n<meta property=\"og:image\" content=\"https:\/\/bokysee.com\/wp-content\/uploads\/2023\/10\/B17-1.jpg\" \/>\n\t<meta property=\"og:image:width\" content=\"800\" \/>\n\t<meta property=\"og:image:height\" content=\"800\" \/>\n\t<meta property=\"og:image:type\" content=\"image\/jpeg\" \/>\n<meta name=\"twitter:card\" content=\"summary_large_image\" \/>\n<meta name=\"twitter:label1\" content=\"Tiempo de lectura\" \/>\n\t<meta name=\"twitter:data1\" content=\"1 minuto\" \/>\n<script type=\"application\/ld+json\" class=\"yoast-schema-graph\">{\"@context\":\"https:\/\/schema.org\",\"@graph\":[{\"@type\":\"WebPage\",\"@id\":\"https:\/\/bokysee.com\/es\/products\/cupula-de-plastico-ir-ahd-camara-de-video-digital-con-audio-para-sistema-de-grabacion-de-seguridad\/\",\"url\":\"https:\/\/bokysee.com\/es\/products\/cupula-de-plastico-ir-ahd-camara-de-video-digital-con-audio-para-sistema-de-grabacion-de-seguridad\/\",\"name\":\"C\u00fapula de pl\u00e1stico IR AHD C\u00e1mara de v\u00eddeo digital con audio para sistema de grabaci\u00f3n de seguridad - Bokysee Technology Co.,LTD\",\"isPartOf\":{\"@id\":\"https:\/\/bokysee.com\/#website\"},\"primaryImageOfPage\":{\"@id\":\"https:\/\/bokysee.com\/es\/products\/cupula-de-plastico-ir-ahd-camara-de-video-digital-con-audio-para-sistema-de-grabacion-de-seguridad\/#primaryimage\"},\"image\":{\"@id\":\"https:\/\/bokysee.com\/es\/products\/cupula-de-plastico-ir-ahd-camara-de-video-digital-con-audio-para-sistema-de-grabacion-de-seguridad\/#primaryimage\"},\"thumbnailUrl\":\"https:\/\/bokysee.com\/wp-content\/uploads\/2023\/10\/B17-1.jpg\",\"datePublished\":\"2023-10-07T03:46:58+00:00\",\"description\":\"2MP 5MP Domo C\u00e1maras de Seguridad H\u00edbrido 4 en 1 HD-CVI\/TVI\/AHD\/960H Anal\u00f3gico CVBS D\u00eda Noche Vigilancia CCTV C\u00e1mara\",\"breadcrumb\":{\"@id\":\"https:\/\/bokysee.com\/es\/products\/cupula-de-plastico-ir-ahd-camara-de-video-digital-con-audio-para-sistema-de-grabacion-de-seguridad\/#breadcrumb\"},\"inLanguage\":\"es\",\"potentialAction\":[{\"@type\":\"ReadAction\",\"target\":[\"https:\/\/bokysee.com\/es\/products\/cupula-de-plastico-ir-ahd-camara-de-video-digital-con-audio-para-sistema-de-grabacion-de-seguridad\/\"]}]},{\"@type\":\"ImageObject\",\"inLanguage\":\"es\",\"@id\":\"https:\/\/bokysee.com\/es\/products\/cupula-de-plastico-ir-ahd-camara-de-video-digital-con-audio-para-sistema-de-grabacion-de-seguridad\/#primaryimage\",\"url\":\"https:\/\/bokysee.com\/wp-content\/uploads\/2023\/10\/B17-1.jpg\",\"contentUrl\":\"https:\/\/bokysee.com\/wp-content\/uploads\/2023\/10\/B17-1.jpg\",\"width\":800,\"height\":800},{\"@type\":\"BreadcrumbList\",\"@id\":\"https:\/\/bokysee.com\/es\/products\/cupula-de-plastico-ir-ahd-camara-de-video-digital-con-audio-para-sistema-de-grabacion-de-seguridad\/#breadcrumb\",\"itemListElement\":[{\"@type\":\"ListItem\",\"position\":1,\"name\":\"Home\",\"item\":\"https:\/\/bokysee.com\/\"},{\"@type\":\"ListItem\",\"position\":2,\"name\":\"Products\",\"item\":\"https:\/\/bokysee.com\/products\/\"},{\"@type\":\"ListItem\",\"position\":3,\"name\":\"C\u00fapula de pl\u00e1stico IR AHD C\u00e1mara de v\u00eddeo digital con audio para sistema de grabaci\u00f3n de seguridad\"}]},{\"@type\":\"WebSite\",\"@id\":\"https:\/\/bokysee.com\/#website\",\"url\":\"https:\/\/bokysee.com\/\",\"name\":\"Bokysee Technology Co.,LTD\",\"description\":\"Professional Smart Indoor and Outdoor Security Cameras Solution Supplier\",\"potentialAction\":[{\"@type\":\"SearchAction\",\"target\":{\"@type\":\"EntryPoint\",\"urlTemplate\":\"https:\/\/bokysee.com\/?s={search_term_string}\"},\"query-input\":{\"@type\":\"PropertyValueSpecification\",\"valueRequired\":true,\"valueName\":\"search_term_string\"}}],\"inLanguage\":\"es\"}]}<\/script>\n<!-- \/ Yoast SEO Premium plugin. -->","yoast_head_json":{"title":"C\u00fapula de pl\u00e1stico IR AHD C\u00e1mara de v\u00eddeo digital con audio para sistema de grabaci\u00f3n de seguridad - Bokysee Technology Co.,LTD","description":"2MP 5MP Domo C\u00e1maras de Seguridad H\u00edbrido 4 en 1 HD-CVI\/TVI\/AHD\/960H Anal\u00f3gico CVBS D\u00eda Noche Vigilancia CCTV C\u00e1mara","robots":{"index":"index","follow":"follow","max-snippet":"max-snippet:-1","max-image-preview":"max-image-preview:large","max-video-preview":"max-video-preview:-1"},"canonical":"https:\/\/bokysee.com\/es\/products\/cupula-de-plastico-ir-ahd-camara-de-video-digital-con-audio-para-sistema-de-grabacion-de-seguridad\/","og_locale":"es_ES","og_type":"article","og_title":"C\u00fapula de pl\u00e1stico IR AHD C\u00e1mara de v\u00eddeo digital con audio para sistema de grabaci\u00f3n de seguridad","og_description":"2MP 5MP Domo C\u00e1maras de Seguridad H\u00edbrido 4 en 1 HD-CVI\/TVI\/AHD\/960H Anal\u00f3gico CVBS D\u00eda Noche Vigilancia CCTV C\u00e1mara","og_url":"https:\/\/bokysee.com\/es\/products\/cupula-de-plastico-ir-ahd-camara-de-video-digital-con-audio-para-sistema-de-grabacion-de-seguridad\/","og_site_name":"Bokysee Technology Co.,LTD","og_image":[{"width":800,"height":800,"url":"https:\/\/bokysee.com\/wp-content\/uploads\/2023\/10\/B17-1.jpg","type":"image\/jpeg"}],"twitter_card":"summary_large_image","twitter_misc":{"Tiempo de lectura":"1 minuto"},"schema":{"@context":"https:\/\/schema.org","@graph":[{"@type":"WebPage","@id":"https:\/\/bokysee.com\/es\/products\/cupula-de-plastico-ir-ahd-camara-de-video-digital-con-audio-para-sistema-de-grabacion-de-seguridad\/","url":"https:\/\/bokysee.com\/es\/products\/cupula-de-plastico-ir-ahd-camara-de-video-digital-con-audio-para-sistema-de-grabacion-de-seguridad\/","name":"C\u00fapula de pl\u00e1stico IR AHD C\u00e1mara de v\u00eddeo digital con audio para sistema de grabaci\u00f3n de seguridad - Bokysee Technology Co.,LTD","isPartOf":{"@id":"https:\/\/bokysee.com\/#website"},"primaryImageOfPage":{"@id":"https:\/\/bokysee.com\/es\/products\/cupula-de-plastico-ir-ahd-camara-de-video-digital-con-audio-para-sistema-de-grabacion-de-seguridad\/#primaryimage"},"image":{"@id":"https:\/\/bokysee.com\/es\/products\/cupula-de-plastico-ir-ahd-camara-de-video-digital-con-audio-para-sistema-de-grabacion-de-seguridad\/#primaryimage"},"thumbnailUrl":"https:\/\/bokysee.com\/wp-content\/uploads\/2023\/10\/B17-1.jpg","datePublished":"2023-10-07T03:46:58+00:00","description":"2MP 5MP Domo C\u00e1maras de Seguridad H\u00edbrido 4 en 1 HD-CVI\/TVI\/AHD\/960H Anal\u00f3gico CVBS D\u00eda Noche Vigilancia CCTV C\u00e1mara","breadcrumb":{"@id":"https:\/\/bokysee.com\/es\/products\/cupula-de-plastico-ir-ahd-camara-de-video-digital-con-audio-para-sistema-de-grabacion-de-seguridad\/#breadcrumb"},"inLanguage":"es","potentialAction":[{"@type":"ReadAction","target":["https:\/\/bokysee.com\/es\/products\/cupula-de-plastico-ir-ahd-camara-de-video-digital-con-audio-para-sistema-de-grabacion-de-seguridad\/"]}]},{"@type":"ImageObject","inLanguage":"es","@id":"https:\/\/bokysee.com\/es\/products\/cupula-de-plastico-ir-ahd-camara-de-video-digital-con-audio-para-sistema-de-grabacion-de-seguridad\/#primaryimage","url":"https:\/\/bokysee.com\/wp-content\/uploads\/2023\/10\/B17-1.jpg","contentUrl":"https:\/\/bokysee.com\/wp-content\/uploads\/2023\/10\/B17-1.jpg","width":800,"height":800},{"@type":"BreadcrumbList","@id":"https:\/\/bokysee.com\/es\/products\/cupula-de-plastico-ir-ahd-camara-de-video-digital-con-audio-para-sistema-de-grabacion-de-seguridad\/#breadcrumb","itemListElement":[{"@type":"ListItem","position":1,"name":"Home","item":"https:\/\/bokysee.com\/"},{"@type":"ListItem","position":2,"name":"Products","item":"https:\/\/bokysee.com\/products\/"},{"@type":"ListItem","position":3,"name":"C\u00fapula de pl\u00e1stico IR AHD C\u00e1mara de v\u00eddeo digital con audio para sistema de grabaci\u00f3n de seguridad"}]},{"@type":"WebSite","@id":"https:\/\/bokysee.com\/#website","url":"https:\/\/bokysee.com\/","name":"Bokysee Technology Co.,LTD","description":"Professional Smart Indoor and Outdoor Security Cameras Solution Supplier","potentialAction":[{"@type":"SearchAction","target":{"@type":"EntryPoint","urlTemplate":"https:\/\/bokysee.com\/?s={search_term_string}"},"query-input":{"@type":"PropertyValueSpecification","valueRequired":true,"valueName":"search_term_string"}}],"inLanguage":"es"}]}},"_links":{"self":[{"href":"https:\/\/bokysee.com\/es\/wp-json\/wp\/v2\/product\/6712","targetHints":{"allow":["GET"]}}],"collection":[{"href":"https:\/\/bokysee.com\/es\/wp-json\/wp\/v2\/product"}],"about":[{"href":"https:\/\/bokysee.com\/es\/wp-json\/wp\/v2\/types\/product"}],"version-history":[{"count":0,"href":"https:\/\/bokysee.com\/es\/wp-json\/wp\/v2\/product\/6712\/revisions"}],"wp:featuredmedia":[{"embeddable":true,"href":"https:\/\/bokysee.com\/es\/wp-json\/wp\/v2\/media\/6492"}],"wp:attachment":[{"href":"https:\/\/bokysee.com\/es\/wp-json\/wp\/v2\/media?parent=6712"}],"wp:term":[{"taxonomy":"product_brand","embeddable":true,"href":"https:\/\/bokysee.com\/es\/wp-json\/wp\/v2\/product_brand?post=6712"},{"taxonomy":"product_cat","embeddable":true,"href":"https:\/\/bokysee.com\/es\/wp-json\/wp\/v2\/product_cat?post=6712"},{"taxonomy":"product_tag","embeddable":true,"href":"https:\/\/bokysee.com\/es\/wp-json\/wp\/v2\/product_tag?post=6712"}],"curies":[{"name":"wp","href":"https:\/\/api.w.org\/{rel}","templated":true}]}}