{"id":6693,"date":"2023-10-08T18:30:54","date_gmt":"2023-10-08T10:30:54","guid":{"rendered":"https:\/\/bokysee.com\/products\/bokysee-2k-hd-doble-lente-5x-zoom-vision-panoramica-a-todo-color-wifi-bateria-camaras\/"},"modified":"2023-10-08T18:30:54","modified_gmt":"2023-10-08T10:30:54","slug":"bokysee-2k-hd-dual-lens-5x-zoom-panoramic-viewing-full-colar-wifi-battery-cameras","status":"publish","type":"product","link":"https:\/\/bokysee.com\/es\/products\/bokysee-2k-hd-dual-lens-5x-zoom-panoramic-viewing-full-colar-wifi-battery-cameras\/","title":{"rendered":"Bokysee 2K HD Doble Lente 5X Zoom Visi\u00f3n Panor\u00e1mica A Todo Color WiFi Bater\u00eda C\u00e1maras"},"content":{"rendered":"<p>Bokysee 2K HD Doble Lente 5X Zoom Visi\u00f3n Panor\u00e1mica A Todo Color WiFi Bater\u00eda C\u00e1maras<\/p>\n<p>Mejore el sistema de seguridad de su empresa con nuestras c\u00e1maras de vigilancia alimentadas por energ\u00eda solar. Con la potencia de la energ\u00eda solar, estas c\u00e1maras ofrecen vigilancia inal\u00e1mbrica y confiable, garantizando la supervisi\u00f3n constante de sus instalaciones. Lleve la vigilancia al siguiente nivel con nuestra c\u00e1mara solar PTZ WiFi de doble lente 2K 5X. Con im\u00e1genes de alta resoluci\u00f3n, zoom de cinco aumentos y funciones PTZ (movimiento horizontal, vertical y zoom), esta c\u00e1mara solar proporciona una supervisi\u00f3n y un control excepcionales para empresas B2B.<\/p>\n<p><img fetchpriority=\"high\" decoding=\"async\" class=\"alignnone size-full wp-image-6559\" src=\"https:\/\/bokysee.com\/wp-content\/uploads\/2023\/10\/BK-LXS13P-2-1.jpg\" alt=\"\" width=\"800\" height=\"800\" srcset=\"https:\/\/bokysee.com\/wp-content\/uploads\/2023\/10\/BK-LXS13P-2-1.jpg 800w, https:\/\/bokysee.com\/wp-content\/uploads\/2023\/10\/BK-LXS13P-2-1-768x768.jpg 768w\" sizes=\"(max-width: 800px) 100vw, 800px\" \/> <img decoding=\"async\" class=\"alignnone size-full wp-image-6562\" src=\"https:\/\/bokysee.com\/wp-content\/uploads\/2023\/10\/BK-LXS13P-3-1.jpg\" alt=\"\" width=\"800\" height=\"800\" srcset=\"https:\/\/bokysee.com\/wp-content\/uploads\/2023\/10\/BK-LXS13P-3-1.jpg 800w, https:\/\/bokysee.com\/wp-content\/uploads\/2023\/10\/BK-LXS13P-3-1-768x768.jpg 768w\" sizes=\"(max-width: 800px) 100vw, 800px\" \/> <img decoding=\"async\" class=\"alignnone size-full wp-image-6565\" src=\"https:\/\/bokysee.com\/wp-content\/uploads\/2023\/10\/BK-LXS13P-4-1.jpg\" alt=\"\" width=\"800\" height=\"800\" srcset=\"https:\/\/bokysee.com\/wp-content\/uploads\/2023\/10\/BK-LXS13P-4-1.jpg 800w, https:\/\/bokysee.com\/wp-content\/uploads\/2023\/10\/BK-LXS13P-4-1-768x768.jpg 768w\" sizes=\"(max-width: 800px) 100vw, 800px\" \/><\/p>\n<p>&nbsp;<\/p>\n<p>&nbsp;<\/p>\n<p>&nbsp;<\/p>\n<p>&nbsp;<\/p>","protected":false},"excerpt":{"rendered":"<p>C\u00e1mara solar PTZ WiFi de doble lente 2K 5X:<br \/>\n* Resoluci\u00f3n: 2K Ultra HD, 2304X1296P<br \/>\n* Resistente al agua en exteriores IP65<br \/>\n* Objetivo dual: 4MM+10MM, zoom h\u00edbrido 5X<br \/>\n* Red inal\u00e1mbrica 802.11b\/g\/n de 2,4 GHz<br \/>\n* Luces duales: 2 luz blanca+2 infrarrojos, 10-15m Distancia IR<br \/>\n* Audio bidireccional, inicio r\u00e1pido, empieza a grabar en 1 segundo<br \/>\n* Sensor PIR incorporado, alerta de bajo consumo, despertador remoto<br \/>\n* Panel solar de 5,5 W, bater\u00eda recargable de 10000 mAh<br \/>\n* Soporte 4G LTE tarjeta SIM disponible (versi\u00f3n asi\u00e1tica 4G)<br \/>\n* Fuente de alimentaci\u00f3n: DC5V\u00b15%<br \/>\n* Soporta un m\u00e1ximo de 256G de tarjeta TF, almacenamiento gratuito en la nube (3 d\u00edas)<br \/>\n* Tama\u00f1o de la caja: 205x181x147mm, Caja: 56\u00d742.5x47cm, 18pcs\/Carton<\/p>","protected":false},"featured_media":6546,"template":"","meta":[],"product_brand":[],"product_cat":[],"product_tag":[648,649,444],"class_list":{"0":"post-6693","1":"product","2":"type-product","3":"status-publish","4":"has-post-thumbnail","6":"product_tag-camara-solar-es","7":"product_tag-camaras-de-seguridad-inalambricas-solares","8":"product_tag-camaras-de-vigilancia-solares","10":"first","11":"instock","12":"shipping-taxable","13":"product-type-simple"},"acf":[],"yoast_head":"<!-- This site is optimized with the Yoast SEO Premium plugin v20.2.1 (Yoast SEO v26.1.1) - https:\/\/yoast.com\/wordpress\/plugins\/seo\/ -->\n<title>Bokysee 2K HD Doble Lente 5X Zoom Visi\u00f3n Panor\u00e1mica A Todo Color WiFi Bater\u00eda C\u00e1maras - Bokysee Technology Co.,LTD<\/title>\n<meta name=\"description\" content=\"Bokysee 2K HD Doble Lente 5X Zoom Doble Luz Visi\u00f3n Panor\u00e1mica Full Colar WiFi Bater\u00eda C\u00e1maras con Panel Solar\" \/>\n<meta name=\"robots\" content=\"index, follow, max-snippet:-1, max-image-preview:large, max-video-preview:-1\" \/>\n<link rel=\"canonical\" href=\"https:\/\/bokysee.com\/es\/products\/bokysee-2k-hd-doble-lente-5x-zoom-vision-panoramica-a-todo-color-wifi-bateria-camaras\/\" \/>\n<meta property=\"og:locale\" content=\"es_ES\" \/>\n<meta property=\"og:type\" content=\"article\" \/>\n<meta property=\"og:title\" content=\"Bokysee 2K HD Doble Lente 5X Zoom Visi\u00f3n Panor\u00e1mica A Todo Color WiFi Bater\u00eda C\u00e1maras\" \/>\n<meta property=\"og:description\" content=\"Bokysee 2K HD Doble Lente 5X Zoom Doble Luz Visi\u00f3n Panor\u00e1mica Full Colar WiFi Bater\u00eda C\u00e1maras con Panel Solar\" \/>\n<meta property=\"og:url\" content=\"https:\/\/bokysee.com\/es\/products\/bokysee-2k-hd-doble-lente-5x-zoom-vision-panoramica-a-todo-color-wifi-bateria-camaras\/\" \/>\n<meta property=\"og:site_name\" content=\"Bokysee Technology Co.,LTD\" \/>\n<meta property=\"og:image\" content=\"https:\/\/bokysee.com\/wp-content\/uploads\/2023\/10\/BK-LD03D-Price2.jpg\" \/>\n\t<meta property=\"og:image:width\" content=\"547\" \/>\n\t<meta property=\"og:image:height\" content=\"644\" \/>\n\t<meta property=\"og:image:type\" content=\"image\/jpeg\" \/>\n<meta name=\"twitter:card\" content=\"summary_large_image\" \/>\n<meta name=\"twitter:label1\" content=\"Tiempo de lectura\" \/>\n\t<meta name=\"twitter:data1\" content=\"1 minuto\" \/>\n<script type=\"application\/ld+json\" class=\"yoast-schema-graph\">{\"@context\":\"https:\/\/schema.org\",\"@graph\":[{\"@type\":\"WebPage\",\"@id\":\"https:\/\/bokysee.com\/es\/products\/bokysee-2k-hd-doble-lente-5x-zoom-vision-panoramica-a-todo-color-wifi-bateria-camaras\/\",\"url\":\"https:\/\/bokysee.com\/es\/products\/bokysee-2k-hd-doble-lente-5x-zoom-vision-panoramica-a-todo-color-wifi-bateria-camaras\/\",\"name\":\"Bokysee 2K HD Doble Lente 5X Zoom Visi\u00f3n Panor\u00e1mica A Todo Color WiFi Bater\u00eda C\u00e1maras - Bokysee Technology Co.,LTD\",\"isPartOf\":{\"@id\":\"https:\/\/bokysee.com\/#website\"},\"primaryImageOfPage\":{\"@id\":\"https:\/\/bokysee.com\/es\/products\/bokysee-2k-hd-doble-lente-5x-zoom-vision-panoramica-a-todo-color-wifi-bateria-camaras\/#primaryimage\"},\"image\":{\"@id\":\"https:\/\/bokysee.com\/es\/products\/bokysee-2k-hd-doble-lente-5x-zoom-vision-panoramica-a-todo-color-wifi-bateria-camaras\/#primaryimage\"},\"thumbnailUrl\":\"https:\/\/bokysee.com\/wp-content\/uploads\/2023\/10\/BK-LD03D-Price2.jpg\",\"datePublished\":\"2023-10-08T10:30:54+00:00\",\"description\":\"Bokysee 2K HD Doble Lente 5X Zoom Doble Luz Visi\u00f3n Panor\u00e1mica Full Colar WiFi Bater\u00eda C\u00e1maras con Panel Solar\",\"breadcrumb\":{\"@id\":\"https:\/\/bokysee.com\/es\/products\/bokysee-2k-hd-doble-lente-5x-zoom-vision-panoramica-a-todo-color-wifi-bateria-camaras\/#breadcrumb\"},\"inLanguage\":\"es\",\"potentialAction\":[{\"@type\":\"ReadAction\",\"target\":[\"https:\/\/bokysee.com\/es\/products\/bokysee-2k-hd-doble-lente-5x-zoom-vision-panoramica-a-todo-color-wifi-bateria-camaras\/\"]}]},{\"@type\":\"ImageObject\",\"inLanguage\":\"es\",\"@id\":\"https:\/\/bokysee.com\/es\/products\/bokysee-2k-hd-doble-lente-5x-zoom-vision-panoramica-a-todo-color-wifi-bateria-camaras\/#primaryimage\",\"url\":\"https:\/\/bokysee.com\/wp-content\/uploads\/2023\/10\/BK-LD03D-Price2.jpg\",\"contentUrl\":\"https:\/\/bokysee.com\/wp-content\/uploads\/2023\/10\/BK-LD03D-Price2.jpg\",\"width\":547,\"height\":644},{\"@type\":\"BreadcrumbList\",\"@id\":\"https:\/\/bokysee.com\/es\/products\/bokysee-2k-hd-doble-lente-5x-zoom-vision-panoramica-a-todo-color-wifi-bateria-camaras\/#breadcrumb\",\"itemListElement\":[{\"@type\":\"ListItem\",\"position\":1,\"name\":\"Home\",\"item\":\"https:\/\/bokysee.com\/\"},{\"@type\":\"ListItem\",\"position\":2,\"name\":\"Products\",\"item\":\"https:\/\/bokysee.com\/products\/\"},{\"@type\":\"ListItem\",\"position\":3,\"name\":\"Bokysee 2K HD Doble Lente 5X Zoom Visi\u00f3n Panor\u00e1mica A Todo Color WiFi Bater\u00eda C\u00e1maras\"}]},{\"@type\":\"WebSite\",\"@id\":\"https:\/\/bokysee.com\/#website\",\"url\":\"https:\/\/bokysee.com\/\",\"name\":\"Bokysee Technology Co.,LTD\",\"description\":\"Professional Smart Indoor and Outdoor Security Cameras Solution Supplier\",\"potentialAction\":[{\"@type\":\"SearchAction\",\"target\":{\"@type\":\"EntryPoint\",\"urlTemplate\":\"https:\/\/bokysee.com\/?s={search_term_string}\"},\"query-input\":{\"@type\":\"PropertyValueSpecification\",\"valueRequired\":true,\"valueName\":\"search_term_string\"}}],\"inLanguage\":\"es\"}]}<\/script>\n<!-- \/ Yoast SEO Premium plugin. -->","yoast_head_json":{"title":"Bokysee 2K HD Doble Lente 5X Zoom Visi\u00f3n Panor\u00e1mica A Todo Color WiFi Bater\u00eda C\u00e1maras - Bokysee Technology Co.,LTD","description":"Bokysee 2K HD Doble Lente 5X Zoom Doble Luz Visi\u00f3n Panor\u00e1mica Full Colar WiFi Bater\u00eda C\u00e1maras con Panel Solar","robots":{"index":"index","follow":"follow","max-snippet":"max-snippet:-1","max-image-preview":"max-image-preview:large","max-video-preview":"max-video-preview:-1"},"canonical":"https:\/\/bokysee.com\/es\/products\/bokysee-2k-hd-doble-lente-5x-zoom-vision-panoramica-a-todo-color-wifi-bateria-camaras\/","og_locale":"es_ES","og_type":"article","og_title":"Bokysee 2K HD Doble Lente 5X Zoom Visi\u00f3n Panor\u00e1mica A Todo Color WiFi Bater\u00eda C\u00e1maras","og_description":"Bokysee 2K HD Doble Lente 5X Zoom Doble Luz Visi\u00f3n Panor\u00e1mica Full Colar WiFi Bater\u00eda C\u00e1maras con Panel Solar","og_url":"https:\/\/bokysee.com\/es\/products\/bokysee-2k-hd-doble-lente-5x-zoom-vision-panoramica-a-todo-color-wifi-bateria-camaras\/","og_site_name":"Bokysee Technology Co.,LTD","og_image":[{"width":547,"height":644,"url":"https:\/\/bokysee.com\/wp-content\/uploads\/2023\/10\/BK-LD03D-Price2.jpg","type":"image\/jpeg"}],"twitter_card":"summary_large_image","twitter_misc":{"Tiempo de lectura":"1 minuto"},"schema":{"@context":"https:\/\/schema.org","@graph":[{"@type":"WebPage","@id":"https:\/\/bokysee.com\/es\/products\/bokysee-2k-hd-doble-lente-5x-zoom-vision-panoramica-a-todo-color-wifi-bateria-camaras\/","url":"https:\/\/bokysee.com\/es\/products\/bokysee-2k-hd-doble-lente-5x-zoom-vision-panoramica-a-todo-color-wifi-bateria-camaras\/","name":"Bokysee 2K HD Doble Lente 5X Zoom Visi\u00f3n Panor\u00e1mica A Todo Color WiFi Bater\u00eda C\u00e1maras - Bokysee Technology Co.,LTD","isPartOf":{"@id":"https:\/\/bokysee.com\/#website"},"primaryImageOfPage":{"@id":"https:\/\/bokysee.com\/es\/products\/bokysee-2k-hd-doble-lente-5x-zoom-vision-panoramica-a-todo-color-wifi-bateria-camaras\/#primaryimage"},"image":{"@id":"https:\/\/bokysee.com\/es\/products\/bokysee-2k-hd-doble-lente-5x-zoom-vision-panoramica-a-todo-color-wifi-bateria-camaras\/#primaryimage"},"thumbnailUrl":"https:\/\/bokysee.com\/wp-content\/uploads\/2023\/10\/BK-LD03D-Price2.jpg","datePublished":"2023-10-08T10:30:54+00:00","description":"Bokysee 2K HD Doble Lente 5X Zoom Doble Luz Visi\u00f3n Panor\u00e1mica Full Colar WiFi Bater\u00eda C\u00e1maras con Panel Solar","breadcrumb":{"@id":"https:\/\/bokysee.com\/es\/products\/bokysee-2k-hd-doble-lente-5x-zoom-vision-panoramica-a-todo-color-wifi-bateria-camaras\/#breadcrumb"},"inLanguage":"es","potentialAction":[{"@type":"ReadAction","target":["https:\/\/bokysee.com\/es\/products\/bokysee-2k-hd-doble-lente-5x-zoom-vision-panoramica-a-todo-color-wifi-bateria-camaras\/"]}]},{"@type":"ImageObject","inLanguage":"es","@id":"https:\/\/bokysee.com\/es\/products\/bokysee-2k-hd-doble-lente-5x-zoom-vision-panoramica-a-todo-color-wifi-bateria-camaras\/#primaryimage","url":"https:\/\/bokysee.com\/wp-content\/uploads\/2023\/10\/BK-LD03D-Price2.jpg","contentUrl":"https:\/\/bokysee.com\/wp-content\/uploads\/2023\/10\/BK-LD03D-Price2.jpg","width":547,"height":644},{"@type":"BreadcrumbList","@id":"https:\/\/bokysee.com\/es\/products\/bokysee-2k-hd-doble-lente-5x-zoom-vision-panoramica-a-todo-color-wifi-bateria-camaras\/#breadcrumb","itemListElement":[{"@type":"ListItem","position":1,"name":"Home","item":"https:\/\/bokysee.com\/"},{"@type":"ListItem","position":2,"name":"Products","item":"https:\/\/bokysee.com\/products\/"},{"@type":"ListItem","position":3,"name":"Bokysee 2K HD Doble Lente 5X Zoom Visi\u00f3n Panor\u00e1mica A Todo Color WiFi Bater\u00eda C\u00e1maras"}]},{"@type":"WebSite","@id":"https:\/\/bokysee.com\/#website","url":"https:\/\/bokysee.com\/","name":"Bokysee Technology Co.,LTD","description":"Professional Smart Indoor and Outdoor Security Cameras Solution Supplier","potentialAction":[{"@type":"SearchAction","target":{"@type":"EntryPoint","urlTemplate":"https:\/\/bokysee.com\/?s={search_term_string}"},"query-input":{"@type":"PropertyValueSpecification","valueRequired":true,"valueName":"search_term_string"}}],"inLanguage":"es"}]}},"_links":{"self":[{"href":"https:\/\/bokysee.com\/es\/wp-json\/wp\/v2\/product\/6693","targetHints":{"allow":["GET"]}}],"collection":[{"href":"https:\/\/bokysee.com\/es\/wp-json\/wp\/v2\/product"}],"about":[{"href":"https:\/\/bokysee.com\/es\/wp-json\/wp\/v2\/types\/product"}],"version-history":[{"count":0,"href":"https:\/\/bokysee.com\/es\/wp-json\/wp\/v2\/product\/6693\/revisions"}],"wp:featuredmedia":[{"embeddable":true,"href":"https:\/\/bokysee.com\/es\/wp-json\/wp\/v2\/media\/6546"}],"wp:attachment":[{"href":"https:\/\/bokysee.com\/es\/wp-json\/wp\/v2\/media?parent=6693"}],"wp:term":[{"taxonomy":"product_brand","embeddable":true,"href":"https:\/\/bokysee.com\/es\/wp-json\/wp\/v2\/product_brand?post=6693"},{"taxonomy":"product_cat","embeddable":true,"href":"https:\/\/bokysee.com\/es\/wp-json\/wp\/v2\/product_cat?post=6693"},{"taxonomy":"product_tag","embeddable":true,"href":"https:\/\/bokysee.com\/es\/wp-json\/wp\/v2\/product_tag?post=6693"}],"curies":[{"name":"wp","href":"https:\/\/api.w.org\/{rel}","templated":true}]}}