{"id":6686,"date":"2023-10-09T16:41:23","date_gmt":"2023-10-09T08:41:23","guid":{"rendered":"https:\/\/bokysee.com\/?post_type=product&#038;p=6686"},"modified":"2024-02-06T11:32:14","modified_gmt":"2024-02-06T03:32:14","slug":"bokysee-8-channel-4k-8mp10tb-poe-kits-ip-security-surveillance-system","status":"publish","type":"product","link":"https:\/\/bokysee.com\/es\/products\/bokysee-8-channel-4k-8mp10tb-poe-kits-ip-security-surveillance-system\/","title":{"rendered":"Kits de vigilancia de seguridad IP Bokysee de 8 canales 4K, 8 MP y 10 TB POE"},"content":{"rendered":"<p>Kits de vigilancia de seguridad IP Bokysee de 8 canales 4K, 8 MP y 10 TB POE<\/p>\n<p>Conectable a c\u00e1maras IP compatibles con H.265+<br \/>\nLas c\u00e1maras IP compatibles con los formatos de codificaci\u00f3n H.265+\/H.265\/H.264+\/H.264 se pueden conectar al NVR. Tras a\u00f1adir una c\u00e1mara compatible con H.265+, puede habilitarla para maximizar el espacio de almacenamiento y disfrutar de grabaciones ultralargas, hasta 7 veces m\u00e1s largas que H.264 en condiciones normales.<\/p>\n<p>Conexi\u00f3n PoE Plug &amp; Play real<br \/>\nLa conexi\u00f3n PoE le permite vincular la c\u00e1mara a la grabadora de video en red a trav\u00e9s de cables de red para alimentaci\u00f3n, video y conexi\u00f3n a Internet, sin cables de alimentaci\u00f3n para las c\u00e1maras.<\/p>\n<p>Alerta inteligente mantiene las precauciones<br \/>\nAlertas inteligentes por correo electr\u00f3nico y notificaciones en la aplicaci\u00f3n cuando se detecta movimiento, se bloquean las lentes de la c\u00e1mara o se detecta p\u00e9rdida de video. Recibir\u00e1 alertas instant\u00e1neas por correo electr\u00f3nico con im\u00e1genes y una alarma en la aplicaci\u00f3n para que pueda tomar las precauciones necesarias.<\/p>\n<p>Acceso remoto ilimitado<br \/>\nCon la aplicaci\u00f3n y el cliente gratuitos de SANNCE, siempre tendr\u00e1 la libertad de acceder a todo el sistema de forma remota a trav\u00e9s de sus tel\u00e9fonos inteligentes, tabletas, computadoras o navegadores en cualquier lugar.<br \/>\nMicr\u00f3fono incorporado, capta audio y sonido ambiental.<br \/>\nUn micr\u00f3fono integrado permite que la c\u00e1mara transmita en vivo y grabe tanto video como audio. No solo podr\u00e1 ver, sino tambi\u00e9n escuchar con claridad lo que sucede o lo que sucedi\u00f3, para obtener pruebas m\u00e1s precisas si es necesario.<\/p>\n<table width=\"899\">\n<tbody>\n<tr>\n<td colspan=\"2\" width=\"277\">N.\u00ba de modelo:<\/td>\n<td width=\"622\">BK-PK0408<\/td>\n<\/tr>\n<tr>\n<td colspan=\"3\" width=\"899\">Especificaci\u00f3n XVR<\/td>\n<\/tr>\n<tr>\n<td width=\"119\">Entrada de v\u00eddeo:<\/td>\n<td width=\"157\">Aporte<\/td>\n<td width=\"622\">8 canales 8 MP<\/td>\n<\/tr>\n<tr>\n<td rowspan=\"2\" width=\"119\">Salida de v\u00eddeo:<\/td>\n<td width=\"157\">HDMI<\/td>\n<td width=\"622\">1 canal<\/td>\n<\/tr>\n<tr>\n<td width=\"157\">VGA<\/td>\n<td width=\"622\">1 canal<\/td>\n<\/tr>\n<tr>\n<td rowspan=\"3\" width=\"119\">Grabar y reproducir<\/td>\n<td width=\"157\">Modo de grabaci\u00f3n<\/td>\n<td width=\"622\">V\u00eddeo manual, grabaci\u00f3n temporizada, grabaci\u00f3n de alarma<\/td>\n<\/tr>\n<tr>\n<td width=\"157\">Reproducci\u00f3n:<\/td>\n<td width=\"622\">1 canal<\/td>\n<\/tr>\n<tr>\n<td width=\"157\">Modo de respaldo<\/td>\n<td width=\"622\">Copia de seguridad de red, disco duro USB<\/td>\n<\/tr>\n<tr>\n<td rowspan=\"2\" width=\"119\">Disco duro<\/td>\n<td width=\"157\">Disco duro<\/td>\n<td width=\"622\">1*SATA<\/td>\n<\/tr>\n<tr>\n<td width=\"157\">Almacenamiento m\u00e1ximo<\/td>\n<td width=\"622\">10 TB<\/td>\n<\/tr>\n<tr>\n<td rowspan=\"2\" width=\"119\">Red<\/td>\n<td width=\"157\">Interfaz de red<\/td>\n<td width=\"622\">1 \u2013 RJ45 10M\/100M<\/td>\n<\/tr>\n<tr>\n<td width=\"157\">Protocolo de red<\/td>\n<td width=\"622\">UPnP \/ SMTP \/ PPPoE \/ DHCP\u2026<\/td>\n<\/tr>\n<tr>\n<td rowspan=\"7\" width=\"119\">Otro<\/td>\n<td width=\"157\">Fuente de alimentaci\u00f3n<\/td>\n<td width=\"622\">CC 48 V\/2,5 A<\/td>\n<\/tr>\n<tr>\n<td width=\"157\">USB<\/td>\n<td width=\"622\">1- USB 2.0 para rat\u00f3n o backup<\/td>\n<\/tr>\n<tr>\n<td width=\"157\">Consumo de energ\u00eda<\/td>\n<td width=\"622\">\u22645 W (sin disco duro)<\/td>\n<\/tr>\n<tr>\n<td width=\"157\">Temperatura de funcionamiento (\u00b0C)<\/td>\n<td width=\"622\">\u00a0-10\u2103~+55\u2103<\/td>\n<\/tr>\n<tr>\n<td width=\"157\">Humedad de trabajo (%) RH<\/td>\n<td width=\"622\">10%~90%<\/td>\n<\/tr>\n<tr>\n<td width=\"157\">Tama\u00f1o<\/td>\n<td width=\"622\">38 cm x 24 cm x 31 cm<\/td>\n<\/tr>\n<tr>\n<td width=\"157\">Peso (sin disco duro)<\/td>\n<td width=\"622\">\u22641 kg<\/td>\n<\/tr>\n<tr>\n<td colspan=\"3\">Especificaciones de la c\u00e1mara<\/td>\n<\/tr>\n<tr>\n<td rowspan=\"4\">Sensor de imagen<\/td>\n<td width=\"157\">sensor<\/td>\n<td width=\"622\">Sensor CMOS de 1080P\/CMOS de 3,0 MP\/CMOS de 5,0 MP\/CMOS de 8,0 MP<\/td>\n<\/tr>\n<tr>\n<td width=\"157\">Lente<\/td>\n<td width=\"622\">3,6 mm<\/td>\n<\/tr>\n<tr>\n<td width=\"157\">\u00c1ngulo de visi\u00f3n<\/td>\n<td width=\"622\">H: 95 grados; V: 55 grados; D: 110 grados<\/td>\n<\/tr>\n<tr>\n<td width=\"157\">Baja iluminaci\u00f3n<\/td>\n<td width=\"622\">0,01 lux<\/td>\n<\/tr>\n<tr>\n<td rowspan=\"2\" width=\"119\">Audio<\/td>\n<td width=\"157\">Aporte<\/td>\n<td width=\"622\">Micr\u00f3fono incorporado<\/td>\n<\/tr>\n<tr>\n<td>Compresi\u00f3n<\/td>\n<td>CAA<\/td>\n<\/tr>\n<tr>\n<td rowspan=\"5\" width=\"119\">Video<\/td>\n<td>Compresi\u00f3n<\/td>\n<td width=\"622\">H.264\/H.265<\/td>\n<\/tr>\n<tr>\n<td>Frecuencia de iluminaci\u00f3n<\/td>\n<td width=\"622\">50 Hz, 60 Hz<\/td>\n<\/tr>\n<tr>\n<td>Velocidad de fotogramas de la imagen<\/td>\n<td>15 fps<\/td>\n<\/tr>\n<tr>\n<td width=\"157\">Resoluci\u00f3n m\u00e1xima de imagen<\/td>\n<td width=\"622\">4096\u00d72160<\/td>\n<\/tr>\n<tr>\n<td width=\"157\">Fuente de visi\u00f3n nocturna<\/td>\n<td width=\"622\">Luz infrarroja de potencia media + luz blanca inteligente<\/td>\n<\/tr>\n<tr>\n<td rowspan=\"2\" width=\"119\">Red<\/td>\n<td width=\"157\">Protocolo de red<\/td>\n<td width=\"622\">TCP\/IP, UDP\/IP, DHCP, RTMP, MUTP<\/td>\n<\/tr>\n<tr>\n<td width=\"157\">Direcci\u00f3n IP de soporte<\/td>\n<td width=\"622\">Direcci\u00f3n IP din\u00e1mica<\/td>\n<\/tr>\n<tr>\n<td width=\"119\">AI<\/td>\n<td width=\"157\">Funci\u00f3n inteligente<\/td>\n<td width=\"622\">Detecci\u00f3n de rostros, empuje inteligente<\/td>\n<\/tr>\n<tr>\n<td width=\"119\">Alarma<\/td>\n<td width=\"157\">Aviso de alarma<\/td>\n<td width=\"622\">Mensaje push de la aplicaci\u00f3n m\u00f3vil<\/td>\n<\/tr>\n<tr>\n<td rowspan=\"2\" width=\"119\">Puerto<\/td>\n<td width=\"157\">Fuente de alimentaci\u00f3n<\/td>\n<td width=\"622\">Puerto de CC<\/td>\n<\/tr>\n<tr>\n<td width=\"157\">Interfaz de red<\/td>\n<td width=\"622\">1 \u2013 RJ45 10M\/100M<\/td>\n<\/tr>\n<tr>\n<td width=\"119\">Fuente de alimentaci\u00f3n<\/td>\n<td width=\"157\">Fuente de alimentaci\u00f3n<\/td>\n<td width=\"622\">CC 12 V 1 A\/POE<\/td>\n<\/tr>\n<tr>\n<td colspan=\"3\" width=\"899\">Paquete de kits<\/td>\n<\/tr>\n<tr>\n<td width=\"119\">Grabadora de v\u00eddeo en red (NVR):<\/td>\n<td colspan=\"2\" width=\"780\">1* NVR de 8 canales<\/td>\n<\/tr>\n<tr>\n<td width=\"119\">C\u00e1mara POE:<\/td>\n<td colspan=\"2\" width=\"780\">8 c\u00e1maras POE<\/td>\n<\/tr>\n<tr>\n<td width=\"119\">Fuente de alimentaci\u00f3n:<\/td>\n<td colspan=\"2\" width=\"780\">DC48V 2.5A * 1 (Usado en NVR)<\/td>\n<\/tr>\n<tr>\n<td width=\"119\">Cable:<\/td>\n<td colspan=\"2\" width=\"780\">Cable UTP de 20 m x 8 piezas<\/td>\n<\/tr>\n<tr>\n<td>Rat\u00f3n USB<\/td>\n<td colspan=\"2\">1 pieza<\/td>\n<\/tr>\n<tr>\n<td>Manual del usuario<\/td>\n<td colspan=\"2\">1 pieza<\/td>\n<\/tr>\n<tr>\n<td>Bolsa de tornillos<\/td>\n<td colspan=\"2\">Uso de HDD *1 pieza; Para c\u00e1maras *8 piezas<\/td>\n<\/tr>\n<\/tbody>\n<\/table>","protected":false},"excerpt":{"rendered":"<p>\u2022 NVR POE de 8 canales, 5 MP\/8 MP<br \/>\n\u2022 C\u00e1maras POE* 8 piezas Bullet IP66<br \/>\n\u2022 C\u00e1maras: Lente HD de 3,6 mm<br \/>\n\u2022 Entrada de v\u00eddeo: 8 canales x 2,0 MP\/3,0 MP\/5,0 MP\/8,0 MP<br \/>\n\u2022 Salida de video: Salida HDMI 1CH; Salida VGA 1CH; Audio opcional<br \/>\n\u2022 Interfaz: VGA*1, HDMI*1, USB*2 \u2022 Admite 10 idiomas m\u00faltiples en la interfaz de usuario.<br \/>\n\u2022 Admite 1 disco duro SATA * 10 TB (m\u00e1x.)<br \/>\n\u2022 La tecnolog\u00eda de nube P2P permiti\u00f3 la visualizaci\u00f3n remota por tel\u00e9fono.<br \/>\n\u2022 Compatible con Onvif, compatible con aplicaciones de tel\u00e9fonos inteligentes (Android, IOS, IPAD)<br \/>\n\u2022 Compatible con Onvif, compatible con m\u00faltiples navegadores (IE, Firefox, Google) \u2022 Alimentaci\u00f3n: DC48V-2.5A<\/p>","protected":false},"featured_media":6687,"template":"","meta":[],"product_brand":[],"product_cat":[554],"product_tag":[641,639,640,577],"class_list":{"0":"post-6686","1":"product","2":"type-product","3":"status-publish","4":"has-post-thumbnail","6":"product_cat-poe-kits","7":"product_tag-4k-poe-nvr-system","8":"product_tag-8ch-wifi-nvr","9":"product_tag-poe-kits","10":"product_tag-poe-security-camera-system","12":"first","13":"instock","14":"shipping-taxable","15":"product-type-simple"},"acf":[],"yoast_head":"<!-- This site is optimized with the Yoast SEO Premium plugin v20.2.1 (Yoast SEO v26.1.1) - https:\/\/yoast.com\/wordpress\/plugins\/seo\/ -->\n<title>Bokysee 8 Channel 4K 8MP10TB POE Kits IP Security Surveillance System - Bokysee Technology Co.,LTD<\/title>\n<meta name=\"description\" content=\"PoE Security Camera System Smart Detection Two Way Audio 4K PoE NVR with 8Pcs 8MP IP Security Cameras System for Outdoor Waterproof\" \/>\n<meta name=\"robots\" content=\"index, follow, max-snippet:-1, max-image-preview:large, max-video-preview:-1\" \/>\n<link rel=\"canonical\" href=\"https:\/\/bokysee.com\/es\/products\/bokysee-8-channel-4k-8mp10tb-poe-kits-ip-security-surveillance-system\/\" \/>\n<meta property=\"og:locale\" content=\"es_ES\" \/>\n<meta property=\"og:type\" content=\"article\" \/>\n<meta property=\"og:title\" content=\"Bokysee 8 Channel 4K 8MP10TB POE Kits IP Security Surveillance System\" \/>\n<meta property=\"og:description\" content=\"PoE Security Camera System Smart Detection Two Way Audio 4K PoE NVR with 8Pcs 8MP IP Security Cameras System for Outdoor Waterproof\" \/>\n<meta property=\"og:url\" content=\"https:\/\/bokysee.com\/es\/products\/bokysee-8-channel-4k-8mp10tb-poe-kits-ip-security-surveillance-system\/\" \/>\n<meta property=\"og:site_name\" content=\"Bokysee Technology Co.,LTD\" \/>\n<meta property=\"article:modified_time\" content=\"2024-02-06T03:32:14+00:00\" \/>\n<meta property=\"og:image\" content=\"https:\/\/bokysee.com\/wp-content\/uploads\/2023\/10\/BK-PK0408A27.jpg\" \/>\n\t<meta property=\"og:image:width\" content=\"800\" \/>\n\t<meta property=\"og:image:height\" content=\"800\" \/>\n\t<meta property=\"og:image:type\" content=\"image\/jpeg\" \/>\n<meta name=\"twitter:card\" content=\"summary_large_image\" \/>\n<meta name=\"twitter:label1\" content=\"Tiempo de lectura\" \/>\n\t<meta name=\"twitter:data1\" content=\"3 minutos\" \/>\n<script type=\"application\/ld+json\" class=\"yoast-schema-graph\">{\"@context\":\"https:\/\/schema.org\",\"@graph\":[{\"@type\":\"WebPage\",\"@id\":\"https:\/\/bokysee.com\/products\/bokysee-8-channel-4k-8mp10tb-poe-kits-ip-security-surveillance-system\/\",\"url\":\"https:\/\/bokysee.com\/products\/bokysee-8-channel-4k-8mp10tb-poe-kits-ip-security-surveillance-system\/\",\"name\":\"Bokysee 8 Channel 4K 8MP10TB POE Kits IP Security Surveillance System - Bokysee Technology Co.,LTD\",\"isPartOf\":{\"@id\":\"https:\/\/bokysee.com\/#website\"},\"primaryImageOfPage\":{\"@id\":\"https:\/\/bokysee.com\/products\/bokysee-8-channel-4k-8mp10tb-poe-kits-ip-security-surveillance-system\/#primaryimage\"},\"image\":{\"@id\":\"https:\/\/bokysee.com\/products\/bokysee-8-channel-4k-8mp10tb-poe-kits-ip-security-surveillance-system\/#primaryimage\"},\"thumbnailUrl\":\"https:\/\/bokysee.com\/wp-content\/uploads\/2023\/10\/BK-PK0408A27.jpg\",\"datePublished\":\"2023-10-09T08:41:23+00:00\",\"dateModified\":\"2024-02-06T03:32:14+00:00\",\"description\":\"PoE Security Camera System Smart Detection Two Way Audio 4K PoE NVR with 8Pcs 8MP IP Security Cameras System for Outdoor Waterproof\",\"breadcrumb\":{\"@id\":\"https:\/\/bokysee.com\/products\/bokysee-8-channel-4k-8mp10tb-poe-kits-ip-security-surveillance-system\/#breadcrumb\"},\"inLanguage\":\"es\",\"potentialAction\":[{\"@type\":\"ReadAction\",\"target\":[\"https:\/\/bokysee.com\/products\/bokysee-8-channel-4k-8mp10tb-poe-kits-ip-security-surveillance-system\/\"]}]},{\"@type\":\"ImageObject\",\"inLanguage\":\"es\",\"@id\":\"https:\/\/bokysee.com\/products\/bokysee-8-channel-4k-8mp10tb-poe-kits-ip-security-surveillance-system\/#primaryimage\",\"url\":\"https:\/\/bokysee.com\/wp-content\/uploads\/2023\/10\/BK-PK0408A27.jpg\",\"contentUrl\":\"https:\/\/bokysee.com\/wp-content\/uploads\/2023\/10\/BK-PK0408A27.jpg\",\"width\":800,\"height\":800},{\"@type\":\"BreadcrumbList\",\"@id\":\"https:\/\/bokysee.com\/products\/bokysee-8-channel-4k-8mp10tb-poe-kits-ip-security-surveillance-system\/#breadcrumb\",\"itemListElement\":[{\"@type\":\"ListItem\",\"position\":1,\"name\":\"Home\",\"item\":\"https:\/\/bokysee.com\/\"},{\"@type\":\"ListItem\",\"position\":2,\"name\":\"Products\",\"item\":\"https:\/\/bokysee.com\/products\/\"},{\"@type\":\"ListItem\",\"position\":3,\"name\":\"Bokysee 8 Channel 4K 8MP10TB POE Kits IP Security Surveillance System\"}]},{\"@type\":\"WebSite\",\"@id\":\"https:\/\/bokysee.com\/#website\",\"url\":\"https:\/\/bokysee.com\/\",\"name\":\"Bokysee Technology Co.,LTD\",\"description\":\"Professional Smart Indoor and Outdoor Security Cameras Solution Supplier\",\"potentialAction\":[{\"@type\":\"SearchAction\",\"target\":{\"@type\":\"EntryPoint\",\"urlTemplate\":\"https:\/\/bokysee.com\/?s={search_term_string}\"},\"query-input\":{\"@type\":\"PropertyValueSpecification\",\"valueRequired\":true,\"valueName\":\"search_term_string\"}}],\"inLanguage\":\"es\"}]}<\/script>\n<!-- \/ Yoast SEO Premium plugin. -->","yoast_head_json":{"title":"Bokysee 8 Channel 4K 8MP10TB POE Kits IP Security Surveillance System - Bokysee Technology Co.,LTD","description":"PoE Security Camera System Smart Detection Two Way Audio 4K PoE NVR with 8Pcs 8MP IP Security Cameras System for Outdoor Waterproof","robots":{"index":"index","follow":"follow","max-snippet":"max-snippet:-1","max-image-preview":"max-image-preview:large","max-video-preview":"max-video-preview:-1"},"canonical":"https:\/\/bokysee.com\/es\/products\/bokysee-8-channel-4k-8mp10tb-poe-kits-ip-security-surveillance-system\/","og_locale":"es_ES","og_type":"article","og_title":"Bokysee 8 Channel 4K 8MP10TB POE Kits IP Security Surveillance System","og_description":"PoE Security Camera System Smart Detection Two Way Audio 4K PoE NVR with 8Pcs 8MP IP Security Cameras System for Outdoor Waterproof","og_url":"https:\/\/bokysee.com\/es\/products\/bokysee-8-channel-4k-8mp10tb-poe-kits-ip-security-surveillance-system\/","og_site_name":"Bokysee Technology Co.,LTD","article_modified_time":"2024-02-06T03:32:14+00:00","og_image":[{"width":800,"height":800,"url":"https:\/\/bokysee.com\/wp-content\/uploads\/2023\/10\/BK-PK0408A27.jpg","type":"image\/jpeg"}],"twitter_card":"summary_large_image","twitter_misc":{"Tiempo de lectura":"3 minutos"},"schema":{"@context":"https:\/\/schema.org","@graph":[{"@type":"WebPage","@id":"https:\/\/bokysee.com\/products\/bokysee-8-channel-4k-8mp10tb-poe-kits-ip-security-surveillance-system\/","url":"https:\/\/bokysee.com\/products\/bokysee-8-channel-4k-8mp10tb-poe-kits-ip-security-surveillance-system\/","name":"Bokysee 8 Channel 4K 8MP10TB POE Kits IP Security Surveillance System - Bokysee Technology Co.,LTD","isPartOf":{"@id":"https:\/\/bokysee.com\/#website"},"primaryImageOfPage":{"@id":"https:\/\/bokysee.com\/products\/bokysee-8-channel-4k-8mp10tb-poe-kits-ip-security-surveillance-system\/#primaryimage"},"image":{"@id":"https:\/\/bokysee.com\/products\/bokysee-8-channel-4k-8mp10tb-poe-kits-ip-security-surveillance-system\/#primaryimage"},"thumbnailUrl":"https:\/\/bokysee.com\/wp-content\/uploads\/2023\/10\/BK-PK0408A27.jpg","datePublished":"2023-10-09T08:41:23+00:00","dateModified":"2024-02-06T03:32:14+00:00","description":"PoE Security Camera System Smart Detection Two Way Audio 4K PoE NVR with 8Pcs 8MP IP Security Cameras System for Outdoor Waterproof","breadcrumb":{"@id":"https:\/\/bokysee.com\/products\/bokysee-8-channel-4k-8mp10tb-poe-kits-ip-security-surveillance-system\/#breadcrumb"},"inLanguage":"es","potentialAction":[{"@type":"ReadAction","target":["https:\/\/bokysee.com\/products\/bokysee-8-channel-4k-8mp10tb-poe-kits-ip-security-surveillance-system\/"]}]},{"@type":"ImageObject","inLanguage":"es","@id":"https:\/\/bokysee.com\/products\/bokysee-8-channel-4k-8mp10tb-poe-kits-ip-security-surveillance-system\/#primaryimage","url":"https:\/\/bokysee.com\/wp-content\/uploads\/2023\/10\/BK-PK0408A27.jpg","contentUrl":"https:\/\/bokysee.com\/wp-content\/uploads\/2023\/10\/BK-PK0408A27.jpg","width":800,"height":800},{"@type":"BreadcrumbList","@id":"https:\/\/bokysee.com\/products\/bokysee-8-channel-4k-8mp10tb-poe-kits-ip-security-surveillance-system\/#breadcrumb","itemListElement":[{"@type":"ListItem","position":1,"name":"Home","item":"https:\/\/bokysee.com\/"},{"@type":"ListItem","position":2,"name":"Products","item":"https:\/\/bokysee.com\/products\/"},{"@type":"ListItem","position":3,"name":"Bokysee 8 Channel 4K 8MP10TB POE Kits IP Security Surveillance System"}]},{"@type":"WebSite","@id":"https:\/\/bokysee.com\/#website","url":"https:\/\/bokysee.com\/","name":"Bokysee Technology Co.,LTD","description":"Professional Smart Indoor and Outdoor Security Cameras Solution Supplier","potentialAction":[{"@type":"SearchAction","target":{"@type":"EntryPoint","urlTemplate":"https:\/\/bokysee.com\/?s={search_term_string}"},"query-input":{"@type":"PropertyValueSpecification","valueRequired":true,"valueName":"search_term_string"}}],"inLanguage":"es"}]}},"_links":{"self":[{"href":"https:\/\/bokysee.com\/es\/wp-json\/wp\/v2\/product\/6686","targetHints":{"allow":["GET"]}}],"collection":[{"href":"https:\/\/bokysee.com\/es\/wp-json\/wp\/v2\/product"}],"about":[{"href":"https:\/\/bokysee.com\/es\/wp-json\/wp\/v2\/types\/product"}],"version-history":[{"count":0,"href":"https:\/\/bokysee.com\/es\/wp-json\/wp\/v2\/product\/6686\/revisions"}],"wp:featuredmedia":[{"embeddable":true,"href":"https:\/\/bokysee.com\/es\/wp-json\/wp\/v2\/media\/6687"}],"wp:attachment":[{"href":"https:\/\/bokysee.com\/es\/wp-json\/wp\/v2\/media?parent=6686"}],"wp:term":[{"taxonomy":"product_brand","embeddable":true,"href":"https:\/\/bokysee.com\/es\/wp-json\/wp\/v2\/product_brand?post=6686"},{"taxonomy":"product_cat","embeddable":true,"href":"https:\/\/bokysee.com\/es\/wp-json\/wp\/v2\/product_cat?post=6686"},{"taxonomy":"product_tag","embeddable":true,"href":"https:\/\/bokysee.com\/es\/wp-json\/wp\/v2\/product_tag?post=6686"}],"curies":[{"name":"wp","href":"https:\/\/api.w.org\/{rel}","templated":true}]}}