{"id":6678,"date":"2023-10-09T15:07:33","date_gmt":"2023-10-09T07:07:33","guid":{"rendered":"https:\/\/bokysee.com\/?post_type=product&#038;p=6678"},"modified":"2024-09-09T16:01:31","modified_gmt":"2024-09-09T08:01:31","slug":"5-0mp-8-channels-5m-n-outdoor-metal-bullet-ahd-2mp-xvr-kit","status":"publish","type":"product","link":"https:\/\/bokysee.com\/es\/products\/5-0mp-8-channels-5m-n-outdoor-metal-bullet-ahd-2mp-xvr-kit\/","title":{"rendered":"Kit XVR de 2MP y 5MP con c\u00e1mara bala met\u00e1lica 5M-N para exteriores, 8 canales y AHD"},"content":{"rendered":"<p>Kit XVR de 2MP y 5MP con c\u00e1mara bala met\u00e1lica 5M-N para exteriores, 8 canales y AHD<\/p>\n<p>Libere el potencial de sus sistemas de vigilancia con nuestros avanzados kits AHD XVR. Con calidad de video de alta definici\u00f3n e integraci\u00f3n perfecta, nuestros kits ofrecen un valor inigualable a clientes B2B, como propietarios de marcas y distribuidores. Mejore sus soluciones de seguridad con los kits AHD XVR de Bokysee.<\/p>\n<table width=\"1121\">\n<tbody>\n<tr>\n<td colspan=\"2\" width=\"347\">N.\u00ba de modelo:<\/td>\n<td width=\"774\">BK-AK0408<\/td>\n<\/tr>\n<tr>\n<td colspan=\"3\" width=\"1121\">Especificaci\u00f3n XVR<\/td>\n<\/tr>\n<tr>\n<td width=\"149\">Entrada de v\u00eddeo:<\/td>\n<td width=\"197\">Aporte<\/td>\n<td width=\"774\">8 canales BNC<\/td>\n<\/tr>\n<tr>\n<td rowspan=\"2\" width=\"149\">Salida de v\u00eddeo:<\/td>\n<td width=\"197\">HDMI<\/td>\n<td width=\"774\">1 canal<\/td>\n<\/tr>\n<tr>\n<td width=\"197\">VGA<\/td>\n<td width=\"774\">1 canal<\/td>\n<\/tr>\n<tr>\n<td rowspan=\"3\" width=\"149\">Grabar y reproducir<\/td>\n<td width=\"197\">Modo de grabaci\u00f3n<\/td>\n<td width=\"774\">V\u00eddeo manual, grabaci\u00f3n temporizada, grabaci\u00f3n de alarma<\/td>\n<\/tr>\n<tr>\n<td width=\"197\">Reproducci\u00f3n:<\/td>\n<td width=\"774\">1 canal<\/td>\n<\/tr>\n<tr>\n<td width=\"197\">Modo de respaldo<\/td>\n<td width=\"774\">Copia de seguridad de red, disco duro USB<\/td>\n<\/tr>\n<tr>\n<td rowspan=\"2\" width=\"149\">Disco duro<\/td>\n<td width=\"197\">Disco duro<\/td>\n<td width=\"774\">1*SATA<\/td>\n<\/tr>\n<tr>\n<td width=\"197\">Almacenamiento m\u00e1ximo<\/td>\n<td width=\"774\">10 TB<\/td>\n<\/tr>\n<tr>\n<td rowspan=\"2\" width=\"149\">Red<\/td>\n<td width=\"197\">Interfaz de red<\/td>\n<td width=\"774\">1 \u2013 RJ45 10M\/100M<\/td>\n<\/tr>\n<tr>\n<td width=\"197\">Protocolo de red<\/td>\n<td width=\"774\">UPnP \/ SMTP \/ PPPoE \/ DHCP\u2026<\/td>\n<\/tr>\n<tr>\n<td rowspan=\"7\" width=\"149\">Otro<\/td>\n<td width=\"197\">Fuente de alimentaci\u00f3n<\/td>\n<td width=\"774\">CC 12 V\/2 A<\/td>\n<\/tr>\n<tr>\n<td width=\"197\">USB<\/td>\n<td width=\"774\">1- USB 2.0 para rat\u00f3n o backup<\/td>\n<\/tr>\n<tr>\n<td width=\"197\">Consumo de energ\u00eda<\/td>\n<td width=\"774\">\u22645 W (sin disco duro)<\/td>\n<\/tr>\n<tr>\n<td width=\"197\">Temperatura de funcionamiento (\u00b0C)<\/td>\n<td width=\"774\">\u00a0-10\u2103~+55\u2103<\/td>\n<\/tr>\n<tr>\n<td width=\"197\">Humedad de trabajo (%) RH<\/td>\n<td width=\"774\">10%~90%<\/td>\n<\/tr>\n<tr>\n<td width=\"197\">Tama\u00f1o<\/td>\n<td width=\"774\">45 cm x 25,5 cm x 28,5 cm<\/td>\n<\/tr>\n<tr>\n<td width=\"197\">Peso (sin disco duro)<\/td>\n<td width=\"774\">\u22641 kg<\/td>\n<\/tr>\n<tr>\n<td colspan=\"3\">Especificaciones de la c\u00e1mara<\/td>\n<\/tr>\n<tr>\n<td rowspan=\"3\">Sensor de imagen<\/td>\n<td width=\"197\">sensor<\/td>\n<td width=\"774\">Sensor CMOS de 1,0 MP\/Sensor CMOS de 1080P\/CMOS de 5,0 MP<\/td>\n<\/tr>\n<tr>\n<td width=\"197\">Lente<\/td>\n<td width=\"774\">3,6 mm<\/td>\n<\/tr>\n<tr>\n<td width=\"197\">Baja iluminaci\u00f3n<\/td>\n<td width=\"774\">0,01 lux<\/td>\n<\/tr>\n<tr>\n<td rowspan=\"8\" width=\"149\">Video<\/td>\n<td width=\"197\">P\u00edxel efectivo<\/td>\n<td width=\"774\">Sensor CMOS de 1.0 MP\/1080P\/5.0 MP<\/td>\n<\/tr>\n<tr>\n<td>Modo de se\u00f1al<\/td>\n<td>AHD\/TVI\/CVI\/CVBS<\/td>\n<\/tr>\n<tr>\n<td>Sistema de TV:<\/td>\n<td width=\"774\">PAL | NTSC<\/td>\n<\/tr>\n<tr>\n<td>UTC<\/td>\n<td width=\"774\">S\u00ed<\/td>\n<\/tr>\n<tr>\n<td>Reducci\u00f3n de ruido<\/td>\n<td>\u00a0Auto<\/td>\n<\/tr>\n<tr>\n<td width=\"197\">Balance de blancos<\/td>\n<td width=\"774\">\u00a0Auto<\/td>\n<\/tr>\n<tr>\n<td width=\"197\">Fuente de alimentaci\u00f3n:<\/td>\n<td width=\"774\">Puerto de CC<\/td>\n<\/tr>\n<tr>\n<td width=\"197\">Salida de v\u00eddeo<\/td>\n<td width=\"774\">Puerto BNC<\/td>\n<\/tr>\n<tr>\n<td colspan=\"3\" width=\"1121\">Paquete de kits<\/td>\n<\/tr>\n<tr>\n<td width=\"149\">DVR:<\/td>\n<td colspan=\"2\" width=\"971\">1* XVR<\/td>\n<\/tr>\n<tr>\n<td width=\"149\">C\u00e1mara:<\/td>\n<td colspan=\"2\" width=\"971\">8* C\u00e1mara<\/td>\n<\/tr>\n<tr>\n<td width=\"149\">Fuente de alimentaci\u00f3n:<\/td>\n<td colspan=\"2\" width=\"971\">DC12V 2A * 2 piezas (para NVR y c\u00e1mara)<\/td>\n<\/tr>\n<tr>\n<td width=\"149\">Cable:<\/td>\n<td colspan=\"2\" width=\"971\">Cable BNC de 20 m x 8 piezas; Cable de alimentaci\u00f3n CC 1 en 4 x 2<\/td>\n<\/tr>\n<tr>\n<td>Rat\u00f3n USB<\/td>\n<td colspan=\"2\">1 pieza<\/td>\n<\/tr>\n<tr>\n<td>Manual del usuario<\/td>\n<td colspan=\"2\">*1 pieza<\/td>\n<\/tr>\n<tr>\n<td>Bolsa de tornillos<\/td>\n<td colspan=\"2\">Uso de HDD *1 pieza; Para c\u00e1maras *8 piezas<\/td>\n<\/tr>\n<\/tbody>\n<\/table>","protected":false},"excerpt":{"rendered":"<p>\u2022 1 XVR de 8 canales<br \/>\n\u2022 C\u00e1maras AHD* 8 piezas Bullet IP66<br \/>\n\u2022 C\u00e1maras: Lente HD de 3,6 mm, 2 Array IRS,<br \/>\n\u2022 Entrada de v\u00eddeo: 8 canales x 1,0 MP\/2 MP\/5,0 MP<br \/>\n\u2022 Salida de video: Salida HDMI 1 canal; Salida VGA 1 canal; Salida de audio 1 canal;<br \/>\n\u2022 Interfaz: VGA*1, HDMI*1, USB*2<br \/>\n\u2022 Admite 24 idiomas m\u00faltiples en la interfaz de usuario.<br \/>\n\u2022 Admite 1 disco duro SATA * 10 TB (m\u00e1x.)<br \/>\n\u2022 La tecnolog\u00eda de nube P2P permiti\u00f3 la visualizaci\u00f3n remota por tel\u00e9fono.<br \/>\n\u2022 Compatible con Onvif, compatible con aplicaciones de tel\u00e9fonos inteligentes (Android, IOS, IPAD)<br \/>\n\u2022 Compatible con m\u00faltiples navegadores (IE, Firefox, Google)<\/p>","protected":false},"featured_media":6679,"template":"","meta":[],"product_brand":[],"product_cat":[552],"product_tag":[631,633,632],"class_list":{"0":"post-6678","1":"product","2":"type-product","3":"status-publish","4":"has-post-thumbnail","6":"product_cat-ahd-kits","7":"product_tag-cctv-cameras-kits","8":"product_tag-security-camera-system","9":"product_tag-security-cameras-kits","11":"first","12":"instock","13":"shipping-taxable","14":"product-type-simple"},"acf":[],"yoast_head":"<!-- This site is optimized with the Yoast SEO Premium plugin v20.2.1 (Yoast SEO v26.1.1) - https:\/\/yoast.com\/wordpress\/plugins\/seo\/ -->\n<title>5.0MP 8 Channels 5M-N Outdoor Metal Bullet AHD 2MP XVR KIT - Bokysee Technology Co.,LTD<\/title>\n<meta name=\"description\" content=\"5.0MP 8 Channels 5M-N Outdoor Metal Bullet AHD CCTV Camera Kit XVR Outdoor Security Camera System Support OEM ODM DIY Shell\" \/>\n<meta name=\"robots\" content=\"index, follow, max-snippet:-1, max-image-preview:large, max-video-preview:-1\" \/>\n<link rel=\"canonical\" href=\"https:\/\/bokysee.com\/es\/products\/5-0mp-8-channels-5m-n-outdoor-metal-bullet-ahd-2mp-xvr-kit\/\" \/>\n<meta property=\"og:locale\" content=\"es_ES\" \/>\n<meta property=\"og:type\" content=\"article\" \/>\n<meta property=\"og:title\" content=\"5.0MP 8 Channels 5M-N Outdoor Metal Bullet AHD 2MP XVR KIT\" \/>\n<meta property=\"og:description\" content=\"5.0MP 8 Channels 5M-N Outdoor Metal Bullet AHD CCTV Camera Kit XVR Outdoor Security Camera System Support OEM ODM DIY Shell\" \/>\n<meta property=\"og:url\" content=\"https:\/\/bokysee.com\/es\/products\/5-0mp-8-channels-5m-n-outdoor-metal-bullet-ahd-2mp-xvr-kit\/\" \/>\n<meta property=\"og:site_name\" content=\"Bokysee Technology Co.,LTD\" \/>\n<meta property=\"article:modified_time\" content=\"2024-09-09T08:01:31+00:00\" \/>\n<meta property=\"og:image\" content=\"https:\/\/bokysee.com\/wp-content\/uploads\/2023\/10\/8CH-AHD-Kits-A44.jpg\" \/>\n\t<meta property=\"og:image:width\" content=\"800\" \/>\n\t<meta property=\"og:image:height\" content=\"800\" \/>\n\t<meta property=\"og:image:type\" content=\"image\/jpeg\" \/>\n<meta name=\"twitter:card\" content=\"summary_large_image\" \/>\n<meta name=\"twitter:label1\" content=\"Tiempo de lectura\" \/>\n\t<meta name=\"twitter:data1\" content=\"2 minutos\" \/>\n<script type=\"application\/ld+json\" class=\"yoast-schema-graph\">{\"@context\":\"https:\/\/schema.org\",\"@graph\":[{\"@type\":\"WebPage\",\"@id\":\"https:\/\/bokysee.com\/products\/5-0mp-8-channels-5m-n-outdoor-metal-bullet-ahd-2mp-xvr-kit\/\",\"url\":\"https:\/\/bokysee.com\/products\/5-0mp-8-channels-5m-n-outdoor-metal-bullet-ahd-2mp-xvr-kit\/\",\"name\":\"5.0MP 8 Channels 5M-N Outdoor Metal Bullet AHD 2MP XVR KIT - Bokysee Technology Co.,LTD\",\"isPartOf\":{\"@id\":\"https:\/\/bokysee.com\/#website\"},\"primaryImageOfPage\":{\"@id\":\"https:\/\/bokysee.com\/products\/5-0mp-8-channels-5m-n-outdoor-metal-bullet-ahd-2mp-xvr-kit\/#primaryimage\"},\"image\":{\"@id\":\"https:\/\/bokysee.com\/products\/5-0mp-8-channels-5m-n-outdoor-metal-bullet-ahd-2mp-xvr-kit\/#primaryimage\"},\"thumbnailUrl\":\"https:\/\/bokysee.com\/wp-content\/uploads\/2023\/10\/8CH-AHD-Kits-A44.jpg\",\"datePublished\":\"2023-10-09T07:07:33+00:00\",\"dateModified\":\"2024-09-09T08:01:31+00:00\",\"description\":\"5.0MP 8 Channels 5M-N Outdoor Metal Bullet AHD CCTV Camera Kit XVR Outdoor Security Camera System Support OEM ODM DIY Shell\",\"breadcrumb\":{\"@id\":\"https:\/\/bokysee.com\/products\/5-0mp-8-channels-5m-n-outdoor-metal-bullet-ahd-2mp-xvr-kit\/#breadcrumb\"},\"inLanguage\":\"es\",\"potentialAction\":[{\"@type\":\"ReadAction\",\"target\":[\"https:\/\/bokysee.com\/products\/5-0mp-8-channels-5m-n-outdoor-metal-bullet-ahd-2mp-xvr-kit\/\"]}]},{\"@type\":\"ImageObject\",\"inLanguage\":\"es\",\"@id\":\"https:\/\/bokysee.com\/products\/5-0mp-8-channels-5m-n-outdoor-metal-bullet-ahd-2mp-xvr-kit\/#primaryimage\",\"url\":\"https:\/\/bokysee.com\/wp-content\/uploads\/2023\/10\/8CH-AHD-Kits-A44.jpg\",\"contentUrl\":\"https:\/\/bokysee.com\/wp-content\/uploads\/2023\/10\/8CH-AHD-Kits-A44.jpg\",\"width\":800,\"height\":800},{\"@type\":\"BreadcrumbList\",\"@id\":\"https:\/\/bokysee.com\/products\/5-0mp-8-channels-5m-n-outdoor-metal-bullet-ahd-2mp-xvr-kit\/#breadcrumb\",\"itemListElement\":[{\"@type\":\"ListItem\",\"position\":1,\"name\":\"Home\",\"item\":\"https:\/\/bokysee.com\/\"},{\"@type\":\"ListItem\",\"position\":2,\"name\":\"Products\",\"item\":\"https:\/\/bokysee.com\/products\/\"},{\"@type\":\"ListItem\",\"position\":3,\"name\":\"5.0MP 8 Channels 5M-N Outdoor Metal Bullet AHD 2MP XVR KIT\"}]},{\"@type\":\"WebSite\",\"@id\":\"https:\/\/bokysee.com\/#website\",\"url\":\"https:\/\/bokysee.com\/\",\"name\":\"Bokysee Technology Co.,LTD\",\"description\":\"Professional Smart Indoor and Outdoor Security Cameras Solution Supplier\",\"potentialAction\":[{\"@type\":\"SearchAction\",\"target\":{\"@type\":\"EntryPoint\",\"urlTemplate\":\"https:\/\/bokysee.com\/?s={search_term_string}\"},\"query-input\":{\"@type\":\"PropertyValueSpecification\",\"valueRequired\":true,\"valueName\":\"search_term_string\"}}],\"inLanguage\":\"es\"}]}<\/script>\n<!-- \/ Yoast SEO Premium plugin. -->","yoast_head_json":{"title":"5.0MP 8 Channels 5M-N Outdoor Metal Bullet AHD 2MP XVR KIT - Bokysee Technology Co.,LTD","description":"5.0MP 8 Channels 5M-N Outdoor Metal Bullet AHD CCTV Camera Kit XVR Outdoor Security Camera System Support OEM ODM DIY Shell","robots":{"index":"index","follow":"follow","max-snippet":"max-snippet:-1","max-image-preview":"max-image-preview:large","max-video-preview":"max-video-preview:-1"},"canonical":"https:\/\/bokysee.com\/es\/products\/5-0mp-8-channels-5m-n-outdoor-metal-bullet-ahd-2mp-xvr-kit\/","og_locale":"es_ES","og_type":"article","og_title":"5.0MP 8 Channels 5M-N Outdoor Metal Bullet AHD 2MP XVR KIT","og_description":"5.0MP 8 Channels 5M-N Outdoor Metal Bullet AHD CCTV Camera Kit XVR Outdoor Security Camera System Support OEM ODM DIY Shell","og_url":"https:\/\/bokysee.com\/es\/products\/5-0mp-8-channels-5m-n-outdoor-metal-bullet-ahd-2mp-xvr-kit\/","og_site_name":"Bokysee Technology Co.,LTD","article_modified_time":"2024-09-09T08:01:31+00:00","og_image":[{"width":800,"height":800,"url":"https:\/\/bokysee.com\/wp-content\/uploads\/2023\/10\/8CH-AHD-Kits-A44.jpg","type":"image\/jpeg"}],"twitter_card":"summary_large_image","twitter_misc":{"Tiempo de lectura":"2 minutos"},"schema":{"@context":"https:\/\/schema.org","@graph":[{"@type":"WebPage","@id":"https:\/\/bokysee.com\/products\/5-0mp-8-channels-5m-n-outdoor-metal-bullet-ahd-2mp-xvr-kit\/","url":"https:\/\/bokysee.com\/products\/5-0mp-8-channels-5m-n-outdoor-metal-bullet-ahd-2mp-xvr-kit\/","name":"5.0MP 8 Channels 5M-N Outdoor Metal Bullet AHD 2MP XVR KIT - Bokysee Technology Co.,LTD","isPartOf":{"@id":"https:\/\/bokysee.com\/#website"},"primaryImageOfPage":{"@id":"https:\/\/bokysee.com\/products\/5-0mp-8-channels-5m-n-outdoor-metal-bullet-ahd-2mp-xvr-kit\/#primaryimage"},"image":{"@id":"https:\/\/bokysee.com\/products\/5-0mp-8-channels-5m-n-outdoor-metal-bullet-ahd-2mp-xvr-kit\/#primaryimage"},"thumbnailUrl":"https:\/\/bokysee.com\/wp-content\/uploads\/2023\/10\/8CH-AHD-Kits-A44.jpg","datePublished":"2023-10-09T07:07:33+00:00","dateModified":"2024-09-09T08:01:31+00:00","description":"5.0MP 8 Channels 5M-N Outdoor Metal Bullet AHD CCTV Camera Kit XVR Outdoor Security Camera System Support OEM ODM DIY Shell","breadcrumb":{"@id":"https:\/\/bokysee.com\/products\/5-0mp-8-channels-5m-n-outdoor-metal-bullet-ahd-2mp-xvr-kit\/#breadcrumb"},"inLanguage":"es","potentialAction":[{"@type":"ReadAction","target":["https:\/\/bokysee.com\/products\/5-0mp-8-channels-5m-n-outdoor-metal-bullet-ahd-2mp-xvr-kit\/"]}]},{"@type":"ImageObject","inLanguage":"es","@id":"https:\/\/bokysee.com\/products\/5-0mp-8-channels-5m-n-outdoor-metal-bullet-ahd-2mp-xvr-kit\/#primaryimage","url":"https:\/\/bokysee.com\/wp-content\/uploads\/2023\/10\/8CH-AHD-Kits-A44.jpg","contentUrl":"https:\/\/bokysee.com\/wp-content\/uploads\/2023\/10\/8CH-AHD-Kits-A44.jpg","width":800,"height":800},{"@type":"BreadcrumbList","@id":"https:\/\/bokysee.com\/products\/5-0mp-8-channels-5m-n-outdoor-metal-bullet-ahd-2mp-xvr-kit\/#breadcrumb","itemListElement":[{"@type":"ListItem","position":1,"name":"Home","item":"https:\/\/bokysee.com\/"},{"@type":"ListItem","position":2,"name":"Products","item":"https:\/\/bokysee.com\/products\/"},{"@type":"ListItem","position":3,"name":"5.0MP 8 Channels 5M-N Outdoor Metal Bullet AHD 2MP XVR KIT"}]},{"@type":"WebSite","@id":"https:\/\/bokysee.com\/#website","url":"https:\/\/bokysee.com\/","name":"Bokysee Technology Co.,LTD","description":"Professional Smart Indoor and Outdoor Security Cameras Solution Supplier","potentialAction":[{"@type":"SearchAction","target":{"@type":"EntryPoint","urlTemplate":"https:\/\/bokysee.com\/?s={search_term_string}"},"query-input":{"@type":"PropertyValueSpecification","valueRequired":true,"valueName":"search_term_string"}}],"inLanguage":"es"}]}},"_links":{"self":[{"href":"https:\/\/bokysee.com\/es\/wp-json\/wp\/v2\/product\/6678","targetHints":{"allow":["GET"]}}],"collection":[{"href":"https:\/\/bokysee.com\/es\/wp-json\/wp\/v2\/product"}],"about":[{"href":"https:\/\/bokysee.com\/es\/wp-json\/wp\/v2\/types\/product"}],"version-history":[{"count":0,"href":"https:\/\/bokysee.com\/es\/wp-json\/wp\/v2\/product\/6678\/revisions"}],"wp:featuredmedia":[{"embeddable":true,"href":"https:\/\/bokysee.com\/es\/wp-json\/wp\/v2\/media\/6679"}],"wp:attachment":[{"href":"https:\/\/bokysee.com\/es\/wp-json\/wp\/v2\/media?parent=6678"}],"wp:term":[{"taxonomy":"product_brand","embeddable":true,"href":"https:\/\/bokysee.com\/es\/wp-json\/wp\/v2\/product_brand?post=6678"},{"taxonomy":"product_cat","embeddable":true,"href":"https:\/\/bokysee.com\/es\/wp-json\/wp\/v2\/product_cat?post=6678"},{"taxonomy":"product_tag","embeddable":true,"href":"https:\/\/bokysee.com\/es\/wp-json\/wp\/v2\/product_tag?post=6678"}],"curies":[{"name":"wp","href":"https:\/\/api.w.org\/{rel}","templated":true}]}}