{"id":6620,"date":"2023-10-08T19:37:16","date_gmt":"2023-10-08T11:37:16","guid":{"rendered":"https:\/\/bokysee.com\/?post_type=product&#038;p=6620"},"modified":"2023-10-08T19:41:05","modified_gmt":"2023-10-08T11:41:05","slug":"hot-video-chat-home-security-camera-with-one-button-call-for-real-time-communication","status":"publish","type":"product","link":"https:\/\/bokysee.com\/es\/products\/hot-video-chat-home-security-camera-with-one-button-call-for-real-time-communication\/","title":{"rendered":"C\u00e1mara de seguridad para el hogar con videochat CALIENTE y llamada con un solo bot\u00f3n para comunicaci\u00f3n en tiempo real"},"content":{"rendered":"<p>C\u00e1mara de seguridad para el hogar con videochat CALIENTE y llamada con un solo bot\u00f3n para comunicaci\u00f3n en tiempo real<\/p>\n<p>ChatCam es un dispositivo con pantalla de alta definici\u00f3n de 2.8 pulgadas y videollamadas bidireccionales que proporciona una interacci\u00f3n m\u00e1s cercana y una mejor comunicaci\u00f3n. Es ideal para familias con personas mayores o ni\u00f1os peque\u00f1os que pueden tener dificultades con los tel\u00e9fonos m\u00f3viles. Con una c\u00e1mara gran angular de 120 grados, se puede colocar f\u00e1cilmente en cualquier habitaci\u00f3n para su monitorizaci\u00f3n. Ofrece una resoluci\u00f3n de 1080p y monitoreo PTZ de 360 grados para mayor tranquilidad. Adem\u00e1s, cuenta con mensajes de alerta avanzados basados en la forma humana y detecci\u00f3n de llanto, lo que garantiza notificaciones push precisas incluso cuando no est\u00e1.<\/p>\n<p><strong><b>Presupuesto:<\/b><\/strong><\/p>\n<table>\n<tbody>\n<tr>\n<td width=\"217\">N.\u00ba de modelo<\/td>\n<td width=\"464\">BK-VC012M<\/td>\n<\/tr>\n<tr>\n<td width=\"217\">UPC<\/td>\n<td width=\"464\">Procesador de doble n\u00facleo<\/td>\n<\/tr>\n<tr>\n<td width=\"217\">Pantalla LCD<\/td>\n<td width=\"464\">Pantalla IPS HD de 2,8\u2033<\/td>\n<\/tr>\n<tr>\n<td width=\"217\">Resoluci\u00f3n de video<\/td>\n<td width=\"464\">1920*1080 HD<\/td>\n<\/tr>\n<tr>\n<td width=\"217\">Lente<\/td>\n<td width=\"464\">Vista amplia de 120\u2033<\/td>\n<\/tr>\n<tr>\n<td width=\"217\">Visi\u00f3n nocturna<\/td>\n<td width=\"464\">Distancia 6M<\/td>\n<\/tr>\n<tr>\n<td width=\"217\">Audio:<\/td>\n<td width=\"464\">Matriz de micr\u00f3fono digital dual, distancia de captaci\u00f3n: 4 m<\/td>\n<\/tr>\n<tr>\n<td width=\"217\">Rotaci\u00f3n PTZ<\/td>\n<td width=\"464\">350 grados horizontalmente, 60 grados verticalmente<\/td>\n<\/tr>\n<tr>\n<td width=\"217\">Red<\/td>\n<td width=\"464\">Wi-Fi 2.4G<\/td>\n<\/tr>\n<tr>\n<td width=\"217\">Funci\u00f3n de IA:<\/td>\n<td width=\"464\">detecci\u00f3n humana, detecci\u00f3n de movimiento<\/td>\n<\/tr>\n<tr>\n<td width=\"217\">Alarma inteligente<\/td>\n<td width=\"464\">Mensaje Push, Alerta de \u00c1rea<\/td>\n<\/tr>\n<tr>\n<td width=\"217\">Servicio en la nube<\/td>\n<td width=\"464\">Admite almacenamiento en la nube<\/td>\n<\/tr>\n<tr>\n<td width=\"217\">Ranura para tarjeta TF<\/td>\n<td width=\"464\">Admite tarjeta TF, m\u00e1ximo 128 GB<\/td>\n<\/tr>\n<tr>\n<td width=\"217\">enchufe de alimentaci\u00f3n<\/td>\n<td width=\"464\">TAPY-C, CC 5 V\/2 A<\/td>\n<\/tr>\n<tr>\n<td width=\"217\">Tecla de reinicio<\/td>\n<td width=\"464\">Apoyo<\/td>\n<\/tr>\n<tr>\n<td width=\"217\">Protecci\u00f3n de la privacidad<\/td>\n<td width=\"464\">RGPD<\/td>\n<\/tr>\n<tr>\n<td width=\"217\">Proceso de dar un t\u00edtulo<\/td>\n<td width=\"464\">RoHS, CE, FCC<\/td>\n<\/tr>\n<tr>\n<td width=\"217\">Tama\u00f1o del producto<\/td>\n<td width=\"464\">79,1 (largo) x 92,1 (ancho) x 153 (alto) mm<\/td>\n<\/tr>\n<tr>\n<td width=\"217\">Entorno de trabajo<\/td>\n<td width=\"464\">-10\u2103\u301c50\u2103,30\uff05\u301c80\uff05HR<\/td>\n<\/tr>\n<\/tbody>\n<\/table>\n<p><img fetchpriority=\"high\" decoding=\"async\" class=\"alignnone size-full wp-image-6633\" src=\"https:\/\/bokysee.com\/wp-content\/uploads\/2023\/10\/BK-VC012M-01.jpg\" alt=\"\" width=\"750\" height=\"750\" srcset=\"https:\/\/bokysee.com\/wp-content\/uploads\/2023\/10\/BK-VC012M-01.jpg 750w, https:\/\/bokysee.com\/wp-content\/uploads\/2023\/10\/BK-VC012M-01-300x300.jpg 300w, https:\/\/bokysee.com\/wp-content\/uploads\/2023\/10\/BK-VC012M-01-150x150.jpg 150w, https:\/\/bokysee.com\/wp-content\/uploads\/2023\/10\/BK-VC012M-01-600x600.jpg 600w, https:\/\/bokysee.com\/wp-content\/uploads\/2023\/10\/BK-VC012M-01-100x100.jpg 100w\" sizes=\"(max-width: 750px) 100vw, 750px\" \/> <img decoding=\"async\" class=\"alignnone size-full wp-image-6636\" src=\"https:\/\/bokysee.com\/wp-content\/uploads\/2023\/10\/BK-VC012M-02.jpg\" alt=\"\" width=\"800\" height=\"800\" srcset=\"https:\/\/bokysee.com\/wp-content\/uploads\/2023\/10\/BK-VC012M-02.jpg 800w, https:\/\/bokysee.com\/wp-content\/uploads\/2023\/10\/BK-VC012M-02-768x768.jpg 768w\" sizes=\"(max-width: 800px) 100vw, 800px\" \/> <img decoding=\"async\" class=\"alignnone size-full wp-image-6639\" src=\"https:\/\/bokysee.com\/wp-content\/uploads\/2023\/10\/BK-VC012M-03-1.jpg\" alt=\"\" width=\"800\" height=\"800\" srcset=\"https:\/\/bokysee.com\/wp-content\/uploads\/2023\/10\/BK-VC012M-03-1.jpg 800w, https:\/\/bokysee.com\/wp-content\/uploads\/2023\/10\/BK-VC012M-03-1-768x768.jpg 768w\" sizes=\"(max-width: 800px) 100vw, 800px\" \/> <img loading=\"lazy\" decoding=\"async\" class=\"alignnone size-full wp-image-6642\" src=\"https:\/\/bokysee.com\/wp-content\/uploads\/2023\/10\/BK-VC012M-04.jpg\" alt=\"\" width=\"800\" height=\"800\" srcset=\"https:\/\/bokysee.com\/wp-content\/uploads\/2023\/10\/BK-VC012M-04.jpg 800w, https:\/\/bokysee.com\/wp-content\/uploads\/2023\/10\/BK-VC012M-04-768x768.jpg 768w\" sizes=\"(max-width: 800px) 100vw, 800px\" \/> <img loading=\"lazy\" decoding=\"async\" class=\"alignnone size-full wp-image-6645\" src=\"https:\/\/bokysee.com\/wp-content\/uploads\/2023\/10\/BK-VC012M-05.jpg\" alt=\"\" width=\"800\" height=\"800\" srcset=\"https:\/\/bokysee.com\/wp-content\/uploads\/2023\/10\/BK-VC012M-05.jpg 800w, https:\/\/bokysee.com\/wp-content\/uploads\/2023\/10\/BK-VC012M-05-768x768.jpg 768w\" sizes=\"(max-width: 800px) 100vw, 800px\" \/> <img loading=\"lazy\" decoding=\"async\" class=\"alignnone size-full wp-image-6648\" src=\"https:\/\/bokysee.com\/wp-content\/uploads\/2023\/10\/BK-VC012M-06.jpg\" alt=\"\" width=\"750\" height=\"750\" srcset=\"https:\/\/bokysee.com\/wp-content\/uploads\/2023\/10\/BK-VC012M-06.jpg 750w, https:\/\/bokysee.com\/wp-content\/uploads\/2023\/10\/BK-VC012M-06-300x300.jpg 300w, https:\/\/bokysee.com\/wp-content\/uploads\/2023\/10\/BK-VC012M-06-150x150.jpg 150w, https:\/\/bokysee.com\/wp-content\/uploads\/2023\/10\/BK-VC012M-06-600x600.jpg 600w, https:\/\/bokysee.com\/wp-content\/uploads\/2023\/10\/BK-VC012M-06-100x100.jpg 100w\" sizes=\"(max-width: 750px) 100vw, 750px\" \/> <img loading=\"lazy\" decoding=\"async\" class=\"alignnone size-full wp-image-6651\" src=\"https:\/\/bokysee.com\/wp-content\/uploads\/2023\/10\/BK-VC012M-07.jpg\" alt=\"\" width=\"800\" height=\"800\" srcset=\"https:\/\/bokysee.com\/wp-content\/uploads\/2023\/10\/BK-VC012M-07.jpg 800w, https:\/\/bokysee.com\/wp-content\/uploads\/2023\/10\/BK-VC012M-07-768x768.jpg 768w\" sizes=\"(max-width: 800px) 100vw, 800px\" \/> <img loading=\"lazy\" decoding=\"async\" class=\"alignnone size-full wp-image-6654\" src=\"https:\/\/bokysee.com\/wp-content\/uploads\/2023\/10\/BK-VC012M-09-1.jpg\" alt=\"\" width=\"800\" height=\"800\" srcset=\"https:\/\/bokysee.com\/wp-content\/uploads\/2023\/10\/BK-VC012M-09-1.jpg 800w, https:\/\/bokysee.com\/wp-content\/uploads\/2023\/10\/BK-VC012M-09-1-768x768.jpg 768w\" sizes=\"(max-width: 800px) 100vw, 800px\" \/> <img loading=\"lazy\" decoding=\"async\" class=\"alignnone size-full wp-image-6657\" src=\"https:\/\/bokysee.com\/wp-content\/uploads\/2023\/10\/BK-VC012M-11.jpg\" alt=\"\" width=\"800\" height=\"800\" srcset=\"https:\/\/bokysee.com\/wp-content\/uploads\/2023\/10\/BK-VC012M-11.jpg 800w, https:\/\/bokysee.com\/wp-content\/uploads\/2023\/10\/BK-VC012M-11-768x768.jpg 768w\" sizes=\"(max-width: 800px) 100vw, 800px\" \/> <img loading=\"lazy\" decoding=\"async\" class=\"alignnone size-full wp-image-6660\" src=\"https:\/\/bokysee.com\/wp-content\/uploads\/2023\/10\/BK-VC012M-12-1.jpg\" alt=\"\" width=\"800\" height=\"800\" srcset=\"https:\/\/bokysee.com\/wp-content\/uploads\/2023\/10\/BK-VC012M-12-1.jpg 800w, https:\/\/bokysee.com\/wp-content\/uploads\/2023\/10\/BK-VC012M-12-1-768x768.jpg 768w\" sizes=\"(max-width: 800px) 100vw, 800px\" \/> <img loading=\"lazy\" decoding=\"async\" class=\"alignnone size-full wp-image-6663\" src=\"https:\/\/bokysee.com\/wp-content\/uploads\/2023\/10\/BK-VC012M-13.jpg\" alt=\"\" width=\"800\" height=\"800\" srcset=\"https:\/\/bokysee.com\/wp-content\/uploads\/2023\/10\/BK-VC012M-13.jpg 800w, https:\/\/bokysee.com\/wp-content\/uploads\/2023\/10\/BK-VC012M-13-768x768.jpg 768w\" sizes=\"(max-width: 800px) 100vw, 800px\" \/> <img loading=\"lazy\" decoding=\"async\" class=\"alignnone size-full wp-image-6666\" src=\"https:\/\/bokysee.com\/wp-content\/uploads\/2023\/10\/BK-VC012M-14.jpg\" alt=\"\" width=\"750\" height=\"750\" srcset=\"https:\/\/bokysee.com\/wp-content\/uploads\/2023\/10\/BK-VC012M-14.jpg 750w, https:\/\/bokysee.com\/wp-content\/uploads\/2023\/10\/BK-VC012M-14-300x300.jpg 300w, https:\/\/bokysee.com\/wp-content\/uploads\/2023\/10\/BK-VC012M-14-150x150.jpg 150w, https:\/\/bokysee.com\/wp-content\/uploads\/2023\/10\/BK-VC012M-14-600x600.jpg 600w, https:\/\/bokysee.com\/wp-content\/uploads\/2023\/10\/BK-VC012M-14-100x100.jpg 100w\" sizes=\"(max-width: 750px) 100vw, 750px\" \/><\/p>\n<p>&nbsp;<\/p>\n<p>&nbsp;<\/p>","protected":false},"excerpt":{"rendered":"<p>C\u00e1mara WiFi para videollamadas:<br \/>\nCPU: Procesador de doble n\u00facleo<br \/>\nLCD: Pantalla IPS HD de 2,8\u2033<br \/>\nResoluci\u00f3n de video: 1920*1080 HD<br \/>\nLente: visi\u00f3n amplia de 120\u00b0<br \/>\nVisi\u00f3n nocturna Distancia: 8 metros<br \/>\nAudio: Matriz de micr\u00f3fono digital dual, distancia de captaci\u00f3n: 4 m<br \/>\nRotaci\u00f3n PTZ: 350 grados horizontalmente, 60 grados verticalmente<br \/>\nRed: WI-FI de 2,4 Ghz<br \/>\nDetecci\u00f3n de IA: detecci\u00f3n de personas, detecci\u00f3n de llanto<br \/>\nAlarma inteligente: env\u00edo de mensajes, alerta de \u00e1rea<br \/>\nServicio en la nube: Soporte para almacenamiento en la nube<br \/>\nRanura para tarjeta TF: compatible con tarjeta TF, m\u00e1ximo 128 GB<br \/>\nEnchufe de alimentaci\u00f3n: Tipo C, CC 5 V\/2 A<\/p>","protected":false},"featured_media":6621,"template":"","meta":[],"product_brand":[],"product_cat":[549],"product_tag":[626,146,624,625],"class_list":{"0":"post-6620","1":"product","2":"type-product","3":"status-publish","4":"has-post-thumbnail","6":"product_cat-smart-wifi-camera","7":"product_tag-indoor-home-security","8":"product_tag-smart-wifi-security-camera","9":"product_tag-video-chat-camera","10":"product_tag-wireless-security-camera","12":"first","13":"instock","14":"shipping-taxable","15":"product-type-simple"},"acf":[],"yoast_head":"<!-- This site is optimized with the Yoast SEO Premium plugin v20.2.1 (Yoast SEO v26.1.1) - https:\/\/yoast.com\/wordpress\/plugins\/seo\/ -->\n<title>HOT Video Chat Home Security Camera with One-Button Call for Real Time Communication - Bokysee Technology Co.,LTD<\/title>\n<meta name=\"description\" content=\"First Public Tuya App Outdoor 4G 5W Solar Battery Powered AI Human Detection Wireless Security PTZ CCTV Camera from Bokysee\" \/>\n<meta name=\"robots\" content=\"index, follow, max-snippet:-1, max-image-preview:large, max-video-preview:-1\" \/>\n<link rel=\"canonical\" href=\"https:\/\/bokysee.com\/es\/products\/hot-video-chat-home-security-camera-with-one-button-call-for-real-time-communication\/\" \/>\n<meta property=\"og:locale\" content=\"es_ES\" \/>\n<meta property=\"og:type\" content=\"article\" \/>\n<meta property=\"og:title\" content=\"HOT Video Chat Home Security Camera with One-Button Call for Real Time Communication\" \/>\n<meta property=\"og:description\" content=\"First Public Tuya App Outdoor 4G 5W Solar Battery Powered AI Human Detection Wireless Security PTZ CCTV Camera from Bokysee\" \/>\n<meta property=\"og:url\" content=\"https:\/\/bokysee.com\/es\/products\/hot-video-chat-home-security-camera-with-one-button-call-for-real-time-communication\/\" \/>\n<meta property=\"og:site_name\" content=\"Bokysee Technology Co.,LTD\" \/>\n<meta property=\"article:modified_time\" content=\"2023-10-08T11:41:05+00:00\" \/>\n<meta property=\"og:image\" content=\"https:\/\/bokysee.com\/wp-content\/uploads\/2023\/10\/Video-Calling-Camera.jpg\" \/>\n\t<meta property=\"og:image:width\" content=\"800\" \/>\n\t<meta property=\"og:image:height\" content=\"800\" \/>\n\t<meta property=\"og:image:type\" content=\"image\/jpeg\" \/>\n<meta name=\"twitter:card\" content=\"summary_large_image\" \/>\n<meta name=\"twitter:label1\" content=\"Tiempo de lectura\" \/>\n\t<meta name=\"twitter:data1\" content=\"4 minutos\" \/>\n<script type=\"application\/ld+json\" class=\"yoast-schema-graph\">{\"@context\":\"https:\/\/schema.org\",\"@graph\":[{\"@type\":\"WebPage\",\"@id\":\"https:\/\/bokysee.com\/products\/hot-video-chat-home-security-camera-with-one-button-call-for-real-time-communication\/\",\"url\":\"https:\/\/bokysee.com\/products\/hot-video-chat-home-security-camera-with-one-button-call-for-real-time-communication\/\",\"name\":\"HOT Video Chat Home Security Camera with One-Button Call for Real Time Communication - Bokysee Technology Co.,LTD\",\"isPartOf\":{\"@id\":\"https:\/\/bokysee.com\/#website\"},\"primaryImageOfPage\":{\"@id\":\"https:\/\/bokysee.com\/products\/hot-video-chat-home-security-camera-with-one-button-call-for-real-time-communication\/#primaryimage\"},\"image\":{\"@id\":\"https:\/\/bokysee.com\/products\/hot-video-chat-home-security-camera-with-one-button-call-for-real-time-communication\/#primaryimage\"},\"thumbnailUrl\":\"https:\/\/bokysee.com\/wp-content\/uploads\/2023\/10\/Video-Calling-Camera.jpg\",\"datePublished\":\"2023-10-08T11:37:16+00:00\",\"dateModified\":\"2023-10-08T11:41:05+00:00\",\"description\":\"First Public Tuya App Outdoor 4G 5W Solar Battery Powered AI Human Detection Wireless Security PTZ CCTV Camera from Bokysee\",\"breadcrumb\":{\"@id\":\"https:\/\/bokysee.com\/products\/hot-video-chat-home-security-camera-with-one-button-call-for-real-time-communication\/#breadcrumb\"},\"inLanguage\":\"es\",\"potentialAction\":[{\"@type\":\"ReadAction\",\"target\":[\"https:\/\/bokysee.com\/products\/hot-video-chat-home-security-camera-with-one-button-call-for-real-time-communication\/\"]}]},{\"@type\":\"ImageObject\",\"inLanguage\":\"es\",\"@id\":\"https:\/\/bokysee.com\/products\/hot-video-chat-home-security-camera-with-one-button-call-for-real-time-communication\/#primaryimage\",\"url\":\"https:\/\/bokysee.com\/wp-content\/uploads\/2023\/10\/Video-Calling-Camera.jpg\",\"contentUrl\":\"https:\/\/bokysee.com\/wp-content\/uploads\/2023\/10\/Video-Calling-Camera.jpg\",\"width\":800,\"height\":800},{\"@type\":\"BreadcrumbList\",\"@id\":\"https:\/\/bokysee.com\/products\/hot-video-chat-home-security-camera-with-one-button-call-for-real-time-communication\/#breadcrumb\",\"itemListElement\":[{\"@type\":\"ListItem\",\"position\":1,\"name\":\"Home\",\"item\":\"https:\/\/bokysee.com\/\"},{\"@type\":\"ListItem\",\"position\":2,\"name\":\"Products\",\"item\":\"https:\/\/bokysee.com\/products\/\"},{\"@type\":\"ListItem\",\"position\":3,\"name\":\"HOT Video Chat Home Security Camera with One-Button Call for Real Time Communication\"}]},{\"@type\":\"WebSite\",\"@id\":\"https:\/\/bokysee.com\/#website\",\"url\":\"https:\/\/bokysee.com\/\",\"name\":\"Bokysee Technology Co.,LTD\",\"description\":\"Professional Smart Indoor and Outdoor Security Cameras Solution Supplier\",\"potentialAction\":[{\"@type\":\"SearchAction\",\"target\":{\"@type\":\"EntryPoint\",\"urlTemplate\":\"https:\/\/bokysee.com\/?s={search_term_string}\"},\"query-input\":{\"@type\":\"PropertyValueSpecification\",\"valueRequired\":true,\"valueName\":\"search_term_string\"}}],\"inLanguage\":\"es\"}]}<\/script>\n<!-- \/ Yoast SEO Premium plugin. -->","yoast_head_json":{"title":"HOT Video Chat Home Security Camera with One-Button Call for Real Time Communication - Bokysee Technology Co.,LTD","description":"First Public Tuya App Outdoor 4G 5W Solar Battery Powered AI Human Detection Wireless Security PTZ CCTV Camera from Bokysee","robots":{"index":"index","follow":"follow","max-snippet":"max-snippet:-1","max-image-preview":"max-image-preview:large","max-video-preview":"max-video-preview:-1"},"canonical":"https:\/\/bokysee.com\/es\/products\/hot-video-chat-home-security-camera-with-one-button-call-for-real-time-communication\/","og_locale":"es_ES","og_type":"article","og_title":"HOT Video Chat Home Security Camera with One-Button Call for Real Time Communication","og_description":"First Public Tuya App Outdoor 4G 5W Solar Battery Powered AI Human Detection Wireless Security PTZ CCTV Camera from Bokysee","og_url":"https:\/\/bokysee.com\/es\/products\/hot-video-chat-home-security-camera-with-one-button-call-for-real-time-communication\/","og_site_name":"Bokysee Technology Co.,LTD","article_modified_time":"2023-10-08T11:41:05+00:00","og_image":[{"width":800,"height":800,"url":"https:\/\/bokysee.com\/wp-content\/uploads\/2023\/10\/Video-Calling-Camera.jpg","type":"image\/jpeg"}],"twitter_card":"summary_large_image","twitter_misc":{"Tiempo de lectura":"4 minutos"},"schema":{"@context":"https:\/\/schema.org","@graph":[{"@type":"WebPage","@id":"https:\/\/bokysee.com\/products\/hot-video-chat-home-security-camera-with-one-button-call-for-real-time-communication\/","url":"https:\/\/bokysee.com\/products\/hot-video-chat-home-security-camera-with-one-button-call-for-real-time-communication\/","name":"HOT Video Chat Home Security Camera with One-Button Call for Real Time Communication - Bokysee Technology Co.,LTD","isPartOf":{"@id":"https:\/\/bokysee.com\/#website"},"primaryImageOfPage":{"@id":"https:\/\/bokysee.com\/products\/hot-video-chat-home-security-camera-with-one-button-call-for-real-time-communication\/#primaryimage"},"image":{"@id":"https:\/\/bokysee.com\/products\/hot-video-chat-home-security-camera-with-one-button-call-for-real-time-communication\/#primaryimage"},"thumbnailUrl":"https:\/\/bokysee.com\/wp-content\/uploads\/2023\/10\/Video-Calling-Camera.jpg","datePublished":"2023-10-08T11:37:16+00:00","dateModified":"2023-10-08T11:41:05+00:00","description":"First Public Tuya App Outdoor 4G 5W Solar Battery Powered AI Human Detection Wireless Security PTZ CCTV Camera from Bokysee","breadcrumb":{"@id":"https:\/\/bokysee.com\/products\/hot-video-chat-home-security-camera-with-one-button-call-for-real-time-communication\/#breadcrumb"},"inLanguage":"es","potentialAction":[{"@type":"ReadAction","target":["https:\/\/bokysee.com\/products\/hot-video-chat-home-security-camera-with-one-button-call-for-real-time-communication\/"]}]},{"@type":"ImageObject","inLanguage":"es","@id":"https:\/\/bokysee.com\/products\/hot-video-chat-home-security-camera-with-one-button-call-for-real-time-communication\/#primaryimage","url":"https:\/\/bokysee.com\/wp-content\/uploads\/2023\/10\/Video-Calling-Camera.jpg","contentUrl":"https:\/\/bokysee.com\/wp-content\/uploads\/2023\/10\/Video-Calling-Camera.jpg","width":800,"height":800},{"@type":"BreadcrumbList","@id":"https:\/\/bokysee.com\/products\/hot-video-chat-home-security-camera-with-one-button-call-for-real-time-communication\/#breadcrumb","itemListElement":[{"@type":"ListItem","position":1,"name":"Home","item":"https:\/\/bokysee.com\/"},{"@type":"ListItem","position":2,"name":"Products","item":"https:\/\/bokysee.com\/products\/"},{"@type":"ListItem","position":3,"name":"HOT Video Chat Home Security Camera with One-Button Call for Real Time Communication"}]},{"@type":"WebSite","@id":"https:\/\/bokysee.com\/#website","url":"https:\/\/bokysee.com\/","name":"Bokysee Technology Co.,LTD","description":"Professional Smart Indoor and Outdoor Security Cameras Solution Supplier","potentialAction":[{"@type":"SearchAction","target":{"@type":"EntryPoint","urlTemplate":"https:\/\/bokysee.com\/?s={search_term_string}"},"query-input":{"@type":"PropertyValueSpecification","valueRequired":true,"valueName":"search_term_string"}}],"inLanguage":"es"}]}},"_links":{"self":[{"href":"https:\/\/bokysee.com\/es\/wp-json\/wp\/v2\/product\/6620","targetHints":{"allow":["GET"]}}],"collection":[{"href":"https:\/\/bokysee.com\/es\/wp-json\/wp\/v2\/product"}],"about":[{"href":"https:\/\/bokysee.com\/es\/wp-json\/wp\/v2\/types\/product"}],"version-history":[{"count":0,"href":"https:\/\/bokysee.com\/es\/wp-json\/wp\/v2\/product\/6620\/revisions"}],"wp:featuredmedia":[{"embeddable":true,"href":"https:\/\/bokysee.com\/es\/wp-json\/wp\/v2\/media\/6621"}],"wp:attachment":[{"href":"https:\/\/bokysee.com\/es\/wp-json\/wp\/v2\/media?parent=6620"}],"wp:term":[{"taxonomy":"product_brand","embeddable":true,"href":"https:\/\/bokysee.com\/es\/wp-json\/wp\/v2\/product_brand?post=6620"},{"taxonomy":"product_cat","embeddable":true,"href":"https:\/\/bokysee.com\/es\/wp-json\/wp\/v2\/product_cat?post=6620"},{"taxonomy":"product_tag","embeddable":true,"href":"https:\/\/bokysee.com\/es\/wp-json\/wp\/v2\/product_tag?post=6620"}],"curies":[{"name":"wp","href":"https:\/\/api.w.org\/{rel}","templated":true}]}}