{"id":6571,"date":"2023-10-08T19:26:24","date_gmt":"2023-10-08T11:26:24","guid":{"rendered":"https:\/\/bokysee.com\/?post_type=product&#038;p=6571"},"modified":"2024-09-09T15:46:07","modified_gmt":"2024-09-09T07:46:07","slug":"tuya-app-outdoor-4g-solar-battery-powered-wireless-security-ptz-cctv-camera","status":"publish","type":"product","link":"https:\/\/bokysee.com\/es\/products\/tuya-app-outdoor-4g-solar-battery-powered-wireless-security-ptz-cctv-camera\/","title":{"rendered":"C\u00e1mara CCTV PTZ de seguridad inal\u00e1mbrica para exteriores, 4G, alimentada por bater\u00eda solar, con aplicaci\u00f3n Tuya"},"content":{"rendered":"<p>C\u00e1mara CCTV PTZ de seguridad inal\u00e1mbrica para exteriores, 4G, alimentada por bater\u00eda solar, con aplicaci\u00f3n Tuya<\/p>\n<p>Actualice su sistema de seguridad con nuestras c\u00e1maras de seguridad inal\u00e1mbricas solares. Estas innovadoras c\u00e1maras utilizan energ\u00eda solar y ofrecen seguridad inal\u00e1mbrica sin complicaciones para su negocio. Disfrute de la tranquilidad de saber que su propiedad siempre est\u00e1 protegida.<\/p>\n<table width=\"1030\">\n<tbody>\n<tr>\n<td width=\"313\">Modelo<\/td>\n<td width=\"716\">BK-LXS14P3M4G<\/td>\n<\/tr>\n<tr>\n<td>Sensor<\/td>\n<td>CMOS 1\/2.9<\/td>\n<\/tr>\n<tr>\n<td>Sistema<\/td>\n<td>Sistema operativo Lite<\/td>\n<\/tr>\n<tr>\n<td rowspan=\"2\">Codificaci\u00f3n de v\u00eddeo<\/td>\n<td>3 MP, 2304 x 1296 a 20 fps<\/td>\n<\/tr>\n<tr>\n<td width=\"716\">H.265 \/ H.264<\/td>\n<\/tr>\n<tr>\n<td>Conexi\u00f3n de red<\/td>\n<td>Admite conexi\u00f3n SIM 4G<\/td>\n<\/tr>\n<tr>\n<td rowspan=\"3\">LED infrarrojo<\/td>\n<td>8 LED infrarrojos<\/td>\n<\/tr>\n<tr>\n<td>Alcance IR 20M<\/td>\n<\/tr>\n<tr>\n<td>Color 0,01 Lux a F1,2, B\/N 0,08 Lux a F1,2<\/td>\n<\/tr>\n<tr>\n<td>Modo de conmutaci\u00f3n d\u00eda-noche<\/td>\n<td>Corte infrarrojo<\/td>\n<\/tr>\n<tr>\n<td>Modo de visi\u00f3n nocturna<\/td>\n<td width=\"716\">Visi\u00f3n nocturna a color o en blanco y negro. Se puede cambiar el modo de visi\u00f3n nocturna en la aplicaci\u00f3n.<\/td>\n<\/tr>\n<tr>\n<td rowspan=\"3\">Indicador de trabajo<\/td>\n<td>encendido, luz verde encendida<\/td>\n<\/tr>\n<tr>\n<td>red conectada, luz azul encendida<\/td>\n<\/tr>\n<tr>\n<td>modo de trabajo, luz azul intermitente<\/td>\n<\/tr>\n<tr>\n<td>Lente<\/td>\n<td>3,6 mm<\/td>\n<\/tr>\n<tr>\n<td rowspan=\"3\">Alarma<\/td>\n<td>detecci\u00f3n de movimiento, detecci\u00f3n humana con IA<\/td>\n<\/tr>\n<tr>\n<td>alarma de voz de apoyo<\/td>\n<\/tr>\n<tr>\n<td>Mensaje de detecci\u00f3n de movimiento enviado a la aplicaci\u00f3n<\/td>\n<\/tr>\n<tr>\n<td rowspan=\"4\">Panor\u00e1mica e inclinaci\u00f3n<\/td>\n<td>Rotaci\u00f3n: panor\u00e1mica 355\u00b0, inclinaci\u00f3n 90\u00b0<\/td>\n<\/tr>\n<tr>\n<td>Velocidad de rotaci\u00f3n: panor\u00e1mica 55\u00b0\/s, inclinaci\u00f3n 40\u00b0\/s<\/td>\n<\/tr>\n<tr>\n<td>Puede establecer sitios favoritos<\/td>\n<\/tr>\n<tr>\n<td>Funci\u00f3n de patrulla: patrulla panor\u00e1mica o por sitios guardados<\/td>\n<\/tr>\n<tr>\n<td>Audio<\/td>\n<td>Admite audio bidireccional<\/td>\n<\/tr>\n<tr>\n<td rowspan=\"2\">Almacenamiento de v\u00eddeo<\/td>\n<td>Admite tarjeta Micro SD, hasta 1 TB (1024 G)<\/td>\n<\/tr>\n<tr>\n<td>Admite grabaci\u00f3n de v\u00eddeo en la nube (servicio pago)<\/td>\n<\/tr>\n<tr>\n<td>Grabaci\u00f3n de v\u00eddeo<\/td>\n<td width=\"716\">Grabaci\u00f3n de video mediante activaci\u00f3n por movimiento o grabaci\u00f3n manual en el tel\u00e9fono a trav\u00e9s del men\u00fa de la aplicaci\u00f3n<\/td>\n<\/tr>\n<tr>\n<td>Funci\u00f3n de reinicio<\/td>\n<td width=\"716\">Configuraci\u00f3n de f\u00e1brica mediante el bot\u00f3n de reinicio o quitando el dispositivo en la aplicaci\u00f3n<\/td>\n<\/tr>\n<tr>\n<td rowspan=\"2\">Fuerza<\/td>\n<td>Fuente de alimentaci\u00f3n mediante panel solar de 5 vatios<\/td>\n<\/tr>\n<tr>\n<td>Admite 4 bater\u00edas 18650<\/td>\n<\/tr>\n<tr>\n<td>Modo de espera<\/td>\n<td width=\"716\">Si no hay un disparador de activaci\u00f3n, la c\u00e1mara entra en modo de espera despu\u00e9s de funcionar 20 segundos<\/td>\n<\/tr>\n<tr>\n<td rowspan=\"2\">M\u00e9todo de despertar<\/td>\n<td width=\"716\">El dispositivo se activa mediante un disparador de detecci\u00f3n de movimiento, transmisi\u00f3n de medios o un disparador de visualizaci\u00f3n en vivo de la aplicaci\u00f3n.<\/td>\n<\/tr>\n<tr>\n<td>Despierta en 0,6 segundos<\/td>\n<\/tr>\n<tr>\n<td rowspan=\"2\">Modo de trabajo<\/td>\n<td>Modo de trabajo continuo o modo de trabajo de ahorro de energ\u00eda<\/td>\n<\/tr>\n<tr>\n<td>Puede cambiar el modo de trabajo en la aplicaci\u00f3n<\/td>\n<\/tr>\n<tr>\n<td rowspan=\"2\">Consumo de energ\u00eda<\/td>\n<td>D\u00eda &lt;1,5 W, noche &lt;2,5 W<\/td>\n<\/tr>\n<tr>\n<td>Consumo de energ\u00eda en espera &lt;0,003 W<\/td>\n<\/tr>\n<tr>\n<td>Entorno de trabajo<\/td>\n<td>Temperatura -20\u2103~+60\u2103, Humedad \u226465%<\/td>\n<\/tr>\n<tr>\n<td>Impermeable<\/td>\n<td>IP66<\/td>\n<\/tr>\n<tr>\n<td>Aplicaci\u00f3n m\u00f3vil<\/td>\n<td>Tuya Smart, o Vida Inteligente<\/td>\n<\/tr>\n<\/tbody>\n<\/table>\n<p><img fetchpriority=\"high\" decoding=\"async\" class=\"alignnone size-full wp-image-6584\" src=\"https:\/\/bokysee.com\/wp-content\/uploads\/2023\/10\/BK-LXS14P.jpg\" alt=\"\" width=\"790\" height=\"790\" srcset=\"https:\/\/bokysee.com\/wp-content\/uploads\/2023\/10\/BK-LXS14P.jpg 790w, https:\/\/bokysee.com\/wp-content\/uploads\/2023\/10\/BK-LXS14P-768x768.jpg 768w\" sizes=\"(max-width: 790px) 100vw, 790px\" \/> <img decoding=\"async\" class=\"alignnone size-full wp-image-6587\" src=\"https:\/\/bokysee.com\/wp-content\/uploads\/2023\/10\/BK-LXS14P-D.jpg\" alt=\"\" width=\"790\" height=\"790\" srcset=\"https:\/\/bokysee.com\/wp-content\/uploads\/2023\/10\/BK-LXS14P-D.jpg 790w, https:\/\/bokysee.com\/wp-content\/uploads\/2023\/10\/BK-LXS14P-D-768x768.jpg 768w\" sizes=\"(max-width: 790px) 100vw, 790px\" \/> <img decoding=\"async\" class=\"alignnone size-full wp-image-6590\" src=\"https:\/\/bokysee.com\/wp-content\/uploads\/2023\/10\/BK-LXS14P-D2.jpg\" alt=\"\" width=\"790\" height=\"790\" srcset=\"https:\/\/bokysee.com\/wp-content\/uploads\/2023\/10\/BK-LXS14P-D2.jpg 790w, https:\/\/bokysee.com\/wp-content\/uploads\/2023\/10\/BK-LXS14P-D2-768x768.jpg 768w\" sizes=\"(max-width: 790px) 100vw, 790px\" \/> <img loading=\"lazy\" decoding=\"async\" class=\"alignnone size-full wp-image-6593\" src=\"https:\/\/bokysee.com\/wp-content\/uploads\/2023\/10\/BK-LXS14P-D3.jpg\" alt=\"\" width=\"790\" height=\"790\" srcset=\"https:\/\/bokysee.com\/wp-content\/uploads\/2023\/10\/BK-LXS14P-D3.jpg 790w, https:\/\/bokysee.com\/wp-content\/uploads\/2023\/10\/BK-LXS14P-D3-768x768.jpg 768w\" sizes=\"(max-width: 790px) 100vw, 790px\" \/> <img loading=\"lazy\" decoding=\"async\" class=\"alignnone size-full wp-image-6596\" src=\"https:\/\/bokysee.com\/wp-content\/uploads\/2023\/10\/BK-LXS14P-D4.jpg\" alt=\"\" width=\"790\" height=\"790\" srcset=\"https:\/\/bokysee.com\/wp-content\/uploads\/2023\/10\/BK-LXS14P-D4.jpg 790w, https:\/\/bokysee.com\/wp-content\/uploads\/2023\/10\/BK-LXS14P-D4-768x768.jpg 768w\" sizes=\"(max-width: 790px) 100vw, 790px\" \/> <img loading=\"lazy\" decoding=\"async\" class=\"alignnone size-full wp-image-6599\" src=\"https:\/\/bokysee.com\/wp-content\/uploads\/2023\/10\/BK-LXS14P-D5.jpg\" alt=\"\" width=\"790\" height=\"790\" srcset=\"https:\/\/bokysee.com\/wp-content\/uploads\/2023\/10\/BK-LXS14P-D5.jpg 790w, https:\/\/bokysee.com\/wp-content\/uploads\/2023\/10\/BK-LXS14P-D5-768x768.jpg 768w\" sizes=\"(max-width: 790px) 100vw, 790px\" \/> <img loading=\"lazy\" decoding=\"async\" class=\"alignnone size-full wp-image-6602\" src=\"https:\/\/bokysee.com\/wp-content\/uploads\/2023\/10\/BK-LXS14P-D6.jpg\" alt=\"\" width=\"790\" height=\"790\" srcset=\"https:\/\/bokysee.com\/wp-content\/uploads\/2023\/10\/BK-LXS14P-D6.jpg 790w, https:\/\/bokysee.com\/wp-content\/uploads\/2023\/10\/BK-LXS14P-D6-768x768.jpg 768w\" sizes=\"(max-width: 790px) 100vw, 790px\" \/> <img loading=\"lazy\" decoding=\"async\" class=\"alignnone size-full wp-image-6605\" src=\"https:\/\/bokysee.com\/wp-content\/uploads\/2023\/10\/BK-LXS14P-D7.jpg\" alt=\"\" width=\"790\" height=\"790\" srcset=\"https:\/\/bokysee.com\/wp-content\/uploads\/2023\/10\/BK-LXS14P-D7.jpg 790w, https:\/\/bokysee.com\/wp-content\/uploads\/2023\/10\/BK-LXS14P-D7-768x768.jpg 768w\" sizes=\"(max-width: 790px) 100vw, 790px\" \/> <img loading=\"lazy\" decoding=\"async\" class=\"alignnone size-full wp-image-6608\" src=\"https:\/\/bokysee.com\/wp-content\/uploads\/2023\/10\/BK-LXS14P-D8.jpg\" alt=\"\" width=\"790\" height=\"790\" srcset=\"https:\/\/bokysee.com\/wp-content\/uploads\/2023\/10\/BK-LXS14P-D8.jpg 790w, https:\/\/bokysee.com\/wp-content\/uploads\/2023\/10\/BK-LXS14P-D8-768x768.jpg 768w\" sizes=\"(max-width: 790px) 100vw, 790px\" \/> <img loading=\"lazy\" decoding=\"async\" class=\"alignnone size-full wp-image-6611\" src=\"https:\/\/bokysee.com\/wp-content\/uploads\/2023\/10\/BK-LXS14P-D9.jpg\" alt=\"\" width=\"790\" height=\"790\" srcset=\"https:\/\/bokysee.com\/wp-content\/uploads\/2023\/10\/BK-LXS14P-D9.jpg 790w, https:\/\/bokysee.com\/wp-content\/uploads\/2023\/10\/BK-LXS14P-D9-768x768.jpg 768w\" sizes=\"(max-width: 790px) 100vw, 790px\" \/> <img loading=\"lazy\" decoding=\"async\" class=\"alignnone size-full wp-image-6614\" src=\"https:\/\/bokysee.com\/wp-content\/uploads\/2023\/10\/BK-LXS14P-D10.jpg\" alt=\"\" width=\"790\" height=\"790\" srcset=\"https:\/\/bokysee.com\/wp-content\/uploads\/2023\/10\/BK-LXS14P-D10.jpg 790w, https:\/\/bokysee.com\/wp-content\/uploads\/2023\/10\/BK-LXS14P-D10-768x768.jpg 768w\" sizes=\"(max-width: 790px) 100vw, 790px\" \/> <img loading=\"lazy\" decoding=\"async\" class=\"alignnone size-full wp-image-6617\" src=\"https:\/\/bokysee.com\/wp-content\/uploads\/2023\/10\/BK-LXS14P-D11.jpg\" alt=\"\" width=\"790\" height=\"790\" srcset=\"https:\/\/bokysee.com\/wp-content\/uploads\/2023\/10\/BK-LXS14P-D11.jpg 790w, https:\/\/bokysee.com\/wp-content\/uploads\/2023\/10\/BK-LXS14P-D11-768x768.jpg 768w\" sizes=\"(max-width: 790px) 100vw, 790px\" \/><\/p>\n<p>&nbsp;<\/p>\n<p>&nbsp;<\/p>\n<p>&nbsp;<\/p>","protected":false},"excerpt":{"rendered":"<p>* C\u00e1mara PTZ con bater\u00eda y energ\u00eda solar para exteriores:<br \/>\n* Resoluci\u00f3n: 3MP, 2304*1296 a 20 fps<br \/>\n* C\u00e1mara PTZ para exteriores IP66, bajo consumo de energ\u00eda;<br \/>\n* 4 bater\u00edas 18650; Panel solar recargable de 5 W<br \/>\n* Lente: 3,6 mm<br \/>\n* LED: 8 piezas, distancia IR: 20 m, visi\u00f3n nocturna a color de luz de estrellas<br \/>\n* PTZ: giro de 355\u00b0, inclinaci\u00f3n de 90\u00b0;<br \/>\n* Punto de acceso de la aplicaci\u00f3n: Soporte, Permitir acceso sin Internet<br \/>\n* Admite WiFi (2,4 GHz), servicio en la nube P2P gratuito, env\u00eda la alarma al m\u00f3vil a trav\u00e9s de la aplicaci\u00f3n.<br \/>\n* Admite detecci\u00f3n de movimiento y detecci\u00f3n humana por IA.<br \/>\n* Admite audio bidireccional en tiempo real y alarma de voz.<br \/>\n* Soporte para Amazon Alex\/Echo Show<br \/>\n* Visualizaci\u00f3n remota por tel\u00e9fono inteligente (IOS, Android) en cualquier lugar<br \/>\n* Admite almacenamiento en la nube y almacenamiento m\u00e1ximo en tarjeta TF de 1 TB (excluido)<br \/>\n* Potencia: DC5V 1.5A; Temperatura de trabajo: -10\u2103\uff0d\uff0b55\u2103<\/p>","protected":false},"featured_media":6572,"template":"","meta":[],"product_brand":[],"product_cat":[1111,1110],"product_tag":[622,621,119,623,113,148,620],"class_list":{"0":"post-6571","1":"product","2":"type-product","3":"status-publish","4":"has-post-thumbnail","6":"product_cat-4g-solar-camera","7":"product_cat-wifi-solar-camera","8":"product_tag-4g-cctv-camera-solar","9":"product_tag-4g-solar-camera-ptz","10":"product_tag-battery-powered-wireless-security-cameras","11":"product_tag-solar-powered-4g-cctv-camera","12":"product_tag-tuya-smart-camera","13":"product_tag-tuya-wireless-camera","14":"product_tag-wireless-battery-security-camera","16":"first","17":"instock","18":"shipping-taxable","19":"product-type-simple"},"acf":[],"yoast_head":"<!-- This site is optimized with the Yoast SEO Premium plugin v20.2.1 (Yoast SEO v26.1.1) - https:\/\/yoast.com\/wordpress\/plugins\/seo\/ -->\n<title>Tuya APP Outdoor 4G Solar Battery Powered Wireless Security PTZ CCTV Camera - Bokysee Technology Co.,LTD<\/title>\n<meta name=\"description\" content=\"First Public Tuya App Outdoor 4G 5W Solar Battery Powered AI Human Detection Wireless Security PTZ CCTV Camera from Bokysee\" \/>\n<meta name=\"robots\" content=\"index, follow, max-snippet:-1, max-image-preview:large, max-video-preview:-1\" \/>\n<link rel=\"canonical\" href=\"https:\/\/bokysee.com\/es\/products\/tuya-app-outdoor-4g-solar-battery-powered-wireless-security-ptz-cctv-camera\/\" \/>\n<meta property=\"og:locale\" content=\"es_ES\" \/>\n<meta property=\"og:type\" content=\"article\" \/>\n<meta property=\"og:title\" content=\"Tuya APP Outdoor 4G Solar Battery Powered Wireless Security PTZ CCTV Camera\" \/>\n<meta property=\"og:description\" content=\"First Public Tuya App Outdoor 4G 5W Solar Battery Powered AI Human Detection Wireless Security PTZ CCTV Camera from Bokysee\" \/>\n<meta property=\"og:url\" content=\"https:\/\/bokysee.com\/es\/products\/tuya-app-outdoor-4g-solar-battery-powered-wireless-security-ptz-cctv-camera\/\" \/>\n<meta property=\"og:site_name\" content=\"Bokysee Technology Co.,LTD\" \/>\n<meta property=\"article:modified_time\" content=\"2024-09-09T07:46:07+00:00\" \/>\n<meta property=\"og:image\" content=\"https:\/\/bokysee.com\/wp-content\/uploads\/2023\/10\/BK-LXS14P-1.jpg\" \/>\n\t<meta property=\"og:image:width\" content=\"800\" \/>\n\t<meta property=\"og:image:height\" content=\"800\" \/>\n\t<meta property=\"og:image:type\" content=\"image\/jpeg\" \/>\n<meta name=\"twitter:card\" content=\"summary_large_image\" \/>\n<meta name=\"twitter:label1\" content=\"Tiempo de lectura\" \/>\n\t<meta name=\"twitter:data1\" content=\"5 minutos\" \/>\n<script type=\"application\/ld+json\" class=\"yoast-schema-graph\">{\"@context\":\"https:\/\/schema.org\",\"@graph\":[{\"@type\":\"WebPage\",\"@id\":\"https:\/\/bokysee.com\/products\/tuya-app-outdoor-4g-solar-battery-powered-wireless-security-ptz-cctv-camera\/\",\"url\":\"https:\/\/bokysee.com\/products\/tuya-app-outdoor-4g-solar-battery-powered-wireless-security-ptz-cctv-camera\/\",\"name\":\"Tuya APP Outdoor 4G Solar Battery Powered Wireless Security PTZ CCTV Camera - Bokysee Technology Co.,LTD\",\"isPartOf\":{\"@id\":\"https:\/\/bokysee.com\/#website\"},\"primaryImageOfPage\":{\"@id\":\"https:\/\/bokysee.com\/products\/tuya-app-outdoor-4g-solar-battery-powered-wireless-security-ptz-cctv-camera\/#primaryimage\"},\"image\":{\"@id\":\"https:\/\/bokysee.com\/products\/tuya-app-outdoor-4g-solar-battery-powered-wireless-security-ptz-cctv-camera\/#primaryimage\"},\"thumbnailUrl\":\"https:\/\/bokysee.com\/wp-content\/uploads\/2023\/10\/BK-LXS14P-1.jpg\",\"datePublished\":\"2023-10-08T11:26:24+00:00\",\"dateModified\":\"2024-09-09T07:46:07+00:00\",\"description\":\"First Public Tuya App Outdoor 4G 5W Solar Battery Powered AI Human Detection Wireless Security PTZ CCTV Camera from Bokysee\",\"breadcrumb\":{\"@id\":\"https:\/\/bokysee.com\/products\/tuya-app-outdoor-4g-solar-battery-powered-wireless-security-ptz-cctv-camera\/#breadcrumb\"},\"inLanguage\":\"es\",\"potentialAction\":[{\"@type\":\"ReadAction\",\"target\":[\"https:\/\/bokysee.com\/products\/tuya-app-outdoor-4g-solar-battery-powered-wireless-security-ptz-cctv-camera\/\"]}]},{\"@type\":\"ImageObject\",\"inLanguage\":\"es\",\"@id\":\"https:\/\/bokysee.com\/products\/tuya-app-outdoor-4g-solar-battery-powered-wireless-security-ptz-cctv-camera\/#primaryimage\",\"url\":\"https:\/\/bokysee.com\/wp-content\/uploads\/2023\/10\/BK-LXS14P-1.jpg\",\"contentUrl\":\"https:\/\/bokysee.com\/wp-content\/uploads\/2023\/10\/BK-LXS14P-1.jpg\",\"width\":800,\"height\":800},{\"@type\":\"BreadcrumbList\",\"@id\":\"https:\/\/bokysee.com\/products\/tuya-app-outdoor-4g-solar-battery-powered-wireless-security-ptz-cctv-camera\/#breadcrumb\",\"itemListElement\":[{\"@type\":\"ListItem\",\"position\":1,\"name\":\"Home\",\"item\":\"https:\/\/bokysee.com\/\"},{\"@type\":\"ListItem\",\"position\":2,\"name\":\"Products\",\"item\":\"https:\/\/bokysee.com\/products\/\"},{\"@type\":\"ListItem\",\"position\":3,\"name\":\"Tuya APP Outdoor 4G Solar Battery Powered Wireless Security PTZ CCTV Camera\"}]},{\"@type\":\"WebSite\",\"@id\":\"https:\/\/bokysee.com\/#website\",\"url\":\"https:\/\/bokysee.com\/\",\"name\":\"Bokysee Technology Co.,LTD\",\"description\":\"Professional Smart Indoor and Outdoor Security Cameras Solution Supplier\",\"potentialAction\":[{\"@type\":\"SearchAction\",\"target\":{\"@type\":\"EntryPoint\",\"urlTemplate\":\"https:\/\/bokysee.com\/?s={search_term_string}\"},\"query-input\":{\"@type\":\"PropertyValueSpecification\",\"valueRequired\":true,\"valueName\":\"search_term_string\"}}],\"inLanguage\":\"es\"}]}<\/script>\n<!-- \/ Yoast SEO Premium plugin. -->","yoast_head_json":{"title":"Tuya APP Outdoor 4G Solar Battery Powered Wireless Security PTZ CCTV Camera - Bokysee Technology Co.,LTD","description":"First Public Tuya App Outdoor 4G 5W Solar Battery Powered AI Human Detection Wireless Security PTZ CCTV Camera from Bokysee","robots":{"index":"index","follow":"follow","max-snippet":"max-snippet:-1","max-image-preview":"max-image-preview:large","max-video-preview":"max-video-preview:-1"},"canonical":"https:\/\/bokysee.com\/es\/products\/tuya-app-outdoor-4g-solar-battery-powered-wireless-security-ptz-cctv-camera\/","og_locale":"es_ES","og_type":"article","og_title":"Tuya APP Outdoor 4G Solar Battery Powered Wireless Security PTZ CCTV Camera","og_description":"First Public Tuya App Outdoor 4G 5W Solar Battery Powered AI Human Detection Wireless Security PTZ CCTV Camera from Bokysee","og_url":"https:\/\/bokysee.com\/es\/products\/tuya-app-outdoor-4g-solar-battery-powered-wireless-security-ptz-cctv-camera\/","og_site_name":"Bokysee Technology Co.,LTD","article_modified_time":"2024-09-09T07:46:07+00:00","og_image":[{"width":800,"height":800,"url":"https:\/\/bokysee.com\/wp-content\/uploads\/2023\/10\/BK-LXS14P-1.jpg","type":"image\/jpeg"}],"twitter_card":"summary_large_image","twitter_misc":{"Tiempo de lectura":"5 minutos"},"schema":{"@context":"https:\/\/schema.org","@graph":[{"@type":"WebPage","@id":"https:\/\/bokysee.com\/products\/tuya-app-outdoor-4g-solar-battery-powered-wireless-security-ptz-cctv-camera\/","url":"https:\/\/bokysee.com\/products\/tuya-app-outdoor-4g-solar-battery-powered-wireless-security-ptz-cctv-camera\/","name":"Tuya APP Outdoor 4G Solar Battery Powered Wireless Security PTZ CCTV Camera - Bokysee Technology Co.,LTD","isPartOf":{"@id":"https:\/\/bokysee.com\/#website"},"primaryImageOfPage":{"@id":"https:\/\/bokysee.com\/products\/tuya-app-outdoor-4g-solar-battery-powered-wireless-security-ptz-cctv-camera\/#primaryimage"},"image":{"@id":"https:\/\/bokysee.com\/products\/tuya-app-outdoor-4g-solar-battery-powered-wireless-security-ptz-cctv-camera\/#primaryimage"},"thumbnailUrl":"https:\/\/bokysee.com\/wp-content\/uploads\/2023\/10\/BK-LXS14P-1.jpg","datePublished":"2023-10-08T11:26:24+00:00","dateModified":"2024-09-09T07:46:07+00:00","description":"First Public Tuya App Outdoor 4G 5W Solar Battery Powered AI Human Detection Wireless Security PTZ CCTV Camera from Bokysee","breadcrumb":{"@id":"https:\/\/bokysee.com\/products\/tuya-app-outdoor-4g-solar-battery-powered-wireless-security-ptz-cctv-camera\/#breadcrumb"},"inLanguage":"es","potentialAction":[{"@type":"ReadAction","target":["https:\/\/bokysee.com\/products\/tuya-app-outdoor-4g-solar-battery-powered-wireless-security-ptz-cctv-camera\/"]}]},{"@type":"ImageObject","inLanguage":"es","@id":"https:\/\/bokysee.com\/products\/tuya-app-outdoor-4g-solar-battery-powered-wireless-security-ptz-cctv-camera\/#primaryimage","url":"https:\/\/bokysee.com\/wp-content\/uploads\/2023\/10\/BK-LXS14P-1.jpg","contentUrl":"https:\/\/bokysee.com\/wp-content\/uploads\/2023\/10\/BK-LXS14P-1.jpg","width":800,"height":800},{"@type":"BreadcrumbList","@id":"https:\/\/bokysee.com\/products\/tuya-app-outdoor-4g-solar-battery-powered-wireless-security-ptz-cctv-camera\/#breadcrumb","itemListElement":[{"@type":"ListItem","position":1,"name":"Home","item":"https:\/\/bokysee.com\/"},{"@type":"ListItem","position":2,"name":"Products","item":"https:\/\/bokysee.com\/products\/"},{"@type":"ListItem","position":3,"name":"Tuya APP Outdoor 4G Solar Battery Powered Wireless Security PTZ CCTV Camera"}]},{"@type":"WebSite","@id":"https:\/\/bokysee.com\/#website","url":"https:\/\/bokysee.com\/","name":"Bokysee Technology Co.,LTD","description":"Professional Smart Indoor and Outdoor Security Cameras Solution Supplier","potentialAction":[{"@type":"SearchAction","target":{"@type":"EntryPoint","urlTemplate":"https:\/\/bokysee.com\/?s={search_term_string}"},"query-input":{"@type":"PropertyValueSpecification","valueRequired":true,"valueName":"search_term_string"}}],"inLanguage":"es"}]}},"_links":{"self":[{"href":"https:\/\/bokysee.com\/es\/wp-json\/wp\/v2\/product\/6571","targetHints":{"allow":["GET"]}}],"collection":[{"href":"https:\/\/bokysee.com\/es\/wp-json\/wp\/v2\/product"}],"about":[{"href":"https:\/\/bokysee.com\/es\/wp-json\/wp\/v2\/types\/product"}],"version-history":[{"count":0,"href":"https:\/\/bokysee.com\/es\/wp-json\/wp\/v2\/product\/6571\/revisions"}],"wp:featuredmedia":[{"embeddable":true,"href":"https:\/\/bokysee.com\/es\/wp-json\/wp\/v2\/media\/6572"}],"wp:attachment":[{"href":"https:\/\/bokysee.com\/es\/wp-json\/wp\/v2\/media?parent=6571"}],"wp:term":[{"taxonomy":"product_brand","embeddable":true,"href":"https:\/\/bokysee.com\/es\/wp-json\/wp\/v2\/product_brand?post=6571"},{"taxonomy":"product_cat","embeddable":true,"href":"https:\/\/bokysee.com\/es\/wp-json\/wp\/v2\/product_cat?post=6571"},{"taxonomy":"product_tag","embeddable":true,"href":"https:\/\/bokysee.com\/es\/wp-json\/wp\/v2\/product_tag?post=6571"}],"curies":[{"name":"wp","href":"https:\/\/api.w.org\/{rel}","templated":true}]}}