{"id":6543,"date":"2023-10-08T18:30:54","date_gmt":"2023-10-08T10:30:54","guid":{"rendered":"https:\/\/bokysee.com\/?post_type=product&#038;p=6543"},"modified":"2025-01-22T16:35:30","modified_gmt":"2025-01-22T08:35:30","slug":"bokysee-2k-hd-dual-lens-5x-zoom-panoramic-viewing-full-colar-wifi-battery-cameras-2","status":"publish","type":"product","link":"https:\/\/bokysee.com\/es\/products\/bokysee-2k-hd-dual-lens-5x-zoom-panoramic-viewing-full-colar-wifi-battery-cameras-2\/","title":{"rendered":"C\u00e1maras Bokysee 2K HD con doble lente, zoom 5X, visi\u00f3n panor\u00e1mica, color completo, WiFi y bater\u00eda"},"content":{"rendered":"<p>C\u00e1maras Bokysee 2K HD con doble lente, zoom 5X, visi\u00f3n panor\u00e1mica, color completo, WiFi y bater\u00eda<\/p>\n<p>Mejore el sistema de seguridad de su negocio con nuestras c\u00e1maras de vigilancia solares. Gracias a la energ\u00eda solar, estas c\u00e1maras ofrecen vigilancia inal\u00e1mbrica y confiable, garantizando la monitorizaci\u00f3n constante de sus instalaciones. Lleve la vigilancia al siguiente nivel con nuestra c\u00e1mara solar PTZ WiFi de doble lente 2K 5X. Con im\u00e1genes de alta resoluci\u00f3n, zoom de cinco aumentos y funciones PTZ (pan-tilt-zoom), esta c\u00e1mara solar proporciona una monitorizaci\u00f3n y un control excepcionales para empresas B2B.<\/p>\n<p><img fetchpriority=\"high\" decoding=\"async\" class=\"alignnone size-full wp-image-6559\" src=\"https:\/\/bokysee.com\/wp-content\/uploads\/2023\/10\/BK-LXS13P-2-1.jpg\" alt=\"\" width=\"800\" height=\"800\" srcset=\"https:\/\/bokysee.com\/wp-content\/uploads\/2023\/10\/BK-LXS13P-2-1.jpg 800w, https:\/\/bokysee.com\/wp-content\/uploads\/2023\/10\/BK-LXS13P-2-1-768x768.jpg 768w\" sizes=\"(max-width: 800px) 100vw, 800px\" \/> <img decoding=\"async\" class=\"alignnone size-full wp-image-6562\" src=\"https:\/\/bokysee.com\/wp-content\/uploads\/2023\/10\/BK-LXS13P-3-1.jpg\" alt=\"\" width=\"800\" height=\"800\" srcset=\"https:\/\/bokysee.com\/wp-content\/uploads\/2023\/10\/BK-LXS13P-3-1.jpg 800w, https:\/\/bokysee.com\/wp-content\/uploads\/2023\/10\/BK-LXS13P-3-1-768x768.jpg 768w\" sizes=\"(max-width: 800px) 100vw, 800px\" \/> <img decoding=\"async\" class=\"alignnone size-full wp-image-6565\" src=\"https:\/\/bokysee.com\/wp-content\/uploads\/2023\/10\/BK-LXS13P-4-1.jpg\" alt=\"\" width=\"800\" height=\"800\" srcset=\"https:\/\/bokysee.com\/wp-content\/uploads\/2023\/10\/BK-LXS13P-4-1.jpg 800w, https:\/\/bokysee.com\/wp-content\/uploads\/2023\/10\/BK-LXS13P-4-1-768x768.jpg 768w\" sizes=\"(max-width: 800px) 100vw, 800px\" \/><\/p>\n<p>&nbsp;<\/p>\n<p>&nbsp;<\/p>\n<p>&nbsp;<\/p>\n<p>&nbsp;<\/p>","protected":false},"excerpt":{"rendered":"<p>C\u00e1mara solar PTZ WiFi de doble lente 2K 5X:<br \/>\n* Resoluci\u00f3n: 2K Ultra HD, 2304X1296P<br \/>\n* Resistente al agua IP65 para exteriores<br \/>\n* Lente dual: 4MM + 10MM, zoom h\u00edbrido 5X<br \/>\n* Red inal\u00e1mbrica 802.11b\/g\/n de 2,4 GHz<br \/>\n* Luces duales: 2 luces blancas + 2 infrarrojas, distancia IR de 10-15 m<br \/>\n* Audio bidireccional, inicio r\u00e1pido, comienza a grabar en 1 segundo<br \/>\n* Sensor PIR incorporado, alerta de bajo consumo, activaci\u00f3n remota<br \/>\n* Panel solar de 5,5 W, bater\u00eda recargable de 10000 mAh<br \/>\n* Compatible con tarjeta SIM 4G LTE disponible (versi\u00f3n 4G de Asia)<br \/>\n* Fuente de alimentaci\u00f3n: DC5V\u00b15%<br \/>\n* Admite tarjeta TF de 256G como m\u00e1ximo, almacenamiento en la nube gratuito (3 d\u00edas)<br \/>\n* Tama\u00f1o de la caja: 205 x 181 x 147 mm, caja: 56 x 42,5 x 47 cm, 18 piezas\/caja<\/p>","protected":false},"featured_media":13200,"template":"","meta":[],"product_brand":[],"product_cat":[1110],"product_tag":[618,91,619],"class_list":{"0":"post-6543","1":"product","2":"type-product","3":"status-publish","4":"has-post-thumbnail","6":"product_cat-wifi-solar-camera","7":"product_tag-camera-solar-powered","8":"product_tag-solar-powered-surveillance-cameras","9":"product_tag-solar-wireless-security-cameras","11":"first","12":"instock","13":"shipping-taxable","14":"product-type-simple"},"acf":[],"yoast_head":"<!-- This site is optimized with the Yoast SEO Premium plugin v20.2.1 (Yoast SEO v26.1.1) - https:\/\/yoast.com\/wordpress\/plugins\/seo\/ -->\n<title>Bokysee 2K HD Dual Lens 5X Zoom Panoramic Viewing Full Colar WiFi Battery Cameras - Bokysee Technology Co.,LTD<\/title>\n<meta name=\"description\" content=\"Bokysee 2K HD Dual Lens 5X Zoom Dual Light Panoramic Viewing Full Colar WiFi Battery Cameras with Solar Panel\" \/>\n<meta name=\"robots\" content=\"index, follow, max-snippet:-1, max-image-preview:large, max-video-preview:-1\" \/>\n<link rel=\"canonical\" href=\"https:\/\/bokysee.com\/es\/products\/bokysee-2k-hd-dual-lens-5x-zoom-panoramic-viewing-full-colar-wifi-battery-cameras-2\/\" \/>\n<meta property=\"og:locale\" content=\"es_ES\" \/>\n<meta property=\"og:type\" content=\"article\" \/>\n<meta property=\"og:title\" content=\"Bokysee 2K HD Dual Lens 5X Zoom Panoramic Viewing Full Colar WiFi Battery Cameras\" \/>\n<meta property=\"og:description\" content=\"Bokysee 2K HD Dual Lens 5X Zoom Dual Light Panoramic Viewing Full Colar WiFi Battery Cameras with Solar Panel\" \/>\n<meta property=\"og:url\" content=\"https:\/\/bokysee.com\/es\/products\/bokysee-2k-hd-dual-lens-5x-zoom-panoramic-viewing-full-colar-wifi-battery-cameras-2\/\" \/>\n<meta property=\"og:site_name\" content=\"Bokysee Technology Co.,LTD\" \/>\n<meta property=\"article:modified_time\" content=\"2025-01-22T08:35:30+00:00\" \/>\n<meta property=\"og:image\" content=\"https:\/\/bokysee.com\/wp-content\/uploads\/2023\/10\/BK-LD03D-2.jpg\" \/>\n\t<meta property=\"og:image:width\" content=\"800\" \/>\n\t<meta property=\"og:image:height\" content=\"800\" \/>\n\t<meta property=\"og:image:type\" content=\"image\/jpeg\" \/>\n<meta name=\"twitter:card\" content=\"summary_large_image\" \/>\n<meta name=\"twitter:label1\" content=\"Tiempo de lectura\" \/>\n\t<meta name=\"twitter:data1\" content=\"2 minutos\" \/>\n<script type=\"application\/ld+json\" class=\"yoast-schema-graph\">{\"@context\":\"https:\/\/schema.org\",\"@graph\":[{\"@type\":\"WebPage\",\"@id\":\"https:\/\/bokysee.com\/products\/bokysee-2k-hd-dual-lens-5x-zoom-panoramic-viewing-full-colar-wifi-battery-cameras-2\/\",\"url\":\"https:\/\/bokysee.com\/products\/bokysee-2k-hd-dual-lens-5x-zoom-panoramic-viewing-full-colar-wifi-battery-cameras-2\/\",\"name\":\"Bokysee 2K HD Dual Lens 5X Zoom Panoramic Viewing Full Colar WiFi Battery Cameras - Bokysee Technology Co.,LTD\",\"isPartOf\":{\"@id\":\"https:\/\/bokysee.com\/#website\"},\"primaryImageOfPage\":{\"@id\":\"https:\/\/bokysee.com\/products\/bokysee-2k-hd-dual-lens-5x-zoom-panoramic-viewing-full-colar-wifi-battery-cameras-2\/#primaryimage\"},\"image\":{\"@id\":\"https:\/\/bokysee.com\/products\/bokysee-2k-hd-dual-lens-5x-zoom-panoramic-viewing-full-colar-wifi-battery-cameras-2\/#primaryimage\"},\"thumbnailUrl\":\"https:\/\/bokysee.com\/wp-content\/uploads\/2023\/10\/BK-LD03D-2.jpg\",\"datePublished\":\"2023-10-08T10:30:54+00:00\",\"dateModified\":\"2025-01-22T08:35:30+00:00\",\"description\":\"Bokysee 2K HD Dual Lens 5X Zoom Dual Light Panoramic Viewing Full Colar WiFi Battery Cameras with Solar Panel\",\"breadcrumb\":{\"@id\":\"https:\/\/bokysee.com\/products\/bokysee-2k-hd-dual-lens-5x-zoom-panoramic-viewing-full-colar-wifi-battery-cameras-2\/#breadcrumb\"},\"inLanguage\":\"es\",\"potentialAction\":[{\"@type\":\"ReadAction\",\"target\":[\"https:\/\/bokysee.com\/products\/bokysee-2k-hd-dual-lens-5x-zoom-panoramic-viewing-full-colar-wifi-battery-cameras-2\/\"]}]},{\"@type\":\"ImageObject\",\"inLanguage\":\"es\",\"@id\":\"https:\/\/bokysee.com\/products\/bokysee-2k-hd-dual-lens-5x-zoom-panoramic-viewing-full-colar-wifi-battery-cameras-2\/#primaryimage\",\"url\":\"https:\/\/bokysee.com\/wp-content\/uploads\/2023\/10\/BK-LD03D-2.jpg\",\"contentUrl\":\"https:\/\/bokysee.com\/wp-content\/uploads\/2023\/10\/BK-LD03D-2.jpg\",\"width\":800,\"height\":800},{\"@type\":\"BreadcrumbList\",\"@id\":\"https:\/\/bokysee.com\/products\/bokysee-2k-hd-dual-lens-5x-zoom-panoramic-viewing-full-colar-wifi-battery-cameras-2\/#breadcrumb\",\"itemListElement\":[{\"@type\":\"ListItem\",\"position\":1,\"name\":\"Home\",\"item\":\"https:\/\/bokysee.com\/\"},{\"@type\":\"ListItem\",\"position\":2,\"name\":\"Products\",\"item\":\"https:\/\/bokysee.com\/products\/\"},{\"@type\":\"ListItem\",\"position\":3,\"name\":\"Bokysee 2K HD Dual Lens 5X Zoom Panoramic Viewing Full Colar WiFi Battery Cameras\"}]},{\"@type\":\"WebSite\",\"@id\":\"https:\/\/bokysee.com\/#website\",\"url\":\"https:\/\/bokysee.com\/\",\"name\":\"Bokysee Technology Co.,LTD\",\"description\":\"Professional Smart Indoor and Outdoor Security Cameras Solution Supplier\",\"potentialAction\":[{\"@type\":\"SearchAction\",\"target\":{\"@type\":\"EntryPoint\",\"urlTemplate\":\"https:\/\/bokysee.com\/?s={search_term_string}\"},\"query-input\":{\"@type\":\"PropertyValueSpecification\",\"valueRequired\":true,\"valueName\":\"search_term_string\"}}],\"inLanguage\":\"es\"}]}<\/script>\n<!-- \/ Yoast SEO Premium plugin. -->","yoast_head_json":{"title":"Bokysee 2K HD Dual Lens 5X Zoom Panoramic Viewing Full Colar WiFi Battery Cameras - Bokysee Technology Co.,LTD","description":"Bokysee 2K HD Dual Lens 5X Zoom Dual Light Panoramic Viewing Full Colar WiFi Battery Cameras with Solar Panel","robots":{"index":"index","follow":"follow","max-snippet":"max-snippet:-1","max-image-preview":"max-image-preview:large","max-video-preview":"max-video-preview:-1"},"canonical":"https:\/\/bokysee.com\/es\/products\/bokysee-2k-hd-dual-lens-5x-zoom-panoramic-viewing-full-colar-wifi-battery-cameras-2\/","og_locale":"es_ES","og_type":"article","og_title":"Bokysee 2K HD Dual Lens 5X Zoom Panoramic Viewing Full Colar WiFi Battery Cameras","og_description":"Bokysee 2K HD Dual Lens 5X Zoom Dual Light Panoramic Viewing Full Colar WiFi Battery Cameras with Solar Panel","og_url":"https:\/\/bokysee.com\/es\/products\/bokysee-2k-hd-dual-lens-5x-zoom-panoramic-viewing-full-colar-wifi-battery-cameras-2\/","og_site_name":"Bokysee Technology Co.,LTD","article_modified_time":"2025-01-22T08:35:30+00:00","og_image":[{"width":800,"height":800,"url":"https:\/\/bokysee.com\/wp-content\/uploads\/2023\/10\/BK-LD03D-2.jpg","type":"image\/jpeg"}],"twitter_card":"summary_large_image","twitter_misc":{"Tiempo de lectura":"2 minutos"},"schema":{"@context":"https:\/\/schema.org","@graph":[{"@type":"WebPage","@id":"https:\/\/bokysee.com\/products\/bokysee-2k-hd-dual-lens-5x-zoom-panoramic-viewing-full-colar-wifi-battery-cameras-2\/","url":"https:\/\/bokysee.com\/products\/bokysee-2k-hd-dual-lens-5x-zoom-panoramic-viewing-full-colar-wifi-battery-cameras-2\/","name":"Bokysee 2K HD Dual Lens 5X Zoom Panoramic Viewing Full Colar WiFi Battery Cameras - Bokysee Technology Co.,LTD","isPartOf":{"@id":"https:\/\/bokysee.com\/#website"},"primaryImageOfPage":{"@id":"https:\/\/bokysee.com\/products\/bokysee-2k-hd-dual-lens-5x-zoom-panoramic-viewing-full-colar-wifi-battery-cameras-2\/#primaryimage"},"image":{"@id":"https:\/\/bokysee.com\/products\/bokysee-2k-hd-dual-lens-5x-zoom-panoramic-viewing-full-colar-wifi-battery-cameras-2\/#primaryimage"},"thumbnailUrl":"https:\/\/bokysee.com\/wp-content\/uploads\/2023\/10\/BK-LD03D-2.jpg","datePublished":"2023-10-08T10:30:54+00:00","dateModified":"2025-01-22T08:35:30+00:00","description":"Bokysee 2K HD Dual Lens 5X Zoom Dual Light Panoramic Viewing Full Colar WiFi Battery Cameras with Solar Panel","breadcrumb":{"@id":"https:\/\/bokysee.com\/products\/bokysee-2k-hd-dual-lens-5x-zoom-panoramic-viewing-full-colar-wifi-battery-cameras-2\/#breadcrumb"},"inLanguage":"es","potentialAction":[{"@type":"ReadAction","target":["https:\/\/bokysee.com\/products\/bokysee-2k-hd-dual-lens-5x-zoom-panoramic-viewing-full-colar-wifi-battery-cameras-2\/"]}]},{"@type":"ImageObject","inLanguage":"es","@id":"https:\/\/bokysee.com\/products\/bokysee-2k-hd-dual-lens-5x-zoom-panoramic-viewing-full-colar-wifi-battery-cameras-2\/#primaryimage","url":"https:\/\/bokysee.com\/wp-content\/uploads\/2023\/10\/BK-LD03D-2.jpg","contentUrl":"https:\/\/bokysee.com\/wp-content\/uploads\/2023\/10\/BK-LD03D-2.jpg","width":800,"height":800},{"@type":"BreadcrumbList","@id":"https:\/\/bokysee.com\/products\/bokysee-2k-hd-dual-lens-5x-zoom-panoramic-viewing-full-colar-wifi-battery-cameras-2\/#breadcrumb","itemListElement":[{"@type":"ListItem","position":1,"name":"Home","item":"https:\/\/bokysee.com\/"},{"@type":"ListItem","position":2,"name":"Products","item":"https:\/\/bokysee.com\/products\/"},{"@type":"ListItem","position":3,"name":"Bokysee 2K HD Dual Lens 5X Zoom Panoramic Viewing Full Colar WiFi Battery Cameras"}]},{"@type":"WebSite","@id":"https:\/\/bokysee.com\/#website","url":"https:\/\/bokysee.com\/","name":"Bokysee Technology Co.,LTD","description":"Professional Smart Indoor and Outdoor Security Cameras Solution Supplier","potentialAction":[{"@type":"SearchAction","target":{"@type":"EntryPoint","urlTemplate":"https:\/\/bokysee.com\/?s={search_term_string}"},"query-input":{"@type":"PropertyValueSpecification","valueRequired":true,"valueName":"search_term_string"}}],"inLanguage":"es"}]}},"_links":{"self":[{"href":"https:\/\/bokysee.com\/es\/wp-json\/wp\/v2\/product\/6543","targetHints":{"allow":["GET"]}}],"collection":[{"href":"https:\/\/bokysee.com\/es\/wp-json\/wp\/v2\/product"}],"about":[{"href":"https:\/\/bokysee.com\/es\/wp-json\/wp\/v2\/types\/product"}],"version-history":[{"count":0,"href":"https:\/\/bokysee.com\/es\/wp-json\/wp\/v2\/product\/6543\/revisions"}],"wp:featuredmedia":[{"embeddable":true,"href":"https:\/\/bokysee.com\/es\/wp-json\/wp\/v2\/media\/13200"}],"wp:attachment":[{"href":"https:\/\/bokysee.com\/es\/wp-json\/wp\/v2\/media?parent=6543"}],"wp:term":[{"taxonomy":"product_brand","embeddable":true,"href":"https:\/\/bokysee.com\/es\/wp-json\/wp\/v2\/product_brand?post=6543"},{"taxonomy":"product_cat","embeddable":true,"href":"https:\/\/bokysee.com\/es\/wp-json\/wp\/v2\/product_cat?post=6543"},{"taxonomy":"product_tag","embeddable":true,"href":"https:\/\/bokysee.com\/es\/wp-json\/wp\/v2\/product_tag?post=6543"}],"curies":[{"name":"wp","href":"https:\/\/api.w.org\/{rel}","templated":true}]}}