{"id":6493,"date":"2023-10-07T12:03:02","date_gmt":"2023-10-07T04:03:02","guid":{"rendered":"https:\/\/bokysee.com\/?post_type=product&#038;p=6493"},"modified":"2024-09-09T15:38:22","modified_gmt":"2024-09-09T07:38:22","slug":"bokysee-outdoor-4g-solar-low-power-battery-ptz-camera-with-big-bracket","status":"publish","type":"product","link":"https:\/\/bokysee.com\/es\/products\/bokysee-outdoor-4g-solar-low-power-battery-ptz-camera-with-big-bracket\/","title":{"rendered":"C\u00e1mara PTZ Bokysee para exteriores 4G con bater\u00eda solar de bajo consumo y soporte grande"},"content":{"rendered":"<p>C\u00e1mara PTZ Bokysee para exteriores 4G con bater\u00eda solar de bajo consumo y soporte grande<\/p>\n<p>Presentamos la \u00faltima innovaci\u00f3n de Bokysee en c\u00e1maras de seguridad. Nuestra c\u00e1mara inal\u00e1mbrica con energ\u00eda solar ofrece una amplia gama de funciones y beneficios. \u00a1Olv\u00eddese de la alimentaci\u00f3n el\u00e9ctrica y las instalaciones complejas! Nuestra c\u00e1mara utiliza energ\u00eda solar para funcionar de forma inal\u00e1mbrica. Disfrute de una vigilancia superior con nuestra c\u00e1mara PTZ para exteriores. Su eficiente sistema solar y su bater\u00eda de bajo consumo garantizan un funcionamiento continuo, lo que la hace ideal para empresas que necesitan una vigilancia de seguridad fiable.<\/p>\n<table width=\"876\">\n<tbody>\n<tr>\n<td width=\"162\">Modelo NO.<\/td>\n<td colspan=\"2\" width=\"714\">BK-LXS10P2M<\/td>\n<\/tr>\n<tr>\n<td width=\"162\">Categor\u00eda<\/td>\n<td width=\"211\">Tipo<\/td>\n<td width=\"503\">Par\u00e1metros<\/td>\n<\/tr>\n<tr>\n<td rowspan=\"3\" width=\"162\">Sistema<\/td>\n<td width=\"211\">Sistema operativo<\/td>\n<td width=\"503\">Linux integrado<\/td>\n<\/tr>\n<tr>\n<td width=\"211\">Visitantes en l\u00ednea<\/td>\n<td width=\"503\">Admite 4 visitantes en l\u00ednea al mismo tiempo<\/td>\n<\/tr>\n<tr>\n<td width=\"211\">Aplicaci\u00f3n<\/td>\n<td width=\"503\">O-KAM \u2013 en el extranjero<\/td>\n<\/tr>\n<tr>\n<td rowspan=\"7\" width=\"162\">Recopilaci\u00f3n<\/td>\n<td width=\"211\">Procesador<\/td>\n<td width=\"503\">T31ZL<\/td>\n<\/tr>\n<tr>\n<td width=\"211\">Memoria<\/td>\n<td width=\"503\">512 Mb<\/td>\n<\/tr>\n<tr>\n<td width=\"211\">Sensor de imagen<\/td>\n<td width=\"503\">GC2063, 2 MP, CMOS de 1\/2,9<\/td>\n<\/tr>\n<tr>\n<td width=\"211\">Iluminaci\u00f3n m\u00ednima<\/td>\n<td width=\"503\">0,8 Lux\/F1.4 (modo color), 0,3 Lux\/F1.4 (modo blanco y negro)<\/td>\n<\/tr>\n<tr>\n<td width=\"211\">Lente<\/td>\n<td width=\"503\">Zoom h\u00edbrido de 4 mm + 10 mm y 5 aumentos<\/td>\n<\/tr>\n<tr>\n<td width=\"211\">Rendimiento del sensor<\/td>\n<td width=\"503\">Admite balance de blancos autom\u00e1tico, control autom\u00e1tico de ganancia y compensaci\u00f3n autom\u00e1tica de luz de fondo.<\/td>\n<\/tr>\n<tr>\n<td width=\"211\">\u00c1ngulo de visi\u00f3n<\/td>\n<td width=\"503\">D110\u00b0 diagonal<\/td>\n<\/tr>\n<tr>\n<td rowspan=\"6\" width=\"162\">Video<\/td>\n<td width=\"211\">Visi\u00f3n nocturna<\/td>\n<td width=\"503\">Visi\u00f3n nocturna en blanco y negro, cambio autom\u00e1tico de IR-CUT, 6 luces LED IR de 850 nm, distancia de irradiaci\u00f3n: 5 ~ 10 m<\/td>\n<\/tr>\n<tr>\n<td width=\"211\">Est\u00e1ndar de compresi\u00f3n<\/td>\n<td width=\"503\">H.265 \/H.264 \/MJPEF\/JPEG<\/td>\n<\/tr>\n<tr>\n<td width=\"211\">Flujo de c\u00f3digo m\u00faltiple<\/td>\n<td width=\"503\"><a href=\"mailto:1080P@15fpsJPEG\u6293\u62cd\">1080p\/15 fps, 360p, captura JPEG<\/a><\/td>\n<\/tr>\n<tr>\n<td width=\"211\">Control por infrarrojos<\/td>\n<td width=\"503\">IR activado: visi\u00f3n nocturna activada; detecci\u00f3n autom\u00e1tica de IR e ICR; IR desactivado: funci\u00f3n de visi\u00f3n nocturna desactivada\/IR siempre desactivado, ICR fijo en modo de visi\u00f3n diurna<\/td>\n<\/tr>\n<tr>\n<td width=\"211\">Tasa de bits<\/td>\n<td width=\"503\">CBR\/VBR dos modos de control de velocidad y el rango de velocidad de salida es de 128 ~ 4096 kbps<\/td>\n<\/tr>\n<tr>\n<td width=\"211\">Ajuste de imagen<\/td>\n<td width=\"503\">Brillo, contraste, vertical, horizontal ajustable, pantalla OSD<\/td>\n<\/tr>\n<tr>\n<td rowspan=\"4\" width=\"162\">Audio<\/td>\n<td width=\"211\">Aporte<\/td>\n<td width=\"503\">Micr\u00f3fono incorporado de 38 dB<\/td>\n<\/tr>\n<tr>\n<td width=\"211\">Producci\u00f3n<\/td>\n<td width=\"503\">Altavoz incorporado de 8 \u03a9 y 1 W<\/td>\n<\/tr>\n<tr>\n<td width=\"211\">Frecuencia de muestreo \/ Ancho de bits<\/td>\n<td width=\"503\">8 kHz\/16 bits<\/td>\n<\/tr>\n<tr>\n<td width=\"211\">Est\u00e1ndar de compresi\u00f3n \/ Tasa de bits<\/td>\n<td width=\"503\">G711A<\/td>\n<\/tr>\n<tr>\n<td rowspan=\"5\" width=\"162\">Red<\/td>\n<td width=\"211\">Protocolo de red<\/td>\n<td width=\"503\">TCP\/IP, HTTP, TCP, UDP, DHCP, DNS, NTP, P2P, IPV4, etc.<\/td>\n<\/tr>\n<tr>\n<td width=\"211\">Red inal\u00e1mbrica<\/td>\n<td width=\"503\">IEEE802.11b\/g\/n<\/td>\n<\/tr>\n<tr>\n<td width=\"211\">Frecuencia inal\u00e1mbrica<\/td>\n<td width=\"503\">2,4~2,4835 GHz<\/td>\n<\/tr>\n<tr>\n<td width=\"211\">Cifrado de seguridad inal\u00e1mbrica<\/td>\n<td width=\"503\">Cifrado de datos WEP\/WPA-PSK\/WPA2-PSK de 64\/128 bits<\/td>\n<\/tr>\n<tr>\n<td width=\"211\">Conexi\u00f3n inal\u00e1mbrica<\/td>\n<td width=\"503\">Configuraci\u00f3n de red de punto de acceso AP, configuraci\u00f3n de red de c\u00f3digo QR<\/td>\n<\/tr>\n<tr>\n<td rowspan=\"2\" width=\"162\">Llave<\/td>\n<td width=\"211\">Clave 1<\/td>\n<td width=\"503\">Encendido\/apagado<\/td>\n<\/tr>\n<tr>\n<td width=\"211\">Tecla de reinicio<\/td>\n<td width=\"503\">Pulsaci\u00f3n larga para restaurar la configuraci\u00f3n de f\u00e1brica<\/td>\n<\/tr>\n<tr>\n<td width=\"162\">Almacenamiento<\/td>\n<td width=\"211\">Funci\u00f3n de almacenamiento<\/td>\n<td width=\"503\">Admite tarjeta T-Flash (hasta 256 GB)<\/td>\n<\/tr>\n<tr>\n<td width=\"162\">Alarma<\/td>\n<td width=\"211\">Detecci\u00f3n de alarmas<\/td>\n<td width=\"503\">Admite detecci\u00f3n humana PIR; Distancia de detecci\u00f3n: 6 m<\/td>\n<\/tr>\n<tr>\n<td rowspan=\"6\" width=\"162\">Indicadores f\u00edsicos<\/td>\n<td width=\"211\">Tensi\u00f3n nominal<\/td>\n<td width=\"503\">CC 5 V \u00b1 51 TP3T<\/td>\n<\/tr>\n<tr>\n<td width=\"211\">Fuente de alimentaci\u00f3n<\/td>\n<td width=\"503\">Viene con fuente de alimentaci\u00f3n de bater\u00eda de 15000 mAh, bater\u00eda 3*21700, admite paneles solares externos de 5 V<\/td>\n<\/tr>\n<tr>\n<td width=\"211\">Consumo de energ\u00eda<\/td>\n<td width=\"503\">Corriente de reposo: 500 uA, Corriente de trabajo: 390 mA<\/td>\n<\/tr>\n<tr>\n<td width=\"211\">Ambiente de trabajo<\/td>\n<td width=\"503\">Temperatura de trabajo: \u2013 10 ~ 55 \u2103, Humedad de trabajo &lt; 90%<\/td>\n<\/tr>\n<tr>\n<td width=\"211\">Peso<\/td>\n<td width=\"503\">Peso bruto: TBD (Nota: prevalece el peso en especie)<\/td>\n<\/tr>\n<tr>\n<td width=\"211\">Lista de embalaje<\/td>\n<td width=\"503\">C\u00e1mara * 1, Soporte * 1, MICRO USB * 1, Manual * 1, (Panel solar * 1, Soporte de panel solar * 1 opcional)<\/td>\n<\/tr>\n<\/tbody>\n<\/table>\n<p>&nbsp;<\/p>\n<p>&nbsp;<\/p>\n<p>&nbsp;<\/p>\n<p>&nbsp;<\/p>\n<p>&nbsp;<\/p>\n<p>&nbsp;<\/p>","protected":false},"excerpt":{"rendered":"<p>* C\u00e1mara solar PTZ WiFi:<br \/>\n* Resoluci\u00f3n: 1080P (1920\u00d71080)<br \/>\n* Resistente al agua IP65 para exteriores<br \/>\n* Lente: 3,6 mm, PTZ: Panor\u00e1mica: 345, Inclinaci\u00f3n: 35<br \/>\n* Red inal\u00e1mbrica 802.11b\/g\/n de 2,4 GHz<br \/>\n* Luces duales: 6 LED IR, distancia IR de 10-15 m<br \/>\n* Audio bidireccional, inicio r\u00e1pido, comienza a grabar en 1 segundo<br \/>\n* Sensor PIR incorporado, alerta de bajo consumo, activaci\u00f3n remota<br \/>\n* Panel solar de 5,5 W, bater\u00eda recargable de 10000 mAh<br \/>\n* Compatible con tarjeta SIM 4G LTE disponible (versi\u00f3n 4G de Asia)<br \/>\n* Fuente de alimentaci\u00f3n: DC5V\u00b15%<br \/>\n* Admite tarjeta TF de 256G como m\u00e1ximo, almacenamiento en la nube gratuito (3 d\u00edas)<br \/>\n* Tama\u00f1o de la caja: 205 x 181 x 147 mm, caja: 56 x 42,5 x 47 cm, 18 piezas\/caja<\/p>","protected":false},"featured_media":6494,"template":"","meta":[],"product_brand":[],"product_cat":[1110],"product_tag":[90,614,613],"class_list":{"0":"post-6493","1":"product","2":"type-product","3":"status-publish","4":"has-post-thumbnail","6":"product_cat-wifi-solar-camera","7":"product_tag-4g-solar-camera","8":"product_tag-camera-with-solar","9":"product_tag-solar-powered-wireless-security-camera","11":"first","12":"instock","13":"shipping-taxable","14":"product-type-simple"},"acf":[],"yoast_head":"<!-- This site is optimized with the Yoast SEO Premium plugin v20.2.1 (Yoast SEO v26.1.1) - https:\/\/yoast.com\/wordpress\/plugins\/seo\/ -->\n<title>Bokysee Outdoor 4G Solar Low Power Battery PTZ Camera with Big Bracket - Bokysee Technology Co.,LTD<\/title>\n<meta name=\"description\" content=\"Bokysee Outdoor 4G Solar Low Power Battery Solar Powered Wireless Security PTZ Camera Built-in PIR Sensor with Big Bracket\" \/>\n<meta name=\"robots\" content=\"index, follow, max-snippet:-1, max-image-preview:large, max-video-preview:-1\" \/>\n<link rel=\"canonical\" href=\"https:\/\/bokysee.com\/es\/products\/bokysee-outdoor-4g-solar-low-power-battery-ptz-camera-with-big-bracket\/\" \/>\n<meta property=\"og:locale\" content=\"es_ES\" \/>\n<meta property=\"og:type\" content=\"article\" \/>\n<meta property=\"og:title\" content=\"Bokysee Outdoor 4G Solar Low Power Battery PTZ Camera with Big Bracket\" \/>\n<meta property=\"og:description\" content=\"Bokysee Outdoor 4G Solar Low Power Battery Solar Powered Wireless Security PTZ Camera Built-in PIR Sensor with Big Bracket\" \/>\n<meta property=\"og:url\" content=\"https:\/\/bokysee.com\/es\/products\/bokysee-outdoor-4g-solar-low-power-battery-ptz-camera-with-big-bracket\/\" \/>\n<meta property=\"og:site_name\" content=\"Bokysee Technology Co.,LTD\" \/>\n<meta property=\"article:modified_time\" content=\"2024-09-09T07:38:22+00:00\" \/>\n<meta property=\"og:image\" content=\"https:\/\/bokysee.com\/wp-content\/uploads\/2023\/10\/BK-LXS10P.jpg\" \/>\n\t<meta property=\"og:image:width\" content=\"800\" \/>\n\t<meta property=\"og:image:height\" content=\"800\" \/>\n\t<meta property=\"og:image:type\" content=\"image\/jpeg\" \/>\n<meta name=\"twitter:card\" content=\"summary_large_image\" \/>\n<meta name=\"twitter:label1\" content=\"Tiempo de lectura\" \/>\n\t<meta name=\"twitter:data1\" content=\"3 minutos\" \/>\n<script type=\"application\/ld+json\" class=\"yoast-schema-graph\">{\"@context\":\"https:\/\/schema.org\",\"@graph\":[{\"@type\":\"WebPage\",\"@id\":\"https:\/\/bokysee.com\/products\/bokysee-outdoor-4g-solar-low-power-battery-ptz-camera-with-big-bracket\/\",\"url\":\"https:\/\/bokysee.com\/products\/bokysee-outdoor-4g-solar-low-power-battery-ptz-camera-with-big-bracket\/\",\"name\":\"Bokysee Outdoor 4G Solar Low Power Battery PTZ Camera with Big Bracket - Bokysee Technology Co.,LTD\",\"isPartOf\":{\"@id\":\"https:\/\/bokysee.com\/#website\"},\"primaryImageOfPage\":{\"@id\":\"https:\/\/bokysee.com\/products\/bokysee-outdoor-4g-solar-low-power-battery-ptz-camera-with-big-bracket\/#primaryimage\"},\"image\":{\"@id\":\"https:\/\/bokysee.com\/products\/bokysee-outdoor-4g-solar-low-power-battery-ptz-camera-with-big-bracket\/#primaryimage\"},\"thumbnailUrl\":\"https:\/\/bokysee.com\/wp-content\/uploads\/2023\/10\/BK-LXS10P.jpg\",\"datePublished\":\"2023-10-07T04:03:02+00:00\",\"dateModified\":\"2024-09-09T07:38:22+00:00\",\"description\":\"Bokysee Outdoor 4G Solar Low Power Battery Solar Powered Wireless Security PTZ Camera Built-in PIR Sensor with Big Bracket\",\"breadcrumb\":{\"@id\":\"https:\/\/bokysee.com\/products\/bokysee-outdoor-4g-solar-low-power-battery-ptz-camera-with-big-bracket\/#breadcrumb\"},\"inLanguage\":\"es\",\"potentialAction\":[{\"@type\":\"ReadAction\",\"target\":[\"https:\/\/bokysee.com\/products\/bokysee-outdoor-4g-solar-low-power-battery-ptz-camera-with-big-bracket\/\"]}]},{\"@type\":\"ImageObject\",\"inLanguage\":\"es\",\"@id\":\"https:\/\/bokysee.com\/products\/bokysee-outdoor-4g-solar-low-power-battery-ptz-camera-with-big-bracket\/#primaryimage\",\"url\":\"https:\/\/bokysee.com\/wp-content\/uploads\/2023\/10\/BK-LXS10P.jpg\",\"contentUrl\":\"https:\/\/bokysee.com\/wp-content\/uploads\/2023\/10\/BK-LXS10P.jpg\",\"width\":800,\"height\":800},{\"@type\":\"BreadcrumbList\",\"@id\":\"https:\/\/bokysee.com\/products\/bokysee-outdoor-4g-solar-low-power-battery-ptz-camera-with-big-bracket\/#breadcrumb\",\"itemListElement\":[{\"@type\":\"ListItem\",\"position\":1,\"name\":\"Home\",\"item\":\"https:\/\/bokysee.com\/\"},{\"@type\":\"ListItem\",\"position\":2,\"name\":\"Products\",\"item\":\"https:\/\/bokysee.com\/products\/\"},{\"@type\":\"ListItem\",\"position\":3,\"name\":\"Bokysee Outdoor 4G Solar Low Power Battery PTZ Camera with Big Bracket\"}]},{\"@type\":\"WebSite\",\"@id\":\"https:\/\/bokysee.com\/#website\",\"url\":\"https:\/\/bokysee.com\/\",\"name\":\"Bokysee Technology Co.,LTD\",\"description\":\"Professional Smart Indoor and Outdoor Security Cameras Solution Supplier\",\"potentialAction\":[{\"@type\":\"SearchAction\",\"target\":{\"@type\":\"EntryPoint\",\"urlTemplate\":\"https:\/\/bokysee.com\/?s={search_term_string}\"},\"query-input\":{\"@type\":\"PropertyValueSpecification\",\"valueRequired\":true,\"valueName\":\"search_term_string\"}}],\"inLanguage\":\"es\"}]}<\/script>\n<!-- \/ Yoast SEO Premium plugin. -->","yoast_head_json":{"title":"Bokysee Outdoor 4G Solar Low Power Battery PTZ Camera with Big Bracket - Bokysee Technology Co.,LTD","description":"Bokysee Outdoor 4G Solar Low Power Battery Solar Powered Wireless Security PTZ Camera Built-in PIR Sensor with Big Bracket","robots":{"index":"index","follow":"follow","max-snippet":"max-snippet:-1","max-image-preview":"max-image-preview:large","max-video-preview":"max-video-preview:-1"},"canonical":"https:\/\/bokysee.com\/es\/products\/bokysee-outdoor-4g-solar-low-power-battery-ptz-camera-with-big-bracket\/","og_locale":"es_ES","og_type":"article","og_title":"Bokysee Outdoor 4G Solar Low Power Battery PTZ Camera with Big Bracket","og_description":"Bokysee Outdoor 4G Solar Low Power Battery Solar Powered Wireless Security PTZ Camera Built-in PIR Sensor with Big Bracket","og_url":"https:\/\/bokysee.com\/es\/products\/bokysee-outdoor-4g-solar-low-power-battery-ptz-camera-with-big-bracket\/","og_site_name":"Bokysee Technology Co.,LTD","article_modified_time":"2024-09-09T07:38:22+00:00","og_image":[{"width":800,"height":800,"url":"https:\/\/bokysee.com\/wp-content\/uploads\/2023\/10\/BK-LXS10P.jpg","type":"image\/jpeg"}],"twitter_card":"summary_large_image","twitter_misc":{"Tiempo de lectura":"3 minutos"},"schema":{"@context":"https:\/\/schema.org","@graph":[{"@type":"WebPage","@id":"https:\/\/bokysee.com\/products\/bokysee-outdoor-4g-solar-low-power-battery-ptz-camera-with-big-bracket\/","url":"https:\/\/bokysee.com\/products\/bokysee-outdoor-4g-solar-low-power-battery-ptz-camera-with-big-bracket\/","name":"Bokysee Outdoor 4G Solar Low Power Battery PTZ Camera with Big Bracket - Bokysee Technology Co.,LTD","isPartOf":{"@id":"https:\/\/bokysee.com\/#website"},"primaryImageOfPage":{"@id":"https:\/\/bokysee.com\/products\/bokysee-outdoor-4g-solar-low-power-battery-ptz-camera-with-big-bracket\/#primaryimage"},"image":{"@id":"https:\/\/bokysee.com\/products\/bokysee-outdoor-4g-solar-low-power-battery-ptz-camera-with-big-bracket\/#primaryimage"},"thumbnailUrl":"https:\/\/bokysee.com\/wp-content\/uploads\/2023\/10\/BK-LXS10P.jpg","datePublished":"2023-10-07T04:03:02+00:00","dateModified":"2024-09-09T07:38:22+00:00","description":"Bokysee Outdoor 4G Solar Low Power Battery Solar Powered Wireless Security PTZ Camera Built-in PIR Sensor with Big Bracket","breadcrumb":{"@id":"https:\/\/bokysee.com\/products\/bokysee-outdoor-4g-solar-low-power-battery-ptz-camera-with-big-bracket\/#breadcrumb"},"inLanguage":"es","potentialAction":[{"@type":"ReadAction","target":["https:\/\/bokysee.com\/products\/bokysee-outdoor-4g-solar-low-power-battery-ptz-camera-with-big-bracket\/"]}]},{"@type":"ImageObject","inLanguage":"es","@id":"https:\/\/bokysee.com\/products\/bokysee-outdoor-4g-solar-low-power-battery-ptz-camera-with-big-bracket\/#primaryimage","url":"https:\/\/bokysee.com\/wp-content\/uploads\/2023\/10\/BK-LXS10P.jpg","contentUrl":"https:\/\/bokysee.com\/wp-content\/uploads\/2023\/10\/BK-LXS10P.jpg","width":800,"height":800},{"@type":"BreadcrumbList","@id":"https:\/\/bokysee.com\/products\/bokysee-outdoor-4g-solar-low-power-battery-ptz-camera-with-big-bracket\/#breadcrumb","itemListElement":[{"@type":"ListItem","position":1,"name":"Home","item":"https:\/\/bokysee.com\/"},{"@type":"ListItem","position":2,"name":"Products","item":"https:\/\/bokysee.com\/products\/"},{"@type":"ListItem","position":3,"name":"Bokysee Outdoor 4G Solar Low Power Battery PTZ Camera with Big Bracket"}]},{"@type":"WebSite","@id":"https:\/\/bokysee.com\/#website","url":"https:\/\/bokysee.com\/","name":"Bokysee Technology Co.,LTD","description":"Professional Smart Indoor and Outdoor Security Cameras Solution Supplier","potentialAction":[{"@type":"SearchAction","target":{"@type":"EntryPoint","urlTemplate":"https:\/\/bokysee.com\/?s={search_term_string}"},"query-input":{"@type":"PropertyValueSpecification","valueRequired":true,"valueName":"search_term_string"}}],"inLanguage":"es"}]}},"_links":{"self":[{"href":"https:\/\/bokysee.com\/es\/wp-json\/wp\/v2\/product\/6493","targetHints":{"allow":["GET"]}}],"collection":[{"href":"https:\/\/bokysee.com\/es\/wp-json\/wp\/v2\/product"}],"about":[{"href":"https:\/\/bokysee.com\/es\/wp-json\/wp\/v2\/types\/product"}],"version-history":[{"count":0,"href":"https:\/\/bokysee.com\/es\/wp-json\/wp\/v2\/product\/6493\/revisions"}],"wp:featuredmedia":[{"embeddable":true,"href":"https:\/\/bokysee.com\/es\/wp-json\/wp\/v2\/media\/6494"}],"wp:attachment":[{"href":"https:\/\/bokysee.com\/es\/wp-json\/wp\/v2\/media?parent=6493"}],"wp:term":[{"taxonomy":"product_brand","embeddable":true,"href":"https:\/\/bokysee.com\/es\/wp-json\/wp\/v2\/product_brand?post=6493"},{"taxonomy":"product_cat","embeddable":true,"href":"https:\/\/bokysee.com\/es\/wp-json\/wp\/v2\/product_cat?post=6493"},{"taxonomy":"product_tag","embeddable":true,"href":"https:\/\/bokysee.com\/es\/wp-json\/wp\/v2\/product_tag?post=6493"}],"curies":[{"name":"wp","href":"https:\/\/api.w.org\/{rel}","templated":true}]}}