{"id":6485,"date":"2023-10-07T11:37:27","date_gmt":"2023-10-07T03:37:27","guid":{"rendered":"https:\/\/bokysee.com\/?post_type=product&#038;p=6485"},"modified":"2023-10-07T11:37:28","modified_gmt":"2023-10-07T03:37:28","slug":"analog-cctv-camera-hd-2mp-4-in-1-tvi-ahd-cvi-960h-analog-kamera","status":"publish","type":"product","link":"https:\/\/bokysee.com\/es\/products\/analog-cctv-camera-hd-2mp-4-in-1-tvi-ahd-cvi-960h-analog-kamera\/","title":{"rendered":"C\u00e1mara CCTV anal\u00f3gica HD 2MP 4 en 1 TVI AHD CVI 960H"},"content":{"rendered":"<p>C\u00e1mara CCTV anal\u00f3gica HD 2MP 4 en 1 TVI AHD CVI 960H<\/p>\n<p>Nuestras c\u00e1maras AHD ofrecen cuatro formatos de se\u00f1al de video: AHD, CVI, TVI y CVBS. AHD es el est\u00e1ndar global, compatible con cualquier DVR AHD. Otras marcas utilizan CVI y TVI, mientras que CVBS es el formato anal\u00f3gico tradicional. Conmutaci\u00f3n de se\u00f1ales mediante pulsador o protocolo UTC. Es posible que sea necesario ajustar el men\u00fa OSD para algunas c\u00e1maras. Confirme la compatibilidad del DVR antes de la compra.<\/p>\n<table width=\"978\">\n<tbody>\n<tr>\n<td width=\"268\">N.\u00ba de modelo<\/td>\n<td width=\"257\">BK-AHD07D2MP<\/td>\n<td width=\"257\">BK-AHD07D5MP<\/td>\n<td width=\"196\">BK-AHD07D8MP<\/td>\n<\/tr>\n<tr>\n<td width=\"268\">Sensor<\/td>\n<td width=\"257\">Sensor CMOS de 1\/2,9\u201d<\/td>\n<td colspan=\"2\" width=\"453\">Sensor CMOS de 1\/3\u201d<\/td>\n<\/tr>\n<tr>\n<td width=\"268\">Lente<\/td>\n<td colspan=\"3\" width=\"710\">3,6 mm (2,8 mm\/6 mm opcional)<\/td>\n<\/tr>\n<tr>\n<td width=\"268\">L\u00e1mpara de infrarrojos<\/td>\n<td colspan=\"3\" width=\"710\">2 IR de matriz<\/td>\n<\/tr>\n<tr>\n<td width=\"268\">P\u00edxel<\/td>\n<td width=\"257\">2MP<\/td>\n<td width=\"257\">5MP<\/td>\n<td width=\"196\">8MP<\/td>\n<\/tr>\n<tr>\n<td width=\"268\">Resoluci\u00f3n<\/td>\n<td width=\"257\">1920x1080P<\/td>\n<td>2560*1920<\/td>\n<td width=\"196\">3840*2160<\/td>\n<\/tr>\n<tr>\n<td width=\"268\">Modo de se\u00f1al<\/td>\n<td colspan=\"3\" width=\"710\">AHD\/TVI\/CVI\/CVBS<\/td>\n<\/tr>\n<tr>\n<td width=\"268\">Est\u00e1ndar<\/td>\n<td colspan=\"3\" width=\"710\">PAL\/NTSC<\/td>\n<\/tr>\n<tr>\n<td width=\"268\">Comunicaci\u00f3n UTC<\/td>\n<td colspan=\"3\" width=\"710\">apoyo<\/td>\n<\/tr>\n<tr>\n<td width=\"268\">Conmutaci\u00f3n de alta definici\u00f3n<\/td>\n<td colspan=\"3\" width=\"710\">Admite cambio de OSD\/TECLA\/c\u00f3digo de tecla\/tecla \u00fanica\/cambio de modo UTC<\/td>\n<\/tr>\n<tr>\n<td width=\"268\">Funci\u00f3n de men\u00fa<\/td>\n<td colspan=\"3\" width=\"710\">OSD\/Botones<\/td>\n<\/tr>\n<tr>\n<td width=\"268\">Idioma<\/td>\n<td colspan=\"3\" width=\"710\">Ingl\u00e9s\/chino\/coreano\/etc.<\/td>\n<\/tr>\n<tr>\n<td width=\"268\">N\u00famero de serie<\/td>\n<td colspan=\"3\" width=\"710\">2D<\/td>\n<\/tr>\n<tr>\n<td width=\"268\">Amplio rango din\u00e1mico (WDR)<\/td>\n<td colspan=\"3\" width=\"710\">adaptado<\/td>\n<\/tr>\n<tr>\n<td width=\"268\">Salida de v\u00eddeo<\/td>\n<td colspan=\"3\" width=\"710\">AHD\/TVI\/CVI\/CVBS<\/td>\n<\/tr>\n<tr>\n<td width=\"268\">Fuente de alimentaci\u00f3n<\/td>\n<td colspan=\"3\" width=\"710\">CC 12 V-1 A<\/td>\n<\/tr>\n<tr>\n<td width=\"268\">Impermeable<\/td>\n<td colspan=\"3\" width=\"710\">IP66<\/td>\n<\/tr>\n<tr>\n<td width=\"268\">Material<\/td>\n<td colspan=\"3\" width=\"710\">carcasa de metal<\/td>\n<\/tr>\n<tr>\n<td width=\"268\">Entorno de trabajo<\/td>\n<td colspan=\"3\" width=\"710\">Temperatura: -20\u00b0C ~ 60\u00b0C, humedad: 10% ~ 90% (sin condensaci\u00f3n)<\/td>\n<\/tr>\n<\/tbody>\n<\/table>\n<p>&nbsp;<\/p>\n<p>&nbsp;<\/p>\n<p>&nbsp;<\/p>\n<p>&nbsp;<\/p>\n<p>&nbsp;<\/p>\n<p>&nbsp;<\/p>\n<p>&nbsp;<\/p>","protected":false},"excerpt":{"rendered":"<p>\u25cf C\u00e1mara AHD tipo bala con infrarrojos de metal<br \/>\n\u25cf Resoluci\u00f3n: 1.0MP\/2.0MP\/5.0MP\/8.0MP<br \/>\n\u25cf Lente: 3,6 mm<br \/>\n\u25cf 2 IR de matriz<br \/>\n\u25cf Bala impermeable IP66<br \/>\n\u25cf D\u00eda y noche: color\/blanco y negro (inteligente opcional)<br \/>\n\u25cf Alimentaci\u00f3n: CC 12 V-1 A<br \/>\n\u25cf Audio: N\/A (opcional)<\/p>","protected":false},"featured_media":6486,"template":"","meta":[],"product_brand":[],"product_cat":[538],"product_tag":[608,610,607,609],"class_list":{"0":"post-6485","1":"product","2":"type-product","3":"status-publish","4":"has-post-thumbnail","6":"product_cat-dome-ahd-cameras","7":"product_tag-2mp-ahd-kamera","8":"product_tag-ahd-dvr","9":"product_tag-cvbs-ahd-tvi-cvi","10":"product_tag-kamera-ahd","12":"first","13":"instock","14":"shipping-taxable","15":"product-type-simple"},"acf":[],"yoast_head":"<!-- This site is optimized with the Yoast SEO Premium plugin v20.2.1 (Yoast SEO v26.1.1) - https:\/\/yoast.com\/wordpress\/plugins\/seo\/ -->\n<title>Analog CCTV Camera HD 2MP 4-in-1 TVI AHD CVI 960H Analog Kamera - Bokysee Technology Co.,LTD<\/title>\n<meta name=\"description\" content=\"Analog CCTV Camera HD 1080P 4-in-1 (TVI\/AHD\/CVI\/960H Analog) Security Dome Camera Outdoor Metal Housing, 24 IR-LEDs True Day &amp; Night Monitoring 3.6mm Lens\" \/>\n<meta name=\"robots\" content=\"index, follow, max-snippet:-1, max-image-preview:large, max-video-preview:-1\" \/>\n<link rel=\"canonical\" href=\"https:\/\/bokysee.com\/es\/products\/analog-cctv-camera-hd-2mp-4-in-1-tvi-ahd-cvi-960h-analog-kamera\/\" \/>\n<meta property=\"og:locale\" content=\"es_ES\" \/>\n<meta property=\"og:type\" content=\"article\" \/>\n<meta property=\"og:title\" content=\"Analog CCTV Camera HD 2MP 4-in-1 TVI AHD CVI 960H Analog Kamera\" \/>\n<meta property=\"og:description\" content=\"Analog CCTV Camera HD 1080P 4-in-1 (TVI\/AHD\/CVI\/960H Analog) Security Dome Camera Outdoor Metal Housing, 24 IR-LEDs True Day &amp; Night Monitoring 3.6mm Lens\" \/>\n<meta property=\"og:url\" content=\"https:\/\/bokysee.com\/es\/products\/analog-cctv-camera-hd-2mp-4-in-1-tvi-ahd-cvi-960h-analog-kamera\/\" \/>\n<meta property=\"og:site_name\" content=\"Bokysee Technology Co.,LTD\" \/>\n<meta property=\"article:modified_time\" content=\"2023-10-07T03:37:28+00:00\" \/>\n<meta property=\"og:image\" content=\"https:\/\/bokysee.com\/wp-content\/uploads\/2023\/10\/AHD-Caemra.jpg\" \/>\n\t<meta property=\"og:image:width\" content=\"800\" \/>\n\t<meta property=\"og:image:height\" content=\"800\" \/>\n\t<meta property=\"og:image:type\" content=\"image\/jpeg\" \/>\n<meta name=\"twitter:card\" content=\"summary_large_image\" \/>\n<meta name=\"twitter:label1\" content=\"Tiempo de lectura\" \/>\n\t<meta name=\"twitter:data1\" content=\"1 minuto\" \/>\n<script type=\"application\/ld+json\" class=\"yoast-schema-graph\">{\"@context\":\"https:\/\/schema.org\",\"@graph\":[{\"@type\":\"WebPage\",\"@id\":\"https:\/\/bokysee.com\/products\/analog-cctv-camera-hd-2mp-4-in-1-tvi-ahd-cvi-960h-analog-kamera\/\",\"url\":\"https:\/\/bokysee.com\/products\/analog-cctv-camera-hd-2mp-4-in-1-tvi-ahd-cvi-960h-analog-kamera\/\",\"name\":\"Analog CCTV Camera HD 2MP 4-in-1 TVI AHD CVI 960H Analog Kamera - Bokysee Technology Co.,LTD\",\"isPartOf\":{\"@id\":\"https:\/\/bokysee.com\/#website\"},\"primaryImageOfPage\":{\"@id\":\"https:\/\/bokysee.com\/products\/analog-cctv-camera-hd-2mp-4-in-1-tvi-ahd-cvi-960h-analog-kamera\/#primaryimage\"},\"image\":{\"@id\":\"https:\/\/bokysee.com\/products\/analog-cctv-camera-hd-2mp-4-in-1-tvi-ahd-cvi-960h-analog-kamera\/#primaryimage\"},\"thumbnailUrl\":\"https:\/\/bokysee.com\/wp-content\/uploads\/2023\/10\/AHD-Caemra.jpg\",\"datePublished\":\"2023-10-07T03:37:27+00:00\",\"dateModified\":\"2023-10-07T03:37:28+00:00\",\"description\":\"Analog CCTV Camera HD 1080P 4-in-1 (TVI\/AHD\/CVI\/960H Analog) Security Dome Camera Outdoor Metal Housing, 24 IR-LEDs True Day & Night Monitoring 3.6mm Lens\",\"breadcrumb\":{\"@id\":\"https:\/\/bokysee.com\/products\/analog-cctv-camera-hd-2mp-4-in-1-tvi-ahd-cvi-960h-analog-kamera\/#breadcrumb\"},\"inLanguage\":\"es\",\"potentialAction\":[{\"@type\":\"ReadAction\",\"target\":[\"https:\/\/bokysee.com\/products\/analog-cctv-camera-hd-2mp-4-in-1-tvi-ahd-cvi-960h-analog-kamera\/\"]}]},{\"@type\":\"ImageObject\",\"inLanguage\":\"es\",\"@id\":\"https:\/\/bokysee.com\/products\/analog-cctv-camera-hd-2mp-4-in-1-tvi-ahd-cvi-960h-analog-kamera\/#primaryimage\",\"url\":\"https:\/\/bokysee.com\/wp-content\/uploads\/2023\/10\/AHD-Caemra.jpg\",\"contentUrl\":\"https:\/\/bokysee.com\/wp-content\/uploads\/2023\/10\/AHD-Caemra.jpg\",\"width\":800,\"height\":800},{\"@type\":\"BreadcrumbList\",\"@id\":\"https:\/\/bokysee.com\/products\/analog-cctv-camera-hd-2mp-4-in-1-tvi-ahd-cvi-960h-analog-kamera\/#breadcrumb\",\"itemListElement\":[{\"@type\":\"ListItem\",\"position\":1,\"name\":\"Home\",\"item\":\"https:\/\/bokysee.com\/\"},{\"@type\":\"ListItem\",\"position\":2,\"name\":\"Products\",\"item\":\"https:\/\/bokysee.com\/products\/\"},{\"@type\":\"ListItem\",\"position\":3,\"name\":\"Analog CCTV Camera HD 2MP 4-in-1 TVI AHD CVI 960H Analog Kamera\"}]},{\"@type\":\"WebSite\",\"@id\":\"https:\/\/bokysee.com\/#website\",\"url\":\"https:\/\/bokysee.com\/\",\"name\":\"Bokysee Technology Co.,LTD\",\"description\":\"Professional Smart Indoor and Outdoor Security Cameras Solution Supplier\",\"potentialAction\":[{\"@type\":\"SearchAction\",\"target\":{\"@type\":\"EntryPoint\",\"urlTemplate\":\"https:\/\/bokysee.com\/?s={search_term_string}\"},\"query-input\":{\"@type\":\"PropertyValueSpecification\",\"valueRequired\":true,\"valueName\":\"search_term_string\"}}],\"inLanguage\":\"es\"}]}<\/script>\n<!-- \/ Yoast SEO Premium plugin. -->","yoast_head_json":{"title":"Analog CCTV Camera HD 2MP 4-in-1 TVI AHD CVI 960H Analog Kamera - Bokysee Technology Co.,LTD","description":"Analog CCTV Camera HD 1080P 4-in-1 (TVI\/AHD\/CVI\/960H Analog) Security Dome Camera Outdoor Metal Housing, 24 IR-LEDs True Day & Night Monitoring 3.6mm Lens","robots":{"index":"index","follow":"follow","max-snippet":"max-snippet:-1","max-image-preview":"max-image-preview:large","max-video-preview":"max-video-preview:-1"},"canonical":"https:\/\/bokysee.com\/es\/products\/analog-cctv-camera-hd-2mp-4-in-1-tvi-ahd-cvi-960h-analog-kamera\/","og_locale":"es_ES","og_type":"article","og_title":"Analog CCTV Camera HD 2MP 4-in-1 TVI AHD CVI 960H Analog Kamera","og_description":"Analog CCTV Camera HD 1080P 4-in-1 (TVI\/AHD\/CVI\/960H Analog) Security Dome Camera Outdoor Metal Housing, 24 IR-LEDs True Day & Night Monitoring 3.6mm Lens","og_url":"https:\/\/bokysee.com\/es\/products\/analog-cctv-camera-hd-2mp-4-in-1-tvi-ahd-cvi-960h-analog-kamera\/","og_site_name":"Bokysee Technology Co.,LTD","article_modified_time":"2023-10-07T03:37:28+00:00","og_image":[{"width":800,"height":800,"url":"https:\/\/bokysee.com\/wp-content\/uploads\/2023\/10\/AHD-Caemra.jpg","type":"image\/jpeg"}],"twitter_card":"summary_large_image","twitter_misc":{"Tiempo de lectura":"1 minuto"},"schema":{"@context":"https:\/\/schema.org","@graph":[{"@type":"WebPage","@id":"https:\/\/bokysee.com\/products\/analog-cctv-camera-hd-2mp-4-in-1-tvi-ahd-cvi-960h-analog-kamera\/","url":"https:\/\/bokysee.com\/products\/analog-cctv-camera-hd-2mp-4-in-1-tvi-ahd-cvi-960h-analog-kamera\/","name":"Analog CCTV Camera HD 2MP 4-in-1 TVI AHD CVI 960H Analog Kamera - Bokysee Technology Co.,LTD","isPartOf":{"@id":"https:\/\/bokysee.com\/#website"},"primaryImageOfPage":{"@id":"https:\/\/bokysee.com\/products\/analog-cctv-camera-hd-2mp-4-in-1-tvi-ahd-cvi-960h-analog-kamera\/#primaryimage"},"image":{"@id":"https:\/\/bokysee.com\/products\/analog-cctv-camera-hd-2mp-4-in-1-tvi-ahd-cvi-960h-analog-kamera\/#primaryimage"},"thumbnailUrl":"https:\/\/bokysee.com\/wp-content\/uploads\/2023\/10\/AHD-Caemra.jpg","datePublished":"2023-10-07T03:37:27+00:00","dateModified":"2023-10-07T03:37:28+00:00","description":"Analog CCTV Camera HD 1080P 4-in-1 (TVI\/AHD\/CVI\/960H Analog) Security Dome Camera Outdoor Metal Housing, 24 IR-LEDs True Day & Night Monitoring 3.6mm Lens","breadcrumb":{"@id":"https:\/\/bokysee.com\/products\/analog-cctv-camera-hd-2mp-4-in-1-tvi-ahd-cvi-960h-analog-kamera\/#breadcrumb"},"inLanguage":"es","potentialAction":[{"@type":"ReadAction","target":["https:\/\/bokysee.com\/products\/analog-cctv-camera-hd-2mp-4-in-1-tvi-ahd-cvi-960h-analog-kamera\/"]}]},{"@type":"ImageObject","inLanguage":"es","@id":"https:\/\/bokysee.com\/products\/analog-cctv-camera-hd-2mp-4-in-1-tvi-ahd-cvi-960h-analog-kamera\/#primaryimage","url":"https:\/\/bokysee.com\/wp-content\/uploads\/2023\/10\/AHD-Caemra.jpg","contentUrl":"https:\/\/bokysee.com\/wp-content\/uploads\/2023\/10\/AHD-Caemra.jpg","width":800,"height":800},{"@type":"BreadcrumbList","@id":"https:\/\/bokysee.com\/products\/analog-cctv-camera-hd-2mp-4-in-1-tvi-ahd-cvi-960h-analog-kamera\/#breadcrumb","itemListElement":[{"@type":"ListItem","position":1,"name":"Home","item":"https:\/\/bokysee.com\/"},{"@type":"ListItem","position":2,"name":"Products","item":"https:\/\/bokysee.com\/products\/"},{"@type":"ListItem","position":3,"name":"Analog CCTV Camera HD 2MP 4-in-1 TVI AHD CVI 960H Analog Kamera"}]},{"@type":"WebSite","@id":"https:\/\/bokysee.com\/#website","url":"https:\/\/bokysee.com\/","name":"Bokysee Technology Co.,LTD","description":"Professional Smart Indoor and Outdoor Security Cameras Solution Supplier","potentialAction":[{"@type":"SearchAction","target":{"@type":"EntryPoint","urlTemplate":"https:\/\/bokysee.com\/?s={search_term_string}"},"query-input":{"@type":"PropertyValueSpecification","valueRequired":true,"valueName":"search_term_string"}}],"inLanguage":"es"}]}},"_links":{"self":[{"href":"https:\/\/bokysee.com\/es\/wp-json\/wp\/v2\/product\/6485","targetHints":{"allow":["GET"]}}],"collection":[{"href":"https:\/\/bokysee.com\/es\/wp-json\/wp\/v2\/product"}],"about":[{"href":"https:\/\/bokysee.com\/es\/wp-json\/wp\/v2\/types\/product"}],"version-history":[{"count":0,"href":"https:\/\/bokysee.com\/es\/wp-json\/wp\/v2\/product\/6485\/revisions"}],"wp:featuredmedia":[{"embeddable":true,"href":"https:\/\/bokysee.com\/es\/wp-json\/wp\/v2\/media\/6486"}],"wp:attachment":[{"href":"https:\/\/bokysee.com\/es\/wp-json\/wp\/v2\/media?parent=6485"}],"wp:term":[{"taxonomy":"product_brand","embeddable":true,"href":"https:\/\/bokysee.com\/es\/wp-json\/wp\/v2\/product_brand?post=6485"},{"taxonomy":"product_cat","embeddable":true,"href":"https:\/\/bokysee.com\/es\/wp-json\/wp\/v2\/product_cat?post=6485"},{"taxonomy":"product_tag","embeddable":true,"href":"https:\/\/bokysee.com\/es\/wp-json\/wp\/v2\/product_tag?post=6485"}],"curies":[{"name":"wp","href":"https:\/\/api.w.org\/{rel}","templated":true}]}}