{"id":6482,"date":"2023-10-07T11:15:40","date_gmt":"2023-10-07T03:15:40","guid":{"rendered":"https:\/\/bokysee.com\/?post_type=product&#038;p=6482"},"modified":"2024-02-20T17:31:55","modified_gmt":"2024-02-20T09:31:55","slug":"ahd-analog-cctv-cameras-systems-wholesale-from-directly-manufacturers","status":"publish","type":"product","link":"https:\/\/bokysee.com\/es\/products\/ahd-analog-cctv-cameras-systems-wholesale-from-directly-manufacturers\/","title":{"rendered":"Sistemas de c\u00e1maras CCTV anal\u00f3gicas AHD al por mayor directamente de los fabricantes"},"content":{"rendered":"<p>Sistemas de c\u00e1maras CCTV anal\u00f3gicas AHD al por mayor directamente de los fabricantes<\/p>\n<p>Mejore la seguridad de su negocio con vigilancia HD. Disfrute de las ventajas de la c\u00e1mara AHD de Bokysee, un est\u00e1ndar de videovigilancia de circuito cerrado de televisi\u00f3n anal\u00f3gico que ofrece video de alta definici\u00f3n 720P. Nuestra tecnolog\u00eda avanzada permite que la c\u00e1mara env\u00ede una se\u00f1al HD a trav\u00e9s de un cable coaxial o RCA est\u00e1ndar, lo que garantiza im\u00e1genes n\u00edtidas. Esta c\u00e1mara de gama alta ofrece claridad, precisi\u00f3n y fiabilidad inigualables para propietarios de negocios, fabricantes de marcas y distribuidores, ofreciendo una tranquilidad invaluable.<\/p>\n<table width=\"978\">\n<tbody>\n<tr>\n<td width=\"268\">N.\u00ba de modelo<\/td>\n<td width=\"257\">BK-AHD04B2MP<\/td>\n<td width=\"257\">BK-AHD04B5MP<\/td>\n<td width=\"196\">BK-AHD04B8MP<\/td>\n<\/tr>\n<tr>\n<td width=\"268\">Sensor<\/td>\n<td width=\"257\">Sensor CMOS de 1\/2,9\u201d<\/td>\n<td colspan=\"2\" width=\"453\">Sensor CMOS de 1\/3\u201d<\/td>\n<\/tr>\n<tr>\n<td width=\"268\">Lente<\/td>\n<td colspan=\"3\" width=\"710\">3,6 mm (2,8 mm\/6 mm opcional)<\/td>\n<\/tr>\n<tr>\n<td width=\"268\">L\u00e1mpara de infrarrojos<\/td>\n<td colspan=\"3\" width=\"710\">6 luces de matriz de luz<\/td>\n<\/tr>\n<tr>\n<td width=\"268\">P\u00edxel<\/td>\n<td width=\"257\">2MP<\/td>\n<td width=\"257\">5MP<\/td>\n<td width=\"196\">8MP<\/td>\n<\/tr>\n<tr>\n<td width=\"268\">Resoluci\u00f3n<\/td>\n<td width=\"257\">1920x1080P<\/td>\n<td>2560*1920<\/td>\n<td width=\"196\">3840*2160<\/td>\n<\/tr>\n<tr>\n<td width=\"268\">Modo de se\u00f1al<\/td>\n<td colspan=\"3\" width=\"710\">AHD\/TVI\/CVI\/CVBS<\/td>\n<\/tr>\n<tr>\n<td width=\"268\">Est\u00e1ndar<\/td>\n<td colspan=\"3\" width=\"710\">PAL\/NTSC<\/td>\n<\/tr>\n<tr>\n<td width=\"268\">Comunicaci\u00f3n UTC<\/td>\n<td colspan=\"3\" width=\"710\">apoyo<\/td>\n<\/tr>\n<tr>\n<td width=\"268\">Conmutaci\u00f3n de alta definici\u00f3n<\/td>\n<td colspan=\"3\" width=\"710\">Admite cambio de OSD\/TECLA\/c\u00f3digo de tecla\/tecla \u00fanica\/cambio de modo UTC<\/td>\n<\/tr>\n<tr>\n<td width=\"268\">Funci\u00f3n de men\u00fa<\/td>\n<td colspan=\"3\" width=\"710\">OSD\/Botones<\/td>\n<\/tr>\n<tr>\n<td width=\"268\">Idioma<\/td>\n<td colspan=\"3\" width=\"710\">Ingl\u00e9s\/chino\/coreano\/etc.<\/td>\n<\/tr>\n<tr>\n<td width=\"268\">N\u00famero de serie<\/td>\n<td colspan=\"3\" width=\"710\">2D<\/td>\n<\/tr>\n<tr>\n<td width=\"268\">Amplio rango din\u00e1mico (WDR)<\/td>\n<td colspan=\"3\" width=\"710\">adaptado<\/td>\n<\/tr>\n<tr>\n<td width=\"268\">Salida de v\u00eddeo<\/td>\n<td colspan=\"3\" width=\"710\">AHD\/TVI\/CVI\/CVBS<\/td>\n<\/tr>\n<tr>\n<td width=\"268\">Fuente de alimentaci\u00f3n<\/td>\n<td colspan=\"3\" width=\"710\">CC 12 V-1 A<\/td>\n<\/tr>\n<tr>\n<td width=\"268\">Impermeable<\/td>\n<td colspan=\"3\" width=\"710\">IP66<\/td>\n<\/tr>\n<tr>\n<td width=\"268\">Material<\/td>\n<td colspan=\"3\" width=\"710\">carcasa de metal<\/td>\n<\/tr>\n<tr>\n<td width=\"268\">Entorno de trabajo<\/td>\n<td colspan=\"3\" width=\"710\">Temperatura: -20\u00b0C ~ 60\u00b0C, humedad: 10% ~ 90% (sin condensaci\u00f3n)<\/td>\n<\/tr>\n<\/tbody>\n<\/table>\n<p>&nbsp;<\/p>\n<p>&nbsp;<\/p>\n<p>&nbsp;<\/p>\n<p>&nbsp;<\/p>\n<p>&nbsp;<\/p>\n<p>&nbsp;<\/p>\n<p>&nbsp;<\/p>","protected":false},"excerpt":{"rendered":"<p>\u25cf C\u00e1mara bala infrarroja de metal<br \/>\n\u25cf Resoluci\u00f3n: 1.0MP\/2.0MP\/5.0MP\/8.0MP<br \/>\n\u25cf Lente: 3,6 mm<br \/>\n\u25cf 6 IR de matriz<br \/>\n\u25cf Bala impermeable IP66<br \/>\n\u25cf D\u00eda y noche: color\/blanco y negro (inteligente opcional)<br \/>\n\u25cf Alimentaci\u00f3n: CC 12 V-1 A<br \/>\n\u25cf Audio: N\/A (opcional)<\/p>","protected":false},"featured_media":6471,"template":"","meta":[],"product_brand":[],"product_cat":[539],"product_tag":[596,597,595],"class_list":{"0":"post-6482","1":"product","2":"type-product","3":"status-publish","4":"has-post-thumbnail","6":"product_cat-bullet-ahd-cameras","7":"product_tag-ahd-cctv-cameras","8":"product_tag-analog-cctv-camera-manufacturers","9":"product_tag-cctv-camera-systems-wholesale","11":"first","12":"instock","13":"shipping-taxable","14":"product-type-simple"},"acf":[],"yoast_head":"<!-- This site is optimized with the Yoast SEO Premium plugin v20.2.1 (Yoast SEO v26.1.1) - https:\/\/yoast.com\/wordpress\/plugins\/seo\/ -->\n<title>AHD Analog CCTV Cameras Systems Wholesale From Directly Manufacturers - Bokysee Technology Co.,LTD<\/title>\n<meta name=\"description\" content=\"Bokysee 4 in 1 AHD Analog CCTV Bullet Cameras Systems Wholesale From Directly Manufacturers with HD 5.0MP High Resolution\" \/>\n<meta name=\"robots\" content=\"index, follow, max-snippet:-1, max-image-preview:large, max-video-preview:-1\" \/>\n<link rel=\"canonical\" href=\"https:\/\/bokysee.com\/es\/products\/ahd-analog-cctv-cameras-systems-wholesale-from-directly-manufacturers\/\" \/>\n<meta property=\"og:locale\" content=\"es_ES\" \/>\n<meta property=\"og:type\" content=\"article\" \/>\n<meta property=\"og:title\" content=\"AHD Analog CCTV Cameras Systems Wholesale From Directly Manufacturers\" \/>\n<meta property=\"og:description\" content=\"Bokysee 4 in 1 AHD Analog CCTV Bullet Cameras Systems Wholesale From Directly Manufacturers with HD 5.0MP High Resolution\" \/>\n<meta property=\"og:url\" content=\"https:\/\/bokysee.com\/es\/products\/ahd-analog-cctv-cameras-systems-wholesale-from-directly-manufacturers\/\" \/>\n<meta property=\"og:site_name\" content=\"Bokysee Technology Co.,LTD\" \/>\n<meta property=\"article:modified_time\" content=\"2024-02-20T09:31:55+00:00\" \/>\n<meta property=\"og:image\" content=\"https:\/\/bokysee.com\/wp-content\/uploads\/2023\/10\/A6.jpg\" \/>\n\t<meta property=\"og:image:width\" content=\"800\" \/>\n\t<meta property=\"og:image:height\" content=\"800\" \/>\n\t<meta property=\"og:image:type\" content=\"image\/jpeg\" \/>\n<meta name=\"twitter:card\" content=\"summary_large_image\" \/>\n<meta name=\"twitter:label1\" content=\"Tiempo de lectura\" \/>\n\t<meta name=\"twitter:data1\" content=\"1 minuto\" \/>\n<script type=\"application\/ld+json\" class=\"yoast-schema-graph\">{\"@context\":\"https:\/\/schema.org\",\"@graph\":[{\"@type\":\"WebPage\",\"@id\":\"https:\/\/bokysee.com\/products\/ahd-analog-cctv-cameras-systems-wholesale-from-directly-manufacturers\/\",\"url\":\"https:\/\/bokysee.com\/products\/ahd-analog-cctv-cameras-systems-wholesale-from-directly-manufacturers\/\",\"name\":\"AHD Analog CCTV Cameras Systems Wholesale From Directly Manufacturers - Bokysee Technology Co.,LTD\",\"isPartOf\":{\"@id\":\"https:\/\/bokysee.com\/#website\"},\"primaryImageOfPage\":{\"@id\":\"https:\/\/bokysee.com\/products\/ahd-analog-cctv-cameras-systems-wholesale-from-directly-manufacturers\/#primaryimage\"},\"image\":{\"@id\":\"https:\/\/bokysee.com\/products\/ahd-analog-cctv-cameras-systems-wholesale-from-directly-manufacturers\/#primaryimage\"},\"thumbnailUrl\":\"https:\/\/bokysee.com\/wp-content\/uploads\/2023\/10\/A6.jpg\",\"datePublished\":\"2023-10-07T03:15:40+00:00\",\"dateModified\":\"2024-02-20T09:31:55+00:00\",\"description\":\"Bokysee 4 in 1 AHD Analog CCTV Bullet Cameras Systems Wholesale From Directly Manufacturers with HD 5.0MP High Resolution\",\"breadcrumb\":{\"@id\":\"https:\/\/bokysee.com\/products\/ahd-analog-cctv-cameras-systems-wholesale-from-directly-manufacturers\/#breadcrumb\"},\"inLanguage\":\"es\",\"potentialAction\":[{\"@type\":\"ReadAction\",\"target\":[\"https:\/\/bokysee.com\/products\/ahd-analog-cctv-cameras-systems-wholesale-from-directly-manufacturers\/\"]}]},{\"@type\":\"ImageObject\",\"inLanguage\":\"es\",\"@id\":\"https:\/\/bokysee.com\/products\/ahd-analog-cctv-cameras-systems-wholesale-from-directly-manufacturers\/#primaryimage\",\"url\":\"https:\/\/bokysee.com\/wp-content\/uploads\/2023\/10\/A6.jpg\",\"contentUrl\":\"https:\/\/bokysee.com\/wp-content\/uploads\/2023\/10\/A6.jpg\",\"width\":800,\"height\":800},{\"@type\":\"BreadcrumbList\",\"@id\":\"https:\/\/bokysee.com\/products\/ahd-analog-cctv-cameras-systems-wholesale-from-directly-manufacturers\/#breadcrumb\",\"itemListElement\":[{\"@type\":\"ListItem\",\"position\":1,\"name\":\"Home\",\"item\":\"https:\/\/bokysee.com\/\"},{\"@type\":\"ListItem\",\"position\":2,\"name\":\"Products\",\"item\":\"https:\/\/bokysee.com\/products\/\"},{\"@type\":\"ListItem\",\"position\":3,\"name\":\"AHD Analog CCTV Cameras Systems Wholesale From Directly Manufacturers\"}]},{\"@type\":\"WebSite\",\"@id\":\"https:\/\/bokysee.com\/#website\",\"url\":\"https:\/\/bokysee.com\/\",\"name\":\"Bokysee Technology Co.,LTD\",\"description\":\"Professional Smart Indoor and Outdoor Security Cameras Solution Supplier\",\"potentialAction\":[{\"@type\":\"SearchAction\",\"target\":{\"@type\":\"EntryPoint\",\"urlTemplate\":\"https:\/\/bokysee.com\/?s={search_term_string}\"},\"query-input\":{\"@type\":\"PropertyValueSpecification\",\"valueRequired\":true,\"valueName\":\"search_term_string\"}}],\"inLanguage\":\"es\"}]}<\/script>\n<!-- \/ Yoast SEO Premium plugin. -->","yoast_head_json":{"title":"AHD Analog CCTV Cameras Systems Wholesale From Directly Manufacturers - Bokysee Technology Co.,LTD","description":"Bokysee 4 in 1 AHD Analog CCTV Bullet Cameras Systems Wholesale From Directly Manufacturers with HD 5.0MP High Resolution","robots":{"index":"index","follow":"follow","max-snippet":"max-snippet:-1","max-image-preview":"max-image-preview:large","max-video-preview":"max-video-preview:-1"},"canonical":"https:\/\/bokysee.com\/es\/products\/ahd-analog-cctv-cameras-systems-wholesale-from-directly-manufacturers\/","og_locale":"es_ES","og_type":"article","og_title":"AHD Analog CCTV Cameras Systems Wholesale From Directly Manufacturers","og_description":"Bokysee 4 in 1 AHD Analog CCTV Bullet Cameras Systems Wholesale From Directly Manufacturers with HD 5.0MP High Resolution","og_url":"https:\/\/bokysee.com\/es\/products\/ahd-analog-cctv-cameras-systems-wholesale-from-directly-manufacturers\/","og_site_name":"Bokysee Technology Co.,LTD","article_modified_time":"2024-02-20T09:31:55+00:00","og_image":[{"width":800,"height":800,"url":"https:\/\/bokysee.com\/wp-content\/uploads\/2023\/10\/A6.jpg","type":"image\/jpeg"}],"twitter_card":"summary_large_image","twitter_misc":{"Tiempo de lectura":"1 minuto"},"schema":{"@context":"https:\/\/schema.org","@graph":[{"@type":"WebPage","@id":"https:\/\/bokysee.com\/products\/ahd-analog-cctv-cameras-systems-wholesale-from-directly-manufacturers\/","url":"https:\/\/bokysee.com\/products\/ahd-analog-cctv-cameras-systems-wholesale-from-directly-manufacturers\/","name":"AHD Analog CCTV Cameras Systems Wholesale From Directly Manufacturers - Bokysee Technology Co.,LTD","isPartOf":{"@id":"https:\/\/bokysee.com\/#website"},"primaryImageOfPage":{"@id":"https:\/\/bokysee.com\/products\/ahd-analog-cctv-cameras-systems-wholesale-from-directly-manufacturers\/#primaryimage"},"image":{"@id":"https:\/\/bokysee.com\/products\/ahd-analog-cctv-cameras-systems-wholesale-from-directly-manufacturers\/#primaryimage"},"thumbnailUrl":"https:\/\/bokysee.com\/wp-content\/uploads\/2023\/10\/A6.jpg","datePublished":"2023-10-07T03:15:40+00:00","dateModified":"2024-02-20T09:31:55+00:00","description":"Bokysee 4 in 1 AHD Analog CCTV Bullet Cameras Systems Wholesale From Directly Manufacturers with HD 5.0MP High Resolution","breadcrumb":{"@id":"https:\/\/bokysee.com\/products\/ahd-analog-cctv-cameras-systems-wholesale-from-directly-manufacturers\/#breadcrumb"},"inLanguage":"es","potentialAction":[{"@type":"ReadAction","target":["https:\/\/bokysee.com\/products\/ahd-analog-cctv-cameras-systems-wholesale-from-directly-manufacturers\/"]}]},{"@type":"ImageObject","inLanguage":"es","@id":"https:\/\/bokysee.com\/products\/ahd-analog-cctv-cameras-systems-wholesale-from-directly-manufacturers\/#primaryimage","url":"https:\/\/bokysee.com\/wp-content\/uploads\/2023\/10\/A6.jpg","contentUrl":"https:\/\/bokysee.com\/wp-content\/uploads\/2023\/10\/A6.jpg","width":800,"height":800},{"@type":"BreadcrumbList","@id":"https:\/\/bokysee.com\/products\/ahd-analog-cctv-cameras-systems-wholesale-from-directly-manufacturers\/#breadcrumb","itemListElement":[{"@type":"ListItem","position":1,"name":"Home","item":"https:\/\/bokysee.com\/"},{"@type":"ListItem","position":2,"name":"Products","item":"https:\/\/bokysee.com\/products\/"},{"@type":"ListItem","position":3,"name":"AHD Analog CCTV Cameras Systems Wholesale From Directly Manufacturers"}]},{"@type":"WebSite","@id":"https:\/\/bokysee.com\/#website","url":"https:\/\/bokysee.com\/","name":"Bokysee Technology Co.,LTD","description":"Professional Smart Indoor and Outdoor Security Cameras Solution Supplier","potentialAction":[{"@type":"SearchAction","target":{"@type":"EntryPoint","urlTemplate":"https:\/\/bokysee.com\/?s={search_term_string}"},"query-input":{"@type":"PropertyValueSpecification","valueRequired":true,"valueName":"search_term_string"}}],"inLanguage":"es"}]}},"_links":{"self":[{"href":"https:\/\/bokysee.com\/es\/wp-json\/wp\/v2\/product\/6482","targetHints":{"allow":["GET"]}}],"collection":[{"href":"https:\/\/bokysee.com\/es\/wp-json\/wp\/v2\/product"}],"about":[{"href":"https:\/\/bokysee.com\/es\/wp-json\/wp\/v2\/types\/product"}],"version-history":[{"count":0,"href":"https:\/\/bokysee.com\/es\/wp-json\/wp\/v2\/product\/6482\/revisions"}],"wp:featuredmedia":[{"embeddable":true,"href":"https:\/\/bokysee.com\/es\/wp-json\/wp\/v2\/media\/6471"}],"wp:attachment":[{"href":"https:\/\/bokysee.com\/es\/wp-json\/wp\/v2\/media?parent=6482"}],"wp:term":[{"taxonomy":"product_brand","embeddable":true,"href":"https:\/\/bokysee.com\/es\/wp-json\/wp\/v2\/product_brand?post=6482"},{"taxonomy":"product_cat","embeddable":true,"href":"https:\/\/bokysee.com\/es\/wp-json\/wp\/v2\/product_cat?post=6482"},{"taxonomy":"product_tag","embeddable":true,"href":"https:\/\/bokysee.com\/es\/wp-json\/wp\/v2\/product_tag?post=6482"}],"curies":[{"name":"wp","href":"https:\/\/api.w.org\/{rel}","templated":true}]}}