{"id":6458,"date":"2023-10-07T09:20:34","date_gmt":"2023-10-07T01:20:34","guid":{"rendered":"https:\/\/bokysee.com\/?post_type=product&#038;p=6458"},"modified":"2025-08-03T18:13:14","modified_gmt":"2025-08-03T10:13:14","slug":"4k-poe-security-bullet-camera-outdoor-from-professional-ip-camera-supplier-2","status":"publish","type":"product","link":"https:\/\/bokysee.com\/es\/products\/4k-poe-security-bullet-camera-outdoor-from-professional-ip-camera-supplier-2\/","title":{"rendered":"C\u00e1mara de seguridad tipo bala POE 4K para exteriores de un proveedor profesional de c\u00e1maras IP"},"content":{"rendered":"<p>C\u00e1mara de seguridad tipo bala POE 4K para exteriores de un proveedor profesional de c\u00e1maras IP<\/p>\n<p>Experimente una eficiencia superior y una conectividad fluida con las avanzadas c\u00e1maras IP POE de Bokysee. Capture cada detalle con precisi\u00f3n y disfrute de una monitorizaci\u00f3n sencilla desde cualquier lugar. Optimice sus operaciones comerciales con nuestras soluciones de seguridad fiables y escalables.<\/p>\n<table width=\"766\">\n<tbody>\n<tr>\n<td colspan=\"2\" width=\"207\">Modelo<\/td>\n<td width=\"205\">BK-IPE01B3M<\/td>\n<td width=\"156\">BK-IPE01B5M<\/td>\n<td width=\"197\">BK-IPE01B8M<\/td>\n<\/tr>\n<tr>\n<td colspan=\"2\" width=\"207\">Sensor<\/td>\n<td width=\"205\">Sensor CMOS de 1\/2,9\u201d<\/td>\n<td width=\"156\">Sensor CMOS de 1\/2,8\u201d<\/td>\n<td width=\"197\">Sensor CMOS de 1\/3\u201d<\/td>\n<\/tr>\n<tr>\n<td colspan=\"2\" width=\"207\">Lente<\/td>\n<td colspan=\"3\" width=\"559\">3,6 mm (6\/8\/12 mm opcional)<\/td>\n<\/tr>\n<tr>\n<td colspan=\"2\" width=\"207\">L\u00e1mpara de infrarrojos<\/td>\n<td colspan=\"3\" width=\"559\">L\u00e1mpara de matriz de 4 piezas<\/td>\n<\/tr>\n<tr>\n<td colspan=\"2\" width=\"207\">P\u00edxel<\/td>\n<td width=\"205\">3MP<\/td>\n<td width=\"156\">5MP<\/td>\n<td width=\"197\">8MP<\/td>\n<\/tr>\n<tr>\n<td rowspan=\"2\" width=\"92\">Flujo de c\u00f3digo<\/td>\n<td width=\"115\">Corriente principal<\/td>\n<td><a href=\"mailto:2304x1296@20fps\">2304\u00d71296 a 20 fps<\/a><\/td>\n<td width=\"156\">2560*1920 a 20 fps<\/td>\n<td width=\"197\">3840*2160 a 20 fps<\/td>\n<\/tr>\n<tr>\n<td width=\"115\">Subflujo<\/td>\n<td width=\"205\">640*360 a 25 fps<\/td>\n<td width=\"156\">640*360 a 25 fps<\/td>\n<td width=\"197\">640*360 a 25 fps<\/td>\n<\/tr>\n<tr>\n<td colspan=\"2\" width=\"207\">Codificaci\u00f3n de v\u00eddeo<\/td>\n<td colspan=\"3\" width=\"559\">Codificaci\u00f3n de v\u00eddeo H.264\/H.265, admite transmisiones duales<\/td>\n<\/tr>\n<tr>\n<td colspan=\"2\" width=\"207\">Relaci\u00f3n se\u00f1al-ruido<\/td>\n<td colspan=\"3\" width=\"559\">\u00a02D\/3D<\/td>\n<\/tr>\n<tr>\n<td colspan=\"2\" width=\"207\">Obturador<\/td>\n<td colspan=\"3\" width=\"559\">Autom\u00e1tico<\/td>\n<\/tr>\n<tr>\n<td colspan=\"2\" width=\"207\">Visi\u00f3n nocturna<\/td>\n<td colspan=\"3\" width=\"559\">Inteligente\/Infrarrojo\/A todo color (opcional)<\/td>\n<\/tr>\n<tr>\n<td colspan=\"2\" width=\"207\">Distancia IR<\/td>\n<td colspan=\"3\" width=\"559\">30 metros (M\u00c1X.)<\/td>\n<\/tr>\n<tr>\n<td colspan=\"2\" width=\"207\">Amplio rango din\u00e1mico (WDR)<\/td>\n<td colspan=\"3\" width=\"559\">Admite amplio rango din\u00e1mico digital<\/td>\n<\/tr>\n<tr>\n<td colspan=\"2\" width=\"207\">Entrada de audio<\/td>\n<td colspan=\"3\" width=\"559\">N\/A (entrada de micr\u00f3fono de 1 canal opcional)<\/td>\n<\/tr>\n<tr>\n<td colspan=\"2\" width=\"207\">Salida de audio<\/td>\n<td colspan=\"3\" width=\"559\">N\/A (salida de altavoz de 1 canal opcional)<\/td>\n<\/tr>\n<tr>\n<td colspan=\"2\" width=\"207\">Protocolo de red<\/td>\n<td colspan=\"3\" width=\"559\">HTTP, HTTPS, TCP, IPV4, IPV6, UDP, RTSP, ICMP, RTP, DHCP, ARP, DNS, QoS<\/td>\n<\/tr>\n<tr>\n<td colspan=\"2\" width=\"207\">Funci\u00f3n<\/td>\n<td colspan=\"3\" width=\"559\">Detecci\u00f3n de humanoides, detecci\u00f3n de movimiento; env\u00edo de informaci\u00f3n de alarma; admite captura MJPEG; admite tel\u00e9fono m\u00f3vil, monitoreo remoto WEB\\cliente<\/td>\n<\/tr>\n<tr>\n<td colspan=\"2\" width=\"207\">Acuerdo<\/td>\n<td colspan=\"3\" width=\"559\">Admite protocolos privados y ONVIF<\/td>\n<\/tr>\n<tr>\n<td colspan=\"2\" width=\"207\">Puerto de red<\/td>\n<td colspan=\"3\" width=\"559\">RJ45 (10\/100Base-T)<\/td>\n<\/tr>\n<tr>\n<td colspan=\"2\" width=\"207\">Fuente de alimentaci\u00f3n<\/td>\n<td colspan=\"3\" width=\"559\">Fuente de alimentaci\u00f3n DC12V\/POE<\/td>\n<\/tr>\n<tr>\n<td colspan=\"2\" width=\"207\">Impermeable<\/td>\n<td colspan=\"3\" width=\"559\">IP66<\/td>\n<\/tr>\n<tr>\n<td colspan=\"2\" width=\"207\">Material<\/td>\n<td colspan=\"3\" width=\"559\">Cubierta frontal de metal + cubierta trasera de pl\u00e1stico + soporte de metal<\/td>\n<\/tr>\n<tr>\n<td colspan=\"2\" width=\"207\">Entorno de trabajo<\/td>\n<td colspan=\"3\" width=\"559\">Temperatura: -4 \u00b0F ~ 140 \u00b0F, Humedad: 10% ~ 90% (sin condensaci\u00f3n)<\/td>\n<\/tr>\n<tr>\n<td colspan=\"2\" width=\"207\">Tama\u00f1o del producto<\/td>\n<td colspan=\"3\" width=\"559\">194*102*98 mm<\/td>\n<\/tr>\n<tr>\n<td colspan=\"2\" width=\"207\">Tama\u00f1o\/peso del embalaje<\/td>\n<td colspan=\"3\" width=\"559\">54*43*47cm \/ 50 piezas<\/td>\n<\/tr>\n<\/tbody>\n<\/table>\n<p>&nbsp;<\/p>\n<p>&nbsp;<\/p>\n<p>&nbsp;<\/p>\n<p>&nbsp;<\/p>\n<p>&nbsp;<\/p>\n<p>&nbsp;<\/p>","protected":false},"excerpt":{"rendered":"<p>C\u00e1maras IP POE tipo bala de metal y pl\u00e1stico<br \/>\n\u25cf Resoluci\u00f3n: 2.0MP\/3.0MP\/5.0MP\/8.0MP<br \/>\n\u25cf Lente: 3,6 mm<br \/>\n\u25cf Matriz de 4 LED infrarrojos<br \/>\n\u25cf Bala impermeable IP66<br \/>\n\u25cf D\u00eda y noche: Color\/B\/N (Inteligente opcional)<br \/>\n\u25cf Alimentaci\u00f3n: POE\/CC 12 V-1 A<br \/>\n\u25cf Audio: N\/A (opcional)<br \/>\n\u25cf Compatible con Onvif<\/p>","protected":false},"featured_media":6459,"template":"","meta":[],"product_brand":[],"product_cat":[1107],"product_tag":[580,581,583,582],"class_list":{"0":"post-6458","1":"product","2":"type-product","3":"status-publish","4":"has-post-thumbnail","6":"product_cat-bullet-poe-ip-camera","7":"product_tag-ip-camera-supplier","8":"product_tag-poe-camera","9":"product_tag-poe-camera-outdoor","10":"product_tag-poe-security-camera","12":"first","13":"instock","14":"shipping-taxable","15":"product-type-simple"},"acf":[],"yoast_head":"<!-- This site is optimized with the Yoast SEO Premium plugin v20.2.1 (Yoast SEO v26.1.1) - https:\/\/yoast.com\/wordpress\/plugins\/seo\/ -->\n<title>4K POE Security Bullet Camera Outdoor from Professional IP Camera Supplier - Bokysee Technology Co.,LTD<\/title>\n<meta name=\"description\" content=\"Bokysee IP Security Cameras connect to a Network Video Recorder (NVR) and deliver professional 4K recording and Smart Motion Detection\" \/>\n<meta name=\"robots\" content=\"index, follow, max-snippet:-1, max-image-preview:large, max-video-preview:-1\" \/>\n<link rel=\"canonical\" href=\"https:\/\/bokysee.com\/es\/products\/4k-poe-security-bullet-camera-outdoor-from-professional-ip-camera-supplier-2\/\" \/>\n<meta property=\"og:locale\" content=\"es_ES\" \/>\n<meta property=\"og:type\" content=\"article\" \/>\n<meta property=\"og:title\" content=\"4K POE Security Bullet Camera Outdoor from Professional IP Camera Supplier\" \/>\n<meta property=\"og:description\" content=\"Bokysee IP Security Cameras connect to a Network Video Recorder (NVR) and deliver professional 4K recording and Smart Motion Detection\" \/>\n<meta property=\"og:url\" content=\"https:\/\/bokysee.com\/es\/products\/4k-poe-security-bullet-camera-outdoor-from-professional-ip-camera-supplier-2\/\" \/>\n<meta property=\"og:site_name\" content=\"Bokysee Technology Co.,LTD\" \/>\n<meta property=\"article:modified_time\" content=\"2025-08-03T10:13:14+00:00\" \/>\n<meta property=\"og:image\" content=\"https:\/\/bokysee.com\/wp-content\/uploads\/2023\/10\/A44.jpg\" \/>\n\t<meta property=\"og:image:width\" content=\"800\" \/>\n\t<meta property=\"og:image:height\" content=\"800\" \/>\n\t<meta property=\"og:image:type\" content=\"image\/jpeg\" \/>\n<meta name=\"twitter:card\" content=\"summary_large_image\" \/>\n<meta name=\"twitter:label1\" content=\"Tiempo de lectura\" \/>\n\t<meta name=\"twitter:data1\" content=\"2 minutos\" \/>\n<script type=\"application\/ld+json\" class=\"yoast-schema-graph\">{\"@context\":\"https:\/\/schema.org\",\"@graph\":[{\"@type\":\"WebPage\",\"@id\":\"https:\/\/bokysee.com\/products\/4k-poe-security-bullet-camera-outdoor-from-professional-ip-camera-supplier-2\/\",\"url\":\"https:\/\/bokysee.com\/products\/4k-poe-security-bullet-camera-outdoor-from-professional-ip-camera-supplier-2\/\",\"name\":\"4K POE Security Bullet Camera Outdoor from Professional IP Camera Supplier - Bokysee Technology Co.,LTD\",\"isPartOf\":{\"@id\":\"https:\/\/bokysee.com\/#website\"},\"primaryImageOfPage\":{\"@id\":\"https:\/\/bokysee.com\/products\/4k-poe-security-bullet-camera-outdoor-from-professional-ip-camera-supplier-2\/#primaryimage\"},\"image\":{\"@id\":\"https:\/\/bokysee.com\/products\/4k-poe-security-bullet-camera-outdoor-from-professional-ip-camera-supplier-2\/#primaryimage\"},\"thumbnailUrl\":\"https:\/\/bokysee.com\/wp-content\/uploads\/2023\/10\/A44.jpg\",\"datePublished\":\"2023-10-07T01:20:34+00:00\",\"dateModified\":\"2025-08-03T10:13:14+00:00\",\"description\":\"Bokysee IP Security Cameras connect to a Network Video Recorder (NVR) and deliver professional 4K recording and Smart Motion Detection\",\"breadcrumb\":{\"@id\":\"https:\/\/bokysee.com\/products\/4k-poe-security-bullet-camera-outdoor-from-professional-ip-camera-supplier-2\/#breadcrumb\"},\"inLanguage\":\"es\",\"potentialAction\":[{\"@type\":\"ReadAction\",\"target\":[\"https:\/\/bokysee.com\/products\/4k-poe-security-bullet-camera-outdoor-from-professional-ip-camera-supplier-2\/\"]}]},{\"@type\":\"ImageObject\",\"inLanguage\":\"es\",\"@id\":\"https:\/\/bokysee.com\/products\/4k-poe-security-bullet-camera-outdoor-from-professional-ip-camera-supplier-2\/#primaryimage\",\"url\":\"https:\/\/bokysee.com\/wp-content\/uploads\/2023\/10\/A44.jpg\",\"contentUrl\":\"https:\/\/bokysee.com\/wp-content\/uploads\/2023\/10\/A44.jpg\",\"width\":800,\"height\":800},{\"@type\":\"BreadcrumbList\",\"@id\":\"https:\/\/bokysee.com\/products\/4k-poe-security-bullet-camera-outdoor-from-professional-ip-camera-supplier-2\/#breadcrumb\",\"itemListElement\":[{\"@type\":\"ListItem\",\"position\":1,\"name\":\"Home\",\"item\":\"https:\/\/bokysee.com\/\"},{\"@type\":\"ListItem\",\"position\":2,\"name\":\"Products\",\"item\":\"https:\/\/bokysee.com\/products\/\"},{\"@type\":\"ListItem\",\"position\":3,\"name\":\"4K POE Security Bullet Camera Outdoor from Professional IP Camera Supplier\"}]},{\"@type\":\"WebSite\",\"@id\":\"https:\/\/bokysee.com\/#website\",\"url\":\"https:\/\/bokysee.com\/\",\"name\":\"Bokysee Technology Co.,LTD\",\"description\":\"Professional Smart Indoor and Outdoor Security Cameras Solution Supplier\",\"potentialAction\":[{\"@type\":\"SearchAction\",\"target\":{\"@type\":\"EntryPoint\",\"urlTemplate\":\"https:\/\/bokysee.com\/?s={search_term_string}\"},\"query-input\":{\"@type\":\"PropertyValueSpecification\",\"valueRequired\":true,\"valueName\":\"search_term_string\"}}],\"inLanguage\":\"es\"}]}<\/script>\n<!-- \/ Yoast SEO Premium plugin. -->","yoast_head_json":{"title":"4K POE Security Bullet Camera Outdoor from Professional IP Camera Supplier - Bokysee Technology Co.,LTD","description":"Bokysee IP Security Cameras connect to a Network Video Recorder (NVR) and deliver professional 4K recording and Smart Motion Detection","robots":{"index":"index","follow":"follow","max-snippet":"max-snippet:-1","max-image-preview":"max-image-preview:large","max-video-preview":"max-video-preview:-1"},"canonical":"https:\/\/bokysee.com\/es\/products\/4k-poe-security-bullet-camera-outdoor-from-professional-ip-camera-supplier-2\/","og_locale":"es_ES","og_type":"article","og_title":"4K POE Security Bullet Camera Outdoor from Professional IP Camera Supplier","og_description":"Bokysee IP Security Cameras connect to a Network Video Recorder (NVR) and deliver professional 4K recording and Smart Motion Detection","og_url":"https:\/\/bokysee.com\/es\/products\/4k-poe-security-bullet-camera-outdoor-from-professional-ip-camera-supplier-2\/","og_site_name":"Bokysee Technology Co.,LTD","article_modified_time":"2025-08-03T10:13:14+00:00","og_image":[{"width":800,"height":800,"url":"https:\/\/bokysee.com\/wp-content\/uploads\/2023\/10\/A44.jpg","type":"image\/jpeg"}],"twitter_card":"summary_large_image","twitter_misc":{"Tiempo de lectura":"2 minutos"},"schema":{"@context":"https:\/\/schema.org","@graph":[{"@type":"WebPage","@id":"https:\/\/bokysee.com\/products\/4k-poe-security-bullet-camera-outdoor-from-professional-ip-camera-supplier-2\/","url":"https:\/\/bokysee.com\/products\/4k-poe-security-bullet-camera-outdoor-from-professional-ip-camera-supplier-2\/","name":"4K POE Security Bullet Camera Outdoor from Professional IP Camera Supplier - Bokysee Technology Co.,LTD","isPartOf":{"@id":"https:\/\/bokysee.com\/#website"},"primaryImageOfPage":{"@id":"https:\/\/bokysee.com\/products\/4k-poe-security-bullet-camera-outdoor-from-professional-ip-camera-supplier-2\/#primaryimage"},"image":{"@id":"https:\/\/bokysee.com\/products\/4k-poe-security-bullet-camera-outdoor-from-professional-ip-camera-supplier-2\/#primaryimage"},"thumbnailUrl":"https:\/\/bokysee.com\/wp-content\/uploads\/2023\/10\/A44.jpg","datePublished":"2023-10-07T01:20:34+00:00","dateModified":"2025-08-03T10:13:14+00:00","description":"Bokysee IP Security Cameras connect to a Network Video Recorder (NVR) and deliver professional 4K recording and Smart Motion Detection","breadcrumb":{"@id":"https:\/\/bokysee.com\/products\/4k-poe-security-bullet-camera-outdoor-from-professional-ip-camera-supplier-2\/#breadcrumb"},"inLanguage":"es","potentialAction":[{"@type":"ReadAction","target":["https:\/\/bokysee.com\/products\/4k-poe-security-bullet-camera-outdoor-from-professional-ip-camera-supplier-2\/"]}]},{"@type":"ImageObject","inLanguage":"es","@id":"https:\/\/bokysee.com\/products\/4k-poe-security-bullet-camera-outdoor-from-professional-ip-camera-supplier-2\/#primaryimage","url":"https:\/\/bokysee.com\/wp-content\/uploads\/2023\/10\/A44.jpg","contentUrl":"https:\/\/bokysee.com\/wp-content\/uploads\/2023\/10\/A44.jpg","width":800,"height":800},{"@type":"BreadcrumbList","@id":"https:\/\/bokysee.com\/products\/4k-poe-security-bullet-camera-outdoor-from-professional-ip-camera-supplier-2\/#breadcrumb","itemListElement":[{"@type":"ListItem","position":1,"name":"Home","item":"https:\/\/bokysee.com\/"},{"@type":"ListItem","position":2,"name":"Products","item":"https:\/\/bokysee.com\/products\/"},{"@type":"ListItem","position":3,"name":"4K POE Security Bullet Camera Outdoor from Professional IP Camera Supplier"}]},{"@type":"WebSite","@id":"https:\/\/bokysee.com\/#website","url":"https:\/\/bokysee.com\/","name":"Bokysee Technology Co.,LTD","description":"Professional Smart Indoor and Outdoor Security Cameras Solution Supplier","potentialAction":[{"@type":"SearchAction","target":{"@type":"EntryPoint","urlTemplate":"https:\/\/bokysee.com\/?s={search_term_string}"},"query-input":{"@type":"PropertyValueSpecification","valueRequired":true,"valueName":"search_term_string"}}],"inLanguage":"es"}]}},"_links":{"self":[{"href":"https:\/\/bokysee.com\/es\/wp-json\/wp\/v2\/product\/6458","targetHints":{"allow":["GET"]}}],"collection":[{"href":"https:\/\/bokysee.com\/es\/wp-json\/wp\/v2\/product"}],"about":[{"href":"https:\/\/bokysee.com\/es\/wp-json\/wp\/v2\/types\/product"}],"version-history":[{"count":0,"href":"https:\/\/bokysee.com\/es\/wp-json\/wp\/v2\/product\/6458\/revisions"}],"wp:featuredmedia":[{"embeddable":true,"href":"https:\/\/bokysee.com\/es\/wp-json\/wp\/v2\/media\/6459"}],"wp:attachment":[{"href":"https:\/\/bokysee.com\/es\/wp-json\/wp\/v2\/media?parent=6458"}],"wp:term":[{"taxonomy":"product_brand","embeddable":true,"href":"https:\/\/bokysee.com\/es\/wp-json\/wp\/v2\/product_brand?post=6458"},{"taxonomy":"product_cat","embeddable":true,"href":"https:\/\/bokysee.com\/es\/wp-json\/wp\/v2\/product_cat?post=6458"},{"taxonomy":"product_tag","embeddable":true,"href":"https:\/\/bokysee.com\/es\/wp-json\/wp\/v2\/product_tag?post=6458"}],"curies":[{"name":"wp","href":"https:\/\/api.w.org\/{rel}","templated":true}]}}