{"id":6453,"date":"2023-10-06T19:49:49","date_gmt":"2023-10-06T11:49:49","guid":{"rendered":"https:\/\/bokysee.com\/?post_type=product&#038;p=6453"},"modified":"2024-02-20T17:06:50","modified_gmt":"2024-02-20T09:06:50","slug":"5-0mp-bnc-security-camera-hd-tvi-ahd-hd-cvi-analog-cvbs-infrared-4in1","status":"publish","type":"product","link":"https:\/\/bokysee.com\/es\/products\/5-0mp-bnc-security-camera-hd-tvi-ahd-hd-cvi-analog-cvbs-infrared-4in1\/","title":{"rendered":"C\u00e1mara de seguridad BNC de 5.0 MP HD-TVI AHD HD-CVI anal\u00f3gica CVBS infrarroja 4 en 1"},"content":{"rendered":"<p>C\u00e1mara de seguridad BNC de 5.0 MP HD-TVI AHD HD-CVI anal\u00f3gica CVBS infrarroja 4 en 1<\/p>\n<p>La BK-AHD01B es una c\u00e1mara de seguridad BNC de 2.0 MP a 5.0 MP compatible con los siguientes formatos de videovigilancia: AHD, HD-TVI, HD-CVI y CVBS anal\u00f3gico. Dispone de resoluciones de 2.0 MP, 3.0 MP y 5.0 MP. Los instaladores pueden seleccionar f\u00e1cilmente el modo de v\u00eddeo mediante el peque\u00f1o bot\u00f3n integrado en el cable de v\u00eddeo de la c\u00e1mara.<\/p>\n<table width=\"978\">\n<tbody>\n<tr>\n<td width=\"268\">N.\u00ba de modelo<\/td>\n<td width=\"257\">BK-AHD01B2MP<\/td>\n<td width=\"257\">BK-AHD01B5MP<\/td>\n<td width=\"196\">BK-AHD01B8MP<\/td>\n<\/tr>\n<tr>\n<td width=\"268\">Sensor<\/td>\n<td width=\"257\">Sensor CMOS de 1\/2,9\u201d<\/td>\n<td colspan=\"2\" width=\"453\">Sensor CMOS de 1\/3\u201d<\/td>\n<\/tr>\n<tr>\n<td width=\"268\">Lente<\/td>\n<td colspan=\"3\" width=\"710\">3,6 mm (2,8 mm\/6 mm opcional)<\/td>\n<\/tr>\n<tr>\n<td width=\"268\">L\u00e1mpara de infrarrojos<\/td>\n<td colspan=\"3\" width=\"710\">2 luces de matriz de luces<\/td>\n<\/tr>\n<tr>\n<td width=\"268\">P\u00edxel<\/td>\n<td width=\"257\">2MP<\/td>\n<td width=\"257\">5MP<\/td>\n<td width=\"196\">8MP<\/td>\n<\/tr>\n<tr>\n<td width=\"268\">Resoluci\u00f3n<\/td>\n<td width=\"257\">1920x1080P<\/td>\n<td>2560*1920<\/td>\n<td width=\"196\">3840*2160<\/td>\n<\/tr>\n<tr>\n<td width=\"268\">Modo de se\u00f1al<\/td>\n<td colspan=\"3\" width=\"710\">AHD\/TVI\/CVI\/CVBS<\/td>\n<\/tr>\n<tr>\n<td width=\"268\">Est\u00e1ndar<\/td>\n<td colspan=\"3\" width=\"710\">PAL\/NTSC<\/td>\n<\/tr>\n<tr>\n<td width=\"268\">Comunicaci\u00f3n UTC<\/td>\n<td colspan=\"3\" width=\"710\">apoyo<\/td>\n<\/tr>\n<tr>\n<td width=\"268\">Conmutaci\u00f3n de alta definici\u00f3n<\/td>\n<td colspan=\"3\" width=\"710\">Admite cambio de OSD\/TECLA\/c\u00f3digo de tecla\/tecla \u00fanica\/cambio de modo UTC<\/td>\n<\/tr>\n<tr>\n<td width=\"268\">Funci\u00f3n de men\u00fa<\/td>\n<td colspan=\"3\" width=\"710\">OSD\/Botones<\/td>\n<\/tr>\n<tr>\n<td width=\"268\">Idioma<\/td>\n<td colspan=\"3\" width=\"710\">Ingl\u00e9s\/chino\/coreano\/etc.<\/td>\n<\/tr>\n<tr>\n<td width=\"268\">N\u00famero de serie<\/td>\n<td colspan=\"3\" width=\"710\">2D<\/td>\n<\/tr>\n<tr>\n<td width=\"268\">Amplio rango din\u00e1mico (WDR)<\/td>\n<td colspan=\"3\" width=\"710\">adaptado<\/td>\n<\/tr>\n<tr>\n<td width=\"268\">Salida de v\u00eddeo<\/td>\n<td colspan=\"3\" width=\"710\">AHD\/TVI\/CVI\/CVBS<\/td>\n<\/tr>\n<tr>\n<td width=\"268\">Fuente de alimentaci\u00f3n<\/td>\n<td colspan=\"3\" width=\"710\">CC 12 V-1 A<\/td>\n<\/tr>\n<tr>\n<td width=\"268\">Impermeable<\/td>\n<td colspan=\"3\" width=\"710\">IP66<\/td>\n<\/tr>\n<tr>\n<td width=\"268\">Material<\/td>\n<td colspan=\"3\" width=\"710\">carcasa de pl\u00e1stico<\/td>\n<\/tr>\n<tr>\n<td width=\"268\">Entorno de trabajo<\/td>\n<td colspan=\"3\" width=\"710\">Temperatura: -20\u00b0C ~ 60\u00b0C, humedad: 10% ~ 90% (sin condensaci\u00f3n)<\/td>\n<\/tr>\n<\/tbody>\n<\/table>\n<p>&nbsp;<\/p>\n<p>&nbsp;<\/p>\n<p>&nbsp;<\/p>\n<p>&nbsp;<\/p>\n<p>&nbsp;<\/p>\n<p>&nbsp;<\/p>\n<p>&nbsp;<\/p>","protected":false},"excerpt":{"rendered":"<p>C\u00e1mara de seguridad BNC de 5.0 MP HD-TVI AHD HD-CVI anal\u00f3gica CVBS infrarroja 4 en 1<\/p>\n<p>\u25cf C\u00e1mara bala infrarroja de pl\u00e1stico<br \/>\n\u25cf Resoluci\u00f3n: 1.0MP\/2.0MP\/5.0MP<br \/>\n\u25cf Lente: 3,6 mm<br \/>\n\u25cf 2 IR de matriz<br \/>\n\u25cf Bala impermeable IP66<br \/>\n\u25cf D\u00eda y noche: color\/blanco y negro (inteligente opcional)<br \/>\n\u25cf Alimentaci\u00f3n: CC 12 V-1 A<br \/>\n\u25cf Audio: N\/A (opcional)<\/p>","protected":false},"featured_media":6454,"template":"","meta":[],"product_brand":[],"product_cat":[539],"product_tag":[574,576,575],"class_list":{"0":"post-6453","1":"product","2":"type-product","3":"status-publish","4":"has-post-thumbnail","6":"product_cat-bullet-ahd-cameras","7":"product_tag-camera-manufacturers-china","8":"product_tag-hd-cvi-tvi-ahd","9":"product_tag-surveillance-camera-factory","11":"first","12":"instock","13":"shipping-taxable","14":"product-type-simple"},"acf":[],"yoast_head":"<!-- This site is optimized with the Yoast SEO Premium plugin v20.2.1 (Yoast SEO v26.1.1) - https:\/\/yoast.com\/wordpress\/plugins\/seo\/ -->\n<title>5.0MP BNC Security Camera HD-TVI AHD HD-CVI Analog CVBS Infrared 4IN1 - Bokysee Technology Co.,LTD<\/title>\n<meta name=\"description\" content=\"Bokysee 4K 8.0MP BNC Security Camera HD-TVI AHD HD-CVI Analog CVBS Infrared 4IN1 Cameras with Audio Function\" \/>\n<meta name=\"robots\" content=\"index, follow, max-snippet:-1, max-image-preview:large, max-video-preview:-1\" \/>\n<link rel=\"canonical\" href=\"https:\/\/bokysee.com\/es\/products\/5-0mp-bnc-security-camera-hd-tvi-ahd-hd-cvi-analog-cvbs-infrared-4in1\/\" \/>\n<meta property=\"og:locale\" content=\"es_ES\" \/>\n<meta property=\"og:type\" content=\"article\" \/>\n<meta property=\"og:title\" content=\"5.0MP BNC Security Camera HD-TVI AHD HD-CVI Analog CVBS Infrared 4IN1\" \/>\n<meta property=\"og:description\" content=\"Bokysee 4K 8.0MP BNC Security Camera HD-TVI AHD HD-CVI Analog CVBS Infrared 4IN1 Cameras with Audio Function\" \/>\n<meta property=\"og:url\" content=\"https:\/\/bokysee.com\/es\/products\/5-0mp-bnc-security-camera-hd-tvi-ahd-hd-cvi-analog-cvbs-infrared-4in1\/\" \/>\n<meta property=\"og:site_name\" content=\"Bokysee Technology Co.,LTD\" \/>\n<meta property=\"article:modified_time\" content=\"2024-02-20T09:06:50+00:00\" \/>\n<meta property=\"og:image\" content=\"https:\/\/bokysee.com\/wp-content\/uploads\/2023\/10\/A27.jpg\" \/>\n\t<meta property=\"og:image:width\" content=\"800\" \/>\n\t<meta property=\"og:image:height\" content=\"800\" \/>\n\t<meta property=\"og:image:type\" content=\"image\/jpeg\" \/>\n<meta name=\"twitter:card\" content=\"summary_large_image\" \/>\n<meta name=\"twitter:label1\" content=\"Tiempo de lectura\" \/>\n\t<meta name=\"twitter:data1\" content=\"1 minuto\" \/>\n<script type=\"application\/ld+json\" class=\"yoast-schema-graph\">{\"@context\":\"https:\/\/schema.org\",\"@graph\":[{\"@type\":\"WebPage\",\"@id\":\"https:\/\/bokysee.com\/products\/5-0mp-bnc-security-camera-hd-tvi-ahd-hd-cvi-analog-cvbs-infrared-4in1\/\",\"url\":\"https:\/\/bokysee.com\/products\/5-0mp-bnc-security-camera-hd-tvi-ahd-hd-cvi-analog-cvbs-infrared-4in1\/\",\"name\":\"5.0MP BNC Security Camera HD-TVI AHD HD-CVI Analog CVBS Infrared 4IN1 - Bokysee Technology Co.,LTD\",\"isPartOf\":{\"@id\":\"https:\/\/bokysee.com\/#website\"},\"primaryImageOfPage\":{\"@id\":\"https:\/\/bokysee.com\/products\/5-0mp-bnc-security-camera-hd-tvi-ahd-hd-cvi-analog-cvbs-infrared-4in1\/#primaryimage\"},\"image\":{\"@id\":\"https:\/\/bokysee.com\/products\/5-0mp-bnc-security-camera-hd-tvi-ahd-hd-cvi-analog-cvbs-infrared-4in1\/#primaryimage\"},\"thumbnailUrl\":\"https:\/\/bokysee.com\/wp-content\/uploads\/2023\/10\/A27.jpg\",\"datePublished\":\"2023-10-06T11:49:49+00:00\",\"dateModified\":\"2024-02-20T09:06:50+00:00\",\"description\":\"Bokysee 4K 8.0MP BNC Security Camera HD-TVI AHD HD-CVI Analog CVBS Infrared 4IN1 Cameras with Audio Function\",\"breadcrumb\":{\"@id\":\"https:\/\/bokysee.com\/products\/5-0mp-bnc-security-camera-hd-tvi-ahd-hd-cvi-analog-cvbs-infrared-4in1\/#breadcrumb\"},\"inLanguage\":\"es\",\"potentialAction\":[{\"@type\":\"ReadAction\",\"target\":[\"https:\/\/bokysee.com\/products\/5-0mp-bnc-security-camera-hd-tvi-ahd-hd-cvi-analog-cvbs-infrared-4in1\/\"]}]},{\"@type\":\"ImageObject\",\"inLanguage\":\"es\",\"@id\":\"https:\/\/bokysee.com\/products\/5-0mp-bnc-security-camera-hd-tvi-ahd-hd-cvi-analog-cvbs-infrared-4in1\/#primaryimage\",\"url\":\"https:\/\/bokysee.com\/wp-content\/uploads\/2023\/10\/A27.jpg\",\"contentUrl\":\"https:\/\/bokysee.com\/wp-content\/uploads\/2023\/10\/A27.jpg\",\"width\":800,\"height\":800},{\"@type\":\"BreadcrumbList\",\"@id\":\"https:\/\/bokysee.com\/products\/5-0mp-bnc-security-camera-hd-tvi-ahd-hd-cvi-analog-cvbs-infrared-4in1\/#breadcrumb\",\"itemListElement\":[{\"@type\":\"ListItem\",\"position\":1,\"name\":\"Home\",\"item\":\"https:\/\/bokysee.com\/\"},{\"@type\":\"ListItem\",\"position\":2,\"name\":\"Products\",\"item\":\"https:\/\/bokysee.com\/products\/\"},{\"@type\":\"ListItem\",\"position\":3,\"name\":\"5.0MP BNC Security Camera HD-TVI AHD HD-CVI Analog CVBS Infrared 4IN1\"}]},{\"@type\":\"WebSite\",\"@id\":\"https:\/\/bokysee.com\/#website\",\"url\":\"https:\/\/bokysee.com\/\",\"name\":\"Bokysee Technology Co.,LTD\",\"description\":\"Professional Smart Indoor and Outdoor Security Cameras Solution Supplier\",\"potentialAction\":[{\"@type\":\"SearchAction\",\"target\":{\"@type\":\"EntryPoint\",\"urlTemplate\":\"https:\/\/bokysee.com\/?s={search_term_string}\"},\"query-input\":{\"@type\":\"PropertyValueSpecification\",\"valueRequired\":true,\"valueName\":\"search_term_string\"}}],\"inLanguage\":\"es\"}]}<\/script>\n<!-- \/ Yoast SEO Premium plugin. -->","yoast_head_json":{"title":"5.0MP BNC Security Camera HD-TVI AHD HD-CVI Analog CVBS Infrared 4IN1 - Bokysee Technology Co.,LTD","description":"Bokysee 4K 8.0MP BNC Security Camera HD-TVI AHD HD-CVI Analog CVBS Infrared 4IN1 Cameras with Audio Function","robots":{"index":"index","follow":"follow","max-snippet":"max-snippet:-1","max-image-preview":"max-image-preview:large","max-video-preview":"max-video-preview:-1"},"canonical":"https:\/\/bokysee.com\/es\/products\/5-0mp-bnc-security-camera-hd-tvi-ahd-hd-cvi-analog-cvbs-infrared-4in1\/","og_locale":"es_ES","og_type":"article","og_title":"5.0MP BNC Security Camera HD-TVI AHD HD-CVI Analog CVBS Infrared 4IN1","og_description":"Bokysee 4K 8.0MP BNC Security Camera HD-TVI AHD HD-CVI Analog CVBS Infrared 4IN1 Cameras with Audio Function","og_url":"https:\/\/bokysee.com\/es\/products\/5-0mp-bnc-security-camera-hd-tvi-ahd-hd-cvi-analog-cvbs-infrared-4in1\/","og_site_name":"Bokysee Technology Co.,LTD","article_modified_time":"2024-02-20T09:06:50+00:00","og_image":[{"width":800,"height":800,"url":"https:\/\/bokysee.com\/wp-content\/uploads\/2023\/10\/A27.jpg","type":"image\/jpeg"}],"twitter_card":"summary_large_image","twitter_misc":{"Tiempo de lectura":"1 minuto"},"schema":{"@context":"https:\/\/schema.org","@graph":[{"@type":"WebPage","@id":"https:\/\/bokysee.com\/products\/5-0mp-bnc-security-camera-hd-tvi-ahd-hd-cvi-analog-cvbs-infrared-4in1\/","url":"https:\/\/bokysee.com\/products\/5-0mp-bnc-security-camera-hd-tvi-ahd-hd-cvi-analog-cvbs-infrared-4in1\/","name":"5.0MP BNC Security Camera HD-TVI AHD HD-CVI Analog CVBS Infrared 4IN1 - Bokysee Technology Co.,LTD","isPartOf":{"@id":"https:\/\/bokysee.com\/#website"},"primaryImageOfPage":{"@id":"https:\/\/bokysee.com\/products\/5-0mp-bnc-security-camera-hd-tvi-ahd-hd-cvi-analog-cvbs-infrared-4in1\/#primaryimage"},"image":{"@id":"https:\/\/bokysee.com\/products\/5-0mp-bnc-security-camera-hd-tvi-ahd-hd-cvi-analog-cvbs-infrared-4in1\/#primaryimage"},"thumbnailUrl":"https:\/\/bokysee.com\/wp-content\/uploads\/2023\/10\/A27.jpg","datePublished":"2023-10-06T11:49:49+00:00","dateModified":"2024-02-20T09:06:50+00:00","description":"Bokysee 4K 8.0MP BNC Security Camera HD-TVI AHD HD-CVI Analog CVBS Infrared 4IN1 Cameras with Audio Function","breadcrumb":{"@id":"https:\/\/bokysee.com\/products\/5-0mp-bnc-security-camera-hd-tvi-ahd-hd-cvi-analog-cvbs-infrared-4in1\/#breadcrumb"},"inLanguage":"es","potentialAction":[{"@type":"ReadAction","target":["https:\/\/bokysee.com\/products\/5-0mp-bnc-security-camera-hd-tvi-ahd-hd-cvi-analog-cvbs-infrared-4in1\/"]}]},{"@type":"ImageObject","inLanguage":"es","@id":"https:\/\/bokysee.com\/products\/5-0mp-bnc-security-camera-hd-tvi-ahd-hd-cvi-analog-cvbs-infrared-4in1\/#primaryimage","url":"https:\/\/bokysee.com\/wp-content\/uploads\/2023\/10\/A27.jpg","contentUrl":"https:\/\/bokysee.com\/wp-content\/uploads\/2023\/10\/A27.jpg","width":800,"height":800},{"@type":"BreadcrumbList","@id":"https:\/\/bokysee.com\/products\/5-0mp-bnc-security-camera-hd-tvi-ahd-hd-cvi-analog-cvbs-infrared-4in1\/#breadcrumb","itemListElement":[{"@type":"ListItem","position":1,"name":"Home","item":"https:\/\/bokysee.com\/"},{"@type":"ListItem","position":2,"name":"Products","item":"https:\/\/bokysee.com\/products\/"},{"@type":"ListItem","position":3,"name":"5.0MP BNC Security Camera HD-TVI AHD HD-CVI Analog CVBS Infrared 4IN1"}]},{"@type":"WebSite","@id":"https:\/\/bokysee.com\/#website","url":"https:\/\/bokysee.com\/","name":"Bokysee Technology Co.,LTD","description":"Professional Smart Indoor and Outdoor Security Cameras Solution Supplier","potentialAction":[{"@type":"SearchAction","target":{"@type":"EntryPoint","urlTemplate":"https:\/\/bokysee.com\/?s={search_term_string}"},"query-input":{"@type":"PropertyValueSpecification","valueRequired":true,"valueName":"search_term_string"}}],"inLanguage":"es"}]}},"_links":{"self":[{"href":"https:\/\/bokysee.com\/es\/wp-json\/wp\/v2\/product\/6453","targetHints":{"allow":["GET"]}}],"collection":[{"href":"https:\/\/bokysee.com\/es\/wp-json\/wp\/v2\/product"}],"about":[{"href":"https:\/\/bokysee.com\/es\/wp-json\/wp\/v2\/types\/product"}],"version-history":[{"count":0,"href":"https:\/\/bokysee.com\/es\/wp-json\/wp\/v2\/product\/6453\/revisions"}],"wp:featuredmedia":[{"embeddable":true,"href":"https:\/\/bokysee.com\/es\/wp-json\/wp\/v2\/media\/6454"}],"wp:attachment":[{"href":"https:\/\/bokysee.com\/es\/wp-json\/wp\/v2\/media?parent=6453"}],"wp:term":[{"taxonomy":"product_brand","embeddable":true,"href":"https:\/\/bokysee.com\/es\/wp-json\/wp\/v2\/product_brand?post=6453"},{"taxonomy":"product_cat","embeddable":true,"href":"https:\/\/bokysee.com\/es\/wp-json\/wp\/v2\/product_cat?post=6453"},{"taxonomy":"product_tag","embeddable":true,"href":"https:\/\/bokysee.com\/es\/wp-json\/wp\/v2\/product_tag?post=6453"}],"curies":[{"name":"wp","href":"https:\/\/api.w.org\/{rel}","templated":true}]}}