{"id":3290,"date":"2023-04-14T06:27:07","date_gmt":"2023-04-13T22:27:07","guid":{"rendered":"https:\/\/bokysee.com\/products\/3mp-ip-camera-4g-sim-card-outdoor-wifi-bateria-solar-home-security-protection-cctv-video-surveillance-wireless-cameras\/"},"modified":"2023-04-14T06:27:07","modified_gmt":"2023-04-13T22:27:07","slug":"3mp-ip-camera-4g-sim-card-exterior-wifi-bateria-solar-powered-home-security-protection-cctv-video-surveillance-wireless-cameras","status":"publish","type":"product","link":"https:\/\/bokysee.com\/es\/products\/3mp-ip-camera-4g-sim-card-exterior-wifi-bateria-solar-powered-home-security-protection-cctv-video-surveillance-wireless-cameras\/","title":{"rendered":"C\u00e1mara IP de 3 MP con tarjeta SIM 4G para exteriores, WiFi, bater\u00eda solar, seguridad para el hogar, videovigilancia CCTV, c\u00e1maras inal\u00e1mbricas."},"content":{"rendered":"<p><strong>3MP C\u00e1mara 4G Tarjeta Sim Al aire libre WiFi Bater\u00eda Solar Powered Seguridad en el Hogar Protecci\u00f3n CCTV Video Vigilancia C\u00e1maras inal\u00e1mbricas:<\/strong><\/p>\n<p>*La versi\u00f3n 4G s\u00f3lo necesita insertar la tarjeta SIM en la c\u00e1mara, sin ning\u00fan otro equipo, puede utilizar el tel\u00e9fono m\u00f3vil para ver de forma remota. La tarjeta SIM es compatible con la mayor\u00eda de operadores de telecomunicaciones del mundo.<br \/>\n*La versi\u00f3n WIFI de la c\u00e1mara s\u00f3lo requiere un enrutador WIFI, y conectar la c\u00e1mara al enrutador para conectarse a Internet, y remotamente ver im\u00e1genes en tiempo real en cualquier momento y en cualquier lugar con un tel\u00e9fono m\u00f3vil.<br \/>\n*Incorpora dos luces infrarrojas de 850 nm de alta potencia y dos luces blancas para conseguir todo el color por la noche.<br \/>\n*Soporte sonido de alarma. Cuando alguien entra en la zona de vigilancia, suena el zumbador de la c\u00e1mara, que act\u00faa como elemento disuasorio. Se puede activar y desactivar a trav\u00e9s de la configuraci\u00f3n de la APP.<br \/>\n*El objetivo gran angular es de 130\u00b0, y la zona de irradiaci\u00f3n es amplia.<br \/>\n*Soporta control PTZ, 320\u00b0 izquierda y derecha, 90\u00b0 vertical.<br \/>\n*Receptor de antena de alta potencia 5DB, la distancia de transmisi\u00f3n inal\u00e1mbrica es m\u00e1s larga, la se\u00f1al 4G\/WIFI es mejor y estable.<br \/>\n*Detecci\u00f3n de cuerpo humano por PIR, cuando hay una persona o un coche, la c\u00e1mara se activa y el v\u00eddeo se guarda en la tarjeta TF o en el almacenamiento en la nube.<br \/>\n*Altavoz de alta potencia de 4 W con sonido n\u00edtido.<br \/>\n*H.265X nuevo dise\u00f1o de almacenamiento, el almacenamiento de la tarjeta TF es m\u00e1s bajo, m\u00e1s estable y duradero.<br \/>\n*Gratis 30 d\u00edas de almacenamiento en la nube, la seguridad de los datos es m\u00e1s estable 1 vez.<br \/>\n*Nuevo y exclusivo dise\u00f1o sencillo, el tama\u00f1o de toda la c\u00e1mara es el mismo que el tel\u00e9fono m\u00f3vil.<\/p>\n<table width=\"815\">\n<tbody>\n<tr>\n<td width=\"101\">Modelo NO.<\/td>\n<td colspan=\"2\" width=\"714\">BK-LXS02P3M<\/td>\n<\/tr>\n<tr>\n<td rowspan=\"7\" width=\"101\">Video<\/td>\n<td width=\"211\">Sensor<\/td>\n<td width=\"503\">1\/2,8 \u201cCMOS Q03<\/td>\n<\/tr>\n<tr>\n<td width=\"211\">Proveedor de servicios de Internet<\/td>\n<td width=\"503\">XM650<\/td>\n<\/tr>\n<tr>\n<td width=\"211\">Disrupci\u00f3n<\/td>\n<td width=\"503\">3 megap\u00edxeles<\/td>\n<\/tr>\n<tr>\n<td width=\"211\">Frecuencia de imagen<\/td>\n<td width=\"503\">25 fps<\/td>\n<\/tr>\n<tr>\n<td width=\"211\">Disrupci\u00f3n<\/td>\n<td width=\"503\">2048*1536<\/td>\n<\/tr>\n<tr>\n<td width=\"211\">Lente<\/td>\n<td width=\"503\">Gran angular de 90<\/td>\n<\/tr>\n<tr>\n<td width=\"211\">Visi\u00f3n nocturna<\/td>\n<td width=\"503\">4 Uds infrarrojos + 4 Uds LED de luz blanca, Alcance IR: 50M<\/td>\n<\/tr>\n<tr>\n<td rowspan=\"2\" width=\"101\">Audio<\/td>\n<td width=\"211\">Tipo<\/td>\n<td width=\"503\">Audio bidireccional con cancelaci\u00f3n de ruido.<\/td>\n<\/tr>\n<tr>\n<td width=\"211\">Hardware<\/td>\n<td width=\"503\">Un micr\u00f3fono y un altavoz<\/td>\n<\/tr>\n<tr>\n<td rowspan=\"2\" width=\"101\"> Almacenamiento<\/td>\n<td width=\"211\">Nube<\/td>\n<td width=\"503\">Almacenamiento en la nube<\/td>\n<\/tr>\n<tr>\n<td width=\"211\">Tarjeta TF<\/td>\n<td width=\"503\"> Tarjeta TF de 128 GB como m\u00e1ximo<\/td>\n<\/tr>\n<tr>\n<td rowspan=\"4\" width=\"101\"> Rojo<\/td>\n<td width=\"211\">Wi-Fi (2,4 GHz)<\/td>\n<td width=\"503\">IEEE 802.11 b\/g\/n<\/td>\n<\/tr>\n<tr>\n<td width=\"211\">Corriente<\/td>\n<td width=\"503\">  Doble flujo<\/td>\n<\/tr>\n<tr>\n<td width=\"211\">Protocolo de rojo<\/td>\n<td width=\"503\">  Admite TCP\/IP, ONVIF, almacenamiento en nube privada, etc.<\/td>\n<\/tr>\n<tr>\n<td width=\"211\">modo de transmisi\u00f3n<\/td>\n<td width=\"503\"> P2P, servidor de nube inteligente<\/td>\n<\/tr>\n<tr>\n<td rowspan=\"3\" width=\"101\">  PTZ<\/td>\n<td width=\"211\">Cacerola<\/td>\n<td width=\"503\">  355\u00b0<\/td>\n<\/tr>\n<tr>\n<td width=\"211\">Inclinaci\u00f3n<\/td>\n<td width=\"503\">  90\u00b0<\/td>\n<\/tr>\n<tr>\n<td width=\"211\">Zoom digital<\/td>\n<td width=\"503\">  4X<\/td>\n<\/tr>\n<tr>\n<td rowspan=\"4\" width=\"101\">Aplicaci\u00f3n<\/td>\n<td width=\"211\">Descargar<\/td>\n<td width=\"503\">iOS en App Store, Android en Google Play<\/td>\n<\/tr>\n<tr>\n<td width=\"211\">Nombre<\/td>\n<td width=\"503\">XMEYE\/ICSEE<\/td>\n<\/tr>\n<tr>\n<td width=\"211\">Despertar del dispositivo<\/td>\n<td width=\"503\">En 600 ms<\/td>\n<\/tr>\n<tr>\n<td width=\"211\">Notificaci\u00f3n<\/td>\n<td width=\"503\">Notificaci\u00f3n push en 1 segundo<\/td>\n<\/tr>\n<tr>\n<td rowspan=\"4\" width=\"101\">Paneles solares<\/td>\n<td width=\"211\">Potencia<\/td>\n<td width=\"503\">6W<\/td>\n<\/tr>\n<tr>\n<td width=\"211\">Tensi\u00f3n Apex<\/td>\n<td width=\"503\">  12 V CC<\/td>\n<\/tr>\n<tr>\n<td width=\"211\">Tama\u00f1o del panel solar<\/td>\n<td width=\"503\">  238*172*16,5 mm<\/td>\n<\/tr>\n<tr>\n<td width=\"211\">Tiempo en espera<\/td>\n<td width=\"503\">  4-6 meses<\/td>\n<\/tr>\n<tr>\n<td rowspan=\"6\" width=\"101\">Otros<\/td>\n<td width=\"211\">Potencia<\/td>\n<td width=\"503\">DC5V\/Panel solar (opcional)<\/td>\n<\/tr>\n<tr>\n<td width=\"211\">Bater\u00eda<\/td>\n<td width=\"503\">13200 mA<\/td>\n<\/tr>\n<tr>\n<td width=\"211\">Material<\/td>\n<td width=\"503\">abdominales<\/td>\n<\/tr>\n<tr>\n<td width=\"211\">Temperatura y humedad<\/td>\n<td width=\"503\">-20 \u00b0C ~ 55 \u00b0C y 10-95% humedad relativa<\/td>\n<\/tr>\n<tr>\n<td width=\"211\">Resistente a la intemperie<\/td>\n<td width=\"503\">IP66<\/td>\n<\/tr>\n<tr>\n<td width=\"211\">Tama\u00f1o<\/td>\n<td width=\"503\">156 x 105 x 170 mm (largo x ancho x alto)<\/td>\n<\/tr>\n<\/tbody>\n<\/table>","protected":false},"excerpt":{"rendered":"<p>C\u00e1mara PTZ inteligente inal\u00e1mbrica a pilas<br \/>\n* HD 3.0MP, Bajo consumo, IP65 C\u00e1mara PTZ para exteriores<br \/>\n* Bater\u00eda recargable incorporada de 12000 mA, 6 meses de duraci\u00f3n.<br \/>\n*Panel solar recargable de 5W<br \/>\n* LED: 4 Uds. Infrarrojos + 4 Uds. LED de luz blanca, Distancia IR: 50m.<br \/>\n* PTZ: 355\u00b0 panor\u00e1mica, 90\u00b0 inclinaci\u00f3n, zoom digital 4X<br \/>\n* Soporta WiFi (2,4 GHz), servicio gratuito P2P en la nube, alarma push al m\u00f3vil v\u00eda APP<br \/>\n* Compatible con audio bidireccional y detecci\u00f3n de movimiento<br \/>\n* Sensor de movimiento PIR con \u00e1ngulo de detecci\u00f3n de 120<br \/>\n* Notificaci\u00f3n inmediata en tu smartphone APP 1-2s<br \/>\n* Soporta visualizaci\u00f3n remota por tel\u00e9fono inteligente (IOS, Android) en cualquier lugar<br \/>\n* Soporte de almacenamiento en la nube y m\u00e1ximo 128Gb de almacenamiento en tarjeta TF (Excluido)<\/p>","protected":false},"featured_media":2746,"template":"","meta":[],"product_brand":[],"product_cat":[],"product_tag":[476,474,475],"class_list":{"0":"post-3290","1":"product","2":"type-product","3":"status-publish","4":"has-post-thumbnail","6":"product_tag-camara-solar-4g-es-2","7":"product_tag-camara-solar-exterior","8":"product_tag-camara-solar-para-exteriores","10":"first","11":"instock","12":"shipping-taxable","13":"product-type-simple"},"acf":[],"yoast_head":"<!-- This site is optimized with the Yoast SEO Premium plugin v20.2.1 (Yoast SEO v26.1.1) - https:\/\/yoast.com\/wordpress\/plugins\/seo\/ -->\n<title>3MP IP Camera 4G Sim Card Outdoor WiFi Bater\u00eda Solar Home Security Protection CCTV Video Surveillance Wireless Cameras - Bokysee Technology Co.,LTD<\/title>\n<meta name=\"description\" content=\"3MP IP Camera 4G Sim Card Outdoor WiFi Bater\u00eda Solar Home Security Protection CCTV Video Surveillance Wireless Security PTZ Cameras\" \/>\n<meta name=\"robots\" content=\"index, follow, max-snippet:-1, max-image-preview:large, max-video-preview:-1\" \/>\n<link rel=\"canonical\" href=\"https:\/\/bokysee.com\/es\/products\/3mp-ip-camera-4g-sim-card-outdoor-wifi-bateria-solar-home-security-protection-cctv-video-surveillance-wireless-cameras\/\" \/>\n<meta property=\"og:locale\" content=\"es_ES\" \/>\n<meta property=\"og:type\" content=\"article\" \/>\n<meta property=\"og:title\" content=\"3MP IP Camera 4G Sim Card Outdoor WiFi Bater\u00eda Solar Home Security Protection CCTV Video Surveillance Wireless Cameras\" \/>\n<meta property=\"og:description\" content=\"3MP IP Camera 4G Sim Card Outdoor WiFi Bater\u00eda Solar Home Security Protection CCTV Video Surveillance Wireless Security PTZ Cameras\" \/>\n<meta property=\"og:url\" content=\"https:\/\/bokysee.com\/es\/products\/3mp-ip-camera-4g-sim-card-outdoor-wifi-bateria-solar-home-security-protection-cctv-video-surveillance-wireless-cameras\/\" \/>\n<meta property=\"og:site_name\" content=\"Bokysee Technology Co.,LTD\" \/>\n<meta property=\"og:image\" content=\"https:\/\/bokysee.com\/wp-content\/uploads\/2023\/04\/BK-LXS02P-1.jpg\" \/>\n\t<meta property=\"og:image:width\" content=\"800\" \/>\n\t<meta property=\"og:image:height\" content=\"800\" \/>\n\t<meta property=\"og:image:type\" content=\"image\/jpeg\" \/>\n<meta name=\"twitter:card\" content=\"summary_large_image\" \/>\n<meta name=\"twitter:label1\" content=\"Tiempo de lectura\" \/>\n\t<meta name=\"twitter:data1\" content=\"3 minutos\" \/>\n<script type=\"application\/ld+json\" class=\"yoast-schema-graph\">{\"@context\":\"https:\/\/schema.org\",\"@graph\":[{\"@type\":\"WebPage\",\"@id\":\"https:\/\/bokysee.com\/es\/products\/3mp-ip-camera-4g-sim-card-outdoor-wifi-bateria-solar-home-security-protection-cctv-video-surveillance-wireless-cameras\/\",\"url\":\"https:\/\/bokysee.com\/es\/products\/3mp-ip-camera-4g-sim-card-outdoor-wifi-bateria-solar-home-security-protection-cctv-video-surveillance-wireless-cameras\/\",\"name\":\"3MP IP Camera 4G Sim Card Outdoor WiFi Bater\u00eda Solar Home Security Protection CCTV Video Surveillance Wireless Cameras - Bokysee Technology Co.,LTD\",\"isPartOf\":{\"@id\":\"https:\/\/bokysee.com\/#website\"},\"primaryImageOfPage\":{\"@id\":\"https:\/\/bokysee.com\/es\/products\/3mp-ip-camera-4g-sim-card-outdoor-wifi-bateria-solar-home-security-protection-cctv-video-surveillance-wireless-cameras\/#primaryimage\"},\"image\":{\"@id\":\"https:\/\/bokysee.com\/es\/products\/3mp-ip-camera-4g-sim-card-outdoor-wifi-bateria-solar-home-security-protection-cctv-video-surveillance-wireless-cameras\/#primaryimage\"},\"thumbnailUrl\":\"https:\/\/bokysee.com\/wp-content\/uploads\/2023\/04\/BK-LXS02P-1.jpg\",\"datePublished\":\"2023-04-13T22:27:07+00:00\",\"description\":\"3MP IP Camera 4G Sim Card Outdoor WiFi Bater\u00eda Solar Home Security Protection CCTV Video Surveillance Wireless Security PTZ Cameras\",\"breadcrumb\":{\"@id\":\"https:\/\/bokysee.com\/es\/products\/3mp-ip-camera-4g-sim-card-outdoor-wifi-bateria-solar-home-security-protection-cctv-video-surveillance-wireless-cameras\/#breadcrumb\"},\"inLanguage\":\"es\",\"potentialAction\":[{\"@type\":\"ReadAction\",\"target\":[\"https:\/\/bokysee.com\/es\/products\/3mp-ip-camera-4g-sim-card-outdoor-wifi-bateria-solar-home-security-protection-cctv-video-surveillance-wireless-cameras\/\"]}]},{\"@type\":\"ImageObject\",\"inLanguage\":\"es\",\"@id\":\"https:\/\/bokysee.com\/es\/products\/3mp-ip-camera-4g-sim-card-outdoor-wifi-bateria-solar-home-security-protection-cctv-video-surveillance-wireless-cameras\/#primaryimage\",\"url\":\"https:\/\/bokysee.com\/wp-content\/uploads\/2023\/04\/BK-LXS02P-1.jpg\",\"contentUrl\":\"https:\/\/bokysee.com\/wp-content\/uploads\/2023\/04\/BK-LXS02P-1.jpg\",\"width\":800,\"height\":800,\"caption\":\"c\u00e1mara cctv con panel solar\"},{\"@type\":\"BreadcrumbList\",\"@id\":\"https:\/\/bokysee.com\/es\/products\/3mp-ip-camera-4g-sim-card-outdoor-wifi-bateria-solar-home-security-protection-cctv-video-surveillance-wireless-cameras\/#breadcrumb\",\"itemListElement\":[{\"@type\":\"ListItem\",\"position\":1,\"name\":\"Home\",\"item\":\"https:\/\/bokysee.com\/\"},{\"@type\":\"ListItem\",\"position\":2,\"name\":\"Products\",\"item\":\"https:\/\/bokysee.com\/products\/\"},{\"@type\":\"ListItem\",\"position\":3,\"name\":\"3MP IP Camera 4G Sim Card Outdoor WiFi Bater\u00eda Solar Home Security Protection CCTV Video Surveillance Wireless Cameras\"}]},{\"@type\":\"WebSite\",\"@id\":\"https:\/\/bokysee.com\/#website\",\"url\":\"https:\/\/bokysee.com\/\",\"name\":\"Bokysee Technology Co.,LTD\",\"description\":\"Professional Smart Indoor and Outdoor Security Cameras Solution Supplier\",\"potentialAction\":[{\"@type\":\"SearchAction\",\"target\":{\"@type\":\"EntryPoint\",\"urlTemplate\":\"https:\/\/bokysee.com\/?s={search_term_string}\"},\"query-input\":{\"@type\":\"PropertyValueSpecification\",\"valueRequired\":true,\"valueName\":\"search_term_string\"}}],\"inLanguage\":\"es\"}]}<\/script>\n<!-- \/ Yoast SEO Premium plugin. -->","yoast_head_json":{"title":"3MP IP Camera 4G Sim Card Outdoor WiFi Bater\u00eda Solar Home Security Protection CCTV Video Surveillance Wireless Cameras - Bokysee Technology Co.,LTD","description":"3MP IP Camera 4G Sim Card Outdoor WiFi Bater\u00eda Solar Home Security Protection CCTV Video Surveillance Wireless Security PTZ Cameras","robots":{"index":"index","follow":"follow","max-snippet":"max-snippet:-1","max-image-preview":"max-image-preview:large","max-video-preview":"max-video-preview:-1"},"canonical":"https:\/\/bokysee.com\/es\/products\/3mp-ip-camera-4g-sim-card-outdoor-wifi-bateria-solar-home-security-protection-cctv-video-surveillance-wireless-cameras\/","og_locale":"es_ES","og_type":"article","og_title":"3MP IP Camera 4G Sim Card Outdoor WiFi Bater\u00eda Solar Home Security Protection CCTV Video Surveillance Wireless Cameras","og_description":"3MP IP Camera 4G Sim Card Outdoor WiFi Bater\u00eda Solar Home Security Protection CCTV Video Surveillance Wireless Security PTZ Cameras","og_url":"https:\/\/bokysee.com\/es\/products\/3mp-ip-camera-4g-sim-card-outdoor-wifi-bateria-solar-home-security-protection-cctv-video-surveillance-wireless-cameras\/","og_site_name":"Bokysee Technology Co.,LTD","og_image":[{"width":800,"height":800,"url":"https:\/\/bokysee.com\/wp-content\/uploads\/2023\/04\/BK-LXS02P-1.jpg","type":"image\/jpeg"}],"twitter_card":"summary_large_image","twitter_misc":{"Tiempo de lectura":"3 minutos"},"schema":{"@context":"https:\/\/schema.org","@graph":[{"@type":"WebPage","@id":"https:\/\/bokysee.com\/es\/products\/3mp-ip-camera-4g-sim-card-outdoor-wifi-bateria-solar-home-security-protection-cctv-video-surveillance-wireless-cameras\/","url":"https:\/\/bokysee.com\/es\/products\/3mp-ip-camera-4g-sim-card-outdoor-wifi-bateria-solar-home-security-protection-cctv-video-surveillance-wireless-cameras\/","name":"3MP IP Camera 4G Sim Card Outdoor WiFi Bater\u00eda Solar Home Security Protection CCTV Video Surveillance Wireless Cameras - Bokysee Technology Co.,LTD","isPartOf":{"@id":"https:\/\/bokysee.com\/#website"},"primaryImageOfPage":{"@id":"https:\/\/bokysee.com\/es\/products\/3mp-ip-camera-4g-sim-card-outdoor-wifi-bateria-solar-home-security-protection-cctv-video-surveillance-wireless-cameras\/#primaryimage"},"image":{"@id":"https:\/\/bokysee.com\/es\/products\/3mp-ip-camera-4g-sim-card-outdoor-wifi-bateria-solar-home-security-protection-cctv-video-surveillance-wireless-cameras\/#primaryimage"},"thumbnailUrl":"https:\/\/bokysee.com\/wp-content\/uploads\/2023\/04\/BK-LXS02P-1.jpg","datePublished":"2023-04-13T22:27:07+00:00","description":"3MP IP Camera 4G Sim Card Outdoor WiFi Bater\u00eda Solar Home Security Protection CCTV Video Surveillance Wireless Security PTZ Cameras","breadcrumb":{"@id":"https:\/\/bokysee.com\/es\/products\/3mp-ip-camera-4g-sim-card-outdoor-wifi-bateria-solar-home-security-protection-cctv-video-surveillance-wireless-cameras\/#breadcrumb"},"inLanguage":"es","potentialAction":[{"@type":"ReadAction","target":["https:\/\/bokysee.com\/es\/products\/3mp-ip-camera-4g-sim-card-outdoor-wifi-bateria-solar-home-security-protection-cctv-video-surveillance-wireless-cameras\/"]}]},{"@type":"ImageObject","inLanguage":"es","@id":"https:\/\/bokysee.com\/es\/products\/3mp-ip-camera-4g-sim-card-outdoor-wifi-bateria-solar-home-security-protection-cctv-video-surveillance-wireless-cameras\/#primaryimage","url":"https:\/\/bokysee.com\/wp-content\/uploads\/2023\/04\/BK-LXS02P-1.jpg","contentUrl":"https:\/\/bokysee.com\/wp-content\/uploads\/2023\/04\/BK-LXS02P-1.jpg","width":800,"height":800,"caption":"c\u00e1mara cctv con panel solar"},{"@type":"BreadcrumbList","@id":"https:\/\/bokysee.com\/es\/products\/3mp-ip-camera-4g-sim-card-outdoor-wifi-bateria-solar-home-security-protection-cctv-video-surveillance-wireless-cameras\/#breadcrumb","itemListElement":[{"@type":"ListItem","position":1,"name":"Home","item":"https:\/\/bokysee.com\/"},{"@type":"ListItem","position":2,"name":"Products","item":"https:\/\/bokysee.com\/products\/"},{"@type":"ListItem","position":3,"name":"3MP IP Camera 4G Sim Card Outdoor WiFi Bater\u00eda Solar Home Security Protection CCTV Video Surveillance Wireless Cameras"}]},{"@type":"WebSite","@id":"https:\/\/bokysee.com\/#website","url":"https:\/\/bokysee.com\/","name":"Bokysee Technology Co.,LTD","description":"Professional Smart Indoor and Outdoor Security Cameras Solution Supplier","potentialAction":[{"@type":"SearchAction","target":{"@type":"EntryPoint","urlTemplate":"https:\/\/bokysee.com\/?s={search_term_string}"},"query-input":{"@type":"PropertyValueSpecification","valueRequired":true,"valueName":"search_term_string"}}],"inLanguage":"es"}]}},"_links":{"self":[{"href":"https:\/\/bokysee.com\/es\/wp-json\/wp\/v2\/product\/3290","targetHints":{"allow":["GET"]}}],"collection":[{"href":"https:\/\/bokysee.com\/es\/wp-json\/wp\/v2\/product"}],"about":[{"href":"https:\/\/bokysee.com\/es\/wp-json\/wp\/v2\/types\/product"}],"version-history":[{"count":0,"href":"https:\/\/bokysee.com\/es\/wp-json\/wp\/v2\/product\/3290\/revisions"}],"wp:featuredmedia":[{"embeddable":true,"href":"https:\/\/bokysee.com\/es\/wp-json\/wp\/v2\/media\/2746"}],"wp:attachment":[{"href":"https:\/\/bokysee.com\/es\/wp-json\/wp\/v2\/media?parent=3290"}],"wp:term":[{"taxonomy":"product_brand","embeddable":true,"href":"https:\/\/bokysee.com\/es\/wp-json\/wp\/v2\/product_brand?post=3290"},{"taxonomy":"product_cat","embeddable":true,"href":"https:\/\/bokysee.com\/es\/wp-json\/wp\/v2\/product_cat?post=3290"},{"taxonomy":"product_tag","embeddable":true,"href":"https:\/\/bokysee.com\/es\/wp-json\/wp\/v2\/product_tag?post=3290"}],"curies":[{"name":"wp","href":"https:\/\/api.w.org\/{rel}","templated":true}]}}