{"id":3289,"date":"2023-04-11T08:12:39","date_gmt":"2023-04-11T00:12:39","guid":{"rendered":"https:\/\/bokysee.com\/products\/4-5-doble-lente-8mp-4k-ptz-velocidad-wifi-camara-buen-precio-8x-zoom-seguimiento-humano-exterior-ip-ptz-camara\/"},"modified":"2023-04-11T08:12:39","modified_gmt":"2023-04-11T00:12:39","slug":"4-5-camara-ptz-de-doble-lente-8mp-4k-velocidad-wifi-buen-precio-8x-zoom-seguimiento-humano-zoom-camara-ptz-de-exterior-ip","status":"publish","type":"product","link":"https:\/\/bokysee.com\/es\/products\/4-5-camara-ptz-de-doble-lente-8mp-4k-velocidad-wifi-buen-precio-8x-zoom-seguimiento-humano-zoom-camara-ptz-de-exterior-ip\/","title":{"rendered":"4.5\u2033 Doble Lente 8MP 4K PTZ Velocidad WiFi C\u00e1mara Buen Precio 8X Zoom Seguimiento Humano Exterior IP PTZ C\u00e1mara"},"content":{"rendered":"<p><strong>4.5\u2033 Doble Lente 8MP 4K PTZ Velocidad WiFi C\u00e1mara Buen Precio 8X Zoom Seguimiento Humano Exterior IP PTZ C\u00e1mara<\/strong><\/p>\n<p>8MP 4MP Opci\u00f3n de resoluci\u00f3n<br \/>\nDetecci\u00f3n humana con IA<br \/>\nAlarma con luz roja y azul<br \/>\nSeguimiento autom\u00e1tico en movimiento<br \/>\nSistema de c\u00e1mara de doble objetivo de 2,8 mm + 12 mm<br \/>\nZoom digital de 1X a 8X al instante<br \/>\nM\u00e1ximo 100 metros Visi\u00f3n diurna<br \/>\n10~50 metros Colorido\/Negro Blanco Visi\u00f3n nocturna<br \/>\nCapacidad de penetraci\u00f3n de antena doble mejorada<br \/>\nPanor\u00e1mica 300 grados\/ Inclinaci\u00f3n 100 grados<br \/>\nConversaci\u00f3n de audio bidireccional Habla en tiempo real<br \/>\nFunci\u00f3n de detecci\u00f3n de movimiento y tono de alarma.<br \/>\nWiFi de 2,4 Ghz y conexi\u00f3n por cable de dos modos.<br \/>\nAP Modo Hotspot Acceso<br \/>\nResistente al agua IP66 Uso para exteriores<br \/>\nSoporte ranura para tarjeta TF de hasta 128 GB.<br \/>\nCifrado seguridad almacenamiento en la nube<br \/>\nVisualizaci\u00f3n remota a trav\u00e9s de la aplicaci\u00f3n iCSee en el smartphone<\/p>\n<table style=\"border-collapse: collapse; width: 611.27pt;\" border=\"0\" width=\"815\" cellspacing=\"0\" cellpadding=\"0\">\n<tbody>\n<tr style=\"height: 27.00pt;\">\n<td class=\"et2\" style=\"height: 27.00pt; width: 75.75pt;\" width=\"101\" height=\"36\">Modelo<\/td>\n<td class=\"et2\" style=\"width: 158.25pt;\" width=\"211\">BK-DL04D8MP<\/td>\n<td class=\"et3\" style=\"width: 377.25pt;\" width=\"503\">BK-DL04D4MP<\/td>\n<\/tr>\n<tr style=\"height: 25.00pt;\">\n<td class=\"et4\" style=\"height: 25.00pt; width: 75.75pt;\" width=\"101\" height=\"33\">director de control<\/td>\n<td class=\"et5\">DSP de 32 bits y doble n\u00facleo (NT98566)<\/td>\n<td class=\"et6\">DSP de 32 bits y doble n\u00facleo (XM650V200)<\/td>\n<\/tr>\n<tr style=\"height: 32.00pt;\">\n<td class=\"et4\" style=\"height: 32.00pt; width: 75.75pt;\" width=\"101\" height=\"42\">sensor<\/td>\n<td class=\"et7\" style=\"width: 158.25pt;\" width=\"211\">Dos sensores CMOS de alto rendimiento de 4 millones 1\/3<\/td>\n<td class=\"et6\">Dos sensores CMOS de 2 millones 1\/3\u2033 SC2336 de alto rendimiento<\/td>\n<\/tr>\n<tr style=\"height: 38.00pt;\">\n<td class=\"et4\" style=\"height: 38.00pt; width: 75.75pt;\" width=\"101\" height=\"50\">Iluminaci\u00f3n m\u00ednima<\/td>\n<td class=\"et8\" style=\"width: 535.50pt;\" colspan=\"2\" width=\"714\">Color: 0,01 lux<span class=\"font1\">@<\/span>(<span class=\"font1\">F1.2, AGC activado); 0 Lux con IR;<br \/>\nBlanco y negro:0.001 Lux @ (F1.2,AGC ON),0 Lux con IR<\/span><\/td>\n<\/tr>\n<tr style=\"height: 25.00pt;\">\n<td class=\"et4\" style=\"height: 25.00pt; width: 75.75pt;\" width=\"101\" height=\"33\">obturador<\/td>\n<td class=\"et10\" colspan=\"2\">1\/50 (1\/60) segundos a 1\/10000 segundos<\/td>\n<\/tr>\n<tr style=\"height: 25.00pt;\">\n<td class=\"et4\" style=\"height: 25.00pt; width: 75.75pt;\" width=\"101\" height=\"33\">distancia focal<\/td>\n<td class=\"et10\" colspan=\"2\">F1,4*3,6MM+F1,4*12MM<\/td>\n<\/tr>\n<tr style=\"height: 25.00pt;\">\n<td class=\"et4\" style=\"height: 25.00pt; width: 75.75pt;\" width=\"101\" height=\"33\">reducci\u00f3n del ruido<\/td>\n<td class=\"et10\" colspan=\"2\">Reducci\u00f3n de ruido port\u00e1til 2D\/3D<\/td>\n<\/tr>\n<tr style=\"height: 25.00pt;\">\n<td class=\"et4\" style=\"height: 25.00pt; width: 75.75pt;\" width=\"101\" height=\"33\">Formato de v\u00eddeo<\/td>\n<td class=\"et10\" colspan=\"2\">H.265AI<\/td>\n<\/tr>\n<tr style=\"height: 25.00pt;\">\n<td class=\"et4\" style=\"height: 25.00pt; width: 75.75pt;\" width=\"101\" height=\"33\">poder de resoluci\u00f3n<\/td>\n<td class=\"et10\">Flujo de c\u00f3digo principal: 2560 * 1440; Flujo secundario: 800 * 448<\/td>\n<td class=\"et11\">Flujo de c\u00f3digo principal: 1920 * 1080; Flujo secundario: 800 * 448<\/td>\n<\/tr>\n<tr style=\"height: 25.00pt;\">\n<td class=\"et4\" style=\"height: 25.00pt; width: 75.75pt;\" width=\"101\" height=\"33\">Frecuencia de imagen<\/td>\n<td class=\"et8\" style=\"width: 535.50pt;\" colspan=\"2\" width=\"714\">12 fps<\/td>\n<\/tr>\n<tr style=\"height: 25.00pt;\">\n<td class=\"et4\" style=\"height: 25.00pt; width: 75.75pt;\" width=\"101\" height=\"33\">An\u00e1lisis inteligente<\/td>\n<td class=\"et8\" style=\"width: 535.50pt;\" colspan=\"2\" width=\"714\">Detecci\u00f3n de la forma humana<\/td>\n<\/tr>\n<tr style=\"height: 25.00pt;\">\n<td class=\"et4\" style=\"height: 25.00pt; width: 75.75pt;\" width=\"101\" height=\"33\">Funci\u00f3n de seguimiento<\/td>\n<td class=\"et12\" style=\"width: 535.50pt; border-right: 1.0pt solid #000000;\" colspan=\"2\" width=\"714\">Seguimiento con zoom de la forma humana<\/td>\n<\/tr>\n<tr style=\"height: 25.00pt;\">\n<td class=\"et4\" style=\"height: 25.00pt; width: 75.75pt;\" width=\"101\" height=\"33\">fuente luminosa<\/td>\n<td class=\"et8\" style=\"width: 535.50pt;\" colspan=\"2\" width=\"714\">6 infrarrojos + 6 luz blanca<\/td>\n<\/tr>\n<tr style=\"height: 25.00pt;\">\n<td class=\"et4\" style=\"height: 25.00pt; width: 75.75pt;\" width=\"101\" height=\"33\">Modo luz<\/td>\n<td class=\"et8\" style=\"width: 535.50pt;\" colspan=\"2\" width=\"714\">Starlight a todo color\/visi\u00f3n nocturna por infrarrojos\/aviso de doble luz<\/td>\n<\/tr>\n<tr style=\"height: 25.00pt;\">\n<td class=\"et4\" style=\"height: 25.00pt; width: 75.75pt;\" width=\"101\" height=\"33\">Funci\u00f3n zoom<\/td>\n<td class=\"et12\" style=\"width: 535.50pt; border-right: 1.0pt solid #000000;\" colspan=\"2\" width=\"714\">Zoom digital h\u00edbrido 8x<\/td>\n<\/tr>\n<tr style=\"height: 31.00pt;\">\n<td class=\"et4\" style=\"height: 31.00pt; width: 75.75pt;\" width=\"101\" height=\"41\">Funci\u00f3n de reproducci\u00f3n<\/td>\n<td class=\"et8\" style=\"width: 158.25pt;\" width=\"211\">El zoom de reproducci\u00f3n no es compatible<\/td>\n<td class=\"et9\" style=\"width: 377.25pt;\" width=\"503\">Soporta zoom de reproducci\u00f3n<\/td>\n<\/tr>\n<tr style=\"height: 25.00pt;\">\n<td class=\"et4\" style=\"height: 25.00pt; width: 75.75pt;\" width=\"101\" height=\"33\">Voz bidireccional<\/td>\n<td class=\"et10\" colspan=\"2\">Sostengo<\/td>\n<\/tr>\n<tr style=\"height: 25.00pt;\">\n<td class=\"et4\" style=\"height: 25.00pt; width: 75.75pt;\" width=\"101\" height=\"33\">Almacenamiento en la nube<\/td>\n<td class=\"et10\" colspan=\"2\">Sostengo<\/td>\n<\/tr>\n<tr style=\"height: 25.00pt;\">\n<td class=\"et4\" style=\"height: 25.00pt; width: 75.75pt;\" width=\"101\" height=\"33\">Acuerdo de apoyo<\/td>\n<td class=\"et8\" style=\"width: 535.50pt;\" colspan=\"2\" width=\"714\">Soporta los protocolos NETIP y onvif.<\/td>\n<\/tr>\n<tr style=\"height: 25.00pt;\">\n<td class=\"et4\" style=\"height: 25.00pt; width: 75.75pt;\" width=\"101\" height=\"33\">interfaz de red<\/td>\n<td class=\"et10\" colspan=\"2\">Puerto Ethernet adaptable 10M\/100M<\/td>\n<\/tr>\n<tr style=\"height: 25.00pt;\">\n<td class=\"et4\" style=\"height: 25.00pt; width: 75.75pt;\" width=\"101\" height=\"33\">Interfaz de almacenamiento<\/td>\n<td class=\"et10\" colspan=\"2\">Tarjeta TF local (hasta 256G)<\/td>\n<\/tr>\n<tr style=\"height: 25.00pt;\">\n<td class=\"et4\" style=\"height: 25.00pt; width: 75.75pt;\" width=\"101\" height=\"33\">Interfaz de la tecla Reset<\/td>\n<td class=\"et14\" style=\"border-right: 1.0pt solid #000000;\" colspan=\"2\">Recuperaci\u00f3n con un solo clic<\/td>\n<\/tr>\n<tr style=\"height: 25.00pt;\">\n<td class=\"et4\" style=\"height: 25.00pt; width: 75.75pt;\" width=\"101\" height=\"33\">Norma inal\u00e1mbrica<\/td>\n<td class=\"et10\" colspan=\"2\">IEEE802.11b, 802.11g, 802.11n<\/td>\n<\/tr>\n<tr style=\"height: 25.00pt;\">\n<td class=\"et4\" style=\"height: 25.00pt; width: 75.75pt;\" width=\"101\" height=\"33\">gama de frecuencias<\/td>\n<td class=\"et10\" colspan=\"2\">2,4 GHz ~ 2,4835 GHz<\/td>\n<\/tr>\n<tr style=\"height: 25.00pt;\">\n<td class=\"et4\" style=\"height: 25.00pt; width: 75.75pt;\" width=\"101\" height=\"33\">Derroche de energ\u00eda<\/td>\n<td class=\"et10\" colspan=\"2\">9W<\/td>\n<\/tr>\n<tr style=\"height: 25.00pt;\">\n<td class=\"et4\" style=\"height: 25.00pt; width: 75.75pt;\" width=\"101\" height=\"33\">Tama\u00f1o del producto<\/td>\n<td class=\"et10\" colspan=\"2\">168*118*205 mm<\/td>\n<\/tr>\n<tr style=\"height: 25.00pt;\">\n<td class=\"et4\" style=\"height: 25.00pt; width: 75.75pt;\" width=\"101\" height=\"33\">Tama\u00f1o de la caja de color<\/td>\n<td class=\"et10\" colspan=\"2\">220*130*223 mm<\/td>\n<\/tr>\n<tr style=\"height: 25.00pt;\">\n<td class=\"et4\" style=\"height: 25.00pt; width: 75.75pt;\" width=\"101\" height=\"33\">temperatura<\/td>\n<td class=\"et10\" colspan=\"2\">Cero 10\u00b0C -60\u00b0C, humedad inferior al 90% [sin condensaci\u00f3n]<\/td>\n<\/tr>\n<tr style=\"height: 25.00pt;\">\n<td class=\"et4\" style=\"height: 25.00pt; width: 75.75pt;\" width=\"101\" height=\"33\">Fuente de alimentaci\u00f3n<\/td>\n<td class=\"et10\" colspan=\"2\">CC 12 V \u00b1 10%<\/td>\n<\/tr>\n<tr style=\"height: 25.00pt;\">\n<td class=\"et17\" style=\"height: 25.00pt; width: 75.75pt;\" width=\"101\" height=\"33\">peso<\/td>\n<td class=\"et18\" colspan=\"2\">Peso neto: 750 g Peso bruto: 900 g (Nota: producto real)<\/td>\n<\/tr>\n<\/tbody>\n<\/table>\n<p>&nbsp;<\/p>","protected":false},"excerpt":{"rendered":"<p>C\u00e1mara PTZ de 4,5\u2033 y doble lente con zoom de seguimiento humano 8X:<br \/>\n1. Resoluci\u00f3n: 4K\/2.5K<br \/>\n2. DSP de 32 bits de doble n\u00facleo (NT98566), compresi\u00f3n dura pura, watchdog<br \/>\n3. Doble lente: Lente F1.4 Starlight, 2.8MM+12MM<br \/>\n4. Luces duales: 6 luces blancas+6 infrarrojos<br \/>\n5. Previsualizaci\u00f3n en doble pantalla, previsualizaci\u00f3n imagen sobre imagen<br \/>\n6. Seguimiento humano Zoom 8X<br \/>\n7. La posici\u00f3n de preajuste APP admite zoom continuo, preajuste, seguimiento<br \/>\n8. Cuando se visualiza a distancia, la imagen en imagen se muestra autom\u00e1ticamente<br \/>\n9. Soporta tarjeta de memoria 128G, soporta almacenamiento en la nube<\/p>","protected":false},"featured_media":2690,"template":"","meta":[],"product_brand":[],"product_cat":[405],"product_tag":[473,470],"class_list":{"0":"post-3289","1":"product","2":"type-product","3":"status-publish","4":"has-post-thumbnail","6":"product_cat-camara-wifi-de-doble-lente","7":"product_tag-alarma-con-luz-roja-y-azul","8":"product_tag-camaras-de-seguimiento-automatico-en-movimiento","10":"first","11":"instock","12":"shipping-taxable","13":"product-type-simple"},"acf":[],"yoast_head":"<!-- This site is optimized with the Yoast SEO Premium plugin v20.2.1 (Yoast SEO v26.1.1) - https:\/\/yoast.com\/wordpress\/plugins\/seo\/ -->\n<title>4.5&quot; Doble Lente 8MP 4K PTZ Velocidad WiFi C\u00e1mara Buen Precio 8X Zoom Seguimiento Humano Exterior IP PTZ C\u00e1mara - Bokysee Technology Co.,LTD<\/title>\n<meta name=\"description\" content=\"8MP 4K Wifi C\u00e1mara C\u00e1mara IP impermeable al aire libre con alarma de sirena antirrobo Doble lente 8X Zoom PTZ Velocidad Domo C\u00e1mara Ai Auto Tracking CCTV C\u00e1mara de vigilancia\" \/>\n<meta name=\"robots\" content=\"index, follow, max-snippet:-1, max-image-preview:large, max-video-preview:-1\" \/>\n<link rel=\"canonical\" href=\"https:\/\/bokysee.com\/es\/products\/4-5-doble-lente-8mp-4k-ptz-velocidad-wifi-camara-buen-precio-8x-zoom-seguimiento-humano-exterior-ip-ptz-camara\/\" \/>\n<meta property=\"og:locale\" content=\"es_ES\" \/>\n<meta property=\"og:type\" content=\"article\" \/>\n<meta property=\"og:title\" content=\"4.5&quot; Doble Lente 8MP 4K PTZ Velocidad WiFi C\u00e1mara Buen Precio 8X Zoom Seguimiento Humano Exterior IP PTZ C\u00e1mara\" \/>\n<meta property=\"og:description\" content=\"8MP 4K Wifi C\u00e1mara C\u00e1mara IP impermeable al aire libre con alarma de sirena antirrobo Doble lente 8X Zoom PTZ Velocidad Domo C\u00e1mara Ai Auto Tracking CCTV C\u00e1mara de vigilancia\" \/>\n<meta property=\"og:url\" content=\"https:\/\/bokysee.com\/es\/products\/4-5-doble-lente-8mp-4k-ptz-velocidad-wifi-camara-buen-precio-8x-zoom-seguimiento-humano-exterior-ip-ptz-camara\/\" \/>\n<meta property=\"og:site_name\" content=\"Bokysee Technology Co.,LTD\" \/>\n<meta property=\"og:image\" content=\"https:\/\/bokysee.com\/wp-content\/uploads\/2023\/04\/BK-DL04D-1.jpg\" \/>\n\t<meta property=\"og:image:width\" content=\"800\" \/>\n\t<meta property=\"og:image:height\" content=\"800\" \/>\n\t<meta property=\"og:image:type\" content=\"image\/jpeg\" \/>\n<meta name=\"twitter:card\" content=\"summary_large_image\" \/>\n<meta name=\"twitter:label1\" content=\"Tiempo de lectura\" \/>\n\t<meta name=\"twitter:data1\" content=\"2 minutos\" \/>\n<script type=\"application\/ld+json\" class=\"yoast-schema-graph\">{\"@context\":\"https:\/\/schema.org\",\"@graph\":[{\"@type\":\"WebPage\",\"@id\":\"https:\/\/bokysee.com\/es\/products\/4-5-doble-lente-8mp-4k-ptz-velocidad-wifi-camara-buen-precio-8x-zoom-seguimiento-humano-exterior-ip-ptz-camara\/\",\"url\":\"https:\/\/bokysee.com\/es\/products\/4-5-doble-lente-8mp-4k-ptz-velocidad-wifi-camara-buen-precio-8x-zoom-seguimiento-humano-exterior-ip-ptz-camara\/\",\"name\":\"4.5\\\" Doble Lente 8MP 4K PTZ Velocidad WiFi C\u00e1mara Buen Precio 8X Zoom Seguimiento Humano Exterior IP PTZ C\u00e1mara - Bokysee Technology Co.,LTD\",\"isPartOf\":{\"@id\":\"https:\/\/bokysee.com\/#website\"},\"primaryImageOfPage\":{\"@id\":\"https:\/\/bokysee.com\/es\/products\/4-5-doble-lente-8mp-4k-ptz-velocidad-wifi-camara-buen-precio-8x-zoom-seguimiento-humano-exterior-ip-ptz-camara\/#primaryimage\"},\"image\":{\"@id\":\"https:\/\/bokysee.com\/es\/products\/4-5-doble-lente-8mp-4k-ptz-velocidad-wifi-camara-buen-precio-8x-zoom-seguimiento-humano-exterior-ip-ptz-camara\/#primaryimage\"},\"thumbnailUrl\":\"https:\/\/bokysee.com\/wp-content\/uploads\/2023\/04\/BK-DL04D-1.jpg\",\"datePublished\":\"2023-04-11T00:12:39+00:00\",\"description\":\"8MP 4K Wifi C\u00e1mara C\u00e1mara IP impermeable al aire libre con alarma de sirena antirrobo Doble lente 8X Zoom PTZ Velocidad Domo C\u00e1mara Ai Auto Tracking CCTV C\u00e1mara de vigilancia\",\"breadcrumb\":{\"@id\":\"https:\/\/bokysee.com\/es\/products\/4-5-doble-lente-8mp-4k-ptz-velocidad-wifi-camara-buen-precio-8x-zoom-seguimiento-humano-exterior-ip-ptz-camara\/#breadcrumb\"},\"inLanguage\":\"es\",\"potentialAction\":[{\"@type\":\"ReadAction\",\"target\":[\"https:\/\/bokysee.com\/es\/products\/4-5-doble-lente-8mp-4k-ptz-velocidad-wifi-camara-buen-precio-8x-zoom-seguimiento-humano-exterior-ip-ptz-camara\/\"]}]},{\"@type\":\"ImageObject\",\"inLanguage\":\"es\",\"@id\":\"https:\/\/bokysee.com\/es\/products\/4-5-doble-lente-8mp-4k-ptz-velocidad-wifi-camara-buen-precio-8x-zoom-seguimiento-humano-exterior-ip-ptz-camara\/#primaryimage\",\"url\":\"https:\/\/bokysee.com\/wp-content\/uploads\/2023\/04\/BK-DL04D-1.jpg\",\"contentUrl\":\"https:\/\/bokysee.com\/wp-content\/uploads\/2023\/04\/BK-DL04D-1.jpg\",\"width\":800,\"height\":800,\"caption\":\"c\u00e1maras de seguridad profesionales\"},{\"@type\":\"BreadcrumbList\",\"@id\":\"https:\/\/bokysee.com\/es\/products\/4-5-doble-lente-8mp-4k-ptz-velocidad-wifi-camara-buen-precio-8x-zoom-seguimiento-humano-exterior-ip-ptz-camara\/#breadcrumb\",\"itemListElement\":[{\"@type\":\"ListItem\",\"position\":1,\"name\":\"Home\",\"item\":\"https:\/\/bokysee.com\/\"},{\"@type\":\"ListItem\",\"position\":2,\"name\":\"Products\",\"item\":\"https:\/\/bokysee.com\/products\/\"},{\"@type\":\"ListItem\",\"position\":3,\"name\":\"4.5&#8243; Doble Lente 8MP 4K PTZ Velocidad WiFi C\u00e1mara Buen Precio 8X Zoom Seguimiento Humano Exterior IP PTZ C\u00e1mara\"}]},{\"@type\":\"WebSite\",\"@id\":\"https:\/\/bokysee.com\/#website\",\"url\":\"https:\/\/bokysee.com\/\",\"name\":\"Bokysee Technology Co.,LTD\",\"description\":\"Professional Smart Indoor and Outdoor Security Cameras Solution Supplier\",\"potentialAction\":[{\"@type\":\"SearchAction\",\"target\":{\"@type\":\"EntryPoint\",\"urlTemplate\":\"https:\/\/bokysee.com\/?s={search_term_string}\"},\"query-input\":{\"@type\":\"PropertyValueSpecification\",\"valueRequired\":true,\"valueName\":\"search_term_string\"}}],\"inLanguage\":\"es\"}]}<\/script>\n<!-- \/ Yoast SEO Premium plugin. -->","yoast_head_json":{"title":"4.5\" Doble Lente 8MP 4K PTZ Velocidad WiFi C\u00e1mara Buen Precio 8X Zoom Seguimiento Humano Exterior IP PTZ C\u00e1mara - Bokysee Technology Co.,LTD","description":"8MP 4K Wifi C\u00e1mara C\u00e1mara IP impermeable al aire libre con alarma de sirena antirrobo Doble lente 8X Zoom PTZ Velocidad Domo C\u00e1mara Ai Auto Tracking CCTV C\u00e1mara de vigilancia","robots":{"index":"index","follow":"follow","max-snippet":"max-snippet:-1","max-image-preview":"max-image-preview:large","max-video-preview":"max-video-preview:-1"},"canonical":"https:\/\/bokysee.com\/es\/products\/4-5-doble-lente-8mp-4k-ptz-velocidad-wifi-camara-buen-precio-8x-zoom-seguimiento-humano-exterior-ip-ptz-camara\/","og_locale":"es_ES","og_type":"article","og_title":"4.5\" Doble Lente 8MP 4K PTZ Velocidad WiFi C\u00e1mara Buen Precio 8X Zoom Seguimiento Humano Exterior IP PTZ C\u00e1mara","og_description":"8MP 4K Wifi C\u00e1mara C\u00e1mara IP impermeable al aire libre con alarma de sirena antirrobo Doble lente 8X Zoom PTZ Velocidad Domo C\u00e1mara Ai Auto Tracking CCTV C\u00e1mara de vigilancia","og_url":"https:\/\/bokysee.com\/es\/products\/4-5-doble-lente-8mp-4k-ptz-velocidad-wifi-camara-buen-precio-8x-zoom-seguimiento-humano-exterior-ip-ptz-camara\/","og_site_name":"Bokysee Technology Co.,LTD","og_image":[{"width":800,"height":800,"url":"https:\/\/bokysee.com\/wp-content\/uploads\/2023\/04\/BK-DL04D-1.jpg","type":"image\/jpeg"}],"twitter_card":"summary_large_image","twitter_misc":{"Tiempo de lectura":"2 minutos"},"schema":{"@context":"https:\/\/schema.org","@graph":[{"@type":"WebPage","@id":"https:\/\/bokysee.com\/es\/products\/4-5-doble-lente-8mp-4k-ptz-velocidad-wifi-camara-buen-precio-8x-zoom-seguimiento-humano-exterior-ip-ptz-camara\/","url":"https:\/\/bokysee.com\/es\/products\/4-5-doble-lente-8mp-4k-ptz-velocidad-wifi-camara-buen-precio-8x-zoom-seguimiento-humano-exterior-ip-ptz-camara\/","name":"4.5\" Doble Lente 8MP 4K PTZ Velocidad WiFi C\u00e1mara Buen Precio 8X Zoom Seguimiento Humano Exterior IP PTZ C\u00e1mara - Bokysee Technology Co.,LTD","isPartOf":{"@id":"https:\/\/bokysee.com\/#website"},"primaryImageOfPage":{"@id":"https:\/\/bokysee.com\/es\/products\/4-5-doble-lente-8mp-4k-ptz-velocidad-wifi-camara-buen-precio-8x-zoom-seguimiento-humano-exterior-ip-ptz-camara\/#primaryimage"},"image":{"@id":"https:\/\/bokysee.com\/es\/products\/4-5-doble-lente-8mp-4k-ptz-velocidad-wifi-camara-buen-precio-8x-zoom-seguimiento-humano-exterior-ip-ptz-camara\/#primaryimage"},"thumbnailUrl":"https:\/\/bokysee.com\/wp-content\/uploads\/2023\/04\/BK-DL04D-1.jpg","datePublished":"2023-04-11T00:12:39+00:00","description":"8MP 4K Wifi C\u00e1mara C\u00e1mara IP impermeable al aire libre con alarma de sirena antirrobo Doble lente 8X Zoom PTZ Velocidad Domo C\u00e1mara Ai Auto Tracking CCTV C\u00e1mara de vigilancia","breadcrumb":{"@id":"https:\/\/bokysee.com\/es\/products\/4-5-doble-lente-8mp-4k-ptz-velocidad-wifi-camara-buen-precio-8x-zoom-seguimiento-humano-exterior-ip-ptz-camara\/#breadcrumb"},"inLanguage":"es","potentialAction":[{"@type":"ReadAction","target":["https:\/\/bokysee.com\/es\/products\/4-5-doble-lente-8mp-4k-ptz-velocidad-wifi-camara-buen-precio-8x-zoom-seguimiento-humano-exterior-ip-ptz-camara\/"]}]},{"@type":"ImageObject","inLanguage":"es","@id":"https:\/\/bokysee.com\/es\/products\/4-5-doble-lente-8mp-4k-ptz-velocidad-wifi-camara-buen-precio-8x-zoom-seguimiento-humano-exterior-ip-ptz-camara\/#primaryimage","url":"https:\/\/bokysee.com\/wp-content\/uploads\/2023\/04\/BK-DL04D-1.jpg","contentUrl":"https:\/\/bokysee.com\/wp-content\/uploads\/2023\/04\/BK-DL04D-1.jpg","width":800,"height":800,"caption":"c\u00e1maras de seguridad profesionales"},{"@type":"BreadcrumbList","@id":"https:\/\/bokysee.com\/es\/products\/4-5-doble-lente-8mp-4k-ptz-velocidad-wifi-camara-buen-precio-8x-zoom-seguimiento-humano-exterior-ip-ptz-camara\/#breadcrumb","itemListElement":[{"@type":"ListItem","position":1,"name":"Home","item":"https:\/\/bokysee.com\/"},{"@type":"ListItem","position":2,"name":"Products","item":"https:\/\/bokysee.com\/products\/"},{"@type":"ListItem","position":3,"name":"4.5&#8243; Doble Lente 8MP 4K PTZ Velocidad WiFi C\u00e1mara Buen Precio 8X Zoom Seguimiento Humano Exterior IP PTZ C\u00e1mara"}]},{"@type":"WebSite","@id":"https:\/\/bokysee.com\/#website","url":"https:\/\/bokysee.com\/","name":"Bokysee Technology Co.,LTD","description":"Professional Smart Indoor and Outdoor Security Cameras Solution Supplier","potentialAction":[{"@type":"SearchAction","target":{"@type":"EntryPoint","urlTemplate":"https:\/\/bokysee.com\/?s={search_term_string}"},"query-input":{"@type":"PropertyValueSpecification","valueRequired":true,"valueName":"search_term_string"}}],"inLanguage":"es"}]}},"_links":{"self":[{"href":"https:\/\/bokysee.com\/es\/wp-json\/wp\/v2\/product\/3289","targetHints":{"allow":["GET"]}}],"collection":[{"href":"https:\/\/bokysee.com\/es\/wp-json\/wp\/v2\/product"}],"about":[{"href":"https:\/\/bokysee.com\/es\/wp-json\/wp\/v2\/types\/product"}],"version-history":[{"count":0,"href":"https:\/\/bokysee.com\/es\/wp-json\/wp\/v2\/product\/3289\/revisions"}],"wp:featuredmedia":[{"embeddable":true,"href":"https:\/\/bokysee.com\/es\/wp-json\/wp\/v2\/media\/2690"}],"wp:attachment":[{"href":"https:\/\/bokysee.com\/es\/wp-json\/wp\/v2\/media?parent=3289"}],"wp:term":[{"taxonomy":"product_brand","embeddable":true,"href":"https:\/\/bokysee.com\/es\/wp-json\/wp\/v2\/product_brand?post=3289"},{"taxonomy":"product_cat","embeddable":true,"href":"https:\/\/bokysee.com\/es\/wp-json\/wp\/v2\/product_cat?post=3289"},{"taxonomy":"product_tag","embeddable":true,"href":"https:\/\/bokysee.com\/es\/wp-json\/wp\/v2\/product_tag?post=3289"}],"curies":[{"name":"wp","href":"https:\/\/api.w.org\/{rel}","templated":true}]}}