{"id":3277,"date":"2023-04-11T08:59:25","date_gmt":"2023-04-11T00:59:25","guid":{"rendered":"https:\/\/bokysee.com\/products\/2023-nuevo-diseno-mejor-doble-camara-lente-interior-bebe-monitor-barato-hogar-camara-de-seguridad\/"},"modified":"2023-04-11T08:59:25","modified_gmt":"2023-04-11T00:59:25","slug":"2023-nuevo-diseno-mejor-camara-doble-lente-de-interior-monitor-bebe-barato-camara-de-seguridad-casa","status":"publish","type":"product","link":"https:\/\/bokysee.com\/es\/products\/2023-nuevo-diseno-mejor-camara-doble-lente-de-interior-monitor-bebe-barato-camara-de-seguridad-casa\/","title":{"rendered":"2023 Nuevo dise\u00f1o mejor doble c\u00e1mara lente interior beb\u00e9 monitor barato hogar c\u00e1mara de seguridad"},"content":{"rendered":"<p><strong>2023 Nuevo dise\u00f1o mejor doble c\u00e1mara lente interior beb\u00e9 monitor barato casa c\u00e1mara de seguridad:<\/strong><br \/>\n* Inal\u00e1mbrico y de f\u00e1cil instalaci\u00f3n.<br \/>\n* Resoluci\u00f3n de v\u00eddeo 2K 4MP Ultra HD<br \/>\n* Lentes duales: 3.6MM+12MM, objetivo zoom 8X<br \/>\n* PTZ: Panor\u00e1mica: 355\u00b0, Inclinaci\u00f3n: 90<br \/>\n* Luces duales: 6 luz blanca+6 infrarrojos, 50M Distancia IR<br \/>\n* Detecci\u00f3n de movimiento, seguimiento autom\u00e1tico y alerta en tiempo real.<br \/>\n* Alarma sonora y ac\u00fastica bidireccional.<br \/>\n* Multi-Vista y Doble Almacenamiento con Protecci\u00f3n de Privacidad<\/p>\n<table width=\"815\">\n<tbody>\n<tr>\n<td rowspan=\"7\" width=\"101\">Sistema<\/td>\n<td width=\"211\">Proveedor de servicios de Internet<\/td>\n<td width=\"503\">NT98566<\/td>\n<\/tr>\n<tr>\n<td width=\"211\">Sensor<\/td>\n<td width=\"503\">2 * 1\/3 \u201cSC2336<\/td>\n<\/tr>\n<tr>\n<td width=\"211\">Alta definici\u00f3n<\/td>\n<td width=\"503\">2MP+2MP<\/td>\n<\/tr>\n<tr>\n<td width=\"211\">Frecuencia de imagen<\/td>\n<td width=\"503\">25 fps<\/td>\n<\/tr>\n<tr>\n<td width=\"211\">Disrupci\u00f3n<\/td>\n<td width=\"503\">2560*1440<\/td>\n<\/tr>\n<tr>\n<td width=\"211\">Lente<\/td>\n<td width=\"503\">3,6 mm y 12 mm<\/td>\n<\/tr>\n<tr>\n<td width=\"211\">Visi\u00f3n nocturna<\/td>\n<td width=\"503\">4 Uds infrarrojos + 4 Uds LED de luz blanca, Alcance IR: 50M<\/td>\n<\/tr>\n<tr>\n<td rowspan=\"2\" width=\"101\">Audio<\/td>\n<td width=\"211\">Norma de codificaci\u00f3n<\/td>\n<td width=\"503\">G.711<\/td>\n<\/tr>\n<tr>\n<td width=\"211\">Audio bidireccional<\/td>\n<td width=\"503\">Soporte<\/td>\n<\/tr>\n<tr>\n<td rowspan=\"2\" width=\"101\">Almacenamiento<\/td>\n<td width=\"211\">Nube<\/td>\n<td width=\"503\">Almacenamiento en la nube<\/td>\n<\/tr>\n<tr>\n<td width=\"211\">Tarjeta TF<\/td>\n<td width=\"503\">Tarjeta TF de 128 GB como m\u00e1ximo<\/td>\n<\/tr>\n<tr>\n<td rowspan=\"6\" width=\"101\">Rojo<\/td>\n<td width=\"211\">Nombre de la APP<\/td>\n<td width=\"503\">iCSee<\/td>\n<\/tr>\n<tr>\n<td width=\"211\">Wi-Fi (2,4 GHz)<\/td>\n<td width=\"503\">IEEE 802.11 b\/g\/n<\/td>\n<\/tr>\n<tr>\n<td width=\"211\">Protocolo de rojo<\/td>\n<td width=\"503\">Admite TCP\/IP, RTSP, ONVIF<\/td>\n<\/tr>\n<tr>\n<td width=\"211\">Descargar<\/td>\n<td width=\"503\">iOS en App Store, Android en Google Play<\/td>\n<\/tr>\n<tr>\n<td width=\"211\">Conexi\u00f3n WIFI<\/td>\n<td width=\"503\">Escanear c\u00f3digo QR,Conexi\u00f3n por cable de red,Conexi\u00f3n AP Hotspot<\/td>\n<\/tr>\n<tr>\n<td width=\"211\">noticias<\/td>\n<td width=\"503\">Aplicaci\u00f3n Push<\/td>\n<\/tr>\n<tr>\n<td rowspan=\"3\" width=\"101\">PTZ<\/td>\n<td width=\"211\">Cacerola<\/td>\n<td width=\"503\">355\u00b0<\/td>\n<\/tr>\n<tr>\n<td width=\"211\">Inclinaci\u00f3n<\/td>\n<td width=\"503\">90\u00b0<\/td>\n<\/tr>\n<tr>\n<td width=\"211\">Zoom<\/td>\n<td width=\"503\">8X<\/td>\n<\/tr>\n<tr>\n<td rowspan=\"6\" width=\"101\">Otros<\/td>\n<td width=\"211\">Tensi\u00f3n Apex<\/td>\n<td width=\"503\">CC 12 V 2 A<\/td>\n<\/tr>\n<tr>\n<td width=\"211\">Resistente a la intemperie<\/td>\n<td width=\"503\">IP66<\/td>\n<\/tr>\n<tr>\n<td width=\"211\">Lugar adecuado<\/td>\n<td width=\"503\">Hogar, tienda, escuela, f\u00e1brica.<\/td>\n<\/tr>\n<tr>\n<td width=\"211\">Temperatura de trabajo<\/td>\n<td>-20\u2103-\uff0b55\u2103<\/td>\n<\/tr>\n<tr>\n<td width=\"211\">Humedad de trabajo<\/td>\n<td>10%-90%<\/td>\n<\/tr>\n<tr>\n<td>Tama\u00f1o<\/td>\n<td>156 x 105 x 170 mm (largo x ancho x alto)<\/td>\n<\/tr>\n<\/tbody>\n<\/table>","protected":false},"excerpt":{"rendered":"<p>C\u00e1mara PTZ de doble lente y zoom 8X para interiores:<br \/>\n1. Resoluci\u00f3n: 2MP+2MP<br \/>\n2. DSP de 32 bits y doble n\u00facleo (NT98566), compresi\u00f3n pura y dura<br \/>\n3. Lente doble: 3,6 MM + 12 MM, zoom objetivo 8X<br \/>\n4. PTZ: Panor\u00e1mica: 355\u00b0, Inclinaci\u00f3n: 90<br \/>\n5. Luces duales: 6 luz blanca+6 infrarrojos, 50M Distancia IR<br \/>\n6. Previsualizaci\u00f3n en doble pantalla, previsualizaci\u00f3n imagen sobre imagen<br \/>\n7. Seguimiento humano Zoom 8X; Audio bidireccional, Detecci\u00f3n humana<br \/>\n8. Escanear c\u00f3digo QR, Cable de red y conexi\u00f3n AP Hotspot<br \/>\n9. Soporta tarjeta de memoria 128G, soporta almacenamiento en la nube<\/p>","protected":false},"featured_media":2722,"template":"","meta":[],"product_brand":[],"product_cat":[405],"product_tag":[434,437,432],"class_list":{"0":"post-3277","1":"product","2":"type-product","3":"status-publish","4":"has-post-thumbnail","6":"product_cat-camara-wifi-de-doble-lente","7":"product_tag-camara-inteligente","8":"product_tag-camaras-de-seguridad-baratas","9":"product_tag-mejor-camara-de-seguridad-domestica","11":"first","12":"instock","13":"shipping-taxable","14":"product-type-simple"},"acf":[],"yoast_head":"<!-- This site is optimized with the Yoast SEO Premium plugin v20.2.1 (Yoast SEO v26.1.1) - https:\/\/yoast.com\/wordpress\/plugins\/seo\/ -->\n<title>2023 Nuevo dise\u00f1o mejor doble c\u00e1mara lente interior beb\u00e9 monitor barato hogar c\u00e1mara de seguridad - Bokysee Technology Co.,LTD<\/title>\n<meta name=\"description\" content=\"2023 Bokysee nuevo dise\u00f1o mejor doble lente de la c\u00e1mara de vigilancia del beb\u00e9 de interior barato inteligente c\u00e1mara de seguridad para el hogar para la seguridad del hogar de interior\" \/>\n<meta name=\"robots\" content=\"index, follow, max-snippet:-1, max-image-preview:large, max-video-preview:-1\" \/>\n<link rel=\"canonical\" href=\"https:\/\/bokysee.com\/es\/products\/2023-nuevo-diseno-mejor-doble-camara-lente-interior-bebe-monitor-barato-hogar-camara-de-seguridad\/\" \/>\n<meta property=\"og:locale\" content=\"es_ES\" \/>\n<meta property=\"og:type\" content=\"article\" \/>\n<meta property=\"og:title\" content=\"2023 Nuevo dise\u00f1o mejor doble c\u00e1mara lente interior beb\u00e9 monitor barato hogar c\u00e1mara de seguridad\" \/>\n<meta property=\"og:description\" content=\"2023 Bokysee nuevo dise\u00f1o mejor doble lente de la c\u00e1mara de vigilancia del beb\u00e9 de interior barato inteligente c\u00e1mara de seguridad para el hogar para la seguridad del hogar de interior\" \/>\n<meta property=\"og:url\" content=\"https:\/\/bokysee.com\/es\/products\/2023-nuevo-diseno-mejor-doble-camara-lente-interior-bebe-monitor-barato-hogar-camara-de-seguridad\/\" \/>\n<meta property=\"og:site_name\" content=\"Bokysee Technology Co.,LTD\" \/>\n<meta property=\"og:image\" content=\"https:\/\/bokysee.com\/wp-content\/uploads\/2023\/04\/BK-DL10D-1.jpg\" \/>\n\t<meta property=\"og:image:width\" content=\"800\" \/>\n\t<meta property=\"og:image:height\" content=\"800\" \/>\n\t<meta property=\"og:image:type\" content=\"image\/jpeg\" \/>\n<meta name=\"twitter:card\" content=\"summary_large_image\" \/>\n<meta name=\"twitter:label1\" content=\"Tiempo de lectura\" \/>\n\t<meta name=\"twitter:data1\" content=\"1 minuto\" \/>\n<script type=\"application\/ld+json\" class=\"yoast-schema-graph\">{\"@context\":\"https:\/\/schema.org\",\"@graph\":[{\"@type\":\"WebPage\",\"@id\":\"https:\/\/bokysee.com\/es\/products\/2023-nuevo-diseno-mejor-doble-camara-lente-interior-bebe-monitor-barato-hogar-camara-de-seguridad\/\",\"url\":\"https:\/\/bokysee.com\/es\/products\/2023-nuevo-diseno-mejor-doble-camara-lente-interior-bebe-monitor-barato-hogar-camara-de-seguridad\/\",\"name\":\"2023 Nuevo dise\u00f1o mejor doble c\u00e1mara lente interior beb\u00e9 monitor barato hogar c\u00e1mara de seguridad - Bokysee Technology Co.,LTD\",\"isPartOf\":{\"@id\":\"https:\/\/bokysee.com\/#website\"},\"primaryImageOfPage\":{\"@id\":\"https:\/\/bokysee.com\/es\/products\/2023-nuevo-diseno-mejor-doble-camara-lente-interior-bebe-monitor-barato-hogar-camara-de-seguridad\/#primaryimage\"},\"image\":{\"@id\":\"https:\/\/bokysee.com\/es\/products\/2023-nuevo-diseno-mejor-doble-camara-lente-interior-bebe-monitor-barato-hogar-camara-de-seguridad\/#primaryimage\"},\"thumbnailUrl\":\"https:\/\/bokysee.com\/wp-content\/uploads\/2023\/04\/BK-DL10D-1.jpg\",\"datePublished\":\"2023-04-11T00:59:25+00:00\",\"description\":\"2023 Bokysee nuevo dise\u00f1o mejor doble lente de la c\u00e1mara de vigilancia del beb\u00e9 de interior barato inteligente c\u00e1mara de seguridad para el hogar para la seguridad del hogar de interior\",\"breadcrumb\":{\"@id\":\"https:\/\/bokysee.com\/es\/products\/2023-nuevo-diseno-mejor-doble-camara-lente-interior-bebe-monitor-barato-hogar-camara-de-seguridad\/#breadcrumb\"},\"inLanguage\":\"es\",\"potentialAction\":[{\"@type\":\"ReadAction\",\"target\":[\"https:\/\/bokysee.com\/es\/products\/2023-nuevo-diseno-mejor-doble-camara-lente-interior-bebe-monitor-barato-hogar-camara-de-seguridad\/\"]}]},{\"@type\":\"ImageObject\",\"inLanguage\":\"es\",\"@id\":\"https:\/\/bokysee.com\/es\/products\/2023-nuevo-diseno-mejor-doble-camara-lente-interior-bebe-monitor-barato-hogar-camara-de-seguridad\/#primaryimage\",\"url\":\"https:\/\/bokysee.com\/wp-content\/uploads\/2023\/04\/BK-DL10D-1.jpg\",\"contentUrl\":\"https:\/\/bokysee.com\/wp-content\/uploads\/2023\/04\/BK-DL10D-1.jpg\",\"width\":800,\"height\":800,\"caption\":\"security bulb camera\"},{\"@type\":\"BreadcrumbList\",\"@id\":\"https:\/\/bokysee.com\/es\/products\/2023-nuevo-diseno-mejor-doble-camara-lente-interior-bebe-monitor-barato-hogar-camara-de-seguridad\/#breadcrumb\",\"itemListElement\":[{\"@type\":\"ListItem\",\"position\":1,\"name\":\"Home\",\"item\":\"https:\/\/bokysee.com\/\"},{\"@type\":\"ListItem\",\"position\":2,\"name\":\"Products\",\"item\":\"https:\/\/bokysee.com\/products\/\"},{\"@type\":\"ListItem\",\"position\":3,\"name\":\"2023 Nuevo dise\u00f1o mejor doble c\u00e1mara lente interior beb\u00e9 monitor barato hogar c\u00e1mara de seguridad\"}]},{\"@type\":\"WebSite\",\"@id\":\"https:\/\/bokysee.com\/#website\",\"url\":\"https:\/\/bokysee.com\/\",\"name\":\"Bokysee Technology Co.,LTD\",\"description\":\"Professional Smart Indoor and Outdoor Security Cameras Solution Supplier\",\"potentialAction\":[{\"@type\":\"SearchAction\",\"target\":{\"@type\":\"EntryPoint\",\"urlTemplate\":\"https:\/\/bokysee.com\/?s={search_term_string}\"},\"query-input\":{\"@type\":\"PropertyValueSpecification\",\"valueRequired\":true,\"valueName\":\"search_term_string\"}}],\"inLanguage\":\"es\"}]}<\/script>\n<!-- \/ Yoast SEO Premium plugin. -->","yoast_head_json":{"title":"2023 Nuevo dise\u00f1o mejor doble c\u00e1mara lente interior beb\u00e9 monitor barato hogar c\u00e1mara de seguridad - Bokysee Technology Co.,LTD","description":"2023 Bokysee nuevo dise\u00f1o mejor doble lente de la c\u00e1mara de vigilancia del beb\u00e9 de interior barato inteligente c\u00e1mara de seguridad para el hogar para la seguridad del hogar de interior","robots":{"index":"index","follow":"follow","max-snippet":"max-snippet:-1","max-image-preview":"max-image-preview:large","max-video-preview":"max-video-preview:-1"},"canonical":"https:\/\/bokysee.com\/es\/products\/2023-nuevo-diseno-mejor-doble-camara-lente-interior-bebe-monitor-barato-hogar-camara-de-seguridad\/","og_locale":"es_ES","og_type":"article","og_title":"2023 Nuevo dise\u00f1o mejor doble c\u00e1mara lente interior beb\u00e9 monitor barato hogar c\u00e1mara de seguridad","og_description":"2023 Bokysee nuevo dise\u00f1o mejor doble lente de la c\u00e1mara de vigilancia del beb\u00e9 de interior barato inteligente c\u00e1mara de seguridad para el hogar para la seguridad del hogar de interior","og_url":"https:\/\/bokysee.com\/es\/products\/2023-nuevo-diseno-mejor-doble-camara-lente-interior-bebe-monitor-barato-hogar-camara-de-seguridad\/","og_site_name":"Bokysee Technology Co.,LTD","og_image":[{"width":800,"height":800,"url":"https:\/\/bokysee.com\/wp-content\/uploads\/2023\/04\/BK-DL10D-1.jpg","type":"image\/jpeg"}],"twitter_card":"summary_large_image","twitter_misc":{"Tiempo de lectura":"1 minuto"},"schema":{"@context":"https:\/\/schema.org","@graph":[{"@type":"WebPage","@id":"https:\/\/bokysee.com\/es\/products\/2023-nuevo-diseno-mejor-doble-camara-lente-interior-bebe-monitor-barato-hogar-camara-de-seguridad\/","url":"https:\/\/bokysee.com\/es\/products\/2023-nuevo-diseno-mejor-doble-camara-lente-interior-bebe-monitor-barato-hogar-camara-de-seguridad\/","name":"2023 Nuevo dise\u00f1o mejor doble c\u00e1mara lente interior beb\u00e9 monitor barato hogar c\u00e1mara de seguridad - Bokysee Technology Co.,LTD","isPartOf":{"@id":"https:\/\/bokysee.com\/#website"},"primaryImageOfPage":{"@id":"https:\/\/bokysee.com\/es\/products\/2023-nuevo-diseno-mejor-doble-camara-lente-interior-bebe-monitor-barato-hogar-camara-de-seguridad\/#primaryimage"},"image":{"@id":"https:\/\/bokysee.com\/es\/products\/2023-nuevo-diseno-mejor-doble-camara-lente-interior-bebe-monitor-barato-hogar-camara-de-seguridad\/#primaryimage"},"thumbnailUrl":"https:\/\/bokysee.com\/wp-content\/uploads\/2023\/04\/BK-DL10D-1.jpg","datePublished":"2023-04-11T00:59:25+00:00","description":"2023 Bokysee nuevo dise\u00f1o mejor doble lente de la c\u00e1mara de vigilancia del beb\u00e9 de interior barato inteligente c\u00e1mara de seguridad para el hogar para la seguridad del hogar de interior","breadcrumb":{"@id":"https:\/\/bokysee.com\/es\/products\/2023-nuevo-diseno-mejor-doble-camara-lente-interior-bebe-monitor-barato-hogar-camara-de-seguridad\/#breadcrumb"},"inLanguage":"es","potentialAction":[{"@type":"ReadAction","target":["https:\/\/bokysee.com\/es\/products\/2023-nuevo-diseno-mejor-doble-camara-lente-interior-bebe-monitor-barato-hogar-camara-de-seguridad\/"]}]},{"@type":"ImageObject","inLanguage":"es","@id":"https:\/\/bokysee.com\/es\/products\/2023-nuevo-diseno-mejor-doble-camara-lente-interior-bebe-monitor-barato-hogar-camara-de-seguridad\/#primaryimage","url":"https:\/\/bokysee.com\/wp-content\/uploads\/2023\/04\/BK-DL10D-1.jpg","contentUrl":"https:\/\/bokysee.com\/wp-content\/uploads\/2023\/04\/BK-DL10D-1.jpg","width":800,"height":800,"caption":"security bulb camera"},{"@type":"BreadcrumbList","@id":"https:\/\/bokysee.com\/es\/products\/2023-nuevo-diseno-mejor-doble-camara-lente-interior-bebe-monitor-barato-hogar-camara-de-seguridad\/#breadcrumb","itemListElement":[{"@type":"ListItem","position":1,"name":"Home","item":"https:\/\/bokysee.com\/"},{"@type":"ListItem","position":2,"name":"Products","item":"https:\/\/bokysee.com\/products\/"},{"@type":"ListItem","position":3,"name":"2023 Nuevo dise\u00f1o mejor doble c\u00e1mara lente interior beb\u00e9 monitor barato hogar c\u00e1mara de seguridad"}]},{"@type":"WebSite","@id":"https:\/\/bokysee.com\/#website","url":"https:\/\/bokysee.com\/","name":"Bokysee Technology Co.,LTD","description":"Professional Smart Indoor and Outdoor Security Cameras Solution Supplier","potentialAction":[{"@type":"SearchAction","target":{"@type":"EntryPoint","urlTemplate":"https:\/\/bokysee.com\/?s={search_term_string}"},"query-input":{"@type":"PropertyValueSpecification","valueRequired":true,"valueName":"search_term_string"}}],"inLanguage":"es"}]}},"_links":{"self":[{"href":"https:\/\/bokysee.com\/es\/wp-json\/wp\/v2\/product\/3277","targetHints":{"allow":["GET"]}}],"collection":[{"href":"https:\/\/bokysee.com\/es\/wp-json\/wp\/v2\/product"}],"about":[{"href":"https:\/\/bokysee.com\/es\/wp-json\/wp\/v2\/types\/product"}],"version-history":[{"count":0,"href":"https:\/\/bokysee.com\/es\/wp-json\/wp\/v2\/product\/3277\/revisions"}],"wp:featuredmedia":[{"embeddable":true,"href":"https:\/\/bokysee.com\/es\/wp-json\/wp\/v2\/media\/2722"}],"wp:attachment":[{"href":"https:\/\/bokysee.com\/es\/wp-json\/wp\/v2\/media?parent=3277"}],"wp:term":[{"taxonomy":"product_brand","embeddable":true,"href":"https:\/\/bokysee.com\/es\/wp-json\/wp\/v2\/product_brand?post=3277"},{"taxonomy":"product_cat","embeddable":true,"href":"https:\/\/bokysee.com\/es\/wp-json\/wp\/v2\/product_cat?post=3277"},{"taxonomy":"product_tag","embeddable":true,"href":"https:\/\/bokysee.com\/es\/wp-json\/wp\/v2\/product_tag?post=3277"}],"curies":[{"name":"wp","href":"https:\/\/api.w.org\/{rel}","templated":true}]}}