{"id":3268,"date":"2023-04-14T07:02:50","date_gmt":"2023-04-13T23:02:50","guid":{"rendered":"https:\/\/bokysee.com\/products\/al-aire-libre-ip66-solar-powered-bateria-wifi-4g-ptz-camara-con-panel-solar-de-bajo-consumo-de-energia\/"},"modified":"2023-06-12T16:10:48","modified_gmt":"2023-06-12T08:10:48","slug":"wifi-4g-ptz-camera-ip66-de-exterior-con-panel-solar-de-bajo-consumo-de-potencia","status":"publish","type":"product","link":"https:\/\/bokysee.com\/es\/products\/wifi-4g-ptz-camera-ip66-de-exterior-con-panel-solar-de-bajo-consumo-de-potencia\/","title":{"rendered":"Al aire libre IP66 Solar Powered Bater\u00eda WiFi 4G PTZ C\u00e1mara con panel solar de bajo consumo de energ\u00eda"},"content":{"rendered":"<p><strong>Al aire libre IP66 Solar Powered Bater\u00eda WiFi 4G PTZ C\u00e1mara con panel solar de bajo consumo de energ\u00eda:<\/strong><\/p>\n<p>* C\u00e1mara exterior de ajuste universal con panel solar de 3,7 W, bater\u00eda incorporada de gran capacidad<br \/>\n* Ultra-bajo consumo en espera, despertar r\u00e1pido<br \/>\n* Sensor PIR + radar doble detecci\u00f3n de alarma C\u00e1mara CCTV<br \/>\n* ISP de alto rendimiento y sensor progresivo de 1\/2,7\u2033, todo color con luz negra<br \/>\n* Micr\u00f3fono y altavoz incorporados, compatible con audio bidireccional.<br \/>\n* Soporte de almacenamiento en la nube y almacenamiento local y almacenamiento en tarjeta SD<br \/>\n* Aplicaci\u00f3n compatible con Android\/IOS \u2013 iCsee\/Xmeye<br \/>\n* C\u00e1mara de vigilancia estanca IP65<br \/>\n* Soporta instalaci\u00f3n Todo en Uno e instalaci\u00f3n separada C\u00e1mara de seguridad PTZ<br \/>\n* Potencia del panel solar de 3,7 W<\/p>\n<table width=\"846\">\n<tbody>\n<tr>\n<td width=\"132\">Modelo<\/td>\n<td colspan=\"2\" width=\"714\">BK-LXS03P4MW<\/td>\n<\/tr>\n<tr>\n<td width=\"132\">director de control<\/td>\n<td colspan=\"2\">DSP de 32 bits y doble n\u00facleo (GK7202V200)<\/td>\n<\/tr>\n<tr>\n<td width=\"132\">sensor<\/td>\n<td colspan=\"2\">Sensor CMOS de alto rendimiento y baja iluminaci\u00f3n<\/td>\n<\/tr>\n<tr>\n<td width=\"132\">Iluminaci\u00f3n m\u00ednima<\/td>\n<td colspan=\"2\" width=\"714\">Color: 0,01 Lux a (F1.2, AGC activado); 0 Lux con IR;<br \/>\nBlanco y negro:0,001 Lux @ (F1.2,AGC ON),0 Lux con IR<\/td>\n<\/tr>\n<tr>\n<td width=\"132\">obturador<\/td>\n<td colspan=\"2\">1\/50 (1\/60) segundos a 1\/10000 segundos<\/td>\n<\/tr>\n<tr>\n<td width=\"132\">distancia focal<\/td>\n<td colspan=\"2\">F1.4*3.6MM<\/td>\n<\/tr>\n<tr>\n<td width=\"132\">reducci\u00f3n del ruido<\/td>\n<td colspan=\"2\">Reducci\u00f3n de ruido port\u00e1til 2D\/3D<\/td>\n<\/tr>\n<tr>\n<td width=\"132\">Formato de v\u00eddeo<\/td>\n<td colspan=\"2\">H.265AI<\/td>\n<\/tr>\n<tr>\n<td width=\"132\">poder de resoluci\u00f3n<\/td>\n<td colspan=\"2\">Flujo de c\u00f3digo principal: 2560 * 1440; Flujo secundario: 800 * 448<\/td>\n<\/tr>\n<tr>\n<td width=\"132\">Frecuencia de imagen<\/td>\n<td colspan=\"2\">12 fps<\/td>\n<\/tr>\n<tr>\n<td width=\"132\">Detecci\u00f3n PIR<\/td>\n<td colspan=\"2\">Admite detecci\u00f3n humana PIR<\/td>\n<\/tr>\n<tr>\n<td width=\"132\">modo reposo<\/td>\n<td colspan=\"2\">Sostengo<\/td>\n<\/tr>\n<tr>\n<td width=\"132\">fuente luminosa<\/td>\n<td colspan=\"2\">2 piezas de infrarrojos + 4 piezas de leds de luz blanca<\/td>\n<\/tr>\n<tr>\n<td width=\"132\">Modo luz<\/td>\n<td colspan=\"2\">Visi\u00f3n nocturna Starlight a todo color\/por infrarrojos<\/td>\n<\/tr>\n<tr>\n<td width=\"132\">Voz bidireccional<\/td>\n<td colspan=\"2\">Sostengo<\/td>\n<\/tr>\n<tr>\n<td width=\"132\">Almacenamiento en la nube<\/td>\n<td colspan=\"2\">Sostengo<\/td>\n<\/tr>\n<tr>\n<td width=\"132\">Acuerdo de apoyo<\/td>\n<td colspan=\"2\" width=\"714\">Admitir el protocolo NETIP<\/td>\n<\/tr>\n<tr>\n<td width=\"132\">interfaz de red<\/td>\n<td colspan=\"2\">No lo apoyar\u00e9<\/td>\n<\/tr>\n<tr>\n<td width=\"132\">Interfaz de almacenamiento<\/td>\n<td colspan=\"2\">Tarjeta TF local (hasta 256G)<\/td>\n<\/tr>\n<tr>\n<td width=\"132\">Interfaz de la tecla Reset<\/td>\n<td colspan=\"2\">Recuperaci\u00f3n con un solo clic<\/td>\n<\/tr>\n<tr>\n<td width=\"132\">Norma inal\u00e1mbrica<\/td>\n<td colspan=\"2\">IEEE802.11b, 802.11g, 802.11n<\/td>\n<\/tr>\n<tr>\n<td width=\"132\">gama de frecuencias<\/td>\n<td colspan=\"2\">2,4 GHz ~ 2,4835 GHz<\/td>\n<\/tr>\n<tr>\n<td width=\"132\">Capacidad de la bater\u00eda<\/td>\n<td colspan=\"2\">7800 mA<\/td>\n<\/tr>\n<tr>\n<td width=\"132\">Tama\u00f1o del producto<\/td>\n<td colspan=\"2\"><\/td>\n<\/tr>\n<tr>\n<td width=\"132\">Tama\u00f1o de la caja de color<\/td>\n<td colspan=\"2\">270*200*180 mm<\/td>\n<\/tr>\n<tr>\n<td width=\"132\">temperatura<\/td>\n<td colspan=\"2\">Cero 10\u00b0C -60\u00b0C, humedad inferior al 90% [sin condensaci\u00f3n]<\/td>\n<\/tr>\n<tr>\n<td width=\"132\">fuente<\/td>\n<td colspan=\"2\">DC 5V\u3010tipo C\u3011<\/td>\n<\/tr>\n<tr>\n<td width=\"132\">peso<\/td>\n<td colspan=\"2\">  Peso bruto [con bater\u00eda]: 1,65kg (Nota: producto real)<\/td>\n<\/tr>\n<\/tbody>\n<\/table>","protected":false},"excerpt":{"rendered":"<p>C\u00e1mara PTZ con bater\u00eda y alimentaci\u00f3n solar para exteriores:<br \/>\n* C\u00e1mara PTZ para exteriores IP66, Bajo consumo de energ\u00eda;<br \/>\n* Bater\u00eda recargable incorporada de 7800mA, m\u00e1ximo 180 d\u00edas;<br \/>\n* Panel solar recargable de 3,7 W con una longitud de 3 m (10 pies)<br \/>\n* LED: 2 piezas de infrarrojos + 4 piezas de luz blanca, Distancia IR: 20 m<br \/>\n* PTZ: giro de 355\u00b0, inclinaci\u00f3n de 90\u00b0<br \/>\n* Sensor PIR: 10 metros (32Ft.) de alcance de detecci\u00f3n de 100 grados<br \/>\n* App Hotspot: Soporte, Permitir el acceso sin internet<br \/>\n* Soporta WiFi (2,4 GHz), servicio gratuito P2P en la nube, alarma push al m\u00f3vil v\u00eda APP<br \/>\n* Soporta audio bidireccional en tiempo real y detecci\u00f3n de movimiento Ai<br \/>\n* Tiempo de trabajo: unos 3 meses sobre la base de 10 eventos activados al d\u00eda.<br \/>\n* Soporte para Amazon Alex\/Echo Show<br \/>\n* Soporta visualizaci\u00f3n remota por tel\u00e9fono inteligente (IOS, Android) en cualquier lugar<br \/>\n* Soporte de almacenamiento en la nube y m\u00e1ximo 128Gb de almacenamiento en tarjeta TF (Excluido)<\/p>","protected":false},"featured_media":2764,"template":"","meta":[],"product_brand":[],"product_cat":[],"product_tag":[402,403,404],"class_list":{"0":"post-3268","1":"product","2":"type-product","3":"status-publish","4":"has-post-thumbnail","6":"product_tag-camara-exterior-con-panel-solar","7":"product_tag-camara-solar-4g-es","8":"product_tag-camara-wifi-solar-exterior","10":"first","11":"instock","12":"shipping-taxable","13":"product-type-simple"},"acf":[],"yoast_head":"<!-- This site is optimized with the Yoast SEO Premium plugin v20.2.1 (Yoast SEO v26.1.1) - https:\/\/yoast.com\/wordpress\/plugins\/seo\/ -->\n<title>Al aire libre IP66 Solar Powered Bater\u00eda WiFi 4G PTZ C\u00e1mara con panel solar de bajo consumo de energ\u00eda - Bokysee Technology Co.,LTD<\/title>\n<meta name=\"description\" content=\"C\u00e1mara Solar Exterior IP66 Bater\u00eda Recargable PIR Detecci\u00f3n Humana WiFi 4G PTZ C\u00e1mara IP con Panel Solar Bajo Consumo iCsee APP\" \/>\n<meta name=\"robots\" content=\"index, follow, max-snippet:-1, max-image-preview:large, max-video-preview:-1\" \/>\n<link rel=\"canonical\" href=\"https:\/\/bokysee.com\/es\/products\/wifi-4g-ptz-camera-ip66-de-exterior-con-panel-solar-de-bajo-consumo-de-potencia\/\" \/>\n<meta property=\"og:locale\" content=\"es_ES\" \/>\n<meta property=\"og:type\" content=\"article\" \/>\n<meta property=\"og:title\" content=\"Al aire libre IP66 Solar Powered Bater\u00eda WiFi 4G PTZ C\u00e1mara con panel solar de bajo consumo de energ\u00eda\" \/>\n<meta property=\"og:description\" content=\"C\u00e1mara Solar Exterior IP66 Bater\u00eda Recargable PIR Detecci\u00f3n Humana WiFi 4G PTZ C\u00e1mara IP con Panel Solar Bajo Consumo iCsee APP\" \/>\n<meta property=\"og:url\" content=\"https:\/\/bokysee.com\/es\/products\/wifi-4g-ptz-camera-ip66-de-exterior-con-panel-solar-de-bajo-consumo-de-potencia\/\" \/>\n<meta property=\"og:site_name\" content=\"Bokysee Technology Co.,LTD\" \/>\n<meta property=\"article:modified_time\" content=\"2023-06-12T08:10:48+00:00\" \/>\n<meta property=\"og:image\" content=\"https:\/\/bokysee.com\/wp-content\/uploads\/2023\/04\/BK-LXS03P-1.jpg\" \/>\n\t<meta property=\"og:image:width\" content=\"800\" \/>\n\t<meta property=\"og:image:height\" content=\"800\" \/>\n\t<meta property=\"og:image:type\" content=\"image\/jpeg\" \/>\n<meta name=\"twitter:card\" content=\"summary_large_image\" \/>\n<meta name=\"twitter:label1\" content=\"Tiempo de lectura\" \/>\n\t<meta name=\"twitter:data1\" content=\"2 minutos\" \/>\n<script type=\"application\/ld+json\" class=\"yoast-schema-graph\">{\"@context\":\"https:\/\/schema.org\",\"@graph\":[{\"@type\":\"WebPage\",\"@id\":\"https:\/\/bokysee.com\/es\/products\/wifi-4g-ptz-camera-ip66-de-exterior-con-panel-solar-de-bajo-consumo-de-potencia\/\",\"url\":\"https:\/\/bokysee.com\/es\/products\/wifi-4g-ptz-camera-ip66-de-exterior-con-panel-solar-de-bajo-consumo-de-potencia\/\",\"name\":\"Al aire libre IP66 Solar Powered Bater\u00eda WiFi 4G PTZ C\u00e1mara con panel solar de bajo consumo de energ\u00eda - Bokysee Technology Co.,LTD\",\"isPartOf\":{\"@id\":\"https:\/\/bokysee.com\/#website\"},\"primaryImageOfPage\":{\"@id\":\"https:\/\/bokysee.com\/es\/products\/wifi-4g-ptz-camera-ip66-de-exterior-con-panel-solar-de-bajo-consumo-de-potencia\/#primaryimage\"},\"image\":{\"@id\":\"https:\/\/bokysee.com\/es\/products\/wifi-4g-ptz-camera-ip66-de-exterior-con-panel-solar-de-bajo-consumo-de-potencia\/#primaryimage\"},\"thumbnailUrl\":\"https:\/\/bokysee.com\/wp-content\/uploads\/2023\/04\/BK-LXS03P-1.jpg\",\"datePublished\":\"2023-04-13T23:02:50+00:00\",\"dateModified\":\"2023-06-12T08:10:48+00:00\",\"description\":\"C\u00e1mara Solar Exterior IP66 Bater\u00eda Recargable PIR Detecci\u00f3n Humana WiFi 4G PTZ C\u00e1mara IP con Panel Solar Bajo Consumo iCsee APP\",\"breadcrumb\":{\"@id\":\"https:\/\/bokysee.com\/es\/products\/wifi-4g-ptz-camera-ip66-de-exterior-con-panel-solar-de-bajo-consumo-de-potencia\/#breadcrumb\"},\"inLanguage\":\"es\",\"potentialAction\":[{\"@type\":\"ReadAction\",\"target\":[\"https:\/\/bokysee.com\/es\/products\/wifi-4g-ptz-camera-ip66-de-exterior-con-panel-solar-de-bajo-consumo-de-potencia\/\"]}]},{\"@type\":\"ImageObject\",\"inLanguage\":\"es\",\"@id\":\"https:\/\/bokysee.com\/es\/products\/wifi-4g-ptz-camera-ip66-de-exterior-con-panel-solar-de-bajo-consumo-de-potencia\/#primaryimage\",\"url\":\"https:\/\/bokysee.com\/wp-content\/uploads\/2023\/04\/BK-LXS03P-1.jpg\",\"contentUrl\":\"https:\/\/bokysee.com\/wp-content\/uploads\/2023\/04\/BK-LXS03P-1.jpg\",\"width\":800,\"height\":800,\"caption\":\"c\u00e1mara solar 4g\"},{\"@type\":\"BreadcrumbList\",\"@id\":\"https:\/\/bokysee.com\/es\/products\/wifi-4g-ptz-camera-ip66-de-exterior-con-panel-solar-de-bajo-consumo-de-potencia\/#breadcrumb\",\"itemListElement\":[{\"@type\":\"ListItem\",\"position\":1,\"name\":\"Home\",\"item\":\"https:\/\/bokysee.com\/\"},{\"@type\":\"ListItem\",\"position\":2,\"name\":\"Products\",\"item\":\"https:\/\/bokysee.com\/products\/\"},{\"@type\":\"ListItem\",\"position\":3,\"name\":\"Al aire libre IP66 Solar Powered Bater\u00eda WiFi 4G PTZ C\u00e1mara con panel solar de bajo consumo de energ\u00eda\"}]},{\"@type\":\"WebSite\",\"@id\":\"https:\/\/bokysee.com\/#website\",\"url\":\"https:\/\/bokysee.com\/\",\"name\":\"Bokysee Technology Co.,LTD\",\"description\":\"Professional Smart Indoor and Outdoor Security Cameras Solution Supplier\",\"potentialAction\":[{\"@type\":\"SearchAction\",\"target\":{\"@type\":\"EntryPoint\",\"urlTemplate\":\"https:\/\/bokysee.com\/?s={search_term_string}\"},\"query-input\":{\"@type\":\"PropertyValueSpecification\",\"valueRequired\":true,\"valueName\":\"search_term_string\"}}],\"inLanguage\":\"es\"}]}<\/script>\n<!-- \/ Yoast SEO Premium plugin. -->","yoast_head_json":{"title":"Al aire libre IP66 Solar Powered Bater\u00eda WiFi 4G PTZ C\u00e1mara con panel solar de bajo consumo de energ\u00eda - Bokysee Technology Co.,LTD","description":"C\u00e1mara Solar Exterior IP66 Bater\u00eda Recargable PIR Detecci\u00f3n Humana WiFi 4G PTZ C\u00e1mara IP con Panel Solar Bajo Consumo iCsee APP","robots":{"index":"index","follow":"follow","max-snippet":"max-snippet:-1","max-image-preview":"max-image-preview:large","max-video-preview":"max-video-preview:-1"},"canonical":"https:\/\/bokysee.com\/es\/products\/wifi-4g-ptz-camera-ip66-de-exterior-con-panel-solar-de-bajo-consumo-de-potencia\/","og_locale":"es_ES","og_type":"article","og_title":"Al aire libre IP66 Solar Powered Bater\u00eda WiFi 4G PTZ C\u00e1mara con panel solar de bajo consumo de energ\u00eda","og_description":"C\u00e1mara Solar Exterior IP66 Bater\u00eda Recargable PIR Detecci\u00f3n Humana WiFi 4G PTZ C\u00e1mara IP con Panel Solar Bajo Consumo iCsee APP","og_url":"https:\/\/bokysee.com\/es\/products\/wifi-4g-ptz-camera-ip66-de-exterior-con-panel-solar-de-bajo-consumo-de-potencia\/","og_site_name":"Bokysee Technology Co.,LTD","article_modified_time":"2023-06-12T08:10:48+00:00","og_image":[{"width":800,"height":800,"url":"https:\/\/bokysee.com\/wp-content\/uploads\/2023\/04\/BK-LXS03P-1.jpg","type":"image\/jpeg"}],"twitter_card":"summary_large_image","twitter_misc":{"Tiempo de lectura":"2 minutos"},"schema":{"@context":"https:\/\/schema.org","@graph":[{"@type":"WebPage","@id":"https:\/\/bokysee.com\/es\/products\/wifi-4g-ptz-camera-ip66-de-exterior-con-panel-solar-de-bajo-consumo-de-potencia\/","url":"https:\/\/bokysee.com\/es\/products\/wifi-4g-ptz-camera-ip66-de-exterior-con-panel-solar-de-bajo-consumo-de-potencia\/","name":"Al aire libre IP66 Solar Powered Bater\u00eda WiFi 4G PTZ C\u00e1mara con panel solar de bajo consumo de energ\u00eda - Bokysee Technology Co.,LTD","isPartOf":{"@id":"https:\/\/bokysee.com\/#website"},"primaryImageOfPage":{"@id":"https:\/\/bokysee.com\/es\/products\/wifi-4g-ptz-camera-ip66-de-exterior-con-panel-solar-de-bajo-consumo-de-potencia\/#primaryimage"},"image":{"@id":"https:\/\/bokysee.com\/es\/products\/wifi-4g-ptz-camera-ip66-de-exterior-con-panel-solar-de-bajo-consumo-de-potencia\/#primaryimage"},"thumbnailUrl":"https:\/\/bokysee.com\/wp-content\/uploads\/2023\/04\/BK-LXS03P-1.jpg","datePublished":"2023-04-13T23:02:50+00:00","dateModified":"2023-06-12T08:10:48+00:00","description":"C\u00e1mara Solar Exterior IP66 Bater\u00eda Recargable PIR Detecci\u00f3n Humana WiFi 4G PTZ C\u00e1mara IP con Panel Solar Bajo Consumo iCsee APP","breadcrumb":{"@id":"https:\/\/bokysee.com\/es\/products\/wifi-4g-ptz-camera-ip66-de-exterior-con-panel-solar-de-bajo-consumo-de-potencia\/#breadcrumb"},"inLanguage":"es","potentialAction":[{"@type":"ReadAction","target":["https:\/\/bokysee.com\/es\/products\/wifi-4g-ptz-camera-ip66-de-exterior-con-panel-solar-de-bajo-consumo-de-potencia\/"]}]},{"@type":"ImageObject","inLanguage":"es","@id":"https:\/\/bokysee.com\/es\/products\/wifi-4g-ptz-camera-ip66-de-exterior-con-panel-solar-de-bajo-consumo-de-potencia\/#primaryimage","url":"https:\/\/bokysee.com\/wp-content\/uploads\/2023\/04\/BK-LXS03P-1.jpg","contentUrl":"https:\/\/bokysee.com\/wp-content\/uploads\/2023\/04\/BK-LXS03P-1.jpg","width":800,"height":800,"caption":"c\u00e1mara solar 4g"},{"@type":"BreadcrumbList","@id":"https:\/\/bokysee.com\/es\/products\/wifi-4g-ptz-camera-ip66-de-exterior-con-panel-solar-de-bajo-consumo-de-potencia\/#breadcrumb","itemListElement":[{"@type":"ListItem","position":1,"name":"Home","item":"https:\/\/bokysee.com\/"},{"@type":"ListItem","position":2,"name":"Products","item":"https:\/\/bokysee.com\/products\/"},{"@type":"ListItem","position":3,"name":"Al aire libre IP66 Solar Powered Bater\u00eda WiFi 4G PTZ C\u00e1mara con panel solar de bajo consumo de energ\u00eda"}]},{"@type":"WebSite","@id":"https:\/\/bokysee.com\/#website","url":"https:\/\/bokysee.com\/","name":"Bokysee Technology Co.,LTD","description":"Professional Smart Indoor and Outdoor Security Cameras Solution Supplier","potentialAction":[{"@type":"SearchAction","target":{"@type":"EntryPoint","urlTemplate":"https:\/\/bokysee.com\/?s={search_term_string}"},"query-input":{"@type":"PropertyValueSpecification","valueRequired":true,"valueName":"search_term_string"}}],"inLanguage":"es"}]}},"_links":{"self":[{"href":"https:\/\/bokysee.com\/es\/wp-json\/wp\/v2\/product\/3268","targetHints":{"allow":["GET"]}}],"collection":[{"href":"https:\/\/bokysee.com\/es\/wp-json\/wp\/v2\/product"}],"about":[{"href":"https:\/\/bokysee.com\/es\/wp-json\/wp\/v2\/types\/product"}],"version-history":[{"count":0,"href":"https:\/\/bokysee.com\/es\/wp-json\/wp\/v2\/product\/3268\/revisions"}],"wp:featuredmedia":[{"embeddable":true,"href":"https:\/\/bokysee.com\/es\/wp-json\/wp\/v2\/media\/2764"}],"wp:attachment":[{"href":"https:\/\/bokysee.com\/es\/wp-json\/wp\/v2\/media?parent=3268"}],"wp:term":[{"taxonomy":"product_brand","embeddable":true,"href":"https:\/\/bokysee.com\/es\/wp-json\/wp\/v2\/product_brand?post=3268"},{"taxonomy":"product_cat","embeddable":true,"href":"https:\/\/bokysee.com\/es\/wp-json\/wp\/v2\/product_cat?post=3268"},{"taxonomy":"product_tag","embeddable":true,"href":"https:\/\/bokysee.com\/es\/wp-json\/wp\/v2\/product_tag?post=3268"}],"curies":[{"name":"wp","href":"https:\/\/api.w.org\/{rel}","templated":true}]}}