{"id":3266,"date":"2023-04-14T07:12:28","date_gmt":"2023-04-13T23:12:28","guid":{"rendered":"https:\/\/bokysee.com\/products\/venta-al-por-mayor-barato-al-aire-libre-4g-solar-powered-camara-con-sensor-de-movimiento-wifi-tarjeta-sd-wifi-cctv-ptz-camara-solar\/"},"modified":"2023-06-12T16:10:43","modified_gmt":"2023-06-12T08:10:43","slug":"mayorista-barato-camara-exterior-4g-alimentada-solar-con-sensor-de-movimiento-wifi-tarjeta-sd-cctv-ptz-camara-solar","status":"publish","type":"product","link":"https:\/\/bokysee.com\/es\/products\/mayorista-barato-camara-exterior-4g-alimentada-solar-con-sensor-de-movimiento-wifi-tarjeta-sd-cctv-ptz-camara-solar\/","title":{"rendered":"Venta al por mayor barato al aire libre 4G Solar Powered C\u00e1mara con Sensor de Movimiento WiFi Tarjeta SD WIFI CCTV PTZ C\u00e1mara Solar"},"content":{"rendered":"<p><strong>Venta al por mayor barato al aire libre 4G Solar Powered C\u00e1mara con Sensor de Movimiento WiFi Tarjeta SD WIFI CCTV PTZ C\u00e1mara Solar:<\/strong><\/p>\n<p>1. C\u00e1mara solar PTZ de 4MP<br \/>\n2. Bater\u00eda integrada en la c\u00e1mara<br \/>\n3. Soporte PIR detecci\u00f3n de cuerpo humano, luz dual inteligente alarma de reconocimiento de forma humana.<br \/>\n4. Soporta visi\u00f3n nocturna IR<br \/>\n5. Visi\u00f3n diurna 30M y nocturna a todo color<br \/>\n6. Soporta detecci\u00f3n PIR y despertador de tel\u00e9fono m\u00f3vil<br \/>\n7. Admite audio bidireccional<br \/>\n8. Soporte de detecci\u00f3n de movimiento PIR, empuje de alarma al tel\u00e9fono m\u00f3vil.<br \/>\n9. Soporte de almacenamiento en la nube y tarjeta TF<br \/>\n10. Impermeable IP66<\/p>\n<table style=\"border-collapse: collapse; width: 657.02pt;\" border=\"0\" width=\"876\" cellspacing=\"0\" cellpadding=\"0\">\n<tbody>\n<tr style=\"height: 25.00pt;\">\n<td class=\"et3\" style=\"height: 25.00pt; width: 121.65pt;\" width=\"162\" height=\"33\">Modelo<\/td>\n<td class=\"et4\" style=\"width: 535.50pt; border-right: 1.0pt solid #000000;\" colspan=\"2\" width=\"714\">BK-LXS03P4MW<\/td>\n<\/tr>\n<tr style=\"height: 25.00pt;\">\n<td class=\"et6\" style=\"height: 25.00pt; width: 121.65pt;\" width=\"162\" height=\"33\">director de control<\/td>\n<td class=\"et7\" style=\"border-right: 1.0pt solid #000000;\" colspan=\"2\">DSP de 32 bits y doble n\u00facleo (GK7202V200)<\/td>\n<\/tr>\n<tr style=\"height: 25.00pt;\">\n<td class=\"et6\" style=\"height: 25.00pt; width: 121.65pt;\" width=\"162\" height=\"33\">sensor<\/td>\n<td class=\"et7\" style=\"border-right: 1.0pt solid #000000;\" colspan=\"2\">Sensor CMOS de alto rendimiento y baja iluminaci\u00f3n<\/td>\n<\/tr>\n<tr style=\"height: 25.00pt;\">\n<td class=\"et6\" style=\"height: 25.00pt; width: 121.65pt;\" width=\"162\" height=\"33\">Iluminaci\u00f3n m\u00ednima<\/td>\n<td class=\"et9\" style=\"width: 535.50pt; border-right: 1.0pt solid #000000;\" colspan=\"2\" width=\"714\">Color: 0,01 lux<span class=\"font1\">@<\/span>(<span class=\"font1\">F1.2, AGC activado); 0 Lux con IR;<br \/>\nBlanco y negro:0.001 Lux @ (F1.2,AGC ON),0 Lux con IR<\/span><\/td>\n<\/tr>\n<tr style=\"height: 25.00pt;\">\n<td class=\"et6\" style=\"height: 25.00pt; width: 121.65pt;\" width=\"162\" height=\"33\">obturador<\/td>\n<td class=\"et11\" colspan=\"2\">1\/50 (1\/60) segundos a 1\/10000 segundos<\/td>\n<\/tr>\n<tr style=\"height: 25.00pt;\">\n<td class=\"et13\" style=\"height: 25.00pt; width: 121.65pt;\" width=\"162\" height=\"33\">distancia focal<\/td>\n<td class=\"et14\" style=\"border-right: 1.0pt solid #000000;\" colspan=\"2\">F1.4*3.6MM<\/td>\n<\/tr>\n<tr style=\"height: 25.00pt;\">\n<td class=\"et6\" style=\"height: 25.00pt; width: 121.65pt;\" width=\"162\" height=\"33\">reducci\u00f3n del ruido<\/td>\n<td class=\"et16\" colspan=\"2\">Reducci\u00f3n de ruido port\u00e1til 2D\/3D<\/td>\n<\/tr>\n<tr style=\"height: 25.00pt;\">\n<td class=\"et6\" style=\"height: 25.00pt; width: 121.65pt;\" width=\"162\" height=\"33\">Formato de v\u00eddeo<\/td>\n<td class=\"et18\" colspan=\"2\">H.265AI<\/td>\n<\/tr>\n<tr style=\"height: 25.00pt;\">\n<td class=\"et6\" style=\"height: 25.00pt; width: 121.65pt;\" width=\"162\" height=\"33\">poder de resoluci\u00f3n<\/td>\n<td class=\"et14\" style=\"border-right: 1.0pt solid #000000;\" colspan=\"2\">Flujo de c\u00f3digo principal: 2560 * 1440; Flujo secundario: 800 * 448<\/td>\n<\/tr>\n<tr style=\"height: 25.00pt;\">\n<td class=\"et6\" style=\"height: 25.00pt; width: 121.65pt;\" width=\"162\" height=\"33\">Frecuencia de imagen<\/td>\n<td class=\"et20\" style=\"border-right: 1.0pt solid #000000;\" colspan=\"2\">12 fps<\/td>\n<\/tr>\n<tr style=\"height: 25.00pt;\">\n<td class=\"et6\" style=\"height: 25.00pt; width: 121.65pt;\" width=\"162\" height=\"33\">Detecci\u00f3n PIR<\/td>\n<td class=\"et22\" colspan=\"2\">Admite detecci\u00f3n humana PIR<\/td>\n<\/tr>\n<tr style=\"height: 25.00pt;\">\n<td class=\"et6\" style=\"height: 25.00pt; width: 121.65pt;\" width=\"162\" height=\"33\">modo reposo<\/td>\n<td class=\"et24\" style=\"border-right: 1.0pt solid #000000;\" colspan=\"2\">Sostengo<\/td>\n<\/tr>\n<tr style=\"height: 25.00pt;\">\n<td class=\"et6\" style=\"height: 25.00pt; width: 121.65pt;\" width=\"162\" height=\"33\">fuente luminosa<\/td>\n<td class=\"et24\" style=\"border-right: 1.0pt solid #000000;\" colspan=\"2\">4 Uds infrarrojos + 4 Uds LED de luz blanca<\/td>\n<\/tr>\n<tr style=\"height: 25.00pt;\">\n<td class=\"et6\" style=\"height: 25.00pt; width: 121.65pt;\" width=\"162\" height=\"33\">Modo luz<\/td>\n<td class=\"et22\" colspan=\"2\">Visi\u00f3n nocturna Starlight a todo color\/por infrarrojos<\/td>\n<\/tr>\n<tr style=\"height: 25.00pt;\">\n<td class=\"et6\" style=\"height: 25.00pt; width: 121.65pt;\" width=\"162\" height=\"33\">Voz bidireccional<\/td>\n<td class=\"et16\" colspan=\"2\">Sostengo<\/td>\n<\/tr>\n<tr style=\"height: 25.00pt;\">\n<td class=\"et6\" style=\"height: 25.00pt; width: 121.65pt;\" width=\"162\" height=\"33\">Almacenamiento en la nube<\/td>\n<td class=\"et22\" colspan=\"2\">Sostengo<\/td>\n<\/tr>\n<tr style=\"height: 25.00pt;\">\n<td class=\"et6\" style=\"height: 25.00pt; width: 121.65pt;\" width=\"162\" height=\"33\">Acuerdo de apoyo<\/td>\n<td class=\"et26\" style=\"width: 535.50pt;\" colspan=\"2\" width=\"714\">Admitir el protocolo NETIP<\/td>\n<\/tr>\n<tr style=\"height: 25.00pt;\">\n<td class=\"et6\" style=\"height: 25.00pt; width: 121.65pt;\" width=\"162\" height=\"33\">interfaz de red<\/td>\n<td class=\"et22\" colspan=\"2\">No lo apoyar\u00e9<\/td>\n<\/tr>\n<tr style=\"height: 25.00pt;\">\n<td class=\"et6\" style=\"height: 25.00pt; width: 121.65pt;\" width=\"162\" height=\"33\">Interfaz de almacenamiento<\/td>\n<td class=\"et22\" colspan=\"2\">Tarjeta TF local (hasta 256G)<\/td>\n<\/tr>\n<tr style=\"height: 25.00pt;\">\n<td class=\"et6\" style=\"height: 25.00pt; width: 121.65pt;\" width=\"162\" height=\"33\">Interfaz de la tecla Reset<\/td>\n<td class=\"et24\" style=\"border-right: 1.0pt solid #000000;\" colspan=\"2\">Recuperaci\u00f3n con un solo clic<\/td>\n<\/tr>\n<tr style=\"height: 25.00pt;\">\n<td class=\"et6\" style=\"height: 25.00pt; width: 121.65pt;\" width=\"162\" height=\"33\">Norma inal\u00e1mbrica<\/td>\n<td class=\"et22\" colspan=\"2\">IEEE802.11b, 802.11g, 802.11n<\/td>\n<\/tr>\n<tr style=\"height: 25.00pt;\">\n<td class=\"et6\" style=\"height: 25.00pt; width: 121.65pt;\" width=\"162\" height=\"33\">gama de frecuencias<\/td>\n<td class=\"et22\" colspan=\"2\">2,4 GHz ~ 2,4835 GHz<\/td>\n<\/tr>\n<tr style=\"height: 25.00pt;\">\n<td class=\"et6\" style=\"height: 25.00pt; width: 121.65pt;\" width=\"162\" height=\"33\">Capacidad de la bater\u00eda<\/td>\n<td class=\"et22\" colspan=\"2\">7800 mA<\/td>\n<\/tr>\n<tr style=\"height: 25.00pt;\">\n<td class=\"et6\" style=\"height: 25.00pt; width: 121.65pt;\" width=\"162\" height=\"33\">Tama\u00f1o del producto<\/td>\n<td class=\"et22\" colspan=\"2\"><\/td>\n<\/tr>\n<tr style=\"height: 25.00pt;\">\n<td class=\"et6\" style=\"height: 25.00pt; width: 121.65pt;\" width=\"162\" height=\"33\">Tama\u00f1o de la caja de color<\/td>\n<td class=\"et22\" colspan=\"2\">205*190*120MM<\/td>\n<\/tr>\n<tr style=\"height: 25.00pt;\">\n<td class=\"et6\" style=\"height: 25.00pt; width: 121.65pt;\" width=\"162\" height=\"33\">temperatura<\/td>\n<td class=\"et22\" colspan=\"2\">Cero 10\u00b0C -60\u00b0C, humedad inferior al 90% [sin condensaci\u00f3n]<\/td>\n<\/tr>\n<tr style=\"height: 25.00pt;\">\n<td class=\"et6\" style=\"height: 25.00pt; width: 121.65pt;\" width=\"162\" height=\"33\">fuente<\/td>\n<td class=\"et22\" colspan=\"2\">corriente continua <span class=\"font3\">5 V\u3010tipo C\u3011<\/span><\/td>\n<\/tr>\n<tr style=\"height: 25.00pt;\">\n<td class=\"et6\" style=\"height: 25.00pt; width: 121.65pt;\" width=\"162\" height=\"33\">peso<\/td>\n<td class=\"et28\" colspan=\"2\">Peso neto: 0,465kg peso bruto [con bater\u00eda]: 1,056kg (Nota: producto real)<\/td>\n<\/tr>\n<\/tbody>\n<\/table>","protected":false},"excerpt":{"rendered":"<p>C\u00e1mara Domo Solar de Bater\u00eda para Exteriores:<br \/>\n* C\u00e1mara PTZ para exteriores IP66, bajo consumo de energ\u00eda<br \/>\n* Bater\u00eda recargable integrada de 7800 mA, m\u00e1x. 180 d\u00edas.<br \/>\n* Panel solar recargable de 3,7 W con una longitud de 3 m (10 pies)<br \/>\n* LED: 4 Uds. Infrarrojos + 4 Uds. LED de luz blanca, Distancia IR: 20m.<br \/>\n* PTZ: giro de 355\u00b0, inclinaci\u00f3n de 90\u00b0<br \/>\n* Sensor PIR: 10 metros (32Ft.) de alcance de detecci\u00f3n de 100 grados<br \/>\n* App Hotspot: Soporte, Permitir el acceso sin internet<br \/>\n* Soporta WiFi (2,4 GHz), servicio gratuito P2P en la nube, alarma push al m\u00f3vil v\u00eda APP<br \/>\n* Soporta audio bidireccional en tiempo real y detecci\u00f3n de movimiento Ai<br \/>\n* Tiempo de trabajo: unos 3 meses sobre la base de 10 eventos activados al d\u00eda.<br \/>\n* Soporte para Amazon Alex\/Echo Show<br \/>\n* Soporta visualizaci\u00f3n remota por tel\u00e9fono inteligente (IOS, Android) en cualquier lugar<br \/>\n* Soporte de almacenamiento en la nube y m\u00e1ximo 128Gb de almacenamiento en tarjeta TF (Excluido)<\/p>","protected":false},"featured_media":2768,"template":"","meta":[],"product_brand":[],"product_cat":[],"product_tag":[396,398,397],"class_list":{"0":"post-3266","1":"product","2":"type-product","3":"status-publish","4":"has-post-thumbnail","6":"product_tag-camara-solar-4g","7":"product_tag-camara-solar-4g-para-exteriores","8":"product_tag-camara-solar-con-wifi","10":"first","11":"instock","12":"shipping-taxable","13":"product-type-simple"},"acf":[],"yoast_head":"<!-- This site is optimized with the Yoast SEO Premium plugin v20.2.1 (Yoast SEO v26.1.1) - https:\/\/yoast.com\/wordpress\/plugins\/seo\/ -->\n<title>Venta al por mayor barato al aire libre 4G Solar Powered C\u00e1mara con Sensor de Movimiento WiFi Tarjeta SD WIFI CCTV PTZ C\u00e1mara Solar - Bokysee Technology Co.,LTD<\/title>\n<meta name=\"description\" content=\"Venta al por mayor barato al aire libre 4G C\u00e1mara Solar WiFi Sensor de Movimiento Tarjeta SD IP66 Impermeable Vigilancia WIFI CCTV PTZ C\u00e1mara Solar\" \/>\n<meta name=\"robots\" content=\"index, follow, max-snippet:-1, max-image-preview:large, max-video-preview:-1\" \/>\n<link rel=\"canonical\" href=\"https:\/\/bokysee.com\/es\/products\/mayorista-barato-camara-exterior-4g-alimentada-solar-con-sensor-de-movimiento-wifi-tarjeta-sd-cctv-ptz-camara-solar\/\" \/>\n<meta property=\"og:locale\" content=\"es_ES\" \/>\n<meta property=\"og:type\" content=\"article\" \/>\n<meta property=\"og:title\" content=\"Venta al por mayor barato al aire libre 4G Solar Powered C\u00e1mara con Sensor de Movimiento WiFi Tarjeta SD WIFI CCTV PTZ C\u00e1mara Solar\" \/>\n<meta property=\"og:description\" content=\"Venta al por mayor barato al aire libre 4G C\u00e1mara Solar WiFi Sensor de Movimiento Tarjeta SD IP66 Impermeable Vigilancia WIFI CCTV PTZ C\u00e1mara Solar\" \/>\n<meta property=\"og:url\" content=\"https:\/\/bokysee.com\/es\/products\/mayorista-barato-camara-exterior-4g-alimentada-solar-con-sensor-de-movimiento-wifi-tarjeta-sd-cctv-ptz-camara-solar\/\" \/>\n<meta property=\"og:site_name\" content=\"Bokysee Technology Co.,LTD\" \/>\n<meta property=\"article:modified_time\" content=\"2023-06-12T08:10:43+00:00\" \/>\n<meta property=\"og:image\" content=\"https:\/\/bokysee.com\/wp-content\/uploads\/2023\/04\/BK-LXS05P-1.jpg\" \/>\n\t<meta property=\"og:image:width\" content=\"800\" \/>\n\t<meta property=\"og:image:height\" content=\"800\" \/>\n\t<meta property=\"og:image:type\" content=\"image\/jpeg\" \/>\n<meta name=\"twitter:card\" content=\"summary_large_image\" \/>\n<meta name=\"twitter:label1\" content=\"Tiempo de lectura\" \/>\n\t<meta name=\"twitter:data1\" content=\"2 minutos\" \/>\n<script type=\"application\/ld+json\" class=\"yoast-schema-graph\">{\"@context\":\"https:\/\/schema.org\",\"@graph\":[{\"@type\":\"WebPage\",\"@id\":\"https:\/\/bokysee.com\/es\/products\/mayorista-barato-camara-exterior-4g-alimentada-solar-con-sensor-de-movimiento-wifi-tarjeta-sd-cctv-ptz-camara-solar\/\",\"url\":\"https:\/\/bokysee.com\/es\/products\/mayorista-barato-camara-exterior-4g-alimentada-solar-con-sensor-de-movimiento-wifi-tarjeta-sd-cctv-ptz-camara-solar\/\",\"name\":\"Venta al por mayor barato al aire libre 4G Solar Powered C\u00e1mara con Sensor de Movimiento WiFi Tarjeta SD WIFI CCTV PTZ C\u00e1mara Solar - Bokysee Technology Co.,LTD\",\"isPartOf\":{\"@id\":\"https:\/\/bokysee.com\/#website\"},\"primaryImageOfPage\":{\"@id\":\"https:\/\/bokysee.com\/es\/products\/mayorista-barato-camara-exterior-4g-alimentada-solar-con-sensor-de-movimiento-wifi-tarjeta-sd-cctv-ptz-camara-solar\/#primaryimage\"},\"image\":{\"@id\":\"https:\/\/bokysee.com\/es\/products\/mayorista-barato-camara-exterior-4g-alimentada-solar-con-sensor-de-movimiento-wifi-tarjeta-sd-cctv-ptz-camara-solar\/#primaryimage\"},\"thumbnailUrl\":\"https:\/\/bokysee.com\/wp-content\/uploads\/2023\/04\/BK-LXS05P-1.jpg\",\"datePublished\":\"2023-04-13T23:12:28+00:00\",\"dateModified\":\"2023-06-12T08:10:43+00:00\",\"description\":\"Venta al por mayor barato al aire libre 4G C\u00e1mara Solar WiFi Sensor de Movimiento Tarjeta SD IP66 Impermeable Vigilancia WIFI CCTV PTZ C\u00e1mara Solar\",\"breadcrumb\":{\"@id\":\"https:\/\/bokysee.com\/es\/products\/mayorista-barato-camara-exterior-4g-alimentada-solar-con-sensor-de-movimiento-wifi-tarjeta-sd-cctv-ptz-camara-solar\/#breadcrumb\"},\"inLanguage\":\"es\",\"potentialAction\":[{\"@type\":\"ReadAction\",\"target\":[\"https:\/\/bokysee.com\/es\/products\/mayorista-barato-camara-exterior-4g-alimentada-solar-con-sensor-de-movimiento-wifi-tarjeta-sd-cctv-ptz-camara-solar\/\"]}]},{\"@type\":\"ImageObject\",\"inLanguage\":\"es\",\"@id\":\"https:\/\/bokysee.com\/es\/products\/mayorista-barato-camara-exterior-4g-alimentada-solar-con-sensor-de-movimiento-wifi-tarjeta-sd-cctv-ptz-camara-solar\/#primaryimage\",\"url\":\"https:\/\/bokysee.com\/wp-content\/uploads\/2023\/04\/BK-LXS05P-1.jpg\",\"contentUrl\":\"https:\/\/bokysee.com\/wp-content\/uploads\/2023\/04\/BK-LXS05P-1.jpg\",\"width\":800,\"height\":800,\"caption\":\"c\u00e1mara solar 4g\"},{\"@type\":\"BreadcrumbList\",\"@id\":\"https:\/\/bokysee.com\/es\/products\/mayorista-barato-camara-exterior-4g-alimentada-solar-con-sensor-de-movimiento-wifi-tarjeta-sd-cctv-ptz-camara-solar\/#breadcrumb\",\"itemListElement\":[{\"@type\":\"ListItem\",\"position\":1,\"name\":\"Home\",\"item\":\"https:\/\/bokysee.com\/\"},{\"@type\":\"ListItem\",\"position\":2,\"name\":\"Products\",\"item\":\"https:\/\/bokysee.com\/products\/\"},{\"@type\":\"ListItem\",\"position\":3,\"name\":\"Venta al por mayor barato al aire libre 4G Solar Powered C\u00e1mara con Sensor de Movimiento WiFi Tarjeta SD WIFI CCTV PTZ C\u00e1mara Solar\"}]},{\"@type\":\"WebSite\",\"@id\":\"https:\/\/bokysee.com\/#website\",\"url\":\"https:\/\/bokysee.com\/\",\"name\":\"Bokysee Technology Co.,LTD\",\"description\":\"Professional Smart Indoor and Outdoor Security Cameras Solution Supplier\",\"potentialAction\":[{\"@type\":\"SearchAction\",\"target\":{\"@type\":\"EntryPoint\",\"urlTemplate\":\"https:\/\/bokysee.com\/?s={search_term_string}\"},\"query-input\":{\"@type\":\"PropertyValueSpecification\",\"valueRequired\":true,\"valueName\":\"search_term_string\"}}],\"inLanguage\":\"es\"}]}<\/script>\n<!-- \/ Yoast SEO Premium plugin. -->","yoast_head_json":{"title":"Venta al por mayor barato al aire libre 4G Solar Powered C\u00e1mara con Sensor de Movimiento WiFi Tarjeta SD WIFI CCTV PTZ C\u00e1mara Solar - Bokysee Technology Co.,LTD","description":"Venta al por mayor barato al aire libre 4G C\u00e1mara Solar WiFi Sensor de Movimiento Tarjeta SD IP66 Impermeable Vigilancia WIFI CCTV PTZ C\u00e1mara Solar","robots":{"index":"index","follow":"follow","max-snippet":"max-snippet:-1","max-image-preview":"max-image-preview:large","max-video-preview":"max-video-preview:-1"},"canonical":"https:\/\/bokysee.com\/es\/products\/mayorista-barato-camara-exterior-4g-alimentada-solar-con-sensor-de-movimiento-wifi-tarjeta-sd-cctv-ptz-camara-solar\/","og_locale":"es_ES","og_type":"article","og_title":"Venta al por mayor barato al aire libre 4G Solar Powered C\u00e1mara con Sensor de Movimiento WiFi Tarjeta SD WIFI CCTV PTZ C\u00e1mara Solar","og_description":"Venta al por mayor barato al aire libre 4G C\u00e1mara Solar WiFi Sensor de Movimiento Tarjeta SD IP66 Impermeable Vigilancia WIFI CCTV PTZ C\u00e1mara Solar","og_url":"https:\/\/bokysee.com\/es\/products\/mayorista-barato-camara-exterior-4g-alimentada-solar-con-sensor-de-movimiento-wifi-tarjeta-sd-cctv-ptz-camara-solar\/","og_site_name":"Bokysee Technology Co.,LTD","article_modified_time":"2023-06-12T08:10:43+00:00","og_image":[{"width":800,"height":800,"url":"https:\/\/bokysee.com\/wp-content\/uploads\/2023\/04\/BK-LXS05P-1.jpg","type":"image\/jpeg"}],"twitter_card":"summary_large_image","twitter_misc":{"Tiempo de lectura":"2 minutos"},"schema":{"@context":"https:\/\/schema.org","@graph":[{"@type":"WebPage","@id":"https:\/\/bokysee.com\/es\/products\/mayorista-barato-camara-exterior-4g-alimentada-solar-con-sensor-de-movimiento-wifi-tarjeta-sd-cctv-ptz-camara-solar\/","url":"https:\/\/bokysee.com\/es\/products\/mayorista-barato-camara-exterior-4g-alimentada-solar-con-sensor-de-movimiento-wifi-tarjeta-sd-cctv-ptz-camara-solar\/","name":"Venta al por mayor barato al aire libre 4G Solar Powered C\u00e1mara con Sensor de Movimiento WiFi Tarjeta SD WIFI CCTV PTZ C\u00e1mara Solar - Bokysee Technology Co.,LTD","isPartOf":{"@id":"https:\/\/bokysee.com\/#website"},"primaryImageOfPage":{"@id":"https:\/\/bokysee.com\/es\/products\/mayorista-barato-camara-exterior-4g-alimentada-solar-con-sensor-de-movimiento-wifi-tarjeta-sd-cctv-ptz-camara-solar\/#primaryimage"},"image":{"@id":"https:\/\/bokysee.com\/es\/products\/mayorista-barato-camara-exterior-4g-alimentada-solar-con-sensor-de-movimiento-wifi-tarjeta-sd-cctv-ptz-camara-solar\/#primaryimage"},"thumbnailUrl":"https:\/\/bokysee.com\/wp-content\/uploads\/2023\/04\/BK-LXS05P-1.jpg","datePublished":"2023-04-13T23:12:28+00:00","dateModified":"2023-06-12T08:10:43+00:00","description":"Venta al por mayor barato al aire libre 4G C\u00e1mara Solar WiFi Sensor de Movimiento Tarjeta SD IP66 Impermeable Vigilancia WIFI CCTV PTZ C\u00e1mara Solar","breadcrumb":{"@id":"https:\/\/bokysee.com\/es\/products\/mayorista-barato-camara-exterior-4g-alimentada-solar-con-sensor-de-movimiento-wifi-tarjeta-sd-cctv-ptz-camara-solar\/#breadcrumb"},"inLanguage":"es","potentialAction":[{"@type":"ReadAction","target":["https:\/\/bokysee.com\/es\/products\/mayorista-barato-camara-exterior-4g-alimentada-solar-con-sensor-de-movimiento-wifi-tarjeta-sd-cctv-ptz-camara-solar\/"]}]},{"@type":"ImageObject","inLanguage":"es","@id":"https:\/\/bokysee.com\/es\/products\/mayorista-barato-camara-exterior-4g-alimentada-solar-con-sensor-de-movimiento-wifi-tarjeta-sd-cctv-ptz-camara-solar\/#primaryimage","url":"https:\/\/bokysee.com\/wp-content\/uploads\/2023\/04\/BK-LXS05P-1.jpg","contentUrl":"https:\/\/bokysee.com\/wp-content\/uploads\/2023\/04\/BK-LXS05P-1.jpg","width":800,"height":800,"caption":"c\u00e1mara solar 4g"},{"@type":"BreadcrumbList","@id":"https:\/\/bokysee.com\/es\/products\/mayorista-barato-camara-exterior-4g-alimentada-solar-con-sensor-de-movimiento-wifi-tarjeta-sd-cctv-ptz-camara-solar\/#breadcrumb","itemListElement":[{"@type":"ListItem","position":1,"name":"Home","item":"https:\/\/bokysee.com\/"},{"@type":"ListItem","position":2,"name":"Products","item":"https:\/\/bokysee.com\/products\/"},{"@type":"ListItem","position":3,"name":"Venta al por mayor barato al aire libre 4G Solar Powered C\u00e1mara con Sensor de Movimiento WiFi Tarjeta SD WIFI CCTV PTZ C\u00e1mara Solar"}]},{"@type":"WebSite","@id":"https:\/\/bokysee.com\/#website","url":"https:\/\/bokysee.com\/","name":"Bokysee Technology Co.,LTD","description":"Professional Smart Indoor and Outdoor Security Cameras Solution Supplier","potentialAction":[{"@type":"SearchAction","target":{"@type":"EntryPoint","urlTemplate":"https:\/\/bokysee.com\/?s={search_term_string}"},"query-input":{"@type":"PropertyValueSpecification","valueRequired":true,"valueName":"search_term_string"}}],"inLanguage":"es"}]}},"_links":{"self":[{"href":"https:\/\/bokysee.com\/es\/wp-json\/wp\/v2\/product\/3266","targetHints":{"allow":["GET"]}}],"collection":[{"href":"https:\/\/bokysee.com\/es\/wp-json\/wp\/v2\/product"}],"about":[{"href":"https:\/\/bokysee.com\/es\/wp-json\/wp\/v2\/types\/product"}],"version-history":[{"count":0,"href":"https:\/\/bokysee.com\/es\/wp-json\/wp\/v2\/product\/3266\/revisions"}],"wp:featuredmedia":[{"embeddable":true,"href":"https:\/\/bokysee.com\/es\/wp-json\/wp\/v2\/media\/2768"}],"wp:attachment":[{"href":"https:\/\/bokysee.com\/es\/wp-json\/wp\/v2\/media?parent=3266"}],"wp:term":[{"taxonomy":"product_brand","embeddable":true,"href":"https:\/\/bokysee.com\/es\/wp-json\/wp\/v2\/product_brand?post=3266"},{"taxonomy":"product_cat","embeddable":true,"href":"https:\/\/bokysee.com\/es\/wp-json\/wp\/v2\/product_cat?post=3266"},{"taxonomy":"product_tag","embeddable":true,"href":"https:\/\/bokysee.com\/es\/wp-json\/wp\/v2\/product_tag?post=3266"}],"curies":[{"name":"wp","href":"https:\/\/api.w.org\/{rel}","templated":true}]}}