{"id":3255,"date":"2023-05-18T08:28:48","date_gmt":"2023-05-18T00:28:48","guid":{"rendered":"https:\/\/bokysee.com\/products\/mayorista-cctv-camaras-de-vigilancia-de-seguridad-para-el-hogar-ptz-camaras-de-red-inalambricas-para-exterior\/"},"modified":"2023-05-18T08:28:48","modified_gmt":"2023-05-18T00:28:48","slug":"mayorista-cctv-camaras-seguridad-domestica-vigilancia-ptz-camaras-de-red-inalambricas-para-exterior","status":"publish","type":"product","link":"https:\/\/bokysee.com\/es\/products\/mayorista-cctv-camaras-seguridad-domestica-vigilancia-ptz-camaras-de-red-inalambricas-para-exterior\/","title":{"rendered":"Mayorista CCTV C\u00e1maras de vigilancia de seguridad para el hogar PTZ C\u00e1maras de red inal\u00e1mbricas para exterior"},"content":{"rendered":"<p>C\u00e1mara de seguridad al aire libre, c\u00e1mara WiFi, seguimiento autom\u00e1tico y alarma de luz, reflector y visi\u00f3n nocturna en color, vista de 360\u00b0, audio bidireccional, detecci\u00f3n de movimiento, sistema de c\u00e1mara inal\u00e1mbrico compatible. La c\u00e1mara de seguridad interior\/exterior para la seguridad del hogar es completamente 100% inal\u00e1mbrica, s\u00f3lo tiene que instalar el soporte a la pared y fijar la c\u00e1mara en el soporte, a continuaci\u00f3n, la instalaci\u00f3n terminada. Nivel de sensibilidad para minimizar las falsas alarmas. Planes de servicio en la nube encriptada o tarjeta Micro SD. (max 128GB)).Elija uno de ellos para las grabaciones y la reproducci\u00f3n de su c\u00e1mara de v\u00eddeo. Puede descargar y compartir sus v\u00eddeos en cualquier momento. Las c\u00e1maras de seguridad inal\u00e1mbricas al aire libre pueden establecer planes de alarma de detecci\u00f3n de movimiento a trav\u00e9s de la APP.<\/p>\n<table width=\"817\">\n<tbody>\n<tr>\n<td width=\"131\">Modelo<\/td>\n<td width=\"281\">BK-PT06D2M<\/td>\n<td width=\"405\">BK-PT06D2K<\/td>\n<\/tr>\n<tr>\n<td width=\"131\">director de control<\/td>\n<td width=\"281\">DSP de doble n\u00facleo y 32 bits (XM530V200\uff09<\/td>\n<td>DSP de 32 bits y doble n\u00facleo (GK7205V210)<\/td>\n<\/tr>\n<tr>\n<td width=\"131\">sensor<\/td>\n<td>Sensor CMOS de alto rendimiento de 2 millones de 1\/2,8 pulgadas<\/td>\n<td>Sensor CMOS de alto rendimiento<\/td>\n<\/tr>\n<tr>\n<td width=\"131\">Iluminaci\u00f3n m\u00ednima<\/td>\n<td colspan=\"2\" width=\"686\">Color: 0,01 Lux a (F1.2, AGC activado); 0 Lux con IR;<br \/>\nblanco y negro\uff1a0,001 Lux @ (F1.2,AGC ON),0 Lux con IR<\/td>\n<\/tr>\n<tr>\n<td width=\"131\">obturador<\/td>\n<td colspan=\"2\">1\/50 (1\/60) segundos a 1\/10000 segundos<\/td>\n<\/tr>\n<tr>\n<td width=\"131\">distancia focal<\/td>\n<td>F2.0*3.6MM<\/td>\n<td>F2.0*3.6MM<\/td>\n<\/tr>\n<tr>\n<td width=\"131\">reducci\u00f3n del ruido<\/td>\n<td colspan=\"2\">Soporte 2D\/3D<\/td>\n<\/tr>\n<tr>\n<td width=\"131\">Formato de v\u00eddeo<\/td>\n<td colspan=\"2\">H.265AI<\/td>\n<\/tr>\n<tr>\n<td width=\"131\">poder de resoluci\u00f3n<\/td>\n<td>Flujo de c\u00f3digo principal: 1920 * 1080; Flujo secundario: 800 * 448<\/td>\n<td>Flujo de c\u00f3digo principal: 2560 * 1440; Flujo secundario: 800 * 448<\/td>\n<\/tr>\n<tr>\n<td width=\"131\">Frecuencia de imagen<\/td>\n<td colspan=\"2\" width=\"686\">12 fps<\/td>\n<\/tr>\n<tr>\n<td width=\"131\">An\u00e1lisis inteligente<\/td>\n<td colspan=\"2\" width=\"686\">Detecci\u00f3n de la forma humana<\/td>\n<\/tr>\n<tr>\n<td width=\"131\">Funci\u00f3n de seguimiento<\/td>\n<td colspan=\"2\" width=\"686\">Seguimiento con zoom de la forma humana<\/td>\n<\/tr>\n<tr>\n<td width=\"131\">fuente luminosa<\/td>\n<td colspan=\"2\" width=\"686\">6 luces blancas + 2 LED Array<\/td>\n<\/tr>\n<tr>\n<td width=\"131\">Modo luz<\/td>\n<td colspan=\"2\" width=\"686\">Starlight a todo color\/visi\u00f3n nocturna por infrarrojos\/aviso de doble luz<\/td>\n<\/tr>\n<tr>\n<td width=\"131\">Voz bidireccional<\/td>\n<td colspan=\"2\">Sostengo<\/td>\n<\/tr>\n<tr>\n<td width=\"131\">Almacenamiento en la nube<\/td>\n<td colspan=\"2\">Sostengo<\/td>\n<\/tr>\n<tr>\n<td width=\"131\">Acuerdo de apoyo<\/td>\n<td colspan=\"2\" width=\"686\">Soporta los protocolos NETIP y onvif.<\/td>\n<\/tr>\n<tr>\n<td width=\"131\">interfaz de red<\/td>\n<td colspan=\"2\">Puerto Ethernet adaptable 10M\/100M<\/td>\n<\/tr>\n<tr>\n<td width=\"131\">Interfaz de almacenamiento<\/td>\n<td colspan=\"2\">Tarjeta TF local (hasta 256G)<\/td>\n<\/tr>\n<tr>\n<td width=\"131\">Interfaz de la tecla Reset<\/td>\n<td colspan=\"2\">Recuperaci\u00f3n con un solo clic<\/td>\n<\/tr>\n<tr>\n<td width=\"131\">Norma inal\u00e1mbrica<\/td>\n<td colspan=\"2\">IEEE802.11b, 802.11g, 802.11n<\/td>\n<\/tr>\n<tr>\n<td width=\"131\">gama de frecuencias<\/td>\n<td colspan=\"2\">2,4 GHz ~ 2,4835 GHz<\/td>\n<\/tr>\n<tr>\n<td width=\"131\">Derroche de energ\u00eda<\/td>\n<td colspan=\"2\">9W<\/td>\n<\/tr>\n<tr>\n<td width=\"131\">Tama\u00f1o del producto<\/td>\n<td colspan=\"2\">168*118*205 mm<\/td>\n<\/tr>\n<tr>\n<td width=\"131\">Tama\u00f1o de la caja de color<\/td>\n<td colspan=\"2\">223*220*130 mm<\/td>\n<\/tr>\n<tr>\n<td width=\"131\">temperatura<\/td>\n<td colspan=\"2\">Cero 10\u00b0C -60\u00b0C, humedad inferior al 90% [sin condensaci\u00f3n]<\/td>\n<\/tr>\n<tr>\n<td width=\"131\">Fuente de alimentaci\u00f3n<\/td>\n<td colspan=\"2\">CC 12 V \u00b1 10%<\/td>\n<\/tr>\n<tr>\n<td width=\"131\">peso<\/td>\n<td colspan=\"2\">Peso neto: 0,524 kg Peso bruto: 0,777 kg (Nota: producto real)<\/td>\n<\/tr>\n<\/tbody>\n<\/table>","protected":false},"excerpt":{"rendered":"<p>* Resoluci\u00f3n: 2MP\/2,5K<br \/>\n* Caja: Carcasa de pl\u00e1stico especial PC<br \/>\n* Luces duales: 6 luz blanca + 2 uds. Array LED<br \/>\n* PTZ gira 270\u00b0 horizontalmente y 90\u00b0 verticalmente<br \/>\n* Detecci\u00f3n inteligente de Ai Humanoid<br \/>\n* Soporta voz de alerta DIY y campana de alarma<br \/>\n* Compatible con el seguimiento autom\u00e1tico de la direcci\u00f3n horizontal.<br \/>\n* Tres modos nocturnos Ajuste:luz negra a todo color,<br \/>\nvisi\u00f3n nocturna por infrarrojos, aviso de doble luz;<br \/>\n*Soporta WiFi 2.4Ghz, Conexi\u00f3n Directa AP,<br \/>\nConexi\u00f3n inal\u00e1mbrica, conexi\u00f3n por cable<br \/>\n* Apoya a Amazon Alex\/Echo Show<br \/>\n*Antena 5DB UANT especialmente personalizada<br \/>\n* Soporta 5 aumentos, s\u00f3lo zoom digital 5x<br \/>\n* Soporta tarjeta de memoria 128G, soporta almacenamiento en la nube<\/p>","protected":false},"featured_media":2998,"template":"","meta":[],"product_brand":[],"product_cat":[15],"product_tag":[359,357,358,360],"class_list":{"0":"post-3255","1":"product","2":"type-product","3":"status-publish","4":"has-post-thumbnail","6":"product_cat-uncategorized","7":"product_tag-camara-de-red-inalambrica-ptz","8":"product_tag-camaras-inalambricas-para-exteriores","9":"product_tag-seguridad-domestica-inalambrica","10":"product_tag-venta-al-por-mayor-de-camaras-de-seguridad-cctv","12":"first","13":"instock","14":"shipping-taxable","15":"product-type-simple"},"acf":[],"yoast_head":"<!-- This site is optimized with the Yoast SEO Premium plugin v20.2.1 (Yoast SEO v26.1.1) - https:\/\/yoast.com\/wordpress\/plugins\/seo\/ -->\n<title>Mayorista CCTV C\u00e1maras de vigilancia de seguridad para el hogar PTZ C\u00e1maras de red inal\u00e1mbricas para exterior - Bokysee Technology Co.,LTD<\/title>\n<meta name=\"description\" content=\"Bokysee Wholesale 2.5K Outdoor H.265 CCTV Detecci\u00f3n de movimiento Seguridad en el hogar Vigilancia PTZ C\u00e1maras de red inal\u00e1mbricas para exterior\" \/>\n<meta name=\"robots\" content=\"index, follow, max-snippet:-1, max-image-preview:large, max-video-preview:-1\" \/>\n<link rel=\"canonical\" href=\"https:\/\/bokysee.com\/es\/products\/mayorista-cctv-camaras-de-vigilancia-de-seguridad-para-el-hogar-ptz-camaras-de-red-inalambricas-para-exterior\/\" \/>\n<meta property=\"og:locale\" content=\"es_ES\" \/>\n<meta property=\"og:type\" content=\"article\" \/>\n<meta property=\"og:title\" content=\"Mayorista CCTV C\u00e1maras de vigilancia de seguridad para el hogar PTZ C\u00e1maras de red inal\u00e1mbricas para exterior\" \/>\n<meta property=\"og:description\" content=\"Bokysee Wholesale 2.5K Outdoor H.265 CCTV Detecci\u00f3n de movimiento Seguridad en el hogar Vigilancia PTZ C\u00e1maras de red inal\u00e1mbricas para exterior\" \/>\n<meta property=\"og:url\" content=\"https:\/\/bokysee.com\/es\/products\/mayorista-cctv-camaras-de-vigilancia-de-seguridad-para-el-hogar-ptz-camaras-de-red-inalambricas-para-exterior\/\" \/>\n<meta property=\"og:site_name\" content=\"Bokysee Technology Co.,LTD\" \/>\n<meta property=\"og:image\" content=\"https:\/\/bokysee.com\/wp-content\/uploads\/2023\/05\/BK-PT06D-1.jpg\" \/>\n\t<meta property=\"og:image:width\" content=\"800\" \/>\n\t<meta property=\"og:image:height\" content=\"800\" \/>\n\t<meta property=\"og:image:type\" content=\"image\/jpeg\" \/>\n<meta name=\"twitter:card\" content=\"summary_large_image\" \/>\n<meta name=\"twitter:label1\" content=\"Tiempo de lectura\" \/>\n\t<meta name=\"twitter:data1\" content=\"2 minutos\" \/>\n<script type=\"application\/ld+json\" class=\"yoast-schema-graph\">{\"@context\":\"https:\/\/schema.org\",\"@graph\":[{\"@type\":\"WebPage\",\"@id\":\"https:\/\/bokysee.com\/es\/products\/mayorista-cctv-camaras-de-vigilancia-de-seguridad-para-el-hogar-ptz-camaras-de-red-inalambricas-para-exterior\/\",\"url\":\"https:\/\/bokysee.com\/es\/products\/mayorista-cctv-camaras-de-vigilancia-de-seguridad-para-el-hogar-ptz-camaras-de-red-inalambricas-para-exterior\/\",\"name\":\"Mayorista CCTV C\u00e1maras de vigilancia de seguridad para el hogar PTZ C\u00e1maras de red inal\u00e1mbricas para exterior - Bokysee Technology Co.,LTD\",\"isPartOf\":{\"@id\":\"https:\/\/bokysee.com\/#website\"},\"primaryImageOfPage\":{\"@id\":\"https:\/\/bokysee.com\/es\/products\/mayorista-cctv-camaras-de-vigilancia-de-seguridad-para-el-hogar-ptz-camaras-de-red-inalambricas-para-exterior\/#primaryimage\"},\"image\":{\"@id\":\"https:\/\/bokysee.com\/es\/products\/mayorista-cctv-camaras-de-vigilancia-de-seguridad-para-el-hogar-ptz-camaras-de-red-inalambricas-para-exterior\/#primaryimage\"},\"thumbnailUrl\":\"https:\/\/bokysee.com\/wp-content\/uploads\/2023\/05\/BK-PT06D-1.jpg\",\"datePublished\":\"2023-05-18T00:28:48+00:00\",\"description\":\"Bokysee Wholesale 2.5K Outdoor H.265 CCTV Detecci\u00f3n de movimiento Seguridad en el hogar Vigilancia PTZ C\u00e1maras de red inal\u00e1mbricas para exterior\",\"breadcrumb\":{\"@id\":\"https:\/\/bokysee.com\/es\/products\/mayorista-cctv-camaras-de-vigilancia-de-seguridad-para-el-hogar-ptz-camaras-de-red-inalambricas-para-exterior\/#breadcrumb\"},\"inLanguage\":\"es\",\"potentialAction\":[{\"@type\":\"ReadAction\",\"target\":[\"https:\/\/bokysee.com\/es\/products\/mayorista-cctv-camaras-de-vigilancia-de-seguridad-para-el-hogar-ptz-camaras-de-red-inalambricas-para-exterior\/\"]}]},{\"@type\":\"ImageObject\",\"inLanguage\":\"es\",\"@id\":\"https:\/\/bokysee.com\/es\/products\/mayorista-cctv-camaras-de-vigilancia-de-seguridad-para-el-hogar-ptz-camaras-de-red-inalambricas-para-exterior\/#primaryimage\",\"url\":\"https:\/\/bokysee.com\/wp-content\/uploads\/2023\/05\/BK-PT06D-1.jpg\",\"contentUrl\":\"https:\/\/bokysee.com\/wp-content\/uploads\/2023\/05\/BK-PT06D-1.jpg\",\"width\":800,\"height\":800,\"caption\":\"venta al por mayor de c\u00e1maras de seguridad cctv\"},{\"@type\":\"BreadcrumbList\",\"@id\":\"https:\/\/bokysee.com\/es\/products\/mayorista-cctv-camaras-de-vigilancia-de-seguridad-para-el-hogar-ptz-camaras-de-red-inalambricas-para-exterior\/#breadcrumb\",\"itemListElement\":[{\"@type\":\"ListItem\",\"position\":1,\"name\":\"Home\",\"item\":\"https:\/\/bokysee.com\/\"},{\"@type\":\"ListItem\",\"position\":2,\"name\":\"Products\",\"item\":\"https:\/\/bokysee.com\/products\/\"},{\"@type\":\"ListItem\",\"position\":3,\"name\":\"Mayorista CCTV C\u00e1maras de vigilancia de seguridad para el hogar PTZ C\u00e1maras de red inal\u00e1mbricas para exterior\"}]},{\"@type\":\"WebSite\",\"@id\":\"https:\/\/bokysee.com\/#website\",\"url\":\"https:\/\/bokysee.com\/\",\"name\":\"Bokysee Technology Co.,LTD\",\"description\":\"Professional Smart Indoor and Outdoor Security Cameras Solution Supplier\",\"potentialAction\":[{\"@type\":\"SearchAction\",\"target\":{\"@type\":\"EntryPoint\",\"urlTemplate\":\"https:\/\/bokysee.com\/?s={search_term_string}\"},\"query-input\":{\"@type\":\"PropertyValueSpecification\",\"valueRequired\":true,\"valueName\":\"search_term_string\"}}],\"inLanguage\":\"es\"}]}<\/script>\n<!-- \/ Yoast SEO Premium plugin. -->","yoast_head_json":{"title":"Mayorista CCTV C\u00e1maras de vigilancia de seguridad para el hogar PTZ C\u00e1maras de red inal\u00e1mbricas para exterior - Bokysee Technology Co.,LTD","description":"Bokysee Wholesale 2.5K Outdoor H.265 CCTV Detecci\u00f3n de movimiento Seguridad en el hogar Vigilancia PTZ C\u00e1maras de red inal\u00e1mbricas para exterior","robots":{"index":"index","follow":"follow","max-snippet":"max-snippet:-1","max-image-preview":"max-image-preview:large","max-video-preview":"max-video-preview:-1"},"canonical":"https:\/\/bokysee.com\/es\/products\/mayorista-cctv-camaras-de-vigilancia-de-seguridad-para-el-hogar-ptz-camaras-de-red-inalambricas-para-exterior\/","og_locale":"es_ES","og_type":"article","og_title":"Mayorista CCTV C\u00e1maras de vigilancia de seguridad para el hogar PTZ C\u00e1maras de red inal\u00e1mbricas para exterior","og_description":"Bokysee Wholesale 2.5K Outdoor H.265 CCTV Detecci\u00f3n de movimiento Seguridad en el hogar Vigilancia PTZ C\u00e1maras de red inal\u00e1mbricas para exterior","og_url":"https:\/\/bokysee.com\/es\/products\/mayorista-cctv-camaras-de-vigilancia-de-seguridad-para-el-hogar-ptz-camaras-de-red-inalambricas-para-exterior\/","og_site_name":"Bokysee Technology Co.,LTD","og_image":[{"width":800,"height":800,"url":"https:\/\/bokysee.com\/wp-content\/uploads\/2023\/05\/BK-PT06D-1.jpg","type":"image\/jpeg"}],"twitter_card":"summary_large_image","twitter_misc":{"Tiempo de lectura":"2 minutos"},"schema":{"@context":"https:\/\/schema.org","@graph":[{"@type":"WebPage","@id":"https:\/\/bokysee.com\/es\/products\/mayorista-cctv-camaras-de-vigilancia-de-seguridad-para-el-hogar-ptz-camaras-de-red-inalambricas-para-exterior\/","url":"https:\/\/bokysee.com\/es\/products\/mayorista-cctv-camaras-de-vigilancia-de-seguridad-para-el-hogar-ptz-camaras-de-red-inalambricas-para-exterior\/","name":"Mayorista CCTV C\u00e1maras de vigilancia de seguridad para el hogar PTZ C\u00e1maras de red inal\u00e1mbricas para exterior - Bokysee Technology Co.,LTD","isPartOf":{"@id":"https:\/\/bokysee.com\/#website"},"primaryImageOfPage":{"@id":"https:\/\/bokysee.com\/es\/products\/mayorista-cctv-camaras-de-vigilancia-de-seguridad-para-el-hogar-ptz-camaras-de-red-inalambricas-para-exterior\/#primaryimage"},"image":{"@id":"https:\/\/bokysee.com\/es\/products\/mayorista-cctv-camaras-de-vigilancia-de-seguridad-para-el-hogar-ptz-camaras-de-red-inalambricas-para-exterior\/#primaryimage"},"thumbnailUrl":"https:\/\/bokysee.com\/wp-content\/uploads\/2023\/05\/BK-PT06D-1.jpg","datePublished":"2023-05-18T00:28:48+00:00","description":"Bokysee Wholesale 2.5K Outdoor H.265 CCTV Detecci\u00f3n de movimiento Seguridad en el hogar Vigilancia PTZ C\u00e1maras de red inal\u00e1mbricas para exterior","breadcrumb":{"@id":"https:\/\/bokysee.com\/es\/products\/mayorista-cctv-camaras-de-vigilancia-de-seguridad-para-el-hogar-ptz-camaras-de-red-inalambricas-para-exterior\/#breadcrumb"},"inLanguage":"es","potentialAction":[{"@type":"ReadAction","target":["https:\/\/bokysee.com\/es\/products\/mayorista-cctv-camaras-de-vigilancia-de-seguridad-para-el-hogar-ptz-camaras-de-red-inalambricas-para-exterior\/"]}]},{"@type":"ImageObject","inLanguage":"es","@id":"https:\/\/bokysee.com\/es\/products\/mayorista-cctv-camaras-de-vigilancia-de-seguridad-para-el-hogar-ptz-camaras-de-red-inalambricas-para-exterior\/#primaryimage","url":"https:\/\/bokysee.com\/wp-content\/uploads\/2023\/05\/BK-PT06D-1.jpg","contentUrl":"https:\/\/bokysee.com\/wp-content\/uploads\/2023\/05\/BK-PT06D-1.jpg","width":800,"height":800,"caption":"venta al por mayor de c\u00e1maras de seguridad cctv"},{"@type":"BreadcrumbList","@id":"https:\/\/bokysee.com\/es\/products\/mayorista-cctv-camaras-de-vigilancia-de-seguridad-para-el-hogar-ptz-camaras-de-red-inalambricas-para-exterior\/#breadcrumb","itemListElement":[{"@type":"ListItem","position":1,"name":"Home","item":"https:\/\/bokysee.com\/"},{"@type":"ListItem","position":2,"name":"Products","item":"https:\/\/bokysee.com\/products\/"},{"@type":"ListItem","position":3,"name":"Mayorista CCTV C\u00e1maras de vigilancia de seguridad para el hogar PTZ C\u00e1maras de red inal\u00e1mbricas para exterior"}]},{"@type":"WebSite","@id":"https:\/\/bokysee.com\/#website","url":"https:\/\/bokysee.com\/","name":"Bokysee Technology Co.,LTD","description":"Professional Smart Indoor and Outdoor Security Cameras Solution Supplier","potentialAction":[{"@type":"SearchAction","target":{"@type":"EntryPoint","urlTemplate":"https:\/\/bokysee.com\/?s={search_term_string}"},"query-input":{"@type":"PropertyValueSpecification","valueRequired":true,"valueName":"search_term_string"}}],"inLanguage":"es"}]}},"_links":{"self":[{"href":"https:\/\/bokysee.com\/es\/wp-json\/wp\/v2\/product\/3255","targetHints":{"allow":["GET"]}}],"collection":[{"href":"https:\/\/bokysee.com\/es\/wp-json\/wp\/v2\/product"}],"about":[{"href":"https:\/\/bokysee.com\/es\/wp-json\/wp\/v2\/types\/product"}],"version-history":[{"count":0,"href":"https:\/\/bokysee.com\/es\/wp-json\/wp\/v2\/product\/3255\/revisions"}],"wp:featuredmedia":[{"embeddable":true,"href":"https:\/\/bokysee.com\/es\/wp-json\/wp\/v2\/media\/2998"}],"wp:attachment":[{"href":"https:\/\/bokysee.com\/es\/wp-json\/wp\/v2\/media?parent=3255"}],"wp:term":[{"taxonomy":"product_brand","embeddable":true,"href":"https:\/\/bokysee.com\/es\/wp-json\/wp\/v2\/product_brand?post=3255"},{"taxonomy":"product_cat","embeddable":true,"href":"https:\/\/bokysee.com\/es\/wp-json\/wp\/v2\/product_cat?post=3255"},{"taxonomy":"product_tag","embeddable":true,"href":"https:\/\/bokysee.com\/es\/wp-json\/wp\/v2\/product_tag?post=3255"}],"curies":[{"name":"wp","href":"https:\/\/api.w.org\/{rel}","templated":true}]}}