{"id":3243,"date":"2023-05-10T04:04:57","date_gmt":"2023-05-09T20:04:57","guid":{"rendered":"https:\/\/bokysee.com\/products\/mayorista-wifi-smart-5x-zoom-digital-cctv-sistema-de-vigilancia-de-la-camara-proveedor\/"},"modified":"2023-05-10T04:04:57","modified_gmt":"2023-05-09T20:04:57","slug":"mayorista-wifi-smart-5x-digital-zoom-cctv-surveillance-system-camera-supplier","status":"publish","type":"product","link":"https:\/\/bokysee.com\/es\/products\/mayorista-wifi-smart-5x-digital-zoom-cctv-surveillance-system-camera-supplier\/","title":{"rendered":"Mayorista Wifi Smart 5X Zoom Digital CCTV Sistema de Vigilancia de la C\u00e1mara Proveedor"},"content":{"rendered":"<p>Mayorista Wifi Smart 5X Zoom Digital CCTV Sistema de Vigilancia de la C\u00e1mara Proveedor<\/p>\n<table width=\"815\">\n<tbody>\n<tr>\n<td width=\"101\">Modelo<\/td>\n<td width=\"211\">BK-PT04D2M<\/td>\n<td width=\"503\">BK-PT04D2K<\/td>\n<\/tr>\n<tr>\n<td width=\"101\">director de control<\/td>\n<td width=\"211\">DSP de doble n\u00facleo y 32 bits (XM530V200\uff09<\/td>\n<td>DSP de 32 bits y doble n\u00facleo (GK7205V210)<\/td>\n<\/tr>\n<tr>\n<td width=\"101\">sensor<\/td>\n<td>Sensor CMOS de alto rendimiento de 2 millones de 1\/2,8 pulgadas<\/td>\n<td>Sensor CMOS de alto rendimiento<\/td>\n<\/tr>\n<tr>\n<td width=\"101\">Iluminaci\u00f3n m\u00ednima<\/td>\n<td colspan=\"2\" width=\"714\">Color: 0,01 Lux a (F1.2, AGC activado); 0 Lux con IR;<br \/>\nblanco y negro\uff1a0,001 Lux @ (F1.2,AGC ON),0 Lux con IR<\/td>\n<\/tr>\n<tr>\n<td width=\"101\">obturador<\/td>\n<td colspan=\"2\">1\/50 (1\/60) segundos a 1\/10000 segundos<\/td>\n<\/tr>\n<tr>\n<td width=\"101\">distancia focal<\/td>\n<td>F2.0*3.6MM<\/td>\n<td>F2.0*3.6MM<\/td>\n<\/tr>\n<tr>\n<td width=\"101\">reducci\u00f3n del ruido<\/td>\n<td colspan=\"2\">Soporte 2D\/3D<\/td>\n<\/tr>\n<tr>\n<td width=\"101\">Formato de v\u00eddeo<\/td>\n<td colspan=\"2\">H.265AI<\/td>\n<\/tr>\n<tr>\n<td width=\"101\">poder de resoluci\u00f3n<\/td>\n<td>Flujo de c\u00f3digo principal: 1920 * 1080; Flujo secundario: 800 * 448<\/td>\n<td>Flujo de c\u00f3digo principal: 2560 * 1440; Flujo secundario: 800 * 448<\/td>\n<\/tr>\n<tr>\n<td width=\"101\">Frecuencia de imagen<\/td>\n<td colspan=\"2\" width=\"714\">12 fps<\/td>\n<\/tr>\n<tr>\n<td width=\"101\">An\u00e1lisis inteligente<\/td>\n<td colspan=\"2\" width=\"714\">Detecci\u00f3n de la forma humana<\/td>\n<\/tr>\n<tr>\n<td width=\"101\">Funci\u00f3n de seguimiento<\/td>\n<td colspan=\"2\" width=\"714\">Seguimiento con zoom de la forma humana<\/td>\n<\/tr>\n<tr>\n<td width=\"101\">fuente luminosa<\/td>\n<td colspan=\"2\" width=\"714\">6 luces blancas + 2 LED Array<\/td>\n<\/tr>\n<tr>\n<td width=\"101\">Modo luz<\/td>\n<td colspan=\"2\" width=\"714\">Starlight a todo color\/visi\u00f3n nocturna por infrarrojos\/aviso de doble luz<\/td>\n<\/tr>\n<tr>\n<td width=\"101\">Voz bidireccional<\/td>\n<td colspan=\"2\">Sostengo<\/td>\n<\/tr>\n<tr>\n<td width=\"101\">Almacenamiento en la nube<\/td>\n<td colspan=\"2\">Sostengo<\/td>\n<\/tr>\n<tr>\n<td width=\"101\">Acuerdo de apoyo<\/td>\n<td colspan=\"2\" width=\"714\">Soporta los protocolos NETIP y onvif.<\/td>\n<\/tr>\n<tr>\n<td width=\"101\">interfaz de red<\/td>\n<td colspan=\"2\">Puerto Ethernet adaptable 10M\/100M<\/td>\n<\/tr>\n<tr>\n<td width=\"101\">Interfaz de almacenamiento<\/td>\n<td colspan=\"2\">Tarjeta TF local (hasta 256G)<\/td>\n<\/tr>\n<tr>\n<td width=\"101\">Interfaz de la tecla Reset<\/td>\n<td colspan=\"2\">Recuperaci\u00f3n con un solo clic<\/td>\n<\/tr>\n<tr>\n<td width=\"101\">Norma inal\u00e1mbrica<\/td>\n<td colspan=\"2\">IEEE802.11b, 802.11g, 802.11n<\/td>\n<\/tr>\n<tr>\n<td width=\"101\">gama de frecuencias<\/td>\n<td colspan=\"2\">2,4 GHz ~ 2,4835 GHz<\/td>\n<\/tr>\n<tr>\n<td width=\"101\">Derroche de energ\u00eda<\/td>\n<td colspan=\"2\">9W<\/td>\n<\/tr>\n<tr>\n<td width=\"101\">Tama\u00f1o del producto<\/td>\n<td colspan=\"2\">168*118*205 mm<\/td>\n<\/tr>\n<tr>\n<td width=\"101\">Tama\u00f1o de la caja de color<\/td>\n<td colspan=\"2\">223*220*130 mm<\/td>\n<\/tr>\n<tr>\n<td width=\"101\">temperatura<\/td>\n<td colspan=\"2\">Cero 10\u00b0C -60\u00b0C, humedad inferior al 90% [sin condensaci\u00f3n]<\/td>\n<\/tr>\n<tr>\n<td width=\"101\">Fuente de alimentaci\u00f3n<\/td>\n<td colspan=\"2\">CC 12 V \u00b1 10%<\/td>\n<\/tr>\n<tr>\n<td width=\"101\">peso<\/td>\n<td colspan=\"2\">Peso neto: 0,524kg Peso bruto: 0,777kg (Nota: producto real)<\/td>\n<\/tr>\n<\/tbody>\n<\/table>","protected":false},"excerpt":{"rendered":"<p>* Resoluci\u00f3n: 2MP\/2,5K<br \/>\n* Caja: Carcasa de pl\u00e1stico especial PC<br \/>\n* Luces duales: 6 luz blanca + 2 uds. Array LED<br \/>\n* PTZ gira 270\u00b0 horizontalmente y 90\u00b0 verticalmente<br \/>\n* Detecci\u00f3n inteligente de Ai Humanoid<br \/>\n* Soporta voz de alerta DIY y campana de alarma<br \/>\n* Soporta seguimiento autom\u00e1tico de la direcci\u00f3n horizontal;<br \/>\n* Tres modos nocturnos Ajuste:luz negra a todo color,<br \/>\nvisi\u00f3n nocturna por infrarrojos, aviso de doble luz<br \/>\n*Soporta WiFi 2.4Ghz, Conexi\u00f3n Directa AP,<br \/>\nConexi\u00f3n inal\u00e1mbrica, conexi\u00f3n por cable<br \/>\n* Apoya a Amazon Alex\/Echo Show<br \/>\n*Antena 5DB UANT especialmente personalizada<br \/>\n* Soporta 5 aumentos, s\u00f3lo zoom digital 5x<br \/>\n* Soporta tarjeta de memoria 128G, soporta almacenamiento en la nube<\/p>","protected":false},"featured_media":2984,"template":"","meta":[],"product_brand":[],"product_cat":[15],"product_tag":[313,317,314,316,315],"class_list":{"0":"post-3243","1":"product","2":"type-product","3":"status-publish","4":"has-post-thumbnail","6":"product_cat-uncategorized","7":"product_tag-camara-con-zoom-digital-5x","8":"product_tag-fabrica-de-camaras-ip-inalambricas","9":"product_tag-proveedor-de-camaras-inteligentes","10":"product_tag-sistema-inteligente-de-vigilancia-por-cctv","11":"product_tag-venta-al-por-mayor-camara-wifi-inteligente","13":"first","14":"instock","15":"shipping-taxable","16":"product-type-simple"},"acf":[],"yoast_head":"<!-- This site is optimized with the Yoast SEO Premium plugin v20.2.1 (Yoast SEO v26.1.1) - https:\/\/yoast.com\/wordpress\/plugins\/seo\/ -->\n<title>Mayorista Wifi Smart 5X Zoom Digital CCTV Sistema de Vigilancia de la C\u00e1mara Proveedor - Bokysee Technology Co.,LTD<\/title>\n<meta name=\"description\" content=\"C\u00e1mara IP Inal\u00e1mbrica F\u00e1brica Mayorista Inteligente Wifi 5X Zoom Digital Sistema de Vigilancia Inteligente Detecci\u00f3n Humana Seguridad Cctv C\u00e1mara IP Proveedor\" \/>\n<meta name=\"robots\" content=\"index, follow, max-snippet:-1, max-image-preview:large, max-video-preview:-1\" \/>\n<link rel=\"canonical\" href=\"https:\/\/bokysee.com\/es\/products\/mayorista-wifi-smart-5x-zoom-digital-cctv-sistema-de-vigilancia-de-la-camara-proveedor\/\" \/>\n<meta property=\"og:locale\" content=\"es_ES\" \/>\n<meta property=\"og:type\" content=\"article\" \/>\n<meta property=\"og:title\" content=\"Mayorista Wifi Smart 5X Zoom Digital CCTV Sistema de Vigilancia de la C\u00e1mara Proveedor\" \/>\n<meta property=\"og:description\" content=\"C\u00e1mara IP Inal\u00e1mbrica F\u00e1brica Mayorista Inteligente Wifi 5X Zoom Digital Sistema de Vigilancia Inteligente Detecci\u00f3n Humana Seguridad Cctv C\u00e1mara IP Proveedor\" \/>\n<meta property=\"og:url\" content=\"https:\/\/bokysee.com\/es\/products\/mayorista-wifi-smart-5x-zoom-digital-cctv-sistema-de-vigilancia-de-la-camara-proveedor\/\" \/>\n<meta property=\"og:site_name\" content=\"Bokysee Technology Co.,LTD\" \/>\n<meta property=\"og:image\" content=\"https:\/\/bokysee.com\/wp-content\/uploads\/2023\/05\/BK-PT05D2M-3-1.jpg\" \/>\n\t<meta property=\"og:image:width\" content=\"800\" \/>\n\t<meta property=\"og:image:height\" content=\"800\" \/>\n\t<meta property=\"og:image:type\" content=\"image\/jpeg\" \/>\n<meta name=\"twitter:card\" content=\"summary_large_image\" \/>\n<meta name=\"twitter:label1\" content=\"Tiempo de lectura\" \/>\n\t<meta name=\"twitter:data1\" content=\"1 minuto\" \/>\n<script type=\"application\/ld+json\" class=\"yoast-schema-graph\">{\"@context\":\"https:\/\/schema.org\",\"@graph\":[{\"@type\":\"WebPage\",\"@id\":\"https:\/\/bokysee.com\/es\/products\/mayorista-wifi-smart-5x-zoom-digital-cctv-sistema-de-vigilancia-de-la-camara-proveedor\/\",\"url\":\"https:\/\/bokysee.com\/es\/products\/mayorista-wifi-smart-5x-zoom-digital-cctv-sistema-de-vigilancia-de-la-camara-proveedor\/\",\"name\":\"Mayorista Wifi Smart 5X Zoom Digital CCTV Sistema de Vigilancia de la C\u00e1mara Proveedor - Bokysee Technology Co.,LTD\",\"isPartOf\":{\"@id\":\"https:\/\/bokysee.com\/#website\"},\"primaryImageOfPage\":{\"@id\":\"https:\/\/bokysee.com\/es\/products\/mayorista-wifi-smart-5x-zoom-digital-cctv-sistema-de-vigilancia-de-la-camara-proveedor\/#primaryimage\"},\"image\":{\"@id\":\"https:\/\/bokysee.com\/es\/products\/mayorista-wifi-smart-5x-zoom-digital-cctv-sistema-de-vigilancia-de-la-camara-proveedor\/#primaryimage\"},\"thumbnailUrl\":\"https:\/\/bokysee.com\/wp-content\/uploads\/2023\/05\/BK-PT05D2M-3-1.jpg\",\"datePublished\":\"2023-05-09T20:04:57+00:00\",\"description\":\"C\u00e1mara IP Inal\u00e1mbrica F\u00e1brica Mayorista Inteligente Wifi 5X Zoom Digital Sistema de Vigilancia Inteligente Detecci\u00f3n Humana Seguridad Cctv C\u00e1mara IP Proveedor\",\"breadcrumb\":{\"@id\":\"https:\/\/bokysee.com\/es\/products\/mayorista-wifi-smart-5x-zoom-digital-cctv-sistema-de-vigilancia-de-la-camara-proveedor\/#breadcrumb\"},\"inLanguage\":\"es\",\"potentialAction\":[{\"@type\":\"ReadAction\",\"target\":[\"https:\/\/bokysee.com\/es\/products\/mayorista-wifi-smart-5x-zoom-digital-cctv-sistema-de-vigilancia-de-la-camara-proveedor\/\"]}]},{\"@type\":\"ImageObject\",\"inLanguage\":\"es\",\"@id\":\"https:\/\/bokysee.com\/es\/products\/mayorista-wifi-smart-5x-zoom-digital-cctv-sistema-de-vigilancia-de-la-camara-proveedor\/#primaryimage\",\"url\":\"https:\/\/bokysee.com\/wp-content\/uploads\/2023\/05\/BK-PT05D2M-3-1.jpg\",\"contentUrl\":\"https:\/\/bokysee.com\/wp-content\/uploads\/2023\/05\/BK-PT05D2M-3-1.jpg\",\"width\":800,\"height\":800,\"caption\":\"best wireless security camera system\"},{\"@type\":\"BreadcrumbList\",\"@id\":\"https:\/\/bokysee.com\/es\/products\/mayorista-wifi-smart-5x-zoom-digital-cctv-sistema-de-vigilancia-de-la-camara-proveedor\/#breadcrumb\",\"itemListElement\":[{\"@type\":\"ListItem\",\"position\":1,\"name\":\"Home\",\"item\":\"https:\/\/bokysee.com\/\"},{\"@type\":\"ListItem\",\"position\":2,\"name\":\"Products\",\"item\":\"https:\/\/bokysee.com\/products\/\"},{\"@type\":\"ListItem\",\"position\":3,\"name\":\"Mayorista Wifi Smart 5X Zoom Digital CCTV Sistema de Vigilancia de la C\u00e1mara Proveedor\"}]},{\"@type\":\"WebSite\",\"@id\":\"https:\/\/bokysee.com\/#website\",\"url\":\"https:\/\/bokysee.com\/\",\"name\":\"Bokysee Technology Co.,LTD\",\"description\":\"Professional Smart Indoor and Outdoor Security Cameras Solution Supplier\",\"potentialAction\":[{\"@type\":\"SearchAction\",\"target\":{\"@type\":\"EntryPoint\",\"urlTemplate\":\"https:\/\/bokysee.com\/?s={search_term_string}\"},\"query-input\":{\"@type\":\"PropertyValueSpecification\",\"valueRequired\":true,\"valueName\":\"search_term_string\"}}],\"inLanguage\":\"es\"}]}<\/script>\n<!-- \/ Yoast SEO Premium plugin. -->","yoast_head_json":{"title":"Mayorista Wifi Smart 5X Zoom Digital CCTV Sistema de Vigilancia de la C\u00e1mara Proveedor - Bokysee Technology Co.,LTD","description":"C\u00e1mara IP Inal\u00e1mbrica F\u00e1brica Mayorista Inteligente Wifi 5X Zoom Digital Sistema de Vigilancia Inteligente Detecci\u00f3n Humana Seguridad Cctv C\u00e1mara IP Proveedor","robots":{"index":"index","follow":"follow","max-snippet":"max-snippet:-1","max-image-preview":"max-image-preview:large","max-video-preview":"max-video-preview:-1"},"canonical":"https:\/\/bokysee.com\/es\/products\/mayorista-wifi-smart-5x-zoom-digital-cctv-sistema-de-vigilancia-de-la-camara-proveedor\/","og_locale":"es_ES","og_type":"article","og_title":"Mayorista Wifi Smart 5X Zoom Digital CCTV Sistema de Vigilancia de la C\u00e1mara Proveedor","og_description":"C\u00e1mara IP Inal\u00e1mbrica F\u00e1brica Mayorista Inteligente Wifi 5X Zoom Digital Sistema de Vigilancia Inteligente Detecci\u00f3n Humana Seguridad Cctv C\u00e1mara IP Proveedor","og_url":"https:\/\/bokysee.com\/es\/products\/mayorista-wifi-smart-5x-zoom-digital-cctv-sistema-de-vigilancia-de-la-camara-proveedor\/","og_site_name":"Bokysee Technology Co.,LTD","og_image":[{"width":800,"height":800,"url":"https:\/\/bokysee.com\/wp-content\/uploads\/2023\/05\/BK-PT05D2M-3-1.jpg","type":"image\/jpeg"}],"twitter_card":"summary_large_image","twitter_misc":{"Tiempo de lectura":"1 minuto"},"schema":{"@context":"https:\/\/schema.org","@graph":[{"@type":"WebPage","@id":"https:\/\/bokysee.com\/es\/products\/mayorista-wifi-smart-5x-zoom-digital-cctv-sistema-de-vigilancia-de-la-camara-proveedor\/","url":"https:\/\/bokysee.com\/es\/products\/mayorista-wifi-smart-5x-zoom-digital-cctv-sistema-de-vigilancia-de-la-camara-proveedor\/","name":"Mayorista Wifi Smart 5X Zoom Digital CCTV Sistema de Vigilancia de la C\u00e1mara Proveedor - Bokysee Technology Co.,LTD","isPartOf":{"@id":"https:\/\/bokysee.com\/#website"},"primaryImageOfPage":{"@id":"https:\/\/bokysee.com\/es\/products\/mayorista-wifi-smart-5x-zoom-digital-cctv-sistema-de-vigilancia-de-la-camara-proveedor\/#primaryimage"},"image":{"@id":"https:\/\/bokysee.com\/es\/products\/mayorista-wifi-smart-5x-zoom-digital-cctv-sistema-de-vigilancia-de-la-camara-proveedor\/#primaryimage"},"thumbnailUrl":"https:\/\/bokysee.com\/wp-content\/uploads\/2023\/05\/BK-PT05D2M-3-1.jpg","datePublished":"2023-05-09T20:04:57+00:00","description":"C\u00e1mara IP Inal\u00e1mbrica F\u00e1brica Mayorista Inteligente Wifi 5X Zoom Digital Sistema de Vigilancia Inteligente Detecci\u00f3n Humana Seguridad Cctv C\u00e1mara IP Proveedor","breadcrumb":{"@id":"https:\/\/bokysee.com\/es\/products\/mayorista-wifi-smart-5x-zoom-digital-cctv-sistema-de-vigilancia-de-la-camara-proveedor\/#breadcrumb"},"inLanguage":"es","potentialAction":[{"@type":"ReadAction","target":["https:\/\/bokysee.com\/es\/products\/mayorista-wifi-smart-5x-zoom-digital-cctv-sistema-de-vigilancia-de-la-camara-proveedor\/"]}]},{"@type":"ImageObject","inLanguage":"es","@id":"https:\/\/bokysee.com\/es\/products\/mayorista-wifi-smart-5x-zoom-digital-cctv-sistema-de-vigilancia-de-la-camara-proveedor\/#primaryimage","url":"https:\/\/bokysee.com\/wp-content\/uploads\/2023\/05\/BK-PT05D2M-3-1.jpg","contentUrl":"https:\/\/bokysee.com\/wp-content\/uploads\/2023\/05\/BK-PT05D2M-3-1.jpg","width":800,"height":800,"caption":"best wireless security camera system"},{"@type":"BreadcrumbList","@id":"https:\/\/bokysee.com\/es\/products\/mayorista-wifi-smart-5x-zoom-digital-cctv-sistema-de-vigilancia-de-la-camara-proveedor\/#breadcrumb","itemListElement":[{"@type":"ListItem","position":1,"name":"Home","item":"https:\/\/bokysee.com\/"},{"@type":"ListItem","position":2,"name":"Products","item":"https:\/\/bokysee.com\/products\/"},{"@type":"ListItem","position":3,"name":"Mayorista Wifi Smart 5X Zoom Digital CCTV Sistema de Vigilancia de la C\u00e1mara Proveedor"}]},{"@type":"WebSite","@id":"https:\/\/bokysee.com\/#website","url":"https:\/\/bokysee.com\/","name":"Bokysee Technology Co.,LTD","description":"Professional Smart Indoor and Outdoor Security Cameras Solution Supplier","potentialAction":[{"@type":"SearchAction","target":{"@type":"EntryPoint","urlTemplate":"https:\/\/bokysee.com\/?s={search_term_string}"},"query-input":{"@type":"PropertyValueSpecification","valueRequired":true,"valueName":"search_term_string"}}],"inLanguage":"es"}]}},"_links":{"self":[{"href":"https:\/\/bokysee.com\/es\/wp-json\/wp\/v2\/product\/3243","targetHints":{"allow":["GET"]}}],"collection":[{"href":"https:\/\/bokysee.com\/es\/wp-json\/wp\/v2\/product"}],"about":[{"href":"https:\/\/bokysee.com\/es\/wp-json\/wp\/v2\/types\/product"}],"version-history":[{"count":0,"href":"https:\/\/bokysee.com\/es\/wp-json\/wp\/v2\/product\/3243\/revisions"}],"wp:featuredmedia":[{"embeddable":true,"href":"https:\/\/bokysee.com\/es\/wp-json\/wp\/v2\/media\/2984"}],"wp:attachment":[{"href":"https:\/\/bokysee.com\/es\/wp-json\/wp\/v2\/media?parent=3243"}],"wp:term":[{"taxonomy":"product_brand","embeddable":true,"href":"https:\/\/bokysee.com\/es\/wp-json\/wp\/v2\/product_brand?post=3243"},{"taxonomy":"product_cat","embeddable":true,"href":"https:\/\/bokysee.com\/es\/wp-json\/wp\/v2\/product_cat?post=3243"},{"taxonomy":"product_tag","embeddable":true,"href":"https:\/\/bokysee.com\/es\/wp-json\/wp\/v2\/product_tag?post=3243"}],"curies":[{"name":"wp","href":"https:\/\/api.w.org\/{rel}","templated":true}]}}