{"id":3233,"date":"2023-04-25T11:27:08","date_gmt":"2023-04-25T03:27:08","guid":{"rendered":"https:\/\/bokysee.com\/products\/mayorista-4ch-3mp-sistema-de-seguridad-inalambrico-todo-en-uno-nvr-kit-para-venta-diy-cctv-seguridad-ip-ptz-camara-kits-para-el-hogar\/"},"modified":"2023-04-25T11:27:08","modified_gmt":"2023-04-25T03:27:08","slug":"mayorista-4ch-3mp-wireless-security-system-all-in-one-nvr-kit-for-sale-diy-cctv-security-ip-ptz-camera-kits-for-home","status":"publish","type":"product","link":"https:\/\/bokysee.com\/es\/products\/mayorista-4ch-3mp-wireless-security-system-all-in-one-nvr-kit-for-sale-diy-cctv-security-ip-ptz-camera-kits-for-home\/","title":{"rendered":"Mayorista 4CH 3MP Sistema de Seguridad Inal\u00e1mbrico Todo-en-uno NVR kit para Venta DIY CCTV Seguridad IP PTZ kits de c\u00e1mara para el hogar"},"content":{"rendered":"<p>Inal\u00e1mbrico, despliega la pantalla al encenderlo, divice todo en uno con pantalla grande de 10,1 pulgadas;<br \/>\nInterfaz externa: HD-MI, VGA, 2 interfaces USB, puerto de red, interfaz de disco duro;<br \/>\nAlmacenamiento de v\u00eddeo: disco duro (soporte m\u00e1ximo 2T), tarjeta TF (soporte m\u00e1ximo 128g);<br \/>\nSoporta todo tipo de monitorizaci\u00f3n remota de tel\u00e9fonos m\u00f3viles (IOS,Android), tabletas y PC;<br \/>\nTama\u00f1o LCD: 10,1 pulgadas<br \/>\nPantalla de visualizaci\u00f3n: 1\/4\/8<br \/>\nAdmite la conexi\u00f3n de 1 a 8 c\u00e1maras al mismo tiempo<br \/>\nModo de copia de seguridad: copia de seguridad en red, disco duro USB, grabaci\u00f3n USB, grabaci\u00f3n SATA;<br \/>\nResoluci\u00f3n de pantalla: 1024*800<br \/>\nAdaptador de corriente para pantalla: 12V 2A;<br \/>\nAdaptador de corriente para c\u00e1mara: 12V 1A:<br \/>\nAdmite detecci\u00f3n de movimiento (\u00e1rea de detecci\u00f3n y sensibilidad opcionales);<br \/>\nDistancia de visi\u00f3n nocturna: 15-25 m;<\/p>\n<table width=\"1122\">\n<tbody>\n<tr>\n<td colspan=\"3\" width=\"1122\">Especificaciones del NVR WiFi<\/td>\n<\/tr>\n<tr>\n<td rowspan=\"4\">Sistema<\/td>\n<td>Procesador principal<\/td>\n<td>XM8516D<\/td>\n<\/tr>\n<tr>\n<td>pantalla<\/td>\n<td>10,1 pulgadas 1280*800<\/td>\n<\/tr>\n<tr>\n<td>Sistema operativo<\/td>\n<td>Linux integrado<\/td>\n<\/tr>\n<tr>\n<td>Recursos del sistema<\/td>\n<td>Grabaci\u00f3n multicanal simult\u00e1nea en tiempo real, reproducci\u00f3n, funcionamiento en red, copia de seguridad USB<\/td>\n<\/tr>\n<tr>\n<td rowspan=\"11\">Interfaz<\/td>\n<td>Interfaz del operador<\/td>\n<td>Interfaz gr\u00e1fica de men\u00fas en color real de 16 bits, compatible con el rat\u00f3n<\/td>\n<\/tr>\n<tr>\n<td>Vista previa<\/td>\n<td>1\/4<\/td>\n<\/tr>\n<tr>\n<td width=\"197\">Entrada de v\u00eddeo (IP)<\/td>\n<td width=\"775\">4*3 MP<\/td>\n<\/tr>\n<tr>\n<td width=\"197\">Ancho de banda de acceso<\/td>\n<td width=\"775\">24 Mbps<\/td>\n<\/tr>\n<tr>\n<td width=\"197\">Ancho de banda de reenv\u00edo<\/td>\n<td width=\"775\">24 Mbps<\/td>\n<\/tr>\n<tr>\n<td width=\"197\">Compresi\u00f3n de v\u00eddeo<\/td>\n<td width=\"775\">H.265+<\/td>\n<\/tr>\n<tr>\n<td width=\"197\">Calidad de visualizaci\u00f3n<\/td>\n<td width=\"775\">M\u00e1ximo 3MP<\/td>\n<\/tr>\n<tr>\n<td width=\"197\">Calidad de reproducci\u00f3n<\/td>\n<td width=\"775\">3MP<\/td>\n<\/tr>\n<tr>\n<td width=\"197\">Descodificar<\/td>\n<td width=\"775\">4*3 MP<\/td>\n<\/tr>\n<tr>\n<td width=\"197\">realidad virtual<\/td>\n<td width=\"775\">Sin apoyo<\/td>\n<\/tr>\n<tr>\n<td width=\"197\">Detecci\u00f3n de movimiento<\/td>\n<td>Soporte (depende de la c\u00e1mara)<\/td>\n<\/tr>\n<tr>\n<td rowspan=\"2\">Audio<\/td>\n<td width=\"197\">Compresi\u00f3n de audio<\/td>\n<td width=\"775\">G.711A<\/td>\n<\/tr>\n<tr>\n<td width=\"197\">Interfono<\/td>\n<td width=\"775\">Sin apoyo<\/td>\n<\/tr>\n<tr>\n<td rowspan=\"5\" width=\"149\">Grabaci\u00f3n y reproducci\u00f3n<\/td>\n<td width=\"197\">Modo de grabaci\u00f3n<\/td>\n<td>Manual&gt;Alarma&gt;Detecci\u00f3n din\u00e1mica&gt;Temporizaci\u00f3n<\/td>\n<\/tr>\n<tr>\n<td width=\"197\">Amortizaci\u00f3n local<\/td>\n<td>4*3 MP<\/td>\n<\/tr>\n<tr>\n<td width=\"197\">Modo de b\u00fasqueda<\/td>\n<td>B\u00fasqueda por hora\/calendario\/evento\/canal<\/td>\n<\/tr>\n<tr>\n<td width=\"197\">Registro de registros<\/td>\n<td>HDD, Red, Tarjeta SD<\/td>\n<\/tr>\n<tr>\n<td width=\"197\">Modo de copia de seguridad<\/td>\n<td>Copia de seguridad en red, disco duro USB, grabadora USB,<\/td>\n<\/tr>\n<tr>\n<td rowspan=\"8\" width=\"149\">Exterior<br \/>\nInterfaz<\/td>\n<td width=\"197\">Salida de v\u00eddeo<\/td>\n<td>Salida HDMI HD de 1 canal<\/td>\n<\/tr>\n<tr>\n<td width=\"197\">E\/S de audio<\/td>\n<td>0\/0<\/td>\n<\/tr>\n<tr>\n<td width=\"197\">E\/S de alarma<\/td>\n<td>0\/0<\/td>\n<\/tr>\n<tr>\n<td width=\"197\">Interfaz de red<\/td>\n<td>1*Puerto Ethernet adaptable RJ45 10M\/100M + 4 canales WIFI<\/td>\n<\/tr>\n<tr>\n<td width=\"197\">Interfaz USB<\/td>\n<td>2 puertos USB 2.0<\/td>\n<\/tr>\n<tr>\n<td width=\"197\">Disco duro<\/td>\n<td>1* Tarjeta SD SATA+1<\/td>\n<\/tr>\n<tr>\n<td width=\"197\">ESATA<\/td>\n<td>No<\/td>\n<\/tr>\n<tr>\n<td width=\"197\">Serie de interfaces<\/td>\n<td>No<\/td>\n<\/tr>\n<tr>\n<td rowspan=\"3\">Otros<\/td>\n<td width=\"197\">ONVIF<\/td>\n<td width=\"775\">No<\/td>\n<\/tr>\n<tr>\n<td width=\"197\">Alimentaci\u00f3n<\/td>\n<td width=\"775\">5 V\/2 A Tipo-C<\/td>\n<\/tr>\n<tr>\n<td width=\"197\">Consumo de energ\u00eda<\/td>\n<td width=\"775\">&lt;10 W (sin disco duro)<\/td>\n<\/tr>\n<tr>\n<td><\/td>\n<td><\/td>\n<td><\/td>\n<\/tr>\n<tr>\n<td colspan=\"3\">Especificaci\u00f3n de la c\u00e1mara WiFi<\/td>\n<\/tr>\n<tr>\n<td rowspan=\"7\">Para configurar<\/td>\n<td>Procesador + sensor<\/td>\n<td width=\"775\">Sensor CMOS XM530 Ai+2,0M 1\/3\u2033 F37<\/td>\n<\/tr>\n<tr>\n<td>Iluminaci\u00f3n baja<\/td>\n<td>Color: 0,1 Lux; B\/N: 0,01 Lux<\/td>\n<\/tr>\n<tr>\n<td>P\u00edxel efectivo<\/td>\n<td>Alta definici\u00f3n 1080p<\/td>\n<\/tr>\n<tr>\n<td>Lente<\/td>\n<td>Lente HD 3,6MM<\/td>\n<\/tr>\n<tr>\n<td>L\u00e1mpara de infrarrojos<\/td>\n<td>8pcs X \uffe05 Cuentas de l\u00e1mpara<\/td>\n<\/tr>\n<tr>\n<td>Distancia de infrarrojos<\/td>\n<td>150~200 m<\/td>\n<\/tr>\n<tr>\n<td>D\u00eda y noche<\/td>\n<td>Filtro de corte IR con interruptor autom\u00e1tico<\/td>\n<\/tr>\n<tr>\n<td rowspan=\"10\">General<\/td>\n<td rowspan=\"2\">ajuste<\/td>\n<td rowspan=\"2\" width=\"775\">Saturaci\u00f3n, brillo y contraste;<br \/>\nson ajustables a trav\u00e9s del navegador IE o del software cliente.<\/td>\n<\/tr>\n<tr>\n<td>Compresi\u00f3n de v\u00eddeo<\/td>\n<td>H.265+<\/td>\n<\/tr>\n<tr>\n<td>temperatura<\/td>\n<td>-10\u2103-\uff0b60\u2103<\/td>\n<\/tr>\n<tr>\n<td>humedad<\/td>\n<td>10%-90% HR<\/td>\n<\/tr>\n<tr>\n<td>Alimentaci\u00f3n<\/td>\n<td>CC 12 V 1 A<\/td>\n<\/tr>\n<tr>\n<td>Consumo<\/td>\n<td>M\u00c1XIMO 6W<\/td>\n<\/tr>\n<tr>\n<td>Grado de impermeabilidad<\/td>\n<td>IP66<\/td>\n<\/tr>\n<tr>\n<td>Dimensi\u00f3n<\/td>\n<td>  221*120*92;<\/td>\n<\/tr>\n<tr>\n<td>Peso<\/td>\n<td>0,5 kilogramos<\/td>\n<\/tr>\n<\/tbody>\n<\/table>","protected":false},"excerpt":{"rendered":"<p>Pantalla de 10,1 pulgadas 4CH 3.0MP Todo-en-Uno WiFi NVR Kits:<br \/>\n* Sin necesidad de configuraci\u00f3n, plug and play<br \/>\n*Conexi\u00f3n Wi-Fi; Soporta Tarjeta TF<br \/>\n* Audio bidireccional, Doble fuente de luz<br \/>\n* Compresi\u00f3n de v\u00eddeo H.265<br \/>\n* Soporte vista remota del tel\u00e9fono (IOS\/Android)<br \/>\n* Adaptador de alimentaci\u00f3n de la c\u00e1mara: DC 12V 1A X4<br \/>\n* Adaptador de corriente NVR: DC 12V 2A X1<br \/>\n* Rat\u00f3n USB X 1; Manual de usuario X 1<br \/>\n* 1 paquete de juego: 322*165*287mm, 3,3 kg\/juego<br \/>\n* 6 juegos\/caja; 515 x 337 x 595 mm, 20,8 kg\/caja<\/p>","protected":false},"featured_media":2832,"template":"","meta":[],"product_brand":[],"product_cat":[],"product_tag":[270,273,264,267],"class_list":{"0":"post-3233","1":"product","2":"type-product","3":"status-publish","4":"has-post-thumbnail","6":"product_tag-kit-de-camara-ip","7":"product_tag-kits-de-camaras-de-seguridad-para-el-hogar","8":"product_tag-sistema-de-seguridad-inalambrico-kit-nvr","9":"product_tag-venta-de-kits-de-cctv","11":"first","12":"instock","13":"shipping-taxable","14":"product-type-simple"},"acf":[],"yoast_head":"<!-- This site is optimized with the Yoast SEO Premium plugin v20.2.1 (Yoast SEO v26.1.1) - https:\/\/yoast.com\/wordpress\/plugins\/seo\/ -->\n<title>Mayorista 4CH 3MP Sistema de Seguridad Inal\u00e1mbrico Todo-en-uno NVR kit para Venta DIY CCTV Seguridad IP PTZ c\u00e1mara kits para el hogar - Bokysee Technology Co.,LTD<\/title>\n<meta name=\"description\" content=\"Mayorista 4CH 3MP Sistema de Seguridad Inal\u00e1mbrico Todo-en-uno NVR kit para la venta DIY CCTV Seguridad IP PTZ kits de c\u00e1maras para el hogar con pantalla de 10,1 pulgadas\" \/>\n<meta name=\"robots\" content=\"index, follow, max-snippet:-1, max-image-preview:large, max-video-preview:-1\" \/>\n<link rel=\"canonical\" href=\"https:\/\/bokysee.com\/es\/products\/mayorista-4ch-3mp-sistema-de-seguridad-inalambrico-todo-en-uno-nvr-kit-para-venta-diy-cctv-seguridad-ip-ptz-camara-kits-para-el-hogar\/\" \/>\n<meta property=\"og:locale\" content=\"es_ES\" \/>\n<meta property=\"og:type\" content=\"article\" \/>\n<meta property=\"og:title\" content=\"Mayorista 4CH 3MP Sistema de Seguridad Inal\u00e1mbrico Todo-en-uno NVR kit para Venta DIY CCTV Seguridad IP PTZ c\u00e1mara kits para el hogar\" \/>\n<meta property=\"og:description\" content=\"Mayorista 4CH 3MP Sistema de Seguridad Inal\u00e1mbrico Todo-en-uno NVR kit para la venta DIY CCTV Seguridad IP PTZ kits de c\u00e1maras para el hogar con pantalla de 10,1 pulgadas\" \/>\n<meta property=\"og:url\" content=\"https:\/\/bokysee.com\/es\/products\/mayorista-4ch-3mp-sistema-de-seguridad-inalambrico-todo-en-uno-nvr-kit-para-venta-diy-cctv-seguridad-ip-ptz-camara-kits-para-el-hogar\/\" \/>\n<meta property=\"og:site_name\" content=\"Bokysee Technology Co.,LTD\" \/>\n<meta property=\"og:image\" content=\"https:\/\/bokysee.com\/wp-content\/uploads\/2023\/04\/BK-K09T04D3M-1.jpg\" \/>\n\t<meta property=\"og:image:width\" content=\"800\" \/>\n\t<meta property=\"og:image:height\" content=\"800\" \/>\n\t<meta property=\"og:image:type\" content=\"image\/jpeg\" \/>\n<meta name=\"twitter:card\" content=\"summary_large_image\" \/>\n<meta name=\"twitter:label1\" content=\"Tiempo de lectura\" \/>\n\t<meta name=\"twitter:data1\" content=\"2 minutos\" \/>\n<script type=\"application\/ld+json\" class=\"yoast-schema-graph\">{\"@context\":\"https:\/\/schema.org\",\"@graph\":[{\"@type\":\"WebPage\",\"@id\":\"https:\/\/bokysee.com\/es\/products\/mayorista-4ch-3mp-sistema-de-seguridad-inalambrico-todo-en-uno-nvr-kit-para-venta-diy-cctv-seguridad-ip-ptz-camara-kits-para-el-hogar\/\",\"url\":\"https:\/\/bokysee.com\/es\/products\/mayorista-4ch-3mp-sistema-de-seguridad-inalambrico-todo-en-uno-nvr-kit-para-venta-diy-cctv-seguridad-ip-ptz-camara-kits-para-el-hogar\/\",\"name\":\"Mayorista 4CH 3MP Sistema de Seguridad Inal\u00e1mbrico Todo-en-uno NVR kit para Venta DIY CCTV Seguridad IP PTZ c\u00e1mara kits para el hogar - Bokysee Technology Co.,LTD\",\"isPartOf\":{\"@id\":\"https:\/\/bokysee.com\/#website\"},\"primaryImageOfPage\":{\"@id\":\"https:\/\/bokysee.com\/es\/products\/mayorista-4ch-3mp-sistema-de-seguridad-inalambrico-todo-en-uno-nvr-kit-para-venta-diy-cctv-seguridad-ip-ptz-camara-kits-para-el-hogar\/#primaryimage\"},\"image\":{\"@id\":\"https:\/\/bokysee.com\/es\/products\/mayorista-4ch-3mp-sistema-de-seguridad-inalambrico-todo-en-uno-nvr-kit-para-venta-diy-cctv-seguridad-ip-ptz-camara-kits-para-el-hogar\/#primaryimage\"},\"thumbnailUrl\":\"https:\/\/bokysee.com\/wp-content\/uploads\/2023\/04\/BK-K09T04D3M-1.jpg\",\"datePublished\":\"2023-04-25T03:27:08+00:00\",\"description\":\"Mayorista 4CH 3MP Sistema de Seguridad Inal\u00e1mbrico Todo-en-uno NVR kit para la venta DIY CCTV Seguridad IP PTZ kits de c\u00e1maras para el hogar con pantalla de 10,1 pulgadas\",\"breadcrumb\":{\"@id\":\"https:\/\/bokysee.com\/es\/products\/mayorista-4ch-3mp-sistema-de-seguridad-inalambrico-todo-en-uno-nvr-kit-para-venta-diy-cctv-seguridad-ip-ptz-camara-kits-para-el-hogar\/#breadcrumb\"},\"inLanguage\":\"es\",\"potentialAction\":[{\"@type\":\"ReadAction\",\"target\":[\"https:\/\/bokysee.com\/es\/products\/mayorista-4ch-3mp-sistema-de-seguridad-inalambrico-todo-en-uno-nvr-kit-para-venta-diy-cctv-seguridad-ip-ptz-camara-kits-para-el-hogar\/\"]}]},{\"@type\":\"ImageObject\",\"inLanguage\":\"es\",\"@id\":\"https:\/\/bokysee.com\/es\/products\/mayorista-4ch-3mp-sistema-de-seguridad-inalambrico-todo-en-uno-nvr-kit-para-venta-diy-cctv-seguridad-ip-ptz-camara-kits-para-el-hogar\/#primaryimage\",\"url\":\"https:\/\/bokysee.com\/wp-content\/uploads\/2023\/04\/BK-K09T04D3M-1.jpg\",\"contentUrl\":\"https:\/\/bokysee.com\/wp-content\/uploads\/2023\/04\/BK-K09T04D3M-1.jpg\",\"width\":800,\"height\":800,\"caption\":\"kit de c\u00e1mara ip\"},{\"@type\":\"BreadcrumbList\",\"@id\":\"https:\/\/bokysee.com\/es\/products\/mayorista-4ch-3mp-sistema-de-seguridad-inalambrico-todo-en-uno-nvr-kit-para-venta-diy-cctv-seguridad-ip-ptz-camara-kits-para-el-hogar\/#breadcrumb\",\"itemListElement\":[{\"@type\":\"ListItem\",\"position\":1,\"name\":\"Home\",\"item\":\"https:\/\/bokysee.com\/\"},{\"@type\":\"ListItem\",\"position\":2,\"name\":\"Products\",\"item\":\"https:\/\/bokysee.com\/products\/\"},{\"@type\":\"ListItem\",\"position\":3,\"name\":\"Mayorista 4CH 3MP Sistema de Seguridad Inal\u00e1mbrico Todo-en-uno NVR kit para Venta DIY CCTV Seguridad IP PTZ c\u00e1mara kits para el hogar\"}]},{\"@type\":\"WebSite\",\"@id\":\"https:\/\/bokysee.com\/#website\",\"url\":\"https:\/\/bokysee.com\/\",\"name\":\"Bokysee Technology Co.,LTD\",\"description\":\"Professional Smart Indoor and Outdoor Security Cameras Solution Supplier\",\"potentialAction\":[{\"@type\":\"SearchAction\",\"target\":{\"@type\":\"EntryPoint\",\"urlTemplate\":\"https:\/\/bokysee.com\/?s={search_term_string}\"},\"query-input\":{\"@type\":\"PropertyValueSpecification\",\"valueRequired\":true,\"valueName\":\"search_term_string\"}}],\"inLanguage\":\"es\"}]}<\/script>\n<!-- \/ Yoast SEO Premium plugin. -->","yoast_head_json":{"title":"Mayorista 4CH 3MP Sistema de Seguridad Inal\u00e1mbrico Todo-en-uno NVR kit para Venta DIY CCTV Seguridad IP PTZ c\u00e1mara kits para el hogar - Bokysee Technology Co.,LTD","description":"Mayorista 4CH 3MP Sistema de Seguridad Inal\u00e1mbrico Todo-en-uno NVR kit para la venta DIY CCTV Seguridad IP PTZ kits de c\u00e1maras para el hogar con pantalla de 10,1 pulgadas","robots":{"index":"index","follow":"follow","max-snippet":"max-snippet:-1","max-image-preview":"max-image-preview:large","max-video-preview":"max-video-preview:-1"},"canonical":"https:\/\/bokysee.com\/es\/products\/mayorista-4ch-3mp-sistema-de-seguridad-inalambrico-todo-en-uno-nvr-kit-para-venta-diy-cctv-seguridad-ip-ptz-camara-kits-para-el-hogar\/","og_locale":"es_ES","og_type":"article","og_title":"Mayorista 4CH 3MP Sistema de Seguridad Inal\u00e1mbrico Todo-en-uno NVR kit para Venta DIY CCTV Seguridad IP PTZ c\u00e1mara kits para el hogar","og_description":"Mayorista 4CH 3MP Sistema de Seguridad Inal\u00e1mbrico Todo-en-uno NVR kit para la venta DIY CCTV Seguridad IP PTZ kits de c\u00e1maras para el hogar con pantalla de 10,1 pulgadas","og_url":"https:\/\/bokysee.com\/es\/products\/mayorista-4ch-3mp-sistema-de-seguridad-inalambrico-todo-en-uno-nvr-kit-para-venta-diy-cctv-seguridad-ip-ptz-camara-kits-para-el-hogar\/","og_site_name":"Bokysee Technology Co.,LTD","og_image":[{"width":800,"height":800,"url":"https:\/\/bokysee.com\/wp-content\/uploads\/2023\/04\/BK-K09T04D3M-1.jpg","type":"image\/jpeg"}],"twitter_card":"summary_large_image","twitter_misc":{"Tiempo de lectura":"2 minutos"},"schema":{"@context":"https:\/\/schema.org","@graph":[{"@type":"WebPage","@id":"https:\/\/bokysee.com\/es\/products\/mayorista-4ch-3mp-sistema-de-seguridad-inalambrico-todo-en-uno-nvr-kit-para-venta-diy-cctv-seguridad-ip-ptz-camara-kits-para-el-hogar\/","url":"https:\/\/bokysee.com\/es\/products\/mayorista-4ch-3mp-sistema-de-seguridad-inalambrico-todo-en-uno-nvr-kit-para-venta-diy-cctv-seguridad-ip-ptz-camara-kits-para-el-hogar\/","name":"Mayorista 4CH 3MP Sistema de Seguridad Inal\u00e1mbrico Todo-en-uno NVR kit para Venta DIY CCTV Seguridad IP PTZ c\u00e1mara kits para el hogar - Bokysee Technology Co.,LTD","isPartOf":{"@id":"https:\/\/bokysee.com\/#website"},"primaryImageOfPage":{"@id":"https:\/\/bokysee.com\/es\/products\/mayorista-4ch-3mp-sistema-de-seguridad-inalambrico-todo-en-uno-nvr-kit-para-venta-diy-cctv-seguridad-ip-ptz-camara-kits-para-el-hogar\/#primaryimage"},"image":{"@id":"https:\/\/bokysee.com\/es\/products\/mayorista-4ch-3mp-sistema-de-seguridad-inalambrico-todo-en-uno-nvr-kit-para-venta-diy-cctv-seguridad-ip-ptz-camara-kits-para-el-hogar\/#primaryimage"},"thumbnailUrl":"https:\/\/bokysee.com\/wp-content\/uploads\/2023\/04\/BK-K09T04D3M-1.jpg","datePublished":"2023-04-25T03:27:08+00:00","description":"Mayorista 4CH 3MP Sistema de Seguridad Inal\u00e1mbrico Todo-en-uno NVR kit para la venta DIY CCTV Seguridad IP PTZ kits de c\u00e1maras para el hogar con pantalla de 10,1 pulgadas","breadcrumb":{"@id":"https:\/\/bokysee.com\/es\/products\/mayorista-4ch-3mp-sistema-de-seguridad-inalambrico-todo-en-uno-nvr-kit-para-venta-diy-cctv-seguridad-ip-ptz-camara-kits-para-el-hogar\/#breadcrumb"},"inLanguage":"es","potentialAction":[{"@type":"ReadAction","target":["https:\/\/bokysee.com\/es\/products\/mayorista-4ch-3mp-sistema-de-seguridad-inalambrico-todo-en-uno-nvr-kit-para-venta-diy-cctv-seguridad-ip-ptz-camara-kits-para-el-hogar\/"]}]},{"@type":"ImageObject","inLanguage":"es","@id":"https:\/\/bokysee.com\/es\/products\/mayorista-4ch-3mp-sistema-de-seguridad-inalambrico-todo-en-uno-nvr-kit-para-venta-diy-cctv-seguridad-ip-ptz-camara-kits-para-el-hogar\/#primaryimage","url":"https:\/\/bokysee.com\/wp-content\/uploads\/2023\/04\/BK-K09T04D3M-1.jpg","contentUrl":"https:\/\/bokysee.com\/wp-content\/uploads\/2023\/04\/BK-K09T04D3M-1.jpg","width":800,"height":800,"caption":"kit de c\u00e1mara ip"},{"@type":"BreadcrumbList","@id":"https:\/\/bokysee.com\/es\/products\/mayorista-4ch-3mp-sistema-de-seguridad-inalambrico-todo-en-uno-nvr-kit-para-venta-diy-cctv-seguridad-ip-ptz-camara-kits-para-el-hogar\/#breadcrumb","itemListElement":[{"@type":"ListItem","position":1,"name":"Home","item":"https:\/\/bokysee.com\/"},{"@type":"ListItem","position":2,"name":"Products","item":"https:\/\/bokysee.com\/products\/"},{"@type":"ListItem","position":3,"name":"Mayorista 4CH 3MP Sistema de Seguridad Inal\u00e1mbrico Todo-en-uno NVR kit para Venta DIY CCTV Seguridad IP PTZ c\u00e1mara kits para el hogar"}]},{"@type":"WebSite","@id":"https:\/\/bokysee.com\/#website","url":"https:\/\/bokysee.com\/","name":"Bokysee Technology Co.,LTD","description":"Professional Smart Indoor and Outdoor Security Cameras Solution Supplier","potentialAction":[{"@type":"SearchAction","target":{"@type":"EntryPoint","urlTemplate":"https:\/\/bokysee.com\/?s={search_term_string}"},"query-input":{"@type":"PropertyValueSpecification","valueRequired":true,"valueName":"search_term_string"}}],"inLanguage":"es"}]}},"_links":{"self":[{"href":"https:\/\/bokysee.com\/es\/wp-json\/wp\/v2\/product\/3233","targetHints":{"allow":["GET"]}}],"collection":[{"href":"https:\/\/bokysee.com\/es\/wp-json\/wp\/v2\/product"}],"about":[{"href":"https:\/\/bokysee.com\/es\/wp-json\/wp\/v2\/types\/product"}],"version-history":[{"count":0,"href":"https:\/\/bokysee.com\/es\/wp-json\/wp\/v2\/product\/3233\/revisions"}],"wp:featuredmedia":[{"embeddable":true,"href":"https:\/\/bokysee.com\/es\/wp-json\/wp\/v2\/media\/2832"}],"wp:attachment":[{"href":"https:\/\/bokysee.com\/es\/wp-json\/wp\/v2\/media?parent=3233"}],"wp:term":[{"taxonomy":"product_brand","embeddable":true,"href":"https:\/\/bokysee.com\/es\/wp-json\/wp\/v2\/product_brand?post=3233"},{"taxonomy":"product_cat","embeddable":true,"href":"https:\/\/bokysee.com\/es\/wp-json\/wp\/v2\/product_cat?post=3233"},{"taxonomy":"product_tag","embeddable":true,"href":"https:\/\/bokysee.com\/es\/wp-json\/wp\/v2\/product_tag?post=3233"}],"curies":[{"name":"wp","href":"https:\/\/api.w.org\/{rel}","templated":true}]}}