{"id":1722,"date":"2023-06-06T15:34:54","date_gmt":"2023-06-06T07:34:54","guid":{"rendered":"https:\/\/bokysee.com\/?post_type=product&#038;p=1722"},"modified":"2024-09-09T15:57:24","modified_gmt":"2024-09-09T07:57:24","slug":"bokysee-2k-10x-dual-lens-smart-solar-powered-battery-wifi-ptz-camera-supplier","status":"publish","type":"product","link":"https:\/\/bokysee.com\/es\/products\/bokysee-2k-10x-dual-lens-smart-solar-powered-battery-wifi-ptz-camera-supplier\/","title":{"rendered":"C\u00e1mara PTZ inteligente con WiFi y bater\u00eda solar Bokysee 2K 10X de doble lente"},"content":{"rendered":"<p><strong>C\u00e1mara PTZ inteligente con WiFi y energ\u00eda solar de doble lente 2K 10X de Bokysee:<\/strong><\/p>\n<p>El fabricante de c\u00e1maras de seguridad suministra directamente la c\u00e1mara de seguridad solar PTZ WiFi de doble lente con zoom 10X y 2K a precios incre\u00edbles. Esta c\u00e1mara cuenta con lente dual de 4 mm + 12 mm, zoom h\u00edbrido 10X, 2 luces blancas + 2 luces infrarrojas, audio bidireccional, inicio r\u00e1pido, grabaci\u00f3n en 1 s, detecci\u00f3n de movimiento PIR, activaci\u00f3n de alarma inteligente y carga solar de 5 W.<\/p>\n<p><img fetchpriority=\"high\" decoding=\"async\" class=\"alignnone size-full wp-image-1723\" src=\"https:\/\/bokysee.com\/wp-content\/uploads\/2023\/06\/BK-LD03D_01.jpg\" alt=\"\" width=\"1000\" height=\"1380\" srcset=\"https:\/\/bokysee.com\/wp-content\/uploads\/2023\/06\/BK-LD03D_01.jpg 1000w, https:\/\/bokysee.com\/wp-content\/uploads\/2023\/06\/BK-LD03D_01-217x300.jpg 217w, https:\/\/bokysee.com\/wp-content\/uploads\/2023\/06\/BK-LD03D_01-742x1024.jpg 742w, https:\/\/bokysee.com\/wp-content\/uploads\/2023\/06\/BK-LD03D_01-768x1060.jpg 768w, https:\/\/bokysee.com\/wp-content\/uploads\/2023\/06\/BK-LD03D_01-435x600.jpg 435w, https:\/\/bokysee.com\/wp-content\/uploads\/2023\/06\/BK-LD03D_01-600x828.jpg 600w\" sizes=\"(max-width: 1000px) 100vw, 1000px\" \/> <img decoding=\"async\" class=\"alignnone size-full wp-image-1724\" src=\"https:\/\/bokysee.com\/wp-content\/uploads\/2023\/06\/BK-LD03D_02.jpg\" alt=\"\" width=\"1000\" height=\"781\" srcset=\"https:\/\/bokysee.com\/wp-content\/uploads\/2023\/06\/BK-LD03D_02.jpg 1000w, https:\/\/bokysee.com\/wp-content\/uploads\/2023\/06\/BK-LD03D_02-300x234.jpg 300w, https:\/\/bokysee.com\/wp-content\/uploads\/2023\/06\/BK-LD03D_02-768x600.jpg 768w, https:\/\/bokysee.com\/wp-content\/uploads\/2023\/06\/BK-LD03D_02-600x469.jpg 600w\" sizes=\"(max-width: 1000px) 100vw, 1000px\" \/> <img decoding=\"async\" class=\"alignnone size-full wp-image-1725\" src=\"https:\/\/bokysee.com\/wp-content\/uploads\/2023\/06\/BK-LD03D_03.jpg\" alt=\"\" width=\"1000\" height=\"1126\" srcset=\"https:\/\/bokysee.com\/wp-content\/uploads\/2023\/06\/BK-LD03D_03.jpg 1000w, https:\/\/bokysee.com\/wp-content\/uploads\/2023\/06\/BK-LD03D_03-266x300.jpg 266w, https:\/\/bokysee.com\/wp-content\/uploads\/2023\/06\/BK-LD03D_03-909x1024.jpg 909w, https:\/\/bokysee.com\/wp-content\/uploads\/2023\/06\/BK-LD03D_03-768x865.jpg 768w, https:\/\/bokysee.com\/wp-content\/uploads\/2023\/06\/BK-LD03D_03-533x600.jpg 533w, https:\/\/bokysee.com\/wp-content\/uploads\/2023\/06\/BK-LD03D_03-600x676.jpg 600w\" sizes=\"(max-width: 1000px) 100vw, 1000px\" \/> <img loading=\"lazy\" decoding=\"async\" class=\"alignnone size-full wp-image-1726\" src=\"https:\/\/bokysee.com\/wp-content\/uploads\/2023\/06\/BK-LD03D_04.jpg\" alt=\"\" width=\"1000\" height=\"2115\" srcset=\"https:\/\/bokysee.com\/wp-content\/uploads\/2023\/06\/BK-LD03D_04.jpg 1000w, https:\/\/bokysee.com\/wp-content\/uploads\/2023\/06\/BK-LD03D_04-142x300.jpg 142w, https:\/\/bokysee.com\/wp-content\/uploads\/2023\/06\/BK-LD03D_04-484x1024.jpg 484w, https:\/\/bokysee.com\/wp-content\/uploads\/2023\/06\/BK-LD03D_04-768x1624.jpg 768w, https:\/\/bokysee.com\/wp-content\/uploads\/2023\/06\/BK-LD03D_04-726x1536.jpg 726w, https:\/\/bokysee.com\/wp-content\/uploads\/2023\/06\/BK-LD03D_04-968x2048.jpg 968w, https:\/\/bokysee.com\/wp-content\/uploads\/2023\/06\/BK-LD03D_04-284x600.jpg 284w, https:\/\/bokysee.com\/wp-content\/uploads\/2023\/06\/BK-LD03D_04-600x1269.jpg 600w\" sizes=\"(max-width: 1000px) 100vw, 1000px\" \/> <img loading=\"lazy\" decoding=\"async\" class=\"alignnone size-full wp-image-1727\" src=\"https:\/\/bokysee.com\/wp-content\/uploads\/2023\/06\/BK-LD03D_05.jpg\" alt=\"\" width=\"1000\" height=\"828\" srcset=\"https:\/\/bokysee.com\/wp-content\/uploads\/2023\/06\/BK-LD03D_05.jpg 1000w, https:\/\/bokysee.com\/wp-content\/uploads\/2023\/06\/BK-LD03D_05-300x248.jpg 300w, https:\/\/bokysee.com\/wp-content\/uploads\/2023\/06\/BK-LD03D_05-768x636.jpg 768w, https:\/\/bokysee.com\/wp-content\/uploads\/2023\/06\/BK-LD03D_05-600x497.jpg 600w\" sizes=\"(max-width: 1000px) 100vw, 1000px\" \/> <img loading=\"lazy\" decoding=\"async\" class=\"alignnone size-full wp-image-1728\" src=\"https:\/\/bokysee.com\/wp-content\/uploads\/2023\/06\/BK-LD03D_06.jpg\" alt=\"\" width=\"1000\" height=\"1012\" srcset=\"https:\/\/bokysee.com\/wp-content\/uploads\/2023\/06\/BK-LD03D_06.jpg 1000w, https:\/\/bokysee.com\/wp-content\/uploads\/2023\/06\/BK-LD03D_06-296x300.jpg 296w, https:\/\/bokysee.com\/wp-content\/uploads\/2023\/06\/BK-LD03D_06-768x777.jpg 768w, https:\/\/bokysee.com\/wp-content\/uploads\/2023\/06\/BK-LD03D_06-593x600.jpg 593w, https:\/\/bokysee.com\/wp-content\/uploads\/2023\/06\/BK-LD03D_06-600x607.jpg 600w, https:\/\/bokysee.com\/wp-content\/uploads\/2023\/06\/BK-LD03D_06-100x100.jpg 100w\" sizes=\"(max-width: 1000px) 100vw, 1000px\" \/> <img loading=\"lazy\" decoding=\"async\" class=\"alignnone size-full wp-image-1729\" src=\"https:\/\/bokysee.com\/wp-content\/uploads\/2023\/06\/BK-LD03D_07.jpg\" alt=\"\" width=\"1000\" height=\"1268\" srcset=\"https:\/\/bokysee.com\/wp-content\/uploads\/2023\/06\/BK-LD03D_07.jpg 1000w, https:\/\/bokysee.com\/wp-content\/uploads\/2023\/06\/BK-LD03D_07-237x300.jpg 237w, https:\/\/bokysee.com\/wp-content\/uploads\/2023\/06\/BK-LD03D_07-808x1024.jpg 808w, https:\/\/bokysee.com\/wp-content\/uploads\/2023\/06\/BK-LD03D_07-768x974.jpg 768w, https:\/\/bokysee.com\/wp-content\/uploads\/2023\/06\/BK-LD03D_07-473x600.jpg 473w, https:\/\/bokysee.com\/wp-content\/uploads\/2023\/06\/BK-LD03D_07-600x761.jpg 600w\" sizes=\"(max-width: 1000px) 100vw, 1000px\" \/> <img loading=\"lazy\" decoding=\"async\" class=\"alignnone size-full wp-image-1730\" src=\"https:\/\/bokysee.com\/wp-content\/uploads\/2023\/06\/BK-LD03D_08.jpg\" alt=\"\" width=\"1000\" height=\"1322\" srcset=\"https:\/\/bokysee.com\/wp-content\/uploads\/2023\/06\/BK-LD03D_08.jpg 1000w, https:\/\/bokysee.com\/wp-content\/uploads\/2023\/06\/BK-LD03D_08-227x300.jpg 227w, https:\/\/bokysee.com\/wp-content\/uploads\/2023\/06\/BK-LD03D_08-775x1024.jpg 775w, https:\/\/bokysee.com\/wp-content\/uploads\/2023\/06\/BK-LD03D_08-768x1015.jpg 768w, https:\/\/bokysee.com\/wp-content\/uploads\/2023\/06\/BK-LD03D_08-454x600.jpg 454w, https:\/\/bokysee.com\/wp-content\/uploads\/2023\/06\/BK-LD03D_08-600x793.jpg 600w\" sizes=\"(max-width: 1000px) 100vw, 1000px\" \/> <img loading=\"lazy\" decoding=\"async\" class=\"alignnone size-full wp-image-1731\" src=\"https:\/\/bokysee.com\/wp-content\/uploads\/2023\/06\/BK-LD03D_09.jpg\" alt=\"\" width=\"1000\" height=\"1053\" srcset=\"https:\/\/bokysee.com\/wp-content\/uploads\/2023\/06\/BK-LD03D_09.jpg 1000w, https:\/\/bokysee.com\/wp-content\/uploads\/2023\/06\/BK-LD03D_09-285x300.jpg 285w, https:\/\/bokysee.com\/wp-content\/uploads\/2023\/06\/BK-LD03D_09-972x1024.jpg 972w, https:\/\/bokysee.com\/wp-content\/uploads\/2023\/06\/BK-LD03D_09-768x809.jpg 768w, https:\/\/bokysee.com\/wp-content\/uploads\/2023\/06\/BK-LD03D_09-570x600.jpg 570w, https:\/\/bokysee.com\/wp-content\/uploads\/2023\/06\/BK-LD03D_09-600x632.jpg 600w\" sizes=\"(max-width: 1000px) 100vw, 1000px\" \/> <img loading=\"lazy\" decoding=\"async\" class=\"alignnone size-full wp-image-1732\" src=\"https:\/\/bokysee.com\/wp-content\/uploads\/2023\/06\/BK-LD03D_10.jpg\" alt=\"\" width=\"1000\" height=\"964\" srcset=\"https:\/\/bokysee.com\/wp-content\/uploads\/2023\/06\/BK-LD03D_10.jpg 1000w, https:\/\/bokysee.com\/wp-content\/uploads\/2023\/06\/BK-LD03D_10-300x289.jpg 300w, https:\/\/bokysee.com\/wp-content\/uploads\/2023\/06\/BK-LD03D_10-768x740.jpg 768w, https:\/\/bokysee.com\/wp-content\/uploads\/2023\/06\/BK-LD03D_10-600x578.jpg 600w\" sizes=\"(max-width: 1000px) 100vw, 1000px\" \/> <img loading=\"lazy\" decoding=\"async\" class=\"alignnone size-full wp-image-1733\" src=\"https:\/\/bokysee.com\/wp-content\/uploads\/2023\/06\/BK-LD03D_11.jpg\" alt=\"\" width=\"1000\" height=\"961\" srcset=\"https:\/\/bokysee.com\/wp-content\/uploads\/2023\/06\/BK-LD03D_11.jpg 1000w, https:\/\/bokysee.com\/wp-content\/uploads\/2023\/06\/BK-LD03D_11-300x288.jpg 300w, https:\/\/bokysee.com\/wp-content\/uploads\/2023\/06\/BK-LD03D_11-768x738.jpg 768w, https:\/\/bokysee.com\/wp-content\/uploads\/2023\/06\/BK-LD03D_11-600x577.jpg 600w\" sizes=\"(max-width: 1000px) 100vw, 1000px\" \/> <img loading=\"lazy\" decoding=\"async\" class=\"alignnone size-full wp-image-1734\" src=\"https:\/\/bokysee.com\/wp-content\/uploads\/2023\/06\/BK-LD03D_12.jpg\" alt=\"\" width=\"1000\" height=\"896\" srcset=\"https:\/\/bokysee.com\/wp-content\/uploads\/2023\/06\/BK-LD03D_12.jpg 1000w, https:\/\/bokysee.com\/wp-content\/uploads\/2023\/06\/BK-LD03D_12-300x269.jpg 300w, https:\/\/bokysee.com\/wp-content\/uploads\/2023\/06\/BK-LD03D_12-768x688.jpg 768w, https:\/\/bokysee.com\/wp-content\/uploads\/2023\/06\/BK-LD03D_12-600x538.jpg 600w\" sizes=\"(max-width: 1000px) 100vw, 1000px\" \/> <img loading=\"lazy\" decoding=\"async\" class=\"alignnone size-full wp-image-1735\" src=\"https:\/\/bokysee.com\/wp-content\/uploads\/2023\/06\/BK-LD03D_13.jpg\" alt=\"\" width=\"1000\" height=\"891\" srcset=\"https:\/\/bokysee.com\/wp-content\/uploads\/2023\/06\/BK-LD03D_13.jpg 1000w, https:\/\/bokysee.com\/wp-content\/uploads\/2023\/06\/BK-LD03D_13-300x267.jpg 300w, https:\/\/bokysee.com\/wp-content\/uploads\/2023\/06\/BK-LD03D_13-768x684.jpg 768w, https:\/\/bokysee.com\/wp-content\/uploads\/2023\/06\/BK-LD03D_13-600x535.jpg 600w\" sizes=\"(max-width: 1000px) 100vw, 1000px\" \/> <img loading=\"lazy\" decoding=\"async\" class=\"alignnone size-full wp-image-1736\" src=\"https:\/\/bokysee.com\/wp-content\/uploads\/2023\/06\/BK-LD03D_14.jpg\" alt=\"\" width=\"1000\" height=\"1093\" srcset=\"https:\/\/bokysee.com\/wp-content\/uploads\/2023\/06\/BK-LD03D_14.jpg 1000w, https:\/\/bokysee.com\/wp-content\/uploads\/2023\/06\/BK-LD03D_14-274x300.jpg 274w, https:\/\/bokysee.com\/wp-content\/uploads\/2023\/06\/BK-LD03D_14-937x1024.jpg 937w, https:\/\/bokysee.com\/wp-content\/uploads\/2023\/06\/BK-LD03D_14-768x839.jpg 768w, https:\/\/bokysee.com\/wp-content\/uploads\/2023\/06\/BK-LD03D_14-549x600.jpg 549w, https:\/\/bokysee.com\/wp-content\/uploads\/2023\/06\/BK-LD03D_14-600x656.jpg 600w\" sizes=\"(max-width: 1000px) 100vw, 1000px\" \/> <img loading=\"lazy\" decoding=\"async\" class=\"alignnone size-full wp-image-1737\" src=\"https:\/\/bokysee.com\/wp-content\/uploads\/2023\/06\/BK-LD03D_15.jpg\" alt=\"\" width=\"1000\" height=\"1213\" srcset=\"https:\/\/bokysee.com\/wp-content\/uploads\/2023\/06\/BK-LD03D_15.jpg 1000w, https:\/\/bokysee.com\/wp-content\/uploads\/2023\/06\/BK-LD03D_15-247x300.jpg 247w, https:\/\/bokysee.com\/wp-content\/uploads\/2023\/06\/BK-LD03D_15-844x1024.jpg 844w, https:\/\/bokysee.com\/wp-content\/uploads\/2023\/06\/BK-LD03D_15-768x932.jpg 768w, https:\/\/bokysee.com\/wp-content\/uploads\/2023\/06\/BK-LD03D_15-495x600.jpg 495w, https:\/\/bokysee.com\/wp-content\/uploads\/2023\/06\/BK-LD03D_15-600x728.jpg 600w\" sizes=\"(max-width: 1000px) 100vw, 1000px\" \/> <img loading=\"lazy\" decoding=\"async\" class=\"alignnone size-full wp-image-1738\" src=\"https:\/\/bokysee.com\/wp-content\/uploads\/2023\/06\/BK-LD03D_16.jpg\" alt=\"\" width=\"1000\" height=\"720\" srcset=\"https:\/\/bokysee.com\/wp-content\/uploads\/2023\/06\/BK-LD03D_16.jpg 1000w, https:\/\/bokysee.com\/wp-content\/uploads\/2023\/06\/BK-LD03D_16-300x216.jpg 300w, https:\/\/bokysee.com\/wp-content\/uploads\/2023\/06\/BK-LD03D_16-768x553.jpg 768w, https:\/\/bokysee.com\/wp-content\/uploads\/2023\/06\/BK-LD03D_16-600x432.jpg 600w\" sizes=\"(max-width: 1000px) 100vw, 1000px\" \/> <img loading=\"lazy\" decoding=\"async\" class=\"alignnone size-full wp-image-1739\" src=\"https:\/\/bokysee.com\/wp-content\/uploads\/2023\/06\/BK-LD03D_17.jpg\" alt=\"\" width=\"1000\" height=\"1620\" srcset=\"https:\/\/bokysee.com\/wp-content\/uploads\/2023\/06\/BK-LD03D_17.jpg 1000w, https:\/\/bokysee.com\/wp-content\/uploads\/2023\/06\/BK-LD03D_17-185x300.jpg 185w, https:\/\/bokysee.com\/wp-content\/uploads\/2023\/06\/BK-LD03D_17-632x1024.jpg 632w, https:\/\/bokysee.com\/wp-content\/uploads\/2023\/06\/BK-LD03D_17-768x1244.jpg 768w, https:\/\/bokysee.com\/wp-content\/uploads\/2023\/06\/BK-LD03D_17-948x1536.jpg 948w, https:\/\/bokysee.com\/wp-content\/uploads\/2023\/06\/BK-LD03D_17-370x600.jpg 370w, https:\/\/bokysee.com\/wp-content\/uploads\/2023\/06\/BK-LD03D_17-600x972.jpg 600w\" sizes=\"(max-width: 1000px) 100vw, 1000px\" \/> <img loading=\"lazy\" decoding=\"async\" class=\"alignnone size-full wp-image-1740\" src=\"https:\/\/bokysee.com\/wp-content\/uploads\/2023\/06\/BK-LD03D_18.jpg\" alt=\"\" width=\"1000\" height=\"1107\" srcset=\"https:\/\/bokysee.com\/wp-content\/uploads\/2023\/06\/BK-LD03D_18.jpg 1000w, https:\/\/bokysee.com\/wp-content\/uploads\/2023\/06\/BK-LD03D_18-271x300.jpg 271w, https:\/\/bokysee.com\/wp-content\/uploads\/2023\/06\/BK-LD03D_18-925x1024.jpg 925w, https:\/\/bokysee.com\/wp-content\/uploads\/2023\/06\/BK-LD03D_18-768x850.jpg 768w, https:\/\/bokysee.com\/wp-content\/uploads\/2023\/06\/BK-LD03D_18-542x600.jpg 542w, https:\/\/bokysee.com\/wp-content\/uploads\/2023\/06\/BK-LD03D_18-600x664.jpg 600w\" sizes=\"(max-width: 1000px) 100vw, 1000px\" \/> <img loading=\"lazy\" decoding=\"async\" class=\"alignnone size-full wp-image-1741\" src=\"https:\/\/bokysee.com\/wp-content\/uploads\/2023\/06\/D1W1_19.jpg\" alt=\"\" width=\"1000\" height=\"916\" srcset=\"https:\/\/bokysee.com\/wp-content\/uploads\/2023\/06\/D1W1_19.jpg 1000w, https:\/\/bokysee.com\/wp-content\/uploads\/2023\/06\/D1W1_19-300x275.jpg 300w, https:\/\/bokysee.com\/wp-content\/uploads\/2023\/06\/D1W1_19-768x703.jpg 768w, https:\/\/bokysee.com\/wp-content\/uploads\/2023\/06\/D1W1_19-600x550.jpg 600w\" sizes=\"(max-width: 1000px) 100vw, 1000px\" \/> <img loading=\"lazy\" decoding=\"async\" class=\"alignnone size-full wp-image-1742\" src=\"https:\/\/bokysee.com\/wp-content\/uploads\/2023\/06\/D1W1_20.jpg\" alt=\"\" width=\"1000\" height=\"846\" srcset=\"https:\/\/bokysee.com\/wp-content\/uploads\/2023\/06\/D1W1_20.jpg 1000w, https:\/\/bokysee.com\/wp-content\/uploads\/2023\/06\/D1W1_20-300x254.jpg 300w, https:\/\/bokysee.com\/wp-content\/uploads\/2023\/06\/D1W1_20-768x650.jpg 768w, https:\/\/bokysee.com\/wp-content\/uploads\/2023\/06\/D1W1_20-600x508.jpg 600w\" sizes=\"(max-width: 1000px) 100vw, 1000px\" \/><\/p>\n<p>&nbsp;<\/p>","protected":false},"excerpt":{"rendered":"<p>C\u00e1mara solar PTZ WiFi de doble lente 2K 10X:<br \/>\n* Resoluci\u00f3n: 1\/2,9 pulgadas 3MP<br \/>\n* DSP + Sensor: Ingenic T31 + GC2063<br \/>\n* Resistente al agua IP65 para exteriores<br \/>\n* Lente dual: 4MM + 12MM, zoom h\u00edbrido 10X<br \/>\n* Red inal\u00e1mbrica 802.11b\/g\/n de 2,4 GHz<br \/>\n* Luces duales: 2 luces blancas + 2 infrarrojas<br \/>\n* Audio bidireccional, inicio r\u00e1pido, comienza a grabar en 1 segundo<br \/>\n* Detecci\u00f3n de movimiento PIR, pulsador de alarma inteligente<br \/>\n* Carga solar de 5 W, suministro de energ\u00eda continuo.<br \/>\n* Bater\u00eda 21700 *2 (9000 mAh), alerta de baja energ\u00eda<br \/>\n* Fuente de alimentaci\u00f3n: entrada DC 5 V 2 A (Micro USB\/DC opcional)<br \/>\n* Admite almacenamiento en la nube y tarjeta TF externa de hasta 128 GB.<br \/>\n* Almacenamiento gratuito en la nube de un ciclo de 7 d\u00edas (grabaci\u00f3n de alarma)<br \/>\n* Tama\u00f1o y peso de la caja de regalo: 208*190*125 mm\/pieza, 1,0 kg\/pieza<\/p>","protected":false},"featured_media":1743,"template":"","meta":[],"product_brand":[],"product_cat":[1111,1110],"product_tag":[198,196,193,195,197],"class_list":{"0":"post-1722","1":"product","2":"type-product","3":"status-publish","4":"has-post-thumbnail","6":"product_cat-4g-solar-camera","7":"product_cat-wifi-solar-camera","8":"product_tag-smart-solar-camera","9":"product_tag-solar-powered-camera","10":"product_tag-solar-wifi-camera-factory","11":"product_tag-solar-wifi-camera-supplier","12":"product_tag-wifi-solar-ip-camera","14":"first","15":"instock","16":"shipping-taxable","17":"product-type-simple"},"acf":[],"yoast_head":"<!-- This site is optimized with the Yoast SEO Premium plugin v20.2.1 (Yoast SEO v26.1.1) - https:\/\/yoast.com\/wordpress\/plugins\/seo\/ -->\n<title>Bokysee 2K 10X Dual Lens Smart Solar Powered Battery WiFi PTZ Camera Supplier - Bokysee Technology Co.,LTD<\/title>\n<meta name=\"description\" content=\"Super Cheap Price 2K 10X Dual Lens and Dual Light Smart Solar Powered WiFi PTZ Camera Supplier from Bokysee Security Cameras Manufacturer\" \/>\n<meta name=\"robots\" content=\"index, follow, max-snippet:-1, max-image-preview:large, max-video-preview:-1\" \/>\n<link rel=\"canonical\" href=\"https:\/\/bokysee.com\/es\/products\/bokysee-2k-10x-dual-lens-smart-solar-powered-battery-wifi-ptz-camera-supplier\/\" \/>\n<meta property=\"og:locale\" content=\"es_ES\" \/>\n<meta property=\"og:type\" content=\"article\" \/>\n<meta property=\"og:title\" content=\"Bokysee 2K 10X Dual Lens Smart Solar Powered Battery WiFi PTZ Camera Supplier\" \/>\n<meta property=\"og:description\" content=\"Super Cheap Price 2K 10X Dual Lens and Dual Light Smart Solar Powered WiFi PTZ Camera Supplier from Bokysee Security Cameras Manufacturer\" \/>\n<meta property=\"og:url\" content=\"https:\/\/bokysee.com\/es\/products\/bokysee-2k-10x-dual-lens-smart-solar-powered-battery-wifi-ptz-camera-supplier\/\" \/>\n<meta property=\"og:site_name\" content=\"Bokysee Technology Co.,LTD\" \/>\n<meta property=\"article:modified_time\" content=\"2024-09-09T07:57:24+00:00\" \/>\n<meta property=\"og:image\" content=\"https:\/\/bokysee.com\/wp-content\/uploads\/2023\/06\/BK-LD03D.jpg\" \/>\n\t<meta property=\"og:image:width\" content=\"800\" \/>\n\t<meta property=\"og:image:height\" content=\"800\" \/>\n\t<meta property=\"og:image:type\" content=\"image\/jpeg\" \/>\n<meta name=\"twitter:card\" content=\"summary_large_image\" \/>\n<meta name=\"twitter:label1\" content=\"Tiempo de lectura\" \/>\n\t<meta name=\"twitter:data1\" content=\"5 minutos\" \/>\n<script type=\"application\/ld+json\" class=\"yoast-schema-graph\">{\"@context\":\"https:\/\/schema.org\",\"@graph\":[{\"@type\":\"WebPage\",\"@id\":\"https:\/\/bokysee.com\/products\/bokysee-2k-10x-dual-lens-smart-solar-powered-battery-wifi-ptz-camera-supplier\/\",\"url\":\"https:\/\/bokysee.com\/products\/bokysee-2k-10x-dual-lens-smart-solar-powered-battery-wifi-ptz-camera-supplier\/\",\"name\":\"Bokysee 2K 10X Dual Lens Smart Solar Powered Battery WiFi PTZ Camera Supplier - Bokysee Technology Co.,LTD\",\"isPartOf\":{\"@id\":\"https:\/\/bokysee.com\/#website\"},\"primaryImageOfPage\":{\"@id\":\"https:\/\/bokysee.com\/products\/bokysee-2k-10x-dual-lens-smart-solar-powered-battery-wifi-ptz-camera-supplier\/#primaryimage\"},\"image\":{\"@id\":\"https:\/\/bokysee.com\/products\/bokysee-2k-10x-dual-lens-smart-solar-powered-battery-wifi-ptz-camera-supplier\/#primaryimage\"},\"thumbnailUrl\":\"https:\/\/bokysee.com\/wp-content\/uploads\/2023\/06\/BK-LD03D.jpg\",\"datePublished\":\"2023-06-06T07:34:54+00:00\",\"dateModified\":\"2024-09-09T07:57:24+00:00\",\"description\":\"Super Cheap Price 2K 10X Dual Lens and Dual Light Smart Solar Powered WiFi PTZ Camera Supplier from Bokysee Security Cameras Manufacturer\",\"breadcrumb\":{\"@id\":\"https:\/\/bokysee.com\/products\/bokysee-2k-10x-dual-lens-smart-solar-powered-battery-wifi-ptz-camera-supplier\/#breadcrumb\"},\"inLanguage\":\"es\",\"potentialAction\":[{\"@type\":\"ReadAction\",\"target\":[\"https:\/\/bokysee.com\/products\/bokysee-2k-10x-dual-lens-smart-solar-powered-battery-wifi-ptz-camera-supplier\/\"]}]},{\"@type\":\"ImageObject\",\"inLanguage\":\"es\",\"@id\":\"https:\/\/bokysee.com\/products\/bokysee-2k-10x-dual-lens-smart-solar-powered-battery-wifi-ptz-camera-supplier\/#primaryimage\",\"url\":\"https:\/\/bokysee.com\/wp-content\/uploads\/2023\/06\/BK-LD03D.jpg\",\"contentUrl\":\"https:\/\/bokysee.com\/wp-content\/uploads\/2023\/06\/BK-LD03D.jpg\",\"width\":800,\"height\":800,\"caption\":\"Solar IP Camera\"},{\"@type\":\"BreadcrumbList\",\"@id\":\"https:\/\/bokysee.com\/products\/bokysee-2k-10x-dual-lens-smart-solar-powered-battery-wifi-ptz-camera-supplier\/#breadcrumb\",\"itemListElement\":[{\"@type\":\"ListItem\",\"position\":1,\"name\":\"Home\",\"item\":\"https:\/\/bokysee.com\/\"},{\"@type\":\"ListItem\",\"position\":2,\"name\":\"Products\",\"item\":\"https:\/\/bokysee.com\/products\/\"},{\"@type\":\"ListItem\",\"position\":3,\"name\":\"Bokysee 2K 10X Dual Lens Smart Solar Powered Battery WiFi PTZ Camera Supplier\"}]},{\"@type\":\"WebSite\",\"@id\":\"https:\/\/bokysee.com\/#website\",\"url\":\"https:\/\/bokysee.com\/\",\"name\":\"Bokysee Technology Co.,LTD\",\"description\":\"Professional Smart Indoor and Outdoor Security Cameras Solution Supplier\",\"potentialAction\":[{\"@type\":\"SearchAction\",\"target\":{\"@type\":\"EntryPoint\",\"urlTemplate\":\"https:\/\/bokysee.com\/?s={search_term_string}\"},\"query-input\":{\"@type\":\"PropertyValueSpecification\",\"valueRequired\":true,\"valueName\":\"search_term_string\"}}],\"inLanguage\":\"es\"}]}<\/script>\n<!-- \/ Yoast SEO Premium plugin. -->","yoast_head_json":{"title":"Bokysee 2K 10X Dual Lens Smart Solar Powered Battery WiFi PTZ Camera Supplier - Bokysee Technology Co.,LTD","description":"Super Cheap Price 2K 10X Dual Lens and Dual Light Smart Solar Powered WiFi PTZ Camera Supplier from Bokysee Security Cameras Manufacturer","robots":{"index":"index","follow":"follow","max-snippet":"max-snippet:-1","max-image-preview":"max-image-preview:large","max-video-preview":"max-video-preview:-1"},"canonical":"https:\/\/bokysee.com\/es\/products\/bokysee-2k-10x-dual-lens-smart-solar-powered-battery-wifi-ptz-camera-supplier\/","og_locale":"es_ES","og_type":"article","og_title":"Bokysee 2K 10X Dual Lens Smart Solar Powered Battery WiFi PTZ Camera Supplier","og_description":"Super Cheap Price 2K 10X Dual Lens and Dual Light Smart Solar Powered WiFi PTZ Camera Supplier from Bokysee Security Cameras Manufacturer","og_url":"https:\/\/bokysee.com\/es\/products\/bokysee-2k-10x-dual-lens-smart-solar-powered-battery-wifi-ptz-camera-supplier\/","og_site_name":"Bokysee Technology Co.,LTD","article_modified_time":"2024-09-09T07:57:24+00:00","og_image":[{"width":800,"height":800,"url":"https:\/\/bokysee.com\/wp-content\/uploads\/2023\/06\/BK-LD03D.jpg","type":"image\/jpeg"}],"twitter_card":"summary_large_image","twitter_misc":{"Tiempo de lectura":"5 minutos"},"schema":{"@context":"https:\/\/schema.org","@graph":[{"@type":"WebPage","@id":"https:\/\/bokysee.com\/products\/bokysee-2k-10x-dual-lens-smart-solar-powered-battery-wifi-ptz-camera-supplier\/","url":"https:\/\/bokysee.com\/products\/bokysee-2k-10x-dual-lens-smart-solar-powered-battery-wifi-ptz-camera-supplier\/","name":"Bokysee 2K 10X Dual Lens Smart Solar Powered Battery WiFi PTZ Camera Supplier - Bokysee Technology Co.,LTD","isPartOf":{"@id":"https:\/\/bokysee.com\/#website"},"primaryImageOfPage":{"@id":"https:\/\/bokysee.com\/products\/bokysee-2k-10x-dual-lens-smart-solar-powered-battery-wifi-ptz-camera-supplier\/#primaryimage"},"image":{"@id":"https:\/\/bokysee.com\/products\/bokysee-2k-10x-dual-lens-smart-solar-powered-battery-wifi-ptz-camera-supplier\/#primaryimage"},"thumbnailUrl":"https:\/\/bokysee.com\/wp-content\/uploads\/2023\/06\/BK-LD03D.jpg","datePublished":"2023-06-06T07:34:54+00:00","dateModified":"2024-09-09T07:57:24+00:00","description":"Super Cheap Price 2K 10X Dual Lens and Dual Light Smart Solar Powered WiFi PTZ Camera Supplier from Bokysee Security Cameras Manufacturer","breadcrumb":{"@id":"https:\/\/bokysee.com\/products\/bokysee-2k-10x-dual-lens-smart-solar-powered-battery-wifi-ptz-camera-supplier\/#breadcrumb"},"inLanguage":"es","potentialAction":[{"@type":"ReadAction","target":["https:\/\/bokysee.com\/products\/bokysee-2k-10x-dual-lens-smart-solar-powered-battery-wifi-ptz-camera-supplier\/"]}]},{"@type":"ImageObject","inLanguage":"es","@id":"https:\/\/bokysee.com\/products\/bokysee-2k-10x-dual-lens-smart-solar-powered-battery-wifi-ptz-camera-supplier\/#primaryimage","url":"https:\/\/bokysee.com\/wp-content\/uploads\/2023\/06\/BK-LD03D.jpg","contentUrl":"https:\/\/bokysee.com\/wp-content\/uploads\/2023\/06\/BK-LD03D.jpg","width":800,"height":800,"caption":"Solar IP Camera"},{"@type":"BreadcrumbList","@id":"https:\/\/bokysee.com\/products\/bokysee-2k-10x-dual-lens-smart-solar-powered-battery-wifi-ptz-camera-supplier\/#breadcrumb","itemListElement":[{"@type":"ListItem","position":1,"name":"Home","item":"https:\/\/bokysee.com\/"},{"@type":"ListItem","position":2,"name":"Products","item":"https:\/\/bokysee.com\/products\/"},{"@type":"ListItem","position":3,"name":"Bokysee 2K 10X Dual Lens Smart Solar Powered Battery WiFi PTZ Camera Supplier"}]},{"@type":"WebSite","@id":"https:\/\/bokysee.com\/#website","url":"https:\/\/bokysee.com\/","name":"Bokysee Technology Co.,LTD","description":"Professional Smart Indoor and Outdoor Security Cameras Solution Supplier","potentialAction":[{"@type":"SearchAction","target":{"@type":"EntryPoint","urlTemplate":"https:\/\/bokysee.com\/?s={search_term_string}"},"query-input":{"@type":"PropertyValueSpecification","valueRequired":true,"valueName":"search_term_string"}}],"inLanguage":"es"}]}},"_links":{"self":[{"href":"https:\/\/bokysee.com\/es\/wp-json\/wp\/v2\/product\/1722","targetHints":{"allow":["GET"]}}],"collection":[{"href":"https:\/\/bokysee.com\/es\/wp-json\/wp\/v2\/product"}],"about":[{"href":"https:\/\/bokysee.com\/es\/wp-json\/wp\/v2\/types\/product"}],"version-history":[{"count":0,"href":"https:\/\/bokysee.com\/es\/wp-json\/wp\/v2\/product\/1722\/revisions"}],"wp:featuredmedia":[{"embeddable":true,"href":"https:\/\/bokysee.com\/es\/wp-json\/wp\/v2\/media\/1743"}],"wp:attachment":[{"href":"https:\/\/bokysee.com\/es\/wp-json\/wp\/v2\/media?parent=1722"}],"wp:term":[{"taxonomy":"product_brand","embeddable":true,"href":"https:\/\/bokysee.com\/es\/wp-json\/wp\/v2\/product_brand?post=1722"},{"taxonomy":"product_cat","embeddable":true,"href":"https:\/\/bokysee.com\/es\/wp-json\/wp\/v2\/product_cat?post=1722"},{"taxonomy":"product_tag","embeddable":true,"href":"https:\/\/bokysee.com\/es\/wp-json\/wp\/v2\/product_tag?post=1722"}],"curies":[{"name":"wp","href":"https:\/\/api.w.org\/{rel}","templated":true}]}}