{"id":1660,"date":"2023-05-17T07:53:47","date_gmt":"2023-05-16T23:53:47","guid":{"rendered":"https:\/\/bokysee.com\/?post_type=product&#038;p=1660"},"modified":"2023-08-02T09:29:10","modified_gmt":"2023-08-02T01:29:10","slug":"wholesale-security-surveillance-solutions-icsee-xmeye-pro-wireless-ptz-ip-security-camera","status":"publish","type":"product","link":"https:\/\/bokysee.com\/es\/products\/wholesale-security-surveillance-solutions-icsee-xmeye-pro-wireless-ptz-ip-security-camera\/","title":{"rendered":"Soluciones de vigilancia de seguridad al por mayor ICSEE Xmeye Pro C\u00e1mara de seguridad IP PTZ inal\u00e1mbrica"},"content":{"rendered":"<p>C\u00e1mara exterior inteligente WiFi de 2.5K, f\u00e1cil de obtener vista remota en tiempo real, monitoreo suave de panor\u00e1mica e inclinaci\u00f3n en cada rinc\u00f3n cubierto, audio bidireccional, chat en tiempo real en cualquier momento y en cualquier lugar, adecuada para patios al aire libre, granjas al aire libre, estanques de peces, huertos al aire libre, admite almacenamiento en tarjeta TF y almacenamiento en la nube:<\/p>\n<table width=\"816\">\n<tbody>\n<tr>\n<td width=\"132\">Modelo<\/td>\n<td width=\"265\">BK-PT05D2M<\/td>\n<td width=\"418\">BK-PT05D2K<\/td>\n<\/tr>\n<tr>\n<td width=\"132\">control maestro<\/td>\n<td width=\"265\">DSP de 32 bits de doble n\u00facleo (XM530V200\uff09<\/td>\n<td>DSP de 32 bits de doble n\u00facleo (GK7205V210)<\/td>\n<\/tr>\n<tr>\n<td width=\"132\">sensor<\/td>\n<td>Sensor CMOS de alto rendimiento de 2 millones de 1\/2,8 pulgadas<\/td>\n<td>Sensor CMOS de alto rendimiento<\/td>\n<\/tr>\n<tr>\n<td width=\"132\">Iluminaci\u00f3n m\u00ednima<\/td>\n<td colspan=\"2\" width=\"684\">Color: 0,01 Lux a (F1.2, AGC activado); 0 Lux con IR;<br \/>\nBlanco y negro: 0,001 Lux a (F1.2, AGC activado), 0 Lux con IR<\/td>\n<\/tr>\n<tr>\n<td width=\"132\">obturador<\/td>\n<td colspan=\"2\">1\/50 (1\/60) de segundo a 1\/10000 de segundo<\/td>\n<\/tr>\n<tr>\n<td width=\"132\">distancia focal<\/td>\n<td>F2.0*3.6MM<\/td>\n<td>F2.0*3.6MM<\/td>\n<\/tr>\n<tr>\n<td width=\"132\">reducci\u00f3n de ruido<\/td>\n<td colspan=\"2\">Admite 2D\/3D<\/td>\n<\/tr>\n<tr>\n<td width=\"132\">Formato de v\u00eddeo<\/td>\n<td colspan=\"2\">H.265AI<\/td>\n<\/tr>\n<tr>\n<td width=\"132\">poder de resoluci\u00f3n<\/td>\n<td>Flujo de c\u00f3digo principal: 1920 * 1080; Flujo secundario: 800 * 448<\/td>\n<td>Flujo de c\u00f3digo principal: 2560 * 1440; Flujo secundario: 800 * 448<\/td>\n<\/tr>\n<tr>\n<td width=\"132\">Velocidad de cuadros<\/td>\n<td colspan=\"2\" width=\"684\">12 fps<\/td>\n<\/tr>\n<tr>\n<td width=\"132\">An\u00e1lisis inteligente<\/td>\n<td colspan=\"2\" width=\"684\">Admite detecci\u00f3n de forma humana<\/td>\n<\/tr>\n<tr>\n<td width=\"132\">Funci\u00f3n de seguimiento<\/td>\n<td colspan=\"2\" width=\"684\">Admite seguimiento de zoom con forma humana<\/td>\n<\/tr>\n<tr>\n<td width=\"132\">fuente de luz<\/td>\n<td colspan=\"2\" width=\"684\">6 luces blancas + 2 LED de matriz<\/td>\n<\/tr>\n<tr>\n<td width=\"132\">Modo claro<\/td>\n<td colspan=\"2\" width=\"684\">Luz de estrellas a todo color\/visi\u00f3n nocturna infrarroja\/advertencia de luz dual<\/td>\n<\/tr>\n<tr>\n<td width=\"132\">Voz bidireccional<\/td>\n<td colspan=\"2\">sostener<\/td>\n<\/tr>\n<tr>\n<td width=\"132\">almacenamiento en la nube<\/td>\n<td colspan=\"2\">sostener<\/td>\n<\/tr>\n<tr>\n<td width=\"132\">Acuerdo de soporte<\/td>\n<td colspan=\"2\" width=\"684\">Admite el protocolo NETIP y el protocolo ONVIF<\/td>\n<\/tr>\n<tr>\n<td width=\"132\">interfaz de red<\/td>\n<td colspan=\"2\">Puerto Ethernet adaptable de 10M\/100M<\/td>\n<\/tr>\n<tr>\n<td width=\"132\">Interfaz de almacenamiento<\/td>\n<td colspan=\"2\">Tarjeta TF local (hasta 256G)<\/td>\n<\/tr>\n<tr>\n<td width=\"132\">Interfaz de tecla de reinicio<\/td>\n<td colspan=\"2\">Admite recuperaci\u00f3n con un solo clic<\/td>\n<\/tr>\n<tr>\n<td width=\"132\">Est\u00e1ndar inal\u00e1mbrico<\/td>\n<td colspan=\"2\">IEEE802.11b, 802.11g, 802.11n<\/td>\n<\/tr>\n<tr>\n<td width=\"132\">rango de frecuencia<\/td>\n<td colspan=\"2\">2,4 GHz ~ 2,4835 GHz<\/td>\n<\/tr>\n<tr>\n<td width=\"132\">desperdicio de energ\u00eda<\/td>\n<td colspan=\"2\">9W<\/td>\n<\/tr>\n<tr>\n<td width=\"132\">Tama\u00f1o del producto<\/td>\n<td colspan=\"2\">168*118*205 mm<\/td>\n<\/tr>\n<tr>\n<td width=\"132\">Tama\u00f1o de la caja de color<\/td>\n<td colspan=\"2\">223*220*130 mm<\/td>\n<\/tr>\n<tr>\n<td width=\"132\">temperatura<\/td>\n<td colspan=\"2\">Cero 10 \u00b0 C - 60 \u00b0 C, humedad inferior a 90% [sin condensaci\u00f3n]<\/td>\n<\/tr>\n<tr>\n<td width=\"132\">Fuente de alimentaci\u00f3n<\/td>\n<td colspan=\"2\">CC 12 V \u00b1 10%<\/td>\n<\/tr>\n<tr>\n<td width=\"132\">peso<\/td>\n<td colspan=\"2\">Peso neto: 0,524 kg Peso bruto: 0,777 kg (Nota: producto real)<\/td>\n<\/tr>\n<\/tbody>\n<\/table>","protected":false},"excerpt":{"rendered":"<p>* Resoluci\u00f3n: 2MP\/2.5K<br \/>\n* Caja: Carcasa de pl\u00e1stico especial para PC<br \/>\n* Luces duales: 6 luces blancas + 2 LED de matriz<br \/>\n* PTZ gira: 270\u00b0 horizontalmente y 90\u00b0 verticalmente<br \/>\n* Detecci\u00f3n inteligente de humanoides con IA<br \/>\n* Admite alerta de voz y timbre de alarma DIY<br \/>\n* Admite seguimiento autom\u00e1tico en direcci\u00f3n horizontal<br \/>\n* Configuraci\u00f3n de tres modos nocturnos: luz negra a todo color,<br \/>\nVisi\u00f3n nocturna por infrarrojos, advertencia de doble luz;<br \/>\n* Admite WiFi 2,4 Ghz, conexi\u00f3n directa AP,<br \/>\nConexi\u00f3n inal\u00e1mbrica, conexi\u00f3n por cable<br \/>\n* Compatible con Amazon Alex\/Echo Show<br \/>\n* Antena UANT de 5DB especialmente personalizada<br \/>\n* Admite aumento de 5x, solo zoom digital de 5x<br \/>\n* Admite tarjeta de memoria de 128G y almacenamiento en la nube.<\/p>","protected":false},"featured_media":1661,"template":"","meta":[],"product_brand":[],"product_cat":[549],"product_tag":[180,179,178,177],"class_list":{"0":"post-1660","1":"product","2":"type-product","3":"status-publish","4":"has-post-thumbnail","6":"product_cat-smart-wifi-camera","7":"product_tag-ip-camera-wholesale","8":"product_tag-security-surveillance-solutions","9":"product_tag-wireless-cctv-camera-outdoor","10":"product_tag-wireless-ip-camera","12":"first","13":"instock","14":"shipping-taxable","15":"product-type-simple"},"acf":[],"yoast_head":"<!-- This site is optimized with the Yoast SEO Premium plugin v20.2.1 (Yoast SEO v26.1.1) - https:\/\/yoast.com\/wordpress\/plugins\/seo\/ -->\n<title>Wholesale Security Surveillance Solutions ICSEE Xmeye Pro Wireless PTZ IP Security Camera - Bokysee Technology Co.,LTD<\/title>\n<meta name=\"description\" content=\"Wholesale Security Surveillance Solutions ICSEE Xmeye Pro 2.5K Starlight Full Color Auto Tracking Wireless PTZ IP Security Camera\" \/>\n<meta name=\"robots\" content=\"index, follow, max-snippet:-1, max-image-preview:large, max-video-preview:-1\" \/>\n<link rel=\"canonical\" href=\"https:\/\/bokysee.com\/es\/products\/wholesale-security-surveillance-solutions-icsee-xmeye-pro-wireless-ptz-ip-security-camera\/\" \/>\n<meta property=\"og:locale\" content=\"es_ES\" \/>\n<meta property=\"og:type\" content=\"article\" \/>\n<meta property=\"og:title\" content=\"Wholesale Security Surveillance Solutions ICSEE Xmeye Pro Wireless PTZ IP Security Camera\" \/>\n<meta property=\"og:description\" content=\"Wholesale Security Surveillance Solutions ICSEE Xmeye Pro 2.5K Starlight Full Color Auto Tracking Wireless PTZ IP Security Camera\" \/>\n<meta property=\"og:url\" content=\"https:\/\/bokysee.com\/es\/products\/wholesale-security-surveillance-solutions-icsee-xmeye-pro-wireless-ptz-ip-security-camera\/\" \/>\n<meta property=\"og:site_name\" content=\"Bokysee Technology Co.,LTD\" \/>\n<meta property=\"article:modified_time\" content=\"2023-08-02T01:29:10+00:00\" \/>\n<meta property=\"og:image\" content=\"https:\/\/bokysee.com\/wp-content\/uploads\/2023\/05\/BK-PT05D-1.jpg\" \/>\n\t<meta property=\"og:image:width\" content=\"800\" \/>\n\t<meta property=\"og:image:height\" content=\"800\" \/>\n\t<meta property=\"og:image:type\" content=\"image\/jpeg\" \/>\n<meta name=\"twitter:card\" content=\"summary_large_image\" \/>\n<meta name=\"twitter:label1\" content=\"Tiempo de lectura\" \/>\n\t<meta name=\"twitter:data1\" content=\"2 minutos\" \/>\n<script type=\"application\/ld+json\" class=\"yoast-schema-graph\">{\"@context\":\"https:\/\/schema.org\",\"@graph\":[{\"@type\":\"WebPage\",\"@id\":\"https:\/\/bokysee.com\/products\/wholesale-security-surveillance-solutions-icsee-xmeye-pro-wireless-ptz-ip-security-camera\/\",\"url\":\"https:\/\/bokysee.com\/products\/wholesale-security-surveillance-solutions-icsee-xmeye-pro-wireless-ptz-ip-security-camera\/\",\"name\":\"Wholesale Security Surveillance Solutions ICSEE Xmeye Pro Wireless PTZ IP Security Camera - Bokysee Technology Co.,LTD\",\"isPartOf\":{\"@id\":\"https:\/\/bokysee.com\/#website\"},\"primaryImageOfPage\":{\"@id\":\"https:\/\/bokysee.com\/products\/wholesale-security-surveillance-solutions-icsee-xmeye-pro-wireless-ptz-ip-security-camera\/#primaryimage\"},\"image\":{\"@id\":\"https:\/\/bokysee.com\/products\/wholesale-security-surveillance-solutions-icsee-xmeye-pro-wireless-ptz-ip-security-camera\/#primaryimage\"},\"thumbnailUrl\":\"https:\/\/bokysee.com\/wp-content\/uploads\/2023\/05\/BK-PT05D-1.jpg\",\"datePublished\":\"2023-05-16T23:53:47+00:00\",\"dateModified\":\"2023-08-02T01:29:10+00:00\",\"description\":\"Wholesale Security Surveillance Solutions ICSEE Xmeye Pro 2.5K Starlight Full Color Auto Tracking Wireless PTZ IP Security Camera\",\"breadcrumb\":{\"@id\":\"https:\/\/bokysee.com\/products\/wholesale-security-surveillance-solutions-icsee-xmeye-pro-wireless-ptz-ip-security-camera\/#breadcrumb\"},\"inLanguage\":\"es\",\"potentialAction\":[{\"@type\":\"ReadAction\",\"target\":[\"https:\/\/bokysee.com\/products\/wholesale-security-surveillance-solutions-icsee-xmeye-pro-wireless-ptz-ip-security-camera\/\"]}]},{\"@type\":\"ImageObject\",\"inLanguage\":\"es\",\"@id\":\"https:\/\/bokysee.com\/products\/wholesale-security-surveillance-solutions-icsee-xmeye-pro-wireless-ptz-ip-security-camera\/#primaryimage\",\"url\":\"https:\/\/bokysee.com\/wp-content\/uploads\/2023\/05\/BK-PT05D-1.jpg\",\"contentUrl\":\"https:\/\/bokysee.com\/wp-content\/uploads\/2023\/05\/BK-PT05D-1.jpg\",\"width\":800,\"height\":800,\"caption\":\"wifi smart camera factory\"},{\"@type\":\"BreadcrumbList\",\"@id\":\"https:\/\/bokysee.com\/products\/wholesale-security-surveillance-solutions-icsee-xmeye-pro-wireless-ptz-ip-security-camera\/#breadcrumb\",\"itemListElement\":[{\"@type\":\"ListItem\",\"position\":1,\"name\":\"Home\",\"item\":\"https:\/\/bokysee.com\/\"},{\"@type\":\"ListItem\",\"position\":2,\"name\":\"Products\",\"item\":\"https:\/\/bokysee.com\/products\/\"},{\"@type\":\"ListItem\",\"position\":3,\"name\":\"Wholesale Security Surveillance Solutions ICSEE Xmeye Pro Wireless PTZ IP Security Camera\"}]},{\"@type\":\"WebSite\",\"@id\":\"https:\/\/bokysee.com\/#website\",\"url\":\"https:\/\/bokysee.com\/\",\"name\":\"Bokysee Technology Co.,LTD\",\"description\":\"Professional Smart Indoor and Outdoor Security Cameras Solution Supplier\",\"potentialAction\":[{\"@type\":\"SearchAction\",\"target\":{\"@type\":\"EntryPoint\",\"urlTemplate\":\"https:\/\/bokysee.com\/?s={search_term_string}\"},\"query-input\":{\"@type\":\"PropertyValueSpecification\",\"valueRequired\":true,\"valueName\":\"search_term_string\"}}],\"inLanguage\":\"es\"}]}<\/script>\n<!-- \/ Yoast SEO Premium plugin. -->","yoast_head_json":{"title":"Wholesale Security Surveillance Solutions ICSEE Xmeye Pro Wireless PTZ IP Security Camera - Bokysee Technology Co.,LTD","description":"Wholesale Security Surveillance Solutions ICSEE Xmeye Pro 2.5K Starlight Full Color Auto Tracking Wireless PTZ IP Security Camera","robots":{"index":"index","follow":"follow","max-snippet":"max-snippet:-1","max-image-preview":"max-image-preview:large","max-video-preview":"max-video-preview:-1"},"canonical":"https:\/\/bokysee.com\/es\/products\/wholesale-security-surveillance-solutions-icsee-xmeye-pro-wireless-ptz-ip-security-camera\/","og_locale":"es_ES","og_type":"article","og_title":"Wholesale Security Surveillance Solutions ICSEE Xmeye Pro Wireless PTZ IP Security Camera","og_description":"Wholesale Security Surveillance Solutions ICSEE Xmeye Pro 2.5K Starlight Full Color Auto Tracking Wireless PTZ IP Security Camera","og_url":"https:\/\/bokysee.com\/es\/products\/wholesale-security-surveillance-solutions-icsee-xmeye-pro-wireless-ptz-ip-security-camera\/","og_site_name":"Bokysee Technology Co.,LTD","article_modified_time":"2023-08-02T01:29:10+00:00","og_image":[{"width":800,"height":800,"url":"https:\/\/bokysee.com\/wp-content\/uploads\/2023\/05\/BK-PT05D-1.jpg","type":"image\/jpeg"}],"twitter_card":"summary_large_image","twitter_misc":{"Tiempo de lectura":"2 minutos"},"schema":{"@context":"https:\/\/schema.org","@graph":[{"@type":"WebPage","@id":"https:\/\/bokysee.com\/products\/wholesale-security-surveillance-solutions-icsee-xmeye-pro-wireless-ptz-ip-security-camera\/","url":"https:\/\/bokysee.com\/products\/wholesale-security-surveillance-solutions-icsee-xmeye-pro-wireless-ptz-ip-security-camera\/","name":"Wholesale Security Surveillance Solutions ICSEE Xmeye Pro Wireless PTZ IP Security Camera - Bokysee Technology Co.,LTD","isPartOf":{"@id":"https:\/\/bokysee.com\/#website"},"primaryImageOfPage":{"@id":"https:\/\/bokysee.com\/products\/wholesale-security-surveillance-solutions-icsee-xmeye-pro-wireless-ptz-ip-security-camera\/#primaryimage"},"image":{"@id":"https:\/\/bokysee.com\/products\/wholesale-security-surveillance-solutions-icsee-xmeye-pro-wireless-ptz-ip-security-camera\/#primaryimage"},"thumbnailUrl":"https:\/\/bokysee.com\/wp-content\/uploads\/2023\/05\/BK-PT05D-1.jpg","datePublished":"2023-05-16T23:53:47+00:00","dateModified":"2023-08-02T01:29:10+00:00","description":"Wholesale Security Surveillance Solutions ICSEE Xmeye Pro 2.5K Starlight Full Color Auto Tracking Wireless PTZ IP Security Camera","breadcrumb":{"@id":"https:\/\/bokysee.com\/products\/wholesale-security-surveillance-solutions-icsee-xmeye-pro-wireless-ptz-ip-security-camera\/#breadcrumb"},"inLanguage":"es","potentialAction":[{"@type":"ReadAction","target":["https:\/\/bokysee.com\/products\/wholesale-security-surveillance-solutions-icsee-xmeye-pro-wireless-ptz-ip-security-camera\/"]}]},{"@type":"ImageObject","inLanguage":"es","@id":"https:\/\/bokysee.com\/products\/wholesale-security-surveillance-solutions-icsee-xmeye-pro-wireless-ptz-ip-security-camera\/#primaryimage","url":"https:\/\/bokysee.com\/wp-content\/uploads\/2023\/05\/BK-PT05D-1.jpg","contentUrl":"https:\/\/bokysee.com\/wp-content\/uploads\/2023\/05\/BK-PT05D-1.jpg","width":800,"height":800,"caption":"wifi smart camera factory"},{"@type":"BreadcrumbList","@id":"https:\/\/bokysee.com\/products\/wholesale-security-surveillance-solutions-icsee-xmeye-pro-wireless-ptz-ip-security-camera\/#breadcrumb","itemListElement":[{"@type":"ListItem","position":1,"name":"Home","item":"https:\/\/bokysee.com\/"},{"@type":"ListItem","position":2,"name":"Products","item":"https:\/\/bokysee.com\/products\/"},{"@type":"ListItem","position":3,"name":"Wholesale Security Surveillance Solutions ICSEE Xmeye Pro Wireless PTZ IP Security Camera"}]},{"@type":"WebSite","@id":"https:\/\/bokysee.com\/#website","url":"https:\/\/bokysee.com\/","name":"Bokysee Technology Co.,LTD","description":"Professional Smart Indoor and Outdoor Security Cameras Solution Supplier","potentialAction":[{"@type":"SearchAction","target":{"@type":"EntryPoint","urlTemplate":"https:\/\/bokysee.com\/?s={search_term_string}"},"query-input":{"@type":"PropertyValueSpecification","valueRequired":true,"valueName":"search_term_string"}}],"inLanguage":"es"}]}},"_links":{"self":[{"href":"https:\/\/bokysee.com\/es\/wp-json\/wp\/v2\/product\/1660","targetHints":{"allow":["GET"]}}],"collection":[{"href":"https:\/\/bokysee.com\/es\/wp-json\/wp\/v2\/product"}],"about":[{"href":"https:\/\/bokysee.com\/es\/wp-json\/wp\/v2\/types\/product"}],"version-history":[{"count":0,"href":"https:\/\/bokysee.com\/es\/wp-json\/wp\/v2\/product\/1660\/revisions"}],"wp:featuredmedia":[{"embeddable":true,"href":"https:\/\/bokysee.com\/es\/wp-json\/wp\/v2\/media\/1661"}],"wp:attachment":[{"href":"https:\/\/bokysee.com\/es\/wp-json\/wp\/v2\/media?parent=1660"}],"wp:term":[{"taxonomy":"product_brand","embeddable":true,"href":"https:\/\/bokysee.com\/es\/wp-json\/wp\/v2\/product_brand?post=1660"},{"taxonomy":"product_cat","embeddable":true,"href":"https:\/\/bokysee.com\/es\/wp-json\/wp\/v2\/product_cat?post=1660"},{"taxonomy":"product_tag","embeddable":true,"href":"https:\/\/bokysee.com\/es\/wp-json\/wp\/v2\/product_tag?post=1660"}],"curies":[{"name":"wp","href":"https:\/\/api.w.org\/{rel}","templated":true}]}}