{"id":1590,"date":"2023-05-10T03:34:29","date_gmt":"2023-05-09T19:34:29","guid":{"rendered":"https:\/\/bokysee.com\/?post_type=product&#038;p=1590"},"modified":"2023-08-02T09:29:45","modified_gmt":"2023-08-02T01:29:45","slug":"super-hd-2-5k-full-color-night-vision-smart-ai-humanoid-detection-auto-tracking-ptz-cameras","status":"publish","type":"product","link":"https:\/\/bokysee.com\/es\/products\/super-hd-2-5k-full-color-night-vision-smart-ai-humanoid-detection-auto-tracking-ptz-cameras\/","title":{"rendered":"C\u00e1maras PTZ con seguimiento autom\u00e1tico, detecci\u00f3n de humanoides, visi\u00f3n nocturna a todo color, IA inteligente, s\u00faper HD 2.5K"},"content":{"rendered":"<p>* Resoluci\u00f3n: 2MP\/2.5K<br \/>\n* Caja: Carcasa de pl\u00e1stico especial para PC<br \/>\n* Luces duales: 6 luces blancas + 2 LED de matriz<br \/>\n* PTZ gira: 270\u00b0 horizontalmente y 90\u00b0 verticalmente<br \/>\n* Detecci\u00f3n inteligente de humanoides con IA<br \/>\n* Admite alerta de voz y timbre de alarma DIY<br \/>\n* Admite seguimiento autom\u00e1tico en direcci\u00f3n horizontal;<br \/>\n* Configuraci\u00f3n de tres modos nocturnos: luz negra a todo color,<br \/>\nVisi\u00f3n nocturna por infrarrojos, advertencia de doble luz.<br \/>\n* Admite WiFi 2,4 Ghz, conexi\u00f3n directa AP,<br \/>\nConexi\u00f3n inal\u00e1mbrica, conexi\u00f3n por cable<br \/>\n* Compatible con Amazon Alex\/Echo Show<br \/>\n* Antena UANT de 5DB especialmente personalizada<br \/>\n* Admite aumento de 5x, solo zoom digital de 5x<br \/>\n* Admite tarjeta de memoria de 128G y almacenamiento en la nube.<\/p>\n<table style=\"border-collapse: collapse; width: 611.27pt;\" border=\"0\" width=\"815\" cellspacing=\"0\" cellpadding=\"0\">\n<tbody>\n<tr style=\"height: 25.00pt;\">\n<td class=\"et3\" style=\"height: 25.00pt; width: 75.75pt;\" width=\"101\" height=\"33\">Modelo<\/td>\n<td class=\"et4\" style=\"width: 158.25pt;\" width=\"211\">BK-PT03D2M<\/td>\n<td class=\"et5\" style=\"width: 377.25pt;\" width=\"503\">BK-PT03D2K<\/td>\n<\/tr>\n<tr style=\"height: 35.00pt;\">\n<td class=\"et6\" style=\"height: 35.00pt; width: 75.75pt;\" width=\"101\" height=\"46\">control maestro<\/td>\n<td class=\"et7\" style=\"width: 158.25pt;\" width=\"211\">DSP de 32 bits de doble n\u00facleo (XM530V200<span class=\"font3\">\uff09<\/span><\/td>\n<td class=\"et8\">DSP de 32 bits de doble n\u00facleo (GK7205V210)<\/td>\n<\/tr>\n<tr style=\"height: 25.00pt;\">\n<td class=\"et6\" style=\"height: 25.00pt; width: 75.75pt;\" width=\"101\" height=\"33\">sensor<\/td>\n<td class=\"et9\">Sensor CMOS de alto rendimiento de 2 millones de 1\/2,8 pulgadas<\/td>\n<td class=\"et8\">Sensor CMOS de alto rendimiento<\/td>\n<\/tr>\n<tr style=\"height: 36.00pt;\">\n<td class=\"et6\" style=\"height: 36.00pt; width: 75.75pt;\" width=\"101\" height=\"48\">Iluminaci\u00f3n m\u00ednima<\/td>\n<td class=\"et10\" style=\"width: 535.50pt; border-right: 1.0pt solid #000000;\" colspan=\"2\" width=\"714\">Color<span class=\"font3\">\uff1a<\/span><span class=\"font2\">0,01 Lux a (F1.2, AGC activado); 0 Lux con IR<\/span><span class=\"font3\">\uff1b<\/span><span class=\"font2\"><br \/>\nen blanco y negro<\/span><span class=\"font3\">\uff1a<\/span><span class=\"font2\">0,001 Lux a (F1.2, AGC activado), 0 Lux con IR<\/span><\/td>\n<\/tr>\n<tr style=\"height: 25.00pt;\">\n<td class=\"et6\" style=\"height: 25.00pt; width: 75.75pt;\" width=\"101\" height=\"33\">obturador<\/td>\n<td class=\"et12\" colspan=\"2\">1\/50 (1\/60) de segundo a 1\/10000 de segundo<\/td>\n<\/tr>\n<tr style=\"height: 25.00pt;\">\n<td class=\"et14\" style=\"height: 25.00pt; width: 75.75pt;\" width=\"101\" height=\"33\">distancia focal<\/td>\n<td class=\"et15\">F2.0*3.6MM<\/td>\n<td class=\"et16\">F2.0*3.6MM<\/td>\n<\/tr>\n<tr style=\"height: 25.00pt;\">\n<td class=\"et6\" style=\"height: 25.00pt; width: 75.75pt;\" width=\"101\" height=\"33\">reducci\u00f3n de ruido<\/td>\n<td class=\"et17\" colspan=\"2\">Admite reducci\u00f3n de ruido 2D\/3D<\/td>\n<\/tr>\n<tr style=\"height: 25.00pt;\">\n<td class=\"et6\" style=\"height: 25.00pt; width: 75.75pt;\" width=\"101\" height=\"33\">Formato de v\u00eddeo<\/td>\n<td class=\"et19\" colspan=\"2\">H.265AI<\/td>\n<\/tr>\n<tr style=\"height: 25.00pt;\">\n<td class=\"et6\" style=\"height: 25.00pt; width: 75.75pt;\" width=\"101\" height=\"33\">poder de resoluci\u00f3n<\/td>\n<td class=\"et19\">Flujo de c\u00f3digo principal: 1920 * 1080; Flujo secundario: 800 * 448<\/td>\n<td class=\"et20\">Flujo de c\u00f3digo principal: 2560 * 1440; Flujo secundario: 800 * 448<\/td>\n<\/tr>\n<tr style=\"height: 25.00pt;\">\n<td class=\"et6\" style=\"height: 25.00pt; width: 75.75pt;\" width=\"101\" height=\"33\">Velocidad de cuadros<\/td>\n<td class=\"et21\" style=\"width: 535.50pt;\" colspan=\"2\" width=\"714\">12 fps<\/td>\n<\/tr>\n<tr style=\"height: 25.00pt;\">\n<td class=\"et6\" style=\"height: 25.00pt; width: 75.75pt;\" width=\"101\" height=\"33\">An\u00e1lisis inteligente<\/td>\n<td class=\"et21\" style=\"width: 535.50pt;\" colspan=\"2\" width=\"714\">Admite detecci\u00f3n de forma humana<\/td>\n<\/tr>\n<tr style=\"height: 25.00pt;\">\n<td class=\"et6\" style=\"height: 25.00pt; width: 75.75pt;\" width=\"101\" height=\"33\">Funci\u00f3n de seguimiento<\/td>\n<td class=\"et23\" style=\"width: 535.50pt; border-right: 1.0pt solid #000000;\" colspan=\"2\" width=\"714\">Admite seguimiento de zoom con forma humana<\/td>\n<\/tr>\n<tr style=\"height: 25.00pt;\">\n<td class=\"et6\" style=\"height: 25.00pt; width: 75.75pt;\" width=\"101\" height=\"33\">fuente de luz<\/td>\n<td class=\"et21\" style=\"width: 535.50pt;\" colspan=\"2\" width=\"714\">5 infrarrojos + 5 luces blancas<\/td>\n<\/tr>\n<tr style=\"height: 25.00pt;\">\n<td class=\"et6\" style=\"height: 25.00pt; width: 75.75pt;\" width=\"101\" height=\"33\">Modo claro<\/td>\n<td class=\"et21\" style=\"width: 535.50pt;\" colspan=\"2\" width=\"714\">Luz de estrellas a todo color\/visi\u00f3n nocturna infrarroja\/advertencia de luz dual<\/td>\n<\/tr>\n<tr style=\"height: 25.00pt;\">\n<td class=\"et6\" style=\"height: 25.00pt; width: 75.75pt;\" width=\"101\" height=\"33\">Voz bidireccional<\/td>\n<td class=\"et19\" colspan=\"2\">sostener<\/td>\n<\/tr>\n<tr style=\"height: 25.00pt;\">\n<td class=\"et6\" style=\"height: 25.00pt; width: 75.75pt;\" width=\"101\" height=\"33\">almacenamiento en la nube<\/td>\n<td class=\"et19\" colspan=\"2\">sostener<\/td>\n<\/tr>\n<tr style=\"height: 25.00pt;\">\n<td class=\"et6\" style=\"height: 25.00pt; width: 75.75pt;\" width=\"101\" height=\"33\">Acuerdo de soporte<\/td>\n<td class=\"et21\" style=\"width: 535.50pt;\" colspan=\"2\" width=\"714\">Admite el protocolo NETIP y el protocolo ONVIF<\/td>\n<\/tr>\n<tr style=\"height: 25.00pt;\">\n<td class=\"et6\" style=\"height: 25.00pt; width: 75.75pt;\" width=\"101\" height=\"33\">interfaz de red<\/td>\n<td class=\"et19\" colspan=\"2\">Puerto Ethernet adaptable de 10M\/100M<\/td>\n<\/tr>\n<tr style=\"height: 25.00pt;\">\n<td class=\"et6\" style=\"height: 25.00pt; width: 75.75pt;\" width=\"101\" height=\"33\">Interfaz de almacenamiento<\/td>\n<td class=\"et19\" colspan=\"2\">Tarjeta TF local (hasta 256G)<\/td>\n<\/tr>\n<tr style=\"height: 25.00pt;\">\n<td class=\"et6\" style=\"height: 25.00pt; width: 75.75pt;\" width=\"101\" height=\"33\">Interfaz de tecla de reinicio<\/td>\n<td class=\"et25\" style=\"border-right: 1.0pt solid #000000;\" colspan=\"2\">Admite recuperaci\u00f3n con un solo clic<\/td>\n<\/tr>\n<tr style=\"height: 25.00pt;\">\n<td class=\"et6\" style=\"height: 25.00pt; width: 75.75pt;\" width=\"101\" height=\"33\">Est\u00e1ndar inal\u00e1mbrico<\/td>\n<td class=\"et19\" colspan=\"2\">IEEE802.11b, 802.11g, 802.11n<\/td>\n<\/tr>\n<tr style=\"height: 25.00pt;\">\n<td class=\"et6\" style=\"height: 25.00pt; width: 75.75pt;\" width=\"101\" height=\"33\">rango de frecuencia<\/td>\n<td class=\"et19\" colspan=\"2\">2,4 GHz ~ 2,4835 GHz<\/td>\n<\/tr>\n<tr style=\"height: 25.00pt;\">\n<td class=\"et6\" style=\"height: 25.00pt; width: 75.75pt;\" width=\"101\" height=\"33\">desperdicio de energ\u00eda<\/td>\n<td class=\"et19\" colspan=\"2\">9W<\/td>\n<\/tr>\n<tr style=\"height: 25.00pt;\">\n<td class=\"et6\" style=\"height: 25.00pt; width: 75.75pt;\" width=\"101\" height=\"33\">Tama\u00f1o del producto<\/td>\n<td class=\"et19\" colspan=\"2\"><\/td>\n<\/tr>\n<tr style=\"height: 25.00pt;\">\n<td class=\"et6\" style=\"height: 25.00pt; width: 75.75pt;\" width=\"101\" height=\"33\">Tama\u00f1o de la caja de color<\/td>\n<td class=\"et19\" colspan=\"2\">178*164*105 mm<\/td>\n<\/tr>\n<tr style=\"height: 25.00pt;\">\n<td class=\"et6\" style=\"height: 25.00pt; width: 75.75pt;\" width=\"101\" height=\"33\">temperatura<\/td>\n<td class=\"et19\" colspan=\"2\">Cero 10 \u00b0 C - 60 \u00b0 C, humedad inferior a 90% [sin condensaci\u00f3n]<\/td>\n<\/tr>\n<tr style=\"height: 25.00pt;\">\n<td class=\"et6\" style=\"height: 25.00pt; width: 75.75pt;\" width=\"101\" height=\"33\">Fuente de alimentaci\u00f3n<\/td>\n<td class=\"et19\" colspan=\"2\">CC 12 V \u00b1 10%<\/td>\n<\/tr>\n<tr style=\"height: 25.00pt;\">\n<td class=\"et27\" style=\"height: 25.00pt; width: 75.75pt;\" width=\"101\" height=\"33\">peso<\/td>\n<td class=\"et28\" colspan=\"2\">Peso neto: 0,395 kg Peso bruto: 0,538 kg (Nota: producto real)<\/td>\n<\/tr>\n<\/tbody>\n<\/table>","protected":false},"excerpt":{"rendered":"<p>* Resoluci\u00f3n: 2MP\/2.5K<br \/>\n* Caja: Carcasa de pl\u00e1stico especial para PC<br \/>\n* Luces duales: 6 luces blancas + 2 LED de matriz<br \/>\n* PTZ gira: 270\u00b0 horizontalmente y 90\u00b0 verticalmente<br \/>\n* Detecci\u00f3n inteligente de humanoides con IA<br \/>\n* Admite alerta de voz y timbre de alarma DIY<br \/>\n* Admite seguimiento autom\u00e1tico en direcci\u00f3n horizontal;<br \/>\n* Configuraci\u00f3n de tres modos nocturnos: luz negra a todo color,<br \/>\nVisi\u00f3n nocturna por infrarrojos, advertencia de doble luz.<br \/>\n* Admite WiFi 2,4 Ghz, conexi\u00f3n directa AP,<br \/>\nConexi\u00f3n inal\u00e1mbrica, conexi\u00f3n por cable<br \/>\n* Compatible con Amazon Alex\/Echo Show<br \/>\n* Antena UANT de 5DB especialmente personalizada<br \/>\n* Admite aumento de 5x, solo zoom digital de 5x<br \/>\n* Admite tarjeta de memoria de 128G y almacenamiento en la nube.<\/p>","protected":false},"featured_media":1591,"template":"","meta":[],"product_brand":[],"product_cat":[549],"product_tag":[164,165,163],"class_list":{"0":"post-1590","1":"product","2":"type-product","3":"status-publish","4":"has-post-thumbnail","6":"product_cat-smart-wifi-camera","7":"product_tag-auto-tracking-ptz-cameras","8":"product_tag-diy-alert-voice-and-alarm-bell","9":"product_tag-smart-ai-humanoid-detection","11":"first","12":"instock","13":"shipping-taxable","14":"product-type-simple"},"acf":[],"yoast_head":"<!-- This site is optimized with the Yoast SEO Premium plugin v20.2.1 (Yoast SEO v26.1.1) - https:\/\/yoast.com\/wordpress\/plugins\/seo\/ -->\n<title>Super HD 2.5K Full Color Night Vision Smart Ai Humanoid detection Auto Tracking PTZ Cameras - Bokysee Technology Co.,LTD<\/title>\n<meta name=\"description\" content=\"Factory Directly Supply Super HD 2.5K Full Color Night Vision Smart Ai Humanoid detection Auto Tracking PTZ Cameras for Garden\" \/>\n<meta name=\"robots\" content=\"index, follow, max-snippet:-1, max-image-preview:large, max-video-preview:-1\" \/>\n<link rel=\"canonical\" href=\"https:\/\/bokysee.com\/es\/products\/super-hd-2-5k-full-color-night-vision-smart-ai-humanoid-detection-auto-tracking-ptz-cameras\/\" \/>\n<meta property=\"og:locale\" content=\"es_ES\" \/>\n<meta property=\"og:type\" content=\"article\" \/>\n<meta property=\"og:title\" content=\"Super HD 2.5K Full Color Night Vision Smart Ai Humanoid detection Auto Tracking PTZ Cameras\" \/>\n<meta property=\"og:description\" content=\"Factory Directly Supply Super HD 2.5K Full Color Night Vision Smart Ai Humanoid detection Auto Tracking PTZ Cameras for Garden\" \/>\n<meta property=\"og:url\" content=\"https:\/\/bokysee.com\/es\/products\/super-hd-2-5k-full-color-night-vision-smart-ai-humanoid-detection-auto-tracking-ptz-cameras\/\" \/>\n<meta property=\"og:site_name\" content=\"Bokysee Technology Co.,LTD\" \/>\n<meta property=\"article:modified_time\" content=\"2023-08-02T01:29:45+00:00\" \/>\n<meta property=\"og:image\" content=\"https:\/\/bokysee.com\/wp-content\/uploads\/2023\/05\/BK-PT03D-1.jpg\" \/>\n\t<meta property=\"og:image:width\" content=\"800\" \/>\n\t<meta property=\"og:image:height\" content=\"800\" \/>\n\t<meta property=\"og:image:type\" content=\"image\/jpeg\" \/>\n<meta name=\"twitter:card\" content=\"summary_large_image\" \/>\n<meta name=\"twitter:label1\" content=\"Tiempo de lectura\" \/>\n\t<meta name=\"twitter:data1\" content=\"2 minutos\" \/>\n<script type=\"application\/ld+json\" class=\"yoast-schema-graph\">{\"@context\":\"https:\/\/schema.org\",\"@graph\":[{\"@type\":\"WebPage\",\"@id\":\"https:\/\/bokysee.com\/products\/super-hd-2-5k-full-color-night-vision-smart-ai-humanoid-detection-auto-tracking-ptz-cameras\/\",\"url\":\"https:\/\/bokysee.com\/products\/super-hd-2-5k-full-color-night-vision-smart-ai-humanoid-detection-auto-tracking-ptz-cameras\/\",\"name\":\"Super HD 2.5K Full Color Night Vision Smart Ai Humanoid detection Auto Tracking PTZ Cameras - Bokysee Technology Co.,LTD\",\"isPartOf\":{\"@id\":\"https:\/\/bokysee.com\/#website\"},\"primaryImageOfPage\":{\"@id\":\"https:\/\/bokysee.com\/products\/super-hd-2-5k-full-color-night-vision-smart-ai-humanoid-detection-auto-tracking-ptz-cameras\/#primaryimage\"},\"image\":{\"@id\":\"https:\/\/bokysee.com\/products\/super-hd-2-5k-full-color-night-vision-smart-ai-humanoid-detection-auto-tracking-ptz-cameras\/#primaryimage\"},\"thumbnailUrl\":\"https:\/\/bokysee.com\/wp-content\/uploads\/2023\/05\/BK-PT03D-1.jpg\",\"datePublished\":\"2023-05-09T19:34:29+00:00\",\"dateModified\":\"2023-08-02T01:29:45+00:00\",\"description\":\"Factory Directly Supply Super HD 2.5K Full Color Night Vision Smart Ai Humanoid detection Auto Tracking PTZ Cameras for Garden\",\"breadcrumb\":{\"@id\":\"https:\/\/bokysee.com\/products\/super-hd-2-5k-full-color-night-vision-smart-ai-humanoid-detection-auto-tracking-ptz-cameras\/#breadcrumb\"},\"inLanguage\":\"es\",\"potentialAction\":[{\"@type\":\"ReadAction\",\"target\":[\"https:\/\/bokysee.com\/products\/super-hd-2-5k-full-color-night-vision-smart-ai-humanoid-detection-auto-tracking-ptz-cameras\/\"]}]},{\"@type\":\"ImageObject\",\"inLanguage\":\"es\",\"@id\":\"https:\/\/bokysee.com\/products\/super-hd-2-5k-full-color-night-vision-smart-ai-humanoid-detection-auto-tracking-ptz-cameras\/#primaryimage\",\"url\":\"https:\/\/bokysee.com\/wp-content\/uploads\/2023\/05\/BK-PT03D-1.jpg\",\"contentUrl\":\"https:\/\/bokysee.com\/wp-content\/uploads\/2023\/05\/BK-PT03D-1.jpg\",\"width\":800,\"height\":800,\"caption\":\"wifi cctv camera price\"},{\"@type\":\"BreadcrumbList\",\"@id\":\"https:\/\/bokysee.com\/products\/super-hd-2-5k-full-color-night-vision-smart-ai-humanoid-detection-auto-tracking-ptz-cameras\/#breadcrumb\",\"itemListElement\":[{\"@type\":\"ListItem\",\"position\":1,\"name\":\"Home\",\"item\":\"https:\/\/bokysee.com\/\"},{\"@type\":\"ListItem\",\"position\":2,\"name\":\"Products\",\"item\":\"https:\/\/bokysee.com\/products\/\"},{\"@type\":\"ListItem\",\"position\":3,\"name\":\"Super HD 2.5K Full Color Night Vision Smart Ai Humanoid detection Auto Tracking PTZ Cameras\"}]},{\"@type\":\"WebSite\",\"@id\":\"https:\/\/bokysee.com\/#website\",\"url\":\"https:\/\/bokysee.com\/\",\"name\":\"Bokysee Technology Co.,LTD\",\"description\":\"Professional Smart Indoor and Outdoor Security Cameras Solution Supplier\",\"potentialAction\":[{\"@type\":\"SearchAction\",\"target\":{\"@type\":\"EntryPoint\",\"urlTemplate\":\"https:\/\/bokysee.com\/?s={search_term_string}\"},\"query-input\":{\"@type\":\"PropertyValueSpecification\",\"valueRequired\":true,\"valueName\":\"search_term_string\"}}],\"inLanguage\":\"es\"}]}<\/script>\n<!-- \/ Yoast SEO Premium plugin. -->","yoast_head_json":{"title":"Super HD 2.5K Full Color Night Vision Smart Ai Humanoid detection Auto Tracking PTZ Cameras - Bokysee Technology Co.,LTD","description":"Factory Directly Supply Super HD 2.5K Full Color Night Vision Smart Ai Humanoid detection Auto Tracking PTZ Cameras for Garden","robots":{"index":"index","follow":"follow","max-snippet":"max-snippet:-1","max-image-preview":"max-image-preview:large","max-video-preview":"max-video-preview:-1"},"canonical":"https:\/\/bokysee.com\/es\/products\/super-hd-2-5k-full-color-night-vision-smart-ai-humanoid-detection-auto-tracking-ptz-cameras\/","og_locale":"es_ES","og_type":"article","og_title":"Super HD 2.5K Full Color Night Vision Smart Ai Humanoid detection Auto Tracking PTZ Cameras","og_description":"Factory Directly Supply Super HD 2.5K Full Color Night Vision Smart Ai Humanoid detection Auto Tracking PTZ Cameras for Garden","og_url":"https:\/\/bokysee.com\/es\/products\/super-hd-2-5k-full-color-night-vision-smart-ai-humanoid-detection-auto-tracking-ptz-cameras\/","og_site_name":"Bokysee Technology Co.,LTD","article_modified_time":"2023-08-02T01:29:45+00:00","og_image":[{"width":800,"height":800,"url":"https:\/\/bokysee.com\/wp-content\/uploads\/2023\/05\/BK-PT03D-1.jpg","type":"image\/jpeg"}],"twitter_card":"summary_large_image","twitter_misc":{"Tiempo de lectura":"2 minutos"},"schema":{"@context":"https:\/\/schema.org","@graph":[{"@type":"WebPage","@id":"https:\/\/bokysee.com\/products\/super-hd-2-5k-full-color-night-vision-smart-ai-humanoid-detection-auto-tracking-ptz-cameras\/","url":"https:\/\/bokysee.com\/products\/super-hd-2-5k-full-color-night-vision-smart-ai-humanoid-detection-auto-tracking-ptz-cameras\/","name":"Super HD 2.5K Full Color Night Vision Smart Ai Humanoid detection Auto Tracking PTZ Cameras - Bokysee Technology Co.,LTD","isPartOf":{"@id":"https:\/\/bokysee.com\/#website"},"primaryImageOfPage":{"@id":"https:\/\/bokysee.com\/products\/super-hd-2-5k-full-color-night-vision-smart-ai-humanoid-detection-auto-tracking-ptz-cameras\/#primaryimage"},"image":{"@id":"https:\/\/bokysee.com\/products\/super-hd-2-5k-full-color-night-vision-smart-ai-humanoid-detection-auto-tracking-ptz-cameras\/#primaryimage"},"thumbnailUrl":"https:\/\/bokysee.com\/wp-content\/uploads\/2023\/05\/BK-PT03D-1.jpg","datePublished":"2023-05-09T19:34:29+00:00","dateModified":"2023-08-02T01:29:45+00:00","description":"Factory Directly Supply Super HD 2.5K Full Color Night Vision Smart Ai Humanoid detection Auto Tracking PTZ Cameras for Garden","breadcrumb":{"@id":"https:\/\/bokysee.com\/products\/super-hd-2-5k-full-color-night-vision-smart-ai-humanoid-detection-auto-tracking-ptz-cameras\/#breadcrumb"},"inLanguage":"es","potentialAction":[{"@type":"ReadAction","target":["https:\/\/bokysee.com\/products\/super-hd-2-5k-full-color-night-vision-smart-ai-humanoid-detection-auto-tracking-ptz-cameras\/"]}]},{"@type":"ImageObject","inLanguage":"es","@id":"https:\/\/bokysee.com\/products\/super-hd-2-5k-full-color-night-vision-smart-ai-humanoid-detection-auto-tracking-ptz-cameras\/#primaryimage","url":"https:\/\/bokysee.com\/wp-content\/uploads\/2023\/05\/BK-PT03D-1.jpg","contentUrl":"https:\/\/bokysee.com\/wp-content\/uploads\/2023\/05\/BK-PT03D-1.jpg","width":800,"height":800,"caption":"wifi cctv camera price"},{"@type":"BreadcrumbList","@id":"https:\/\/bokysee.com\/products\/super-hd-2-5k-full-color-night-vision-smart-ai-humanoid-detection-auto-tracking-ptz-cameras\/#breadcrumb","itemListElement":[{"@type":"ListItem","position":1,"name":"Home","item":"https:\/\/bokysee.com\/"},{"@type":"ListItem","position":2,"name":"Products","item":"https:\/\/bokysee.com\/products\/"},{"@type":"ListItem","position":3,"name":"Super HD 2.5K Full Color Night Vision Smart Ai Humanoid detection Auto Tracking PTZ Cameras"}]},{"@type":"WebSite","@id":"https:\/\/bokysee.com\/#website","url":"https:\/\/bokysee.com\/","name":"Bokysee Technology Co.,LTD","description":"Professional Smart Indoor and Outdoor Security Cameras Solution Supplier","potentialAction":[{"@type":"SearchAction","target":{"@type":"EntryPoint","urlTemplate":"https:\/\/bokysee.com\/?s={search_term_string}"},"query-input":{"@type":"PropertyValueSpecification","valueRequired":true,"valueName":"search_term_string"}}],"inLanguage":"es"}]}},"_links":{"self":[{"href":"https:\/\/bokysee.com\/es\/wp-json\/wp\/v2\/product\/1590","targetHints":{"allow":["GET"]}}],"collection":[{"href":"https:\/\/bokysee.com\/es\/wp-json\/wp\/v2\/product"}],"about":[{"href":"https:\/\/bokysee.com\/es\/wp-json\/wp\/v2\/types\/product"}],"version-history":[{"count":0,"href":"https:\/\/bokysee.com\/es\/wp-json\/wp\/v2\/product\/1590\/revisions"}],"wp:featuredmedia":[{"embeddable":true,"href":"https:\/\/bokysee.com\/es\/wp-json\/wp\/v2\/media\/1591"}],"wp:attachment":[{"href":"https:\/\/bokysee.com\/es\/wp-json\/wp\/v2\/media?parent=1590"}],"wp:term":[{"taxonomy":"product_brand","embeddable":true,"href":"https:\/\/bokysee.com\/es\/wp-json\/wp\/v2\/product_brand?post=1590"},{"taxonomy":"product_cat","embeddable":true,"href":"https:\/\/bokysee.com\/es\/wp-json\/wp\/v2\/product_cat?post=1590"},{"taxonomy":"product_tag","embeddable":true,"href":"https:\/\/bokysee.com\/es\/wp-json\/wp\/v2\/product_tag?post=1590"}],"curies":[{"name":"wp","href":"https:\/\/api.w.org\/{rel}","templated":true}]}}