{"id":1498,"date":"2023-05-03T15:56:58","date_gmt":"2023-05-03T15:56:58","guid":{"rendered":"https:\/\/bokysee.com\/?post_type=product&#038;p=1498"},"modified":"2023-05-03T16:02:15","modified_gmt":"2023-05-03T16:02:15","slug":"mini-outdoor-tuya-ip65-3mp-starlight-auto-tracking-ptz-smart-wifi-ip-security-cctv-camera-for-home","status":"publish","type":"product","link":"https:\/\/bokysee.com\/es\/products\/mini-outdoor-tuya-ip65-3mp-starlight-auto-tracking-ptz-smart-wifi-ip-security-cctv-camera-for-home\/","title":{"rendered":"Mini c\u00e1mara de seguridad CCTV para exteriores Tuya IP65 3MP Starlight con seguimiento autom\u00e1tico PTZ, WiFi, inteligente, para el hogar"},"content":{"rendered":"<p>Resistente al agua IP66. Se puede utilizar en interiores y exteriores.<br \/>\n1.5 Tama\u00f1o mini<br \/>\nImagen n\u00edtida de alta definici\u00f3n de 3 MP\/5 MP<br \/>\n8 LED IR + 8 LED blancos que admiten visi\u00f3n nocturna colorida<br \/>\nConfiguraci\u00f3n de tres modos nocturnos: visi\u00f3n nocturna por infrarrojos, visi\u00f3n nocturna colorida, visi\u00f3n nocturna inteligente<br \/>\nAudio bidireccional: compatible con alertas de voz y alarmas DIY \/ nuevos altavoces personalizados con volumen alto<br \/>\nDetecci\u00f3n de humanoide con inteligencia artificial inteligente: l\u00ednea de mezcla, \u00e1rea, detecci\u00f3n de flujo bidireccional, para forma humana, el elemento no activa ninguna alarma.<br \/>\nConfiguraci\u00f3n de tres modos nocturnos: luz negra a todo color, visi\u00f3n nocturna infrarroja, advertencia de doble luz.<br \/>\nAdmite almacenamiento en la nube\/tarjeta TF (m\u00e1ximo 128 GB), la seguridad de los datos es m\u00e1s estable.<br \/>\nUtilice la aplicaci\u00f3n ICSEE<\/p>\n<table width=\"1117\">\n<tbody>\n<tr>\n<td rowspan=\"2\" width=\"151\">Sistema<\/td>\n<td width=\"195\">Procesador principal<\/td>\n<td width=\"770\">Sensor de imagen CMOS de 1\/2,7\u2033 y 3 MP<\/td>\n<\/tr>\n<tr>\n<td>Sistema operativo<\/td>\n<td>Sistema operativo LINUX integrado<\/td>\n<\/tr>\n<tr>\n<td rowspan=\"7\">Video<\/td>\n<td width=\"195\">Alta definici\u00f3n<\/td>\n<td width=\"770\">3MP<\/td>\n<\/tr>\n<tr>\n<td width=\"195\">Compresi\u00f3n de v\u00eddeo<\/td>\n<td width=\"770\">H.265+ inteligente<\/td>\n<\/tr>\n<tr>\n<td width=\"195\">\u00c1ngulo de rotaci\u00f3n<\/td>\n<td width=\"770\">Horizontal: 355\u00b0; vertical: 90\u00b0<\/td>\n<\/tr>\n<tr>\n<td width=\"195\">Seguimiento autom\u00e1tico<\/td>\n<td width=\"770\">Apoyo<\/td>\n<\/tr>\n<tr>\n<td width=\"195\">Iluminaci\u00f3n<\/td>\n<td width=\"770\">0,1 lux\/f1,2<\/td>\n<\/tr>\n<tr>\n<td width=\"195\">Captura de im\u00e1genes<\/td>\n<td width=\"770\">Apoyo<\/td>\n<\/tr>\n<tr>\n<td width=\"195\">V\u00eddeo Flip<\/td>\n<td width=\"770\">Apoyo<\/td>\n<\/tr>\n<tr>\n<td rowspan=\"2\">Audio<\/td>\n<td width=\"195\">Est\u00e1ndar de codificaci\u00f3n<\/td>\n<td width=\"770\">G.711<\/td>\n<\/tr>\n<tr>\n<td width=\"195\">Audio bidireccional<\/td>\n<td width=\"770\">Apoyo<\/td>\n<\/tr>\n<tr>\n<td rowspan=\"5\" width=\"151\">Registro<\/td>\n<td width=\"195\">Tama\u00f1o del archivo de v\u00eddeo<\/td>\n<td width=\"770\">4,5 GB\/d\u00eda<\/td>\n<\/tr>\n<tr>\n<td width=\"195\">Modo de grabaci\u00f3n<\/td>\n<td width=\"770\">Grabaci\u00f3n manual, grabaci\u00f3n por detecci\u00f3n de movimiento, grabaci\u00f3n programada, grabaci\u00f3n por alarma<\/td>\n<\/tr>\n<tr>\n<td width=\"195\">Almacenamiento de v\u00eddeo<\/td>\n<td>Tarjeta TF\/Nube<\/td>\n<\/tr>\n<tr>\n<td width=\"195\">Reproducci\u00f3n<\/td>\n<td>Apoyo<\/td>\n<\/tr>\n<tr>\n<td width=\"195\">Alarma<\/td>\n<td>Grabaci\u00f3n de alarmas, captura de pantalla<\/td>\n<\/tr>\n<tr>\n<td rowspan=\"6\" width=\"151\">Red<\/td>\n<td width=\"195\">Interfaz de red<\/td>\n<td>1*RJ45, 10\/100M10-100 Base-T, puerto Ethernet autoadaptable<\/td>\n<\/tr>\n<tr>\n<td width=\"195\">Wi-Fi<\/td>\n<td>802.11b\/g\/n<\/td>\n<\/tr>\n<tr>\n<td width=\"195\">Arroyo<\/td>\n<td>Doble transmisi\u00f3n<\/td>\n<\/tr>\n<tr>\n<td width=\"195\">Protocolo de red<\/td>\n<td>Admite TCP\/IP, RTSP y ONVIF<\/td>\n<\/tr>\n<tr>\n<td width=\"195\">Modo de transmisi\u00f3n<\/td>\n<td>P2P, servidor de nube inteligente<\/td>\n<\/tr>\n<tr>\n<td width=\"195\">Conexi\u00f3n WIFI<\/td>\n<td>Escanear c\u00f3digo QR, Conexi\u00f3n de cable de red, Conexi\u00f3n de punto de acceso AP<\/td>\n<\/tr>\n<tr>\n<td rowspan=\"2\">Extender<\/td>\n<td width=\"195\">Tarjeta TF<\/td>\n<td>Tarjeta TF de 128 GB como m\u00e1ximo<\/td>\n<\/tr>\n<tr>\n<td width=\"195\">Reiniciar<\/td>\n<td>Apoyo<\/td>\n<\/tr>\n<tr>\n<td rowspan=\"2\">Fuente de alimentaci\u00f3n<\/td>\n<td width=\"195\">Fuerza<\/td>\n<td width=\"770\">CC 12 V 1 A<\/td>\n<\/tr>\n<tr>\n<td width=\"195\">Consumo de energ\u00eda<\/td>\n<td width=\"770\">10 W<\/td>\n<\/tr>\n<tr>\n<td rowspan=\"4\" width=\"151\">Entorno de trabajo<\/td>\n<td width=\"195\">Lugar adecuado<\/td>\n<td width=\"770\">Hogar, tienda, escuela, f\u00e1brica<\/td>\n<\/tr>\n<tr>\n<td width=\"195\">Modo de instalaci\u00f3n<\/td>\n<td width=\"770\">Montado en la pared<\/td>\n<\/tr>\n<tr>\n<td width=\"195\">Temperatura de trabajo<\/td>\n<td>-10\u2103\uff0d\uff0b55\u2103<\/td>\n<\/tr>\n<tr>\n<td width=\"195\">Humedad de trabajo<\/td>\n<td>10%\uff0d90%<\/td>\n<\/tr>\n<tr>\n<td rowspan=\"2\">Otro<\/td>\n<td width=\"195\">lente de la c\u00e1mara<\/td>\n<td width=\"770\">3,6 mm<\/td>\n<\/tr>\n<tr>\n<td width=\"195\">CONDUJO<\/td>\n<td width=\"770\">8 piezas<\/td>\n<\/tr>\n<\/tbody>\n<\/table>","protected":false},"excerpt":{"rendered":"<p>C\u00e1mara WiFi PTZ IP65 para exteriores:<br \/>\n* Se agrega el c\u00f3digo de escaneo del dispositivo, conecta directamente el cable de red, admite punto de acceso AP<br \/>\n* Admite intercomunicador de voz bidireccional y alarma de detecci\u00f3n de humanos.<br \/>\n* Detecci\u00f3n de movimiento y seguimiento autom\u00e1tico de movimiento<br \/>\n* Soporte de video en la nube, funci\u00f3n de consulta y reproducci\u00f3n de clasificaci\u00f3n de alarmas (humanoide)<br \/>\n* Admite vista remota del tel\u00e9fono (iOS, Android)<br \/>\n* Puerto de red cableado RJ-45 10-100 MB, red inal\u00e1mbrica 802.11b\/g\/n<br \/>\n* Tarjeta TF de 128G m\u00e1x. y funci\u00f3n de almacenamiento en la nube<\/p>","protected":false},"featured_media":1502,"template":"","meta":[],"product_brand":[],"product_cat":[30],"product_tag":[147,146,148],"class_list":{"0":"post-1498","1":"product","2":"type-product","3":"status-publish","4":"has-post-thumbnail","6":"product_cat-wireless-cameras","7":"product_tag-smart-cctv-camera-for-home","8":"product_tag-smart-wifi-security-camera","9":"product_tag-tuya-wireless-camera","11":"first","12":"instock","13":"shipping-taxable","14":"product-type-simple"},"acf":[],"yoast_head":"<!-- This site is optimized with the Yoast SEO Premium plugin v20.2.1 (Yoast SEO v26.1.1) - https:\/\/yoast.com\/wordpress\/plugins\/seo\/ -->\n<title>Mini Outdoor Tuya IP65 3MP Starlight Auto Tracking PTZ Smart WiFi IP Security CCTV Camera for home - Bokysee Technology Co.,LTD<\/title>\n<meta name=\"description\" content=\"Mini Outdoor IP65 Full HD 3MP Home IP Starlight Auto Tracking Smart wireless IP Security CCTV PTZ Camera for home garden farm\" \/>\n<meta name=\"robots\" content=\"index, follow, max-snippet:-1, max-image-preview:large, max-video-preview:-1\" \/>\n<link rel=\"canonical\" href=\"https:\/\/bokysee.com\/es\/products\/mini-outdoor-tuya-ip65-3mp-starlight-auto-tracking-ptz-smart-wifi-ip-security-cctv-camera-for-home\/\" \/>\n<meta property=\"og:locale\" content=\"es_ES\" \/>\n<meta property=\"og:type\" content=\"article\" \/>\n<meta property=\"og:title\" content=\"Mini Outdoor Tuya IP65 3MP Starlight Auto Tracking PTZ Smart WiFi IP Security CCTV Camera for home\" \/>\n<meta property=\"og:description\" content=\"Mini Outdoor IP65 Full HD 3MP Home IP Starlight Auto Tracking Smart wireless IP Security CCTV PTZ Camera for home garden farm\" \/>\n<meta property=\"og:url\" content=\"https:\/\/bokysee.com\/es\/products\/mini-outdoor-tuya-ip65-3mp-starlight-auto-tracking-ptz-smart-wifi-ip-security-cctv-camera-for-home\/\" \/>\n<meta property=\"og:site_name\" content=\"Bokysee Technology Co.,LTD\" \/>\n<meta property=\"article:modified_time\" content=\"2023-05-03T16:02:15+00:00\" \/>\n<meta property=\"og:image\" content=\"https:\/\/bokysee.com\/wp-content\/uploads\/2023\/05\/\u7f51\u7ad9\u4ea7\u54c1\u56fe\u7247800x800-2.jpg\" \/>\n\t<meta property=\"og:image:width\" content=\"800\" \/>\n\t<meta property=\"og:image:height\" content=\"800\" \/>\n\t<meta property=\"og:image:type\" content=\"image\/jpeg\" \/>\n<meta name=\"twitter:card\" content=\"summary_large_image\" \/>\n<meta name=\"twitter:label1\" content=\"Tiempo de lectura\" \/>\n\t<meta name=\"twitter:data1\" content=\"2 minutos\" \/>\n<script type=\"application\/ld+json\" class=\"yoast-schema-graph\">{\"@context\":\"https:\/\/schema.org\",\"@graph\":[{\"@type\":\"WebPage\",\"@id\":\"https:\/\/bokysee.com\/products\/mini-outdoor-tuya-ip65-3mp-starlight-auto-tracking-ptz-smart-wifi-ip-security-cctv-camera-for-home\/\",\"url\":\"https:\/\/bokysee.com\/products\/mini-outdoor-tuya-ip65-3mp-starlight-auto-tracking-ptz-smart-wifi-ip-security-cctv-camera-for-home\/\",\"name\":\"Mini Outdoor Tuya IP65 3MP Starlight Auto Tracking PTZ Smart WiFi IP Security CCTV Camera for home - Bokysee Technology Co.,LTD\",\"isPartOf\":{\"@id\":\"https:\/\/bokysee.com\/#website\"},\"primaryImageOfPage\":{\"@id\":\"https:\/\/bokysee.com\/products\/mini-outdoor-tuya-ip65-3mp-starlight-auto-tracking-ptz-smart-wifi-ip-security-cctv-camera-for-home\/#primaryimage\"},\"image\":{\"@id\":\"https:\/\/bokysee.com\/products\/mini-outdoor-tuya-ip65-3mp-starlight-auto-tracking-ptz-smart-wifi-ip-security-cctv-camera-for-home\/#primaryimage\"},\"thumbnailUrl\":\"https:\/\/bokysee.com\/wp-content\/uploads\/2023\/05\/\u7f51\u7ad9\u4ea7\u54c1\u56fe\u7247800x800-2.jpg\",\"datePublished\":\"2023-05-03T15:56:58+00:00\",\"dateModified\":\"2023-05-03T16:02:15+00:00\",\"description\":\"Mini Outdoor IP65 Full HD 3MP Home IP Starlight Auto Tracking Smart wireless IP Security CCTV PTZ Camera for home garden farm\",\"breadcrumb\":{\"@id\":\"https:\/\/bokysee.com\/products\/mini-outdoor-tuya-ip65-3mp-starlight-auto-tracking-ptz-smart-wifi-ip-security-cctv-camera-for-home\/#breadcrumb\"},\"inLanguage\":\"es\",\"potentialAction\":[{\"@type\":\"ReadAction\",\"target\":[\"https:\/\/bokysee.com\/products\/mini-outdoor-tuya-ip65-3mp-starlight-auto-tracking-ptz-smart-wifi-ip-security-cctv-camera-for-home\/\"]}]},{\"@type\":\"ImageObject\",\"inLanguage\":\"es\",\"@id\":\"https:\/\/bokysee.com\/products\/mini-outdoor-tuya-ip65-3mp-starlight-auto-tracking-ptz-smart-wifi-ip-security-cctv-camera-for-home\/#primaryimage\",\"url\":\"https:\/\/bokysee.com\/wp-content\/uploads\/2023\/05\/\u7f51\u7ad9\u4ea7\u54c1\u56fe\u7247800x800-2.jpg\",\"contentUrl\":\"https:\/\/bokysee.com\/wp-content\/uploads\/2023\/05\/\u7f51\u7ad9\u4ea7\u54c1\u56fe\u7247800x800-2.jpg\",\"width\":800,\"height\":800,\"caption\":\"wi fi security camera outdoor\"},{\"@type\":\"BreadcrumbList\",\"@id\":\"https:\/\/bokysee.com\/products\/mini-outdoor-tuya-ip65-3mp-starlight-auto-tracking-ptz-smart-wifi-ip-security-cctv-camera-for-home\/#breadcrumb\",\"itemListElement\":[{\"@type\":\"ListItem\",\"position\":1,\"name\":\"Home\",\"item\":\"https:\/\/bokysee.com\/\"},{\"@type\":\"ListItem\",\"position\":2,\"name\":\"Products\",\"item\":\"https:\/\/bokysee.com\/products\/\"},{\"@type\":\"ListItem\",\"position\":3,\"name\":\"Mini Outdoor Tuya IP65 3MP Starlight Auto Tracking PTZ Smart WiFi IP Security CCTV Camera for home\"}]},{\"@type\":\"WebSite\",\"@id\":\"https:\/\/bokysee.com\/#website\",\"url\":\"https:\/\/bokysee.com\/\",\"name\":\"Bokysee Technology Co.,LTD\",\"description\":\"Professional Smart Indoor and Outdoor Security Cameras Solution Supplier\",\"potentialAction\":[{\"@type\":\"SearchAction\",\"target\":{\"@type\":\"EntryPoint\",\"urlTemplate\":\"https:\/\/bokysee.com\/?s={search_term_string}\"},\"query-input\":{\"@type\":\"PropertyValueSpecification\",\"valueRequired\":true,\"valueName\":\"search_term_string\"}}],\"inLanguage\":\"es\"}]}<\/script>\n<!-- \/ Yoast SEO Premium plugin. -->","yoast_head_json":{"title":"Mini Outdoor Tuya IP65 3MP Starlight Auto Tracking PTZ Smart WiFi IP Security CCTV Camera for home - Bokysee Technology Co.,LTD","description":"Mini Outdoor IP65 Full HD 3MP Home IP Starlight Auto Tracking Smart wireless IP Security CCTV PTZ Camera for home garden farm","robots":{"index":"index","follow":"follow","max-snippet":"max-snippet:-1","max-image-preview":"max-image-preview:large","max-video-preview":"max-video-preview:-1"},"canonical":"https:\/\/bokysee.com\/es\/products\/mini-outdoor-tuya-ip65-3mp-starlight-auto-tracking-ptz-smart-wifi-ip-security-cctv-camera-for-home\/","og_locale":"es_ES","og_type":"article","og_title":"Mini Outdoor Tuya IP65 3MP Starlight Auto Tracking PTZ Smart WiFi IP Security CCTV Camera for home","og_description":"Mini Outdoor IP65 Full HD 3MP Home IP Starlight Auto Tracking Smart wireless IP Security CCTV PTZ Camera for home garden farm","og_url":"https:\/\/bokysee.com\/es\/products\/mini-outdoor-tuya-ip65-3mp-starlight-auto-tracking-ptz-smart-wifi-ip-security-cctv-camera-for-home\/","og_site_name":"Bokysee Technology Co.,LTD","article_modified_time":"2023-05-03T16:02:15+00:00","og_image":[{"width":800,"height":800,"url":"https:\/\/bokysee.com\/wp-content\/uploads\/2023\/05\/\u7f51\u7ad9\u4ea7\u54c1\u56fe\u7247800x800-2.jpg","type":"image\/jpeg"}],"twitter_card":"summary_large_image","twitter_misc":{"Tiempo de lectura":"2 minutos"},"schema":{"@context":"https:\/\/schema.org","@graph":[{"@type":"WebPage","@id":"https:\/\/bokysee.com\/products\/mini-outdoor-tuya-ip65-3mp-starlight-auto-tracking-ptz-smart-wifi-ip-security-cctv-camera-for-home\/","url":"https:\/\/bokysee.com\/products\/mini-outdoor-tuya-ip65-3mp-starlight-auto-tracking-ptz-smart-wifi-ip-security-cctv-camera-for-home\/","name":"Mini Outdoor Tuya IP65 3MP Starlight Auto Tracking PTZ Smart WiFi IP Security CCTV Camera for home - Bokysee Technology Co.,LTD","isPartOf":{"@id":"https:\/\/bokysee.com\/#website"},"primaryImageOfPage":{"@id":"https:\/\/bokysee.com\/products\/mini-outdoor-tuya-ip65-3mp-starlight-auto-tracking-ptz-smart-wifi-ip-security-cctv-camera-for-home\/#primaryimage"},"image":{"@id":"https:\/\/bokysee.com\/products\/mini-outdoor-tuya-ip65-3mp-starlight-auto-tracking-ptz-smart-wifi-ip-security-cctv-camera-for-home\/#primaryimage"},"thumbnailUrl":"https:\/\/bokysee.com\/wp-content\/uploads\/2023\/05\/\u7f51\u7ad9\u4ea7\u54c1\u56fe\u7247800x800-2.jpg","datePublished":"2023-05-03T15:56:58+00:00","dateModified":"2023-05-03T16:02:15+00:00","description":"Mini Outdoor IP65 Full HD 3MP Home IP Starlight Auto Tracking Smart wireless IP Security CCTV PTZ Camera for home garden farm","breadcrumb":{"@id":"https:\/\/bokysee.com\/products\/mini-outdoor-tuya-ip65-3mp-starlight-auto-tracking-ptz-smart-wifi-ip-security-cctv-camera-for-home\/#breadcrumb"},"inLanguage":"es","potentialAction":[{"@type":"ReadAction","target":["https:\/\/bokysee.com\/products\/mini-outdoor-tuya-ip65-3mp-starlight-auto-tracking-ptz-smart-wifi-ip-security-cctv-camera-for-home\/"]}]},{"@type":"ImageObject","inLanguage":"es","@id":"https:\/\/bokysee.com\/products\/mini-outdoor-tuya-ip65-3mp-starlight-auto-tracking-ptz-smart-wifi-ip-security-cctv-camera-for-home\/#primaryimage","url":"https:\/\/bokysee.com\/wp-content\/uploads\/2023\/05\/\u7f51\u7ad9\u4ea7\u54c1\u56fe\u7247800x800-2.jpg","contentUrl":"https:\/\/bokysee.com\/wp-content\/uploads\/2023\/05\/\u7f51\u7ad9\u4ea7\u54c1\u56fe\u7247800x800-2.jpg","width":800,"height":800,"caption":"wi fi security camera outdoor"},{"@type":"BreadcrumbList","@id":"https:\/\/bokysee.com\/products\/mini-outdoor-tuya-ip65-3mp-starlight-auto-tracking-ptz-smart-wifi-ip-security-cctv-camera-for-home\/#breadcrumb","itemListElement":[{"@type":"ListItem","position":1,"name":"Home","item":"https:\/\/bokysee.com\/"},{"@type":"ListItem","position":2,"name":"Products","item":"https:\/\/bokysee.com\/products\/"},{"@type":"ListItem","position":3,"name":"Mini Outdoor Tuya IP65 3MP Starlight Auto Tracking PTZ Smart WiFi IP Security CCTV Camera for home"}]},{"@type":"WebSite","@id":"https:\/\/bokysee.com\/#website","url":"https:\/\/bokysee.com\/","name":"Bokysee Technology Co.,LTD","description":"Professional Smart Indoor and Outdoor Security Cameras Solution Supplier","potentialAction":[{"@type":"SearchAction","target":{"@type":"EntryPoint","urlTemplate":"https:\/\/bokysee.com\/?s={search_term_string}"},"query-input":{"@type":"PropertyValueSpecification","valueRequired":true,"valueName":"search_term_string"}}],"inLanguage":"es"}]}},"_links":{"self":[{"href":"https:\/\/bokysee.com\/es\/wp-json\/wp\/v2\/product\/1498","targetHints":{"allow":["GET"]}}],"collection":[{"href":"https:\/\/bokysee.com\/es\/wp-json\/wp\/v2\/product"}],"about":[{"href":"https:\/\/bokysee.com\/es\/wp-json\/wp\/v2\/types\/product"}],"version-history":[{"count":0,"href":"https:\/\/bokysee.com\/es\/wp-json\/wp\/v2\/product\/1498\/revisions"}],"wp:featuredmedia":[{"embeddable":true,"href":"https:\/\/bokysee.com\/es\/wp-json\/wp\/v2\/media\/1502"}],"wp:attachment":[{"href":"https:\/\/bokysee.com\/es\/wp-json\/wp\/v2\/media?parent=1498"}],"wp:term":[{"taxonomy":"product_brand","embeddable":true,"href":"https:\/\/bokysee.com\/es\/wp-json\/wp\/v2\/product_brand?post=1498"},{"taxonomy":"product_cat","embeddable":true,"href":"https:\/\/bokysee.com\/es\/wp-json\/wp\/v2\/product_cat?post=1498"},{"taxonomy":"product_tag","embeddable":true,"href":"https:\/\/bokysee.com\/es\/wp-json\/wp\/v2\/product_tag?post=1498"}],"curies":[{"name":"wp","href":"https:\/\/api.w.org\/{rel}","templated":true}]}}