{"id":1494,"date":"2023-05-03T15:49:46","date_gmt":"2023-05-03T15:49:46","guid":{"rendered":"https:\/\/bokysee.com\/?post_type=product&#038;p=1494"},"modified":"2023-05-03T15:56:30","modified_gmt":"2023-05-03T15:56:30","slug":"hd-wireless-tuya-smart-life-outdoor-cctv-speed-dome-surveillance-ip-ptz-camera","status":"publish","type":"product","link":"https:\/\/bokysee.com\/es\/products\/hd-wireless-tuya-smart-life-outdoor-cctv-speed-dome-surveillance-ip-ptz-camera\/","title":{"rendered":"C\u00e1mara IP PTZ de vigilancia CCTV domo de velocidad para exteriores, inal\u00e1mbrica, HD, Tuya Smart Life"},"content":{"rendered":"<p>C\u00e1mara PTZ mini de 2 pulgadas con multifunci\u00f3n:<br \/>\n* Admite intercomunicador de voz bidireccional<br \/>\n* Detecci\u00f3n de movimiento; Soporte de seguimiento autom\u00e1tico<br \/>\n* Consulta de clasificaci\u00f3n de alarmas con soporte de video en la nube<br \/>\n&amp;funci\u00f3n de reproducci\u00f3n (humanoide, voz)<br \/>\n* Admite vista remota del tel\u00e9fono (iOS, Android)<br \/>\n* Admite Wifi 802.11b\/g\/n 2.4G, 5G (opcional)<br \/>\n* Tarjeta TF de 128G m\u00e1x. y funci\u00f3n de almacenamiento en la nube<\/p>\n<table style=\"border-collapse: collapse; width: 670.23pt;\" border=\"0\" width=\"1117\" cellspacing=\"0\" cellpadding=\"0\">\n<tbody>\n<tr style=\"height: 25.00pt;\">\n<td class=\"et2\" style=\"height: 50.00pt; width: 90.80pt;\" rowspan=\"2\" width=\"151\" height=\"83\">Sistema<\/td>\n<td class=\"et3\" style=\"width: 117.50pt;\" width=\"195\">Procesador principal<\/td>\n<td class=\"et4\" style=\"width: 462.45pt;\" width=\"770\">Sensor de color CMOS de 1\/2,7\u2033 1080P<\/td>\n<\/tr>\n<tr style=\"height: 25.00pt;\">\n<td class=\"et3\">Sistema operativo<\/td>\n<td class=\"et4\">Sistema operativo LINUX integrado<\/td>\n<\/tr>\n<tr style=\"height: 25.00pt;\">\n<td class=\"et2\" style=\"height: 150.00pt;\" rowspan=\"6\" height=\"250\">Video<\/td>\n<td class=\"et5\" style=\"width: 117.50pt;\" width=\"195\">Alta definici\u00f3n<\/td>\n<td class=\"et6\" style=\"width: 462.45pt;\" width=\"770\">2MP<\/td>\n<\/tr>\n<tr style=\"height: 25.00pt;\">\n<td class=\"et5\" style=\"width: 117.50pt;\" width=\"195\">Compresi\u00f3n de v\u00eddeo<\/td>\n<td class=\"et6\" style=\"width: 462.45pt;\" width=\"770\">H.265+ inteligente<\/td>\n<\/tr>\n<tr style=\"height: 25.00pt;\">\n<td class=\"et5\" style=\"width: 117.50pt;\" width=\"195\">Seguimiento autom\u00e1tico<\/td>\n<td class=\"et6\" style=\"width: 462.45pt;\" width=\"770\">Apoyo<\/td>\n<\/tr>\n<tr style=\"height: 25.00pt;\">\n<td class=\"et5\" style=\"width: 117.50pt;\" width=\"195\">Iluminaci\u00f3n<\/td>\n<td class=\"et6\" style=\"width: 462.45pt;\" width=\"770\">0,1 lux\/f1,2<\/td>\n<\/tr>\n<tr style=\"height: 25.00pt;\">\n<td class=\"et5\" style=\"width: 117.50pt;\" width=\"195\">Captura de im\u00e1genes<\/td>\n<td class=\"et6\" style=\"width: 462.45pt;\" width=\"770\">Apoyo<\/td>\n<\/tr>\n<tr style=\"height: 25.00pt;\">\n<td class=\"et5\" style=\"width: 117.50pt;\" width=\"195\">V\u00eddeo Flip<\/td>\n<td class=\"et6\" style=\"width: 462.45pt;\" width=\"770\">Apoyo<\/td>\n<\/tr>\n<tr style=\"height: 25.00pt;\">\n<td class=\"et2\" style=\"height: 50.00pt;\" rowspan=\"2\" height=\"83\">Audio<\/td>\n<td class=\"et5\" style=\"width: 117.50pt;\" width=\"195\">Est\u00e1ndar de codificaci\u00f3n<\/td>\n<td class=\"et6\" style=\"width: 462.45pt;\" width=\"770\">G.711<\/td>\n<\/tr>\n<tr style=\"height: 25.00pt;\">\n<td class=\"et5\" style=\"width: 117.50pt;\" width=\"195\">Audio bidireccional<\/td>\n<td class=\"et6\" style=\"width: 462.45pt;\" width=\"770\">Apoyo<\/td>\n<\/tr>\n<tr style=\"height: 25.00pt;\">\n<td class=\"et7\" style=\"height: 125.00pt; width: 90.80pt; border-bottom: .5pt solid #000000;\" rowspan=\"5\" width=\"151\" height=\"208\">Registro<\/td>\n<td class=\"et5\" style=\"width: 117.50pt;\" width=\"195\">Tama\u00f1o del archivo de v\u00eddeo<\/td>\n<td class=\"et6\" style=\"width: 462.45pt;\" width=\"770\">4,5 GB\/d\u00eda<\/td>\n<\/tr>\n<tr style=\"height: 25.00pt;\">\n<td class=\"et5\" style=\"width: 117.50pt;\" width=\"195\">Modo de grabaci\u00f3n<\/td>\n<td class=\"et9\" style=\"width: 462.45pt;\" width=\"770\">Grabaci\u00f3n manual, grabaci\u00f3n por detecci\u00f3n de movimiento, grabaci\u00f3n programada, grabaci\u00f3n por alarma<\/td>\n<\/tr>\n<tr style=\"height: 25.00pt;\">\n<td class=\"et5\" style=\"width: 117.50pt;\" width=\"195\">Almacenamiento de v\u00eddeo<\/td>\n<td class=\"et4\">Tarjeta TF\/Nube<\/td>\n<\/tr>\n<tr style=\"height: 25.00pt;\">\n<td class=\"et5\" style=\"width: 117.50pt;\" width=\"195\">Reproducci\u00f3n<\/td>\n<td class=\"et4\">Apoyo<\/td>\n<\/tr>\n<tr style=\"height: 25.00pt;\">\n<td class=\"et5\" style=\"width: 117.50pt;\" width=\"195\">Alarma<\/td>\n<td class=\"et4\">Grabaci\u00f3n de alarmas, captura de pantalla<\/td>\n<\/tr>\n<tr style=\"height: 25.00pt;\">\n<td class=\"et8\" style=\"height: 100.00pt; width: 90.80pt; border-bottom: .5pt solid #000000;\" rowspan=\"4\" width=\"151\" height=\"166\">Red<\/td>\n<td class=\"et5\" style=\"width: 117.50pt;\" width=\"195\">Wi-Fi<\/td>\n<td class=\"et4\">802.11b\/g\/n<\/td>\n<\/tr>\n<tr style=\"height: 25.00pt;\">\n<td class=\"et5\" style=\"width: 117.50pt;\" width=\"195\">Arroyo<\/td>\n<td class=\"et4\">Doble transmisi\u00f3n<\/td>\n<\/tr>\n<tr style=\"height: 25.00pt;\">\n<td class=\"et5\" style=\"width: 117.50pt;\" width=\"195\">Modo de transmisi\u00f3n<\/td>\n<td class=\"et4\">P2P, servidor de nube inteligente<\/td>\n<\/tr>\n<tr style=\"height: 25.00pt;\">\n<td class=\"et5\" style=\"width: 117.50pt;\" width=\"195\">Conexi\u00f3n WIFI<\/td>\n<td class=\"et4\">Escanee el c\u00f3digo QR, conexi\u00f3n r\u00e1pida WiFi, conexi\u00f3n de punto de acceso AP<\/td>\n<\/tr>\n<tr style=\"height: 25.00pt;\">\n<td class=\"et2\" style=\"height: 50.00pt;\" rowspan=\"2\" height=\"83\">Extender<\/td>\n<td class=\"et5\" style=\"width: 117.50pt;\" width=\"195\">Tarjeta TF<\/td>\n<td class=\"et4\">Tarjeta TF de 128 GB como m\u00e1ximo<\/td>\n<\/tr>\n<tr style=\"height: 25.00pt;\">\n<td class=\"et5\" style=\"width: 117.50pt;\" width=\"195\">Reiniciar<\/td>\n<td class=\"et4\">Apoyo<\/td>\n<\/tr>\n<tr style=\"height: 25.00pt;\">\n<td class=\"et11\" style=\"height: 50.00pt; border-bottom: .5pt solid #000000;\" rowspan=\"2\" height=\"83\">Fuente de alimentaci\u00f3n<\/td>\n<td class=\"et5\" style=\"width: 117.50pt;\" width=\"195\">Fuerza<\/td>\n<td class=\"et6\" style=\"width: 462.45pt;\" width=\"770\">CC 5 V 1,5 A<\/td>\n<\/tr>\n<tr style=\"height: 25.00pt;\">\n<td class=\"et5\" style=\"width: 117.50pt;\" width=\"195\">Consumo de energ\u00eda<\/td>\n<td class=\"et6\" style=\"width: 462.45pt;\" width=\"770\">3W<\/td>\n<\/tr>\n<tr style=\"height: 25.00pt;\">\n<td class=\"et8\" style=\"height: 100.00pt; width: 90.80pt; border-bottom: .5pt solid #000000;\" rowspan=\"4\" width=\"151\" height=\"166\">Entorno de trabajo<\/td>\n<td class=\"et5\" style=\"width: 117.50pt;\" width=\"195\">Lugar adecuado<\/td>\n<td class=\"et6\" style=\"width: 462.45pt;\" width=\"770\">Hogar, tienda, escuela, f\u00e1brica<\/td>\n<\/tr>\n<tr style=\"height: 25.00pt;\">\n<td class=\"et5\" style=\"width: 117.50pt;\" width=\"195\">Modo de instalaci\u00f3n<\/td>\n<td class=\"et6\" style=\"width: 462.45pt;\" width=\"770\">Montado en la pared<\/td>\n<\/tr>\n<tr style=\"height: 25.00pt;\">\n<td class=\"et5\" style=\"width: 117.50pt;\" width=\"195\">Temperatura de trabajo<\/td>\n<td class=\"et4\">-10<span class=\"font2\">\u2103\uff0d\uff0b<\/span><span class=\"font3\">55<\/span><span class=\"font2\">\u00b0C<\/span><\/td>\n<\/tr>\n<tr style=\"height: 25.00pt;\">\n<td class=\"et5\" style=\"width: 117.50pt;\" width=\"195\">Humedad de trabajo<\/td>\n<td class=\"et4\">10%<span class=\"font2\">-<\/span><span class=\"font3\">90%<\/span><\/td>\n<\/tr>\n<tr style=\"height: 25.00pt;\">\n<td class=\"et2\" style=\"height: 50.00pt;\" rowspan=\"2\" height=\"83\">Otro<\/td>\n<td class=\"et5\" style=\"width: 117.50pt;\" width=\"195\">lente de la c\u00e1mara<\/td>\n<td class=\"et6\" style=\"width: 462.45pt;\" width=\"770\">3,6 mm<\/td>\n<\/tr>\n<tr style=\"height: 25.00pt;\">\n<td class=\"et5\" style=\"width: 117.50pt;\" width=\"195\">CONDUJO<\/td>\n<td class=\"et6\" style=\"width: 462.45pt;\" width=\"770\">4 piezas<\/td>\n<\/tr>\n<\/tbody>\n<\/table>","protected":false},"excerpt":{"rendered":"<p>C\u00e1mara PTZ mini de 2 pulgadas con multifunci\u00f3n:<br \/>\n* Admite intercomunicador de voz bidireccional<br \/>\n* Detecci\u00f3n de movimiento; Soporte de seguimiento autom\u00e1tico<br \/>\n* Consulta de clasificaci\u00f3n de alarmas con soporte de video en la nube<br \/>\n&amp;funci\u00f3n de reproducci\u00f3n (humanoide, voz)<br \/>\n* Admite vista remota del tel\u00e9fono (iOS, Android)<br \/>\n* Admite Wifi 802.11b\/g\/n 2.4G, 5G (opcional)<br \/>\n* Tarjeta TF de 128G m\u00e1x. y funci\u00f3n de almacenamiento en la nube<br \/>\n* Fuente de alimentaci\u00f3n DC12V 1.5A<\/p>","protected":false},"featured_media":1495,"template":"","meta":[],"product_brand":[],"product_cat":[30],"product_tag":[141,142,144,145,143],"class_list":{"0":"post-1494","1":"product","2":"type-product","3":"status-publish","4":"has-post-thumbnail","6":"product_cat-wireless-cameras","7":"product_tag-smart-life-camera","8":"product_tag-smart-outdoor-camera","9":"product_tag-smart-ptz-camera","10":"product_tag-tuya-cameras","11":"product_tag-wireless-smart-camera","13":"first","14":"instock","15":"shipping-taxable","16":"product-type-simple"},"acf":[],"yoast_head":"<!-- This site is optimized with the Yoast SEO Premium plugin v20.2.1 (Yoast SEO v26.1.1) - https:\/\/yoast.com\/wordpress\/plugins\/seo\/ -->\n<title>HD Wireless Tuya Smart life Outdoor CCTV Speed Dome surveillance IP PTZ camera - Bokysee Technology Co.,LTD<\/title>\n<meta name=\"description\" content=\"Tuya HD Wireless Smart life Outdoor CCTV Speed Dome surveillance Mini WIFI IP PTZ camera with Dual Light Night Wision Bokysee\" \/>\n<meta name=\"robots\" content=\"index, follow, max-snippet:-1, max-image-preview:large, max-video-preview:-1\" \/>\n<link rel=\"canonical\" href=\"https:\/\/bokysee.com\/es\/products\/hd-wireless-tuya-smart-life-outdoor-cctv-speed-dome-surveillance-ip-ptz-camera\/\" \/>\n<meta property=\"og:locale\" content=\"es_ES\" \/>\n<meta property=\"og:type\" content=\"article\" \/>\n<meta property=\"og:title\" content=\"HD Wireless Tuya Smart life Outdoor CCTV Speed Dome surveillance IP PTZ camera\" \/>\n<meta property=\"og:description\" content=\"Tuya HD Wireless Smart life Outdoor CCTV Speed Dome surveillance Mini WIFI IP PTZ camera with Dual Light Night Wision Bokysee\" \/>\n<meta property=\"og:url\" content=\"https:\/\/bokysee.com\/es\/products\/hd-wireless-tuya-smart-life-outdoor-cctv-speed-dome-surveillance-ip-ptz-camera\/\" \/>\n<meta property=\"og:site_name\" content=\"Bokysee Technology Co.,LTD\" \/>\n<meta property=\"article:modified_time\" content=\"2023-05-03T15:56:30+00:00\" \/>\n<meta property=\"og:image\" content=\"https:\/\/bokysee.com\/wp-content\/uploads\/2023\/05\/BK-T17D.jpg\" \/>\n\t<meta property=\"og:image:width\" content=\"800\" \/>\n\t<meta property=\"og:image:height\" content=\"800\" \/>\n\t<meta property=\"og:image:type\" content=\"image\/jpeg\" \/>\n<meta name=\"twitter:card\" content=\"summary_large_image\" \/>\n<meta name=\"twitter:label1\" content=\"Tiempo de lectura\" \/>\n\t<meta name=\"twitter:data1\" content=\"1 minuto\" \/>\n<script type=\"application\/ld+json\" class=\"yoast-schema-graph\">{\"@context\":\"https:\/\/schema.org\",\"@graph\":[{\"@type\":\"WebPage\",\"@id\":\"https:\/\/bokysee.com\/products\/hd-wireless-tuya-smart-life-outdoor-cctv-speed-dome-surveillance-ip-ptz-camera\/\",\"url\":\"https:\/\/bokysee.com\/products\/hd-wireless-tuya-smart-life-outdoor-cctv-speed-dome-surveillance-ip-ptz-camera\/\",\"name\":\"HD Wireless Tuya Smart life Outdoor CCTV Speed Dome surveillance IP PTZ camera - Bokysee Technology Co.,LTD\",\"isPartOf\":{\"@id\":\"https:\/\/bokysee.com\/#website\"},\"primaryImageOfPage\":{\"@id\":\"https:\/\/bokysee.com\/products\/hd-wireless-tuya-smart-life-outdoor-cctv-speed-dome-surveillance-ip-ptz-camera\/#primaryimage\"},\"image\":{\"@id\":\"https:\/\/bokysee.com\/products\/hd-wireless-tuya-smart-life-outdoor-cctv-speed-dome-surveillance-ip-ptz-camera\/#primaryimage\"},\"thumbnailUrl\":\"https:\/\/bokysee.com\/wp-content\/uploads\/2023\/05\/BK-T17D.jpg\",\"datePublished\":\"2023-05-03T15:49:46+00:00\",\"dateModified\":\"2023-05-03T15:56:30+00:00\",\"description\":\"Tuya HD Wireless Smart life Outdoor CCTV Speed Dome surveillance Mini WIFI IP PTZ camera with Dual Light Night Wision Bokysee\",\"breadcrumb\":{\"@id\":\"https:\/\/bokysee.com\/products\/hd-wireless-tuya-smart-life-outdoor-cctv-speed-dome-surveillance-ip-ptz-camera\/#breadcrumb\"},\"inLanguage\":\"es\",\"potentialAction\":[{\"@type\":\"ReadAction\",\"target\":[\"https:\/\/bokysee.com\/products\/hd-wireless-tuya-smart-life-outdoor-cctv-speed-dome-surveillance-ip-ptz-camera\/\"]}]},{\"@type\":\"ImageObject\",\"inLanguage\":\"es\",\"@id\":\"https:\/\/bokysee.com\/products\/hd-wireless-tuya-smart-life-outdoor-cctv-speed-dome-surveillance-ip-ptz-camera\/#primaryimage\",\"url\":\"https:\/\/bokysee.com\/wp-content\/uploads\/2023\/05\/BK-T17D.jpg\",\"contentUrl\":\"https:\/\/bokysee.com\/wp-content\/uploads\/2023\/05\/BK-T17D.jpg\",\"width\":800,\"height\":800,\"caption\":\"wireless ptz camera\"},{\"@type\":\"BreadcrumbList\",\"@id\":\"https:\/\/bokysee.com\/products\/hd-wireless-tuya-smart-life-outdoor-cctv-speed-dome-surveillance-ip-ptz-camera\/#breadcrumb\",\"itemListElement\":[{\"@type\":\"ListItem\",\"position\":1,\"name\":\"Home\",\"item\":\"https:\/\/bokysee.com\/\"},{\"@type\":\"ListItem\",\"position\":2,\"name\":\"Products\",\"item\":\"https:\/\/bokysee.com\/products\/\"},{\"@type\":\"ListItem\",\"position\":3,\"name\":\"HD Wireless Tuya Smart life Outdoor CCTV Speed Dome surveillance IP PTZ camera\"}]},{\"@type\":\"WebSite\",\"@id\":\"https:\/\/bokysee.com\/#website\",\"url\":\"https:\/\/bokysee.com\/\",\"name\":\"Bokysee Technology Co.,LTD\",\"description\":\"Professional Smart Indoor and Outdoor Security Cameras Solution Supplier\",\"potentialAction\":[{\"@type\":\"SearchAction\",\"target\":{\"@type\":\"EntryPoint\",\"urlTemplate\":\"https:\/\/bokysee.com\/?s={search_term_string}\"},\"query-input\":{\"@type\":\"PropertyValueSpecification\",\"valueRequired\":true,\"valueName\":\"search_term_string\"}}],\"inLanguage\":\"es\"}]}<\/script>\n<!-- \/ Yoast SEO Premium plugin. -->","yoast_head_json":{"title":"HD Wireless Tuya Smart life Outdoor CCTV Speed Dome surveillance IP PTZ camera - Bokysee Technology Co.,LTD","description":"Tuya HD Wireless Smart life Outdoor CCTV Speed Dome surveillance Mini WIFI IP PTZ camera with Dual Light Night Wision Bokysee","robots":{"index":"index","follow":"follow","max-snippet":"max-snippet:-1","max-image-preview":"max-image-preview:large","max-video-preview":"max-video-preview:-1"},"canonical":"https:\/\/bokysee.com\/es\/products\/hd-wireless-tuya-smart-life-outdoor-cctv-speed-dome-surveillance-ip-ptz-camera\/","og_locale":"es_ES","og_type":"article","og_title":"HD Wireless Tuya Smart life Outdoor CCTV Speed Dome surveillance IP PTZ camera","og_description":"Tuya HD Wireless Smart life Outdoor CCTV Speed Dome surveillance Mini WIFI IP PTZ camera with Dual Light Night Wision Bokysee","og_url":"https:\/\/bokysee.com\/es\/products\/hd-wireless-tuya-smart-life-outdoor-cctv-speed-dome-surveillance-ip-ptz-camera\/","og_site_name":"Bokysee Technology Co.,LTD","article_modified_time":"2023-05-03T15:56:30+00:00","og_image":[{"width":800,"height":800,"url":"https:\/\/bokysee.com\/wp-content\/uploads\/2023\/05\/BK-T17D.jpg","type":"image\/jpeg"}],"twitter_card":"summary_large_image","twitter_misc":{"Tiempo de lectura":"1 minuto"},"schema":{"@context":"https:\/\/schema.org","@graph":[{"@type":"WebPage","@id":"https:\/\/bokysee.com\/products\/hd-wireless-tuya-smart-life-outdoor-cctv-speed-dome-surveillance-ip-ptz-camera\/","url":"https:\/\/bokysee.com\/products\/hd-wireless-tuya-smart-life-outdoor-cctv-speed-dome-surveillance-ip-ptz-camera\/","name":"HD Wireless Tuya Smart life Outdoor CCTV Speed Dome surveillance IP PTZ camera - Bokysee Technology Co.,LTD","isPartOf":{"@id":"https:\/\/bokysee.com\/#website"},"primaryImageOfPage":{"@id":"https:\/\/bokysee.com\/products\/hd-wireless-tuya-smart-life-outdoor-cctv-speed-dome-surveillance-ip-ptz-camera\/#primaryimage"},"image":{"@id":"https:\/\/bokysee.com\/products\/hd-wireless-tuya-smart-life-outdoor-cctv-speed-dome-surveillance-ip-ptz-camera\/#primaryimage"},"thumbnailUrl":"https:\/\/bokysee.com\/wp-content\/uploads\/2023\/05\/BK-T17D.jpg","datePublished":"2023-05-03T15:49:46+00:00","dateModified":"2023-05-03T15:56:30+00:00","description":"Tuya HD Wireless Smart life Outdoor CCTV Speed Dome surveillance Mini WIFI IP PTZ camera with Dual Light Night Wision Bokysee","breadcrumb":{"@id":"https:\/\/bokysee.com\/products\/hd-wireless-tuya-smart-life-outdoor-cctv-speed-dome-surveillance-ip-ptz-camera\/#breadcrumb"},"inLanguage":"es","potentialAction":[{"@type":"ReadAction","target":["https:\/\/bokysee.com\/products\/hd-wireless-tuya-smart-life-outdoor-cctv-speed-dome-surveillance-ip-ptz-camera\/"]}]},{"@type":"ImageObject","inLanguage":"es","@id":"https:\/\/bokysee.com\/products\/hd-wireless-tuya-smart-life-outdoor-cctv-speed-dome-surveillance-ip-ptz-camera\/#primaryimage","url":"https:\/\/bokysee.com\/wp-content\/uploads\/2023\/05\/BK-T17D.jpg","contentUrl":"https:\/\/bokysee.com\/wp-content\/uploads\/2023\/05\/BK-T17D.jpg","width":800,"height":800,"caption":"wireless ptz camera"},{"@type":"BreadcrumbList","@id":"https:\/\/bokysee.com\/products\/hd-wireless-tuya-smart-life-outdoor-cctv-speed-dome-surveillance-ip-ptz-camera\/#breadcrumb","itemListElement":[{"@type":"ListItem","position":1,"name":"Home","item":"https:\/\/bokysee.com\/"},{"@type":"ListItem","position":2,"name":"Products","item":"https:\/\/bokysee.com\/products\/"},{"@type":"ListItem","position":3,"name":"HD Wireless Tuya Smart life Outdoor CCTV Speed Dome surveillance IP PTZ camera"}]},{"@type":"WebSite","@id":"https:\/\/bokysee.com\/#website","url":"https:\/\/bokysee.com\/","name":"Bokysee Technology Co.,LTD","description":"Professional Smart Indoor and Outdoor Security Cameras Solution Supplier","potentialAction":[{"@type":"SearchAction","target":{"@type":"EntryPoint","urlTemplate":"https:\/\/bokysee.com\/?s={search_term_string}"},"query-input":{"@type":"PropertyValueSpecification","valueRequired":true,"valueName":"search_term_string"}}],"inLanguage":"es"}]}},"_links":{"self":[{"href":"https:\/\/bokysee.com\/es\/wp-json\/wp\/v2\/product\/1494","targetHints":{"allow":["GET"]}}],"collection":[{"href":"https:\/\/bokysee.com\/es\/wp-json\/wp\/v2\/product"}],"about":[{"href":"https:\/\/bokysee.com\/es\/wp-json\/wp\/v2\/types\/product"}],"version-history":[{"count":0,"href":"https:\/\/bokysee.com\/es\/wp-json\/wp\/v2\/product\/1494\/revisions"}],"wp:featuredmedia":[{"embeddable":true,"href":"https:\/\/bokysee.com\/es\/wp-json\/wp\/v2\/media\/1495"}],"wp:attachment":[{"href":"https:\/\/bokysee.com\/es\/wp-json\/wp\/v2\/media?parent=1494"}],"wp:term":[{"taxonomy":"product_brand","embeddable":true,"href":"https:\/\/bokysee.com\/es\/wp-json\/wp\/v2\/product_brand?post=1494"},{"taxonomy":"product_cat","embeddable":true,"href":"https:\/\/bokysee.com\/es\/wp-json\/wp\/v2\/product_cat?post=1494"},{"taxonomy":"product_tag","embeddable":true,"href":"https:\/\/bokysee.com\/es\/wp-json\/wp\/v2\/product_tag?post=1494"}],"curies":[{"name":"wp","href":"https:\/\/api.w.org\/{rel}","templated":true}]}}