{"id":1458,"date":"2023-04-25T11:27:08","date_gmt":"2023-04-25T11:27:08","guid":{"rendered":"https:\/\/bokysee.com\/?post_type=product&#038;p=1458"},"modified":"2024-09-09T16:13:34","modified_gmt":"2024-09-09T08:13:34","slug":"wholesale-4ch-3mp-wireless-security-system-all-in-one-nvr-kit-for-sale-diy-cctv-security-ip-ptz-camera-kits-for-home","status":"publish","type":"product","link":"https:\/\/bokysee.com\/es\/products\/wholesale-4ch-3mp-wireless-security-system-all-in-one-nvr-kit-for-sale-diy-cctv-security-ip-ptz-camera-kits-for-home\/","title":{"rendered":"Sistema de seguridad inal\u00e1mbrico de 4 canales y 3 MP, kit NVR todo en uno, venta al por mayor, kits de c\u00e1maras IP PTZ de seguridad CCTV para el hogar."},"content":{"rendered":"<p>Dispositivo todo en uno inal\u00e1mbrico con pantalla grande de 10,1 pulgadas que muestra la pantalla al encenderse;<br \/>\nInterfaz externa: HD-MI, VGA, 2 interfaces USB, puerto de red, interfaz de disco duro;<br \/>\nAlmacenamiento de v\u00eddeo: disco duro (soporte m\u00e1ximo 2T), tarjeta TF (soporte m\u00e1ximo 128g);<br \/>\nAdmite todo tipo de monitoreo remoto de tel\u00e9fonos m\u00f3viles (IOS, Android), tabletas y PC;<br \/>\nTama\u00f1o de la pantalla LCD: 10,1 pulgadas<br \/>\nVisualizaci\u00f3n de pantalla: 1\/4\/8<br \/>\nAdmite conexi\u00f3n de 1 a 8 c\u00e1maras al mismo tiempo<br \/>\nModo de respaldo: respaldo de red, disco duro USB, grabaci\u00f3n USB, grabaci\u00f3n SATA;<br \/>\nResoluci\u00f3n de pantalla: 1024*800<br \/>\nAdaptador de corriente de pantalla: 12 V 2 A;<br \/>\nAdaptador de corriente para c\u00e1mara: 12 V 1 A:<br \/>\nAdmite detecci\u00f3n de movimiento (\u00e1rea de detecci\u00f3n y sensibilidad opcionales);<br \/>\nDistancia de visi\u00f3n nocturna: 15-25 m;<\/p>\n<table width=\"1122\">\n<tbody>\n<tr>\n<td colspan=\"3\" width=\"1122\">Especificaciones del NVR WiFi<\/td>\n<\/tr>\n<tr>\n<td rowspan=\"4\">Sistema<\/td>\n<td>Procesador principal<\/td>\n<td>XM8516D<\/td>\n<\/tr>\n<tr>\n<td>pantalla<\/td>\n<td>10,1 pulgadas 1280*800<\/td>\n<\/tr>\n<tr>\n<td>Sistema operativo<\/td>\n<td>Linux integrado<\/td>\n<\/tr>\n<tr>\n<td>Recursos del sistema<\/td>\n<td>Grabaci\u00f3n simult\u00e1nea multicanal en tiempo real, reproducci\u00f3n, funcionamiento en red, copia de seguridad USB<\/td>\n<\/tr>\n<tr>\n<td rowspan=\"11\">Interfaz<\/td>\n<td>Interfaz del operador<\/td>\n<td>Interfaz de operaci\u00f3n de men\u00fa gr\u00e1fico de color verdadero de 16 bits, compatible con operaci\u00f3n con mouse<\/td>\n<\/tr>\n<tr>\n<td>Avance<\/td>\n<td>1\/4<\/td>\n<\/tr>\n<tr>\n<td width=\"197\">Entrada de v\u00eddeo (IP)<\/td>\n<td width=\"775\">4*3 MP<\/td>\n<\/tr>\n<tr>\n<td width=\"197\">Ancho de banda de acceso<\/td>\n<td width=\"775\">24 Mbps<\/td>\n<\/tr>\n<tr>\n<td width=\"197\">Reenv\u00edo de ancho de banda<\/td>\n<td width=\"775\">24 Mbps<\/td>\n<\/tr>\n<tr>\n<td width=\"197\">Compresi\u00f3n de v\u00eddeo<\/td>\n<td width=\"775\">H.265+<\/td>\n<\/tr>\n<tr>\n<td width=\"197\">Calidad de visualizaci\u00f3n<\/td>\n<td width=\"775\">M\u00e1ximo 3 MP<\/td>\n<\/tr>\n<tr>\n<td width=\"197\">Calidad de reproducci\u00f3n<\/td>\n<td width=\"775\">3MP<\/td>\n<\/tr>\n<tr>\n<td width=\"197\">Descodificar<\/td>\n<td width=\"775\">4*3 MP<\/td>\n<\/tr>\n<tr>\n<td width=\"197\">realidad virtual<\/td>\n<td width=\"775\">Sin soporte<\/td>\n<\/tr>\n<tr>\n<td width=\"197\">Detecci\u00f3n de movimiento<\/td>\n<td>Soporte (depende de la c\u00e1mara)<\/td>\n<\/tr>\n<tr>\n<td rowspan=\"2\">Audio<\/td>\n<td width=\"197\">Compresi\u00f3n de audio<\/td>\n<td width=\"775\">G.711A<\/td>\n<\/tr>\n<tr>\n<td width=\"197\">Intercomunicador<\/td>\n<td width=\"775\">Sin soporte<\/td>\n<\/tr>\n<tr>\n<td rowspan=\"5\" width=\"149\">Grabar y reproducir<\/td>\n<td width=\"197\">Modo de grabaci\u00f3n<\/td>\n<td>Manual&gt;Alarma&gt;Detecci\u00f3n din\u00e1mica&gt;Temporizaci\u00f3n<\/td>\n<\/tr>\n<tr>\n<td width=\"197\">Recuperaci\u00f3n local<\/td>\n<td>4*3 MP<\/td>\n<\/tr>\n<tr>\n<td width=\"197\">Modo de b\u00fasqueda<\/td>\n<td>Buscar por Hora\/Calendario\/Evento\/Canal<\/td>\n<\/tr>\n<tr>\n<td width=\"197\">Almacenamiento de registros<\/td>\n<td>HDD, red, tarjeta SD<\/td>\n<\/tr>\n<tr>\n<td width=\"197\">Modo de respaldo<\/td>\n<td>Copia de seguridad de red, disco duro USB, grabadora USB,<\/td>\n<\/tr>\n<tr>\n<td rowspan=\"8\" width=\"149\">Externo<br \/>\nInterfaz<\/td>\n<td width=\"197\">Salida de v\u00eddeo<\/td>\n<td>Salida HDMI HD de 1 canal<\/td>\n<\/tr>\n<tr>\n<td width=\"197\">Entrada\/Salida de audio<\/td>\n<td>0\/0<\/td>\n<\/tr>\n<tr>\n<td width=\"197\">Entrada\/Salida de alarma<\/td>\n<td>0\/0<\/td>\n<\/tr>\n<tr>\n<td width=\"197\">Interfaz de red<\/td>\n<td>1 puerto Ethernet adaptable RJ45 10M\/100M + 4 canales WIFI<\/td>\n<\/tr>\n<tr>\n<td width=\"197\">Interfaz USB<\/td>\n<td>2 puertos USB 2.0<\/td>\n<\/tr>\n<tr>\n<td width=\"197\">Disco duro<\/td>\n<td>1* SATA+1 tarjeta SD<\/td>\n<\/tr>\n<tr>\n<td width=\"197\">ESATA<\/td>\n<td>No<\/td>\n<\/tr>\n<tr>\n<td width=\"197\">Interfaz serial<\/td>\n<td>No<\/td>\n<\/tr>\n<tr>\n<td rowspan=\"3\">Otro<\/td>\n<td width=\"197\">ONVIF<\/td>\n<td width=\"775\">No<\/td>\n<\/tr>\n<tr>\n<td width=\"197\">Fuente de alimentaci\u00f3n<\/td>\n<td width=\"775\">5 V\/2 A Tipo C<\/td>\n<\/tr>\n<tr>\n<td width=\"197\">Consumo de energ\u00eda<\/td>\n<td width=\"775\">&lt;10 W (sin disco duro)<\/td>\n<\/tr>\n<tr>\n<td><\/td>\n<td><\/td>\n<td><\/td>\n<\/tr>\n<tr>\n<td colspan=\"3\">Especificaciones de la c\u00e1mara WiFi<\/td>\n<\/tr>\n<tr>\n<td rowspan=\"7\">Para configurar<\/td>\n<td>Procesador + sensor<\/td>\n<td width=\"775\">Sensor CMOS XM530 Ai+2.0M 1\/3\u2033F37<\/td>\n<\/tr>\n<tr>\n<td>Baja iluminaci\u00f3n<\/td>\n<td>Color: 0,1 Lux; B\/N: 0,01 Lux<\/td>\n<\/tr>\n<tr>\n<td>P\u00edxel efectivo<\/td>\n<td>Alta definici\u00f3n 1080p<\/td>\n<\/tr>\n<tr>\n<td>Lente<\/td>\n<td>Lente HD de 3,6 mm<\/td>\n<\/tr>\n<tr>\n<td>L\u00e1mpara infrarroja<\/td>\n<td>8 piezas X 5 cuentas de l\u00e1mpara<\/td>\n<\/tr>\n<tr>\n<td>Distancia infrarroja<\/td>\n<td>150~200 m<\/td>\n<\/tr>\n<tr>\n<td>D\u00eda y noche<\/td>\n<td>Filtro de corte IR con conmutaci\u00f3n autom\u00e1tica<\/td>\n<\/tr>\n<tr>\n<td rowspan=\"10\">General<\/td>\n<td rowspan=\"2\">configuraci\u00f3n<\/td>\n<td rowspan=\"2\" width=\"775\">Saturaci\u00f3n, brillo y contraste;<br \/>\nSe pueden ajustar a trav\u00e9s del navegador IE o del software cliente.<\/td>\n<\/tr>\n<tr>\n<td>Compresi\u00f3n de v\u00eddeo<\/td>\n<td>H.265+<\/td>\n<\/tr>\n<tr>\n<td>temperatura<\/td>\n<td>-10\u2103-\uff0b60\u2103<\/td>\n<\/tr>\n<tr>\n<td>humedad<\/td>\n<td>10%-90% derecha<\/td>\n<\/tr>\n<tr>\n<td>Fuente de alimentaci\u00f3n<\/td>\n<td>CC 12 V 1 A<\/td>\n<\/tr>\n<tr>\n<td>Consumo<\/td>\n<td>M\u00c1XIMO 6W<\/td>\n<\/tr>\n<tr>\n<td>Grado de impermeabilidad<\/td>\n<td>IP66<\/td>\n<\/tr>\n<tr>\n<td>Dimensi\u00f3n<\/td>\n<td>\u00a0221*120*92;<\/td>\n<\/tr>\n<tr>\n<td>Peso<\/td>\n<td>0,5 kilogramos<\/td>\n<\/tr>\n<\/tbody>\n<\/table>","protected":false},"excerpt":{"rendered":"<p>Kits NVR WiFi todo en uno de 10,1 pulgadas, 4 canales y 3,0 MP:<br \/>\n* No es necesario configurarlo, enchufarlo y usarlo.<br \/>\n* Conexi\u00f3n Wi-Fi; Compatible con tarjeta TF<br \/>\n* Audio bidireccional, fuente de luz dual<br \/>\n* Compresi\u00f3n de v\u00eddeo H.265+<br \/>\n* Admite vista remota del tel\u00e9fono (IOS\/Android)<br \/>\n* Adaptador de corriente para c\u00e1mara: CC 12 V 1 A X4<br \/>\n* Adaptador de corriente NVR: CC 12 V 2 A X1<br \/>\n* Rat\u00f3n USB X 1; Manual de usuario X1<br \/>\n* 1 paquete: 322*165*287 mm, 3,3 kg\/juego<br \/>\n* 6 juegos\/caja; 515 x 337 x 595 mm, 20,8 kg\/caja<\/p>","protected":false},"featured_media":1459,"template":"","meta":[],"product_brand":[],"product_cat":[553],"product_tag":[129,130,131,128],"class_list":{"0":"post-1458","1":"product","2":"type-product","3":"status-publish","4":"has-post-thumbnail","6":"product_cat-nvr-kits","7":"product_tag-cctv-kits-for-sale","8":"product_tag-ip-camera-kit","9":"product_tag-security-cameras-kits-for-home","10":"product_tag-wireless-security-system-nvr-kit","12":"first","13":"instock","14":"shipping-taxable","15":"product-type-simple"},"acf":[],"yoast_head":"<!-- This site is optimized with the Yoast SEO Premium plugin v20.2.1 (Yoast SEO v26.1.1) - https:\/\/yoast.com\/wordpress\/plugins\/seo\/ -->\n<title>Wholesale 4CH 3MP Wireless Security System All-in-one NVR kit for Sale DIY CCTV Security IP PTZ camera kits for home - Bokysee Technology Co.,LTD<\/title>\n<meta name=\"description\" content=\"Wholesale 4CH 3MP Wireless Security System All-in-one NVR kit for Sale DIY CCTV Security IP PTZ camera kits for home with 10.1-inch Screen\" \/>\n<meta name=\"robots\" content=\"index, follow, max-snippet:-1, max-image-preview:large, max-video-preview:-1\" \/>\n<link rel=\"canonical\" href=\"https:\/\/bokysee.com\/es\/products\/wholesale-4ch-3mp-wireless-security-system-all-in-one-nvr-kit-for-sale-diy-cctv-security-ip-ptz-camera-kits-for-home\/\" \/>\n<meta property=\"og:locale\" content=\"es_ES\" \/>\n<meta property=\"og:type\" content=\"article\" \/>\n<meta property=\"og:title\" content=\"Wholesale 4CH 3MP Wireless Security System All-in-one NVR kit for Sale DIY CCTV Security IP PTZ camera kits for home\" \/>\n<meta property=\"og:description\" content=\"Wholesale 4CH 3MP Wireless Security System All-in-one NVR kit for Sale DIY CCTV Security IP PTZ camera kits for home with 10.1-inch Screen\" \/>\n<meta property=\"og:url\" content=\"https:\/\/bokysee.com\/es\/products\/wholesale-4ch-3mp-wireless-security-system-all-in-one-nvr-kit-for-sale-diy-cctv-security-ip-ptz-camera-kits-for-home\/\" \/>\n<meta property=\"og:site_name\" content=\"Bokysee Technology Co.,LTD\" \/>\n<meta property=\"article:modified_time\" content=\"2024-09-09T08:13:34+00:00\" \/>\n<meta property=\"og:image\" content=\"https:\/\/bokysee.com\/wp-content\/uploads\/2023\/04\/BK-K09T04D3M-1.jpg\" \/>\n\t<meta property=\"og:image:width\" content=\"800\" \/>\n\t<meta property=\"og:image:height\" content=\"800\" \/>\n\t<meta property=\"og:image:type\" content=\"image\/jpeg\" \/>\n<meta name=\"twitter:card\" content=\"summary_large_image\" \/>\n<meta name=\"twitter:label1\" content=\"Tiempo de lectura\" \/>\n\t<meta name=\"twitter:data1\" content=\"2 minutos\" \/>\n<script type=\"application\/ld+json\" class=\"yoast-schema-graph\">{\"@context\":\"https:\/\/schema.org\",\"@graph\":[{\"@type\":\"WebPage\",\"@id\":\"https:\/\/bokysee.com\/products\/wholesale-4ch-3mp-wireless-security-system-all-in-one-nvr-kit-for-sale-diy-cctv-security-ip-ptz-camera-kits-for-home\/\",\"url\":\"https:\/\/bokysee.com\/products\/wholesale-4ch-3mp-wireless-security-system-all-in-one-nvr-kit-for-sale-diy-cctv-security-ip-ptz-camera-kits-for-home\/\",\"name\":\"Wholesale 4CH 3MP Wireless Security System All-in-one NVR kit for Sale DIY CCTV Security IP PTZ camera kits for home - Bokysee Technology Co.,LTD\",\"isPartOf\":{\"@id\":\"https:\/\/bokysee.com\/#website\"},\"primaryImageOfPage\":{\"@id\":\"https:\/\/bokysee.com\/products\/wholesale-4ch-3mp-wireless-security-system-all-in-one-nvr-kit-for-sale-diy-cctv-security-ip-ptz-camera-kits-for-home\/#primaryimage\"},\"image\":{\"@id\":\"https:\/\/bokysee.com\/products\/wholesale-4ch-3mp-wireless-security-system-all-in-one-nvr-kit-for-sale-diy-cctv-security-ip-ptz-camera-kits-for-home\/#primaryimage\"},\"thumbnailUrl\":\"https:\/\/bokysee.com\/wp-content\/uploads\/2023\/04\/BK-K09T04D3M-1.jpg\",\"datePublished\":\"2023-04-25T11:27:08+00:00\",\"dateModified\":\"2024-09-09T08:13:34+00:00\",\"description\":\"Wholesale 4CH 3MP Wireless Security System All-in-one NVR kit for Sale DIY CCTV Security IP PTZ camera kits for home with 10.1-inch Screen\",\"breadcrumb\":{\"@id\":\"https:\/\/bokysee.com\/products\/wholesale-4ch-3mp-wireless-security-system-all-in-one-nvr-kit-for-sale-diy-cctv-security-ip-ptz-camera-kits-for-home\/#breadcrumb\"},\"inLanguage\":\"es\",\"potentialAction\":[{\"@type\":\"ReadAction\",\"target\":[\"https:\/\/bokysee.com\/products\/wholesale-4ch-3mp-wireless-security-system-all-in-one-nvr-kit-for-sale-diy-cctv-security-ip-ptz-camera-kits-for-home\/\"]}]},{\"@type\":\"ImageObject\",\"inLanguage\":\"es\",\"@id\":\"https:\/\/bokysee.com\/products\/wholesale-4ch-3mp-wireless-security-system-all-in-one-nvr-kit-for-sale-diy-cctv-security-ip-ptz-camera-kits-for-home\/#primaryimage\",\"url\":\"https:\/\/bokysee.com\/wp-content\/uploads\/2023\/04\/BK-K09T04D3M-1.jpg\",\"contentUrl\":\"https:\/\/bokysee.com\/wp-content\/uploads\/2023\/04\/BK-K09T04D3M-1.jpg\",\"width\":800,\"height\":800,\"caption\":\"ip camera kit\"},{\"@type\":\"BreadcrumbList\",\"@id\":\"https:\/\/bokysee.com\/products\/wholesale-4ch-3mp-wireless-security-system-all-in-one-nvr-kit-for-sale-diy-cctv-security-ip-ptz-camera-kits-for-home\/#breadcrumb\",\"itemListElement\":[{\"@type\":\"ListItem\",\"position\":1,\"name\":\"Home\",\"item\":\"https:\/\/bokysee.com\/\"},{\"@type\":\"ListItem\",\"position\":2,\"name\":\"Products\",\"item\":\"https:\/\/bokysee.com\/products\/\"},{\"@type\":\"ListItem\",\"position\":3,\"name\":\"Wholesale 4CH 3MP Wireless Security System All-in-one NVR kit for Sale DIY CCTV Security IP PTZ camera kits for home\"}]},{\"@type\":\"WebSite\",\"@id\":\"https:\/\/bokysee.com\/#website\",\"url\":\"https:\/\/bokysee.com\/\",\"name\":\"Bokysee Technology Co.,LTD\",\"description\":\"Professional Smart Indoor and Outdoor Security Cameras Solution Supplier\",\"potentialAction\":[{\"@type\":\"SearchAction\",\"target\":{\"@type\":\"EntryPoint\",\"urlTemplate\":\"https:\/\/bokysee.com\/?s={search_term_string}\"},\"query-input\":{\"@type\":\"PropertyValueSpecification\",\"valueRequired\":true,\"valueName\":\"search_term_string\"}}],\"inLanguage\":\"es\"}]}<\/script>\n<!-- \/ Yoast SEO Premium plugin. -->","yoast_head_json":{"title":"Wholesale 4CH 3MP Wireless Security System All-in-one NVR kit for Sale DIY CCTV Security IP PTZ camera kits for home - Bokysee Technology Co.,LTD","description":"Wholesale 4CH 3MP Wireless Security System All-in-one NVR kit for Sale DIY CCTV Security IP PTZ camera kits for home with 10.1-inch Screen","robots":{"index":"index","follow":"follow","max-snippet":"max-snippet:-1","max-image-preview":"max-image-preview:large","max-video-preview":"max-video-preview:-1"},"canonical":"https:\/\/bokysee.com\/es\/products\/wholesale-4ch-3mp-wireless-security-system-all-in-one-nvr-kit-for-sale-diy-cctv-security-ip-ptz-camera-kits-for-home\/","og_locale":"es_ES","og_type":"article","og_title":"Wholesale 4CH 3MP Wireless Security System All-in-one NVR kit for Sale DIY CCTV Security IP PTZ camera kits for home","og_description":"Wholesale 4CH 3MP Wireless Security System All-in-one NVR kit for Sale DIY CCTV Security IP PTZ camera kits for home with 10.1-inch Screen","og_url":"https:\/\/bokysee.com\/es\/products\/wholesale-4ch-3mp-wireless-security-system-all-in-one-nvr-kit-for-sale-diy-cctv-security-ip-ptz-camera-kits-for-home\/","og_site_name":"Bokysee Technology Co.,LTD","article_modified_time":"2024-09-09T08:13:34+00:00","og_image":[{"width":800,"height":800,"url":"https:\/\/bokysee.com\/wp-content\/uploads\/2023\/04\/BK-K09T04D3M-1.jpg","type":"image\/jpeg"}],"twitter_card":"summary_large_image","twitter_misc":{"Tiempo de lectura":"2 minutos"},"schema":{"@context":"https:\/\/schema.org","@graph":[{"@type":"WebPage","@id":"https:\/\/bokysee.com\/products\/wholesale-4ch-3mp-wireless-security-system-all-in-one-nvr-kit-for-sale-diy-cctv-security-ip-ptz-camera-kits-for-home\/","url":"https:\/\/bokysee.com\/products\/wholesale-4ch-3mp-wireless-security-system-all-in-one-nvr-kit-for-sale-diy-cctv-security-ip-ptz-camera-kits-for-home\/","name":"Wholesale 4CH 3MP Wireless Security System All-in-one NVR kit for Sale DIY CCTV Security IP PTZ camera kits for home - Bokysee Technology Co.,LTD","isPartOf":{"@id":"https:\/\/bokysee.com\/#website"},"primaryImageOfPage":{"@id":"https:\/\/bokysee.com\/products\/wholesale-4ch-3mp-wireless-security-system-all-in-one-nvr-kit-for-sale-diy-cctv-security-ip-ptz-camera-kits-for-home\/#primaryimage"},"image":{"@id":"https:\/\/bokysee.com\/products\/wholesale-4ch-3mp-wireless-security-system-all-in-one-nvr-kit-for-sale-diy-cctv-security-ip-ptz-camera-kits-for-home\/#primaryimage"},"thumbnailUrl":"https:\/\/bokysee.com\/wp-content\/uploads\/2023\/04\/BK-K09T04D3M-1.jpg","datePublished":"2023-04-25T11:27:08+00:00","dateModified":"2024-09-09T08:13:34+00:00","description":"Wholesale 4CH 3MP Wireless Security System All-in-one NVR kit for Sale DIY CCTV Security IP PTZ camera kits for home with 10.1-inch Screen","breadcrumb":{"@id":"https:\/\/bokysee.com\/products\/wholesale-4ch-3mp-wireless-security-system-all-in-one-nvr-kit-for-sale-diy-cctv-security-ip-ptz-camera-kits-for-home\/#breadcrumb"},"inLanguage":"es","potentialAction":[{"@type":"ReadAction","target":["https:\/\/bokysee.com\/products\/wholesale-4ch-3mp-wireless-security-system-all-in-one-nvr-kit-for-sale-diy-cctv-security-ip-ptz-camera-kits-for-home\/"]}]},{"@type":"ImageObject","inLanguage":"es","@id":"https:\/\/bokysee.com\/products\/wholesale-4ch-3mp-wireless-security-system-all-in-one-nvr-kit-for-sale-diy-cctv-security-ip-ptz-camera-kits-for-home\/#primaryimage","url":"https:\/\/bokysee.com\/wp-content\/uploads\/2023\/04\/BK-K09T04D3M-1.jpg","contentUrl":"https:\/\/bokysee.com\/wp-content\/uploads\/2023\/04\/BK-K09T04D3M-1.jpg","width":800,"height":800,"caption":"ip camera kit"},{"@type":"BreadcrumbList","@id":"https:\/\/bokysee.com\/products\/wholesale-4ch-3mp-wireless-security-system-all-in-one-nvr-kit-for-sale-diy-cctv-security-ip-ptz-camera-kits-for-home\/#breadcrumb","itemListElement":[{"@type":"ListItem","position":1,"name":"Home","item":"https:\/\/bokysee.com\/"},{"@type":"ListItem","position":2,"name":"Products","item":"https:\/\/bokysee.com\/products\/"},{"@type":"ListItem","position":3,"name":"Wholesale 4CH 3MP Wireless Security System All-in-one NVR kit for Sale DIY CCTV Security IP PTZ camera kits for home"}]},{"@type":"WebSite","@id":"https:\/\/bokysee.com\/#website","url":"https:\/\/bokysee.com\/","name":"Bokysee Technology Co.,LTD","description":"Professional Smart Indoor and Outdoor Security Cameras Solution Supplier","potentialAction":[{"@type":"SearchAction","target":{"@type":"EntryPoint","urlTemplate":"https:\/\/bokysee.com\/?s={search_term_string}"},"query-input":{"@type":"PropertyValueSpecification","valueRequired":true,"valueName":"search_term_string"}}],"inLanguage":"es"}]}},"_links":{"self":[{"href":"https:\/\/bokysee.com\/es\/wp-json\/wp\/v2\/product\/1458","targetHints":{"allow":["GET"]}}],"collection":[{"href":"https:\/\/bokysee.com\/es\/wp-json\/wp\/v2\/product"}],"about":[{"href":"https:\/\/bokysee.com\/es\/wp-json\/wp\/v2\/types\/product"}],"version-history":[{"count":0,"href":"https:\/\/bokysee.com\/es\/wp-json\/wp\/v2\/product\/1458\/revisions"}],"wp:featuredmedia":[{"embeddable":true,"href":"https:\/\/bokysee.com\/es\/wp-json\/wp\/v2\/media\/1459"}],"wp:attachment":[{"href":"https:\/\/bokysee.com\/es\/wp-json\/wp\/v2\/media?parent=1458"}],"wp:term":[{"taxonomy":"product_brand","embeddable":true,"href":"https:\/\/bokysee.com\/es\/wp-json\/wp\/v2\/product_brand?post=1458"},{"taxonomy":"product_cat","embeddable":true,"href":"https:\/\/bokysee.com\/es\/wp-json\/wp\/v2\/product_cat?post=1458"},{"taxonomy":"product_tag","embeddable":true,"href":"https:\/\/bokysee.com\/es\/wp-json\/wp\/v2\/product_tag?post=1458"}],"curies":[{"name":"wp","href":"https:\/\/api.w.org\/{rel}","templated":true}]}}