{"id":1448,"date":"2023-04-25T10:47:50","date_gmt":"2023-04-25T10:47:50","guid":{"rendered":"https:\/\/bokysee.com\/?post_type=product&#038;p=1448"},"modified":"2024-09-09T15:45:23","modified_gmt":"2024-09-09T07:45:23","slug":"wifi-solar-battery-powered-camera-wireless-cctv-outdoor-waterproof-two-way-voice-intercom-pir-motion-detection-security-cameras","status":"publish","type":"product","link":"https:\/\/bokysee.com\/es\/products\/wifi-solar-battery-powered-camera-wireless-cctv-outdoor-waterproof-two-way-voice-intercom-pir-motion-detection-security-cameras\/","title":{"rendered":"C\u00e1mara de seguridad inal\u00e1mbrica con bater\u00eda solar, wifi, CCTV, para exteriores, impermeable, intercomunicador de voz bidireccional, detecci\u00f3n de movimiento PIR"},"content":{"rendered":"<p><strong>C\u00e1mara de seguridad inal\u00e1mbrica con bater\u00eda solar, wifi, CCTV, para exteriores, impermeable, intercomunicador de voz bidireccional, detecci\u00f3n de movimiento PIR<\/strong><\/p>\n<p>Resoluci\u00f3n de 2,0 M, la imagen es clara y delicada;<br \/>\nApoyar la inducci\u00f3n del cuerpo humano PIR;<br \/>\nBater\u00edas de litio incorporadas de 5000 mAh;<br \/>\nAdmite activaci\u00f3n remota de la aplicaci\u00f3n;<br \/>\nAdmite conversi\u00f3n diurna y nocturna;<br \/>\nFuente de alimentaci\u00f3n DC5V, compatible con bater\u00eda alimentada por energ\u00eda solar (requiere panel de energ\u00eda solar externo);<br \/>\nSoporte WIFI;<br \/>\nAdmite reducci\u00f3n de ruido 2D\/3D, amplia din\u00e1mica digital;<br \/>\nTecnolog\u00eda avanzada de compresi\u00f3n de video H.265X, tasa de bits ultrabaja, calidad de imagen de alta definici\u00f3n;<br \/>\nProtecci\u00f3n contra rayos, de acuerdo con la norma nacional GB\/T17626.5, norma internacional IEC61000-4-5;<br \/>\nAdmite monitoreo de tel\u00e9fonos m\u00f3viles (iOS, Android): iCSee<\/p>\n<table style=\"border-collapse: collapse; width: 657.02pt;\" border=\"0\" width=\"1095\" cellspacing=\"0\" cellpadding=\"0\">\n<tbody>\n<tr style=\"height: 40.00pt;\">\n<td class=\"et2\" style=\"height: 40.00pt; width: 121.65pt;\" width=\"202\" height=\"66\">Modelo NO.<\/td>\n<td class=\"et3\" style=\"width: 535.50pt;\" colspan=\"2\" width=\"892\">BK-LXS06P2M<\/td>\n<\/tr>\n<tr style=\"height: 25.00pt;\">\n<td class=\"et4\" style=\"height: 175.00pt; width: 121.65pt; border-bottom: .5pt solid #808080;\" rowspan=\"7\" width=\"202\" height=\"291\">Video<\/td>\n<td class=\"et5\" style=\"width: 158.25pt;\" width=\"263\">Sensor<\/td>\n<td class=\"et6\" style=\"width: 377.25pt;\" width=\"628\">CMOS Q03 de 1\/3\u2033<\/td>\n<\/tr>\n<tr style=\"height: 25.00pt;\">\n<td class=\"et5\" style=\"width: 158.25pt;\" width=\"263\">Proveedor de servicios de Internet<\/td>\n<td class=\"et6\" style=\"width: 377.25pt;\" width=\"628\">XM650<\/td>\n<\/tr>\n<tr style=\"height: 25.00pt;\">\n<td class=\"et5\" style=\"width: 158.25pt;\" width=\"263\">Resoluci\u00f3n<\/td>\n<td class=\"et6\" style=\"width: 377.25pt;\" width=\"628\">3 megap\u00edxeles<\/td>\n<\/tr>\n<tr style=\"height: 25.00pt;\">\n<td class=\"et5\" style=\"width: 158.25pt;\" width=\"263\">Velocidad de cuadros<\/td>\n<td class=\"et6\" style=\"width: 377.25pt;\" width=\"628\">25 fps<\/td>\n<\/tr>\n<tr style=\"height: 25.00pt;\">\n<td class=\"et5\" style=\"width: 158.25pt;\" width=\"263\">Resoluci\u00f3n<\/td>\n<td class=\"et6\" style=\"width: 377.25pt;\" width=\"628\">2 megap\u00edxeles<\/td>\n<\/tr>\n<tr style=\"height: 25.00pt;\">\n<td class=\"et5\" style=\"width: 158.25pt;\" width=\"263\">Lente<\/td>\n<td class=\"et6\" style=\"width: 377.25pt;\" width=\"628\">Gran angular de 90\u00b0<\/td>\n<\/tr>\n<tr style=\"height: 25.00pt;\">\n<td class=\"et5\" style=\"width: 158.25pt;\" width=\"263\">Visi\u00f3n nocturna<\/td>\n<td class=\"et6\" style=\"width: 377.25pt;\" width=\"628\">4 piezas IR + 2 piezas de luz blanca<\/td>\n<\/tr>\n<tr style=\"height: 25.00pt;\">\n<td class=\"et4\" style=\"height: 50.00pt; width: 121.65pt;\" rowspan=\"2\" width=\"202\" height=\"83\">Audio<\/td>\n<td class=\"et5\" style=\"width: 158.25pt;\" width=\"263\">Tipo<\/td>\n<td class=\"et6\" style=\"width: 377.25pt;\" width=\"628\">Audio bidireccional con cancelaci\u00f3n de ruido<\/td>\n<\/tr>\n<tr style=\"height: 25.00pt;\">\n<td class=\"et5\" style=\"width: 158.25pt;\" width=\"263\">Hardware<\/td>\n<td class=\"et6\" style=\"width: 377.25pt;\" width=\"628\">Un micr\u00f3fono y un altavoz<\/td>\n<\/tr>\n<tr style=\"height: 25.00pt;\">\n<td class=\"et4\" style=\"height: 50.00pt; width: 121.65pt;\" rowspan=\"2\" width=\"202\" height=\"83\">Almacenamiento<\/td>\n<td class=\"et5\" style=\"width: 158.25pt;\" width=\"263\">Nube<\/td>\n<td class=\"et6\" style=\"width: 377.25pt;\" width=\"628\">Admite almacenamiento en la nube<\/td>\n<\/tr>\n<tr style=\"height: 25.00pt;\">\n<td class=\"et5\" style=\"width: 158.25pt;\" width=\"263\">Tarjeta TF<\/td>\n<td class=\"et9\" style=\"width: 377.25pt;\" width=\"628\">Tarjeta TF de 128 GB como m\u00e1ximo<\/td>\n<\/tr>\n<tr style=\"height: 25.00pt;\">\n<td class=\"et10\" style=\"height: 25.00pt; width: 121.65pt;\" width=\"202\" height=\"41\">Red<\/td>\n<td class=\"et5\" style=\"width: 158.25pt;\" width=\"263\">Wi-Fi (2,4 GHz)<\/td>\n<td class=\"et6\" style=\"width: 377.25pt;\" width=\"628\">IEEE 802.11 b\/g\/n<\/td>\n<\/tr>\n<tr style=\"height: 25.00pt;\">\n<td class=\"et10\" style=\"height: 100.00pt; width: 121.65pt;\" rowspan=\"4\" width=\"202\" height=\"166\">Aplicaci\u00f3n<\/td>\n<td class=\"et5\" style=\"width: 158.25pt;\" width=\"263\">Descargar<\/td>\n<td class=\"et6\" style=\"width: 377.25pt;\" width=\"628\">iOS en App Store, Android en Google Play<\/td>\n<\/tr>\n<tr style=\"height: 25.00pt;\">\n<td class=\"et5\" style=\"width: 158.25pt;\" width=\"263\">Nombre<\/td>\n<td class=\"et6\" style=\"width: 377.25pt;\" width=\"628\">iCSee<\/td>\n<\/tr>\n<tr style=\"height: 25.00pt;\">\n<td class=\"et5\" style=\"width: 158.25pt;\" width=\"263\">Activaci\u00f3n del dispositivo<\/td>\n<td class=\"et6\" style=\"width: 377.25pt;\" width=\"628\">Dentro de 600ms<\/td>\n<\/tr>\n<tr style=\"height: 25.00pt;\">\n<td class=\"et5\" style=\"width: 158.25pt;\" width=\"263\">Notificaci\u00f3n<\/td>\n<td class=\"et6\" style=\"width: 377.25pt;\" width=\"628\">Notificaci\u00f3n push en 1 segundo<\/td>\n<\/tr>\n<tr style=\"height: 25.00pt;\">\n<td class=\"et10\" style=\"height: 175.00pt; width: 121.65pt;\" rowspan=\"7\" width=\"202\" height=\"291\">Otros<\/td>\n<td class=\"et5\" style=\"width: 158.25pt;\" width=\"263\">Fuerza<\/td>\n<td class=\"et6\" style=\"width: 377.25pt;\" width=\"628\">DC5A 1,5A\/Panel solar (opcional)<\/td>\n<\/tr>\n<tr style=\"height: 25.00pt;\">\n<td class=\"et5\" style=\"width: 158.25pt;\" width=\"263\">Bater\u00eda<\/td>\n<td class=\"et6\" style=\"width: 377.25pt;\" width=\"628\">2 \u00d7 Bater\u00eda est\u00e1ndar 18650 de 5000 mA<\/td>\n<\/tr>\n<tr style=\"height: 25.00pt;\">\n<td class=\"et11\" style=\"border-bottom: .5pt solid #808080;\" rowspan=\"2\">Consumo de energ\u00eda<\/td>\n<td class=\"et6\" style=\"width: 377.25pt;\" width=\"628\">Modo de espera: 250uA<\/td>\n<\/tr>\n<tr style=\"height: 25.00pt;\">\n<td class=\"et6\" style=\"width: 377.25pt;\" width=\"628\">Modo de trabajo: 300 mA<\/td>\n<\/tr>\n<tr style=\"height: 25.00pt;\">\n<td class=\"et5\" style=\"width: 158.25pt;\" width=\"263\">Temperatura y humedad<\/td>\n<td class=\"et13\" style=\"width: 377.25pt;\" width=\"628\">-20 \u00b0C ~ 55 \u00b0C y 10-95% humedad relativa<\/td>\n<\/tr>\n<tr style=\"height: 25.00pt;\">\n<td class=\"et5\" style=\"width: 158.25pt;\" width=\"263\">A prueba de la intemperie<\/td>\n<td class=\"et6\" style=\"width: 377.25pt;\" width=\"628\">IP66<\/td>\n<\/tr>\n<tr style=\"height: 25.00pt;\">\n<td class=\"et5\" style=\"width: 158.25pt;\" width=\"263\">Tama\u00f1o<\/td>\n<td class=\"et6\" style=\"width: 377.25pt;\" width=\"628\">85 \u00d7 85 \u00d7 75 mm (largo \u00d7 ancho \u00d7 alto)<\/td>\n<\/tr>\n<\/tbody>\n<\/table>","protected":false},"excerpt":{"rendered":"<p>C\u00e1mara de bater\u00eda WiFi para casa inteligente:<br \/>\n* C\u00e1mara exterior HD 2.0MP de bajo consumo de energ\u00eda IP66<br \/>\n* Bater\u00eda recargable incorporada 2 piezas \u00d7 est\u00e1ndar 18650 de 5000 mA.<br \/>\nDuraci\u00f3n de la bater\u00eda de 4 a 6 meses<br \/>\n* LED: 4 piezas IR + 2 piezas de luz blanca<br \/>\n* Admite WiFi, nube P2P gratuita, env\u00eda la alarma al m\u00f3vil a trav\u00e9s de la aplicaci\u00f3n.<br \/>\n* Admite audio bidireccional y detecci\u00f3n de movimiento precisa<br \/>\n* Sensor de movimiento PIR con \u00e1ngulo de detecci\u00f3n de 90\u00b0<br \/>\n* Notificaci\u00f3n inmediata enviada a tu aplicaci\u00f3n de tel\u00e9fono inteligente en 1 segundo<br \/>\n* Admite visualizaci\u00f3n remota por tel\u00e9fono inteligente (IOS, Android)<br \/>\n* Admite almacenamiento en la nube y tarjeta TF de 128 Gb como m\u00e1ximo.<br \/>\n* Potencia: DC5V 1.5A; Temperatura de trabajo: -10\u2103\uff0d\uff0b55\u2103<\/p>","protected":false},"featured_media":1452,"template":"","meta":[],"product_brand":[],"product_cat":[549],"product_tag":[117,118,119],"class_list":{"0":"post-1448","1":"product","2":"type-product","3":"status-publish","4":"has-post-thumbnail","6":"product_cat-smart-wifi-camera","7":"product_tag-battery-cctv-camera","8":"product_tag-battery-outdoor-camera","9":"product_tag-battery-powered-wireless-security-cameras","11":"first","12":"instock","13":"shipping-taxable","14":"product-type-simple"},"acf":[],"yoast_head":"<!-- This site is optimized with the Yoast SEO Premium plugin v20.2.1 (Yoast SEO v26.1.1) - https:\/\/yoast.com\/wordpress\/plugins\/seo\/ -->\n<title>Wifi Solar Battery Powered Camera Wireless CCTV Outdoor Waterproof Two-way voice Intercom PIR motion detection Security cameras - Bokysee Technology Co.,LTD<\/title>\n<meta name=\"description\" content=\"HOT Wireless Solar Powered CCTV IP Camera Outdoor Waterproof IP66 Smart Home Security Cameras with Two-way voice Intercom PIR motion detection\" \/>\n<meta name=\"robots\" content=\"index, follow, max-snippet:-1, max-image-preview:large, max-video-preview:-1\" \/>\n<link rel=\"canonical\" href=\"https:\/\/bokysee.com\/es\/products\/wifi-solar-battery-powered-camera-wireless-cctv-outdoor-waterproof-two-way-voice-intercom-pir-motion-detection-security-cameras\/\" \/>\n<meta property=\"og:locale\" content=\"es_ES\" \/>\n<meta property=\"og:type\" content=\"article\" \/>\n<meta property=\"og:title\" content=\"Wifi Solar Battery Powered Camera Wireless CCTV Outdoor Waterproof Two-way voice Intercom PIR motion detection Security cameras\" \/>\n<meta property=\"og:description\" content=\"HOT Wireless Solar Powered CCTV IP Camera Outdoor Waterproof IP66 Smart Home Security Cameras with Two-way voice Intercom PIR motion detection\" \/>\n<meta property=\"og:url\" content=\"https:\/\/bokysee.com\/es\/products\/wifi-solar-battery-powered-camera-wireless-cctv-outdoor-waterproof-two-way-voice-intercom-pir-motion-detection-security-cameras\/\" \/>\n<meta property=\"og:site_name\" content=\"Bokysee Technology Co.,LTD\" \/>\n<meta property=\"article:modified_time\" content=\"2024-09-09T07:45:23+00:00\" \/>\n<meta property=\"og:image\" content=\"https:\/\/bokysee.com\/wp-content\/uploads\/2023\/04\/BK-LXS06P-3.jpg\" \/>\n\t<meta property=\"og:image:width\" content=\"800\" \/>\n\t<meta property=\"og:image:height\" content=\"800\" \/>\n\t<meta property=\"og:image:type\" content=\"image\/jpeg\" \/>\n<meta name=\"twitter:card\" content=\"summary_large_image\" \/>\n<meta name=\"twitter:label1\" content=\"Tiempo de lectura\" \/>\n\t<meta name=\"twitter:data1\" content=\"1 minuto\" \/>\n<script type=\"application\/ld+json\" class=\"yoast-schema-graph\">{\"@context\":\"https:\/\/schema.org\",\"@graph\":[{\"@type\":\"WebPage\",\"@id\":\"https:\/\/bokysee.com\/products\/wifi-solar-battery-powered-camera-wireless-cctv-outdoor-waterproof-two-way-voice-intercom-pir-motion-detection-security-cameras\/\",\"url\":\"https:\/\/bokysee.com\/products\/wifi-solar-battery-powered-camera-wireless-cctv-outdoor-waterproof-two-way-voice-intercom-pir-motion-detection-security-cameras\/\",\"name\":\"Wifi Solar Battery Powered Camera Wireless CCTV Outdoor Waterproof Two-way voice Intercom PIR motion detection Security cameras - Bokysee Technology Co.,LTD\",\"isPartOf\":{\"@id\":\"https:\/\/bokysee.com\/#website\"},\"primaryImageOfPage\":{\"@id\":\"https:\/\/bokysee.com\/products\/wifi-solar-battery-powered-camera-wireless-cctv-outdoor-waterproof-two-way-voice-intercom-pir-motion-detection-security-cameras\/#primaryimage\"},\"image\":{\"@id\":\"https:\/\/bokysee.com\/products\/wifi-solar-battery-powered-camera-wireless-cctv-outdoor-waterproof-two-way-voice-intercom-pir-motion-detection-security-cameras\/#primaryimage\"},\"thumbnailUrl\":\"https:\/\/bokysee.com\/wp-content\/uploads\/2023\/04\/BK-LXS06P-3.jpg\",\"datePublished\":\"2023-04-25T10:47:50+00:00\",\"dateModified\":\"2024-09-09T07:45:23+00:00\",\"description\":\"HOT Wireless Solar Powered CCTV IP Camera Outdoor Waterproof IP66 Smart Home Security Cameras with Two-way voice Intercom PIR motion detection\",\"breadcrumb\":{\"@id\":\"https:\/\/bokysee.com\/products\/wifi-solar-battery-powered-camera-wireless-cctv-outdoor-waterproof-two-way-voice-intercom-pir-motion-detection-security-cameras\/#breadcrumb\"},\"inLanguage\":\"es\",\"potentialAction\":[{\"@type\":\"ReadAction\",\"target\":[\"https:\/\/bokysee.com\/products\/wifi-solar-battery-powered-camera-wireless-cctv-outdoor-waterproof-two-way-voice-intercom-pir-motion-detection-security-cameras\/\"]}]},{\"@type\":\"ImageObject\",\"inLanguage\":\"es\",\"@id\":\"https:\/\/bokysee.com\/products\/wifi-solar-battery-powered-camera-wireless-cctv-outdoor-waterproof-two-way-voice-intercom-pir-motion-detection-security-cameras\/#primaryimage\",\"url\":\"https:\/\/bokysee.com\/wp-content\/uploads\/2023\/04\/BK-LXS06P-3.jpg\",\"contentUrl\":\"https:\/\/bokysee.com\/wp-content\/uploads\/2023\/04\/BK-LXS06P-3.jpg\",\"width\":800,\"height\":800,\"caption\":\"battery powered wireless security cameras\"},{\"@type\":\"BreadcrumbList\",\"@id\":\"https:\/\/bokysee.com\/products\/wifi-solar-battery-powered-camera-wireless-cctv-outdoor-waterproof-two-way-voice-intercom-pir-motion-detection-security-cameras\/#breadcrumb\",\"itemListElement\":[{\"@type\":\"ListItem\",\"position\":1,\"name\":\"Home\",\"item\":\"https:\/\/bokysee.com\/\"},{\"@type\":\"ListItem\",\"position\":2,\"name\":\"Products\",\"item\":\"https:\/\/bokysee.com\/products\/\"},{\"@type\":\"ListItem\",\"position\":3,\"name\":\"Wifi Solar Battery Powered Camera Wireless CCTV Outdoor Waterproof Two-way voice Intercom PIR motion detection Security cameras\"}]},{\"@type\":\"WebSite\",\"@id\":\"https:\/\/bokysee.com\/#website\",\"url\":\"https:\/\/bokysee.com\/\",\"name\":\"Bokysee Technology Co.,LTD\",\"description\":\"Professional Smart Indoor and Outdoor Security Cameras Solution Supplier\",\"potentialAction\":[{\"@type\":\"SearchAction\",\"target\":{\"@type\":\"EntryPoint\",\"urlTemplate\":\"https:\/\/bokysee.com\/?s={search_term_string}\"},\"query-input\":{\"@type\":\"PropertyValueSpecification\",\"valueRequired\":true,\"valueName\":\"search_term_string\"}}],\"inLanguage\":\"es\"}]}<\/script>\n<!-- \/ Yoast SEO Premium plugin. -->","yoast_head_json":{"title":"Wifi Solar Battery Powered Camera Wireless CCTV Outdoor Waterproof Two-way voice Intercom PIR motion detection Security cameras - Bokysee Technology Co.,LTD","description":"HOT Wireless Solar Powered CCTV IP Camera Outdoor Waterproof IP66 Smart Home Security Cameras with Two-way voice Intercom PIR motion detection","robots":{"index":"index","follow":"follow","max-snippet":"max-snippet:-1","max-image-preview":"max-image-preview:large","max-video-preview":"max-video-preview:-1"},"canonical":"https:\/\/bokysee.com\/es\/products\/wifi-solar-battery-powered-camera-wireless-cctv-outdoor-waterproof-two-way-voice-intercom-pir-motion-detection-security-cameras\/","og_locale":"es_ES","og_type":"article","og_title":"Wifi Solar Battery Powered Camera Wireless CCTV Outdoor Waterproof Two-way voice Intercom PIR motion detection Security cameras","og_description":"HOT Wireless Solar Powered CCTV IP Camera Outdoor Waterproof IP66 Smart Home Security Cameras with Two-way voice Intercom PIR motion detection","og_url":"https:\/\/bokysee.com\/es\/products\/wifi-solar-battery-powered-camera-wireless-cctv-outdoor-waterproof-two-way-voice-intercom-pir-motion-detection-security-cameras\/","og_site_name":"Bokysee Technology Co.,LTD","article_modified_time":"2024-09-09T07:45:23+00:00","og_image":[{"width":800,"height":800,"url":"https:\/\/bokysee.com\/wp-content\/uploads\/2023\/04\/BK-LXS06P-3.jpg","type":"image\/jpeg"}],"twitter_card":"summary_large_image","twitter_misc":{"Tiempo de lectura":"1 minuto"},"schema":{"@context":"https:\/\/schema.org","@graph":[{"@type":"WebPage","@id":"https:\/\/bokysee.com\/products\/wifi-solar-battery-powered-camera-wireless-cctv-outdoor-waterproof-two-way-voice-intercom-pir-motion-detection-security-cameras\/","url":"https:\/\/bokysee.com\/products\/wifi-solar-battery-powered-camera-wireless-cctv-outdoor-waterproof-two-way-voice-intercom-pir-motion-detection-security-cameras\/","name":"Wifi Solar Battery Powered Camera Wireless CCTV Outdoor Waterproof Two-way voice Intercom PIR motion detection Security cameras - Bokysee Technology Co.,LTD","isPartOf":{"@id":"https:\/\/bokysee.com\/#website"},"primaryImageOfPage":{"@id":"https:\/\/bokysee.com\/products\/wifi-solar-battery-powered-camera-wireless-cctv-outdoor-waterproof-two-way-voice-intercom-pir-motion-detection-security-cameras\/#primaryimage"},"image":{"@id":"https:\/\/bokysee.com\/products\/wifi-solar-battery-powered-camera-wireless-cctv-outdoor-waterproof-two-way-voice-intercom-pir-motion-detection-security-cameras\/#primaryimage"},"thumbnailUrl":"https:\/\/bokysee.com\/wp-content\/uploads\/2023\/04\/BK-LXS06P-3.jpg","datePublished":"2023-04-25T10:47:50+00:00","dateModified":"2024-09-09T07:45:23+00:00","description":"HOT Wireless Solar Powered CCTV IP Camera Outdoor Waterproof IP66 Smart Home Security Cameras with Two-way voice Intercom PIR motion detection","breadcrumb":{"@id":"https:\/\/bokysee.com\/products\/wifi-solar-battery-powered-camera-wireless-cctv-outdoor-waterproof-two-way-voice-intercom-pir-motion-detection-security-cameras\/#breadcrumb"},"inLanguage":"es","potentialAction":[{"@type":"ReadAction","target":["https:\/\/bokysee.com\/products\/wifi-solar-battery-powered-camera-wireless-cctv-outdoor-waterproof-two-way-voice-intercom-pir-motion-detection-security-cameras\/"]}]},{"@type":"ImageObject","inLanguage":"es","@id":"https:\/\/bokysee.com\/products\/wifi-solar-battery-powered-camera-wireless-cctv-outdoor-waterproof-two-way-voice-intercom-pir-motion-detection-security-cameras\/#primaryimage","url":"https:\/\/bokysee.com\/wp-content\/uploads\/2023\/04\/BK-LXS06P-3.jpg","contentUrl":"https:\/\/bokysee.com\/wp-content\/uploads\/2023\/04\/BK-LXS06P-3.jpg","width":800,"height":800,"caption":"battery powered wireless security cameras"},{"@type":"BreadcrumbList","@id":"https:\/\/bokysee.com\/products\/wifi-solar-battery-powered-camera-wireless-cctv-outdoor-waterproof-two-way-voice-intercom-pir-motion-detection-security-cameras\/#breadcrumb","itemListElement":[{"@type":"ListItem","position":1,"name":"Home","item":"https:\/\/bokysee.com\/"},{"@type":"ListItem","position":2,"name":"Products","item":"https:\/\/bokysee.com\/products\/"},{"@type":"ListItem","position":3,"name":"Wifi Solar Battery Powered Camera Wireless CCTV Outdoor Waterproof Two-way voice Intercom PIR motion detection Security cameras"}]},{"@type":"WebSite","@id":"https:\/\/bokysee.com\/#website","url":"https:\/\/bokysee.com\/","name":"Bokysee Technology Co.,LTD","description":"Professional Smart Indoor and Outdoor Security Cameras Solution Supplier","potentialAction":[{"@type":"SearchAction","target":{"@type":"EntryPoint","urlTemplate":"https:\/\/bokysee.com\/?s={search_term_string}"},"query-input":{"@type":"PropertyValueSpecification","valueRequired":true,"valueName":"search_term_string"}}],"inLanguage":"es"}]}},"_links":{"self":[{"href":"https:\/\/bokysee.com\/es\/wp-json\/wp\/v2\/product\/1448","targetHints":{"allow":["GET"]}}],"collection":[{"href":"https:\/\/bokysee.com\/es\/wp-json\/wp\/v2\/product"}],"about":[{"href":"https:\/\/bokysee.com\/es\/wp-json\/wp\/v2\/types\/product"}],"version-history":[{"count":0,"href":"https:\/\/bokysee.com\/es\/wp-json\/wp\/v2\/product\/1448\/revisions"}],"wp:featuredmedia":[{"embeddable":true,"href":"https:\/\/bokysee.com\/es\/wp-json\/wp\/v2\/media\/1452"}],"wp:attachment":[{"href":"https:\/\/bokysee.com\/es\/wp-json\/wp\/v2\/media?parent=1448"}],"wp:term":[{"taxonomy":"product_brand","embeddable":true,"href":"https:\/\/bokysee.com\/es\/wp-json\/wp\/v2\/product_brand?post=1448"},{"taxonomy":"product_cat","embeddable":true,"href":"https:\/\/bokysee.com\/es\/wp-json\/wp\/v2\/product_cat?post=1448"},{"taxonomy":"product_tag","embeddable":true,"href":"https:\/\/bokysee.com\/es\/wp-json\/wp\/v2\/product_tag?post=1448"}],"curies":[{"name":"wp","href":"https:\/\/api.w.org\/{rel}","templated":true}]}}