{"id":1442,"date":"2023-04-25T10:37:50","date_gmt":"2023-04-25T10:37:50","guid":{"rendered":"https:\/\/bokysee.com\/?post_type=product&#038;p=1442"},"modified":"2024-09-09T15:45:37","modified_gmt":"2024-09-09T07:45:37","slug":"smart-home-video-doorbell-wireless-video-dooor-phone-intercom-battery-powered-door-bell-with-3mp-camera","status":"publish","type":"product","link":"https:\/\/bokysee.com\/es\/products\/smart-home-video-doorbell-wireless-video-dooor-phone-intercom-battery-powered-door-bell-with-3mp-camera\/","title":{"rendered":"Timbre con video para casa inteligente, intercomunicador inal\u00e1mbrico con video, timbre con bater\u00eda y c\u00e1mara de 3 MP"},"content":{"rendered":"<p>Timbre inal\u00e1mbrico con video Bokysee, c\u00e1mara inteligente de 3 MP con detecci\u00f3n de movimiento PIR, visi\u00f3n nocturna por infrarrojos, audio bidireccional, \u00e1ngulo ultra amplio, resistencia al agua IP66, wifi 2.4G y bater\u00eda.<\/p>\n<p><img fetchpriority=\"high\" decoding=\"async\" class=\"alignnone size-full wp-image-1446\" src=\"https:\/\/bokysee.com\/wp-content\/uploads\/2023\/04\/BK-LXS08P-Detail-1.jpg\" alt=\"\" width=\"790\" height=\"840\" srcset=\"https:\/\/bokysee.com\/wp-content\/uploads\/2023\/04\/BK-LXS08P-Detail-1.jpg 790w, https:\/\/bokysee.com\/wp-content\/uploads\/2023\/04\/BK-LXS08P-Detail-1-768x817.jpg 768w\" sizes=\"(max-width: 790px) 100vw, 790px\" \/><\/p>\n<table style=\"border-collapse: collapse; width: 657.02pt;\" border=\"0\" width=\"1095\" cellspacing=\"0\" cellpadding=\"0\">\n<tbody>\n<tr style=\"height: 40.00pt;\">\n<td class=\"et2\" style=\"height: 40.00pt; width: 121.65pt;\" width=\"202\" height=\"66\">Modelo NO.<\/td>\n<td class=\"et3\" style=\"width: 535.50pt;\" colspan=\"2\" width=\"892\">BK-LXS08P3M<\/td>\n<\/tr>\n<tr style=\"height: 25.00pt;\">\n<td class=\"et4\" style=\"height: 175.00pt; width: 121.65pt; border-bottom: .5pt solid #808080;\" rowspan=\"7\" width=\"202\" height=\"291\">Video<\/td>\n<td class=\"et5\" style=\"width: 158.25pt;\" width=\"263\">Sensor<\/td>\n<td class=\"et6\" style=\"width: 377.25pt;\" width=\"628\">CMOS Q03 de 1\/2,8\u2033<\/td>\n<\/tr>\n<tr style=\"height: 25.00pt;\">\n<td class=\"et5\" style=\"width: 158.25pt;\" width=\"263\">Proveedor de servicios de Internet<\/td>\n<td class=\"et6\" style=\"width: 377.25pt;\" width=\"628\">XM650<\/td>\n<\/tr>\n<tr style=\"height: 25.00pt;\">\n<td class=\"et5\" style=\"width: 158.25pt;\" width=\"263\">Resoluci\u00f3n<\/td>\n<td class=\"et6\" style=\"width: 377.25pt;\" width=\"628\">3 megap\u00edxeles<\/td>\n<\/tr>\n<tr style=\"height: 25.00pt;\">\n<td class=\"et5\" style=\"width: 158.25pt;\" width=\"263\">Velocidad de cuadros<\/td>\n<td class=\"et6\" style=\"width: 377.25pt;\" width=\"628\">25 fps<\/td>\n<\/tr>\n<tr style=\"height: 25.00pt;\">\n<td class=\"et5\" style=\"width: 158.25pt;\" width=\"263\">Resoluci\u00f3n<\/td>\n<td class=\"et6\" style=\"width: 377.25pt;\" width=\"628\">2048*1536<\/td>\n<\/tr>\n<tr style=\"height: 25.00pt;\">\n<td class=\"et5\" style=\"width: 158.25pt;\" width=\"263\">Lente<\/td>\n<td class=\"et6\" style=\"width: 377.25pt;\" width=\"628\">Gran angular de 100\u00b0<\/td>\n<\/tr>\n<tr style=\"height: 25.00pt;\">\n<td class=\"et5\" style=\"width: 158.25pt;\" width=\"263\">Visi\u00f3n nocturna<\/td>\n<td class=\"et6\" style=\"width: 377.25pt;\" width=\"628\">6 luces LED infrarrojas, alcance IR: 6 m<\/td>\n<\/tr>\n<tr style=\"height: 25.00pt;\">\n<td class=\"et4\" style=\"height: 50.00pt; width: 121.65pt;\" rowspan=\"2\" width=\"202\" height=\"83\">Audio<\/td>\n<td class=\"et5\" style=\"width: 158.25pt;\" width=\"263\">Tipo<\/td>\n<td class=\"et6\" style=\"width: 377.25pt;\" width=\"628\">Audio bidireccional con cancelaci\u00f3n de ruido<\/td>\n<\/tr>\n<tr style=\"height: 25.00pt;\">\n<td class=\"et5\" style=\"width: 158.25pt;\" width=\"263\">Hardware<\/td>\n<td class=\"et6\" style=\"width: 377.25pt;\" width=\"628\">Un micr\u00f3fono y un altavoz<\/td>\n<\/tr>\n<tr style=\"height: 25.00pt;\">\n<td class=\"et4\" style=\"height: 50.00pt; width: 121.65pt;\" rowspan=\"2\" width=\"202\" height=\"83\">Almacenamiento<\/td>\n<td class=\"et5\" style=\"width: 158.25pt;\" width=\"263\">Nube<\/td>\n<td class=\"et6\" style=\"width: 377.25pt;\" width=\"628\">Admite almacenamiento en la nube<\/td>\n<\/tr>\n<tr style=\"height: 25.00pt;\">\n<td class=\"et5\" style=\"width: 158.25pt;\" width=\"263\">Tarjeta TF<\/td>\n<td class=\"et9\" style=\"width: 377.25pt;\" width=\"628\">Tarjeta TF de 128 GB como m\u00e1ximo<\/td>\n<\/tr>\n<tr style=\"height: 25.00pt;\">\n<td class=\"et10\" style=\"height: 25.00pt; width: 121.65pt;\" width=\"202\" height=\"41\">Red<\/td>\n<td class=\"et5\" style=\"width: 158.25pt;\" width=\"263\">Wi-Fi (2,4 GHz)<\/td>\n<td class=\"et6\" style=\"width: 377.25pt;\" width=\"628\">IEEE 802.11 b\/g\/n<\/td>\n<\/tr>\n<tr style=\"height: 25.00pt;\">\n<td class=\"et10\" style=\"height: 100.00pt; width: 121.65pt;\" rowspan=\"4\" width=\"202\" height=\"166\">Aplicaci\u00f3n<\/td>\n<td class=\"et5\" style=\"width: 158.25pt;\" width=\"263\">Descargar<\/td>\n<td class=\"et6\" style=\"width: 377.25pt;\" width=\"628\">iOS en App Store, Android en Google Play<\/td>\n<\/tr>\n<tr style=\"height: 25.00pt;\">\n<td class=\"et5\" style=\"width: 158.25pt;\" width=\"263\">Nombre<\/td>\n<td class=\"et6\" style=\"width: 377.25pt;\" width=\"628\">Tuya Smart<\/td>\n<\/tr>\n<tr style=\"height: 25.00pt;\">\n<td class=\"et5\" style=\"width: 158.25pt;\" width=\"263\">Activaci\u00f3n del dispositivo<\/td>\n<td class=\"et6\" style=\"width: 377.25pt;\" width=\"628\">Dentro de 600ms<\/td>\n<\/tr>\n<tr style=\"height: 25.00pt;\">\n<td class=\"et5\" style=\"width: 158.25pt;\" width=\"263\">Notificaci\u00f3n<\/td>\n<td class=\"et6\" style=\"width: 377.25pt;\" width=\"628\">Notificaci\u00f3n push en 1 segundo<\/td>\n<\/tr>\n<tr style=\"height: 25.00pt;\">\n<td class=\"et10\" style=\"height: 175.00pt; width: 121.65pt;\" rowspan=\"7\" width=\"202\" height=\"291\">Otros<\/td>\n<td class=\"et5\" style=\"width: 158.25pt;\" width=\"263\">Fuerza<\/td>\n<td class=\"et6\" style=\"width: 377.25pt;\" width=\"628\">DC5A 1,5A<\/td>\n<\/tr>\n<tr style=\"height: 25.00pt;\">\n<td class=\"et5\" style=\"width: 158.25pt;\" width=\"263\">Bater\u00eda<\/td>\n<td class=\"et6\" style=\"width: 377.25pt;\" width=\"628\">2 \u00d7 Bater\u00eda est\u00e1ndar 18650 de 5000 mA<\/td>\n<\/tr>\n<tr style=\"height: 25.00pt;\">\n<td class=\"et11\" style=\"border-bottom: .5pt solid #808080;\" rowspan=\"2\">Consumo de energ\u00eda<\/td>\n<td class=\"et6\" style=\"width: 377.25pt;\" width=\"628\">Modo de espera: 200uA<\/td>\n<\/tr>\n<tr style=\"height: 25.00pt;\">\n<td class=\"et6\" style=\"width: 377.25pt;\" width=\"628\">Modo de trabajo: 170 mA<\/td>\n<\/tr>\n<tr style=\"height: 25.00pt;\">\n<td class=\"et5\" style=\"width: 158.25pt;\" width=\"263\">Temperatura y humedad<\/td>\n<td class=\"et13\" style=\"width: 377.25pt;\" width=\"628\">-20 \u00b0C ~ 55 \u00b0C y 10-95% humedad relativa<\/td>\n<\/tr>\n<tr style=\"height: 25.00pt;\">\n<td class=\"et5\" style=\"width: 158.25pt;\" width=\"263\">A prueba de la intemperie<\/td>\n<td class=\"et6\" style=\"width: 377.25pt;\" width=\"628\">IP66<\/td>\n<\/tr>\n<tr style=\"height: 25.00pt;\">\n<td class=\"et5\" style=\"width: 158.25pt;\" width=\"263\">Tama\u00f1o<\/td>\n<td class=\"et6\" style=\"width: 377.25pt;\" width=\"628\">62 \u00d7 36 \u00d7 132 mm (largo \u00d7 ancho \u00d7 alto)<\/td>\n<\/tr>\n<\/tbody>\n<\/table>","protected":false},"excerpt":{"rendered":"<p>Timbre con v\u00eddeo inteligente inal\u00e1mbrico alimentado por bater\u00eda<br \/>\n* Bajo consumo de energ\u00eda, duraci\u00f3n de bater\u00eda de 6 meses (2 bater\u00edas 18650)<br \/>\n* Calidad de video HD de 3MP, compatible con visi\u00f3n nocturna, \u00e1ngulo de visi\u00f3n de la c\u00e1mara cubre 100\u00b0<br \/>\n* Sensor de movimiento PIR con \u00e1ngulo de detecci\u00f3n de 120\u00b0, detecci\u00f3n de movimiento precisa<br \/>\n* LED: 6 luces LED infrarrojas<br \/>\n* Admite WiFi, servicio en la nube P2P gratuito, env\u00eda la alarma al m\u00f3vil a trav\u00e9s de la aplicaci\u00f3n.<br \/>\n* Admite comunicaci\u00f3n de audio bidireccional, responde a tu puerta dondequiera que est\u00e9s<\/p>","protected":false},"featured_media":1443,"template":"","meta":[],"product_brand":[],"product_cat":[549],"product_tag":[115,114,116],"class_list":{"0":"post-1442","1":"product","2":"type-product","3":"status-publish","4":"has-post-thumbnail","6":"product_cat-smart-wifi-camera","7":"product_tag-battery-cameres-with-doorbell","8":"product_tag-smart-video-doorbell","9":"product_tag-wireless-battery-powered-smart-video-doorbell","11":"first","12":"instock","13":"shipping-taxable","14":"product-type-simple"},"acf":[],"yoast_head":"<!-- This site is optimized with the Yoast SEO Premium plugin v20.2.1 (Yoast SEO v26.1.1) - https:\/\/yoast.com\/wordpress\/plugins\/seo\/ -->\n<title>Smart Home Video Doorbell Wireless Video Phone Intercom Battery Powered Door Bell with 3MP Camera - Bokysee Technology Co.,LTD<\/title>\n<meta name=\"description\" content=\"Bokysee 3MP Smart Home Battery Powered Video Doorbell Wireless IP66 Waterproof Intercom 2.4G Wifi Ultra Wide Angle Door Bell with PIR Motion Detection\" \/>\n<meta name=\"robots\" content=\"index, follow, max-snippet:-1, max-image-preview:large, max-video-preview:-1\" \/>\n<link rel=\"canonical\" href=\"https:\/\/bokysee.com\/es\/products\/smart-home-video-doorbell-wireless-video-dooor-phone-intercom-battery-powered-door-bell-with-3mp-camera\/\" \/>\n<meta property=\"og:locale\" content=\"es_ES\" \/>\n<meta property=\"og:type\" content=\"article\" \/>\n<meta property=\"og:title\" content=\"Smart Home Video Doorbell Wireless Video Phone Intercom Battery Powered Door Bell with 3MP Camera\" \/>\n<meta property=\"og:description\" content=\"Bokysee 3MP Smart Home Battery Powered Video Doorbell Wireless IP66 Waterproof Intercom 2.4G Wifi Ultra Wide Angle Door Bell with PIR Motion Detection\" \/>\n<meta property=\"og:url\" content=\"https:\/\/bokysee.com\/es\/products\/smart-home-video-doorbell-wireless-video-dooor-phone-intercom-battery-powered-door-bell-with-3mp-camera\/\" \/>\n<meta property=\"og:site_name\" content=\"Bokysee Technology Co.,LTD\" \/>\n<meta property=\"article:modified_time\" content=\"2024-09-09T07:45:37+00:00\" \/>\n<meta property=\"og:image\" content=\"https:\/\/bokysee.com\/wp-content\/uploads\/2023\/04\/BK-LXS08P-1.jpg\" \/>\n\t<meta property=\"og:image:width\" content=\"800\" \/>\n\t<meta property=\"og:image:height\" content=\"800\" \/>\n\t<meta property=\"og:image:type\" content=\"image\/jpeg\" \/>\n<meta name=\"twitter:card\" content=\"summary_large_image\" \/>\n<meta name=\"twitter:label1\" content=\"Tiempo de lectura\" \/>\n\t<meta name=\"twitter:data1\" content=\"1 minuto\" \/>\n<script type=\"application\/ld+json\" class=\"yoast-schema-graph\">{\"@context\":\"https:\/\/schema.org\",\"@graph\":[{\"@type\":\"WebPage\",\"@id\":\"https:\/\/bokysee.com\/products\/smart-home-video-doorbell-wireless-video-dooor-phone-intercom-battery-powered-door-bell-with-3mp-camera\/\",\"url\":\"https:\/\/bokysee.com\/products\/smart-home-video-doorbell-wireless-video-dooor-phone-intercom-battery-powered-door-bell-with-3mp-camera\/\",\"name\":\"Smart Home Video Doorbell Wireless Video Phone Intercom Battery Powered Door Bell with 3MP Camera - Bokysee Technology Co.,LTD\",\"isPartOf\":{\"@id\":\"https:\/\/bokysee.com\/#website\"},\"primaryImageOfPage\":{\"@id\":\"https:\/\/bokysee.com\/products\/smart-home-video-doorbell-wireless-video-dooor-phone-intercom-battery-powered-door-bell-with-3mp-camera\/#primaryimage\"},\"image\":{\"@id\":\"https:\/\/bokysee.com\/products\/smart-home-video-doorbell-wireless-video-dooor-phone-intercom-battery-powered-door-bell-with-3mp-camera\/#primaryimage\"},\"thumbnailUrl\":\"https:\/\/bokysee.com\/wp-content\/uploads\/2023\/04\/BK-LXS08P-1.jpg\",\"datePublished\":\"2023-04-25T10:37:50+00:00\",\"dateModified\":\"2024-09-09T07:45:37+00:00\",\"description\":\"Bokysee 3MP Smart Home Battery Powered Video Doorbell Wireless IP66 Waterproof Intercom 2.4G Wifi Ultra Wide Angle Door Bell with PIR Motion Detection\",\"breadcrumb\":{\"@id\":\"https:\/\/bokysee.com\/products\/smart-home-video-doorbell-wireless-video-dooor-phone-intercom-battery-powered-door-bell-with-3mp-camera\/#breadcrumb\"},\"inLanguage\":\"es\",\"potentialAction\":[{\"@type\":\"ReadAction\",\"target\":[\"https:\/\/bokysee.com\/products\/smart-home-video-doorbell-wireless-video-dooor-phone-intercom-battery-powered-door-bell-with-3mp-camera\/\"]}]},{\"@type\":\"ImageObject\",\"inLanguage\":\"es\",\"@id\":\"https:\/\/bokysee.com\/products\/smart-home-video-doorbell-wireless-video-dooor-phone-intercom-battery-powered-door-bell-with-3mp-camera\/#primaryimage\",\"url\":\"https:\/\/bokysee.com\/wp-content\/uploads\/2023\/04\/BK-LXS08P-1.jpg\",\"contentUrl\":\"https:\/\/bokysee.com\/wp-content\/uploads\/2023\/04\/BK-LXS08P-1.jpg\",\"width\":800,\"height\":800,\"caption\":\"Wireless Battery Powered Smart Video Doorbell\"},{\"@type\":\"BreadcrumbList\",\"@id\":\"https:\/\/bokysee.com\/products\/smart-home-video-doorbell-wireless-video-dooor-phone-intercom-battery-powered-door-bell-with-3mp-camera\/#breadcrumb\",\"itemListElement\":[{\"@type\":\"ListItem\",\"position\":1,\"name\":\"Home\",\"item\":\"https:\/\/bokysee.com\/\"},{\"@type\":\"ListItem\",\"position\":2,\"name\":\"Products\",\"item\":\"https:\/\/bokysee.com\/products\/\"},{\"@type\":\"ListItem\",\"position\":3,\"name\":\"Smart Home Video Doorbell Wireless Video Phone Intercom Battery Powered Door Bell with 3MP Camera\"}]},{\"@type\":\"WebSite\",\"@id\":\"https:\/\/bokysee.com\/#website\",\"url\":\"https:\/\/bokysee.com\/\",\"name\":\"Bokysee Technology Co.,LTD\",\"description\":\"Professional Smart Indoor and Outdoor Security Cameras Solution Supplier\",\"potentialAction\":[{\"@type\":\"SearchAction\",\"target\":{\"@type\":\"EntryPoint\",\"urlTemplate\":\"https:\/\/bokysee.com\/?s={search_term_string}\"},\"query-input\":{\"@type\":\"PropertyValueSpecification\",\"valueRequired\":true,\"valueName\":\"search_term_string\"}}],\"inLanguage\":\"es\"}]}<\/script>\n<!-- \/ Yoast SEO Premium plugin. -->","yoast_head_json":{"title":"Smart Home Video Doorbell Wireless Video Phone Intercom Battery Powered Door Bell with 3MP Camera - Bokysee Technology Co.,LTD","description":"Bokysee 3MP Smart Home Battery Powered Video Doorbell Wireless IP66 Waterproof Intercom 2.4G Wifi Ultra Wide Angle Door Bell with PIR Motion Detection","robots":{"index":"index","follow":"follow","max-snippet":"max-snippet:-1","max-image-preview":"max-image-preview:large","max-video-preview":"max-video-preview:-1"},"canonical":"https:\/\/bokysee.com\/es\/products\/smart-home-video-doorbell-wireless-video-dooor-phone-intercom-battery-powered-door-bell-with-3mp-camera\/","og_locale":"es_ES","og_type":"article","og_title":"Smart Home Video Doorbell Wireless Video Phone Intercom Battery Powered Door Bell with 3MP Camera","og_description":"Bokysee 3MP Smart Home Battery Powered Video Doorbell Wireless IP66 Waterproof Intercom 2.4G Wifi Ultra Wide Angle Door Bell with PIR Motion Detection","og_url":"https:\/\/bokysee.com\/es\/products\/smart-home-video-doorbell-wireless-video-dooor-phone-intercom-battery-powered-door-bell-with-3mp-camera\/","og_site_name":"Bokysee Technology Co.,LTD","article_modified_time":"2024-09-09T07:45:37+00:00","og_image":[{"width":800,"height":800,"url":"https:\/\/bokysee.com\/wp-content\/uploads\/2023\/04\/BK-LXS08P-1.jpg","type":"image\/jpeg"}],"twitter_card":"summary_large_image","twitter_misc":{"Tiempo de lectura":"1 minuto"},"schema":{"@context":"https:\/\/schema.org","@graph":[{"@type":"WebPage","@id":"https:\/\/bokysee.com\/products\/smart-home-video-doorbell-wireless-video-dooor-phone-intercom-battery-powered-door-bell-with-3mp-camera\/","url":"https:\/\/bokysee.com\/products\/smart-home-video-doorbell-wireless-video-dooor-phone-intercom-battery-powered-door-bell-with-3mp-camera\/","name":"Smart Home Video Doorbell Wireless Video Phone Intercom Battery Powered Door Bell with 3MP Camera - Bokysee Technology Co.,LTD","isPartOf":{"@id":"https:\/\/bokysee.com\/#website"},"primaryImageOfPage":{"@id":"https:\/\/bokysee.com\/products\/smart-home-video-doorbell-wireless-video-dooor-phone-intercom-battery-powered-door-bell-with-3mp-camera\/#primaryimage"},"image":{"@id":"https:\/\/bokysee.com\/products\/smart-home-video-doorbell-wireless-video-dooor-phone-intercom-battery-powered-door-bell-with-3mp-camera\/#primaryimage"},"thumbnailUrl":"https:\/\/bokysee.com\/wp-content\/uploads\/2023\/04\/BK-LXS08P-1.jpg","datePublished":"2023-04-25T10:37:50+00:00","dateModified":"2024-09-09T07:45:37+00:00","description":"Bokysee 3MP Smart Home Battery Powered Video Doorbell Wireless IP66 Waterproof Intercom 2.4G Wifi Ultra Wide Angle Door Bell with PIR Motion Detection","breadcrumb":{"@id":"https:\/\/bokysee.com\/products\/smart-home-video-doorbell-wireless-video-dooor-phone-intercom-battery-powered-door-bell-with-3mp-camera\/#breadcrumb"},"inLanguage":"es","potentialAction":[{"@type":"ReadAction","target":["https:\/\/bokysee.com\/products\/smart-home-video-doorbell-wireless-video-dooor-phone-intercom-battery-powered-door-bell-with-3mp-camera\/"]}]},{"@type":"ImageObject","inLanguage":"es","@id":"https:\/\/bokysee.com\/products\/smart-home-video-doorbell-wireless-video-dooor-phone-intercom-battery-powered-door-bell-with-3mp-camera\/#primaryimage","url":"https:\/\/bokysee.com\/wp-content\/uploads\/2023\/04\/BK-LXS08P-1.jpg","contentUrl":"https:\/\/bokysee.com\/wp-content\/uploads\/2023\/04\/BK-LXS08P-1.jpg","width":800,"height":800,"caption":"Wireless Battery Powered Smart Video Doorbell"},{"@type":"BreadcrumbList","@id":"https:\/\/bokysee.com\/products\/smart-home-video-doorbell-wireless-video-dooor-phone-intercom-battery-powered-door-bell-with-3mp-camera\/#breadcrumb","itemListElement":[{"@type":"ListItem","position":1,"name":"Home","item":"https:\/\/bokysee.com\/"},{"@type":"ListItem","position":2,"name":"Products","item":"https:\/\/bokysee.com\/products\/"},{"@type":"ListItem","position":3,"name":"Smart Home Video Doorbell Wireless Video Phone Intercom Battery Powered Door Bell with 3MP Camera"}]},{"@type":"WebSite","@id":"https:\/\/bokysee.com\/#website","url":"https:\/\/bokysee.com\/","name":"Bokysee Technology Co.,LTD","description":"Professional Smart Indoor and Outdoor Security Cameras Solution Supplier","potentialAction":[{"@type":"SearchAction","target":{"@type":"EntryPoint","urlTemplate":"https:\/\/bokysee.com\/?s={search_term_string}"},"query-input":{"@type":"PropertyValueSpecification","valueRequired":true,"valueName":"search_term_string"}}],"inLanguage":"es"}]}},"_links":{"self":[{"href":"https:\/\/bokysee.com\/es\/wp-json\/wp\/v2\/product\/1442","targetHints":{"allow":["GET"]}}],"collection":[{"href":"https:\/\/bokysee.com\/es\/wp-json\/wp\/v2\/product"}],"about":[{"href":"https:\/\/bokysee.com\/es\/wp-json\/wp\/v2\/types\/product"}],"version-history":[{"count":0,"href":"https:\/\/bokysee.com\/es\/wp-json\/wp\/v2\/product\/1442\/revisions"}],"wp:featuredmedia":[{"embeddable":true,"href":"https:\/\/bokysee.com\/es\/wp-json\/wp\/v2\/media\/1443"}],"wp:attachment":[{"href":"https:\/\/bokysee.com\/es\/wp-json\/wp\/v2\/media?parent=1442"}],"wp:term":[{"taxonomy":"product_brand","embeddable":true,"href":"https:\/\/bokysee.com\/es\/wp-json\/wp\/v2\/product_brand?post=1442"},{"taxonomy":"product_cat","embeddable":true,"href":"https:\/\/bokysee.com\/es\/wp-json\/wp\/v2\/product_cat?post=1442"},{"taxonomy":"product_tag","embeddable":true,"href":"https:\/\/bokysee.com\/es\/wp-json\/wp\/v2\/product_tag?post=1442"}],"curies":[{"name":"wp","href":"https:\/\/api.w.org\/{rel}","templated":true}]}}