{"id":13554,"date":"2025-06-20T17:40:52","date_gmt":"2025-06-20T09:40:52","guid":{"rendered":"https:\/\/bokysee.com\/?post_type=product&#038;p=13554"},"modified":"2025-09-22T15:06:28","modified_gmt":"2025-09-22T07:06:28","slug":"solar-4g-nvr-security-camera-kit-off-grid-surveillance-system","status":"publish","type":"product","link":"https:\/\/bokysee.com\/es\/products\/solar-4g-nvr-security-camera-kit-off-grid-surveillance-system\/","title":{"rendered":"Kit de c\u00e1mara de seguridad NVR solar 4G: sistema de vigilancia independiente de la red"},"content":{"rendered":"<p><strong>Kit de c\u00e1mara de seguridad NVR Solar 4G: sistema de vigilancia independiente de la red el\u00e9ctrica.<\/strong><\/p>\n<p>Este kit de c\u00e1mara de seguridad solar NVR 4G cuenta con dos paneles solares, una SIM para 4 c\u00e1maras, detecci\u00f3n de movimiento con IA, alcance inal\u00e1mbrico de 200 m y certificaci\u00f3n IP66 de impermeabilidad. Ideal para zonas aisladas de la red el\u00e9ctrica, como granjas, caba\u00f1as o obras de construcci\u00f3n. Su f\u00e1cil control mediante la aplicaci\u00f3n y su bater\u00eda de larga duraci\u00f3n lo convierten en una soluci\u00f3n plug &amp; play perfecta.<\/p>\n<p><img fetchpriority=\"high\" decoding=\"async\" class=\"alignnone size-full wp-image-13557\" src=\"https:\/\/bokysee.com\/wp-content\/uploads\/2025\/06\/4G-Solar-Camera-NVR-Kits.jpg\" alt=\"Kit de c\u00e1mara NVR solar 4G para vigilancia fuera de la red\" width=\"800\" height=\"800\" srcset=\"https:\/\/bokysee.com\/wp-content\/uploads\/2025\/06\/4G-Solar-Camera-NVR-Kits.jpg 800w, https:\/\/bokysee.com\/wp-content\/uploads\/2025\/06\/4G-Solar-Camera-NVR-Kits-300x300.jpg 300w, https:\/\/bokysee.com\/wp-content\/uploads\/2025\/06\/4G-Solar-Camera-NVR-Kits-150x150.jpg 150w, https:\/\/bokysee.com\/wp-content\/uploads\/2025\/06\/4G-Solar-Camera-NVR-Kits-768x768.jpg 768w, https:\/\/bokysee.com\/wp-content\/uploads\/2025\/06\/4G-Solar-Camera-NVR-Kits-12x12.jpg 12w, https:\/\/bokysee.com\/wp-content\/uploads\/2025\/06\/4G-Solar-Camera-NVR-Kits-600x600.jpg 600w, https:\/\/bokysee.com\/wp-content\/uploads\/2025\/06\/4G-Solar-Camera-NVR-Kits-100x100.jpg 100w\" sizes=\"(max-width: 800px) 100vw, 800px\" \/><\/p>\n<h3 data-start=\"110\" data-end=\"167\">\u2705 <strong data-start=\"116\" data-end=\"167\">Caracter\u00edsticas principales: Kit de c\u00e1mara de seguridad NVR Solar 4G<\/strong><\/h3>\n<ul data-start=\"169\" data-end=\"1254\">\n<li data-start=\"169\" data-end=\"293\">\n<p data-start=\"171\" data-end=\"293\">\ud83c\udf1e <strong data-start=\"174\" data-end=\"211\">Paneles solares duales y bater\u00eda grande<\/strong><br data-start=\"211\" data-end=\"214\" \/>Suministro de energ\u00eda continua con tiempo de espera ultra largo, incluso en climas nublados.<\/p>\n<\/li>\n<li data-start=\"295\" data-end=\"401\">\n<p data-start=\"297\" data-end=\"401\">\ud83d\udcf6 <strong data-start=\"300\" data-end=\"333\">Una tarjeta SIM para cuatro c\u00e1maras<\/strong><br data-start=\"333\" data-end=\"336\" \/>Comparte una sola tarjeta SIM para ahorrar hasta <strong data-start=\"376\" data-end=\"400\">75% sobre los costos de datos 4G<\/strong>.<\/p>\n<\/li>\n<li data-start=\"403\" data-end=\"525\">\n<p data-start=\"405\" data-end=\"525\">\ud83d\udce1 <strong data-start=\"408\" data-end=\"444\">Alcance de transmisi\u00f3n inal\u00e1mbrica de 200 m<\/strong><br data-start=\"444\" data-end=\"447\" \/>Conexi\u00f3n estable de largo alcance entre NVR y c\u00e1maras para una cobertura de \u00e1rea amplia.<\/p>\n<\/li>\n<li data-start=\"527\" data-end=\"651\">\n<p data-start=\"529\" data-end=\"651\">\ud83d\udcf1 <strong data-start=\"532\" data-end=\"561\">Control de aplicaciones y configuraci\u00f3n r\u00e1pida<\/strong><br data-start=\"561\" data-end=\"564\" \/>Escanee el c\u00f3digo QR para agregar dispositivos, reiniciar la estaci\u00f3n base de forma remota y verificar los niveles de bater\u00eda.<\/p>\n<\/li>\n<li data-start=\"653\" data-end=\"767\">\n<p data-start=\"655\" data-end=\"767\">\ud83c\udfaf <strong data-start=\"658\" data-end=\"690\">Detecci\u00f3n de personas y veh\u00edculos mediante IA<\/strong><br data-start=\"690\" data-end=\"693\" \/>Las alertas de movimiento inteligentes reducen las falsas alarmas y mejoran la eficiencia de la seguridad.<\/p>\n<\/li>\n<li data-start=\"769\" data-end=\"885\">\n<p data-start=\"771\" data-end=\"885\">\u2614 <strong data-start=\"773\" data-end=\"808\">Resistente al agua IP66 para uso en exteriores<\/strong><br data-start=\"808\" data-end=\"811\" \/>El dise\u00f1o resistente a la intemperie garantiza protecci\u00f3n las 24 horas, los 7 d\u00edas de la semana contra la lluvia, el polvo o el calor.<\/p>\n<\/li>\n<li data-start=\"887\" data-end=\"992\">\n<p data-start=\"889\" data-end=\"992\">\ud83d\udd0a <strong data-start=\"892\" data-end=\"923\">Comunicaci\u00f3n de audio bidireccional<\/strong><br data-start=\"923\" data-end=\"926\" \/>Habla y escucha a trav\u00e9s de la c\u00e1mara desde tu tel\u00e9fono inteligente en cualquier momento.<\/p>\n<\/li>\n<li data-start=\"994\" data-end=\"1115\">\n<p data-start=\"996\" data-end=\"1115\">\ud83d\udcbe <strong data-start=\"999\" data-end=\"1034\">Almacenamiento unificado en tarjeta TF a trav\u00e9s de NVR<\/strong><br data-start=\"1034\" data-end=\"1037\" \/>Grabaci\u00f3n local centralizada para todas las c\u00e1maras, sin necesidad de suscripciones a la nube.<\/p>\n<\/li>\n<li data-start=\"1117\" data-end=\"1254\">\n<p data-start=\"1119\" data-end=\"1254\">\ud83d\udd0c <strong data-start=\"1122\" data-end=\"1156\">Verdaderamente fuera de la red y listo para usar<\/strong><br data-start=\"1156\" data-end=\"1159\" \/>Funciona sin electricidad ni WiFi, perfecto para granjas, caba\u00f1as, sitios de construcci\u00f3n y \u00e1reas remotas.<\/p>\n<\/li>\n<\/ul>\n<p><img decoding=\"async\" class=\"alignnone size-full wp-image-13558\" src=\"https:\/\/bokysee.com\/wp-content\/uploads\/2025\/06\/4G-Router-Solar-Camera-1.jpg\" alt=\"sistema de vigilancia fuera de la red\" width=\"963\" height=\"1080\" srcset=\"https:\/\/bokysee.com\/wp-content\/uploads\/2025\/06\/4G-Router-Solar-Camera-1.jpg 963w, https:\/\/bokysee.com\/wp-content\/uploads\/2025\/06\/4G-Router-Solar-Camera-1-268x300.jpg 268w, https:\/\/bokysee.com\/wp-content\/uploads\/2025\/06\/4G-Router-Solar-Camera-1-913x1024.jpg 913w, https:\/\/bokysee.com\/wp-content\/uploads\/2025\/06\/4G-Router-Solar-Camera-1-768x861.jpg 768w, https:\/\/bokysee.com\/wp-content\/uploads\/2025\/06\/4G-Router-Solar-Camera-1-11x12.jpg 11w, https:\/\/bokysee.com\/wp-content\/uploads\/2025\/06\/4G-Router-Solar-Camera-1-535x600.jpg 535w, https:\/\/bokysee.com\/wp-content\/uploads\/2025\/06\/4G-Router-Solar-Camera-1-600x673.jpg 600w\" sizes=\"(max-width: 963px) 100vw, 963px\" \/><\/p>\n<p><img decoding=\"async\" class=\"alignnone size-full wp-image-13559\" src=\"https:\/\/bokysee.com\/wp-content\/uploads\/2025\/06\/off-grid-wireless-solar-CCTV-kit.jpg\" alt=\"\" width=\"963\" height=\"1080\" srcset=\"https:\/\/bokysee.com\/wp-content\/uploads\/2025\/06\/off-grid-wireless-solar-CCTV-kit.jpg 963w, https:\/\/bokysee.com\/wp-content\/uploads\/2025\/06\/off-grid-wireless-solar-CCTV-kit-268x300.jpg 268w, https:\/\/bokysee.com\/wp-content\/uploads\/2025\/06\/off-grid-wireless-solar-CCTV-kit-913x1024.jpg 913w, https:\/\/bokysee.com\/wp-content\/uploads\/2025\/06\/off-grid-wireless-solar-CCTV-kit-768x861.jpg 768w, https:\/\/bokysee.com\/wp-content\/uploads\/2025\/06\/off-grid-wireless-solar-CCTV-kit-11x12.jpg 11w, https:\/\/bokysee.com\/wp-content\/uploads\/2025\/06\/off-grid-wireless-solar-CCTV-kit-535x600.jpg 535w, https:\/\/bokysee.com\/wp-content\/uploads\/2025\/06\/off-grid-wireless-solar-CCTV-kit-600x673.jpg 600w\" sizes=\"(max-width: 963px) 100vw, 963px\" \/><\/p>\n<h3 data-start=\"1010\" data-end=\"1060\"><strong data-start=\"1014\" data-end=\"1060\">\u00bfQu\u00e9 es un sistema de c\u00e1mara de seguridad solar 4G?<\/strong><\/h3>\n<p data-start=\"1062\" data-end=\"1499\">A <strong data-start=\"1064\" data-end=\"1096\">Kit de c\u00e1mara de seguridad solar 4G<\/strong> Es un sistema de videovigilancia aut\u00f3nomo que funciona de forma totalmente independiente de redes cableadas o fuentes de alimentaci\u00f3n. En lugar de conectarse a internet en casa, utiliza... <strong data-start=\"1268\" data-end=\"1288\">Tarjetas SIM 4G LTE<\/strong> para la transmisi\u00f3n. La energ\u00eda se genera a trav\u00e9s de <strong data-start=\"1334\" data-end=\"1350\">paneles solares<\/strong> y almacenado en <strong data-start=\"1365\" data-end=\"1399\">bater\u00edas de litio recargables<\/strong>Esto significa que puedes instalar el sistema literalmente en cualquier lugar donde brille el sol y llegue la se\u00f1al 4G.<\/p>\n<p data-start=\"1501\" data-end=\"1553\">A diferencia de las c\u00e1maras solares individuales, el kit de Bokysee incluye:<\/p>\n<ul data-start=\"1554\" data-end=\"1911\">\n<li data-start=\"1554\" data-end=\"1613\">\n<p data-start=\"1556\" data-end=\"1613\"><strong data-start=\"1556\" data-end=\"1581\">Una estaci\u00f3n central de NVR<\/strong> que gestiona hasta cuatro c\u00e1maras<\/p>\n<\/li>\n<li data-start=\"1614\" data-end=\"1691\">\n<p data-start=\"1616\" data-end=\"1691\"><strong data-start=\"1616\" data-end=\"1639\">Una tarjeta SIM compartida<\/strong> entre todas las c\u00e1maras (ahorro de hasta 75% en tarifas de datos)<\/p>\n<\/li>\n<li data-start=\"1692\" data-end=\"1778\">\n<p data-start=\"1694\" data-end=\"1778\"><strong data-start=\"1694\" data-end=\"1724\">Detecci\u00f3n inteligente impulsada por IA<\/strong>, <strong data-start=\"1726\" data-end=\"1743\">audio bidireccional<\/strong>, y <strong data-start=\"1749\" data-end=\"1778\">control remoto de la aplicaci\u00f3n m\u00f3vil<\/strong><\/p>\n<\/li>\n<li data-start=\"1779\" data-end=\"1854\">\n<p data-start=\"1781\" data-end=\"1854\"><strong data-start=\"1781\" data-end=\"1826\">Hasta 200 metros de transmisi\u00f3n inal\u00e1mbrica<\/strong> Del NVR a las c\u00e1maras<\/p>\n<\/li>\n<li data-start=\"1855\" data-end=\"1911\">\n<p data-start=\"1857\" data-end=\"1911\"><strong data-start=\"1857\" data-end=\"1884\">Almacenamiento unificado en tarjeta TF<\/strong> y soporte en la nube opcional<\/p>\n<\/li>\n<\/ul>\n<h3 data-start=\"5050\" data-end=\"5077\"><strong data-start=\"5054\" data-end=\"5077\">Escenarios de uso ideales<\/strong><\/h3>\n<p data-start=\"5079\" data-end=\"5117\">Este kit de c\u00e1mara solar 4G es ideal para:<\/p>\n<ul data-start=\"5119\" data-end=\"5605\">\n<li data-start=\"5119\" data-end=\"5231\">\n<p data-start=\"5121\" data-end=\"5231\"><strong data-start=\"5121\" data-end=\"5151\">Granjas y \u00e1reas agr\u00edcolas<\/strong><br data-start=\"5151\" data-end=\"5154\" \/>Monitorea ganado, cercas, portones y campos sin necesidad de infraestructura.<\/p>\n<\/li>\n<li data-start=\"5233\" data-end=\"5319\">\n<p data-start=\"5235\" data-end=\"5319\"><strong data-start=\"5235\" data-end=\"5257\">Sitios de construcci\u00f3n<\/strong><br data-start=\"5257\" data-end=\"5260\" \/>Proteja los materiales y monitoree la seguridad de los trabajadores en tiempo real.<\/p>\n<\/li>\n<li data-start=\"5321\" data-end=\"5410\">\n<p data-start=\"5323\" data-end=\"5410\"><strong data-start=\"5323\" data-end=\"5348\">Casas y caba\u00f1as remotas<\/strong><br data-start=\"5348\" data-end=\"5351\" \/>Disfrute de la tranquilidad incluso sin Internet ni electricidad.<\/p>\n<\/li>\n<li data-start=\"5412\" data-end=\"5497\">\n<p data-start=\"5414\" data-end=\"5497\"><strong data-start=\"5414\" data-end=\"5453\">Almacenes, patios de almacenamiento y lotes<\/strong><br data-start=\"5453\" data-end=\"5456\" \/>Asegure los activos en grandes espacios abiertos.<\/p>\n<\/li>\n<li data-start=\"5499\" data-end=\"5605\">\n<p data-start=\"5501\" data-end=\"5605\"><strong data-start=\"5501\" data-end=\"5539\">Zonas de desastre, refugios de emergencia<\/strong><br data-start=\"5539\" data-end=\"5542\" \/>Implemente r\u00e1pidamente vigilancia m\u00f3vil para seguridad y monitoreo.<\/p>\n<\/li>\n<\/ul>\n<p><strong>Sobre nosotros:<\/strong><\/p>\n<p><img loading=\"lazy\" decoding=\"async\" class=\"alignnone size-full wp-image-12939\" src=\"https:\/\/bokysee.com\/wp-content\/uploads\/2025\/01\/Bokysee-CCTV-Company.jpg\" alt=\"\" width=\"961\" height=\"543\" srcset=\"https:\/\/bokysee.com\/wp-content\/uploads\/2025\/01\/Bokysee-CCTV-Company.jpg 961w, https:\/\/bokysee.com\/wp-content\/uploads\/2025\/01\/Bokysee-CCTV-Company-300x170.jpg 300w, https:\/\/bokysee.com\/wp-content\/uploads\/2025\/01\/Bokysee-CCTV-Company-768x434.jpg 768w, https:\/\/bokysee.com\/wp-content\/uploads\/2025\/01\/Bokysee-CCTV-Company-600x339.jpg 600w\" sizes=\"(max-width: 961px) 100vw, 961px\" \/><\/p>\n<p><strong>Ventajas de Bokysee y fotos de clientes:<\/strong><\/p>\n<p><img loading=\"lazy\" decoding=\"async\" class=\"alignnone size-full wp-image-13560\" src=\"https:\/\/bokysee.com\/wp-content\/uploads\/2025\/06\/Bokysee-CCTV-Factory_03.jpg\" alt=\"Ventajas de la f\u00e1brica de CCTV Bokysee\" width=\"1000\" height=\"694\" srcset=\"https:\/\/bokysee.com\/wp-content\/uploads\/2025\/06\/Bokysee-CCTV-Factory_03.jpg 1000w, https:\/\/bokysee.com\/wp-content\/uploads\/2025\/06\/Bokysee-CCTV-Factory_03-300x208.jpg 300w, https:\/\/bokysee.com\/wp-content\/uploads\/2025\/06\/Bokysee-CCTV-Factory_03-768x533.jpg 768w, https:\/\/bokysee.com\/wp-content\/uploads\/2025\/06\/Bokysee-CCTV-Factory_03-18x12.jpg 18w, https:\/\/bokysee.com\/wp-content\/uploads\/2025\/06\/Bokysee-CCTV-Factory_03-600x416.jpg 600w\" sizes=\"(max-width: 1000px) 100vw, 1000px\" \/><\/p>\n<p><strong>Taller de f\u00e1brica:<\/strong><\/p>\n<p><img loading=\"lazy\" decoding=\"async\" class=\"alignnone size-full wp-image-12940\" src=\"https:\/\/bokysee.com\/wp-content\/uploads\/2025\/01\/Bokysee-CCTV-Workshop.jpg\" alt=\"\" width=\"1282\" height=\"726\" srcset=\"https:\/\/bokysee.com\/wp-content\/uploads\/2025\/01\/Bokysee-CCTV-Workshop.jpg 1282w, https:\/\/bokysee.com\/wp-content\/uploads\/2025\/01\/Bokysee-CCTV-Workshop-300x170.jpg 300w, https:\/\/bokysee.com\/wp-content\/uploads\/2025\/01\/Bokysee-CCTV-Workshop-1024x580.jpg 1024w, https:\/\/bokysee.com\/wp-content\/uploads\/2025\/01\/Bokysee-CCTV-Workshop-768x435.jpg 768w, https:\/\/bokysee.com\/wp-content\/uploads\/2025\/01\/Bokysee-CCTV-Workshop-600x340.jpg 600w\" sizes=\"(max-width: 1282px) 100vw, 1282px\" \/><\/p>\n<h3 data-start=\"6478\" data-end=\"6530\"><strong data-start=\"6482\" data-end=\"6530\">Conclusi\u00f3n: Seguridad confiable sin l\u00edmites<\/strong><\/h3>\n<p data-start=\"6532\" data-end=\"6828\">El kit de c\u00e1mara Solar 4G\/NVR de Bokysee resuelve uno de los mayores desaf\u00edos de la seguridad moderna: <strong data-start=\"6624\" data-end=\"6677\">C\u00f3mo proteger lugares que carecen de infraestructura<\/strong>. Con <strong data-start=\"6684\" data-end=\"6748\">Energ\u00eda solar, conectividad inteligente y control centralizado de NVR<\/strong>Este sistema es <strong data-start=\"6765\" data-end=\"6778\">sin par<\/strong> en flexibilidad, rendimiento y rentabilidad.<\/p>\n<p data-start=\"6830\" data-end=\"7008\">Ya sea que trabaje en agricultura, construcci\u00f3n o administraci\u00f3n de propiedades rurales, esta soluci\u00f3n le permite <strong data-start=\"6928\" data-end=\"7008\">Monitorea en cualquier lugar, en cualquier momento: sin energ\u00eda, sin WiFi y sin complicaciones.<\/strong><\/p>\n<blockquote data-start=\"7010\" data-end=\"7127\">\n<p data-start=\"7012\" data-end=\"7127\">\ud83d\udd17 Visita: <a class=\"\" href=\"https:\/\/bokysee.com\/es\/\" target=\"_new\" rel=\"noopener\" data-start=\"7022\" data-end=\"7063\">www.bokysee.com<\/a><br data-start=\"7063\" data-end=\"7066\" \/>Cont\u00e1ctenos para conocer precios mayoristas o asociaciones OEM\/ODM<\/p>\n<\/blockquote>\n<p>&nbsp;<\/p>","protected":false},"excerpt":{"rendered":"<p><strong>KIT SOLAR 4G\/NVR:<\/strong><br \/>\n\u25cf Admite gesti\u00f3n de informaci\u00f3n de tarifas y tr\u00e1fico de tarjetas VSIM<br \/>\n\u25cf Admite el escaneo del c\u00f3digo de la aplicaci\u00f3n para agregar dispositivos r\u00e1pidamente<br \/>\n\u25cf Admite un rango de trabajo de 200 m en \u00e1reas abiertas<br \/>\n\u25cf Admite la aplicaci\u00f3n para reiniciar la estaci\u00f3n base<br \/>\n\u25cf Admite aplicaci\u00f3n para verificar la carga de la bater\u00eda<br \/>\n\u25cf Bater\u00eda de gran capacidad y duraci\u00f3n de bater\u00eda ultralarga<br \/>\n\u25cf Ahorre 75% en tarifas de tr\u00e1fico 4G<br \/>\n\u25cf Admite c\u00e1mara WiFi con c\u00f3digo de coincidencia inal\u00e1mbrica<br \/>\n\u25cf Admite nivel de impermeabilidad IP66<br \/>\n\u25cf Admite fuente de alimentaci\u00f3n de voltaje de 5 V<br \/>\n\u25cf Audio bidireccional y detecci\u00f3n de inteligencia artificial<\/p>","protected":false},"featured_media":13557,"template":"","meta":[],"product_brand":[],"product_cat":[1111],"product_tag":[1222,1213,1215,1216,1212,1214],"class_list":{"0":"post-13554","1":"product","2":"type-product","3":"status-publish","4":"has-post-thumbnail","6":"product_cat-4g-solar-camera","7":"product_tag-new-arrival","8":"product_tag-off-grid-surveillance-system","9":"product_tag-sim-card-cctv-system","10":"product_tag-solar-4g-nvr-kit","11":"product_tag-solar-4g-security-camera","12":"product_tag-wireless-solar-camera-kit","14":"first","15":"instock","16":"shipping-taxable","17":"product-type-simple"},"acf":[],"yoast_head":"<!-- This site is optimized with the Yoast SEO Premium plugin v20.2.1 (Yoast SEO v26.1.1) - https:\/\/yoast.com\/wordpress\/plugins\/seo\/ -->\n<title>Solar 4G NVR Security Camera Kit \u2013 Off-Grid Surveillance System - Bokysee Technology Co.,LTD<\/title>\n<meta name=\"description\" content=\"Solar 4G NVR camera kit with dual solar panels, 200m wireless range, AI detection, ideal for off-grid outdoor monitoring.\" \/>\n<meta name=\"robots\" content=\"index, follow, max-snippet:-1, max-image-preview:large, max-video-preview:-1\" \/>\n<link rel=\"canonical\" href=\"https:\/\/bokysee.com\/es\/products\/solar-4g-nvr-security-camera-kit-off-grid-surveillance-system\/\" \/>\n<meta property=\"og:locale\" content=\"es_ES\" \/>\n<meta property=\"og:type\" content=\"article\" \/>\n<meta property=\"og:title\" content=\"Solar 4G NVR Security Camera Kit \u2013 Off-Grid Surveillance System\" \/>\n<meta property=\"og:description\" content=\"Solar 4G NVR camera kit with dual solar panels, 200m wireless range, AI detection, ideal for off-grid outdoor monitoring.\" \/>\n<meta property=\"og:url\" content=\"https:\/\/bokysee.com\/es\/products\/solar-4g-nvr-security-camera-kit-off-grid-surveillance-system\/\" \/>\n<meta property=\"og:site_name\" content=\"Bokysee Technology Co.,LTD\" \/>\n<meta property=\"article:modified_time\" content=\"2025-09-22T07:06:28+00:00\" \/>\n<meta property=\"og:image\" content=\"https:\/\/bokysee.com\/wp-content\/uploads\/2025\/06\/4G-Solar-Camera-NVR-Kits.jpg\" \/>\n\t<meta property=\"og:image:width\" content=\"800\" \/>\n\t<meta property=\"og:image:height\" content=\"800\" \/>\n\t<meta property=\"og:image:type\" content=\"image\/jpeg\" \/>\n<meta name=\"twitter:card\" content=\"summary_large_image\" \/>\n<meta name=\"twitter:label1\" content=\"Tiempo de lectura\" \/>\n\t<meta name=\"twitter:data1\" content=\"4 minutos\" \/>\n<script type=\"application\/ld+json\" class=\"yoast-schema-graph\">{\"@context\":\"https:\/\/schema.org\",\"@graph\":[{\"@type\":\"WebPage\",\"@id\":\"https:\/\/bokysee.com\/products\/solar-4g-nvr-security-camera-kit-off-grid-surveillance-system\/\",\"url\":\"https:\/\/bokysee.com\/products\/solar-4g-nvr-security-camera-kit-off-grid-surveillance-system\/\",\"name\":\"Solar 4G NVR Security Camera Kit \u2013 Off-Grid Surveillance System - Bokysee Technology Co.,LTD\",\"isPartOf\":{\"@id\":\"https:\/\/bokysee.com\/#website\"},\"primaryImageOfPage\":{\"@id\":\"https:\/\/bokysee.com\/products\/solar-4g-nvr-security-camera-kit-off-grid-surveillance-system\/#primaryimage\"},\"image\":{\"@id\":\"https:\/\/bokysee.com\/products\/solar-4g-nvr-security-camera-kit-off-grid-surveillance-system\/#primaryimage\"},\"thumbnailUrl\":\"https:\/\/bokysee.com\/wp-content\/uploads\/2025\/06\/4G-Solar-Camera-NVR-Kits.jpg\",\"datePublished\":\"2025-06-20T09:40:52+00:00\",\"dateModified\":\"2025-09-22T07:06:28+00:00\",\"description\":\"Solar 4G NVR camera kit with dual solar panels, 200m wireless range, AI detection, ideal for off-grid outdoor monitoring.\",\"breadcrumb\":{\"@id\":\"https:\/\/bokysee.com\/products\/solar-4g-nvr-security-camera-kit-off-grid-surveillance-system\/#breadcrumb\"},\"inLanguage\":\"es\",\"potentialAction\":[{\"@type\":\"ReadAction\",\"target\":[\"https:\/\/bokysee.com\/products\/solar-4g-nvr-security-camera-kit-off-grid-surveillance-system\/\"]}]},{\"@type\":\"ImageObject\",\"inLanguage\":\"es\",\"@id\":\"https:\/\/bokysee.com\/products\/solar-4g-nvr-security-camera-kit-off-grid-surveillance-system\/#primaryimage\",\"url\":\"https:\/\/bokysee.com\/wp-content\/uploads\/2025\/06\/4G-Solar-Camera-NVR-Kits.jpg\",\"contentUrl\":\"https:\/\/bokysee.com\/wp-content\/uploads\/2025\/06\/4G-Solar-Camera-NVR-Kits.jpg\",\"width\":800,\"height\":800,\"caption\":\"solar-4g-nvr-camera-kit-off-grid-surveillance\"},{\"@type\":\"BreadcrumbList\",\"@id\":\"https:\/\/bokysee.com\/products\/solar-4g-nvr-security-camera-kit-off-grid-surveillance-system\/#breadcrumb\",\"itemListElement\":[{\"@type\":\"ListItem\",\"position\":1,\"name\":\"Home\",\"item\":\"https:\/\/bokysee.com\/\"},{\"@type\":\"ListItem\",\"position\":2,\"name\":\"Products\",\"item\":\"https:\/\/bokysee.com\/products\/\"},{\"@type\":\"ListItem\",\"position\":3,\"name\":\"Solar 4G NVR Security Camera Kit \u2013 Off-Grid Surveillance System\"}]},{\"@type\":\"WebSite\",\"@id\":\"https:\/\/bokysee.com\/#website\",\"url\":\"https:\/\/bokysee.com\/\",\"name\":\"Bokysee Technology Co.,LTD\",\"description\":\"Professional Smart Indoor and Outdoor Security Cameras Solution Supplier\",\"potentialAction\":[{\"@type\":\"SearchAction\",\"target\":{\"@type\":\"EntryPoint\",\"urlTemplate\":\"https:\/\/bokysee.com\/?s={search_term_string}\"},\"query-input\":{\"@type\":\"PropertyValueSpecification\",\"valueRequired\":true,\"valueName\":\"search_term_string\"}}],\"inLanguage\":\"es\"}]}<\/script>\n<!-- \/ Yoast SEO Premium plugin. -->","yoast_head_json":{"title":"Solar 4G NVR Security Camera Kit \u2013 Off-Grid Surveillance System - Bokysee Technology Co.,LTD","description":"Solar 4G NVR camera kit with dual solar panels, 200m wireless range, AI detection, ideal for off-grid outdoor monitoring.","robots":{"index":"index","follow":"follow","max-snippet":"max-snippet:-1","max-image-preview":"max-image-preview:large","max-video-preview":"max-video-preview:-1"},"canonical":"https:\/\/bokysee.com\/es\/products\/solar-4g-nvr-security-camera-kit-off-grid-surveillance-system\/","og_locale":"es_ES","og_type":"article","og_title":"Solar 4G NVR Security Camera Kit \u2013 Off-Grid Surveillance System","og_description":"Solar 4G NVR camera kit with dual solar panels, 200m wireless range, AI detection, ideal for off-grid outdoor monitoring.","og_url":"https:\/\/bokysee.com\/es\/products\/solar-4g-nvr-security-camera-kit-off-grid-surveillance-system\/","og_site_name":"Bokysee Technology Co.,LTD","article_modified_time":"2025-09-22T07:06:28+00:00","og_image":[{"width":800,"height":800,"url":"https:\/\/bokysee.com\/wp-content\/uploads\/2025\/06\/4G-Solar-Camera-NVR-Kits.jpg","type":"image\/jpeg"}],"twitter_card":"summary_large_image","twitter_misc":{"Tiempo de lectura":"4 minutos"},"schema":{"@context":"https:\/\/schema.org","@graph":[{"@type":"WebPage","@id":"https:\/\/bokysee.com\/products\/solar-4g-nvr-security-camera-kit-off-grid-surveillance-system\/","url":"https:\/\/bokysee.com\/products\/solar-4g-nvr-security-camera-kit-off-grid-surveillance-system\/","name":"Solar 4G NVR Security Camera Kit \u2013 Off-Grid Surveillance System - Bokysee Technology Co.,LTD","isPartOf":{"@id":"https:\/\/bokysee.com\/#website"},"primaryImageOfPage":{"@id":"https:\/\/bokysee.com\/products\/solar-4g-nvr-security-camera-kit-off-grid-surveillance-system\/#primaryimage"},"image":{"@id":"https:\/\/bokysee.com\/products\/solar-4g-nvr-security-camera-kit-off-grid-surveillance-system\/#primaryimage"},"thumbnailUrl":"https:\/\/bokysee.com\/wp-content\/uploads\/2025\/06\/4G-Solar-Camera-NVR-Kits.jpg","datePublished":"2025-06-20T09:40:52+00:00","dateModified":"2025-09-22T07:06:28+00:00","description":"Solar 4G NVR camera kit with dual solar panels, 200m wireless range, AI detection, ideal for off-grid outdoor monitoring.","breadcrumb":{"@id":"https:\/\/bokysee.com\/products\/solar-4g-nvr-security-camera-kit-off-grid-surveillance-system\/#breadcrumb"},"inLanguage":"es","potentialAction":[{"@type":"ReadAction","target":["https:\/\/bokysee.com\/products\/solar-4g-nvr-security-camera-kit-off-grid-surveillance-system\/"]}]},{"@type":"ImageObject","inLanguage":"es","@id":"https:\/\/bokysee.com\/products\/solar-4g-nvr-security-camera-kit-off-grid-surveillance-system\/#primaryimage","url":"https:\/\/bokysee.com\/wp-content\/uploads\/2025\/06\/4G-Solar-Camera-NVR-Kits.jpg","contentUrl":"https:\/\/bokysee.com\/wp-content\/uploads\/2025\/06\/4G-Solar-Camera-NVR-Kits.jpg","width":800,"height":800,"caption":"solar-4g-nvr-camera-kit-off-grid-surveillance"},{"@type":"BreadcrumbList","@id":"https:\/\/bokysee.com\/products\/solar-4g-nvr-security-camera-kit-off-grid-surveillance-system\/#breadcrumb","itemListElement":[{"@type":"ListItem","position":1,"name":"Home","item":"https:\/\/bokysee.com\/"},{"@type":"ListItem","position":2,"name":"Products","item":"https:\/\/bokysee.com\/products\/"},{"@type":"ListItem","position":3,"name":"Solar 4G NVR Security Camera Kit \u2013 Off-Grid Surveillance System"}]},{"@type":"WebSite","@id":"https:\/\/bokysee.com\/#website","url":"https:\/\/bokysee.com\/","name":"Bokysee Technology Co.,LTD","description":"Professional Smart Indoor and Outdoor Security Cameras Solution Supplier","potentialAction":[{"@type":"SearchAction","target":{"@type":"EntryPoint","urlTemplate":"https:\/\/bokysee.com\/?s={search_term_string}"},"query-input":{"@type":"PropertyValueSpecification","valueRequired":true,"valueName":"search_term_string"}}],"inLanguage":"es"}]}},"_links":{"self":[{"href":"https:\/\/bokysee.com\/es\/wp-json\/wp\/v2\/product\/13554","targetHints":{"allow":["GET"]}}],"collection":[{"href":"https:\/\/bokysee.com\/es\/wp-json\/wp\/v2\/product"}],"about":[{"href":"https:\/\/bokysee.com\/es\/wp-json\/wp\/v2\/types\/product"}],"version-history":[{"count":0,"href":"https:\/\/bokysee.com\/es\/wp-json\/wp\/v2\/product\/13554\/revisions"}],"wp:featuredmedia":[{"embeddable":true,"href":"https:\/\/bokysee.com\/es\/wp-json\/wp\/v2\/media\/13557"}],"wp:attachment":[{"href":"https:\/\/bokysee.com\/es\/wp-json\/wp\/v2\/media?parent=13554"}],"wp:term":[{"taxonomy":"product_brand","embeddable":true,"href":"https:\/\/bokysee.com\/es\/wp-json\/wp\/v2\/product_brand?post=13554"},{"taxonomy":"product_cat","embeddable":true,"href":"https:\/\/bokysee.com\/es\/wp-json\/wp\/v2\/product_cat?post=13554"},{"taxonomy":"product_tag","embeddable":true,"href":"https:\/\/bokysee.com\/es\/wp-json\/wp\/v2\/product_tag?post=13554"}],"curies":[{"name":"wp","href":"https:\/\/api.w.org\/{rel}","templated":true}]}}