{"id":1352,"date":"2023-04-14T07:12:28","date_gmt":"2023-04-14T07:12:28","guid":{"rendered":"https:\/\/bokysee.com\/?post_type=product&#038;p=1352"},"modified":"2024-09-09T15:44:30","modified_gmt":"2024-09-09T07:44:30","slug":"wholesale-cheap-outdoor-4g-solar-powered-camera-with-wifi-motion-sensor-sd-card-wifi-cctv-ptz-solar-camera","status":"publish","type":"product","link":"https:\/\/bokysee.com\/es\/products\/wholesale-cheap-outdoor-4g-solar-powered-camera-with-wifi-motion-sensor-sd-card-wifi-cctv-ptz-solar-camera\/","title":{"rendered":"C\u00e1mara solar 4G para exteriores, con sensor de movimiento WiFi, tarjeta SD, CCTV, PTZ, venta al por mayor, econ\u00f3mica"},"content":{"rendered":"<p><strong>C\u00e1mara solar 4G para exteriores, con sensor de movimiento WiFi, tarjeta SD, CCTV, PTZ, wifi, venta al por mayor y a buen precio.<\/strong><\/p>\n<p>1. C\u00e1mara solar PTZ de 4 MP<br \/>\n2. Bater\u00eda incorporada de la c\u00e1mara<br \/>\n3. Admite detecci\u00f3n de cuerpo humano PIR, alarma inteligente de reconocimiento de forma humana con luz dual.<br \/>\n4. Admite visi\u00f3n nocturna por infrarrojos<br \/>\n5. Visi\u00f3n diurna de 30 M y visi\u00f3n nocturna a todo color<br \/>\n6. Admite detecci\u00f3n PIR y activaci\u00f3n del tel\u00e9fono m\u00f3vil.<br \/>\n7. Admite audio bidireccional<br \/>\n8. Admite detecci\u00f3n de movimiento PIR y env\u00edo de alarma al tel\u00e9fono m\u00f3vil.<br \/>\n9. Admite almacenamiento en la nube y tarjeta TF<br \/>\n10. Resistente al agua IP66<\/p>\n<table style=\"border-collapse: collapse; width: 657.02pt;\" border=\"0\" width=\"876\" cellspacing=\"0\" cellpadding=\"0\">\n<tbody>\n<tr style=\"height: 25.00pt;\">\n<td class=\"et3\" style=\"height: 25.00pt; width: 121.65pt;\" width=\"162\" height=\"33\">Modelo<\/td>\n<td class=\"et4\" style=\"width: 535.50pt; border-right: 1.0pt solid #000000;\" colspan=\"2\" width=\"714\">BK-LXS03P4MW<\/td>\n<\/tr>\n<tr style=\"height: 25.00pt;\">\n<td class=\"et6\" style=\"height: 25.00pt; width: 121.65pt;\" width=\"162\" height=\"33\">control maestro<\/td>\n<td class=\"et7\" style=\"border-right: 1.0pt solid #000000;\" colspan=\"2\">DSP de 32 bits de doble n\u00facleo (GK7202V200)<\/td>\n<\/tr>\n<tr style=\"height: 25.00pt;\">\n<td class=\"et6\" style=\"height: 25.00pt; width: 121.65pt;\" width=\"162\" height=\"33\">sensor<\/td>\n<td class=\"et7\" style=\"border-right: 1.0pt solid #000000;\" colspan=\"2\">Sensor CMOS de baja iluminaci\u00f3n y alto rendimiento<\/td>\n<\/tr>\n<tr style=\"height: 25.00pt;\">\n<td class=\"et6\" style=\"height: 25.00pt; width: 121.65pt;\" width=\"162\" height=\"33\">Iluminaci\u00f3n m\u00ednima<\/td>\n<td class=\"et9\" style=\"width: 535.50pt; border-right: 1.0pt solid #000000;\" colspan=\"2\" width=\"714\">Color: 0,01 Lux a (F1.2, AGC activado); 0 Lux con IR<span class=\"font3\">\uff1b<\/span><span class=\"font1\"><br \/>\nBlanco y negro: 0,001 Lux a (F1.2, AGC activado), 0 Lux con IR<\/span><\/td>\n<\/tr>\n<tr style=\"height: 25.00pt;\">\n<td class=\"et6\" style=\"height: 25.00pt; width: 121.65pt;\" width=\"162\" height=\"33\">obturador<\/td>\n<td class=\"et11\" colspan=\"2\">1\/50 (1\/60) de segundo a 1\/10000 de segundo<\/td>\n<\/tr>\n<tr style=\"height: 25.00pt;\">\n<td class=\"et13\" style=\"height: 25.00pt; width: 121.65pt;\" width=\"162\" height=\"33\">distancia focal<\/td>\n<td class=\"et14\" style=\"border-right: 1.0pt solid #000000;\" colspan=\"2\">F1.4*3.6MM<\/td>\n<\/tr>\n<tr style=\"height: 25.00pt;\">\n<td class=\"et6\" style=\"height: 25.00pt; width: 121.65pt;\" width=\"162\" height=\"33\">reducci\u00f3n de ruido<\/td>\n<td class=\"et16\" colspan=\"2\">Admite reducci\u00f3n de ruido 2D\/3D<\/td>\n<\/tr>\n<tr style=\"height: 25.00pt;\">\n<td class=\"et6\" style=\"height: 25.00pt; width: 121.65pt;\" width=\"162\" height=\"33\">Formato de v\u00eddeo<\/td>\n<td class=\"et18\" colspan=\"2\">H.265AI<\/td>\n<\/tr>\n<tr style=\"height: 25.00pt;\">\n<td class=\"et6\" style=\"height: 25.00pt; width: 121.65pt;\" width=\"162\" height=\"33\">poder de resoluci\u00f3n<\/td>\n<td class=\"et14\" style=\"border-right: 1.0pt solid #000000;\" colspan=\"2\">Flujo de c\u00f3digo principal: 2560 * 1440; Flujo secundario: 800 * 448<\/td>\n<\/tr>\n<tr style=\"height: 25.00pt;\">\n<td class=\"et6\" style=\"height: 25.00pt; width: 121.65pt;\" width=\"162\" height=\"33\">Velocidad de cuadros<\/td>\n<td class=\"et20\" style=\"border-right: 1.0pt solid #000000;\" colspan=\"2\">12 fps<\/td>\n<\/tr>\n<tr style=\"height: 25.00pt;\">\n<td class=\"et6\" style=\"height: 25.00pt; width: 121.65pt;\" width=\"162\" height=\"33\">Detecci\u00f3n PIR<\/td>\n<td class=\"et22\" colspan=\"2\">Admite detecci\u00f3n humana PIR<\/td>\n<\/tr>\n<tr style=\"height: 25.00pt;\">\n<td class=\"et6\" style=\"height: 25.00pt; width: 121.65pt;\" width=\"162\" height=\"33\">modo de suspensi\u00f3n<\/td>\n<td class=\"et24\" style=\"border-right: 1.0pt solid #000000;\" colspan=\"2\">sostener<\/td>\n<\/tr>\n<tr style=\"height: 25.00pt;\">\n<td class=\"et6\" style=\"height: 25.00pt; width: 121.65pt;\" width=\"162\" height=\"33\">fuente de luz<\/td>\n<td class=\"et24\" style=\"border-right: 1.0pt solid #000000;\" colspan=\"2\">4 piezas de LED infrarrojos + 4 piezas de LED de luz blanca<\/td>\n<\/tr>\n<tr style=\"height: 25.00pt;\">\n<td class=\"et6\" style=\"height: 25.00pt; width: 121.65pt;\" width=\"162\" height=\"33\">Modo claro<\/td>\n<td class=\"et22\" colspan=\"2\">Visi\u00f3n nocturna infrarroja\/a todo color Starlight<\/td>\n<\/tr>\n<tr style=\"height: 25.00pt;\">\n<td class=\"et6\" style=\"height: 25.00pt; width: 121.65pt;\" width=\"162\" height=\"33\">Voz bidireccional<\/td>\n<td class=\"et16\" colspan=\"2\">sostener<\/td>\n<\/tr>\n<tr style=\"height: 25.00pt;\">\n<td class=\"et6\" style=\"height: 25.00pt; width: 121.65pt;\" width=\"162\" height=\"33\">almacenamiento en la nube<\/td>\n<td class=\"et22\" colspan=\"2\">sostener<\/td>\n<\/tr>\n<tr style=\"height: 25.00pt;\">\n<td class=\"et6\" style=\"height: 25.00pt; width: 121.65pt;\" width=\"162\" height=\"33\">Acuerdo de soporte<\/td>\n<td class=\"et26\" style=\"width: 535.50pt;\" colspan=\"2\" width=\"714\">Admite el protocolo NETIP<\/td>\n<\/tr>\n<tr style=\"height: 25.00pt;\">\n<td class=\"et6\" style=\"height: 25.00pt; width: 121.65pt;\" width=\"162\" height=\"33\">interfaz de red<\/td>\n<td class=\"et22\" colspan=\"2\">No lo apoyar\u00e9<\/td>\n<\/tr>\n<tr style=\"height: 25.00pt;\">\n<td class=\"et6\" style=\"height: 25.00pt; width: 121.65pt;\" width=\"162\" height=\"33\">Interfaz de almacenamiento<\/td>\n<td class=\"et22\" colspan=\"2\">Tarjeta TF local (hasta 256G)<\/td>\n<\/tr>\n<tr style=\"height: 25.00pt;\">\n<td class=\"et6\" style=\"height: 25.00pt; width: 121.65pt;\" width=\"162\" height=\"33\">Interfaz de tecla de reinicio<\/td>\n<td class=\"et24\" style=\"border-right: 1.0pt solid #000000;\" colspan=\"2\">Admite recuperaci\u00f3n con un solo clic<\/td>\n<\/tr>\n<tr style=\"height: 25.00pt;\">\n<td class=\"et6\" style=\"height: 25.00pt; width: 121.65pt;\" width=\"162\" height=\"33\">Est\u00e1ndar inal\u00e1mbrico<\/td>\n<td class=\"et22\" colspan=\"2\">IEEE802.11b, 802.11g, 802.11n<\/td>\n<\/tr>\n<tr style=\"height: 25.00pt;\">\n<td class=\"et6\" style=\"height: 25.00pt; width: 121.65pt;\" width=\"162\" height=\"33\">rango de frecuencia<\/td>\n<td class=\"et22\" colspan=\"2\">2,4 GHz ~ 2,4835 GHz<\/td>\n<\/tr>\n<tr style=\"height: 25.00pt;\">\n<td class=\"et6\" style=\"height: 25.00pt; width: 121.65pt;\" width=\"162\" height=\"33\">Capacidad de la bater\u00eda<\/td>\n<td class=\"et22\" colspan=\"2\">7800 mA<\/td>\n<\/tr>\n<tr style=\"height: 25.00pt;\">\n<td class=\"et6\" style=\"height: 25.00pt; width: 121.65pt;\" width=\"162\" height=\"33\">Tama\u00f1o del producto<\/td>\n<td class=\"et22\" colspan=\"2\"><\/td>\n<\/tr>\n<tr style=\"height: 25.00pt;\">\n<td class=\"et6\" style=\"height: 25.00pt; width: 121.65pt;\" width=\"162\" height=\"33\">Tama\u00f1o de la caja de color<\/td>\n<td class=\"et22\" colspan=\"2\">205*190*120MM<\/td>\n<\/tr>\n<tr style=\"height: 25.00pt;\">\n<td class=\"et6\" style=\"height: 25.00pt; width: 121.65pt;\" width=\"162\" height=\"33\">temperatura<\/td>\n<td class=\"et22\" colspan=\"2\">Cero 10 \u00b0 C - 60 \u00b0 C, humedad inferior a 90% [sin condensaci\u00f3n]<\/td>\n<\/tr>\n<tr style=\"height: 25.00pt;\">\n<td class=\"et6\" style=\"height: 25.00pt; width: 121.65pt;\" width=\"162\" height=\"33\">fuente<\/td>\n<td class=\"et22\" colspan=\"2\">5 V CC<span class=\"font3\">\u3010<\/span><span class=\"font1\">tipo C<\/span><span class=\"font3\">\u3011<\/span><\/td>\n<\/tr>\n<tr style=\"height: 25.00pt;\">\n<td class=\"et6\" style=\"height: 25.00pt; width: 121.65pt;\" width=\"162\" height=\"33\">peso<\/td>\n<td class=\"et28\" colspan=\"2\">Peso neto: 0,465 kg Peso bruto [con bater\u00eda]: 1,056 kg (Nota: producto real)<\/td>\n<\/tr>\n<\/tbody>\n<\/table>","protected":false},"excerpt":{"rendered":"<p>C\u00e1mara domo con bater\u00eda y energ\u00eda solar para exteriores:<br \/>\n* C\u00e1mara PTZ para exteriores IP66, bajo consumo de energ\u00eda<br \/>\n* Bater\u00eda recargable incorporada de 7800 mA, m\u00e1ximo 180 d\u00edas<br \/>\n* Panel solar recargable de 3,7 W con 3 m (10 pies) de longitud<br \/>\n* LED: 4 piezas de infrarrojos + 4 piezas de LED de luz blanca, Distancia IR: 20 m<br \/>\n* PTZ: giro de 355\u00b0, inclinaci\u00f3n de 90\u00b0<br \/>\n* Sensor PIR: 10 metros (32 pies) Rango de detecci\u00f3n de 100 grados<br \/>\n* Punto de acceso de la aplicaci\u00f3n: Soporte, Permitir acceso sin Internet<br \/>\n* Admite WiFi (2,4 GHz), servicio en la nube P2P gratuito, env\u00eda la alarma al m\u00f3vil a trav\u00e9s de la aplicaci\u00f3n<br \/>\n* Admite audio bidireccional en tiempo real y detecci\u00f3n de movimiento con IA<br \/>\n* Tiempo de trabajo: aproximadamente 3 meses en base a 10 eventos activados por d\u00eda<br \/>\n* Soporte para Amazon Alex\/Echo Show<br \/>\n* Admite visualizaci\u00f3n remota mediante tel\u00e9fono inteligente (IOS, Android) en cualquier lugar<br \/>\n* Admite almacenamiento en la nube y almacenamiento m\u00e1ximo en tarjeta TF de 128 Gb (excluido)<\/p>","protected":false},"featured_media":1353,"template":"","meta":[],"product_brand":[],"product_cat":[1111,1110],"product_tag":[97,99,98],"class_list":{"0":"post-1352","1":"product","2":"type-product","3":"status-publish","4":"has-post-thumbnail","6":"product_cat-4g-solar-camera","7":"product_cat-wifi-solar-camera","8":"product_tag-camera-solar-4g","9":"product_tag-outdoor-4g-solar-camera","10":"product_tag-solar-powered-camera-with-wifi","12":"first","13":"instock","14":"shipping-taxable","15":"product-type-simple"},"acf":[],"yoast_head":"<!-- This site is optimized with the Yoast SEO Premium plugin v20.2.1 (Yoast SEO v26.1.1) - https:\/\/yoast.com\/wordpress\/plugins\/seo\/ -->\n<title>Wholesale Cheap Outdoor 4G Solar Powered Camera with WiFi Motion Sensor SD Card WIFI CCTV PTZ Solar Camera - Bokysee Technology Co.,LTD<\/title>\n<meta name=\"description\" content=\"Wholesale Cheap Outdoor 4G Solar Powered Camera WiFi Motion Sensor SD Card IP66 Waterproof Surveillance WIFI CCTV PTZ Solar Camera\" \/>\n<meta name=\"robots\" content=\"index, follow, max-snippet:-1, max-image-preview:large, max-video-preview:-1\" \/>\n<link rel=\"canonical\" href=\"https:\/\/bokysee.com\/es\/products\/wholesale-cheap-outdoor-4g-solar-powered-camera-with-wifi-motion-sensor-sd-card-wifi-cctv-ptz-solar-camera\/\" \/>\n<meta property=\"og:locale\" content=\"es_ES\" \/>\n<meta property=\"og:type\" content=\"article\" \/>\n<meta property=\"og:title\" content=\"Wholesale Cheap Outdoor 4G Solar Powered Camera with WiFi Motion Sensor SD Card WIFI CCTV PTZ Solar Camera\" \/>\n<meta property=\"og:description\" content=\"Wholesale Cheap Outdoor 4G Solar Powered Camera WiFi Motion Sensor SD Card IP66 Waterproof Surveillance WIFI CCTV PTZ Solar Camera\" \/>\n<meta property=\"og:url\" content=\"https:\/\/bokysee.com\/es\/products\/wholesale-cheap-outdoor-4g-solar-powered-camera-with-wifi-motion-sensor-sd-card-wifi-cctv-ptz-solar-camera\/\" \/>\n<meta property=\"og:site_name\" content=\"Bokysee Technology Co.,LTD\" \/>\n<meta property=\"article:modified_time\" content=\"2024-09-09T07:44:30+00:00\" \/>\n<meta property=\"og:image\" content=\"https:\/\/bokysee.com\/wp-content\/uploads\/2023\/04\/BK-LXS05P-1.jpg\" \/>\n\t<meta property=\"og:image:width\" content=\"800\" \/>\n\t<meta property=\"og:image:height\" content=\"800\" \/>\n\t<meta property=\"og:image:type\" content=\"image\/jpeg\" \/>\n<meta name=\"twitter:card\" content=\"summary_large_image\" \/>\n<meta name=\"twitter:label1\" content=\"Tiempo de lectura\" \/>\n\t<meta name=\"twitter:data1\" content=\"2 minutos\" \/>\n<script type=\"application\/ld+json\" class=\"yoast-schema-graph\">{\"@context\":\"https:\/\/schema.org\",\"@graph\":[{\"@type\":\"WebPage\",\"@id\":\"https:\/\/bokysee.com\/products\/wholesale-cheap-outdoor-4g-solar-powered-camera-with-wifi-motion-sensor-sd-card-wifi-cctv-ptz-solar-camera\/\",\"url\":\"https:\/\/bokysee.com\/products\/wholesale-cheap-outdoor-4g-solar-powered-camera-with-wifi-motion-sensor-sd-card-wifi-cctv-ptz-solar-camera\/\",\"name\":\"Wholesale Cheap Outdoor 4G Solar Powered Camera with WiFi Motion Sensor SD Card WIFI CCTV PTZ Solar Camera - Bokysee Technology Co.,LTD\",\"isPartOf\":{\"@id\":\"https:\/\/bokysee.com\/#website\"},\"primaryImageOfPage\":{\"@id\":\"https:\/\/bokysee.com\/products\/wholesale-cheap-outdoor-4g-solar-powered-camera-with-wifi-motion-sensor-sd-card-wifi-cctv-ptz-solar-camera\/#primaryimage\"},\"image\":{\"@id\":\"https:\/\/bokysee.com\/products\/wholesale-cheap-outdoor-4g-solar-powered-camera-with-wifi-motion-sensor-sd-card-wifi-cctv-ptz-solar-camera\/#primaryimage\"},\"thumbnailUrl\":\"https:\/\/bokysee.com\/wp-content\/uploads\/2023\/04\/BK-LXS05P-1.jpg\",\"datePublished\":\"2023-04-14T07:12:28+00:00\",\"dateModified\":\"2024-09-09T07:44:30+00:00\",\"description\":\"Wholesale Cheap Outdoor 4G Solar Powered Camera WiFi Motion Sensor SD Card IP66 Waterproof Surveillance WIFI CCTV PTZ Solar Camera\",\"breadcrumb\":{\"@id\":\"https:\/\/bokysee.com\/products\/wholesale-cheap-outdoor-4g-solar-powered-camera-with-wifi-motion-sensor-sd-card-wifi-cctv-ptz-solar-camera\/#breadcrumb\"},\"inLanguage\":\"es\",\"potentialAction\":[{\"@type\":\"ReadAction\",\"target\":[\"https:\/\/bokysee.com\/products\/wholesale-cheap-outdoor-4g-solar-powered-camera-with-wifi-motion-sensor-sd-card-wifi-cctv-ptz-solar-camera\/\"]}]},{\"@type\":\"ImageObject\",\"inLanguage\":\"es\",\"@id\":\"https:\/\/bokysee.com\/products\/wholesale-cheap-outdoor-4g-solar-powered-camera-with-wifi-motion-sensor-sd-card-wifi-cctv-ptz-solar-camera\/#primaryimage\",\"url\":\"https:\/\/bokysee.com\/wp-content\/uploads\/2023\/04\/BK-LXS05P-1.jpg\",\"contentUrl\":\"https:\/\/bokysee.com\/wp-content\/uploads\/2023\/04\/BK-LXS05P-1.jpg\",\"width\":800,\"height\":800,\"caption\":\"camera solar 4g\"},{\"@type\":\"BreadcrumbList\",\"@id\":\"https:\/\/bokysee.com\/products\/wholesale-cheap-outdoor-4g-solar-powered-camera-with-wifi-motion-sensor-sd-card-wifi-cctv-ptz-solar-camera\/#breadcrumb\",\"itemListElement\":[{\"@type\":\"ListItem\",\"position\":1,\"name\":\"Home\",\"item\":\"https:\/\/bokysee.com\/\"},{\"@type\":\"ListItem\",\"position\":2,\"name\":\"Products\",\"item\":\"https:\/\/bokysee.com\/products\/\"},{\"@type\":\"ListItem\",\"position\":3,\"name\":\"Wholesale Cheap Outdoor 4G Solar Powered Camera with WiFi Motion Sensor SD Card WIFI CCTV PTZ Solar Camera\"}]},{\"@type\":\"WebSite\",\"@id\":\"https:\/\/bokysee.com\/#website\",\"url\":\"https:\/\/bokysee.com\/\",\"name\":\"Bokysee Technology Co.,LTD\",\"description\":\"Professional Smart Indoor and Outdoor Security Cameras Solution Supplier\",\"potentialAction\":[{\"@type\":\"SearchAction\",\"target\":{\"@type\":\"EntryPoint\",\"urlTemplate\":\"https:\/\/bokysee.com\/?s={search_term_string}\"},\"query-input\":{\"@type\":\"PropertyValueSpecification\",\"valueRequired\":true,\"valueName\":\"search_term_string\"}}],\"inLanguage\":\"es\"}]}<\/script>\n<!-- \/ Yoast SEO Premium plugin. -->","yoast_head_json":{"title":"Wholesale Cheap Outdoor 4G Solar Powered Camera with WiFi Motion Sensor SD Card WIFI CCTV PTZ Solar Camera - Bokysee Technology Co.,LTD","description":"Wholesale Cheap Outdoor 4G Solar Powered Camera WiFi Motion Sensor SD Card IP66 Waterproof Surveillance WIFI CCTV PTZ Solar Camera","robots":{"index":"index","follow":"follow","max-snippet":"max-snippet:-1","max-image-preview":"max-image-preview:large","max-video-preview":"max-video-preview:-1"},"canonical":"https:\/\/bokysee.com\/es\/products\/wholesale-cheap-outdoor-4g-solar-powered-camera-with-wifi-motion-sensor-sd-card-wifi-cctv-ptz-solar-camera\/","og_locale":"es_ES","og_type":"article","og_title":"Wholesale Cheap Outdoor 4G Solar Powered Camera with WiFi Motion Sensor SD Card WIFI CCTV PTZ Solar Camera","og_description":"Wholesale Cheap Outdoor 4G Solar Powered Camera WiFi Motion Sensor SD Card IP66 Waterproof Surveillance WIFI CCTV PTZ Solar Camera","og_url":"https:\/\/bokysee.com\/es\/products\/wholesale-cheap-outdoor-4g-solar-powered-camera-with-wifi-motion-sensor-sd-card-wifi-cctv-ptz-solar-camera\/","og_site_name":"Bokysee Technology Co.,LTD","article_modified_time":"2024-09-09T07:44:30+00:00","og_image":[{"width":800,"height":800,"url":"https:\/\/bokysee.com\/wp-content\/uploads\/2023\/04\/BK-LXS05P-1.jpg","type":"image\/jpeg"}],"twitter_card":"summary_large_image","twitter_misc":{"Tiempo de lectura":"2 minutos"},"schema":{"@context":"https:\/\/schema.org","@graph":[{"@type":"WebPage","@id":"https:\/\/bokysee.com\/products\/wholesale-cheap-outdoor-4g-solar-powered-camera-with-wifi-motion-sensor-sd-card-wifi-cctv-ptz-solar-camera\/","url":"https:\/\/bokysee.com\/products\/wholesale-cheap-outdoor-4g-solar-powered-camera-with-wifi-motion-sensor-sd-card-wifi-cctv-ptz-solar-camera\/","name":"Wholesale Cheap Outdoor 4G Solar Powered Camera with WiFi Motion Sensor SD Card WIFI CCTV PTZ Solar Camera - Bokysee Technology Co.,LTD","isPartOf":{"@id":"https:\/\/bokysee.com\/#website"},"primaryImageOfPage":{"@id":"https:\/\/bokysee.com\/products\/wholesale-cheap-outdoor-4g-solar-powered-camera-with-wifi-motion-sensor-sd-card-wifi-cctv-ptz-solar-camera\/#primaryimage"},"image":{"@id":"https:\/\/bokysee.com\/products\/wholesale-cheap-outdoor-4g-solar-powered-camera-with-wifi-motion-sensor-sd-card-wifi-cctv-ptz-solar-camera\/#primaryimage"},"thumbnailUrl":"https:\/\/bokysee.com\/wp-content\/uploads\/2023\/04\/BK-LXS05P-1.jpg","datePublished":"2023-04-14T07:12:28+00:00","dateModified":"2024-09-09T07:44:30+00:00","description":"Wholesale Cheap Outdoor 4G Solar Powered Camera WiFi Motion Sensor SD Card IP66 Waterproof Surveillance WIFI CCTV PTZ Solar Camera","breadcrumb":{"@id":"https:\/\/bokysee.com\/products\/wholesale-cheap-outdoor-4g-solar-powered-camera-with-wifi-motion-sensor-sd-card-wifi-cctv-ptz-solar-camera\/#breadcrumb"},"inLanguage":"es","potentialAction":[{"@type":"ReadAction","target":["https:\/\/bokysee.com\/products\/wholesale-cheap-outdoor-4g-solar-powered-camera-with-wifi-motion-sensor-sd-card-wifi-cctv-ptz-solar-camera\/"]}]},{"@type":"ImageObject","inLanguage":"es","@id":"https:\/\/bokysee.com\/products\/wholesale-cheap-outdoor-4g-solar-powered-camera-with-wifi-motion-sensor-sd-card-wifi-cctv-ptz-solar-camera\/#primaryimage","url":"https:\/\/bokysee.com\/wp-content\/uploads\/2023\/04\/BK-LXS05P-1.jpg","contentUrl":"https:\/\/bokysee.com\/wp-content\/uploads\/2023\/04\/BK-LXS05P-1.jpg","width":800,"height":800,"caption":"camera solar 4g"},{"@type":"BreadcrumbList","@id":"https:\/\/bokysee.com\/products\/wholesale-cheap-outdoor-4g-solar-powered-camera-with-wifi-motion-sensor-sd-card-wifi-cctv-ptz-solar-camera\/#breadcrumb","itemListElement":[{"@type":"ListItem","position":1,"name":"Home","item":"https:\/\/bokysee.com\/"},{"@type":"ListItem","position":2,"name":"Products","item":"https:\/\/bokysee.com\/products\/"},{"@type":"ListItem","position":3,"name":"Wholesale Cheap Outdoor 4G Solar Powered Camera with WiFi Motion Sensor SD Card WIFI CCTV PTZ Solar Camera"}]},{"@type":"WebSite","@id":"https:\/\/bokysee.com\/#website","url":"https:\/\/bokysee.com\/","name":"Bokysee Technology Co.,LTD","description":"Professional Smart Indoor and Outdoor Security Cameras Solution Supplier","potentialAction":[{"@type":"SearchAction","target":{"@type":"EntryPoint","urlTemplate":"https:\/\/bokysee.com\/?s={search_term_string}"},"query-input":{"@type":"PropertyValueSpecification","valueRequired":true,"valueName":"search_term_string"}}],"inLanguage":"es"}]}},"_links":{"self":[{"href":"https:\/\/bokysee.com\/es\/wp-json\/wp\/v2\/product\/1352","targetHints":{"allow":["GET"]}}],"collection":[{"href":"https:\/\/bokysee.com\/es\/wp-json\/wp\/v2\/product"}],"about":[{"href":"https:\/\/bokysee.com\/es\/wp-json\/wp\/v2\/types\/product"}],"version-history":[{"count":0,"href":"https:\/\/bokysee.com\/es\/wp-json\/wp\/v2\/product\/1352\/revisions"}],"wp:featuredmedia":[{"embeddable":true,"href":"https:\/\/bokysee.com\/es\/wp-json\/wp\/v2\/media\/1353"}],"wp:attachment":[{"href":"https:\/\/bokysee.com\/es\/wp-json\/wp\/v2\/media?parent=1352"}],"wp:term":[{"taxonomy":"product_brand","embeddable":true,"href":"https:\/\/bokysee.com\/es\/wp-json\/wp\/v2\/product_brand?post=1352"},{"taxonomy":"product_cat","embeddable":true,"href":"https:\/\/bokysee.com\/es\/wp-json\/wp\/v2\/product_cat?post=1352"},{"taxonomy":"product_tag","embeddable":true,"href":"https:\/\/bokysee.com\/es\/wp-json\/wp\/v2\/product_tag?post=1352"}],"curies":[{"name":"wp","href":"https:\/\/api.w.org\/{rel}","templated":true}]}}