{"id":1349,"date":"2023-04-14T07:02:50","date_gmt":"2023-04-14T07:02:50","guid":{"rendered":"https:\/\/bokysee.com\/?post_type=product&#038;p=1349"},"modified":"2024-09-09T15:42:53","modified_gmt":"2024-09-09T07:42:53","slug":"outdoor-ip66-solar-powered-battery-wifi-4g-ptz-camera-with-solar-panel-low-power-consumption","status":"publish","type":"product","link":"https:\/\/bokysee.com\/es\/products\/outdoor-ip66-solar-powered-battery-wifi-4g-ptz-camera-with-solar-panel-low-power-consumption\/","title":{"rendered":"C\u00e1mara PTZ WiFi 4G para exteriores con panel solar, IP66, bater\u00eda y bajo consumo"},"content":{"rendered":"<p><strong>C\u00e1mara PTZ WiFi 4G para exteriores con panel solar, IP66, bater\u00eda y bajo consumo de energ\u00eda.<\/strong><\/p>\n<p>* C\u00e1mara exterior de ajuste universal con panel solar de 3,7 W y bater\u00eda de gran capacidad incorporada.<br \/>\n* Modo de espera de consumo ultrabaja, activaci\u00f3n r\u00e1pida<br \/>\n* C\u00e1mara CCTV con detecci\u00f3n de alarma dual por sensor PIR + radar<br \/>\n* ISP de alto rendimiento y sensor progresivo de 1\/2,7\u2033, luz negra a todo color<br \/>\n* Micr\u00f3fono y altavoz incorporados, admite audio bidireccional.<br \/>\n* Admite almacenamiento en la nube, almacenamiento local y almacenamiento en tarjeta SD.<br \/>\n* Soporte de aplicaciones Android\/IOS \u2013 iCsee\/Xmeye<br \/>\n* C\u00e1mara de vigilancia impermeable IP65<br \/>\n* Admite instalaci\u00f3n todo en uno e instalaci\u00f3n separada de c\u00e1mara de seguridad PTZ<br \/>\n* Potencia del panel solar de 3,7 W<\/p>\n<table width=\"846\">\n<tbody>\n<tr>\n<td width=\"132\">Modelo<\/td>\n<td colspan=\"2\" width=\"714\">BK-LXS03P4MW<\/td>\n<\/tr>\n<tr>\n<td width=\"132\">control maestro<\/td>\n<td colspan=\"2\">DSP de 32 bits de doble n\u00facleo (GK7202V200)<\/td>\n<\/tr>\n<tr>\n<td width=\"132\">sensor<\/td>\n<td colspan=\"2\">Sensor CMOS de baja iluminaci\u00f3n y alto rendimiento<\/td>\n<\/tr>\n<tr>\n<td width=\"132\">Iluminaci\u00f3n m\u00ednima<\/td>\n<td colspan=\"2\" width=\"714\">Color: 0,01 Lux a (F1.2, AGC activado); 0 Lux con IR;<br \/>\nBlanco y negro: 0,001 Lux a (F1.2, AGC activado), 0 Lux con IR<\/td>\n<\/tr>\n<tr>\n<td width=\"132\">obturador<\/td>\n<td colspan=\"2\">1\/50 (1\/60) de segundo a 1\/10000 de segundo<\/td>\n<\/tr>\n<tr>\n<td width=\"132\">distancia focal<\/td>\n<td colspan=\"2\">F1.4*3.6MM<\/td>\n<\/tr>\n<tr>\n<td width=\"132\">reducci\u00f3n de ruido<\/td>\n<td colspan=\"2\">Admite reducci\u00f3n de ruido 2D\/3D<\/td>\n<\/tr>\n<tr>\n<td width=\"132\">Formato de v\u00eddeo<\/td>\n<td colspan=\"2\">H.265AI<\/td>\n<\/tr>\n<tr>\n<td width=\"132\">poder de resoluci\u00f3n<\/td>\n<td colspan=\"2\">Flujo de c\u00f3digo principal: 2560 * 1440; Flujo secundario: 800 * 448<\/td>\n<\/tr>\n<tr>\n<td width=\"132\">Velocidad de cuadros<\/td>\n<td colspan=\"2\">12 fps<\/td>\n<\/tr>\n<tr>\n<td width=\"132\">Detecci\u00f3n PIR<\/td>\n<td colspan=\"2\">Admite detecci\u00f3n humana PIR<\/td>\n<\/tr>\n<tr>\n<td width=\"132\">modo de suspensi\u00f3n<\/td>\n<td colspan=\"2\">sostener<\/td>\n<\/tr>\n<tr>\n<td width=\"132\">fuente de luz<\/td>\n<td colspan=\"2\">2 piezas de LED infrarrojos + 4 piezas de LED de luz blanca<\/td>\n<\/tr>\n<tr>\n<td width=\"132\">Modo claro<\/td>\n<td colspan=\"2\">Visi\u00f3n nocturna infrarroja\/a todo color Starlight<\/td>\n<\/tr>\n<tr>\n<td width=\"132\">Voz bidireccional<\/td>\n<td colspan=\"2\">sostener<\/td>\n<\/tr>\n<tr>\n<td width=\"132\">almacenamiento en la nube<\/td>\n<td colspan=\"2\">sostener<\/td>\n<\/tr>\n<tr>\n<td width=\"132\">Acuerdo de soporte<\/td>\n<td colspan=\"2\" width=\"714\">Admite el protocolo NETIP<\/td>\n<\/tr>\n<tr>\n<td width=\"132\">interfaz de red<\/td>\n<td colspan=\"2\">No lo apoyar\u00e9<\/td>\n<\/tr>\n<tr>\n<td width=\"132\">Interfaz de almacenamiento<\/td>\n<td colspan=\"2\">Tarjeta TF local (hasta 256G)<\/td>\n<\/tr>\n<tr>\n<td width=\"132\">Interfaz de tecla de reinicio<\/td>\n<td colspan=\"2\">Admite recuperaci\u00f3n con un solo clic<\/td>\n<\/tr>\n<tr>\n<td width=\"132\">Est\u00e1ndar inal\u00e1mbrico<\/td>\n<td colspan=\"2\">IEEE802.11b, 802.11g, 802.11n<\/td>\n<\/tr>\n<tr>\n<td width=\"132\">rango de frecuencia<\/td>\n<td colspan=\"2\">2,4 GHz ~ 2,4835 GHz<\/td>\n<\/tr>\n<tr>\n<td width=\"132\">Capacidad de la bater\u00eda<\/td>\n<td colspan=\"2\">7800 mA<\/td>\n<\/tr>\n<tr>\n<td width=\"132\">Tama\u00f1o del producto<\/td>\n<td colspan=\"2\"><\/td>\n<\/tr>\n<tr>\n<td width=\"132\">Tama\u00f1o de la caja de color<\/td>\n<td colspan=\"2\">270*200*180 mm<\/td>\n<\/tr>\n<tr>\n<td width=\"132\">temperatura<\/td>\n<td colspan=\"2\">Cero 10 \u00b0 C - 60 \u00b0 C, humedad inferior a 90% [sin condensaci\u00f3n]<\/td>\n<\/tr>\n<tr>\n<td width=\"132\">fuente<\/td>\n<td colspan=\"2\">DC 5 V\u3010tipo C\u3011<\/td>\n<\/tr>\n<tr>\n<td width=\"132\">peso<\/td>\n<td colspan=\"2\">\u00a0Peso bruto [con bater\u00eda]: 1,65 kg (Nota: producto real)<\/td>\n<\/tr>\n<\/tbody>\n<\/table>","protected":false},"excerpt":{"rendered":"<p>C\u00e1mara PTZ de bater\u00eda con energ\u00eda solar para exteriores:<br \/>\n* C\u00e1mara PTZ para exteriores IP66, bajo consumo de energ\u00eda;<br \/>\n* Bater\u00eda recargable incorporada de 7800 mA, m\u00e1ximo 180 d\u00edas;<br \/>\n* Panel solar recargable de 3,7 W con 3 m (10 pies) de longitud<br \/>\n* LED: 2 piezas de infrarrojos + 4 piezas de LED de luz blanca, distancia IR: 20 m<br \/>\n* PTZ: giro de 355\u00b0, inclinaci\u00f3n de 90\u00b0<br \/>\n* Sensor PIR: 10 metros (32 pies) Rango de detecci\u00f3n de 100 grados<br \/>\n* Punto de acceso de la aplicaci\u00f3n: Soporte, Permitir acceso sin Internet<br \/>\n* Admite WiFi (2,4 GHz), servicio en la nube P2P gratuito, env\u00eda la alarma al m\u00f3vil a trav\u00e9s de la aplicaci\u00f3n<br \/>\n* Admite audio bidireccional en tiempo real y detecci\u00f3n de movimiento con IA<br \/>\n* Tiempo de trabajo: aproximadamente 3 meses en base a 10 eventos activados por d\u00eda<br \/>\n* Soporte para Amazon Alex\/Echo Show<br \/>\n* Admite visualizaci\u00f3n remota mediante tel\u00e9fono inteligente (IOS, Android) en cualquier lugar<br \/>\n* Admite almacenamiento en la nube y almacenamiento m\u00e1ximo en tarjeta TF de 128 Gb (excluido)<\/p>","protected":false},"featured_media":1350,"template":"","meta":[],"product_brand":[],"product_cat":[1111,1110],"product_tag":[94,96,95],"class_list":{"0":"post-1349","1":"product","2":"type-product","3":"status-publish","4":"has-post-thumbnail","6":"product_cat-4g-solar-camera","7":"product_cat-wifi-solar-camera","8":"product_tag-outdoor-camera-with-solar-panel","9":"product_tag-outdoor-solar-wifi-camera","10":"product_tag-solar-4g-camera","12":"first","13":"instock","14":"shipping-taxable","15":"product-type-simple"},"acf":[],"yoast_head":"<!-- This site is optimized with the Yoast SEO Premium plugin v20.2.1 (Yoast SEO v26.1.1) - https:\/\/yoast.com\/wordpress\/plugins\/seo\/ -->\n<title>Outdoor IP66 Solar Powered Battery WiFi 4G PTZ Camera with Solar Panel Low Power Consumption - Bokysee Technology Co.,LTD<\/title>\n<meta name=\"description\" content=\"Solar Camera Outdoor IP66 Rechargebale Battery PIR Human Detection WiFi 4G PTZ IP Camera with Solar Panel Low Power Consumption iCsee APP\" \/>\n<meta name=\"robots\" content=\"index, follow, max-snippet:-1, max-image-preview:large, max-video-preview:-1\" \/>\n<link rel=\"canonical\" href=\"https:\/\/bokysee.com\/es\/products\/outdoor-ip66-solar-powered-battery-wifi-4g-ptz-camera-with-solar-panel-low-power-consumption\/\" \/>\n<meta property=\"og:locale\" content=\"es_ES\" \/>\n<meta property=\"og:type\" content=\"article\" \/>\n<meta property=\"og:title\" content=\"Outdoor IP66 Solar Powered Battery WiFi 4G PTZ Camera with Solar Panel Low Power Consumption\" \/>\n<meta property=\"og:description\" content=\"Solar Camera Outdoor IP66 Rechargebale Battery PIR Human Detection WiFi 4G PTZ IP Camera with Solar Panel Low Power Consumption iCsee APP\" \/>\n<meta property=\"og:url\" content=\"https:\/\/bokysee.com\/es\/products\/outdoor-ip66-solar-powered-battery-wifi-4g-ptz-camera-with-solar-panel-low-power-consumption\/\" \/>\n<meta property=\"og:site_name\" content=\"Bokysee Technology Co.,LTD\" \/>\n<meta property=\"article:modified_time\" content=\"2024-09-09T07:42:53+00:00\" \/>\n<meta property=\"og:image\" content=\"https:\/\/bokysee.com\/wp-content\/uploads\/2023\/04\/BK-LXS03P-1.jpg\" \/>\n\t<meta property=\"og:image:width\" content=\"800\" \/>\n\t<meta property=\"og:image:height\" content=\"800\" \/>\n\t<meta property=\"og:image:type\" content=\"image\/jpeg\" \/>\n<meta name=\"twitter:card\" content=\"summary_large_image\" \/>\n<meta name=\"twitter:label1\" content=\"Tiempo de lectura\" \/>\n\t<meta name=\"twitter:data1\" content=\"2 minutos\" \/>\n<script type=\"application\/ld+json\" class=\"yoast-schema-graph\">{\"@context\":\"https:\/\/schema.org\",\"@graph\":[{\"@type\":\"WebPage\",\"@id\":\"https:\/\/bokysee.com\/products\/outdoor-ip66-solar-powered-battery-wifi-4g-ptz-camera-with-solar-panel-low-power-consumption\/\",\"url\":\"https:\/\/bokysee.com\/products\/outdoor-ip66-solar-powered-battery-wifi-4g-ptz-camera-with-solar-panel-low-power-consumption\/\",\"name\":\"Outdoor IP66 Solar Powered Battery WiFi 4G PTZ Camera with Solar Panel Low Power Consumption - Bokysee Technology Co.,LTD\",\"isPartOf\":{\"@id\":\"https:\/\/bokysee.com\/#website\"},\"primaryImageOfPage\":{\"@id\":\"https:\/\/bokysee.com\/products\/outdoor-ip66-solar-powered-battery-wifi-4g-ptz-camera-with-solar-panel-low-power-consumption\/#primaryimage\"},\"image\":{\"@id\":\"https:\/\/bokysee.com\/products\/outdoor-ip66-solar-powered-battery-wifi-4g-ptz-camera-with-solar-panel-low-power-consumption\/#primaryimage\"},\"thumbnailUrl\":\"https:\/\/bokysee.com\/wp-content\/uploads\/2023\/04\/BK-LXS03P-1.jpg\",\"datePublished\":\"2023-04-14T07:02:50+00:00\",\"dateModified\":\"2024-09-09T07:42:53+00:00\",\"description\":\"Solar Camera Outdoor IP66 Rechargebale Battery PIR Human Detection WiFi 4G PTZ IP Camera with Solar Panel Low Power Consumption iCsee APP\",\"breadcrumb\":{\"@id\":\"https:\/\/bokysee.com\/products\/outdoor-ip66-solar-powered-battery-wifi-4g-ptz-camera-with-solar-panel-low-power-consumption\/#breadcrumb\"},\"inLanguage\":\"es\",\"potentialAction\":[{\"@type\":\"ReadAction\",\"target\":[\"https:\/\/bokysee.com\/products\/outdoor-ip66-solar-powered-battery-wifi-4g-ptz-camera-with-solar-panel-low-power-consumption\/\"]}]},{\"@type\":\"ImageObject\",\"inLanguage\":\"es\",\"@id\":\"https:\/\/bokysee.com\/products\/outdoor-ip66-solar-powered-battery-wifi-4g-ptz-camera-with-solar-panel-low-power-consumption\/#primaryimage\",\"url\":\"https:\/\/bokysee.com\/wp-content\/uploads\/2023\/04\/BK-LXS03P-1.jpg\",\"contentUrl\":\"https:\/\/bokysee.com\/wp-content\/uploads\/2023\/04\/BK-LXS03P-1.jpg\",\"width\":800,\"height\":800,\"caption\":\"solar 4g camera\"},{\"@type\":\"BreadcrumbList\",\"@id\":\"https:\/\/bokysee.com\/products\/outdoor-ip66-solar-powered-battery-wifi-4g-ptz-camera-with-solar-panel-low-power-consumption\/#breadcrumb\",\"itemListElement\":[{\"@type\":\"ListItem\",\"position\":1,\"name\":\"Home\",\"item\":\"https:\/\/bokysee.com\/\"},{\"@type\":\"ListItem\",\"position\":2,\"name\":\"Products\",\"item\":\"https:\/\/bokysee.com\/products\/\"},{\"@type\":\"ListItem\",\"position\":3,\"name\":\"Outdoor IP66 Solar Powered Battery WiFi 4G PTZ Camera with Solar Panel Low Power Consumption\"}]},{\"@type\":\"WebSite\",\"@id\":\"https:\/\/bokysee.com\/#website\",\"url\":\"https:\/\/bokysee.com\/\",\"name\":\"Bokysee Technology Co.,LTD\",\"description\":\"Professional Smart Indoor and Outdoor Security Cameras Solution Supplier\",\"potentialAction\":[{\"@type\":\"SearchAction\",\"target\":{\"@type\":\"EntryPoint\",\"urlTemplate\":\"https:\/\/bokysee.com\/?s={search_term_string}\"},\"query-input\":{\"@type\":\"PropertyValueSpecification\",\"valueRequired\":true,\"valueName\":\"search_term_string\"}}],\"inLanguage\":\"es\"}]}<\/script>\n<!-- \/ Yoast SEO Premium plugin. -->","yoast_head_json":{"title":"Outdoor IP66 Solar Powered Battery WiFi 4G PTZ Camera with Solar Panel Low Power Consumption - Bokysee Technology Co.,LTD","description":"Solar Camera Outdoor IP66 Rechargebale Battery PIR Human Detection WiFi 4G PTZ IP Camera with Solar Panel Low Power Consumption iCsee APP","robots":{"index":"index","follow":"follow","max-snippet":"max-snippet:-1","max-image-preview":"max-image-preview:large","max-video-preview":"max-video-preview:-1"},"canonical":"https:\/\/bokysee.com\/es\/products\/outdoor-ip66-solar-powered-battery-wifi-4g-ptz-camera-with-solar-panel-low-power-consumption\/","og_locale":"es_ES","og_type":"article","og_title":"Outdoor IP66 Solar Powered Battery WiFi 4G PTZ Camera with Solar Panel Low Power Consumption","og_description":"Solar Camera Outdoor IP66 Rechargebale Battery PIR Human Detection WiFi 4G PTZ IP Camera with Solar Panel Low Power Consumption iCsee APP","og_url":"https:\/\/bokysee.com\/es\/products\/outdoor-ip66-solar-powered-battery-wifi-4g-ptz-camera-with-solar-panel-low-power-consumption\/","og_site_name":"Bokysee Technology Co.,LTD","article_modified_time":"2024-09-09T07:42:53+00:00","og_image":[{"width":800,"height":800,"url":"https:\/\/bokysee.com\/wp-content\/uploads\/2023\/04\/BK-LXS03P-1.jpg","type":"image\/jpeg"}],"twitter_card":"summary_large_image","twitter_misc":{"Tiempo de lectura":"2 minutos"},"schema":{"@context":"https:\/\/schema.org","@graph":[{"@type":"WebPage","@id":"https:\/\/bokysee.com\/products\/outdoor-ip66-solar-powered-battery-wifi-4g-ptz-camera-with-solar-panel-low-power-consumption\/","url":"https:\/\/bokysee.com\/products\/outdoor-ip66-solar-powered-battery-wifi-4g-ptz-camera-with-solar-panel-low-power-consumption\/","name":"Outdoor IP66 Solar Powered Battery WiFi 4G PTZ Camera with Solar Panel Low Power Consumption - Bokysee Technology Co.,LTD","isPartOf":{"@id":"https:\/\/bokysee.com\/#website"},"primaryImageOfPage":{"@id":"https:\/\/bokysee.com\/products\/outdoor-ip66-solar-powered-battery-wifi-4g-ptz-camera-with-solar-panel-low-power-consumption\/#primaryimage"},"image":{"@id":"https:\/\/bokysee.com\/products\/outdoor-ip66-solar-powered-battery-wifi-4g-ptz-camera-with-solar-panel-low-power-consumption\/#primaryimage"},"thumbnailUrl":"https:\/\/bokysee.com\/wp-content\/uploads\/2023\/04\/BK-LXS03P-1.jpg","datePublished":"2023-04-14T07:02:50+00:00","dateModified":"2024-09-09T07:42:53+00:00","description":"Solar Camera Outdoor IP66 Rechargebale Battery PIR Human Detection WiFi 4G PTZ IP Camera with Solar Panel Low Power Consumption iCsee APP","breadcrumb":{"@id":"https:\/\/bokysee.com\/products\/outdoor-ip66-solar-powered-battery-wifi-4g-ptz-camera-with-solar-panel-low-power-consumption\/#breadcrumb"},"inLanguage":"es","potentialAction":[{"@type":"ReadAction","target":["https:\/\/bokysee.com\/products\/outdoor-ip66-solar-powered-battery-wifi-4g-ptz-camera-with-solar-panel-low-power-consumption\/"]}]},{"@type":"ImageObject","inLanguage":"es","@id":"https:\/\/bokysee.com\/products\/outdoor-ip66-solar-powered-battery-wifi-4g-ptz-camera-with-solar-panel-low-power-consumption\/#primaryimage","url":"https:\/\/bokysee.com\/wp-content\/uploads\/2023\/04\/BK-LXS03P-1.jpg","contentUrl":"https:\/\/bokysee.com\/wp-content\/uploads\/2023\/04\/BK-LXS03P-1.jpg","width":800,"height":800,"caption":"solar 4g camera"},{"@type":"BreadcrumbList","@id":"https:\/\/bokysee.com\/products\/outdoor-ip66-solar-powered-battery-wifi-4g-ptz-camera-with-solar-panel-low-power-consumption\/#breadcrumb","itemListElement":[{"@type":"ListItem","position":1,"name":"Home","item":"https:\/\/bokysee.com\/"},{"@type":"ListItem","position":2,"name":"Products","item":"https:\/\/bokysee.com\/products\/"},{"@type":"ListItem","position":3,"name":"Outdoor IP66 Solar Powered Battery WiFi 4G PTZ Camera with Solar Panel Low Power Consumption"}]},{"@type":"WebSite","@id":"https:\/\/bokysee.com\/#website","url":"https:\/\/bokysee.com\/","name":"Bokysee Technology Co.,LTD","description":"Professional Smart Indoor and Outdoor Security Cameras Solution Supplier","potentialAction":[{"@type":"SearchAction","target":{"@type":"EntryPoint","urlTemplate":"https:\/\/bokysee.com\/?s={search_term_string}"},"query-input":{"@type":"PropertyValueSpecification","valueRequired":true,"valueName":"search_term_string"}}],"inLanguage":"es"}]}},"_links":{"self":[{"href":"https:\/\/bokysee.com\/es\/wp-json\/wp\/v2\/product\/1349","targetHints":{"allow":["GET"]}}],"collection":[{"href":"https:\/\/bokysee.com\/es\/wp-json\/wp\/v2\/product"}],"about":[{"href":"https:\/\/bokysee.com\/es\/wp-json\/wp\/v2\/types\/product"}],"version-history":[{"count":0,"href":"https:\/\/bokysee.com\/es\/wp-json\/wp\/v2\/product\/1349\/revisions"}],"wp:featuredmedia":[{"embeddable":true,"href":"https:\/\/bokysee.com\/es\/wp-json\/wp\/v2\/media\/1350"}],"wp:attachment":[{"href":"https:\/\/bokysee.com\/es\/wp-json\/wp\/v2\/media?parent=1349"}],"wp:term":[{"taxonomy":"product_brand","embeddable":true,"href":"https:\/\/bokysee.com\/es\/wp-json\/wp\/v2\/product_brand?post=1349"},{"taxonomy":"product_cat","embeddable":true,"href":"https:\/\/bokysee.com\/es\/wp-json\/wp\/v2\/product_cat?post=1349"},{"taxonomy":"product_tag","embeddable":true,"href":"https:\/\/bokysee.com\/es\/wp-json\/wp\/v2\/product_tag?post=1349"}],"curies":[{"name":"wp","href":"https:\/\/api.w.org\/{rel}","templated":true}]}}