{"id":1331,"date":"2023-04-14T06:16:49","date_gmt":"2023-04-14T06:16:49","guid":{"rendered":"https:\/\/bokysee.com\/?post_type=product&#038;p=1331"},"modified":"2024-09-09T15:42:18","modified_gmt":"2024-09-09T07:42:18","slug":"3mp-solar-powered-smart-outdoor-rechargeable-battery-powered-ip-camera-with-wifi-for-home-security-protection-pir-detection","status":"publish","type":"product","link":"https:\/\/bokysee.com\/es\/products\/3mp-solar-powered-smart-outdoor-rechargeable-battery-powered-ip-camera-with-wifi-for-home-security-protection-pir-detection\/","title":{"rendered":"C\u00e1mara IP inteligente para exteriores de 3 MP con energ\u00eda solar, bater\u00eda recargable, WiFi, protecci\u00f3n para el hogar, detecci\u00f3n PIR"},"content":{"rendered":"<p><strong>C\u00e1mara IP inteligente para exteriores de 3 MP con energ\u00eda solar, bater\u00eda recargable, WiFi, protecci\u00f3n para el hogar, detecci\u00f3n PIR<\/strong><\/p>\n<p>* C\u00e1mara de seguridad inal\u00e1mbrica alimentada por bater\u00eda<br \/>\n* Bajo consumo de energ\u00eda, duraci\u00f3n de bater\u00eda de 4 a 6 meses (2 bater\u00edas 18650)<br \/>\n* Calidad de video HD de 3MP, compatible con visi\u00f3n nocturna.<br \/>\n* Sensor de movimiento PIR con \u00e1ngulo de detecci\u00f3n de 120\u00b0, detecci\u00f3n de movimiento precisa<br \/>\n* Admite WiFi 2.4G, servicio en nube P2P gratuito, env\u00eda la alarma al m\u00f3vil a trav\u00e9s de la aplicaci\u00f3n.<br \/>\n* Admite comunicaci\u00f3n de audio bidireccional, admite almacenamiento con tarjeta TF<\/p>\n<table width=\"815\">\n<tbody>\n<tr>\n<td width=\"101\">Modelo NO.<\/td>\n<td colspan=\"2\" width=\"714\">BK-LXS01P3M<\/td>\n<\/tr>\n<tr>\n<td rowspan=\"7\" width=\"101\">Video<\/td>\n<td width=\"211\">Sensor<\/td>\n<td width=\"503\">CMOS Q03 de 1\/2,8\u2033<\/td>\n<\/tr>\n<tr>\n<td width=\"211\">Proveedor de servicios de Internet<\/td>\n<td width=\"503\">XM650<\/td>\n<\/tr>\n<tr>\n<td width=\"211\">Resoluci\u00f3n<\/td>\n<td width=\"503\">3 megap\u00edxeles<\/td>\n<\/tr>\n<tr>\n<td width=\"211\">Velocidad de cuadros<\/td>\n<td width=\"503\">25 fps<\/td>\n<\/tr>\n<tr>\n<td width=\"211\">Resoluci\u00f3n<\/td>\n<td width=\"503\">2048*1536<\/td>\n<\/tr>\n<tr>\n<td width=\"211\">Lente<\/td>\n<td width=\"503\">Gran angular de 100\u00b0<\/td>\n<\/tr>\n<tr>\n<td width=\"211\">Visi\u00f3n nocturna<\/td>\n<td width=\"503\">6 luces LED infrarrojas, alcance IR: 6 m<\/td>\n<\/tr>\n<tr>\n<td rowspan=\"2\" width=\"101\">Audio<\/td>\n<td width=\"211\">Tipo<\/td>\n<td width=\"503\">Audio bidireccional con cancelaci\u00f3n de ruido<\/td>\n<\/tr>\n<tr>\n<td width=\"211\">Hardware<\/td>\n<td width=\"503\">Un micr\u00f3fono y un altavoz<\/td>\n<\/tr>\n<tr>\n<td rowspan=\"2\" width=\"101\">\u00a0\u00a0\u00a0\u00a0\u00a0\u00a0\u00a0\u00a0\u00a0\u00a0\u00a0 Almacenamiento<\/td>\n<td width=\"211\">Nube<\/td>\n<td width=\"503\">Admite almacenamiento en la nube<\/td>\n<\/tr>\n<tr>\n<td width=\"211\">Tarjeta TF<\/td>\n<td width=\"503\">\u00a0\u00a0\u00a0\u00a0\u00a0 Tarjeta TF de 128 GB como m\u00e1ximo<\/td>\n<\/tr>\n<tr>\n<td width=\"101\">Red<\/td>\n<td width=\"211\">Wi-Fi (2,4 GHz)<\/td>\n<td width=\"503\">IEEE 802.11 b\/g\/n<\/td>\n<\/tr>\n<tr>\n<td rowspan=\"4\" width=\"101\">Aplicaci\u00f3n<\/td>\n<td width=\"211\">Descargar<\/td>\n<td width=\"503\">iOS en App Store, Android en Google Play<\/td>\n<\/tr>\n<tr>\n<td width=\"211\">Nombre<\/td>\n<td width=\"503\">ICSEE<\/td>\n<\/tr>\n<tr>\n<td width=\"211\">Activaci\u00f3n del dispositivo<\/td>\n<td width=\"503\">Dentro de 600ms<\/td>\n<\/tr>\n<tr>\n<td width=\"211\">Notificaci\u00f3n<\/td>\n<td width=\"503\">Notificaci\u00f3n push en 1 segundo<\/td>\n<\/tr>\n<tr>\n<td rowspan=\"7\" width=\"101\">Otros<\/td>\n<td width=\"211\">Fuerza<\/td>\n<td width=\"503\">DC5A 1,5A\/Panel solar (opcional)<\/td>\n<\/tr>\n<tr>\n<td width=\"211\">Bater\u00eda<\/td>\n<td width=\"503\">2 \u00d7 Bater\u00eda est\u00e1ndar 18650 de 6000 mA<\/td>\n<\/tr>\n<tr>\n<td rowspan=\"2\">Consumo de energ\u00eda<\/td>\n<td width=\"503\">Modo de espera: 250uA<\/td>\n<\/tr>\n<tr>\n<td width=\"503\">Modo de trabajo: 300 mA<\/td>\n<\/tr>\n<tr>\n<td width=\"211\">Temperatura y humedad<\/td>\n<td width=\"503\">-20 \u00b0C ~ 55 \u00b0C y 10-95% humedad relativa<\/td>\n<\/tr>\n<tr>\n<td width=\"211\">A prueba de la intemperie<\/td>\n<td width=\"503\">IP66<\/td>\n<\/tr>\n<tr>\n<td width=\"211\">Tama\u00f1o<\/td>\n<td width=\"503\">85 \u00d7 85 \u00d7 75 mm (largo \u00d7 ancho \u00d7 alto)<\/td>\n<\/tr>\n<\/tbody>\n<\/table>","protected":false},"excerpt":{"rendered":"<p>* C\u00e1mara exterior HD 3.0MP de bajo consumo de energ\u00eda IP66<br \/>\n* Bater\u00eda recargable incorporada de 6000 mA, duraci\u00f3n de bater\u00eda de 6 meses<br \/>\n* LED: 6 LED infrarrojos, distancia IR: 6 metros<br \/>\n* Admite WiFi, nube P2P gratuita, env\u00eda la alarma al m\u00f3vil a trav\u00e9s de la aplicaci\u00f3n<br \/>\n* Admite audio bidireccional y detecci\u00f3n de movimiento precisa<br \/>\n* Sensor de movimiento PIR con \u00e1ngulo de detecci\u00f3n de 120\u00b0<br \/>\n* Notificaci\u00f3n inmediata enviada a tu aplicaci\u00f3n de tel\u00e9fono inteligente en 1 segundo<br \/>\n* Admite visualizaci\u00f3n remota por tel\u00e9fono inteligente (IOS, Android)<br \/>\n* Admite almacenamiento en la nube y tarjeta TF de 128 Gb como m\u00e1ximo.<\/p>","protected":false},"featured_media":1335,"template":"","meta":[],"product_brand":[],"product_cat":[1110],"product_tag":[86,84,85,87],"class_list":{"0":"post-1331","1":"product","2":"type-product","3":"status-publish","4":"has-post-thumbnail","6":"product_cat-wifi-solar-camera","7":"product_tag-solar-outdoor-camera-wifi","8":"product_tag-solar-panel-camera","9":"product_tag-solar-powered-smart-camera","10":"product_tag-video-surveillance-camera","12":"first","13":"instock","14":"shipping-taxable","15":"product-type-simple"},"acf":[],"yoast_head":"<!-- This site is optimized with the Yoast SEO Premium plugin v20.2.1 (Yoast SEO v26.1.1) - https:\/\/yoast.com\/wordpress\/plugins\/seo\/ -->\n<title>3MP Solar Powered Smart Outdoor Rechargeable Battery Powered IP Camera with WiFi for Home Security Protection PIR Detection - Bokysee Technology Co.,LTD<\/title>\n<meta name=\"description\" content=\"3MP Solar Powered Smart Outdoor Cameras Wireless 6000mAh Rechargeable Battery Powered Home Security Protection PIR Detection IP Camera with WiFi\" \/>\n<meta name=\"robots\" content=\"index, follow, max-snippet:-1, max-image-preview:large, max-video-preview:-1\" \/>\n<link rel=\"canonical\" href=\"https:\/\/bokysee.com\/es\/products\/3mp-solar-powered-smart-outdoor-rechargeable-battery-powered-ip-camera-with-wifi-for-home-security-protection-pir-detection\/\" \/>\n<meta property=\"og:locale\" content=\"es_ES\" \/>\n<meta property=\"og:type\" content=\"article\" \/>\n<meta property=\"og:title\" content=\"3MP Solar Powered Smart Outdoor Rechargeable Battery Powered IP Camera with WiFi for Home Security Protection PIR Detection\" \/>\n<meta property=\"og:description\" content=\"3MP Solar Powered Smart Outdoor Cameras Wireless 6000mAh Rechargeable Battery Powered Home Security Protection PIR Detection IP Camera with WiFi\" \/>\n<meta property=\"og:url\" content=\"https:\/\/bokysee.com\/es\/products\/3mp-solar-powered-smart-outdoor-rechargeable-battery-powered-ip-camera-with-wifi-for-home-security-protection-pir-detection\/\" \/>\n<meta property=\"og:site_name\" content=\"Bokysee Technology Co.,LTD\" \/>\n<meta property=\"article:modified_time\" content=\"2024-09-09T07:42:18+00:00\" \/>\n<meta property=\"og:image\" content=\"https:\/\/bokysee.com\/wp-content\/uploads\/2023\/04\/BK-LXS01P-1.jpg\" \/>\n\t<meta property=\"og:image:width\" content=\"800\" \/>\n\t<meta property=\"og:image:height\" content=\"800\" \/>\n\t<meta property=\"og:image:type\" content=\"image\/jpeg\" \/>\n<meta name=\"twitter:card\" content=\"summary_large_image\" \/>\n<meta name=\"twitter:label1\" content=\"Tiempo de lectura\" \/>\n\t<meta name=\"twitter:data1\" content=\"1 minuto\" \/>\n<script type=\"application\/ld+json\" class=\"yoast-schema-graph\">{\"@context\":\"https:\/\/schema.org\",\"@graph\":[{\"@type\":\"WebPage\",\"@id\":\"https:\/\/bokysee.com\/products\/3mp-solar-powered-smart-outdoor-rechargeable-battery-powered-ip-camera-with-wifi-for-home-security-protection-pir-detection\/\",\"url\":\"https:\/\/bokysee.com\/products\/3mp-solar-powered-smart-outdoor-rechargeable-battery-powered-ip-camera-with-wifi-for-home-security-protection-pir-detection\/\",\"name\":\"3MP Solar Powered Smart Outdoor Rechargeable Battery Powered IP Camera with WiFi for Home Security Protection PIR Detection - Bokysee Technology Co.,LTD\",\"isPartOf\":{\"@id\":\"https:\/\/bokysee.com\/#website\"},\"primaryImageOfPage\":{\"@id\":\"https:\/\/bokysee.com\/products\/3mp-solar-powered-smart-outdoor-rechargeable-battery-powered-ip-camera-with-wifi-for-home-security-protection-pir-detection\/#primaryimage\"},\"image\":{\"@id\":\"https:\/\/bokysee.com\/products\/3mp-solar-powered-smart-outdoor-rechargeable-battery-powered-ip-camera-with-wifi-for-home-security-protection-pir-detection\/#primaryimage\"},\"thumbnailUrl\":\"https:\/\/bokysee.com\/wp-content\/uploads\/2023\/04\/BK-LXS01P-1.jpg\",\"datePublished\":\"2023-04-14T06:16:49+00:00\",\"dateModified\":\"2024-09-09T07:42:18+00:00\",\"description\":\"3MP Solar Powered Smart Outdoor Cameras Wireless 6000mAh Rechargeable Battery Powered Home Security Protection PIR Detection IP Camera with WiFi\",\"breadcrumb\":{\"@id\":\"https:\/\/bokysee.com\/products\/3mp-solar-powered-smart-outdoor-rechargeable-battery-powered-ip-camera-with-wifi-for-home-security-protection-pir-detection\/#breadcrumb\"},\"inLanguage\":\"es\",\"potentialAction\":[{\"@type\":\"ReadAction\",\"target\":[\"https:\/\/bokysee.com\/products\/3mp-solar-powered-smart-outdoor-rechargeable-battery-powered-ip-camera-with-wifi-for-home-security-protection-pir-detection\/\"]}]},{\"@type\":\"ImageObject\",\"inLanguage\":\"es\",\"@id\":\"https:\/\/bokysee.com\/products\/3mp-solar-powered-smart-outdoor-rechargeable-battery-powered-ip-camera-with-wifi-for-home-security-protection-pir-detection\/#primaryimage\",\"url\":\"https:\/\/bokysee.com\/wp-content\/uploads\/2023\/04\/BK-LXS01P-1.jpg\",\"contentUrl\":\"https:\/\/bokysee.com\/wp-content\/uploads\/2023\/04\/BK-LXS01P-1.jpg\",\"width\":800,\"height\":800,\"caption\":\"solar wifi camera\"},{\"@type\":\"BreadcrumbList\",\"@id\":\"https:\/\/bokysee.com\/products\/3mp-solar-powered-smart-outdoor-rechargeable-battery-powered-ip-camera-with-wifi-for-home-security-protection-pir-detection\/#breadcrumb\",\"itemListElement\":[{\"@type\":\"ListItem\",\"position\":1,\"name\":\"Home\",\"item\":\"https:\/\/bokysee.com\/\"},{\"@type\":\"ListItem\",\"position\":2,\"name\":\"Products\",\"item\":\"https:\/\/bokysee.com\/products\/\"},{\"@type\":\"ListItem\",\"position\":3,\"name\":\"3MP Solar Powered Smart Outdoor Rechargeable Battery Powered IP Camera with WiFi for Home Security Protection PIR Detection\"}]},{\"@type\":\"WebSite\",\"@id\":\"https:\/\/bokysee.com\/#website\",\"url\":\"https:\/\/bokysee.com\/\",\"name\":\"Bokysee Technology Co.,LTD\",\"description\":\"Professional Smart Indoor and Outdoor Security Cameras Solution Supplier\",\"potentialAction\":[{\"@type\":\"SearchAction\",\"target\":{\"@type\":\"EntryPoint\",\"urlTemplate\":\"https:\/\/bokysee.com\/?s={search_term_string}\"},\"query-input\":{\"@type\":\"PropertyValueSpecification\",\"valueRequired\":true,\"valueName\":\"search_term_string\"}}],\"inLanguage\":\"es\"}]}<\/script>\n<!-- \/ Yoast SEO Premium plugin. -->","yoast_head_json":{"title":"3MP Solar Powered Smart Outdoor Rechargeable Battery Powered IP Camera with WiFi for Home Security Protection PIR Detection - Bokysee Technology Co.,LTD","description":"3MP Solar Powered Smart Outdoor Cameras Wireless 6000mAh Rechargeable Battery Powered Home Security Protection PIR Detection IP Camera with WiFi","robots":{"index":"index","follow":"follow","max-snippet":"max-snippet:-1","max-image-preview":"max-image-preview:large","max-video-preview":"max-video-preview:-1"},"canonical":"https:\/\/bokysee.com\/es\/products\/3mp-solar-powered-smart-outdoor-rechargeable-battery-powered-ip-camera-with-wifi-for-home-security-protection-pir-detection\/","og_locale":"es_ES","og_type":"article","og_title":"3MP Solar Powered Smart Outdoor Rechargeable Battery Powered IP Camera with WiFi for Home Security Protection PIR Detection","og_description":"3MP Solar Powered Smart Outdoor Cameras Wireless 6000mAh Rechargeable Battery Powered Home Security Protection PIR Detection IP Camera with WiFi","og_url":"https:\/\/bokysee.com\/es\/products\/3mp-solar-powered-smart-outdoor-rechargeable-battery-powered-ip-camera-with-wifi-for-home-security-protection-pir-detection\/","og_site_name":"Bokysee Technology Co.,LTD","article_modified_time":"2024-09-09T07:42:18+00:00","og_image":[{"width":800,"height":800,"url":"https:\/\/bokysee.com\/wp-content\/uploads\/2023\/04\/BK-LXS01P-1.jpg","type":"image\/jpeg"}],"twitter_card":"summary_large_image","twitter_misc":{"Tiempo de lectura":"1 minuto"},"schema":{"@context":"https:\/\/schema.org","@graph":[{"@type":"WebPage","@id":"https:\/\/bokysee.com\/products\/3mp-solar-powered-smart-outdoor-rechargeable-battery-powered-ip-camera-with-wifi-for-home-security-protection-pir-detection\/","url":"https:\/\/bokysee.com\/products\/3mp-solar-powered-smart-outdoor-rechargeable-battery-powered-ip-camera-with-wifi-for-home-security-protection-pir-detection\/","name":"3MP Solar Powered Smart Outdoor Rechargeable Battery Powered IP Camera with WiFi for Home Security Protection PIR Detection - Bokysee Technology Co.,LTD","isPartOf":{"@id":"https:\/\/bokysee.com\/#website"},"primaryImageOfPage":{"@id":"https:\/\/bokysee.com\/products\/3mp-solar-powered-smart-outdoor-rechargeable-battery-powered-ip-camera-with-wifi-for-home-security-protection-pir-detection\/#primaryimage"},"image":{"@id":"https:\/\/bokysee.com\/products\/3mp-solar-powered-smart-outdoor-rechargeable-battery-powered-ip-camera-with-wifi-for-home-security-protection-pir-detection\/#primaryimage"},"thumbnailUrl":"https:\/\/bokysee.com\/wp-content\/uploads\/2023\/04\/BK-LXS01P-1.jpg","datePublished":"2023-04-14T06:16:49+00:00","dateModified":"2024-09-09T07:42:18+00:00","description":"3MP Solar Powered Smart Outdoor Cameras Wireless 6000mAh Rechargeable Battery Powered Home Security Protection PIR Detection IP Camera with WiFi","breadcrumb":{"@id":"https:\/\/bokysee.com\/products\/3mp-solar-powered-smart-outdoor-rechargeable-battery-powered-ip-camera-with-wifi-for-home-security-protection-pir-detection\/#breadcrumb"},"inLanguage":"es","potentialAction":[{"@type":"ReadAction","target":["https:\/\/bokysee.com\/products\/3mp-solar-powered-smart-outdoor-rechargeable-battery-powered-ip-camera-with-wifi-for-home-security-protection-pir-detection\/"]}]},{"@type":"ImageObject","inLanguage":"es","@id":"https:\/\/bokysee.com\/products\/3mp-solar-powered-smart-outdoor-rechargeable-battery-powered-ip-camera-with-wifi-for-home-security-protection-pir-detection\/#primaryimage","url":"https:\/\/bokysee.com\/wp-content\/uploads\/2023\/04\/BK-LXS01P-1.jpg","contentUrl":"https:\/\/bokysee.com\/wp-content\/uploads\/2023\/04\/BK-LXS01P-1.jpg","width":800,"height":800,"caption":"solar wifi camera"},{"@type":"BreadcrumbList","@id":"https:\/\/bokysee.com\/products\/3mp-solar-powered-smart-outdoor-rechargeable-battery-powered-ip-camera-with-wifi-for-home-security-protection-pir-detection\/#breadcrumb","itemListElement":[{"@type":"ListItem","position":1,"name":"Home","item":"https:\/\/bokysee.com\/"},{"@type":"ListItem","position":2,"name":"Products","item":"https:\/\/bokysee.com\/products\/"},{"@type":"ListItem","position":3,"name":"3MP Solar Powered Smart Outdoor Rechargeable Battery Powered IP Camera with WiFi for Home Security Protection PIR Detection"}]},{"@type":"WebSite","@id":"https:\/\/bokysee.com\/#website","url":"https:\/\/bokysee.com\/","name":"Bokysee Technology Co.,LTD","description":"Professional Smart Indoor and Outdoor Security Cameras Solution Supplier","potentialAction":[{"@type":"SearchAction","target":{"@type":"EntryPoint","urlTemplate":"https:\/\/bokysee.com\/?s={search_term_string}"},"query-input":{"@type":"PropertyValueSpecification","valueRequired":true,"valueName":"search_term_string"}}],"inLanguage":"es"}]}},"_links":{"self":[{"href":"https:\/\/bokysee.com\/es\/wp-json\/wp\/v2\/product\/1331","targetHints":{"allow":["GET"]}}],"collection":[{"href":"https:\/\/bokysee.com\/es\/wp-json\/wp\/v2\/product"}],"about":[{"href":"https:\/\/bokysee.com\/es\/wp-json\/wp\/v2\/types\/product"}],"version-history":[{"count":0,"href":"https:\/\/bokysee.com\/es\/wp-json\/wp\/v2\/product\/1331\/revisions"}],"wp:featuredmedia":[{"embeddable":true,"href":"https:\/\/bokysee.com\/es\/wp-json\/wp\/v2\/media\/1335"}],"wp:attachment":[{"href":"https:\/\/bokysee.com\/es\/wp-json\/wp\/v2\/media?parent=1331"}],"wp:term":[{"taxonomy":"product_brand","embeddable":true,"href":"https:\/\/bokysee.com\/es\/wp-json\/wp\/v2\/product_brand?post=1331"},{"taxonomy":"product_cat","embeddable":true,"href":"https:\/\/bokysee.com\/es\/wp-json\/wp\/v2\/product_cat?post=1331"},{"taxonomy":"product_tag","embeddable":true,"href":"https:\/\/bokysee.com\/es\/wp-json\/wp\/v2\/product_tag?post=1331"}],"curies":[{"name":"wp","href":"https:\/\/api.w.org\/{rel}","templated":true}]}}