{"id":13204,"date":"2025-09-22T15:26:37","date_gmt":"2025-09-22T07:26:37","guid":{"rendered":"https:\/\/bokysee.com\/?post_type=product&#038;p=13204"},"modified":"2025-09-22T15:26:37","modified_gmt":"2025-09-22T07:26:37","slug":"dual-panel-solar-powered-floodlight-cellular-ptz-camera-for-garden-duplicate-13186","status":"publish","type":"product","link":"https:\/\/bokysee.com\/es\/products\/dual-panel-solar-powered-floodlight-cellular-ptz-camera-for-garden-duplicate-13186\/","title":{"rendered":"C\u00e1mara PTZ celular con reflector solar de doble panel para jard\u00edn \u2013 Duplicado \u2013 [#13186]"},"content":{"rendered":"<p><strong>C\u00e1mara PTZ celular con reflector solar de doble panel para jard\u00edn<\/strong><\/p>\n<p>La c\u00e1mara de seguridad para el hogar Bokysee BK-LXS38P es una soluci\u00f3n solar que ofrece la m\u00e1xima protecci\u00f3n para el hogar. Con un \u00e1ngulo de giro de 355\u00b0 y una inclinaci\u00f3n de 90\u00b0, ofrece 1500 l\u00famenes de brillo y detecci\u00f3n PIR hasta 15 metros. Equipada con compresi\u00f3n de video H.265 y un \u00e1ngulo de visi\u00f3n de 110\u00b0, esta c\u00e1mara garantiza seguridad 24\/7 con una conectividad Wi-Fi confiable.<\/p>\n<p><img fetchpriority=\"high\" decoding=\"async\" class=\"alignnone size-full wp-image-13194\" src=\"https:\/\/bokysee.com\/wp-content\/uploads\/2025\/01\/BK-LXS38P-night-vision.jpg\" alt=\"\" width=\"1000\" height=\"1000\" srcset=\"https:\/\/bokysee.com\/wp-content\/uploads\/2025\/01\/BK-LXS38P-night-vision.jpg 1000w, https:\/\/bokysee.com\/wp-content\/uploads\/2025\/01\/BK-LXS38P-night-vision-300x300.jpg 300w, https:\/\/bokysee.com\/wp-content\/uploads\/2025\/01\/BK-LXS38P-night-vision-150x150.jpg 150w, https:\/\/bokysee.com\/wp-content\/uploads\/2025\/01\/BK-LXS38P-night-vision-768x768.jpg 768w, https:\/\/bokysee.com\/wp-content\/uploads\/2025\/01\/BK-LXS38P-night-vision-600x600.jpg 600w, https:\/\/bokysee.com\/wp-content\/uploads\/2025\/01\/BK-LXS38P-night-vision-100x100.jpg 100w\" sizes=\"(max-width: 1000px) 100vw, 1000px\" \/><\/p>\n<p><img decoding=\"async\" class=\"alignnone size-full wp-image-13192\" src=\"https:\/\/bokysee.com\/wp-content\/uploads\/2025\/01\/BK-LXS38P-lightalarm.jpg\" alt=\"\" width=\"1000\" height=\"1000\" srcset=\"https:\/\/bokysee.com\/wp-content\/uploads\/2025\/01\/BK-LXS38P-lightalarm.jpg 1000w, https:\/\/bokysee.com\/wp-content\/uploads\/2025\/01\/BK-LXS38P-lightalarm-300x300.jpg 300w, https:\/\/bokysee.com\/wp-content\/uploads\/2025\/01\/BK-LXS38P-lightalarm-150x150.jpg 150w, https:\/\/bokysee.com\/wp-content\/uploads\/2025\/01\/BK-LXS38P-lightalarm-768x768.jpg 768w, https:\/\/bokysee.com\/wp-content\/uploads\/2025\/01\/BK-LXS38P-lightalarm-600x600.jpg 600w, https:\/\/bokysee.com\/wp-content\/uploads\/2025\/01\/BK-LXS38P-lightalarm-100x100.jpg 100w\" sizes=\"(max-width: 1000px) 100vw, 1000px\" \/> <img decoding=\"async\" class=\"alignnone size-full wp-image-13193\" src=\"https:\/\/bokysee.com\/wp-content\/uploads\/2025\/01\/BK-LXS38P-lightaudio.jpg\" alt=\"\" width=\"1000\" height=\"1000\" srcset=\"https:\/\/bokysee.com\/wp-content\/uploads\/2025\/01\/BK-LXS38P-lightaudio.jpg 1000w, https:\/\/bokysee.com\/wp-content\/uploads\/2025\/01\/BK-LXS38P-lightaudio-300x300.jpg 300w, https:\/\/bokysee.com\/wp-content\/uploads\/2025\/01\/BK-LXS38P-lightaudio-150x150.jpg 150w, https:\/\/bokysee.com\/wp-content\/uploads\/2025\/01\/BK-LXS38P-lightaudio-768x768.jpg 768w, https:\/\/bokysee.com\/wp-content\/uploads\/2025\/01\/BK-LXS38P-lightaudio-600x600.jpg 600w, https:\/\/bokysee.com\/wp-content\/uploads\/2025\/01\/BK-LXS38P-lightaudio-100x100.jpg 100w\" sizes=\"(max-width: 1000px) 100vw, 1000px\" \/> \u00a0<img loading=\"lazy\" decoding=\"async\" class=\"alignnone size-full wp-image-13195\" src=\"https:\/\/bokysee.com\/wp-content\/uploads\/2025\/01\/BK-LXS38P-solar-panelbattery.jpg\" alt=\"\" width=\"1000\" height=\"1000\" srcset=\"https:\/\/bokysee.com\/wp-content\/uploads\/2025\/01\/BK-LXS38P-solar-panelbattery.jpg 1000w, https:\/\/bokysee.com\/wp-content\/uploads\/2025\/01\/BK-LXS38P-solar-panelbattery-300x300.jpg 300w, https:\/\/bokysee.com\/wp-content\/uploads\/2025\/01\/BK-LXS38P-solar-panelbattery-150x150.jpg 150w, https:\/\/bokysee.com\/wp-content\/uploads\/2025\/01\/BK-LXS38P-solar-panelbattery-768x768.jpg 768w, https:\/\/bokysee.com\/wp-content\/uploads\/2025\/01\/BK-LXS38P-solar-panelbattery-600x600.jpg 600w, https:\/\/bokysee.com\/wp-content\/uploads\/2025\/01\/BK-LXS38P-solar-panelbattery-100x100.jpg 100w\" sizes=\"(max-width: 1000px) 100vw, 1000px\" \/> <img loading=\"lazy\" decoding=\"async\" class=\"alignnone size-full wp-image-13196\" src=\"https:\/\/bokysee.com\/wp-content\/uploads\/2025\/01\/BK-LXS38P-waterproof.jpg\" alt=\"\" width=\"1000\" height=\"1000\" srcset=\"https:\/\/bokysee.com\/wp-content\/uploads\/2025\/01\/BK-LXS38P-waterproof.jpg 1000w, https:\/\/bokysee.com\/wp-content\/uploads\/2025\/01\/BK-LXS38P-waterproof-300x300.jpg 300w, https:\/\/bokysee.com\/wp-content\/uploads\/2025\/01\/BK-LXS38P-waterproof-150x150.jpg 150w, https:\/\/bokysee.com\/wp-content\/uploads\/2025\/01\/BK-LXS38P-waterproof-768x768.jpg 768w, https:\/\/bokysee.com\/wp-content\/uploads\/2025\/01\/BK-LXS38P-waterproof-600x600.jpg 600w, https:\/\/bokysee.com\/wp-content\/uploads\/2025\/01\/BK-LXS38P-waterproof-100x100.jpg 100w\" sizes=\"(max-width: 1000px) 100vw, 1000px\" \/> <img loading=\"lazy\" decoding=\"async\" class=\"alignnone size-full wp-image-13197\" src=\"https:\/\/bokysee.com\/wp-content\/uploads\/2025\/01\/BK-LXS38P-wifi4g-1.jpg\" alt=\"\" width=\"1000\" height=\"1000\" srcset=\"https:\/\/bokysee.com\/wp-content\/uploads\/2025\/01\/BK-LXS38P-wifi4g-1.jpg 1000w, https:\/\/bokysee.com\/wp-content\/uploads\/2025\/01\/BK-LXS38P-wifi4g-1-300x300.jpg 300w, https:\/\/bokysee.com\/wp-content\/uploads\/2025\/01\/BK-LXS38P-wifi4g-1-150x150.jpg 150w, https:\/\/bokysee.com\/wp-content\/uploads\/2025\/01\/BK-LXS38P-wifi4g-1-768x768.jpg 768w, https:\/\/bokysee.com\/wp-content\/uploads\/2025\/01\/BK-LXS38P-wifi4g-1-600x600.jpg 600w, https:\/\/bokysee.com\/wp-content\/uploads\/2025\/01\/BK-LXS38P-wifi4g-1-100x100.jpg 100w\" sizes=\"(max-width: 1000px) 100vw, 1000px\" \/> <img loading=\"lazy\" decoding=\"async\" class=\"alignnone size-full wp-image-13198\" src=\"https:\/\/bokysee.com\/wp-content\/uploads\/2025\/01\/YDS82-night-vision-2.jpg\" alt=\"\" width=\"1000\" height=\"1000\" srcset=\"https:\/\/bokysee.com\/wp-content\/uploads\/2025\/01\/YDS82-night-vision-2.jpg 1000w, https:\/\/bokysee.com\/wp-content\/uploads\/2025\/01\/YDS82-night-vision-2-300x300.jpg 300w, https:\/\/bokysee.com\/wp-content\/uploads\/2025\/01\/YDS82-night-vision-2-150x150.jpg 150w, https:\/\/bokysee.com\/wp-content\/uploads\/2025\/01\/YDS82-night-vision-2-768x768.jpg 768w, https:\/\/bokysee.com\/wp-content\/uploads\/2025\/01\/YDS82-night-vision-2-600x600.jpg 600w, https:\/\/bokysee.com\/wp-content\/uploads\/2025\/01\/YDS82-night-vision-2-100x100.jpg 100w\" sizes=\"(max-width: 1000px) 100vw, 1000px\" \/><\/p>\n<p><strong>Sobre nosotros:<\/strong><\/p>\n<p><img loading=\"lazy\" decoding=\"async\" class=\"alignnone size-full wp-image-12939\" src=\"https:\/\/bokysee.com\/wp-content\/uploads\/2025\/01\/Bokysee-CCTV-Company.jpg\" alt=\"\" width=\"961\" height=\"543\" srcset=\"https:\/\/bokysee.com\/wp-content\/uploads\/2025\/01\/Bokysee-CCTV-Company.jpg 961w, https:\/\/bokysee.com\/wp-content\/uploads\/2025\/01\/Bokysee-CCTV-Company-300x170.jpg 300w, https:\/\/bokysee.com\/wp-content\/uploads\/2025\/01\/Bokysee-CCTV-Company-768x434.jpg 768w, https:\/\/bokysee.com\/wp-content\/uploads\/2025\/01\/Bokysee-CCTV-Company-600x339.jpg 600w\" sizes=\"(max-width: 961px) 100vw, 961px\" \/><\/p>\n<p>Taller de f\u00e1brica:<\/p>\n<p><img loading=\"lazy\" decoding=\"async\" class=\"alignnone size-full wp-image-12940\" src=\"https:\/\/bokysee.com\/wp-content\/uploads\/2025\/01\/Bokysee-CCTV-Workshop.jpg\" alt=\"\" width=\"1282\" height=\"726\" srcset=\"https:\/\/bokysee.com\/wp-content\/uploads\/2025\/01\/Bokysee-CCTV-Workshop.jpg 1282w, https:\/\/bokysee.com\/wp-content\/uploads\/2025\/01\/Bokysee-CCTV-Workshop-300x170.jpg 300w, https:\/\/bokysee.com\/wp-content\/uploads\/2025\/01\/Bokysee-CCTV-Workshop-1024x580.jpg 1024w, https:\/\/bokysee.com\/wp-content\/uploads\/2025\/01\/Bokysee-CCTV-Workshop-768x435.jpg 768w, https:\/\/bokysee.com\/wp-content\/uploads\/2025\/01\/Bokysee-CCTV-Workshop-600x340.jpg 600w\" sizes=\"(max-width: 1282px) 100vw, 1282px\" \/><\/p>","protected":false},"excerpt":{"rendered":"<p><strong>C\u00e1mara PTZ con reflector solar:<\/strong><br \/>\n\u25cf Sensor: 3MP, 4MP<br \/>\n\u25cf Visi\u00f3n nocturna: Visi\u00f3n nocturna a todo color \/ IR<br \/>\n\u25cf Audio: Audio bidireccional, sensor PIR,<br \/>\nDetecci\u00f3n humana y seguimiento autom\u00e1tico del movimiento humano<br \/>\n\u25cf Modo de trabajo dual inteligente: grabaci\u00f3n 24\/7 +<br \/>\nGrabaci\u00f3n por detecci\u00f3n de movimiento<br \/>\n\u25cf Alarma de sirena incorporada<br \/>\n\u25cf PAN 355\u00b0 Inclinaci\u00f3n 90\u00b0, IP65<br \/>\n\u25cf Lente: Lente clase Starlight 3,6 mm\/110\u00b0<br \/>\n\u25cf LED: 6xLED, distancia IR 30M<br \/>\n\u25cf Proyector: 1500 LM = 150 vatios de brillo<br \/>\n\u25cf Temperatura de color: 6500 K, cumple con el est\u00e1ndar de iluminaci\u00f3n<br \/>\n\u25cf Luz c\u00e1lida: Distancia de luces c\u00e1lidas 30M<br \/>\n\u25cf Almacenamiento: Almacenamiento en la nube + tarjeta TF (m\u00e1ximo 128 GB)<br \/>\n\u25cf Panel solar: Panel solar externo de 18 W con cable de 3 metros<br \/>\n\u25cf Bater\u00eda: bater\u00eda recargable incorporada de 20 000 mAh, compatible con 7 d\u00edas\/24 horas<\/p>","protected":false},"featured_media":13189,"template":"","meta":[],"product_brand":[],"product_cat":[1111,1110],"product_tag":[1211,1222,1210,92],"class_list":{"0":"post-13204","1":"product","2":"type-product","3":"status-publish","4":"has-post-thumbnail","6":"product_cat-4g-solar-camera","7":"product_cat-wifi-solar-camera","8":"product_tag-floodlight-cameras","9":"product_tag-new-arrival","10":"product_tag-solar-cellular-security-camera","11":"product_tag-solar-powered-wifi-camera","13":"first","14":"instock","15":"shipping-taxable","16":"product-type-simple"},"acf":[],"yoast_head":"<!-- This site is optimized with the Yoast SEO Premium plugin v20.2.1 (Yoast SEO v26.1.1) - https:\/\/yoast.com\/wordpress\/plugins\/seo\/ -->\n<title>Dual Panel Solar powered Floodlight cellular PTZ Camera for Garden - Duplicate - [#13186] - Bokysee Technology Co.,LTD<\/title>\n<meta name=\"description\" content=\"Bokysee Dual Panel Solar powered Floodlight cellular PTZ Camera for Garden with Built In Speaker And Microphone WiFi Solar Light Camera\" \/>\n<meta name=\"robots\" content=\"index, follow, max-snippet:-1, max-image-preview:large, max-video-preview:-1\" \/>\n<link rel=\"canonical\" href=\"https:\/\/bokysee.com\/es\/products\/dual-panel-solar-powered-floodlight-cellular-ptz-camera-for-garden-duplicate-13186\/\" \/>\n<meta property=\"og:locale\" content=\"es_ES\" \/>\n<meta property=\"og:type\" content=\"article\" \/>\n<meta property=\"og:title\" content=\"Dual Panel Solar powered Floodlight cellular PTZ Camera for Garden - Duplicate - [#13186]\" \/>\n<meta property=\"og:description\" content=\"Bokysee Dual Panel Solar powered Floodlight cellular PTZ Camera for Garden with Built In Speaker And Microphone WiFi Solar Light Camera\" \/>\n<meta property=\"og:url\" content=\"https:\/\/bokysee.com\/es\/products\/dual-panel-solar-powered-floodlight-cellular-ptz-camera-for-garden-duplicate-13186\/\" \/>\n<meta property=\"og:site_name\" content=\"Bokysee Technology Co.,LTD\" \/>\n<meta property=\"og:image\" content=\"https:\/\/bokysee.com\/wp-content\/uploads\/2025\/01\/BK-LXS38P.jpg\" \/>\n\t<meta property=\"og:image:width\" content=\"1000\" \/>\n\t<meta property=\"og:image:height\" content=\"1000\" \/>\n\t<meta property=\"og:image:type\" content=\"image\/jpeg\" \/>\n<meta name=\"twitter:card\" content=\"summary_large_image\" \/>\n<meta name=\"twitter:label1\" content=\"Tiempo de lectura\" \/>\n\t<meta name=\"twitter:data1\" content=\"3 minutos\" \/>\n<script type=\"application\/ld+json\" class=\"yoast-schema-graph\">{\"@context\":\"https:\/\/schema.org\",\"@graph\":[{\"@type\":\"WebPage\",\"@id\":\"https:\/\/bokysee.com\/products\/dual-panel-solar-powered-floodlight-cellular-ptz-camera-for-garden-duplicate-13186\/\",\"url\":\"https:\/\/bokysee.com\/products\/dual-panel-solar-powered-floodlight-cellular-ptz-camera-for-garden-duplicate-13186\/\",\"name\":\"Dual Panel Solar powered Floodlight cellular PTZ Camera for Garden - Duplicate - [#13186] - Bokysee Technology Co.,LTD\",\"isPartOf\":{\"@id\":\"https:\/\/bokysee.com\/#website\"},\"primaryImageOfPage\":{\"@id\":\"https:\/\/bokysee.com\/products\/dual-panel-solar-powered-floodlight-cellular-ptz-camera-for-garden-duplicate-13186\/#primaryimage\"},\"image\":{\"@id\":\"https:\/\/bokysee.com\/products\/dual-panel-solar-powered-floodlight-cellular-ptz-camera-for-garden-duplicate-13186\/#primaryimage\"},\"thumbnailUrl\":\"https:\/\/bokysee.com\/wp-content\/uploads\/2025\/01\/BK-LXS38P.jpg\",\"datePublished\":\"2025-09-22T07:26:37+00:00\",\"description\":\"Bokysee Dual Panel Solar powered Floodlight cellular PTZ Camera for Garden with Built In Speaker And Microphone WiFi Solar Light Camera\",\"breadcrumb\":{\"@id\":\"https:\/\/bokysee.com\/products\/dual-panel-solar-powered-floodlight-cellular-ptz-camera-for-garden-duplicate-13186\/#breadcrumb\"},\"inLanguage\":\"es\",\"potentialAction\":[{\"@type\":\"ReadAction\",\"target\":[\"https:\/\/bokysee.com\/products\/dual-panel-solar-powered-floodlight-cellular-ptz-camera-for-garden-duplicate-13186\/\"]}]},{\"@type\":\"ImageObject\",\"inLanguage\":\"es\",\"@id\":\"https:\/\/bokysee.com\/products\/dual-panel-solar-powered-floodlight-cellular-ptz-camera-for-garden-duplicate-13186\/#primaryimage\",\"url\":\"https:\/\/bokysee.com\/wp-content\/uploads\/2025\/01\/BK-LXS38P.jpg\",\"contentUrl\":\"https:\/\/bokysee.com\/wp-content\/uploads\/2025\/01\/BK-LXS38P.jpg\",\"width\":1000,\"height\":1000},{\"@type\":\"BreadcrumbList\",\"@id\":\"https:\/\/bokysee.com\/products\/dual-panel-solar-powered-floodlight-cellular-ptz-camera-for-garden-duplicate-13186\/#breadcrumb\",\"itemListElement\":[{\"@type\":\"ListItem\",\"position\":1,\"name\":\"Home\",\"item\":\"https:\/\/bokysee.com\/\"},{\"@type\":\"ListItem\",\"position\":2,\"name\":\"Products\",\"item\":\"https:\/\/bokysee.com\/products\/\"},{\"@type\":\"ListItem\",\"position\":3,\"name\":\"Dual Panel Solar powered Floodlight cellular PTZ Camera for Garden &#8211; Duplicate &#8211; [#13186]\"}]},{\"@type\":\"WebSite\",\"@id\":\"https:\/\/bokysee.com\/#website\",\"url\":\"https:\/\/bokysee.com\/\",\"name\":\"Bokysee Technology Co.,LTD\",\"description\":\"Professional Smart Indoor and Outdoor Security Cameras Solution Supplier\",\"potentialAction\":[{\"@type\":\"SearchAction\",\"target\":{\"@type\":\"EntryPoint\",\"urlTemplate\":\"https:\/\/bokysee.com\/?s={search_term_string}\"},\"query-input\":{\"@type\":\"PropertyValueSpecification\",\"valueRequired\":true,\"valueName\":\"search_term_string\"}}],\"inLanguage\":\"es\"}]}<\/script>\n<!-- \/ Yoast SEO Premium plugin. -->","yoast_head_json":{"title":"Dual Panel Solar powered Floodlight cellular PTZ Camera for Garden - Duplicate - [#13186] - Bokysee Technology Co.,LTD","description":"Bokysee Dual Panel Solar powered Floodlight cellular PTZ Camera for Garden with Built In Speaker And Microphone WiFi Solar Light Camera","robots":{"index":"index","follow":"follow","max-snippet":"max-snippet:-1","max-image-preview":"max-image-preview:large","max-video-preview":"max-video-preview:-1"},"canonical":"https:\/\/bokysee.com\/es\/products\/dual-panel-solar-powered-floodlight-cellular-ptz-camera-for-garden-duplicate-13186\/","og_locale":"es_ES","og_type":"article","og_title":"Dual Panel Solar powered Floodlight cellular PTZ Camera for Garden - Duplicate - [#13186]","og_description":"Bokysee Dual Panel Solar powered Floodlight cellular PTZ Camera for Garden with Built In Speaker And Microphone WiFi Solar Light Camera","og_url":"https:\/\/bokysee.com\/es\/products\/dual-panel-solar-powered-floodlight-cellular-ptz-camera-for-garden-duplicate-13186\/","og_site_name":"Bokysee Technology Co.,LTD","og_image":[{"width":1000,"height":1000,"url":"https:\/\/bokysee.com\/wp-content\/uploads\/2025\/01\/BK-LXS38P.jpg","type":"image\/jpeg"}],"twitter_card":"summary_large_image","twitter_misc":{"Tiempo de lectura":"3 minutos"},"schema":{"@context":"https:\/\/schema.org","@graph":[{"@type":"WebPage","@id":"https:\/\/bokysee.com\/products\/dual-panel-solar-powered-floodlight-cellular-ptz-camera-for-garden-duplicate-13186\/","url":"https:\/\/bokysee.com\/products\/dual-panel-solar-powered-floodlight-cellular-ptz-camera-for-garden-duplicate-13186\/","name":"Dual Panel Solar powered Floodlight cellular PTZ Camera for Garden - Duplicate - [#13186] - Bokysee Technology Co.,LTD","isPartOf":{"@id":"https:\/\/bokysee.com\/#website"},"primaryImageOfPage":{"@id":"https:\/\/bokysee.com\/products\/dual-panel-solar-powered-floodlight-cellular-ptz-camera-for-garden-duplicate-13186\/#primaryimage"},"image":{"@id":"https:\/\/bokysee.com\/products\/dual-panel-solar-powered-floodlight-cellular-ptz-camera-for-garden-duplicate-13186\/#primaryimage"},"thumbnailUrl":"https:\/\/bokysee.com\/wp-content\/uploads\/2025\/01\/BK-LXS38P.jpg","datePublished":"2025-09-22T07:26:37+00:00","description":"Bokysee Dual Panel Solar powered Floodlight cellular PTZ Camera for Garden with Built In Speaker And Microphone WiFi Solar Light Camera","breadcrumb":{"@id":"https:\/\/bokysee.com\/products\/dual-panel-solar-powered-floodlight-cellular-ptz-camera-for-garden-duplicate-13186\/#breadcrumb"},"inLanguage":"es","potentialAction":[{"@type":"ReadAction","target":["https:\/\/bokysee.com\/products\/dual-panel-solar-powered-floodlight-cellular-ptz-camera-for-garden-duplicate-13186\/"]}]},{"@type":"ImageObject","inLanguage":"es","@id":"https:\/\/bokysee.com\/products\/dual-panel-solar-powered-floodlight-cellular-ptz-camera-for-garden-duplicate-13186\/#primaryimage","url":"https:\/\/bokysee.com\/wp-content\/uploads\/2025\/01\/BK-LXS38P.jpg","contentUrl":"https:\/\/bokysee.com\/wp-content\/uploads\/2025\/01\/BK-LXS38P.jpg","width":1000,"height":1000},{"@type":"BreadcrumbList","@id":"https:\/\/bokysee.com\/products\/dual-panel-solar-powered-floodlight-cellular-ptz-camera-for-garden-duplicate-13186\/#breadcrumb","itemListElement":[{"@type":"ListItem","position":1,"name":"Home","item":"https:\/\/bokysee.com\/"},{"@type":"ListItem","position":2,"name":"Products","item":"https:\/\/bokysee.com\/products\/"},{"@type":"ListItem","position":3,"name":"Dual Panel Solar powered Floodlight cellular PTZ Camera for Garden &#8211; Duplicate &#8211; [#13186]"}]},{"@type":"WebSite","@id":"https:\/\/bokysee.com\/#website","url":"https:\/\/bokysee.com\/","name":"Bokysee Technology Co.,LTD","description":"Professional Smart Indoor and Outdoor Security Cameras Solution Supplier","potentialAction":[{"@type":"SearchAction","target":{"@type":"EntryPoint","urlTemplate":"https:\/\/bokysee.com\/?s={search_term_string}"},"query-input":{"@type":"PropertyValueSpecification","valueRequired":true,"valueName":"search_term_string"}}],"inLanguage":"es"}]}},"_links":{"self":[{"href":"https:\/\/bokysee.com\/es\/wp-json\/wp\/v2\/product\/13204","targetHints":{"allow":["GET"]}}],"collection":[{"href":"https:\/\/bokysee.com\/es\/wp-json\/wp\/v2\/product"}],"about":[{"href":"https:\/\/bokysee.com\/es\/wp-json\/wp\/v2\/types\/product"}],"version-history":[{"count":0,"href":"https:\/\/bokysee.com\/es\/wp-json\/wp\/v2\/product\/13204\/revisions"}],"wp:featuredmedia":[{"embeddable":true,"href":"https:\/\/bokysee.com\/es\/wp-json\/wp\/v2\/media\/13189"}],"wp:attachment":[{"href":"https:\/\/bokysee.com\/es\/wp-json\/wp\/v2\/media?parent=13204"}],"wp:term":[{"taxonomy":"product_brand","embeddable":true,"href":"https:\/\/bokysee.com\/es\/wp-json\/wp\/v2\/product_brand?post=13204"},{"taxonomy":"product_cat","embeddable":true,"href":"https:\/\/bokysee.com\/es\/wp-json\/wp\/v2\/product_cat?post=13204"},{"taxonomy":"product_tag","embeddable":true,"href":"https:\/\/bokysee.com\/es\/wp-json\/wp\/v2\/product_tag?post=13204"}],"curies":[{"name":"wp","href":"https:\/\/api.w.org\/{rel}","templated":true}]}}