{"id":13167,"date":"2025-01-22T16:24:42","date_gmt":"2025-01-22T08:24:42","guid":{"rendered":"https:\/\/bokysee.com\/?post_type=product&#038;p=13167"},"modified":"2025-01-22T16:26:19","modified_gmt":"2025-01-22T08:26:19","slug":"solar-powered-garden-light-cellular-ubox-wireless-security-camera","status":"publish","type":"product","link":"https:\/\/bokysee.com\/es\/products\/solar-powered-garden-light-cellular-ubox-wireless-security-camera\/","title":{"rendered":"C\u00e1mara de seguridad inal\u00e1mbrica Ubox con luz solar para jard\u00edn"},"content":{"rendered":"<p><strong>C\u00e1mara de seguridad inal\u00e1mbrica Ubox con luz solar para jard\u00edn<\/strong><\/p>\n<p>La c\u00e1mara solar para jard\u00edn Bokysee 4G ofrece video HD, visi\u00f3n nocturna a todo color e infrarroja, y un reflector de 1500 l\u00famenes para una vigilancia exterior n\u00edtida y brillante. Con acceso remoto por tel\u00e9fono m\u00f3vil, detecci\u00f3n de movimiento PIR, audio bidireccional y seguimiento autom\u00e1tico, garantiza la seguridad del hogar las 24 horas, los 7 d\u00edas de la semana. Resistente al agua IP65 y bater\u00eda de larga duraci\u00f3n de 20\u00a0000 mAh.<\/p>\n<p><img fetchpriority=\"high\" decoding=\"async\" class=\"alignnone size-full wp-image-13173\" src=\"https:\/\/bokysee.com\/wp-content\/uploads\/2025\/01\/BK-LXS37P-Detail_01.jpg\" alt=\"\" width=\"800\" height=\"347\" srcset=\"https:\/\/bokysee.com\/wp-content\/uploads\/2025\/01\/BK-LXS37P-Detail_01.jpg 800w, https:\/\/bokysee.com\/wp-content\/uploads\/2025\/01\/BK-LXS37P-Detail_01-300x130.jpg 300w, https:\/\/bokysee.com\/wp-content\/uploads\/2025\/01\/BK-LXS37P-Detail_01-768x333.jpg 768w, https:\/\/bokysee.com\/wp-content\/uploads\/2025\/01\/BK-LXS37P-Detail_01-600x260.jpg 600w\" sizes=\"(max-width: 800px) 100vw, 800px\" \/> <img decoding=\"async\" class=\"alignnone size-full wp-image-13174\" src=\"https:\/\/bokysee.com\/wp-content\/uploads\/2025\/01\/BK-LXS37P-Detail_02.jpg\" alt=\"\" width=\"800\" height=\"480\" srcset=\"https:\/\/bokysee.com\/wp-content\/uploads\/2025\/01\/BK-LXS37P-Detail_02.jpg 800w, https:\/\/bokysee.com\/wp-content\/uploads\/2025\/01\/BK-LXS37P-Detail_02-300x180.jpg 300w, https:\/\/bokysee.com\/wp-content\/uploads\/2025\/01\/BK-LXS37P-Detail_02-768x461.jpg 768w, https:\/\/bokysee.com\/wp-content\/uploads\/2025\/01\/BK-LXS37P-Detail_02-600x360.jpg 600w\" sizes=\"(max-width: 800px) 100vw, 800px\" \/> <img decoding=\"async\" class=\"alignnone size-full wp-image-13175\" src=\"https:\/\/bokysee.com\/wp-content\/uploads\/2025\/01\/BK-LXS37P-Detail_03.jpg\" alt=\"\" width=\"800\" height=\"480\" srcset=\"https:\/\/bokysee.com\/wp-content\/uploads\/2025\/01\/BK-LXS37P-Detail_03.jpg 800w, https:\/\/bokysee.com\/wp-content\/uploads\/2025\/01\/BK-LXS37P-Detail_03-300x180.jpg 300w, https:\/\/bokysee.com\/wp-content\/uploads\/2025\/01\/BK-LXS37P-Detail_03-768x461.jpg 768w, https:\/\/bokysee.com\/wp-content\/uploads\/2025\/01\/BK-LXS37P-Detail_03-600x360.jpg 600w\" sizes=\"(max-width: 800px) 100vw, 800px\" \/> <img loading=\"lazy\" decoding=\"async\" class=\"alignnone size-full wp-image-13176\" src=\"https:\/\/bokysee.com\/wp-content\/uploads\/2025\/01\/BK-LXS37P-Detail_04.jpg\" alt=\"\" width=\"800\" height=\"516\" srcset=\"https:\/\/bokysee.com\/wp-content\/uploads\/2025\/01\/BK-LXS37P-Detail_04.jpg 800w, https:\/\/bokysee.com\/wp-content\/uploads\/2025\/01\/BK-LXS37P-Detail_04-300x194.jpg 300w, https:\/\/bokysee.com\/wp-content\/uploads\/2025\/01\/BK-LXS37P-Detail_04-768x495.jpg 768w, https:\/\/bokysee.com\/wp-content\/uploads\/2025\/01\/BK-LXS37P-Detail_04-600x387.jpg 600w\" sizes=\"(max-width: 800px) 100vw, 800px\" \/> <img loading=\"lazy\" decoding=\"async\" class=\"alignnone size-full wp-image-13177\" src=\"https:\/\/bokysee.com\/wp-content\/uploads\/2025\/01\/BK-LXS37P-Detail_05.jpg\" alt=\"\" width=\"800\" height=\"480\" srcset=\"https:\/\/bokysee.com\/wp-content\/uploads\/2025\/01\/BK-LXS37P-Detail_05.jpg 800w, https:\/\/bokysee.com\/wp-content\/uploads\/2025\/01\/BK-LXS37P-Detail_05-300x180.jpg 300w, https:\/\/bokysee.com\/wp-content\/uploads\/2025\/01\/BK-LXS37P-Detail_05-768x461.jpg 768w, https:\/\/bokysee.com\/wp-content\/uploads\/2025\/01\/BK-LXS37P-Detail_05-600x360.jpg 600w\" sizes=\"(max-width: 800px) 100vw, 800px\" \/> <img loading=\"lazy\" decoding=\"async\" class=\"alignnone size-full wp-image-13178\" src=\"https:\/\/bokysee.com\/wp-content\/uploads\/2025\/01\/BK-LXS37P-Detail_06.jpg\" alt=\"\" width=\"800\" height=\"730\" srcset=\"https:\/\/bokysee.com\/wp-content\/uploads\/2025\/01\/BK-LXS37P-Detail_06.jpg 800w, https:\/\/bokysee.com\/wp-content\/uploads\/2025\/01\/BK-LXS37P-Detail_06-300x274.jpg 300w, https:\/\/bokysee.com\/wp-content\/uploads\/2025\/01\/BK-LXS37P-Detail_06-768x701.jpg 768w, https:\/\/bokysee.com\/wp-content\/uploads\/2025\/01\/BK-LXS37P-Detail_06-600x548.jpg 600w\" sizes=\"(max-width: 800px) 100vw, 800px\" \/> <img loading=\"lazy\" decoding=\"async\" class=\"alignnone size-full wp-image-13179\" src=\"https:\/\/bokysee.com\/wp-content\/uploads\/2025\/01\/BK-LXS37P-Detail_07.jpg\" alt=\"\" width=\"800\" height=\"805\" srcset=\"https:\/\/bokysee.com\/wp-content\/uploads\/2025\/01\/BK-LXS37P-Detail_07.jpg 800w, https:\/\/bokysee.com\/wp-content\/uploads\/2025\/01\/BK-LXS37P-Detail_07-298x300.jpg 298w, https:\/\/bokysee.com\/wp-content\/uploads\/2025\/01\/BK-LXS37P-Detail_07-150x150.jpg 150w, https:\/\/bokysee.com\/wp-content\/uploads\/2025\/01\/BK-LXS37P-Detail_07-768x773.jpg 768w, https:\/\/bokysee.com\/wp-content\/uploads\/2025\/01\/BK-LXS37P-Detail_07-596x600.jpg 596w, https:\/\/bokysee.com\/wp-content\/uploads\/2025\/01\/BK-LXS37P-Detail_07-600x604.jpg 600w, https:\/\/bokysee.com\/wp-content\/uploads\/2025\/01\/BK-LXS37P-Detail_07-100x100.jpg 100w\" sizes=\"(max-width: 800px) 100vw, 800px\" \/> <img loading=\"lazy\" decoding=\"async\" class=\"alignnone size-full wp-image-13180\" src=\"https:\/\/bokysee.com\/wp-content\/uploads\/2025\/01\/BK-LXS37P-Detail_08.jpg\" alt=\"\" width=\"800\" height=\"595\" srcset=\"https:\/\/bokysee.com\/wp-content\/uploads\/2025\/01\/BK-LXS37P-Detail_08.jpg 800w, https:\/\/bokysee.com\/wp-content\/uploads\/2025\/01\/BK-LXS37P-Detail_08-300x223.jpg 300w, https:\/\/bokysee.com\/wp-content\/uploads\/2025\/01\/BK-LXS37P-Detail_08-768x571.jpg 768w, https:\/\/bokysee.com\/wp-content\/uploads\/2025\/01\/BK-LXS37P-Detail_08-600x446.jpg 600w\" sizes=\"(max-width: 800px) 100vw, 800px\" \/> <img loading=\"lazy\" decoding=\"async\" class=\"alignnone size-full wp-image-13181\" src=\"https:\/\/bokysee.com\/wp-content\/uploads\/2025\/01\/BK-LXS37P-Detail_09.jpg\" alt=\"\" width=\"800\" height=\"950\" srcset=\"https:\/\/bokysee.com\/wp-content\/uploads\/2025\/01\/BK-LXS37P-Detail_09.jpg 800w, https:\/\/bokysee.com\/wp-content\/uploads\/2025\/01\/BK-LXS37P-Detail_09-253x300.jpg 253w, https:\/\/bokysee.com\/wp-content\/uploads\/2025\/01\/BK-LXS37P-Detail_09-768x912.jpg 768w, https:\/\/bokysee.com\/wp-content\/uploads\/2025\/01\/BK-LXS37P-Detail_09-505x600.jpg 505w, https:\/\/bokysee.com\/wp-content\/uploads\/2025\/01\/BK-LXS37P-Detail_09-600x713.jpg 600w\" sizes=\"(max-width: 800px) 100vw, 800px\" \/> <img loading=\"lazy\" decoding=\"async\" class=\"alignnone size-full wp-image-13182\" src=\"https:\/\/bokysee.com\/wp-content\/uploads\/2025\/01\/BK-LXS37P-Detail_10.jpg\" alt=\"\" width=\"800\" height=\"934\" srcset=\"https:\/\/bokysee.com\/wp-content\/uploads\/2025\/01\/BK-LXS37P-Detail_10.jpg 800w, https:\/\/bokysee.com\/wp-content\/uploads\/2025\/01\/BK-LXS37P-Detail_10-257x300.jpg 257w, https:\/\/bokysee.com\/wp-content\/uploads\/2025\/01\/BK-LXS37P-Detail_10-768x897.jpg 768w, https:\/\/bokysee.com\/wp-content\/uploads\/2025\/01\/BK-LXS37P-Detail_10-514x600.jpg 514w, https:\/\/bokysee.com\/wp-content\/uploads\/2025\/01\/BK-LXS37P-Detail_10-600x701.jpg 600w\" sizes=\"(max-width: 800px) 100vw, 800px\" \/> <img loading=\"lazy\" decoding=\"async\" class=\"alignnone size-full wp-image-13183\" src=\"https:\/\/bokysee.com\/wp-content\/uploads\/2025\/01\/BK-LXS37P-Detail_11.jpg\" alt=\"\" width=\"800\" height=\"627\" srcset=\"https:\/\/bokysee.com\/wp-content\/uploads\/2025\/01\/BK-LXS37P-Detail_11.jpg 800w, https:\/\/bokysee.com\/wp-content\/uploads\/2025\/01\/BK-LXS37P-Detail_11-300x235.jpg 300w, https:\/\/bokysee.com\/wp-content\/uploads\/2025\/01\/BK-LXS37P-Detail_11-768x602.jpg 768w, https:\/\/bokysee.com\/wp-content\/uploads\/2025\/01\/BK-LXS37P-Detail_11-600x470.jpg 600w\" sizes=\"(max-width: 800px) 100vw, 800px\" \/><\/p>\n<p>&nbsp;<\/p>\n<p><strong>Sobre nosotros:<\/strong><\/p>\n<p><img loading=\"lazy\" decoding=\"async\" class=\"alignnone size-full wp-image-12939\" src=\"https:\/\/bokysee.com\/wp-content\/uploads\/2025\/01\/Bokysee-CCTV-Company.jpg\" alt=\"\" width=\"961\" height=\"543\" srcset=\"https:\/\/bokysee.com\/wp-content\/uploads\/2025\/01\/Bokysee-CCTV-Company.jpg 961w, https:\/\/bokysee.com\/wp-content\/uploads\/2025\/01\/Bokysee-CCTV-Company-300x170.jpg 300w, https:\/\/bokysee.com\/wp-content\/uploads\/2025\/01\/Bokysee-CCTV-Company-768x434.jpg 768w, https:\/\/bokysee.com\/wp-content\/uploads\/2025\/01\/Bokysee-CCTV-Company-600x339.jpg 600w\" sizes=\"(max-width: 961px) 100vw, 961px\" \/><\/p>\n<p>Taller de f\u00e1brica:<\/p>\n<p><img loading=\"lazy\" decoding=\"async\" class=\"alignnone size-full wp-image-12940\" src=\"https:\/\/bokysee.com\/wp-content\/uploads\/2025\/01\/Bokysee-CCTV-Workshop.jpg\" alt=\"\" width=\"1282\" height=\"726\" srcset=\"https:\/\/bokysee.com\/wp-content\/uploads\/2025\/01\/Bokysee-CCTV-Workshop.jpg 1282w, https:\/\/bokysee.com\/wp-content\/uploads\/2025\/01\/Bokysee-CCTV-Workshop-300x170.jpg 300w, https:\/\/bokysee.com\/wp-content\/uploads\/2025\/01\/Bokysee-CCTV-Workshop-1024x580.jpg 1024w, https:\/\/bokysee.com\/wp-content\/uploads\/2025\/01\/Bokysee-CCTV-Workshop-768x435.jpg 768w, https:\/\/bokysee.com\/wp-content\/uploads\/2025\/01\/Bokysee-CCTV-Workshop-600x340.jpg 600w\" sizes=\"(max-width: 1282px) 100vw, 1282px\" \/><\/p>","protected":false},"excerpt":{"rendered":"<p><strong>C\u00e1mara PTZ con reflector solar:<\/strong><br \/>\n\u25cf Sensor: 3MP, 4MP<br \/>\n\u25cf Visi\u00f3n nocturna: Visi\u00f3n nocturna a todo color \/ IR<br \/>\n\u25cf Audio: Audio bidireccional, sensor PIR, detecci\u00f3n humana<br \/>\nDetecci\u00f3n y seguimiento autom\u00e1tico del movimiento humano<br \/>\n\u25cf Alarma de sirena incorporada<br \/>\n\u25cf PAN 355\u00b0 Inclinaci\u00f3n 90\u00b0, IP65<br \/>\n\u25cf Lente: Lente clase Starlight 3,6 mm\/110\u00b0<br \/>\n\u25cf LED: 6xLED, distancia IR 30M<br \/>\n\u25cf Proyector: 1500 LM = 150 vatios de brillo<br \/>\n\u25cf Temperatura de color: 6500 K, cumple con el est\u00e1ndar de iluminaci\u00f3n<br \/>\n\u25cf Luz c\u00e1lida: Distancia de luces c\u00e1lidas 30M<br \/>\n\u25cf Almacenamiento: Almacenamiento en la nube + tarjeta TF (m\u00e1ximo 128 GB)<br \/>\n\u25cf Panel solar: 8 W (cable de extensi\u00f3n de 3 m)<br \/>\n\u25cf Bater\u00eda: bater\u00eda recargable incorporada de 20.000 mAh<\/p>","protected":false},"featured_media":13169,"template":"","meta":[],"product_brand":[],"product_cat":[1111,1110],"product_tag":[1207,1209,1208],"class_list":{"0":"post-13167","1":"product","2":"type-product","3":"status-publish","4":"has-post-thumbnail","6":"product_cat-4g-solar-camera","7":"product_cat-wifi-solar-camera","8":"product_tag-floodlight-home-camera","9":"product_tag-garden-light-camera","10":"product_tag-solar-powered-cellular-security-camera","12":"first","13":"instock","14":"shipping-taxable","15":"product-type-simple"},"acf":[],"yoast_head":"<!-- This site is optimized with the Yoast SEO Premium plugin v20.2.1 (Yoast SEO v26.1.1) - https:\/\/yoast.com\/wordpress\/plugins\/seo\/ -->\n<title>Solar Powered Garden Light Cellular Ubox Wireless Security Camera - Bokysee Technology Co.,LTD<\/title>\n<meta name=\"description\" content=\"Bokysee 4G 8W Solar Powered Garden Light Camera Ubox Wireless HD Floodlight Cellular Home Camera With Mobile Phone Remote\" \/>\n<meta name=\"robots\" content=\"index, follow, max-snippet:-1, max-image-preview:large, max-video-preview:-1\" \/>\n<link rel=\"canonical\" href=\"https:\/\/bokysee.com\/es\/products\/solar-powered-garden-light-cellular-ubox-wireless-security-camera\/\" \/>\n<meta property=\"og:locale\" content=\"es_ES\" \/>\n<meta property=\"og:type\" content=\"article\" \/>\n<meta property=\"og:title\" content=\"Solar Powered Garden Light Cellular Ubox Wireless Security Camera\" \/>\n<meta property=\"og:description\" content=\"Bokysee 4G 8W Solar Powered Garden Light Camera Ubox Wireless HD Floodlight Cellular Home Camera With Mobile Phone Remote\" \/>\n<meta property=\"og:url\" content=\"https:\/\/bokysee.com\/es\/products\/solar-powered-garden-light-cellular-ubox-wireless-security-camera\/\" \/>\n<meta property=\"og:site_name\" content=\"Bokysee Technology Co.,LTD\" \/>\n<meta property=\"article:modified_time\" content=\"2025-01-22T08:26:19+00:00\" \/>\n<meta property=\"og:image\" content=\"https:\/\/bokysee.com\/wp-content\/uploads\/2025\/01\/BK-LXS37P-M1.jpg\" \/>\n\t<meta property=\"og:image:width\" content=\"800\" \/>\n\t<meta property=\"og:image:height\" content=\"800\" \/>\n\t<meta property=\"og:image:type\" content=\"image\/jpeg\" \/>\n<meta name=\"twitter:card\" content=\"summary_large_image\" \/>\n<meta name=\"twitter:label1\" content=\"Tiempo de lectura\" \/>\n\t<meta name=\"twitter:data1\" content=\"4 minutos\" \/>\n<script type=\"application\/ld+json\" class=\"yoast-schema-graph\">{\"@context\":\"https:\/\/schema.org\",\"@graph\":[{\"@type\":\"WebPage\",\"@id\":\"https:\/\/bokysee.com\/products\/solar-powered-garden-light-cellular-ubox-wireless-security-camera\/\",\"url\":\"https:\/\/bokysee.com\/products\/solar-powered-garden-light-cellular-ubox-wireless-security-camera\/\",\"name\":\"Solar Powered Garden Light Cellular Ubox Wireless Security Camera - Bokysee Technology Co.,LTD\",\"isPartOf\":{\"@id\":\"https:\/\/bokysee.com\/#website\"},\"primaryImageOfPage\":{\"@id\":\"https:\/\/bokysee.com\/products\/solar-powered-garden-light-cellular-ubox-wireless-security-camera\/#primaryimage\"},\"image\":{\"@id\":\"https:\/\/bokysee.com\/products\/solar-powered-garden-light-cellular-ubox-wireless-security-camera\/#primaryimage\"},\"thumbnailUrl\":\"https:\/\/bokysee.com\/wp-content\/uploads\/2025\/01\/BK-LXS37P-M1.jpg\",\"datePublished\":\"2025-01-22T08:24:42+00:00\",\"dateModified\":\"2025-01-22T08:26:19+00:00\",\"description\":\"Bokysee 4G 8W Solar Powered Garden Light Camera Ubox Wireless HD Floodlight Cellular Home Camera With Mobile Phone Remote\",\"breadcrumb\":{\"@id\":\"https:\/\/bokysee.com\/products\/solar-powered-garden-light-cellular-ubox-wireless-security-camera\/#breadcrumb\"},\"inLanguage\":\"es\",\"potentialAction\":[{\"@type\":\"ReadAction\",\"target\":[\"https:\/\/bokysee.com\/products\/solar-powered-garden-light-cellular-ubox-wireless-security-camera\/\"]}]},{\"@type\":\"ImageObject\",\"inLanguage\":\"es\",\"@id\":\"https:\/\/bokysee.com\/products\/solar-powered-garden-light-cellular-ubox-wireless-security-camera\/#primaryimage\",\"url\":\"https:\/\/bokysee.com\/wp-content\/uploads\/2025\/01\/BK-LXS37P-M1.jpg\",\"contentUrl\":\"https:\/\/bokysee.com\/wp-content\/uploads\/2025\/01\/BK-LXS37P-M1.jpg\",\"width\":800,\"height\":800},{\"@type\":\"BreadcrumbList\",\"@id\":\"https:\/\/bokysee.com\/products\/solar-powered-garden-light-cellular-ubox-wireless-security-camera\/#breadcrumb\",\"itemListElement\":[{\"@type\":\"ListItem\",\"position\":1,\"name\":\"Home\",\"item\":\"https:\/\/bokysee.com\/\"},{\"@type\":\"ListItem\",\"position\":2,\"name\":\"Products\",\"item\":\"https:\/\/bokysee.com\/products\/\"},{\"@type\":\"ListItem\",\"position\":3,\"name\":\"Solar Powered Garden Light Cellular Ubox Wireless Security Camera\"}]},{\"@type\":\"WebSite\",\"@id\":\"https:\/\/bokysee.com\/#website\",\"url\":\"https:\/\/bokysee.com\/\",\"name\":\"Bokysee Technology Co.,LTD\",\"description\":\"Professional Smart Indoor and Outdoor Security Cameras Solution Supplier\",\"potentialAction\":[{\"@type\":\"SearchAction\",\"target\":{\"@type\":\"EntryPoint\",\"urlTemplate\":\"https:\/\/bokysee.com\/?s={search_term_string}\"},\"query-input\":{\"@type\":\"PropertyValueSpecification\",\"valueRequired\":true,\"valueName\":\"search_term_string\"}}],\"inLanguage\":\"es\"}]}<\/script>\n<!-- \/ Yoast SEO Premium plugin. -->","yoast_head_json":{"title":"Solar Powered Garden Light Cellular Ubox Wireless Security Camera - Bokysee Technology Co.,LTD","description":"Bokysee 4G 8W Solar Powered Garden Light Camera Ubox Wireless HD Floodlight Cellular Home Camera With Mobile Phone Remote","robots":{"index":"index","follow":"follow","max-snippet":"max-snippet:-1","max-image-preview":"max-image-preview:large","max-video-preview":"max-video-preview:-1"},"canonical":"https:\/\/bokysee.com\/es\/products\/solar-powered-garden-light-cellular-ubox-wireless-security-camera\/","og_locale":"es_ES","og_type":"article","og_title":"Solar Powered Garden Light Cellular Ubox Wireless Security Camera","og_description":"Bokysee 4G 8W Solar Powered Garden Light Camera Ubox Wireless HD Floodlight Cellular Home Camera With Mobile Phone Remote","og_url":"https:\/\/bokysee.com\/es\/products\/solar-powered-garden-light-cellular-ubox-wireless-security-camera\/","og_site_name":"Bokysee Technology Co.,LTD","article_modified_time":"2025-01-22T08:26:19+00:00","og_image":[{"width":800,"height":800,"url":"https:\/\/bokysee.com\/wp-content\/uploads\/2025\/01\/BK-LXS37P-M1.jpg","type":"image\/jpeg"}],"twitter_card":"summary_large_image","twitter_misc":{"Tiempo de lectura":"4 minutos"},"schema":{"@context":"https:\/\/schema.org","@graph":[{"@type":"WebPage","@id":"https:\/\/bokysee.com\/products\/solar-powered-garden-light-cellular-ubox-wireless-security-camera\/","url":"https:\/\/bokysee.com\/products\/solar-powered-garden-light-cellular-ubox-wireless-security-camera\/","name":"Solar Powered Garden Light Cellular Ubox Wireless Security Camera - Bokysee Technology Co.,LTD","isPartOf":{"@id":"https:\/\/bokysee.com\/#website"},"primaryImageOfPage":{"@id":"https:\/\/bokysee.com\/products\/solar-powered-garden-light-cellular-ubox-wireless-security-camera\/#primaryimage"},"image":{"@id":"https:\/\/bokysee.com\/products\/solar-powered-garden-light-cellular-ubox-wireless-security-camera\/#primaryimage"},"thumbnailUrl":"https:\/\/bokysee.com\/wp-content\/uploads\/2025\/01\/BK-LXS37P-M1.jpg","datePublished":"2025-01-22T08:24:42+00:00","dateModified":"2025-01-22T08:26:19+00:00","description":"Bokysee 4G 8W Solar Powered Garden Light Camera Ubox Wireless HD Floodlight Cellular Home Camera With Mobile Phone Remote","breadcrumb":{"@id":"https:\/\/bokysee.com\/products\/solar-powered-garden-light-cellular-ubox-wireless-security-camera\/#breadcrumb"},"inLanguage":"es","potentialAction":[{"@type":"ReadAction","target":["https:\/\/bokysee.com\/products\/solar-powered-garden-light-cellular-ubox-wireless-security-camera\/"]}]},{"@type":"ImageObject","inLanguage":"es","@id":"https:\/\/bokysee.com\/products\/solar-powered-garden-light-cellular-ubox-wireless-security-camera\/#primaryimage","url":"https:\/\/bokysee.com\/wp-content\/uploads\/2025\/01\/BK-LXS37P-M1.jpg","contentUrl":"https:\/\/bokysee.com\/wp-content\/uploads\/2025\/01\/BK-LXS37P-M1.jpg","width":800,"height":800},{"@type":"BreadcrumbList","@id":"https:\/\/bokysee.com\/products\/solar-powered-garden-light-cellular-ubox-wireless-security-camera\/#breadcrumb","itemListElement":[{"@type":"ListItem","position":1,"name":"Home","item":"https:\/\/bokysee.com\/"},{"@type":"ListItem","position":2,"name":"Products","item":"https:\/\/bokysee.com\/products\/"},{"@type":"ListItem","position":3,"name":"Solar Powered Garden Light Cellular Ubox Wireless Security Camera"}]},{"@type":"WebSite","@id":"https:\/\/bokysee.com\/#website","url":"https:\/\/bokysee.com\/","name":"Bokysee Technology Co.,LTD","description":"Professional Smart Indoor and Outdoor Security Cameras Solution Supplier","potentialAction":[{"@type":"SearchAction","target":{"@type":"EntryPoint","urlTemplate":"https:\/\/bokysee.com\/?s={search_term_string}"},"query-input":{"@type":"PropertyValueSpecification","valueRequired":true,"valueName":"search_term_string"}}],"inLanguage":"es"}]}},"_links":{"self":[{"href":"https:\/\/bokysee.com\/es\/wp-json\/wp\/v2\/product\/13167","targetHints":{"allow":["GET"]}}],"collection":[{"href":"https:\/\/bokysee.com\/es\/wp-json\/wp\/v2\/product"}],"about":[{"href":"https:\/\/bokysee.com\/es\/wp-json\/wp\/v2\/types\/product"}],"version-history":[{"count":0,"href":"https:\/\/bokysee.com\/es\/wp-json\/wp\/v2\/product\/13167\/revisions"}],"wp:featuredmedia":[{"embeddable":true,"href":"https:\/\/bokysee.com\/es\/wp-json\/wp\/v2\/media\/13169"}],"wp:attachment":[{"href":"https:\/\/bokysee.com\/es\/wp-json\/wp\/v2\/media?parent=13167"}],"wp:term":[{"taxonomy":"product_brand","embeddable":true,"href":"https:\/\/bokysee.com\/es\/wp-json\/wp\/v2\/product_brand?post=13167"},{"taxonomy":"product_cat","embeddable":true,"href":"https:\/\/bokysee.com\/es\/wp-json\/wp\/v2\/product_cat?post=13167"},{"taxonomy":"product_tag","embeddable":true,"href":"https:\/\/bokysee.com\/es\/wp-json\/wp\/v2\/product_tag?post=13167"}],"curies":[{"name":"wp","href":"https:\/\/api.w.org\/{rel}","templated":true}]}}