{"id":13140,"date":"2025-01-22T16:12:44","date_gmt":"2025-01-22T08:12:44","guid":{"rendered":"https:\/\/bokysee.com\/?post_type=product&#038;p=13140"},"modified":"2025-01-22T16:12:45","modified_gmt":"2025-01-22T08:12:45","slug":"solar-panel-cctv-powered-video-surveillance-trail-hunting-camera","status":"publish","type":"product","link":"https:\/\/bokysee.com\/es\/products\/solar-panel-cctv-powered-video-surveillance-trail-hunting-camera\/","title":{"rendered":"C\u00e1mara de vigilancia de video CCTV con panel solar para caza de senderos"},"content":{"rendered":"<p><strong>C\u00e1mara de vigilancia de video CCTV con panel solar para caza de senderos<\/strong><\/p>\n<p>La mini c\u00e1mara solar PTZ Bokysee 4G de 4 MP es perfecta para la caza y el monitoreo de fauna silvestre. Cuenta con visi\u00f3n nocturna a color, detecci\u00f3n de personas y animales, y un dise\u00f1o de camuflaje para un uso discreto. Con conectividad 4G y energ\u00eda solar, es ideal para vigilancia en exteriores con un consumo energ\u00e9tico eficiente.<\/p>\n<p><img fetchpriority=\"high\" decoding=\"async\" class=\"alignnone size-full wp-image-13149\" src=\"https:\/\/bokysee.com\/wp-content\/uploads\/2025\/01\/BK-LXS33P-M8.jpg\" alt=\"\" width=\"800\" height=\"800\" srcset=\"https:\/\/bokysee.com\/wp-content\/uploads\/2025\/01\/BK-LXS33P-M8.jpg 800w, https:\/\/bokysee.com\/wp-content\/uploads\/2025\/01\/BK-LXS33P-M8-300x300.jpg 300w, https:\/\/bokysee.com\/wp-content\/uploads\/2025\/01\/BK-LXS33P-M8-150x150.jpg 150w, https:\/\/bokysee.com\/wp-content\/uploads\/2025\/01\/BK-LXS33P-M8-768x768.jpg 768w, https:\/\/bokysee.com\/wp-content\/uploads\/2025\/01\/BK-LXS33P-M8-600x600.jpg 600w, https:\/\/bokysee.com\/wp-content\/uploads\/2025\/01\/BK-LXS33P-M8-100x100.jpg 100w\" sizes=\"(max-width: 800px) 100vw, 800px\" \/><img decoding=\"async\" class=\"alignnone size-full wp-image-13151\" src=\"https:\/\/bokysee.com\/wp-content\/uploads\/2025\/01\/BK-LXS33P-PSD_01.jpg\" alt=\"\" width=\"800\" height=\"550\" srcset=\"https:\/\/bokysee.com\/wp-content\/uploads\/2025\/01\/BK-LXS33P-PSD_01.jpg 800w, https:\/\/bokysee.com\/wp-content\/uploads\/2025\/01\/BK-LXS33P-PSD_01-300x206.jpg 300w, https:\/\/bokysee.com\/wp-content\/uploads\/2025\/01\/BK-LXS33P-PSD_01-768x528.jpg 768w, https:\/\/bokysee.com\/wp-content\/uploads\/2025\/01\/BK-LXS33P-PSD_01-600x413.jpg 600w\" sizes=\"(max-width: 800px) 100vw, 800px\" \/> <img decoding=\"async\" class=\"alignnone size-full wp-image-13152\" src=\"https:\/\/bokysee.com\/wp-content\/uploads\/2025\/01\/BK-LXS33P-PSD_02.jpg\" alt=\"\" width=\"800\" height=\"400\" srcset=\"https:\/\/bokysee.com\/wp-content\/uploads\/2025\/01\/BK-LXS33P-PSD_02.jpg 800w, https:\/\/bokysee.com\/wp-content\/uploads\/2025\/01\/BK-LXS33P-PSD_02-300x150.jpg 300w, https:\/\/bokysee.com\/wp-content\/uploads\/2025\/01\/BK-LXS33P-PSD_02-768x384.jpg 768w, https:\/\/bokysee.com\/wp-content\/uploads\/2025\/01\/BK-LXS33P-PSD_02-600x300.jpg 600w\" sizes=\"(max-width: 800px) 100vw, 800px\" \/> <img loading=\"lazy\" decoding=\"async\" class=\"alignnone size-full wp-image-13153\" src=\"https:\/\/bokysee.com\/wp-content\/uploads\/2025\/01\/BK-LXS33P-PSD_03.jpg\" alt=\"\" width=\"800\" height=\"637\" srcset=\"https:\/\/bokysee.com\/wp-content\/uploads\/2025\/01\/BK-LXS33P-PSD_03.jpg 800w, https:\/\/bokysee.com\/wp-content\/uploads\/2025\/01\/BK-LXS33P-PSD_03-300x239.jpg 300w, https:\/\/bokysee.com\/wp-content\/uploads\/2025\/01\/BK-LXS33P-PSD_03-768x612.jpg 768w, https:\/\/bokysee.com\/wp-content\/uploads\/2025\/01\/BK-LXS33P-PSD_03-600x478.jpg 600w\" sizes=\"(max-width: 800px) 100vw, 800px\" \/> <img loading=\"lazy\" decoding=\"async\" class=\"alignnone size-full wp-image-13154\" src=\"https:\/\/bokysee.com\/wp-content\/uploads\/2025\/01\/BK-LXS33P-PSD_04.jpg\" alt=\"\" width=\"800\" height=\"607\" srcset=\"https:\/\/bokysee.com\/wp-content\/uploads\/2025\/01\/BK-LXS33P-PSD_04.jpg 800w, https:\/\/bokysee.com\/wp-content\/uploads\/2025\/01\/BK-LXS33P-PSD_04-300x228.jpg 300w, https:\/\/bokysee.com\/wp-content\/uploads\/2025\/01\/BK-LXS33P-PSD_04-768x583.jpg 768w, https:\/\/bokysee.com\/wp-content\/uploads\/2025\/01\/BK-LXS33P-PSD_04-600x455.jpg 600w\" sizes=\"(max-width: 800px) 100vw, 800px\" \/> <img loading=\"lazy\" decoding=\"async\" class=\"alignnone size-full wp-image-13155\" src=\"https:\/\/bokysee.com\/wp-content\/uploads\/2025\/01\/BK-LXS33P-PSD_05.jpg\" alt=\"\" width=\"800\" height=\"613\" srcset=\"https:\/\/bokysee.com\/wp-content\/uploads\/2025\/01\/BK-LXS33P-PSD_05.jpg 800w, https:\/\/bokysee.com\/wp-content\/uploads\/2025\/01\/BK-LXS33P-PSD_05-300x230.jpg 300w, https:\/\/bokysee.com\/wp-content\/uploads\/2025\/01\/BK-LXS33P-PSD_05-768x588.jpg 768w, https:\/\/bokysee.com\/wp-content\/uploads\/2025\/01\/BK-LXS33P-PSD_05-600x460.jpg 600w\" sizes=\"(max-width: 800px) 100vw, 800px\" \/> <img loading=\"lazy\" decoding=\"async\" class=\"alignnone size-full wp-image-13156\" src=\"https:\/\/bokysee.com\/wp-content\/uploads\/2025\/01\/BK-LXS33P-PSD_06.jpg\" alt=\"\" width=\"800\" height=\"722\" srcset=\"https:\/\/bokysee.com\/wp-content\/uploads\/2025\/01\/BK-LXS33P-PSD_06.jpg 800w, https:\/\/bokysee.com\/wp-content\/uploads\/2025\/01\/BK-LXS33P-PSD_06-300x271.jpg 300w, https:\/\/bokysee.com\/wp-content\/uploads\/2025\/01\/BK-LXS33P-PSD_06-768x693.jpg 768w, https:\/\/bokysee.com\/wp-content\/uploads\/2025\/01\/BK-LXS33P-PSD_06-600x542.jpg 600w\" sizes=\"(max-width: 800px) 100vw, 800px\" \/> <img loading=\"lazy\" decoding=\"async\" class=\"alignnone size-full wp-image-13157\" src=\"https:\/\/bokysee.com\/wp-content\/uploads\/2025\/01\/BK-LXS33P-PSD_07.jpg\" alt=\"\" width=\"800\" height=\"729\" srcset=\"https:\/\/bokysee.com\/wp-content\/uploads\/2025\/01\/BK-LXS33P-PSD_07.jpg 800w, https:\/\/bokysee.com\/wp-content\/uploads\/2025\/01\/BK-LXS33P-PSD_07-300x273.jpg 300w, https:\/\/bokysee.com\/wp-content\/uploads\/2025\/01\/BK-LXS33P-PSD_07-768x700.jpg 768w, https:\/\/bokysee.com\/wp-content\/uploads\/2025\/01\/BK-LXS33P-PSD_07-600x547.jpg 600w\" sizes=\"(max-width: 800px) 100vw, 800px\" \/> <img loading=\"lazy\" decoding=\"async\" class=\"alignnone size-full wp-image-13158\" src=\"https:\/\/bokysee.com\/wp-content\/uploads\/2025\/01\/BK-LXS33P-PSD_08.jpg\" alt=\"\" width=\"800\" height=\"504\" srcset=\"https:\/\/bokysee.com\/wp-content\/uploads\/2025\/01\/BK-LXS33P-PSD_08.jpg 800w, https:\/\/bokysee.com\/wp-content\/uploads\/2025\/01\/BK-LXS33P-PSD_08-300x189.jpg 300w, https:\/\/bokysee.com\/wp-content\/uploads\/2025\/01\/BK-LXS33P-PSD_08-768x484.jpg 768w, https:\/\/bokysee.com\/wp-content\/uploads\/2025\/01\/BK-LXS33P-PSD_08-600x378.jpg 600w\" sizes=\"(max-width: 800px) 100vw, 800px\" \/><\/p>\n<table width=\"759\">\n<tbody>\n<tr>\n<td colspan=\"6\" width=\"759\">Descripci\u00f3n del Producto<\/td>\n<\/tr>\n<tr>\n<td colspan=\"2\">Modelo: BK-LXS33P<\/td>\n<td>Versi\u00f3n<\/td>\n<td>Banda<\/td>\n<td>Wi-Fi<\/td>\n<td>4G<\/td>\n<\/tr>\n<tr>\n<td rowspan=\"7\">Red<\/td>\n<td rowspan=\"2\" width=\"145\">Frecuencia WiFi inal\u00e1mbrica<\/td>\n<td>2,4 GHz<\/td>\n<td width=\"125\">Borrador IEEE802.11b, 802.11g, 802.11n<\/td>\n<td>Apoyo<\/td>\n<td>N \/ A<\/td>\n<\/tr>\n<tr>\n<td>5,0 GHz<\/td>\n<td>N \/ A<\/td>\n<td>N \/ A<\/td>\n<td>N \/ A<\/td>\n<\/tr>\n<tr>\n<td rowspan=\"5\" width=\"145\">Tarjeta nano SIM 4G<\/td>\n<td width=\"125\">Sudeste Asi\u00e1tico<\/td>\n<td width=\"125\">B1\/B3\/B5\/B8\/B34\/B38\/B39\/B40\/B41<\/td>\n<td>N \/ A<\/td>\n<td>Apoyo<\/td>\n<\/tr>\n<tr>\n<td>Australia<\/td>\n<td width=\"125\">B1\/B2\/B3\/B4\/B5\/B7\/B8\/B28\/B40\/B66<\/td>\n<td>N \/ A<\/td>\n<td>Apoyo<\/td>\n<\/tr>\n<tr>\n<td>Jap\u00f3n<\/td>\n<td>B1\/B3\/B8\/B18\/B19\/B26<\/td>\n<td>N \/ A<\/td>\n<td>Apoyo<\/td>\n<\/tr>\n<tr>\n<td>Am\u00e9rica<\/td>\n<td width=\"125\">B2\/B4\/B5\/B12\/B13\/B25\/B26<\/td>\n<td>N \/ A<\/td>\n<td>Apoyo<\/td>\n<\/tr>\n<tr>\n<td>Europa<\/td>\n<td width=\"125\">B1\/B3\/B5\/B7\/B8\/B20<\/td>\n<td>N \/ A<\/td>\n<td>Apoyo<\/td>\n<\/tr>\n<tr>\n<td rowspan=\"7\">Video<\/td>\n<td rowspan=\"2\">Sensor maestro<\/td>\n<td>1296P<\/td>\n<td colspan=\"3\">T31ZL+2063 ing\u00e9nico<\/td>\n<\/tr>\n<tr>\n<td>1440P<\/td>\n<td colspan=\"3\">T31ZX+4653 ing\u00e9nico<\/td>\n<\/tr>\n<tr>\n<td>Resoluci\u00f3n<\/td>\n<td colspan=\"4\">Transmisi\u00f3n principal: 1920\u00d71080 a 15 fps, transmisi\u00f3n secundaria: 640\u00d7360 a 15 fps<\/td>\n<\/tr>\n<tr>\n<td rowspan=\"2\">Formato<\/td>\n<td colspan=\"2\">Formato de compresi\u00f3n<\/td>\n<td colspan=\"2\">H.265<\/td>\n<\/tr>\n<tr>\n<td colspan=\"2\">Formato de archivo de v\u00eddeo<\/td>\n<td colspan=\"2\">MP4<\/td>\n<\/tr>\n<tr>\n<td>Lente<\/td>\n<td colspan=\"4\">Lente de 4 mm F2.0, baja luminosidad, amplio \u00e1ngulo de visi\u00f3n: 120 grados. Zoom digital 4X.<\/td>\n<\/tr>\n<tr>\n<td>Visi\u00f3n nocturna<\/td>\n<td colspan=\"4\">Matriz de 4 LED, distancia de visi\u00f3n nocturna de 30 m. Luz diurna y nocturna a todo color.<\/td>\n<\/tr>\n<tr>\n<td rowspan=\"2\">Audio<\/td>\n<td>Compresi\u00f3n<\/td>\n<td colspan=\"4\">G.726\/AAC. Velocidad de codificaci\u00f3n de audio: 8 kbps, 16 bits<\/td>\n<\/tr>\n<tr>\n<td>Entrada\/Salida<\/td>\n<td colspan=\"4\">Micr\u00f3fono y altavoces integrados, compatible con audio bidireccional.<\/td>\n<\/tr>\n<tr>\n<td rowspan=\"2\">Alarma<\/td>\n<td width=\"145\">Detecci\u00f3n de movimiento PIR<\/td>\n<td colspan=\"4\">Admite un rango m\u00e1ximo de detecci\u00f3n PIR de 12 metros.<\/td>\n<\/tr>\n<tr>\n<td>Vinculaci\u00f3n de alarmas<\/td>\n<td colspan=\"4\" width=\"500\">Grabaci\u00f3n de videos de alarma en tarjeta Micro SD; Env\u00edo de mensajes de alarma a tel\u00e9fono m\u00f3vil<\/td>\n<\/tr>\n<tr>\n<td rowspan=\"3\">Almacenamiento de v\u00eddeo<\/td>\n<td>Tarjeta de memoria<\/td>\n<td colspan=\"4\">Admite tarjetas micro SD de hasta 128 GB. Compatible con almacenamiento en la nube.<\/td>\n<\/tr>\n<tr>\n<td>Registro<\/td>\n<td colspan=\"4\">Grabaci\u00f3n de alarma PIR.<\/td>\n<\/tr>\n<tr>\n<td>Repetici\u00f3n<\/td>\n<td colspan=\"4\">Admite reproducci\u00f3n remota de aplicaciones y descarga de videos<\/td>\n<\/tr>\n<tr>\n<td rowspan=\"6\">Fuente de alimentaci\u00f3n<\/td>\n<td>Paneles solares<\/td>\n<td colspan=\"4\">Panel solar de silicio monocristalino de 3+3 W<\/td>\n<\/tr>\n<tr>\n<td>Bater\u00eda<\/td>\n<td colspan=\"4\">Bater\u00eda incorporada de 2 piezas 21700, volumen total m\u00e1ximo de 9600 mAh<\/td>\n<\/tr>\n<tr>\n<td>Modo de funcionamiento<\/td>\n<td colspan=\"4\">Modo de trabajo de bajo consumo<\/td>\n<\/tr>\n<tr>\n<td>M\u00e9todo de despertar<\/td>\n<td colspan=\"4\">Activaci\u00f3n de alarma PIR, activaci\u00f3n manual remota<\/td>\n<\/tr>\n<tr>\n<td>Hibernaci\u00f3n<\/td>\n<td colspan=\"4\">Cuando finaliza la alarma o se desconecta la conexi\u00f3n remota.<\/td>\n<\/tr>\n<tr>\n<td width=\"145\">Consumo de energ\u00eda<\/td>\n<td colspan=\"4\">Consumo en espera durante el sue\u00f1o: 0,03 W; en funcionamiento: 1,3 W durante el d\u00eda\/3 W durante la noche<\/td>\n<\/tr>\n<tr>\n<td rowspan=\"2\">PTZ<\/td>\n<td>\u00c1ngulo de rotaci\u00f3n<\/td>\n<td colspan=\"4\">Panor\u00e1mica horizontal: 0\u00b0\uff5e355\u00b0, Inclinaci\u00f3n vertical: 0\u00b0\uff5e120\u00b0<\/td>\n<\/tr>\n<tr>\n<td>Velocidad de centrifugado<\/td>\n<td colspan=\"4\">Velocidad horizontal: 10\u00b0\uff5e 30\u00b0\/S; Velocidad vertical: 8\u00b0\uff5e 25\u00b0\/S<\/td>\n<\/tr>\n<tr>\n<td rowspan=\"7\">Otro<\/td>\n<td>Entrada de potencia<\/td>\n<td colspan=\"4\">CC 5 V 2 A<\/td>\n<\/tr>\n<tr>\n<td>Ambiente<\/td>\n<td colspan=\"4\">Ambiente -20\u2103~+60\u2103(-4\u2109~+140\u2109), Humedad 10%\uff5e80%, sin condensaci\u00f3n<\/td>\n<\/tr>\n<tr>\n<td>Material de la carcasa<\/td>\n<td colspan=\"4\">Material pl\u00e1stico ABS ign\u00edfugo, a prueba de vandalismo, nivel de impermeabilidad IP65<\/td>\n<\/tr>\n<tr>\n<td>Cable de alimentaci\u00f3n<\/td>\n<td colspan=\"4\">Interfaz tipo C, cable de extensi\u00f3n de 3 metros<\/td>\n<\/tr>\n<tr>\n<td>Tama\u00f1o del producto<\/td>\n<td colspan=\"4\">220 mm \u00d7 150 mm \u00d7 109 mm (largo \u00d7 ancho \u00d7 alto)<\/td>\n<\/tr>\n<tr>\n<td width=\"145\">Dimensiones del paquete<\/td>\n<td colspan=\"4\">245 x 218 x 124 mm (largo x ancho x alto);<\/td>\n<\/tr>\n<tr>\n<td>Lista de embalaje<\/td>\n<td colspan=\"4\" width=\"500\">C\u00e1mara IP, Antena, Panel solar, Soporte, Tornillos de montaje, Destornillador, Cable USB, Manual, Brida<\/td>\n<\/tr>\n<\/tbody>\n<\/table>\n<p>&nbsp;<\/p>\n<p><strong>Sobre nosotros:<\/strong><\/p>\n<p><img loading=\"lazy\" decoding=\"async\" class=\"alignnone size-full wp-image-12939\" src=\"https:\/\/bokysee.com\/wp-content\/uploads\/2025\/01\/Bokysee-CCTV-Company.jpg\" alt=\"\" width=\"961\" height=\"543\" srcset=\"https:\/\/bokysee.com\/wp-content\/uploads\/2025\/01\/Bokysee-CCTV-Company.jpg 961w, https:\/\/bokysee.com\/wp-content\/uploads\/2025\/01\/Bokysee-CCTV-Company-300x170.jpg 300w, https:\/\/bokysee.com\/wp-content\/uploads\/2025\/01\/Bokysee-CCTV-Company-768x434.jpg 768w, https:\/\/bokysee.com\/wp-content\/uploads\/2025\/01\/Bokysee-CCTV-Company-600x339.jpg 600w\" sizes=\"(max-width: 961px) 100vw, 961px\" \/><\/p>\n<p>Taller de f\u00e1brica:<\/p>\n<p><img loading=\"lazy\" decoding=\"async\" class=\"alignnone size-full wp-image-12940\" src=\"https:\/\/bokysee.com\/wp-content\/uploads\/2025\/01\/Bokysee-CCTV-Workshop.jpg\" alt=\"\" width=\"1282\" height=\"726\" srcset=\"https:\/\/bokysee.com\/wp-content\/uploads\/2025\/01\/Bokysee-CCTV-Workshop.jpg 1282w, https:\/\/bokysee.com\/wp-content\/uploads\/2025\/01\/Bokysee-CCTV-Workshop-300x170.jpg 300w, https:\/\/bokysee.com\/wp-content\/uploads\/2025\/01\/Bokysee-CCTV-Workshop-1024x580.jpg 1024w, https:\/\/bokysee.com\/wp-content\/uploads\/2025\/01\/Bokysee-CCTV-Workshop-768x435.jpg 768w, https:\/\/bokysee.com\/wp-content\/uploads\/2025\/01\/Bokysee-CCTV-Workshop-600x340.jpg 600w\" sizes=\"(max-width: 1282px) 100vw, 1282px\" \/><\/p>","protected":false},"excerpt":{"rendered":"<p><strong>C\u00e1mara solar mini PTZ Starlight de 1\u2033<\/strong><br \/>\n\u25cf Resoluci\u00f3n: 2.0MP y 4.0MP<br \/>\n\u25cf Procesador principal: T31ZL+2063 y T31ZX+4653<br \/>\n\u25cf LED: Matriz de 4 LED, color completo d\u00eda\/noche, distancia IR de 30 M<br \/>\n\u25cf Lente: 4 mm<br \/>\n\u25cf PTZ: giro de 355\u00b0, inclinaci\u00f3n de 90\u00b0;<br \/>\n\u25cf Panel solar: 3,3 W + 3,3 W<br \/>\n\u25cf Micr\u00f3fono y altavoces integrados, audio bidireccional<br \/>\n\u25cf Material: ABS + Metal, resistente al agua IP65<br \/>\n\u25cf Detecci\u00f3n: Detecci\u00f3n humana PIR + Detecci\u00f3n humanoide IA<br \/>\n\u25cf Almacenamiento: Almacenamiento en la nube + tarjeta TF (m\u00e1ximo 128 GB)<br \/>\n\u25cf Bater\u00eda 21700 incorporada, volumen 9600 mAh<br \/>\n\u25cf Fuente de alimentaci\u00f3n: DC5V 2A, tipo C, cable de 3 m<\/p>","protected":false},"featured_media":13145,"template":"","meta":[],"product_brand":[],"product_cat":[1111,1110],"product_tag":[1202,1201,1203],"class_list":{"0":"post-13140","1":"product","2":"type-product","3":"status-publish","4":"has-post-thumbnail","6":"product_cat-4g-solar-camera","7":"product_cat-wifi-solar-camera","8":"product_tag-solar-panel-cctv","9":"product_tag-solar-powered-video-surveillance","10":"product_tag-trail-hunting-network-camera","12":"first","13":"instock","14":"shipping-taxable","15":"product-type-simple"},"acf":[],"yoast_head":"<!-- This site is optimized with the Yoast SEO Premium plugin v20.2.1 (Yoast SEO v26.1.1) - https:\/\/yoast.com\/wordpress\/plugins\/seo\/ -->\n<title>Solar Panel CCTV Powered Video Surveillance Trail Hunting Camera - Bokysee Technology Co.,LTD<\/title>\n<meta name=\"description\" content=\"Bokysee 4MP 4G Mini Solar PTZ Camera Camouflage Trail Hunting Network Camera With Color Night Vision Human Animal Detection\" \/>\n<meta name=\"robots\" content=\"index, follow, max-snippet:-1, max-image-preview:large, max-video-preview:-1\" \/>\n<link rel=\"canonical\" href=\"https:\/\/bokysee.com\/es\/products\/solar-panel-cctv-powered-video-surveillance-trail-hunting-camera\/\" \/>\n<meta property=\"og:locale\" content=\"es_ES\" \/>\n<meta property=\"og:type\" content=\"article\" \/>\n<meta property=\"og:title\" content=\"Solar Panel CCTV Powered Video Surveillance Trail Hunting Camera\" \/>\n<meta property=\"og:description\" content=\"Bokysee 4MP 4G Mini Solar PTZ Camera Camouflage Trail Hunting Network Camera With Color Night Vision Human Animal Detection\" \/>\n<meta property=\"og:url\" content=\"https:\/\/bokysee.com\/es\/products\/solar-panel-cctv-powered-video-surveillance-trail-hunting-camera\/\" \/>\n<meta property=\"og:site_name\" content=\"Bokysee Technology Co.,LTD\" \/>\n<meta property=\"article:modified_time\" content=\"2025-01-22T08:12:45+00:00\" \/>\n<meta property=\"og:image\" content=\"https:\/\/bokysee.com\/wp-content\/uploads\/2025\/01\/BK-LXS33P-M4.jpg\" \/>\n\t<meta property=\"og:image:width\" content=\"800\" \/>\n\t<meta property=\"og:image:height\" content=\"800\" \/>\n\t<meta property=\"og:image:type\" content=\"image\/jpeg\" \/>\n<meta name=\"twitter:card\" content=\"summary_large_image\" \/>\n<meta name=\"twitter:label1\" content=\"Tiempo de lectura\" \/>\n\t<meta name=\"twitter:data1\" content=\"4 minutos\" \/>\n<script type=\"application\/ld+json\" class=\"yoast-schema-graph\">{\"@context\":\"https:\/\/schema.org\",\"@graph\":[{\"@type\":\"WebPage\",\"@id\":\"https:\/\/bokysee.com\/products\/solar-panel-cctv-powered-video-surveillance-trail-hunting-camera\/\",\"url\":\"https:\/\/bokysee.com\/products\/solar-panel-cctv-powered-video-surveillance-trail-hunting-camera\/\",\"name\":\"Solar Panel CCTV Powered Video Surveillance Trail Hunting Camera - Bokysee Technology Co.,LTD\",\"isPartOf\":{\"@id\":\"https:\/\/bokysee.com\/#website\"},\"primaryImageOfPage\":{\"@id\":\"https:\/\/bokysee.com\/products\/solar-panel-cctv-powered-video-surveillance-trail-hunting-camera\/#primaryimage\"},\"image\":{\"@id\":\"https:\/\/bokysee.com\/products\/solar-panel-cctv-powered-video-surveillance-trail-hunting-camera\/#primaryimage\"},\"thumbnailUrl\":\"https:\/\/bokysee.com\/wp-content\/uploads\/2025\/01\/BK-LXS33P-M4.jpg\",\"datePublished\":\"2025-01-22T08:12:44+00:00\",\"dateModified\":\"2025-01-22T08:12:45+00:00\",\"description\":\"Bokysee 4MP 4G Mini Solar PTZ Camera Camouflage Trail Hunting Network Camera With Color Night Vision Human Animal Detection\",\"breadcrumb\":{\"@id\":\"https:\/\/bokysee.com\/products\/solar-panel-cctv-powered-video-surveillance-trail-hunting-camera\/#breadcrumb\"},\"inLanguage\":\"es\",\"potentialAction\":[{\"@type\":\"ReadAction\",\"target\":[\"https:\/\/bokysee.com\/products\/solar-panel-cctv-powered-video-surveillance-trail-hunting-camera\/\"]}]},{\"@type\":\"ImageObject\",\"inLanguage\":\"es\",\"@id\":\"https:\/\/bokysee.com\/products\/solar-panel-cctv-powered-video-surveillance-trail-hunting-camera\/#primaryimage\",\"url\":\"https:\/\/bokysee.com\/wp-content\/uploads\/2025\/01\/BK-LXS33P-M4.jpg\",\"contentUrl\":\"https:\/\/bokysee.com\/wp-content\/uploads\/2025\/01\/BK-LXS33P-M4.jpg\",\"width\":800,\"height\":800},{\"@type\":\"BreadcrumbList\",\"@id\":\"https:\/\/bokysee.com\/products\/solar-panel-cctv-powered-video-surveillance-trail-hunting-camera\/#breadcrumb\",\"itemListElement\":[{\"@type\":\"ListItem\",\"position\":1,\"name\":\"Home\",\"item\":\"https:\/\/bokysee.com\/\"},{\"@type\":\"ListItem\",\"position\":2,\"name\":\"Products\",\"item\":\"https:\/\/bokysee.com\/products\/\"},{\"@type\":\"ListItem\",\"position\":3,\"name\":\"Solar Panel CCTV Powered Video Surveillance Trail Hunting Camera\"}]},{\"@type\":\"WebSite\",\"@id\":\"https:\/\/bokysee.com\/#website\",\"url\":\"https:\/\/bokysee.com\/\",\"name\":\"Bokysee Technology Co.,LTD\",\"description\":\"Professional Smart Indoor and Outdoor Security Cameras Solution Supplier\",\"potentialAction\":[{\"@type\":\"SearchAction\",\"target\":{\"@type\":\"EntryPoint\",\"urlTemplate\":\"https:\/\/bokysee.com\/?s={search_term_string}\"},\"query-input\":{\"@type\":\"PropertyValueSpecification\",\"valueRequired\":true,\"valueName\":\"search_term_string\"}}],\"inLanguage\":\"es\"}]}<\/script>\n<!-- \/ Yoast SEO Premium plugin. -->","yoast_head_json":{"title":"Solar Panel CCTV Powered Video Surveillance Trail Hunting Camera - Bokysee Technology Co.,LTD","description":"Bokysee 4MP 4G Mini Solar PTZ Camera Camouflage Trail Hunting Network Camera With Color Night Vision Human Animal Detection","robots":{"index":"index","follow":"follow","max-snippet":"max-snippet:-1","max-image-preview":"max-image-preview:large","max-video-preview":"max-video-preview:-1"},"canonical":"https:\/\/bokysee.com\/es\/products\/solar-panel-cctv-powered-video-surveillance-trail-hunting-camera\/","og_locale":"es_ES","og_type":"article","og_title":"Solar Panel CCTV Powered Video Surveillance Trail Hunting Camera","og_description":"Bokysee 4MP 4G Mini Solar PTZ Camera Camouflage Trail Hunting Network Camera With Color Night Vision Human Animal Detection","og_url":"https:\/\/bokysee.com\/es\/products\/solar-panel-cctv-powered-video-surveillance-trail-hunting-camera\/","og_site_name":"Bokysee Technology Co.,LTD","article_modified_time":"2025-01-22T08:12:45+00:00","og_image":[{"width":800,"height":800,"url":"https:\/\/bokysee.com\/wp-content\/uploads\/2025\/01\/BK-LXS33P-M4.jpg","type":"image\/jpeg"}],"twitter_card":"summary_large_image","twitter_misc":{"Tiempo de lectura":"4 minutos"},"schema":{"@context":"https:\/\/schema.org","@graph":[{"@type":"WebPage","@id":"https:\/\/bokysee.com\/products\/solar-panel-cctv-powered-video-surveillance-trail-hunting-camera\/","url":"https:\/\/bokysee.com\/products\/solar-panel-cctv-powered-video-surveillance-trail-hunting-camera\/","name":"Solar Panel CCTV Powered Video Surveillance Trail Hunting Camera - Bokysee Technology Co.,LTD","isPartOf":{"@id":"https:\/\/bokysee.com\/#website"},"primaryImageOfPage":{"@id":"https:\/\/bokysee.com\/products\/solar-panel-cctv-powered-video-surveillance-trail-hunting-camera\/#primaryimage"},"image":{"@id":"https:\/\/bokysee.com\/products\/solar-panel-cctv-powered-video-surveillance-trail-hunting-camera\/#primaryimage"},"thumbnailUrl":"https:\/\/bokysee.com\/wp-content\/uploads\/2025\/01\/BK-LXS33P-M4.jpg","datePublished":"2025-01-22T08:12:44+00:00","dateModified":"2025-01-22T08:12:45+00:00","description":"Bokysee 4MP 4G Mini Solar PTZ Camera Camouflage Trail Hunting Network Camera With Color Night Vision Human Animal Detection","breadcrumb":{"@id":"https:\/\/bokysee.com\/products\/solar-panel-cctv-powered-video-surveillance-trail-hunting-camera\/#breadcrumb"},"inLanguage":"es","potentialAction":[{"@type":"ReadAction","target":["https:\/\/bokysee.com\/products\/solar-panel-cctv-powered-video-surveillance-trail-hunting-camera\/"]}]},{"@type":"ImageObject","inLanguage":"es","@id":"https:\/\/bokysee.com\/products\/solar-panel-cctv-powered-video-surveillance-trail-hunting-camera\/#primaryimage","url":"https:\/\/bokysee.com\/wp-content\/uploads\/2025\/01\/BK-LXS33P-M4.jpg","contentUrl":"https:\/\/bokysee.com\/wp-content\/uploads\/2025\/01\/BK-LXS33P-M4.jpg","width":800,"height":800},{"@type":"BreadcrumbList","@id":"https:\/\/bokysee.com\/products\/solar-panel-cctv-powered-video-surveillance-trail-hunting-camera\/#breadcrumb","itemListElement":[{"@type":"ListItem","position":1,"name":"Home","item":"https:\/\/bokysee.com\/"},{"@type":"ListItem","position":2,"name":"Products","item":"https:\/\/bokysee.com\/products\/"},{"@type":"ListItem","position":3,"name":"Solar Panel CCTV Powered Video Surveillance Trail Hunting Camera"}]},{"@type":"WebSite","@id":"https:\/\/bokysee.com\/#website","url":"https:\/\/bokysee.com\/","name":"Bokysee Technology Co.,LTD","description":"Professional Smart Indoor and Outdoor Security Cameras Solution Supplier","potentialAction":[{"@type":"SearchAction","target":{"@type":"EntryPoint","urlTemplate":"https:\/\/bokysee.com\/?s={search_term_string}"},"query-input":{"@type":"PropertyValueSpecification","valueRequired":true,"valueName":"search_term_string"}}],"inLanguage":"es"}]}},"_links":{"self":[{"href":"https:\/\/bokysee.com\/es\/wp-json\/wp\/v2\/product\/13140","targetHints":{"allow":["GET"]}}],"collection":[{"href":"https:\/\/bokysee.com\/es\/wp-json\/wp\/v2\/product"}],"about":[{"href":"https:\/\/bokysee.com\/es\/wp-json\/wp\/v2\/types\/product"}],"version-history":[{"count":0,"href":"https:\/\/bokysee.com\/es\/wp-json\/wp\/v2\/product\/13140\/revisions"}],"wp:featuredmedia":[{"embeddable":true,"href":"https:\/\/bokysee.com\/es\/wp-json\/wp\/v2\/media\/13145"}],"wp:attachment":[{"href":"https:\/\/bokysee.com\/es\/wp-json\/wp\/v2\/media?parent=13140"}],"wp:term":[{"taxonomy":"product_brand","embeddable":true,"href":"https:\/\/bokysee.com\/es\/wp-json\/wp\/v2\/product_brand?post=13140"},{"taxonomy":"product_cat","embeddable":true,"href":"https:\/\/bokysee.com\/es\/wp-json\/wp\/v2\/product_cat?post=13140"},{"taxonomy":"product_tag","embeddable":true,"href":"https:\/\/bokysee.com\/es\/wp-json\/wp\/v2\/product_tag?post=13140"}],"curies":[{"name":"wp","href":"https:\/\/api.w.org\/{rel}","templated":true}]}}